{"id":3841021,"date":"2022-08-31T06:43:57","date_gmt":"2025-03-10T05:56:20","guid":{"rendered":"https:\/\/shop.diolosa.com\/product\/cang-er-zi-san\/"},"modified":"2025-04-24T20:23:13","modified_gmt":"2025-04-24T19:23:13","slug":"cang-er-zi-san","status":"publish","type":"product","link":"https:\/\/shop.diolosa.com\/pl\/product\/cang-er-zi-san\/","title":{"rendered":"Cang Er Zi San"},"content":{"rendered":"<p><strong>CANG ER ZI SAN &#8222;Fructus Xanthii Sibirici Powder<\/strong><strong>&#8222;<\/strong><\/p>\n<p><strong>Rozprasza wiatr i wilgo\u0107, \u0142agodzi b\u00f3l, udro\u017cnia nos<\/strong><\/p>\n<p> Zio\u0142owe granulki wed\u0142ug tradycyjnej medycyny chi\u0144skiej<\/p>\n<p>Suplement diety<\/p>\n<p>Producent: Apotheke Boznerplatz<\/p>\n<p>100% sprawdzone sk\u0142adniki wysokiej jako\u015bci<\/p>\n<p>&nbsp;<\/p>\n<p>&nbsp;<\/p>\n<p>&nbsp;<\/p>\n<p>&nbsp;<\/p>\n<p>&nbsp;<\/p>\n<p>&nbsp;<\/p>\n<p>&nbsp;<\/p>\n<p>&nbsp;<\/p>\n<p>&nbsp;<\/p>\n","protected":false},"excerpt":{"rendered":"<p>&nbsp;<\/p>\n<p>&nbsp;<\/p>\n<p>&nbsp;<\/p>\n<p>&nbsp;<\/p>\n<p>&nbsp;<\/p>\n<p>&nbsp;<\/p>\n<p>&nbsp;<\/p>\n<p>&nbsp;<\/p>\n<p>&nbsp;<\/p>\n<p>&nbsp;<\/p>\n","protected":false},"featured_media":3841022,"template":"","meta":{"_acf_changed":false},"product_brand":[],"product_cat":[12155],"product_tag":[12157,12156],"class_list":{"0":"post-3841021","1":"product","2":"type-product","3":"status-publish","4":"has-post-thumbnail","6":"product_cat-wzory-wzorcowe","7":"product_tag-niezyt-nosa","8":"product_tag-zapalenie-zatok","10":"first","11":"instock","12":"taxable","13":"shipping-taxable","14":"purchasable","15":"product-type-simple"},"acf":{"yn_product_audio":"https:\/\/shop.diolosa.com\/wp-content\/uploads\/2022\/10\/DL_CangErZisan.m4a","yn_product_video":"https:\/\/shop.diolosa.com\/wp-content\/uploads\/2025\/04\/Cang-Er-Zi-San.mp4","yn_product_akupunktur":"<p><strong>Wen Bing Xue (zaburzenia cieplne)<\/strong>: Bladder\/P\u0119cherz-13\u80ba\u4fde f\u00e8i sh\u016b, Bladder\/P\u0119cherz-12 \u98a8\u9580 f\u0113ng m\u00e9n, Lungs\/Lung-7 v\u5217\u7f3a li\u00e8 qu\u0113 , Large Intestine\/\/Colon-4 \u5408\u8c37 h\u00e9 g\u01d4, Large Intestine\/\/Colon-11 \u66f2\u6c60 q\u016b ch\u00ed<\/p>\n<p>Reduce\/Sedate <b>&#8211; Xie Fa<\/b><\/p>\n<p>EX-HN3 &#8211; \u5370\u5802 Yin Tang, Bladder\/Blase-2 \u6522\u7af9 cu\u00e1n zh\u00fa, Jelito grube\/\/ Large Intestine-20 \u8fce\u9999 y\u00edng xi\u0101ng, bitong, Du Mai -23 \u4e0a\u661f sh\u00e0ng x\u012bng &#8211; Gui Tang \u9b3c\u5802 &#8211; Ghost Hall &#8211; Du 23<\/p>\n<p>Reduce\/Sedate <b>&#8211; Xie Fa<\/b><\/p>\n<p><strong>Shao Yang and Yang Damp Phlegm Heat<\/strong>: P\u0119cherzyk \u017c\u00f3\u0142ciowy\/p\u0119cherzyk \u017c\u00f3\u0142ciowy-34 \u967d\u9675\u6cc9 y\u00e1ng l\u00edng qu\u00e1n, \u017bo\u0142\u0105dek\/\u017co\u0142\u0105dek-36 \u8db3\u4e09\u91cc z\u00fa s\u0101n l\u01d0, P\u0119cherzyk \u017c\u00f3\u0142ciowy\/p\u0119cherzyk \u017c\u00f3\u0142ciowy-43 \u4fe0\u8c3f xi\u00e1 x\u012b, \u017bo\u0142\u0105dek\/\u017co\u0142\u0105dek-44\u5185\u5eadv n\u00e8i t\u00edng. &#8211;<\/p>\n<p>Reduce\/Sedate <b>&#8211; Xie Fa<\/b><\/p>\n<p>\u00a0<\/p>\n","yn_product_verabreichungsart":"Peletki 200 szt.","yn_product_dosierung":"<p>Przyjmowa\u0107 3 x 3 do 6 tabletek dziennie, popijaj\u0105c wod\u0105.<\/p>\n<p>\u00a0<\/p>\n","yn_product_combinations":"<p>ZAPALENIE ZATOK (zapalenie zatok)<\/p>\n<p>\u00a0<\/p>\n","yn_product_avoidable":"<p>T\u0142uste i pikantne potrawy, sma\u017cone potrawy, wieprzowina, t\u0142uszcz wieprzowy, t\u0142uste ryby, takie jak \u0142oso\u015b, ostre przyprawy, takie jak pieprz, chili lub mieszanki ostrych przypraw. Nale\u017cy unika\u0107 alkoholu i mocnych koktajli. S\u0142odkie potrawy przygotowywane z alkoholem s\u0105 r\u00f3wnie\u017c zabronione, takie jak czekolada, mon cherie i tiramisu. Unikaj r\u00f3wnie\u017c jajek i produkt\u00f3w mlecznych, kt\u00f3re s\u0105 zbyt t\u0142uste i trudne do strawienia. Czosnek, cebula i pory s\u0105 zabronione.    <\/p>\n<p>\u00a0<\/p>\n","yn_product_tcm_mindmapping":"<p>Wen Bing Xue (choroby zwi\u0105zane z wysok\u0105 temperatur\u0105) i styl \u017cycia > Shao Yang &#8211; Yang Ming wilgo\u0107\/ciep\u0142o \u015bluzu<\/p>\n<p>\u00a0<\/p>\n","yn_product_tongue_body":"<p>Czerwony, D\u0142ugi<\/p>\n","yn_product_tongue_coating":"<p>Cienki, \u017c\u00f3\u0142ty, lepki<\/p>\n<p>\u00a0<\/p>\n<p><iframe class=\"ginger-extension-definitionpopup\" style=\"display: none;\"><\/iframe><\/p>\n","yn_product_pulse_diagnostics":"<p>Fu Mai &#8211; puls powierzchowny, Da Mai &#8211; puls szeroki, Hua Mai &#8211; puls szybuj\u0105cy &#8211; tocz\u0105cy si\u0119, Shi Mai &#8211; puls pe\u0142ny, Shuo Mai &#8211; puls szybki<\/p>\n<p>\u00a0<\/p>\n","yn_product_indications":"<p>Zapalenie zatok, nie\u017cyt nosa, obfita, ropna, cuchn\u0105ca wydzielina z nosa, niedro\u017cno\u015b\u0107 nosa<br \/>\nZawroty g\u0142owy, czo\u0142owy lub skroniowy b\u00f3l g\u0142owy, gor\u0105czka<\/p>\n<p>\u00a0<\/p>\n","yn_product_contra_indications":"<p>Wilgo\u0107, \u015bluz, przezi\u0119bienie<\/p>\n<p>\u00a0<\/p>\n","yn_product_pregnancy":"<p>Dozwolone<\/p>\n<p>\u00a0<\/p>\n","yn_product_herbs":"<p>\u00a0<\/p>\n<p>\u00a0<\/p>\n","yn_product_magisterrecipes":"<p>Cang Er Zi \u82cd\u8033\u5b50 (Fructus Xanthii) (27,3%)<\/p>\n<p>Xin Yi Hua \u8f9b\u5937 (Flos Magnoliae) (18,2%)<\/p>\n<p>Bai Zhi \u767d\u82b7 (Radix Angelicae Dahuricae). (36,4%)<\/p>\n<p>Bo He \u8584\u8377 (Herba Menthae) (18,1%)<\/p>\n<p>\u00a0<\/p>\n"},"yoast_head":"<!-- This site is optimized with the Yoast SEO plugin v24.9 - https:\/\/yoast.com\/wordpress\/plugins\/seo\/ -->\n<title>Cang Er Zi San - Claude Diolosa<\/title>\n<meta name=\"robots\" content=\"index, follow, max-snippet:-1, max-image-preview:large, max-video-preview:-1\" \/>\n<link rel=\"canonical\" href=\"https:\/\/shop.diolosa.com\/pl\/product\/cang-er-zi-san\/\" \/>\n<meta property=\"og:locale\" content=\"pl_PL\" \/>\n<meta property=\"og:type\" content=\"article\" \/>\n<meta property=\"og:title\" content=\"Cang Er Zi San - Claude Diolosa\" \/>\n<meta property=\"og:description\" content=\"&nbsp; &nbsp; &nbsp; &nbsp; &nbsp; &nbsp; &nbsp; &nbsp; &nbsp; &nbsp;\" \/>\n<meta property=\"og:url\" content=\"https:\/\/shop.diolosa.com\/pl\/product\/cang-er-zi-san\/\" \/>\n<meta property=\"og:site_name\" content=\"Claude Diolosa\" \/>\n<meta property=\"article:publisher\" content=\"https:\/\/facebook.com\/claudediolosa\" \/>\n<meta property=\"article:modified_time\" content=\"2025-04-24T19:23:13+00:00\" \/>\n<meta property=\"og:image\" content=\"https:\/\/shop.diolosa.com\/wp-content\/uploads\/2022\/08\/magisterformel.jpg\" \/>\n\t<meta property=\"og:image:width\" content=\"800\" \/>\n\t<meta property=\"og:image:height\" content=\"533\" \/>\n\t<meta property=\"og:image:type\" content=\"image\/jpeg\" \/>\n<meta name=\"twitter:card\" content=\"summary_large_image\" \/>\n<script type=\"application\/ld+json\" class=\"yoast-schema-graph\">{\"@context\":\"https:\/\/schema.org\",\"@graph\":[{\"@type\":\"WebPage\",\"@id\":\"https:\/\/shop.diolosa.com\/pl\/product\/cang-er-zi-san\/\",\"url\":\"https:\/\/shop.diolosa.com\/pl\/product\/cang-er-zi-san\/\",\"name\":\"Cang Er Zi San - Claude Diolosa\",\"isPartOf\":{\"@id\":\"https:\/\/shop.diolosa.com\/pl\/#website\"},\"primaryImageOfPage\":{\"@id\":\"https:\/\/shop.diolosa.com\/pl\/product\/cang-er-zi-san\/#primaryimage\"},\"image\":{\"@id\":\"https:\/\/shop.diolosa.com\/pl\/product\/cang-er-zi-san\/#primaryimage\"},\"thumbnailUrl\":\"https:\/\/shop.diolosa.com\/wp-content\/uploads\/2022\/08\/magisterformel.jpg\",\"datePublished\":\"2025-03-10T05:56:20+00:00\",\"dateModified\":\"2025-04-24T19:23:13+00:00\",\"breadcrumb\":{\"@id\":\"https:\/\/shop.diolosa.com\/pl\/product\/cang-er-zi-san\/#breadcrumb\"},\"inLanguage\":\"pl-PL\",\"potentialAction\":[{\"@type\":\"ReadAction\",\"target\":[\"https:\/\/shop.diolosa.com\/pl\/product\/cang-er-zi-san\/\"]}]},{\"@type\":\"ImageObject\",\"inLanguage\":\"pl-PL\",\"@id\":\"https:\/\/shop.diolosa.com\/pl\/product\/cang-er-zi-san\/#primaryimage\",\"url\":\"https:\/\/shop.diolosa.com\/wp-content\/uploads\/2022\/08\/magisterformel.jpg\",\"contentUrl\":\"https:\/\/shop.diolosa.com\/wp-content\/uploads\/2022\/08\/magisterformel.jpg\",\"width\":800,\"height\":533},{\"@type\":\"BreadcrumbList\",\"@id\":\"https:\/\/shop.diolosa.com\/pl\/product\/cang-er-zi-san\/#breadcrumb\",\"itemListElement\":[{\"@type\":\"ListItem\",\"position\":1,\"name\":\"Startseite\",\"item\":\"https:\/\/shop.diolosa.com\/pl\/?page_id=3835710\"},{\"@type\":\"ListItem\",\"position\":2,\"name\":\"Sklep\",\"item\":\"https:\/\/shop.diolosa.com\/pl\/?page_id=3835710\"},{\"@type\":\"ListItem\",\"position\":3,\"name\":\"Cang Er Zi San\"}]},{\"@type\":\"WebSite\",\"@id\":\"https:\/\/shop.diolosa.com\/pl\/#website\",\"url\":\"https:\/\/shop.diolosa.com\/pl\/\",\"name\":\"Claude Diolosa\",\"description\":\"\",\"publisher\":{\"@id\":\"https:\/\/shop.diolosa.com\/pl\/#organization\"},\"potentialAction\":[{\"@type\":\"SearchAction\",\"target\":{\"@type\":\"EntryPoint\",\"urlTemplate\":\"https:\/\/shop.diolosa.com\/pl\/?s={search_term_string}\"},\"query-input\":{\"@type\":\"PropertyValueSpecification\",\"valueRequired\":true,\"valueName\":\"search_term_string\"}}],\"inLanguage\":\"pl-PL\"},{\"@type\":\"Organization\",\"@id\":\"https:\/\/shop.diolosa.com\/pl\/#organization\",\"name\":\"Claude Diolosa\",\"url\":\"https:\/\/shop.diolosa.com\/pl\/\",\"logo\":{\"@type\":\"ImageObject\",\"inLanguage\":\"pl-PL\",\"@id\":\"https:\/\/shop.diolosa.com\/pl\/#\/schema\/logo\/image\/\",\"url\":\"https:\/\/shop.diolosa.com\/wp-content\/uploads\/2019\/08\/diolosa-drop-logo-new.png\",\"contentUrl\":\"https:\/\/shop.diolosa.com\/wp-content\/uploads\/2019\/08\/diolosa-drop-logo-new.png\",\"width\":134,\"height\":176,\"caption\":\"Claude Diolosa\"},\"image\":{\"@id\":\"https:\/\/shop.diolosa.com\/pl\/#\/schema\/logo\/image\/\"},\"sameAs\":[\"https:\/\/facebook.com\/claudediolosa\",\"https:\/\/www.instagram.com\/diolosaclaude108\/\"]}]}<\/script>\n<!-- \/ Yoast SEO plugin. -->","yoast_head_json":{"title":"Cang Er Zi San - Claude Diolosa","robots":{"index":"index","follow":"follow","max-snippet":"max-snippet:-1","max-image-preview":"max-image-preview:large","max-video-preview":"max-video-preview:-1"},"canonical":"https:\/\/shop.diolosa.com\/pl\/product\/cang-er-zi-san\/","og_locale":"pl_PL","og_type":"article","og_title":"Cang Er Zi San - Claude Diolosa","og_description":"&nbsp; &nbsp; &nbsp; &nbsp; &nbsp; &nbsp; &nbsp; &nbsp; &nbsp; &nbsp;","og_url":"https:\/\/shop.diolosa.com\/pl\/product\/cang-er-zi-san\/","og_site_name":"Claude Diolosa","article_publisher":"https:\/\/facebook.com\/claudediolosa","article_modified_time":"2025-04-24T19:23:13+00:00","og_image":[{"width":800,"height":533,"url":"https:\/\/shop.diolosa.com\/wp-content\/uploads\/2022\/08\/magisterformel.jpg","type":"image\/jpeg"}],"twitter_card":"summary_large_image","schema":{"@context":"https:\/\/schema.org","@graph":[{"@type":"WebPage","@id":"https:\/\/shop.diolosa.com\/pl\/product\/cang-er-zi-san\/","url":"https:\/\/shop.diolosa.com\/pl\/product\/cang-er-zi-san\/","name":"Cang Er Zi San - Claude Diolosa","isPartOf":{"@id":"https:\/\/shop.diolosa.com\/pl\/#website"},"primaryImageOfPage":{"@id":"https:\/\/shop.diolosa.com\/pl\/product\/cang-er-zi-san\/#primaryimage"},"image":{"@id":"https:\/\/shop.diolosa.com\/pl\/product\/cang-er-zi-san\/#primaryimage"},"thumbnailUrl":"https:\/\/shop.diolosa.com\/wp-content\/uploads\/2022\/08\/magisterformel.jpg","datePublished":"2025-03-10T05:56:20+00:00","dateModified":"2025-04-24T19:23:13+00:00","breadcrumb":{"@id":"https:\/\/shop.diolosa.com\/pl\/product\/cang-er-zi-san\/#breadcrumb"},"inLanguage":"pl-PL","potentialAction":[{"@type":"ReadAction","target":["https:\/\/shop.diolosa.com\/pl\/product\/cang-er-zi-san\/"]}]},{"@type":"ImageObject","inLanguage":"pl-PL","@id":"https:\/\/shop.diolosa.com\/pl\/product\/cang-er-zi-san\/#primaryimage","url":"https:\/\/shop.diolosa.com\/wp-content\/uploads\/2022\/08\/magisterformel.jpg","contentUrl":"https:\/\/shop.diolosa.com\/wp-content\/uploads\/2022\/08\/magisterformel.jpg","width":800,"height":533},{"@type":"BreadcrumbList","@id":"https:\/\/shop.diolosa.com\/pl\/product\/cang-er-zi-san\/#breadcrumb","itemListElement":[{"@type":"ListItem","position":1,"name":"Startseite","item":"https:\/\/shop.diolosa.com\/pl\/?page_id=3835710"},{"@type":"ListItem","position":2,"name":"Sklep","item":"https:\/\/shop.diolosa.com\/pl\/?page_id=3835710"},{"@type":"ListItem","position":3,"name":"Cang Er Zi San"}]},{"@type":"WebSite","@id":"https:\/\/shop.diolosa.com\/pl\/#website","url":"https:\/\/shop.diolosa.com\/pl\/","name":"Claude Diolosa","description":"","publisher":{"@id":"https:\/\/shop.diolosa.com\/pl\/#organization"},"potentialAction":[{"@type":"SearchAction","target":{"@type":"EntryPoint","urlTemplate":"https:\/\/shop.diolosa.com\/pl\/?s={search_term_string}"},"query-input":{"@type":"PropertyValueSpecification","valueRequired":true,"valueName":"search_term_string"}}],"inLanguage":"pl-PL"},{"@type":"Organization","@id":"https:\/\/shop.diolosa.com\/pl\/#organization","name":"Claude Diolosa","url":"https:\/\/shop.diolosa.com\/pl\/","logo":{"@type":"ImageObject","inLanguage":"pl-PL","@id":"https:\/\/shop.diolosa.com\/pl\/#\/schema\/logo\/image\/","url":"https:\/\/shop.diolosa.com\/wp-content\/uploads\/2019\/08\/diolosa-drop-logo-new.png","contentUrl":"https:\/\/shop.diolosa.com\/wp-content\/uploads\/2019\/08\/diolosa-drop-logo-new.png","width":134,"height":176,"caption":"Claude Diolosa"},"image":{"@id":"https:\/\/shop.diolosa.com\/pl\/#\/schema\/logo\/image\/"},"sameAs":["https:\/\/facebook.com\/claudediolosa","https:\/\/www.instagram.com\/diolosaclaude108\/"]}]}},"_links":{"self":[{"href":"https:\/\/shop.diolosa.com\/pl\/wp-json\/wp\/v2\/product\/3841021","targetHints":{"allow":["GET"]}}],"collection":[{"href":"https:\/\/shop.diolosa.com\/pl\/wp-json\/wp\/v2\/product"}],"about":[{"href":"https:\/\/shop.diolosa.com\/pl\/wp-json\/wp\/v2\/types\/product"}],"wp:featuredmedia":[{"embeddable":true,"href":"https:\/\/shop.diolosa.com\/pl\/wp-json\/wp\/v2\/media\/3841022"}],"wp:attachment":[{"href":"https:\/\/shop.diolosa.com\/pl\/wp-json\/wp\/v2\/media?parent=3841021"}],"wp:term":[{"taxonomy":"product_brand","embeddable":true,"href":"https:\/\/shop.diolosa.com\/pl\/wp-json\/wp\/v2\/product_brand?post=3841021"},{"taxonomy":"product_cat","embeddable":true,"href":"https:\/\/shop.diolosa.com\/pl\/wp-json\/wp\/v2\/product_cat?post=3841021"},{"taxonomy":"product_tag","embeddable":true,"href":"https:\/\/shop.diolosa.com\/pl\/wp-json\/wp\/v2\/product_tag?post=3841021"}],"curies":[{"name":"wp","href":"https:\/\/api.w.org\/{rel}","templated":true}]}}