{"id":3841027,"date":"2022-08-31T06:57:07","date_gmt":"2025-03-10T05:56:21","guid":{"rendered":"https:\/\/shop.diolosa.com\/product\/chai-hu-shu-gan-san\/"},"modified":"2025-04-24T20:23:15","modified_gmt":"2025-04-24T19:23:15","slug":"chai-hu-shu-gan-san","status":"publish","type":"product","link":"https:\/\/shop.diolosa.com\/pl\/product\/chai-hu-shu-gan-san\/","title":{"rendered":"Chai Hu Shu Gan San"},"content":{"rendered":"<p><strong>CHAI HU SHU GAN SAN &#8222;Wywar z Radix Bupleuri, kt\u00f3ry rozprowadza w\u0105trob\u0119&#8221;<\/strong><\/p>\n<p><strong>Reguluje i harmonizuje prac\u0119 w\u0105troby, \u017co\u0142\u0105dka i \u015bledziony.<\/strong><\/p>\n<p>&nbsp;<\/p>\n<p>&nbsp;<\/p>\n<p>Granulki zio\u0142owe wed\u0142ug tradycyjnej medycyny chi\u0144skiej<\/p>\n<p>Suplementy diety<\/p>\n<p>Producent: Apteka Boznerplatz<\/p>\n<p>W 100% sprawdzone sk\u0142adniki wysokiej jako\u015bci<\/p>\n<p>&nbsp;<\/p>\n<p>&nbsp;<\/p>\n<p>&nbsp;<\/p>\n<p>&nbsp;<\/p>\n<p>&nbsp;<\/p>\n","protected":false},"excerpt":{"rendered":"<p>&nbsp;<\/p>\n<p>&nbsp;<\/p>\n<p>&nbsp;<\/p>\n<p>&nbsp;<\/p>\n<p>&nbsp;<\/p>\n<p>&nbsp;<\/p>\n","protected":false},"featured_media":3841022,"template":"","meta":{"_acf_changed":false},"product_brand":[],"product_cat":[12155],"product_tag":[12166,12117],"class_list":{"0":"post-3841027","1":"product","2":"type-product","3":"status-publish","4":"has-post-thumbnail","6":"product_cat-wzory-wzorcowe","7":"product_tag-bolesne-miesiaczkowanie","8":"product_tag-mastopatia","10":"first","11":"instock","12":"taxable","13":"shipping-taxable","14":"purchasable","15":"product-type-simple"},"acf":{"yn_product_audio":"https:\/\/shop.diolosa.com\/wp-content\/uploads\/2022\/10\/DL_ChaiHUsugansan.m4a","yn_product_video":"https:\/\/shop.diolosa.com\/wp-content\/uploads\/2025\/04\/Chai-Hu-Su-Gan-San.mp4","yn_product_akupunktur":"<p><strong>Zast\u00f3j Qi w w\u0105trobie<\/strong> > W\u0105troba\/W\u0105troba-3 \u592a\u6c96 ta\u00ec ch\u014dng, W\u0105troba\/W\u0105troba-14 \u671f\u9580 q\u00ed m\u00e9n, W\u0105troba\/W\u0105troba-13 \u7ae0\u9580 zh\u0101ng m\u00e9n, Jelito grube\/okr\u0119\u017cnica-4 \u5408\u8c37 h\u00e9 g\u01d4<\/p>\n<p>Reduce\/Sedate <b>&#8211; Xie Fa<\/b><\/p>\n<p><strong>Przekrwienie qi p\u0119cherzyka<\/strong> \u017c\u00f3\u0142ciowego > P\u0119cherzyk \u017c\u00f3\u0142ciowy\/p\u0119cherzyk \u017c\u00f3\u0142ciowy-34 \u967d\u9675\u6cc9 y\u00e1ng l\u00edng qu\u00e1n, P\u0119cherzyk \u017c\u00f3\u0142ciowy\/p\u0119cherzyk \u017c\u00f3\u0142ciowy-40\u4e18\u589f qi\u016b x\u016b, P\u0119cherzyk \u017c\u00f3\u0142ciowy\/p\u0119cherzyk \u017c\u00f3\u0142ciowy-41 \u8db3\u81e8\u6ce3 z\u00fa l\u00edn q\u00ec (dai mai, shu)<\/p>\n<p>Reduce\/Sedate <b>&#8211; Xie Fa<\/b><\/p>\n<div><strong>\u017bo\u0142\u0105dek Qi, wilgo\u0107, zast\u00f3j flegmy<\/strong> > \u017bo\u0142\u0105dek\/Stomach-25 \u5929\u6a1e ti\u0101n sh\u016b, \u017bo\u0142\u0105dek\/Stomach-36 \u8db3\u4e09\u91cc z\u00fa s\u0101n l\u01d0, \u017bo\u0142\u0105dek\/Stomach-40 \u8c50\u9686 f\u0113ng l\u00f3ng .., \u017bo\u0142\u0105dek\/Magen-34\u6881\u4e18 li\u00e1ng q\u012bu.Reduce\/Sedate <b>&#8211; Xie<\/b> <b> Fa<\/b><\/p>\n<p><strong>Shen<\/strong> > EX-HN3 &#8211; \u5370\u5802 Yin Tang, EX-HN-1 &#8211; \u56db\u795e\u806a &#8211; si shen cong<\/p>\n<p>Reduce\/Sedate <b>&#8211; Xie Fa<\/b><\/p>\n<\/div>\n<p>\u00a0<\/p>\n","yn_product_verabreichungsart":"Peletki 200 szt.","yn_product_dosierung":"<p>Przyjmowa\u0107 3 x 3 do 6 tabletek dziennie, popijaj\u0105c wod\u0105.<\/p>\n<p>\u00a0<\/p>\n","yn_product_combinations":"<p>BRIGHT FUTURE (depresja), HAPPY DAYS (depresja), OPEN SPACE (zapalenie \u017co\u0142\u0105dka), LADY&#8217;S RELIEF (mastopatia), EASY FLOW HEAT, EASY FLOW COLD (bolesne miesi\u0105czkowanie)<\/p>\n<p>\u00a0<\/p>\n","yn_product_avoidable":"<p>Wszystkie pokarmy, kt\u00f3re wytwarzaj\u0105 wewn\u0119trzn\u0105 zimn\u0105 wilgo\u0107, s\u0105 zabronione podczas terapii. Konieczne jest spo\u017cywanie ciep\u0142ych napoj\u00f3w i jedzenia, kt\u00f3re zosta\u0142o ugotowane lub przygotowane z aromatycznymi przyprawami. Nie nale\u017cy r\u00f3wnie\u017c pi\u0107 podczas jedzenia, ale przed lub po posi\u0142kach i zawsze ciep\u0142e napoje.  <\/p>\n<p>Sa\u0142ata li\u015bciasta, endywia, cykoria, karczochy, kie\u0142ki fasoli, tofu, mleko sojowe, mleko ry\u017cowe, zielona herbata, czarna herbata, kawa, cappuccino, latte, cukier, produkty mleczne, mleko krowie, serek \u015bmietankowy, jogurt, owoce egzotyczne, Banan, mango, gruszka, jab\u0142ko, kompot owocowy, ciasto, herbatniki, czekolada, napoje z cukrem, Fanta, Coca Cola, \u017cywno\u015b\u0107 energetyzuj\u0105ca, napoje zimne i mro\u017cone, lody, \u017cywno\u015b\u0107 mro\u017cona, kuchenka mikrofalowa.<\/p>\n<p>\u00a0<\/p>\n","yn_product_tongue_body":"<p>Brzegi s\u0105 spuchni\u0119te, j\u0119zyk jest blady, wilgotny i opuchni\u0119ty<\/p>\n<p>\u00a0<\/p>\n","yn_product_tongue_coating":"<p>Bia\u0142y, wilgo\u0107<\/p>\n","yn_product_pulse_diagnostics":"<p>Xian Mai &#8211; puls przypominaj\u0105cy strun\u0119, Shi Mai &#8211; puls pe\u0142ni, Chi Mai &#8211; puls powolny<\/p>\n<p>\u00a0<\/p>\n","yn_product_indications":"<p>B\u00f3l hipochondryczny i wzd\u0119cia, b\u00f3l brzucha, naprzemienna gor\u0105czka i dreszcze, depresja, \u0142agodna pobudliwo\u015b\u0107, pe\u0142no\u015b\u0107 piersi (mastopatia), gorzki smak w ustach<br \/>\nwiercenie si\u0119, b\u00f3l i skurcze brzucha<br \/>\nwzd\u0119te piersi i b\u00f3l, dra\u017cliwo\u015b\u0107<br \/>\nbolesne miesi\u0105czkowanie, nieregularne miesi\u0105czki<br \/>\nbrak miesi\u0105czki<\/p>\n<p>\u00a0<\/p>\n","yn_product_contra_indications":"<p>Wilgo\u0107, \u015bluz Zimno<\/p>\n<p>\u00a0<\/p>\n","yn_product_pregnancy":"<p>Dozwolone<\/p>\n<p>\u00a0<\/p>\n","yn_product_herbs":"<p>\u00a0<\/p>\n<p>\u00a0<\/p>\n","yn_product_magisterrecipes":"<p>Chen Pi \u9648\u76ae (Pericarpium Citri Reticulatae)(19%)<\/p>\n<p>Chai Hu \u67f4\u80e1 (Radix Bupleurum) (19%)<\/p>\n<p>Chuan Xiong \u5ddd\u828e (Rhizoma Chuanxiong)<br \/>\n(14.3%)<\/p>\n<p>Zhi Ke\/Zhi Qiao \u67b3\u58f3 (Fructus Aurantii) (14,3%)<\/p>\n<p>Bai Shao Yao \u767d\u828d (Radix Paeoniae Alba) (14,3%)<\/p>\n<p>Zhi Gan Cao \u7518\u8349 (Radix Glycyrrhizae cum Liquido Fricta) (4,8%)<\/p>\n<p>Xiang Fu \u9999\u9644 (Rhizoma Cyperi) (14,3%)<\/p>\n<p>\u00a0<\/p>\n"},"yoast_head":"<!-- This site is optimized with the Yoast SEO plugin v24.9 - https:\/\/yoast.com\/wordpress\/plugins\/seo\/ -->\n<title>Chai Hu Shu Gan San - Claude Diolosa<\/title>\n<meta name=\"robots\" content=\"index, follow, max-snippet:-1, max-image-preview:large, max-video-preview:-1\" \/>\n<link rel=\"canonical\" href=\"https:\/\/shop.diolosa.com\/pl\/product\/chai-hu-shu-gan-san\/\" \/>\n<meta property=\"og:locale\" content=\"pl_PL\" \/>\n<meta property=\"og:type\" content=\"article\" \/>\n<meta property=\"og:title\" content=\"Chai Hu Shu Gan San - Claude Diolosa\" \/>\n<meta property=\"og:description\" content=\"&nbsp; &nbsp; &nbsp; &nbsp; &nbsp; &nbsp;\" \/>\n<meta property=\"og:url\" content=\"https:\/\/shop.diolosa.com\/pl\/product\/chai-hu-shu-gan-san\/\" \/>\n<meta property=\"og:site_name\" content=\"Claude Diolosa\" \/>\n<meta property=\"article:publisher\" content=\"https:\/\/facebook.com\/claudediolosa\" \/>\n<meta property=\"article:modified_time\" content=\"2025-04-24T19:23:15+00:00\" \/>\n<meta property=\"og:image\" content=\"https:\/\/shop.diolosa.com\/wp-content\/uploads\/2022\/08\/magisterformel.jpg\" \/>\n\t<meta property=\"og:image:width\" content=\"800\" \/>\n\t<meta property=\"og:image:height\" content=\"533\" \/>\n\t<meta property=\"og:image:type\" content=\"image\/jpeg\" \/>\n<meta name=\"twitter:card\" content=\"summary_large_image\" \/>\n<script type=\"application\/ld+json\" class=\"yoast-schema-graph\">{\"@context\":\"https:\/\/schema.org\",\"@graph\":[{\"@type\":\"WebPage\",\"@id\":\"https:\/\/shop.diolosa.com\/pl\/product\/chai-hu-shu-gan-san\/\",\"url\":\"https:\/\/shop.diolosa.com\/pl\/product\/chai-hu-shu-gan-san\/\",\"name\":\"Chai Hu Shu Gan San - Claude Diolosa\",\"isPartOf\":{\"@id\":\"https:\/\/shop.diolosa.com\/pl\/#website\"},\"primaryImageOfPage\":{\"@id\":\"https:\/\/shop.diolosa.com\/pl\/product\/chai-hu-shu-gan-san\/#primaryimage\"},\"image\":{\"@id\":\"https:\/\/shop.diolosa.com\/pl\/product\/chai-hu-shu-gan-san\/#primaryimage\"},\"thumbnailUrl\":\"https:\/\/shop.diolosa.com\/wp-content\/uploads\/2022\/08\/magisterformel.jpg\",\"datePublished\":\"2025-03-10T05:56:21+00:00\",\"dateModified\":\"2025-04-24T19:23:15+00:00\",\"breadcrumb\":{\"@id\":\"https:\/\/shop.diolosa.com\/pl\/product\/chai-hu-shu-gan-san\/#breadcrumb\"},\"inLanguage\":\"pl-PL\",\"potentialAction\":[{\"@type\":\"ReadAction\",\"target\":[\"https:\/\/shop.diolosa.com\/pl\/product\/chai-hu-shu-gan-san\/\"]}]},{\"@type\":\"ImageObject\",\"inLanguage\":\"pl-PL\",\"@id\":\"https:\/\/shop.diolosa.com\/pl\/product\/chai-hu-shu-gan-san\/#primaryimage\",\"url\":\"https:\/\/shop.diolosa.com\/wp-content\/uploads\/2022\/08\/magisterformel.jpg\",\"contentUrl\":\"https:\/\/shop.diolosa.com\/wp-content\/uploads\/2022\/08\/magisterformel.jpg\",\"width\":800,\"height\":533},{\"@type\":\"BreadcrumbList\",\"@id\":\"https:\/\/shop.diolosa.com\/pl\/product\/chai-hu-shu-gan-san\/#breadcrumb\",\"itemListElement\":[{\"@type\":\"ListItem\",\"position\":1,\"name\":\"Startseite\",\"item\":\"https:\/\/shop.diolosa.com\/pl\/?page_id=3835710\"},{\"@type\":\"ListItem\",\"position\":2,\"name\":\"Sklep\",\"item\":\"https:\/\/shop.diolosa.com\/pl\/?page_id=3835710\"},{\"@type\":\"ListItem\",\"position\":3,\"name\":\"Chai Hu Shu Gan San\"}]},{\"@type\":\"WebSite\",\"@id\":\"https:\/\/shop.diolosa.com\/pl\/#website\",\"url\":\"https:\/\/shop.diolosa.com\/pl\/\",\"name\":\"Claude Diolosa\",\"description\":\"\",\"publisher\":{\"@id\":\"https:\/\/shop.diolosa.com\/pl\/#organization\"},\"potentialAction\":[{\"@type\":\"SearchAction\",\"target\":{\"@type\":\"EntryPoint\",\"urlTemplate\":\"https:\/\/shop.diolosa.com\/pl\/?s={search_term_string}\"},\"query-input\":{\"@type\":\"PropertyValueSpecification\",\"valueRequired\":true,\"valueName\":\"search_term_string\"}}],\"inLanguage\":\"pl-PL\"},{\"@type\":\"Organization\",\"@id\":\"https:\/\/shop.diolosa.com\/pl\/#organization\",\"name\":\"Claude Diolosa\",\"url\":\"https:\/\/shop.diolosa.com\/pl\/\",\"logo\":{\"@type\":\"ImageObject\",\"inLanguage\":\"pl-PL\",\"@id\":\"https:\/\/shop.diolosa.com\/pl\/#\/schema\/logo\/image\/\",\"url\":\"https:\/\/shop.diolosa.com\/wp-content\/uploads\/2019\/08\/diolosa-drop-logo-new.png\",\"contentUrl\":\"https:\/\/shop.diolosa.com\/wp-content\/uploads\/2019\/08\/diolosa-drop-logo-new.png\",\"width\":134,\"height\":176,\"caption\":\"Claude Diolosa\"},\"image\":{\"@id\":\"https:\/\/shop.diolosa.com\/pl\/#\/schema\/logo\/image\/\"},\"sameAs\":[\"https:\/\/facebook.com\/claudediolosa\",\"https:\/\/www.instagram.com\/diolosaclaude108\/\"]}]}<\/script>\n<!-- \/ Yoast SEO plugin. -->","yoast_head_json":{"title":"Chai Hu Shu Gan San - Claude Diolosa","robots":{"index":"index","follow":"follow","max-snippet":"max-snippet:-1","max-image-preview":"max-image-preview:large","max-video-preview":"max-video-preview:-1"},"canonical":"https:\/\/shop.diolosa.com\/pl\/product\/chai-hu-shu-gan-san\/","og_locale":"pl_PL","og_type":"article","og_title":"Chai Hu Shu Gan San - Claude Diolosa","og_description":"&nbsp; &nbsp; &nbsp; &nbsp; &nbsp; &nbsp;","og_url":"https:\/\/shop.diolosa.com\/pl\/product\/chai-hu-shu-gan-san\/","og_site_name":"Claude Diolosa","article_publisher":"https:\/\/facebook.com\/claudediolosa","article_modified_time":"2025-04-24T19:23:15+00:00","og_image":[{"width":800,"height":533,"url":"https:\/\/shop.diolosa.com\/wp-content\/uploads\/2022\/08\/magisterformel.jpg","type":"image\/jpeg"}],"twitter_card":"summary_large_image","schema":{"@context":"https:\/\/schema.org","@graph":[{"@type":"WebPage","@id":"https:\/\/shop.diolosa.com\/pl\/product\/chai-hu-shu-gan-san\/","url":"https:\/\/shop.diolosa.com\/pl\/product\/chai-hu-shu-gan-san\/","name":"Chai Hu Shu Gan San - Claude Diolosa","isPartOf":{"@id":"https:\/\/shop.diolosa.com\/pl\/#website"},"primaryImageOfPage":{"@id":"https:\/\/shop.diolosa.com\/pl\/product\/chai-hu-shu-gan-san\/#primaryimage"},"image":{"@id":"https:\/\/shop.diolosa.com\/pl\/product\/chai-hu-shu-gan-san\/#primaryimage"},"thumbnailUrl":"https:\/\/shop.diolosa.com\/wp-content\/uploads\/2022\/08\/magisterformel.jpg","datePublished":"2025-03-10T05:56:21+00:00","dateModified":"2025-04-24T19:23:15+00:00","breadcrumb":{"@id":"https:\/\/shop.diolosa.com\/pl\/product\/chai-hu-shu-gan-san\/#breadcrumb"},"inLanguage":"pl-PL","potentialAction":[{"@type":"ReadAction","target":["https:\/\/shop.diolosa.com\/pl\/product\/chai-hu-shu-gan-san\/"]}]},{"@type":"ImageObject","inLanguage":"pl-PL","@id":"https:\/\/shop.diolosa.com\/pl\/product\/chai-hu-shu-gan-san\/#primaryimage","url":"https:\/\/shop.diolosa.com\/wp-content\/uploads\/2022\/08\/magisterformel.jpg","contentUrl":"https:\/\/shop.diolosa.com\/wp-content\/uploads\/2022\/08\/magisterformel.jpg","width":800,"height":533},{"@type":"BreadcrumbList","@id":"https:\/\/shop.diolosa.com\/pl\/product\/chai-hu-shu-gan-san\/#breadcrumb","itemListElement":[{"@type":"ListItem","position":1,"name":"Startseite","item":"https:\/\/shop.diolosa.com\/pl\/?page_id=3835710"},{"@type":"ListItem","position":2,"name":"Sklep","item":"https:\/\/shop.diolosa.com\/pl\/?page_id=3835710"},{"@type":"ListItem","position":3,"name":"Chai Hu Shu Gan San"}]},{"@type":"WebSite","@id":"https:\/\/shop.diolosa.com\/pl\/#website","url":"https:\/\/shop.diolosa.com\/pl\/","name":"Claude Diolosa","description":"","publisher":{"@id":"https:\/\/shop.diolosa.com\/pl\/#organization"},"potentialAction":[{"@type":"SearchAction","target":{"@type":"EntryPoint","urlTemplate":"https:\/\/shop.diolosa.com\/pl\/?s={search_term_string}"},"query-input":{"@type":"PropertyValueSpecification","valueRequired":true,"valueName":"search_term_string"}}],"inLanguage":"pl-PL"},{"@type":"Organization","@id":"https:\/\/shop.diolosa.com\/pl\/#organization","name":"Claude Diolosa","url":"https:\/\/shop.diolosa.com\/pl\/","logo":{"@type":"ImageObject","inLanguage":"pl-PL","@id":"https:\/\/shop.diolosa.com\/pl\/#\/schema\/logo\/image\/","url":"https:\/\/shop.diolosa.com\/wp-content\/uploads\/2019\/08\/diolosa-drop-logo-new.png","contentUrl":"https:\/\/shop.diolosa.com\/wp-content\/uploads\/2019\/08\/diolosa-drop-logo-new.png","width":134,"height":176,"caption":"Claude Diolosa"},"image":{"@id":"https:\/\/shop.diolosa.com\/pl\/#\/schema\/logo\/image\/"},"sameAs":["https:\/\/facebook.com\/claudediolosa","https:\/\/www.instagram.com\/diolosaclaude108\/"]}]}},"_links":{"self":[{"href":"https:\/\/shop.diolosa.com\/pl\/wp-json\/wp\/v2\/product\/3841027","targetHints":{"allow":["GET"]}}],"collection":[{"href":"https:\/\/shop.diolosa.com\/pl\/wp-json\/wp\/v2\/product"}],"about":[{"href":"https:\/\/shop.diolosa.com\/pl\/wp-json\/wp\/v2\/types\/product"}],"wp:featuredmedia":[{"embeddable":true,"href":"https:\/\/shop.diolosa.com\/pl\/wp-json\/wp\/v2\/media\/3841022"}],"wp:attachment":[{"href":"https:\/\/shop.diolosa.com\/pl\/wp-json\/wp\/v2\/media?parent=3841027"}],"wp:term":[{"taxonomy":"product_brand","embeddable":true,"href":"https:\/\/shop.diolosa.com\/pl\/wp-json\/wp\/v2\/product_brand?post=3841027"},{"taxonomy":"product_cat","embeddable":true,"href":"https:\/\/shop.diolosa.com\/pl\/wp-json\/wp\/v2\/product_cat?post=3841027"},{"taxonomy":"product_tag","embeddable":true,"href":"https:\/\/shop.diolosa.com\/pl\/wp-json\/wp\/v2\/product_tag?post=3841027"}],"curies":[{"name":"wp","href":"https:\/\/api.w.org\/{rel}","templated":true}]}}