{"id":3841030,"date":"2022-08-31T06:40:37","date_gmt":"2025-03-10T05:56:22","guid":{"rendered":"https:\/\/shop.diolosa.com\/product\/bao-he-wan\/"},"modified":"2025-05-31T08:10:51","modified_gmt":"2025-05-31T07:10:51","slug":"bao-he-wan","status":"publish","type":"product","link":"https:\/\/shop.diolosa.com\/pl\/product\/bao-he-wan\/","title":{"rendered":"Bao He Wan"},"content":{"rendered":"<p>Bao He Wan to tradycyjna chi\u0144ska formu\u0142a lecznicza sk\u0142adaj\u0105ca si\u0119 z siedmiu starannie dobranych sk\u0142adnik\u00f3w, z kt\u00f3rych g\u0142\u00f3wnym s\u0105 jagody g\u0142ogu (Shan Zha). Jagody te znane s\u0105 ze swoich pozytywnych w\u0142a\u015bciwo\u015bci na uk\u0142ad trawienny i s\u0105 szeroko stosowane w TCM. <\/p>\n<p>Formu\u0142a ta zosta\u0142a opracowana w 1481 r. n.e. i nale\u017cy do kategorii formu\u0142 zio\u0142owych maj\u0105cych na celu zmniejszenie gromadzenia si\u0119 pokarmu i przekszta\u0142cenie zastoju energii w organizmie. Jej g\u0142\u00f3wne dzia\u0142anie mo\u017cna podzieli\u0107 na dwa g\u0142\u00f3wne punkty: Po pierwsze, skutecznie zmniejsza zast\u00f3j pokarmu, co oznacza, \u017ce pomaga wyeliminowa\u0107 nadmiar jedzenia lub ci\u0119\u017ckostrawne pokarmy w \u017co\u0142\u0105dku. Po drugie, harmonizuje \u017co\u0142\u0105dek, a tym samym promuje zdrowe trawienie.  <\/p>\n<p>W tradycyjnej medycynie chi\u0144skiej uwa\u017ca si\u0119, \u017ce wiele schorze\u0144 mo\u017ce wynika\u0107 z \u201edysharmonii\u201d w organizmie. Te dysharmonie objawiaj\u0105 si\u0119 jako specyficzne \u201ewzorce\u201d, kt\u00f3re mog\u0105 wp\u0142ywa\u0107 na zdrowie. Rzeczywistym celem formu\u0142 zio\u0142owych, takich jak Bao He Wan, jest zwalczanie tych wzorc\u00f3w, a tym samym przywr\u00f3cenie wewn\u0119trznej harmonii organizmu.  <\/p>\n<p>W konkretnym przypadku Bao He Wan, praktycy TCM stosuj\u0105 t\u0119 formu\u0142\u0119 w szczeg\u00f3lno\u015bci do zwalczania wzorc\u00f3w takich jak zast\u00f3j pokarmu w \u017co\u0142\u0105dku. Z perspektywy medycyny zachodniej, takie wzorce mog\u0105 powodowa\u0107 r\u00f3\u017cne problemy zdrowotne, w tym stany takie jak zapalenie \u017co\u0142\u0105dka i jelit, przewlek\u0142e zapalenie \u017co\u0142\u0105dka lub zapalenie trzustki. Stosowanie tej tradycyjnej formu\u0142y mo\u017ce zatem nie tylko poprawi\u0107 samopoczucie, ale tak\u017ce mie\u0107 dzia\u0142anie zapobiegawcze przeciwko powa\u017cnym chorobom.  <\/p>\n<p><strong>&nbsp;<\/strong><\/p>\n<p><strong>&nbsp;<\/strong><\/p>\n<p><strong>&nbsp;<\/strong><\/p>\n<p><strong>&nbsp;<\/strong><\/p>\n<p><strong>&nbsp;<\/strong><\/p>\n<p><strong>&nbsp;<\/strong><\/p>\n","protected":false},"excerpt":{"rendered":"<p>&nbsp;<\/p>\n<p>&nbsp;<\/p>\n<p>&nbsp;<\/p>\n<p>&nbsp;<\/p>\n<p>&nbsp;<\/p>\n<p>&nbsp;<\/p>\n<p>&nbsp;<\/p>\n","protected":false},"featured_media":3841022,"template":"","meta":{"_acf_changed":false},"product_brand":[],"product_cat":[12155],"product_tag":[12174],"class_list":{"0":"post-3841030","1":"product","2":"type-product","3":"status-publish","4":"has-post-thumbnail","6":"product_cat-wzory-wzorcowe","7":"product_tag-stagnacja-zywnosci","9":"first","10":"instock","11":"taxable","12":"shipping-taxable","13":"purchasable","14":"product-type-simple"},"acf":{"yn_product_audio":"https:\/\/shop.diolosa.com\/wp-content\/uploads\/2022\/10\/DL_baoHewan.m4a","yn_product_video":"https:\/\/shop.diolosa.com\/wp-content\/uploads\/2025\/04\/Bao-He-Wan.mp4","yn_product_akupunktur":"<p>Stomach\/Magen-36 \u8db3\u4e09\u91cc z\u00fa s\u0101n l\u01d0, Pericard\/\/Circulation-6 \u5167\u95dc n\u00e8i gu\u0101n, Stomach\/Magen-25 \u5929\u6a1e ti\u0101n sh\u016b<br \/>\nRen-12 \u4e2d\u8118 zh\u014dng w\u01cen [lub zh\u014dng gu\u01cen].<br \/>\nStomach\/Magen -37 \u4e0a\u5de8\u865b sh\u00e0ng j\u00f9 x\u016b.<\/p>\n<p>Reduce\/Sedate <b>&#8211; Xie Fa<\/b><\/p>\n<p>\u00a0<\/p>\n<p>\u00a0<\/p>\n","yn_product_verabreichungsart":"Peletki 200 szt.","yn_product_dosierung":"<p>Przyjmowa\u0107 3 x 3 &#8211; 6 tabletek dziennie, popijaj\u0105c wod\u0105.<\/p>\n<p>\u00a0<\/p>\n","yn_product_combinations":"<p>SZYBKIE I POWOLNE RUCHY BRZUCHA (zast\u00f3j pokarmu)<\/p>\n<p>\u00a0<\/p>\n","yn_product_tongue_body":"<p>Normalny<\/p>\n<p>\u00a0<\/p>\n","yn_product_tongue_coating":"<p>Bia\u0142y, \u017c\u00f3\u0142tawy, g\u0119sty, wilgotny, lepki<\/p>\n<p>\u00a0<\/p>\n","yn_product_pulse_diagnostics":"<p><strong>Pozycja \u017co\u0142\u0105dka:<\/strong> Hua Mai &#8211; puls \u015blizgowy, Shuo Mai &#8211; puls szybki, Shi Mai &#8211; puls pe\u0142ny.<\/p>\n<p>\u00a0<\/p>\n","yn_product_indications":"<p>Zast\u00f3j pokarmu, uczucie pe\u0142no\u015bci, refluks, b\u00f3l brzucha, nudno\u015bci, wymioty<\/p>\n<p>\u00a0<\/p>\n","yn_product_contra_indications":"<p>Niedob\u00f3r Qi i Yang \u015bledziony<\/p>\n<p>\u00a0<\/p>\n","yn_product_pregnancy":"<p>Dozwolone<\/p>\n<p>\u00a0<\/p>\n","yn_product_magisterrecipes":"<p>Shan Zha \u5c71\u6942 (Fructus Crataegu) (20%)<\/p>\n<p>Shen Qu \u795e\u66f2 (Medicated Leaven) (16%)<\/p>\n<p>Lai Fu Zi \u83b1\u83d4 (Radix Raphani)(12%)<\/p>\n<p>Chen Pi \u9648\u76ae (Pericarpium Citri Reticulatae) (12%)<\/p>\n<p>Bai Fu Ling \u832f\u82d3 (Poria Alba) (16%)<\/p>\n<p>Lian Qiao \u8fde\u7fd8 \u9023\u7ff9 (Fructus Forsythiae) (8%)<\/p>\n<p>Qu Ban Xia (Pinellia Ternata Rhizoma Praep)<span class=\"Apple-converted-space\"> <\/span><\/p>\n<p> (16%)<\/p>\n<p>\u00a0<\/p>\n"},"yoast_head":"<!-- This site is optimized with the Yoast SEO plugin v24.9 - https:\/\/yoast.com\/wordpress\/plugins\/seo\/ -->\n<title>Bao He Wan - Claude Diolosa<\/title>\n<meta name=\"robots\" content=\"index, follow, max-snippet:-1, max-image-preview:large, max-video-preview:-1\" \/>\n<link rel=\"canonical\" href=\"https:\/\/shop.diolosa.com\/pl\/product\/bao-he-wan\/\" \/>\n<meta property=\"og:locale\" content=\"pl_PL\" \/>\n<meta property=\"og:type\" content=\"article\" \/>\n<meta property=\"og:title\" content=\"Bao He Wan - Claude Diolosa\" \/>\n<meta property=\"og:description\" content=\"&nbsp; &nbsp; &nbsp; &nbsp; &nbsp; &nbsp; &nbsp;\" \/>\n<meta property=\"og:url\" content=\"https:\/\/shop.diolosa.com\/pl\/product\/bao-he-wan\/\" \/>\n<meta property=\"og:site_name\" content=\"Claude Diolosa\" \/>\n<meta property=\"article:publisher\" content=\"https:\/\/facebook.com\/claudediolosa\" \/>\n<meta property=\"article:modified_time\" content=\"2025-05-31T07:10:51+00:00\" \/>\n<meta property=\"og:image\" content=\"https:\/\/shop.diolosa.com\/wp-content\/uploads\/2022\/08\/magisterformel.jpg\" \/>\n\t<meta property=\"og:image:width\" content=\"800\" \/>\n\t<meta property=\"og:image:height\" content=\"533\" \/>\n\t<meta property=\"og:image:type\" content=\"image\/jpeg\" \/>\n<meta name=\"twitter:card\" content=\"summary_large_image\" \/>\n<meta name=\"twitter:label1\" content=\"Szacowany czas czytania\" \/>\n\t<meta name=\"twitter:data1\" content=\"1 minuta\" \/>\n<script type=\"application\/ld+json\" class=\"yoast-schema-graph\">{\"@context\":\"https:\/\/schema.org\",\"@graph\":[{\"@type\":\"WebPage\",\"@id\":\"https:\/\/shop.diolosa.com\/pl\/product\/bao-he-wan\/\",\"url\":\"https:\/\/shop.diolosa.com\/pl\/product\/bao-he-wan\/\",\"name\":\"Bao He Wan - Claude Diolosa\",\"isPartOf\":{\"@id\":\"https:\/\/shop.diolosa.com\/pl\/#website\"},\"primaryImageOfPage\":{\"@id\":\"https:\/\/shop.diolosa.com\/pl\/product\/bao-he-wan\/#primaryimage\"},\"image\":{\"@id\":\"https:\/\/shop.diolosa.com\/pl\/product\/bao-he-wan\/#primaryimage\"},\"thumbnailUrl\":\"https:\/\/shop.diolosa.com\/wp-content\/uploads\/2022\/08\/magisterformel.jpg\",\"datePublished\":\"2025-03-10T05:56:22+00:00\",\"dateModified\":\"2025-05-31T07:10:51+00:00\",\"breadcrumb\":{\"@id\":\"https:\/\/shop.diolosa.com\/pl\/product\/bao-he-wan\/#breadcrumb\"},\"inLanguage\":\"pl-PL\",\"potentialAction\":[{\"@type\":\"ReadAction\",\"target\":[\"https:\/\/shop.diolosa.com\/pl\/product\/bao-he-wan\/\"]}]},{\"@type\":\"ImageObject\",\"inLanguage\":\"pl-PL\",\"@id\":\"https:\/\/shop.diolosa.com\/pl\/product\/bao-he-wan\/#primaryimage\",\"url\":\"https:\/\/shop.diolosa.com\/wp-content\/uploads\/2022\/08\/magisterformel.jpg\",\"contentUrl\":\"https:\/\/shop.diolosa.com\/wp-content\/uploads\/2022\/08\/magisterformel.jpg\",\"width\":800,\"height\":533},{\"@type\":\"BreadcrumbList\",\"@id\":\"https:\/\/shop.diolosa.com\/pl\/product\/bao-he-wan\/#breadcrumb\",\"itemListElement\":[{\"@type\":\"ListItem\",\"position\":1,\"name\":\"Startseite\",\"item\":\"https:\/\/shop.diolosa.com\/pl\/?page_id=3835710\"},{\"@type\":\"ListItem\",\"position\":2,\"name\":\"Sklep\",\"item\":\"https:\/\/shop.diolosa.com\/pl\/?page_id=3835710\"},{\"@type\":\"ListItem\",\"position\":3,\"name\":\"Bao He Wan\"}]},{\"@type\":\"WebSite\",\"@id\":\"https:\/\/shop.diolosa.com\/pl\/#website\",\"url\":\"https:\/\/shop.diolosa.com\/pl\/\",\"name\":\"Claude Diolosa\",\"description\":\"\",\"publisher\":{\"@id\":\"https:\/\/shop.diolosa.com\/pl\/#organization\"},\"potentialAction\":[{\"@type\":\"SearchAction\",\"target\":{\"@type\":\"EntryPoint\",\"urlTemplate\":\"https:\/\/shop.diolosa.com\/pl\/?s={search_term_string}\"},\"query-input\":{\"@type\":\"PropertyValueSpecification\",\"valueRequired\":true,\"valueName\":\"search_term_string\"}}],\"inLanguage\":\"pl-PL\"},{\"@type\":\"Organization\",\"@id\":\"https:\/\/shop.diolosa.com\/pl\/#organization\",\"name\":\"Claude Diolosa\",\"url\":\"https:\/\/shop.diolosa.com\/pl\/\",\"logo\":{\"@type\":\"ImageObject\",\"inLanguage\":\"pl-PL\",\"@id\":\"https:\/\/shop.diolosa.com\/pl\/#\/schema\/logo\/image\/\",\"url\":\"https:\/\/shop.diolosa.com\/wp-content\/uploads\/2019\/08\/diolosa-drop-logo-new.png\",\"contentUrl\":\"https:\/\/shop.diolosa.com\/wp-content\/uploads\/2019\/08\/diolosa-drop-logo-new.png\",\"width\":134,\"height\":176,\"caption\":\"Claude Diolosa\"},\"image\":{\"@id\":\"https:\/\/shop.diolosa.com\/pl\/#\/schema\/logo\/image\/\"},\"sameAs\":[\"https:\/\/facebook.com\/claudediolosa\",\"https:\/\/www.instagram.com\/diolosaclaude108\/\"]}]}<\/script>\n<!-- \/ Yoast SEO plugin. -->","yoast_head_json":{"title":"Bao He Wan - Claude Diolosa","robots":{"index":"index","follow":"follow","max-snippet":"max-snippet:-1","max-image-preview":"max-image-preview:large","max-video-preview":"max-video-preview:-1"},"canonical":"https:\/\/shop.diolosa.com\/pl\/product\/bao-he-wan\/","og_locale":"pl_PL","og_type":"article","og_title":"Bao He Wan - Claude Diolosa","og_description":"&nbsp; &nbsp; &nbsp; &nbsp; &nbsp; &nbsp; &nbsp;","og_url":"https:\/\/shop.diolosa.com\/pl\/product\/bao-he-wan\/","og_site_name":"Claude Diolosa","article_publisher":"https:\/\/facebook.com\/claudediolosa","article_modified_time":"2025-05-31T07:10:51+00:00","og_image":[{"width":800,"height":533,"url":"https:\/\/shop.diolosa.com\/wp-content\/uploads\/2022\/08\/magisterformel.jpg","type":"image\/jpeg"}],"twitter_card":"summary_large_image","twitter_misc":{"Szacowany czas czytania":"1 minuta"},"schema":{"@context":"https:\/\/schema.org","@graph":[{"@type":"WebPage","@id":"https:\/\/shop.diolosa.com\/pl\/product\/bao-he-wan\/","url":"https:\/\/shop.diolosa.com\/pl\/product\/bao-he-wan\/","name":"Bao He Wan - Claude Diolosa","isPartOf":{"@id":"https:\/\/shop.diolosa.com\/pl\/#website"},"primaryImageOfPage":{"@id":"https:\/\/shop.diolosa.com\/pl\/product\/bao-he-wan\/#primaryimage"},"image":{"@id":"https:\/\/shop.diolosa.com\/pl\/product\/bao-he-wan\/#primaryimage"},"thumbnailUrl":"https:\/\/shop.diolosa.com\/wp-content\/uploads\/2022\/08\/magisterformel.jpg","datePublished":"2025-03-10T05:56:22+00:00","dateModified":"2025-05-31T07:10:51+00:00","breadcrumb":{"@id":"https:\/\/shop.diolosa.com\/pl\/product\/bao-he-wan\/#breadcrumb"},"inLanguage":"pl-PL","potentialAction":[{"@type":"ReadAction","target":["https:\/\/shop.diolosa.com\/pl\/product\/bao-he-wan\/"]}]},{"@type":"ImageObject","inLanguage":"pl-PL","@id":"https:\/\/shop.diolosa.com\/pl\/product\/bao-he-wan\/#primaryimage","url":"https:\/\/shop.diolosa.com\/wp-content\/uploads\/2022\/08\/magisterformel.jpg","contentUrl":"https:\/\/shop.diolosa.com\/wp-content\/uploads\/2022\/08\/magisterformel.jpg","width":800,"height":533},{"@type":"BreadcrumbList","@id":"https:\/\/shop.diolosa.com\/pl\/product\/bao-he-wan\/#breadcrumb","itemListElement":[{"@type":"ListItem","position":1,"name":"Startseite","item":"https:\/\/shop.diolosa.com\/pl\/?page_id=3835710"},{"@type":"ListItem","position":2,"name":"Sklep","item":"https:\/\/shop.diolosa.com\/pl\/?page_id=3835710"},{"@type":"ListItem","position":3,"name":"Bao He Wan"}]},{"@type":"WebSite","@id":"https:\/\/shop.diolosa.com\/pl\/#website","url":"https:\/\/shop.diolosa.com\/pl\/","name":"Claude Diolosa","description":"","publisher":{"@id":"https:\/\/shop.diolosa.com\/pl\/#organization"},"potentialAction":[{"@type":"SearchAction","target":{"@type":"EntryPoint","urlTemplate":"https:\/\/shop.diolosa.com\/pl\/?s={search_term_string}"},"query-input":{"@type":"PropertyValueSpecification","valueRequired":true,"valueName":"search_term_string"}}],"inLanguage":"pl-PL"},{"@type":"Organization","@id":"https:\/\/shop.diolosa.com\/pl\/#organization","name":"Claude Diolosa","url":"https:\/\/shop.diolosa.com\/pl\/","logo":{"@type":"ImageObject","inLanguage":"pl-PL","@id":"https:\/\/shop.diolosa.com\/pl\/#\/schema\/logo\/image\/","url":"https:\/\/shop.diolosa.com\/wp-content\/uploads\/2019\/08\/diolosa-drop-logo-new.png","contentUrl":"https:\/\/shop.diolosa.com\/wp-content\/uploads\/2019\/08\/diolosa-drop-logo-new.png","width":134,"height":176,"caption":"Claude Diolosa"},"image":{"@id":"https:\/\/shop.diolosa.com\/pl\/#\/schema\/logo\/image\/"},"sameAs":["https:\/\/facebook.com\/claudediolosa","https:\/\/www.instagram.com\/diolosaclaude108\/"]}]}},"_links":{"self":[{"href":"https:\/\/shop.diolosa.com\/pl\/wp-json\/wp\/v2\/product\/3841030","targetHints":{"allow":["GET"]}}],"collection":[{"href":"https:\/\/shop.diolosa.com\/pl\/wp-json\/wp\/v2\/product"}],"about":[{"href":"https:\/\/shop.diolosa.com\/pl\/wp-json\/wp\/v2\/types\/product"}],"wp:featuredmedia":[{"embeddable":true,"href":"https:\/\/shop.diolosa.com\/pl\/wp-json\/wp\/v2\/media\/3841022"}],"wp:attachment":[{"href":"https:\/\/shop.diolosa.com\/pl\/wp-json\/wp\/v2\/media?parent=3841030"}],"wp:term":[{"taxonomy":"product_brand","embeddable":true,"href":"https:\/\/shop.diolosa.com\/pl\/wp-json\/wp\/v2\/product_brand?post=3841030"},{"taxonomy":"product_cat","embeddable":true,"href":"https:\/\/shop.diolosa.com\/pl\/wp-json\/wp\/v2\/product_cat?post=3841030"},{"taxonomy":"product_tag","embeddable":true,"href":"https:\/\/shop.diolosa.com\/pl\/wp-json\/wp\/v2\/product_tag?post=3841030"}],"curies":[{"name":"wp","href":"https:\/\/api.w.org\/{rel}","templated":true}]}}