{"id":3841036,"date":"2022-08-31T06:39:05","date_gmt":"2025-03-10T05:56:25","guid":{"rendered":"https:\/\/shop.diolosa.com\/product\/bai-he-gu-jin-tang\/"},"modified":"2025-05-31T17:30:13","modified_gmt":"2025-05-31T16:30:13","slug":"bai-he-gu-jin-tang","status":"publish","type":"product","link":"https:\/\/shop.diolosa.com\/pl\/product\/bai-he-gu-jin-tang\/","title":{"rendered":"Bai He Gu Jin Tang"},"content":{"rendered":"<p>Bai He Gu Jin Tang to wa\u017cna chi\u0144ska formu\u0142a lecznicza sk\u0142adaj\u0105ca si\u0119 w sumie z 10 starannie dobranych sk\u0142adnik\u00f3w. G\u0142\u00f3wnymi sk\u0142adnikami tej formu\u0142y s\u0105 cebulki lilii (Bai He), oczyszczona rehmannia (Shu Di Huang) i nieoczyszczona rehmannia (Di Huang). Sk\u0142adniki te odgrywaj\u0105 kluczow\u0105 rol\u0119 w skuteczno\u015bci formu\u0142y i znacz\u0105co przyczyniaj\u0105 si\u0119 do jej w\u0142a\u015bciwo\u015bci terapeutycznych.  <\/p>\n<p>Pocz\u0105tki tej specjalnej formu\u0142y si\u0119gaj\u0105 1573 r. n.e., co podkre\u015bla jej d\u0142ug\u0105 tradycj\u0119 i zastosowanie w tradycyjnej medycynie chi\u0144skiej. Bai He Gu Jin Tang nale\u017cy do kategorii preparat\u00f3w, kt\u00f3re maj\u0105 na celu od\u017cywienie i tonizacj\u0119 Yin w organizmie. Jego g\u0142\u00f3wne dzia\u0142anie mo\u017cna podzieli\u0107 na dwa g\u0142\u00f3wne punkty: Po pierwsze, od\u017cywia uk\u0142ad p\u0142ucny, a tak\u017ce yin nerek, a po drugie, dzia\u0142a nawil\u017caj\u0105co na p\u0142uca.  <\/p>\n<p>W tradycyjnej medycynie chi\u0144skiej uwa\u017ca si\u0119, \u017ce wiele schorze\u0144 mo\u017ce by\u0107 spowodowanych tak zwanymi \u201edysharmoniami\u201d w organizmie. Te dysharmonie s\u0105 okre\u015blane jako specyficzne \u201ewzorce\u201d, kt\u00f3rych identyfikacja ma ogromne znaczenie dla leczenia. Prawdziwym celem formu\u0142 zio\u0142owych, takich jak Bai He Gu Jin Tang, jest ukierunkowanie na te wzorce, a tym samym przywr\u00f3cenie naturalnej harmonii organizmu.  <\/p>\n<p>W tym konkretnym przypadku Bai He Gu Jin Tang jest stosowany przez praktyk\u00f3w TCM do zwalczania r\u00f3\u017cnych wzorc\u00f3w zdrowotnych. Obejmuj\u0105 one na przyk\u0142ad brak p\u0142yn\u00f3w w organizmie lub sucho\u015b\u0107 p\u0142uc, a tak\u017ce brak zespo\u0142u p\u0142ucnego yin. Z perspektywy medycyny zachodniej takie wzorce mog\u0105 by\u0107 zwi\u0105zane z r\u00f3\u017cnymi objawami lub chorobami, w tym brakiem cykli menstruacyjnych u kobiet i chorobami przewlek\u0142ymi, takimi jak zapalenie oskrzeli lub zapalenie gard\u0142a, kt\u00f3re mog\u0105 by\u0107 spowodowane stanem zapalnym.<\/p>\n","protected":false},"excerpt":{"rendered":"<p>&nbsp;<\/p>\n<p>&nbsp;<\/p>\n<p>&nbsp;<\/p>\n<p>&nbsp;<\/p>\n<p>&nbsp;<\/p>\n<p>&nbsp;<\/p>\n<p>&nbsp;<\/p>\n","protected":false},"featured_media":3841022,"template":"","meta":{"_acf_changed":false},"product_brand":[],"product_cat":[12155],"product_tag":[12184,12186],"class_list":{"0":"post-3841036","1":"product","2":"type-product","3":"status-publish","4":"has-post-thumbnail","6":"product_cat-wzory-wzorcowe","7":"product_tag-astma-oskrzelowa","8":"product_tag-suchy-kaszel","10":"first","11":"instock","12":"taxable","13":"shipping-taxable","14":"purchasable","15":"product-type-simple"},"acf":{"yn_product_audio":"https:\/\/shop.diolosa.com\/wp-content\/uploads\/2022\/10\/DL-BaiHegujintang.m4a","yn_product_video":"https:\/\/shop.diolosa.com\/wp-content\/uploads\/2025\/04\/Bai-He-Gu-Jin-Tang-.mp4","yn_product_akupunktur":"<p><strong>Niedob\u00f3r Qi p\u0142uc<\/strong> > Bladder-13\u80ba\u4fde f\u00e8i sh\u016b. > <strong>Niedob\u00f3r Lung Yin<\/strong> > Lungs\/Lung-5 \u5c3a\u6fa4 ch\u01d0 z\u00e9 ., Lungs\/Lung-9 \u592a\u6df5 t\u00e0i yu\u0101n, Spleen\/Spleen-6 \u4e09\u9670\u4ea4 s\u0101n y\u012bn ji\u0101o Wzmocnienie\/Tonifikacja<b> &#8211; Bu Fa<span class=\"Apple-converted-space\"> <\/span><\/b> ><strong>  P\u0142uca Puste ciep\u0142o<\/strong> >  P\u0142uca-10 \u9b5a\u969b y\u00fa j\u00ecReduce\/Sedate  <b>&#8211; Xie Fa > Zast\u00f3j Qi w p\u0142ucach  > <\/b>Osierdzie\/\/kr\u0105\u017cenie-6 \u5167\u95dc n\u00e8i gu\u0101n. P\u0119cherzyk \u017c\u00f3\u0142ciowy\/21 \u80a9\u4e95 j\u012ban j\u01d0ng, Ren-17 \u81bb\u4e2d sh\u0101n zh\u014dng &#8211; Zmniejsz\/usu\u0144  <b>&#8211; Xie Fa > Zatory krwi w p\u0142ucach  > <\/b>P\u0142uca\/Lunge-6 \u5b54\u6700 k\u01d2ng zu\u00ec &#8211; Zmniejsza\u0107\/Sedowa\u0107  <b>&#8211; Xie Fa  <\/b>>  Niedob\u00f3r Yin w nerkach  >  Nerki-7 \u5fa9\u6e9c f\u00f9 li\u016b, Nerki-3 \u592a\u8c3f ta\u00ec x\u012b, Nerki-6 \u7167\u6d77 zh\u00e0o h\u01cei (yin qiao mai) Wzmocnienie\/tonowanie<b>  &#8211; Bu Fa<span class=\"Apple-converted-space\"> Shen <\/span>:  <\/b>EX-HN3 &#8211; \u5370\u5802 Yin Tang<\/p>\n<p>\u00a0<\/p>\n","yn_product_verabreichungsart":"Peletki 200 szt.","yn_product_dosierung":"<p>Przyjmowa\u0107 3 x 3 &#8211; 6 tabletek dziennie, popijaj\u0105c wod\u0105.<\/p>\n<p>\u00a0<\/p>\n","yn_product_combinations":"<p>DEW DROPS (przewlek\u0142e zapalenie oskrzeli), DRY TIGER SIRUP (suchy kaszel), GENTLE BREATH (astma)<\/p>\n<p>\u00a0<\/p>\n","yn_product_avoidable":"<p>T\u0142uste i pikantne potrawy, sma\u017cone potrawy, wieprzowina, t\u0142uszcz wieprzowy, t\u0142uste ryby, takie jak \u0142oso\u015b, ostre przyprawy, takie jak pieprz, chili lub mieszanki ostrych przypraw. Nale\u017cy unika\u0107 alkoholu i mocnych koktajli. S\u0142odkie potrawy przygotowywane z alkoholem s\u0105 r\u00f3wnie\u017c zabronione, takie jak czekolada, mon cherie i tiramisu. Unikaj r\u00f3wnie\u017c jajek i produkt\u00f3w mlecznych, kt\u00f3re s\u0105 zbyt t\u0142uste i trudne do strawienia. Czosnek, cebula i pory s\u0105 zabronione.    <\/p>\n<p>\u00a0<\/p>\n","yn_product_tcm_mindmapping":"<p>Wen Bing Xue (choroby cieplne) > Niedob\u00f3r Yin w p\u0142ucach > Puste ciep\u0142o w p\u0142ucach > Zast\u00f3j Qi w p\u0142ucach > Ciep\u0142o krwi<\/p>\n<p>\u00a0<\/p>\n","yn_product_tongue_body":"<p>Cienkie, w\u0105skie, pop\u0119kane, suche, czerwone<\/p>\n<p>\u00a0<\/p>\n","yn_product_tongue_coating":"<p>Rzadkie, \u017c\u00f3\u0142te, suche<\/p>\n<p>\u00a0<\/p>\n","yn_product_pulse_diagnostics":"<p>Fu Mai &#8211; t\u0119tno powierzchowne, Xi Mai &#8211; t\u0119tno nitkowate, Xi Mai &#8211; t\u0119tno nitkowate, Xu Mai &#8211; t\u0119tno puste, Shuo Mai &#8211; t\u0119tno szybkie.<\/p>\n<p>\u00a0<\/p>\n","yn_product_indications":"<p>P\u00f3\u017ane nast\u0119pstwa chor\u00f3b zaka\u017anych, suche p\u0142uca i b\u0142ony \u015bluzowe, wychudzenie, suchy kaszel lub kaszel z niewielk\u0105 ilo\u015bci\u0105 \u017c\u00f3\u0142tawej i lepkiej plwociny, sucho\u015b\u0107 w jamie ustnej i gardle, przewlek\u0142a chrypka, zapadni\u0119te policzki, g\u0142\u0119bokie fa\u0142dy p\u0142ucne, nocne poty, pogarszaj\u0105ce si\u0119 p\u00f3\u017anym popo\u0142udniem, zaczerwienienie policzk\u00f3w, sk\u0142onno\u015b\u0107 do gor\u0105czki po po\u0142udniu i w nocy, oderwanie PO, koszmary senne.<\/p>\n<p>\u00a0<\/p>\n","yn_product_contra_indications":"<p>Zimny \u015bluz w p\u0142ucach<\/p>\n<p>\u00a0<\/p>\n","yn_product_pregnancy":"<p>Dozwolone<\/p>\n<p>\u00a0<\/p>\n","yn_product_magisterrecipes":"<p>Bai He \u767e\u5408 (Bulbus Lilii) (9%)<\/p>\n<p>Sheng Di Huang \u5730\u9ec4 (Radix Rehmanniae). (18%)<\/p>\n<p>Shu Di Huang \u719f\u5730\u9ec4 \u719f\u5730 (Radix Rehmanniae Preparata) (9%)<\/p>\n<p>Mai Men Dong \u9ea6\u51ac (Radix Ophiopogonis) (13,5%)<\/p>\n<p>Xuan Shen \u7384\u53c2 (Radix Scrophulariae) (7,2%)<\/p>\n<p>Chuan Bei Mu \u5ddd\u8d1d\u6bcd (Bulbus Fritillariae Cirrhosae) (9%)<\/p>\n<p>Jie Geng \u6854\u6897 (Radix Platycodi) (7,2%)<\/p>\n<p>Dang Gui \u5f53\u5f52 (Radix Angelicae Sinensis) (9%)<\/p>\n<p>Bai Shao Yao \u767d\u828d (Radix Paeoniae Alba) (9%)<\/p>\n<p>Sheng Gan Cao \u7518\u8349 (Radix Glycyrrhizae) (9%)<\/p>\n<p>\u00a0<\/p>\n"},"yoast_head":"<!-- This site is optimized with the Yoast SEO plugin v24.9 - https:\/\/yoast.com\/wordpress\/plugins\/seo\/ -->\n<title>Bai He Gu Jin Tang - Claude Diolosa<\/title>\n<meta name=\"robots\" content=\"index, follow, max-snippet:-1, max-image-preview:large, max-video-preview:-1\" \/>\n<link rel=\"canonical\" href=\"https:\/\/shop.diolosa.com\/pl\/product\/bai-he-gu-jin-tang\/\" \/>\n<meta property=\"og:locale\" content=\"pl_PL\" \/>\n<meta property=\"og:type\" content=\"article\" \/>\n<meta property=\"og:title\" content=\"Bai He Gu Jin Tang - Claude Diolosa\" \/>\n<meta property=\"og:description\" content=\"&nbsp; &nbsp; &nbsp; &nbsp; &nbsp; &nbsp; &nbsp;\" \/>\n<meta property=\"og:url\" content=\"https:\/\/shop.diolosa.com\/pl\/product\/bai-he-gu-jin-tang\/\" \/>\n<meta property=\"og:site_name\" content=\"Claude Diolosa\" \/>\n<meta property=\"article:publisher\" content=\"https:\/\/facebook.com\/claudediolosa\" \/>\n<meta property=\"article:modified_time\" content=\"2025-05-31T16:30:13+00:00\" \/>\n<meta property=\"og:image\" content=\"https:\/\/shop.diolosa.com\/wp-content\/uploads\/2022\/08\/magisterformel.jpg\" \/>\n\t<meta property=\"og:image:width\" content=\"800\" \/>\n\t<meta property=\"og:image:height\" content=\"533\" \/>\n\t<meta property=\"og:image:type\" content=\"image\/jpeg\" \/>\n<meta name=\"twitter:card\" content=\"summary_large_image\" \/>\n<meta name=\"twitter:label1\" content=\"Szacowany czas czytania\" \/>\n\t<meta name=\"twitter:data1\" content=\"2 minuty\" \/>\n<script type=\"application\/ld+json\" class=\"yoast-schema-graph\">{\"@context\":\"https:\/\/schema.org\",\"@graph\":[{\"@type\":\"WebPage\",\"@id\":\"https:\/\/shop.diolosa.com\/pl\/product\/bai-he-gu-jin-tang\/\",\"url\":\"https:\/\/shop.diolosa.com\/pl\/product\/bai-he-gu-jin-tang\/\",\"name\":\"Bai He Gu Jin Tang - Claude Diolosa\",\"isPartOf\":{\"@id\":\"https:\/\/shop.diolosa.com\/pl\/#website\"},\"primaryImageOfPage\":{\"@id\":\"https:\/\/shop.diolosa.com\/pl\/product\/bai-he-gu-jin-tang\/#primaryimage\"},\"image\":{\"@id\":\"https:\/\/shop.diolosa.com\/pl\/product\/bai-he-gu-jin-tang\/#primaryimage\"},\"thumbnailUrl\":\"https:\/\/shop.diolosa.com\/wp-content\/uploads\/2022\/08\/magisterformel.jpg\",\"datePublished\":\"2025-03-10T05:56:25+00:00\",\"dateModified\":\"2025-05-31T16:30:13+00:00\",\"breadcrumb\":{\"@id\":\"https:\/\/shop.diolosa.com\/pl\/product\/bai-he-gu-jin-tang\/#breadcrumb\"},\"inLanguage\":\"pl-PL\",\"potentialAction\":[{\"@type\":\"ReadAction\",\"target\":[\"https:\/\/shop.diolosa.com\/pl\/product\/bai-he-gu-jin-tang\/\"]}]},{\"@type\":\"ImageObject\",\"inLanguage\":\"pl-PL\",\"@id\":\"https:\/\/shop.diolosa.com\/pl\/product\/bai-he-gu-jin-tang\/#primaryimage\",\"url\":\"https:\/\/shop.diolosa.com\/wp-content\/uploads\/2022\/08\/magisterformel.jpg\",\"contentUrl\":\"https:\/\/shop.diolosa.com\/wp-content\/uploads\/2022\/08\/magisterformel.jpg\",\"width\":800,\"height\":533},{\"@type\":\"BreadcrumbList\",\"@id\":\"https:\/\/shop.diolosa.com\/pl\/product\/bai-he-gu-jin-tang\/#breadcrumb\",\"itemListElement\":[{\"@type\":\"ListItem\",\"position\":1,\"name\":\"Startseite\",\"item\":\"https:\/\/shop.diolosa.com\/pl\/?page_id=3835710\"},{\"@type\":\"ListItem\",\"position\":2,\"name\":\"Sklep\",\"item\":\"https:\/\/shop.diolosa.com\/pl\/?page_id=3835710\"},{\"@type\":\"ListItem\",\"position\":3,\"name\":\"Bai He Gu Jin Tang\"}]},{\"@type\":\"WebSite\",\"@id\":\"https:\/\/shop.diolosa.com\/pl\/#website\",\"url\":\"https:\/\/shop.diolosa.com\/pl\/\",\"name\":\"Claude Diolosa\",\"description\":\"\",\"publisher\":{\"@id\":\"https:\/\/shop.diolosa.com\/pl\/#organization\"},\"potentialAction\":[{\"@type\":\"SearchAction\",\"target\":{\"@type\":\"EntryPoint\",\"urlTemplate\":\"https:\/\/shop.diolosa.com\/pl\/?s={search_term_string}\"},\"query-input\":{\"@type\":\"PropertyValueSpecification\",\"valueRequired\":true,\"valueName\":\"search_term_string\"}}],\"inLanguage\":\"pl-PL\"},{\"@type\":\"Organization\",\"@id\":\"https:\/\/shop.diolosa.com\/pl\/#organization\",\"name\":\"Claude Diolosa\",\"url\":\"https:\/\/shop.diolosa.com\/pl\/\",\"logo\":{\"@type\":\"ImageObject\",\"inLanguage\":\"pl-PL\",\"@id\":\"https:\/\/shop.diolosa.com\/pl\/#\/schema\/logo\/image\/\",\"url\":\"https:\/\/shop.diolosa.com\/wp-content\/uploads\/2019\/08\/diolosa-drop-logo-new.png\",\"contentUrl\":\"https:\/\/shop.diolosa.com\/wp-content\/uploads\/2019\/08\/diolosa-drop-logo-new.png\",\"width\":134,\"height\":176,\"caption\":\"Claude Diolosa\"},\"image\":{\"@id\":\"https:\/\/shop.diolosa.com\/pl\/#\/schema\/logo\/image\/\"},\"sameAs\":[\"https:\/\/facebook.com\/claudediolosa\",\"https:\/\/www.instagram.com\/diolosaclaude108\/\"]}]}<\/script>\n<!-- \/ Yoast SEO plugin. -->","yoast_head_json":{"title":"Bai He Gu Jin Tang - Claude Diolosa","robots":{"index":"index","follow":"follow","max-snippet":"max-snippet:-1","max-image-preview":"max-image-preview:large","max-video-preview":"max-video-preview:-1"},"canonical":"https:\/\/shop.diolosa.com\/pl\/product\/bai-he-gu-jin-tang\/","og_locale":"pl_PL","og_type":"article","og_title":"Bai He Gu Jin Tang - Claude Diolosa","og_description":"&nbsp; &nbsp; &nbsp; &nbsp; &nbsp; &nbsp; &nbsp;","og_url":"https:\/\/shop.diolosa.com\/pl\/product\/bai-he-gu-jin-tang\/","og_site_name":"Claude Diolosa","article_publisher":"https:\/\/facebook.com\/claudediolosa","article_modified_time":"2025-05-31T16:30:13+00:00","og_image":[{"width":800,"height":533,"url":"https:\/\/shop.diolosa.com\/wp-content\/uploads\/2022\/08\/magisterformel.jpg","type":"image\/jpeg"}],"twitter_card":"summary_large_image","twitter_misc":{"Szacowany czas czytania":"2 minuty"},"schema":{"@context":"https:\/\/schema.org","@graph":[{"@type":"WebPage","@id":"https:\/\/shop.diolosa.com\/pl\/product\/bai-he-gu-jin-tang\/","url":"https:\/\/shop.diolosa.com\/pl\/product\/bai-he-gu-jin-tang\/","name":"Bai He Gu Jin Tang - Claude Diolosa","isPartOf":{"@id":"https:\/\/shop.diolosa.com\/pl\/#website"},"primaryImageOfPage":{"@id":"https:\/\/shop.diolosa.com\/pl\/product\/bai-he-gu-jin-tang\/#primaryimage"},"image":{"@id":"https:\/\/shop.diolosa.com\/pl\/product\/bai-he-gu-jin-tang\/#primaryimage"},"thumbnailUrl":"https:\/\/shop.diolosa.com\/wp-content\/uploads\/2022\/08\/magisterformel.jpg","datePublished":"2025-03-10T05:56:25+00:00","dateModified":"2025-05-31T16:30:13+00:00","breadcrumb":{"@id":"https:\/\/shop.diolosa.com\/pl\/product\/bai-he-gu-jin-tang\/#breadcrumb"},"inLanguage":"pl-PL","potentialAction":[{"@type":"ReadAction","target":["https:\/\/shop.diolosa.com\/pl\/product\/bai-he-gu-jin-tang\/"]}]},{"@type":"ImageObject","inLanguage":"pl-PL","@id":"https:\/\/shop.diolosa.com\/pl\/product\/bai-he-gu-jin-tang\/#primaryimage","url":"https:\/\/shop.diolosa.com\/wp-content\/uploads\/2022\/08\/magisterformel.jpg","contentUrl":"https:\/\/shop.diolosa.com\/wp-content\/uploads\/2022\/08\/magisterformel.jpg","width":800,"height":533},{"@type":"BreadcrumbList","@id":"https:\/\/shop.diolosa.com\/pl\/product\/bai-he-gu-jin-tang\/#breadcrumb","itemListElement":[{"@type":"ListItem","position":1,"name":"Startseite","item":"https:\/\/shop.diolosa.com\/pl\/?page_id=3835710"},{"@type":"ListItem","position":2,"name":"Sklep","item":"https:\/\/shop.diolosa.com\/pl\/?page_id=3835710"},{"@type":"ListItem","position":3,"name":"Bai He Gu Jin Tang"}]},{"@type":"WebSite","@id":"https:\/\/shop.diolosa.com\/pl\/#website","url":"https:\/\/shop.diolosa.com\/pl\/","name":"Claude Diolosa","description":"","publisher":{"@id":"https:\/\/shop.diolosa.com\/pl\/#organization"},"potentialAction":[{"@type":"SearchAction","target":{"@type":"EntryPoint","urlTemplate":"https:\/\/shop.diolosa.com\/pl\/?s={search_term_string}"},"query-input":{"@type":"PropertyValueSpecification","valueRequired":true,"valueName":"search_term_string"}}],"inLanguage":"pl-PL"},{"@type":"Organization","@id":"https:\/\/shop.diolosa.com\/pl\/#organization","name":"Claude Diolosa","url":"https:\/\/shop.diolosa.com\/pl\/","logo":{"@type":"ImageObject","inLanguage":"pl-PL","@id":"https:\/\/shop.diolosa.com\/pl\/#\/schema\/logo\/image\/","url":"https:\/\/shop.diolosa.com\/wp-content\/uploads\/2019\/08\/diolosa-drop-logo-new.png","contentUrl":"https:\/\/shop.diolosa.com\/wp-content\/uploads\/2019\/08\/diolosa-drop-logo-new.png","width":134,"height":176,"caption":"Claude Diolosa"},"image":{"@id":"https:\/\/shop.diolosa.com\/pl\/#\/schema\/logo\/image\/"},"sameAs":["https:\/\/facebook.com\/claudediolosa","https:\/\/www.instagram.com\/diolosaclaude108\/"]}]}},"_links":{"self":[{"href":"https:\/\/shop.diolosa.com\/pl\/wp-json\/wp\/v2\/product\/3841036","targetHints":{"allow":["GET"]}}],"collection":[{"href":"https:\/\/shop.diolosa.com\/pl\/wp-json\/wp\/v2\/product"}],"about":[{"href":"https:\/\/shop.diolosa.com\/pl\/wp-json\/wp\/v2\/types\/product"}],"wp:featuredmedia":[{"embeddable":true,"href":"https:\/\/shop.diolosa.com\/pl\/wp-json\/wp\/v2\/media\/3841022"}],"wp:attachment":[{"href":"https:\/\/shop.diolosa.com\/pl\/wp-json\/wp\/v2\/media?parent=3841036"}],"wp:term":[{"taxonomy":"product_brand","embeddable":true,"href":"https:\/\/shop.diolosa.com\/pl\/wp-json\/wp\/v2\/product_brand?post=3841036"},{"taxonomy":"product_cat","embeddable":true,"href":"https:\/\/shop.diolosa.com\/pl\/wp-json\/wp\/v2\/product_cat?post=3841036"},{"taxonomy":"product_tag","embeddable":true,"href":"https:\/\/shop.diolosa.com\/pl\/wp-json\/wp\/v2\/product_tag?post=3841036"}],"curies":[{"name":"wp","href":"https:\/\/api.w.org\/{rel}","templated":true}]}}