{"id":3841048,"date":"2021-04-14T11:08:54","date_gmt":"2025-03-10T05:56:30","guid":{"rendered":"https:\/\/shop.diolosa.com\/product\/zmartwychwstanie-480-sztuk\/"},"modified":"2025-04-24T20:23:01","modified_gmt":"2025-04-24T19:23:01","slug":"zmartwychwstanie-480-sztuk","status":"publish","type":"product","link":"https:\/\/shop.diolosa.com\/pl\/product\/zmartwychwstanie-480-sztuk\/","title":{"rendered":"Zmartwychwstanie &#8211; 480 sztuk"},"content":{"rendered":"<p><strong>RESURRECTION<\/strong> jest stosowany w leczeniu POST-COVID-SYNDROME. Preparat ten usuwa inwazj\u0119 zm\u0119tnienia\/wilgoci\/flegmy z Luo Mai i Jing Bie. RESURRECTION otwiera subtelne kana\u0142y serca i ma dzia\u0142anie rewitalizuj\u0105ce, odbarcza centralny uk\u0142ad nerwowy, stymuluje kr\u0105\u017cenie krwi i rewitalizuje pi\u0119\u0107 funkcji sensorycznych.  <\/p>\n<p><strong>RESURRECTION<\/strong> odci\u0105\u017ca ko\u0144czyny i przeciwdzia\u0142a b\u00f3lowi, ospa\u0142o\u015bci, parestezji i chronicznemu zm\u0119czeniu. Formu\u0142a ta rewitalizuje i od\u017cywia Qi i krew bez wytwarzania m\u0119tnej wilgoci i zapobiega zakrzepicy. Preparat mo\u017cna przyjmowa\u0107 razem z <strong>BREAKING THROUGH<\/strong> przez 30 do 90 dni bez przerwy. Je\u015bli w organizmie jest du\u017co wilgoci, mo\u017cna go r\u00f3wnie\u017c bardzo dobrze po\u0142\u0105czy\u0107 z<strong> REMOVING THE CLOUDS<\/strong>!   <\/p>\n<p>&nbsp;<\/p>\n<p>&nbsp;<\/p>\n<p>&nbsp;<\/p>\n<p>&nbsp;<\/p>\n<p>&nbsp;<\/p>\n<p>&nbsp;<\/p>\n<p>&nbsp;<\/p>\n<p>&nbsp;<\/p>\n<p>&nbsp;<\/p>\n<p>&nbsp;<\/p>\n<p>&nbsp;<\/p>\n<p>&nbsp;<\/p>\n<p><iframe class=\"ginger-extension-definitionpopup\" style=\"left: 10px; top: 20px; z-index: 2147483646; display: none;\" src=\"safari-extension:\/\/1F80BBE8-14EF-4EC2-80C0-098B943FAC2B\/dist\/ginger.safariextension\/content\/popups\/definitionPopup\/index.html?title=RESURRECTION&amp;description=a%20revival%20from%20inactivity%20and%20disuse\"><\/iframe><\/p>\n<p>&nbsp;<\/p>\n<p>&nbsp;<\/p>\n<p>&nbsp;<\/p>\n<p>&nbsp;<\/p>\n","protected":false},"excerpt":{"rendered":"<p>&nbsp;<\/p>\n<p>&nbsp;<\/p>\n<p>&nbsp;<\/p>\n<p>&nbsp;<\/p>\n<p>&nbsp;<\/p>\n<p>&nbsp;<\/p>\n<p>&nbsp;<\/p>\n<p>&nbsp;<\/p>\n<p>&nbsp;<\/p>\n<p>&nbsp;<\/p>\n<p>&nbsp;<\/p>\n<p>&nbsp;<\/p>\n<p>&nbsp;<\/p>\n<p>&nbsp;<\/p>\n<p>&nbsp;<\/p>\n","protected":false},"featured_media":3835943,"template":"","meta":{"_acf_changed":false},"product_brand":[],"product_cat":[11771],"product_tag":[12177,12176,12175,12178],"class_list":{"0":"post-3841048","1":"product","2":"type-product","3":"status-publish","4":"has-post-thumbnail","6":"product_cat-wen-bing-lun-pl","7":"product_tag-covid-pl","8":"product_tag-korona","9":"product_tag-wirus","10":"product_tag-zespol-post-covid","12":"first","13":"instock","14":"taxable","15":"shipping-taxable","16":"purchasable","17":"product-type-simple"},"acf":{"yn_product_audio":"https:\/\/shop.diolosa.com\/wp-content\/uploads\/2022\/10\/DL_Resurrection.m4a","yn_product_video":"https:\/\/shop.diolosa.com\/wp-content\/uploads\/2024\/03\/Resurrection.mp4","yn_product_akupunktur":"<p><strong>M\u00f3zg &#8211; Mg\u0142a<\/strong>: EX-HN-1 &#8211; \u56db\u795e\u806a &#8211; si shen cong, Du Mai -20 \u767e\u6703 b\u01cei hu\u00ec&#8230;, P\u0119cherzyk \u017c\u00f3\u0142ciowy\/p\u0119cherzyk \u017c\u00f3\u0142ciowy-19 \u8166\u7a7a n\u01ceo k\u014dng, Du-17 \u8166\u6236 n\u01ceo h\u00f9, EX-HN3 &#8211; \u5370\u5802 Yin Tang, M-HN-9 &#8211; Tai Yang, M-HN-10 &#8211; Er Jian, P\u0119cherzyk \u017c\u00f3\u0142ciowy\/p\u0119cherzyk \u017c\u00f3\u0142ciowy-13 \u672c\u795e b\u011bn sh\u00e9n, Osierdzie\/kr\u0105\u017cenie-5 \u9593\u4f7f ji\u0101n sh\u01d0, Osierdzie\/kr\u0105\u017cenie-6 \u5167\u95dc n\u00e8i gu\u0101n, \u017bo\u0142\u0105dek\/\u017co\u0142\u0105dek-40 \u8c50\u9686 f\u0113ng l\u00f3ng, \u017bo\u0142\u0105dek\/\u017co\u0142\u0105dek-6 \u9830\u8eca ji\u00e1 ch\u0113 &#8211; gui chuang \u9b3c\u5e8a &#8211; \u0142\u00f3\u017cko duch\u00f3w &#8211; GUI.Reduce\/Sedate <b>&#8211; Xie Fa<\/b><\/p>\n<p><strong>Sun Su Miao &#8211; Punkty Gui  <\/strong><\/p>\n<p>You May 26 &#8211; Gui Gong \u9b3c\u5bae &#8211; Pa\u0142ac Duch\u00f3w<br \/>\nLungs 11 &#8211; Gui Xin \u9b3c\u4fe1 &#8211; Czysto\u015b\u0107 Duch\u00f3w<br \/>\nSpleen 1 &#8211; Gui Lei \u9b3c\u58d8 &#8211; Skupiska Duch\u00f3w<br \/>\nKs 7 &#8211; Gui Xin \u9b3c\u5fc3 &#8211; Droga Duch\u00f3w You May 16 &#8211; Gui Lu \u9b3c\u6795 &#8211; Duch w Duchu Serca Ghost in the Heart Spirit<br \/>\nBl 62 &#8211; Gui Lu \u9b3c\u8def &#8211; Ghost Road<br \/>\nDu May 16 &#8211; Gui Zhen \u9b3c\u6795 &#8211; Ghost Pillow<br \/>\nStomach 6 &#8211; Gui Chuang \u9b3c\u5e8a &#8211; Ghost Bed \u0141\u00f3\u017cko duch\u00f3w<br \/>\nRen 24 maja &#8211; Gui Shi \u9b3c\u5e02 &#8211; Targ duch\u00f3w<br \/>\nObw\u00f3d 8 &#8211; Gui Ku \u9b3c\u7a9f &#8211; Kryj\u00f3wka duch\u00f3w<br \/>\nTy 23 maja &#8211; Gui Tang \u9b3c\u5802 &#8211; Sala duch\u00f3w Ghost Hall<br \/>\nRen May 1 &#8211; Gui Cang \u9b3c\u85cf &#8211; Ghost Reserve<br \/>\nColon 11 &#8211; Gui Chen \u9b3c\u81e3 &#8211; Ghost Officer<br \/>\nGui Feng \u9b3c\u98a8 &#8211; Wind Spirit &#8211; Extra Point<\/p>\n<p>\u00a0<\/p>\n<p>\u00a0<\/p>\n","yn_product_verabreichungsart":"Pelety 480szt.","yn_product_dosierung":"<p>3 x 4 do 6 tabletek dziennie &#8211; zawsze przed posi\u0142kami, razem z BREAKING THROUGH 3 x 2-4 tabletki po posi\u0142kach; czas trwania terapii: 30 do 90 dni.<\/p>\n<p>\u00a0<\/p>\n","yn_product_combinations":"<p><strong>WOLNO\u015a\u0106<\/strong> (wirus, Covid19, EBV), <strong>USUWANIE CHMUR<\/strong> (Shi Wen), <strong>JASNE LATO<\/strong> (zapalenie \u017co\u0142\u0105dka i jelit), <strong>\u0141ATWY<\/strong> <strong>RUCH<\/strong> (zesp\u00f3\u0142 bi), <strong>\u0141ATWY RUCH ZIMNO<\/strong> (zesp\u00f3\u0142 bi Shi Han), <strong>HAPPY DAYS<\/strong> (depresja), <strong>BRIGHT FUTURE<\/strong> (depresja),<strong> BREAKING THROUGH<\/strong> (zakrzepica), <strong>FREE FLOW<\/strong><strong> TABLETS (<\/strong>zakrzepica, urazy), <strong>NIRIPSA<\/strong> (b\u00f3l), <strong>FREE FLOW OIL, GEL; SPRAY<\/strong> (zewn\u0119trzny)<\/p>\n<p>\u00a0<\/p>\n<p>\u00a0<\/p>\n","yn_product_avoidable":"<p>Wszystkie pokarmy, kt\u00f3re wytwarzaj\u0105 wewn\u0119trzn\u0105 zimn\u0105 wilgo\u0107, s\u0105 zabronione podczas terapii. Konieczne jest spo\u017cywanie ciep\u0142ych napoj\u00f3w i jedzenia, kt\u00f3re zosta\u0142o ugotowane lub przygotowane z aromatycznymi przyprawami. Nie nale\u017cy r\u00f3wnie\u017c pi\u0107 podczas jedzenia, ale przed lub po posi\u0142kach i zawsze ciep\u0142e napoje.  <\/p>\n<p>Sa\u0142ata li\u015bciasta, endywia, cykoria, karczochy, kie\u0142ki fasoli, tofu, mleko sojowe, mleko ry\u017cowe, zielona herbata, czarna herbata, kawa, cappuccino, latte, cukier, produkty mleczne, mleko krowie, serek \u015bmietankowy, jogurt, owoce egzotyczne, Banan, mango, gruszka, jab\u0142ko, kompot owocowy, ciasto, herbatniki, czekolada, napoje z cukrem, Fanta, Coca Cola, \u017cywno\u015b\u0107 energetyzuj\u0105ca, napoje zimne i mro\u017cone, lody, \u017cywno\u015b\u0107 mro\u017cona, kuchenka mikrofalowa.<\/p>\n<p>\u00a0<\/p>\n","yn_product_tcm_mindmapping":"<p>Wen Bing Xue > P\u00f3\u017ane skutki Covid-19 > M\u0119tny mokry \u015bluz > Zast\u00f3j krwi > Blokuje naczynia krwiono\u015bne, Luo Mai i Jing Bie M\u0119tny mokry \u015bluz > Zast\u00f3j qi i krwi w sercu, m\u00f3zgu i p\u0142ucach<\/p>\n<p>\u00a0<\/p>\n","yn_product_tongue_body":"<p>Szeroki, opuchni\u0119ty, wilgotny (wilgo\u0107), plamisty (przekrwienie)<\/p>\n<p>\u00a0<\/p>\n","yn_product_tongue_coating":"<p>Bia\u0142y, g\u0119sty i lepki<\/p>\n","yn_product_pulse_diagnostics":"<p>Pozycja serca\/g\u0142owy: Huan Mai &#8211; puls spokojny, Xi Mai &#8211; puls nitkowaty lub Wei Mai &#8211; puls nitkowaty i Se Mai &#8211; puls niezdecydowany, Shi Mai &#8211; puls pe\u0142ny, Chi Mai &#8211; puls powolny.<\/p>\n<p>\u00a0<\/p>\n","yn_product_indications":"<p>Zesp\u00f3\u0142 post-Covid (d\u0142ugi Covid) obejmuje szereg p\u00f3\u017anych skutk\u00f3w, kt\u00f3re mog\u0105 wyst\u0105pi\u0107 po ust\u0105pieniu infekcji Covid-19. Chocia\u017c osoby dotkni\u0119te chorob\u0105 wyzdrowia\u0142y z choroby wirusowej, w \u017cadnym wypadku nie s\u0105 zdrowe. Cierpi\u0105 z powodu d\u0142ugoterminowych konsekwencji, takich jak chroniczne zm\u0119czenie w po\u0142\u0105czeniu z gwa\u0142townym spadkiem wydajno\u015bci, d\u0142ugotrwa\u0142e, parali\u017cuj\u0105ce wyczerpanie, trudno\u015bci w oddychaniu, kaszel lub duszno\u015b\u0107, utrata w\u0119chu \/ smaku (anosmia), b\u00f3le g\u0142owy, b\u00f3le mi\u0119\u015bni i staw\u00f3w, problemy z koncentracj\u0105 i pami\u0119ci\u0105, zaburzenia nerwowe (neuropatie), depresja i zaburzenia l\u0119kowe, zaburzenia snu, zesp\u00f3\u0142 Guillain-Barr\u00e9: Zaburzenia czucia w d\u0142oniach i stopach lub os\u0142abienie mi\u0119\u015bni i pocz\u0105tek parali\u017cu, zesp\u00f3\u0142 Kawasaki: Ostra choroba zapalna ma\u0142ych i \u015brednich naczy\u0144 krwiono\u015bnych, dolegliwo\u015bci psychologiczne, takie jak depresja, zaburzenia l\u0119kowe lub zesp\u00f3\u0142 stresu pourazowego (PTSD), zaburzenia poznawcze, takie jak problemy z koncentracj\u0105, zapominanie, trudno\u015bci j\u0119zykowe, problemy z pojmowaniem tre\u015bci tekst\u00f3w.  <\/p>\n<p>\u00a0<\/p>\n<p>\u00a0<\/p>\n","yn_product_contra_indications":"<p><strong>Yang Ming &#8211; niedob\u00f3r Yin, puste ciep\u0142o i ciep\u0142o krwi. Zespo\u0142y Qi Fen i Yang Ming z wysok\u0105 gor\u0105czk\u0105 i zaparciami. <\/strong><\/p>\n<p><strong>Zastosowanie \u015brodka<\/strong> stymuluj\u0105cego kr\u0105\u017cenie krwi zale\u017cy od diagnozy r\u00f3\u017cnicowej na podstawie pulsu, a zw\u0142aszcza j\u0119zyka. Je\u015bli \u017cy\u0142y pod j\u0119zykiem nie s\u0105 rozszerzone, sine, a w niekt\u00f3rych ci\u0119\u017ckich przypadkach nawet czarne, dawk\u0119 <strong>BREAKING THROUGH<\/strong> mo\u017cna zmniejszy\u0107 do 3 x 1 tabletka dziennie. Ta formu\u0142a zapewnia dobre kr\u0105\u017cenie krwi w sercu, m\u00f3zgu i p\u0142ucach oraz zapobiega zakrzepicy.  <\/p>\n<p>Wa\u017cne jest, aby zmniejszy\u0107 dawk\u0119, je\u015bli wyst\u0119puje niedob\u00f3r YIN i JIN YE w celu unikni\u0119cia przewlek\u0142ych zapar\u0107.<\/p>\n<p>\u00a0<\/p>\n<p>\u00a0<\/p>\n<p>\u00a0<\/p>\n<p>\u00a0<\/p>\n","yn_product_pregnancy":"<p>Dozwolone<\/p>\n<p>\u00a0<\/p>\n","yn_product_magisterrecipes":"<p>Du Huo Ji Sheng Tang, Yi Yi Ren Tang, Shen Ling Bai Zhu San, Wen Dan Tang, Er Chen Tang, Dao Dan Tang, An Shen Ding Zhi Wan<\/p>\n<p>\u00a0<\/p>\n"},"yoast_head":"<!-- This site is optimized with the Yoast SEO plugin v24.9 - https:\/\/yoast.com\/wordpress\/plugins\/seo\/ -->\n<title>Zmartwychwstanie - 480 sztuk - Claude Diolosa<\/title>\n<meta name=\"robots\" content=\"index, follow, max-snippet:-1, max-image-preview:large, max-video-preview:-1\" \/>\n<link rel=\"canonical\" href=\"https:\/\/shop.diolosa.com\/pl\/product\/zmartwychwstanie-480-sztuk\/\" \/>\n<meta property=\"og:locale\" content=\"pl_PL\" \/>\n<meta property=\"og:type\" content=\"article\" \/>\n<meta property=\"og:title\" content=\"Zmartwychwstanie - 480 sztuk - Claude Diolosa\" \/>\n<meta property=\"og:description\" content=\"&nbsp; &nbsp; &nbsp; &nbsp; &nbsp; &nbsp; &nbsp; &nbsp; &nbsp; &nbsp; &nbsp; &nbsp; &nbsp; &nbsp; &nbsp;\" \/>\n<meta property=\"og:url\" content=\"https:\/\/shop.diolosa.com\/pl\/product\/zmartwychwstanie-480-sztuk\/\" \/>\n<meta property=\"og:site_name\" content=\"Claude Diolosa\" \/>\n<meta property=\"article:publisher\" content=\"https:\/\/facebook.com\/claudediolosa\" \/>\n<meta property=\"article:modified_time\" content=\"2025-04-24T19:23:01+00:00\" \/>\n<meta property=\"og:image\" content=\"https:\/\/shop.diolosa.com\/wp-content\/uploads\/2019\/09\/Presslinge-140.jpg\" \/>\n\t<meta property=\"og:image:width\" content=\"800\" \/>\n\t<meta property=\"og:image:height\" content=\"533\" \/>\n\t<meta property=\"og:image:type\" content=\"image\/jpeg\" \/>\n<meta name=\"twitter:card\" content=\"summary_large_image\" \/>\n<meta name=\"twitter:label1\" content=\"Szacowany czas czytania\" \/>\n\t<meta name=\"twitter:data1\" content=\"1 minuta\" \/>\n<script type=\"application\/ld+json\" class=\"yoast-schema-graph\">{\"@context\":\"https:\/\/schema.org\",\"@graph\":[{\"@type\":\"WebPage\",\"@id\":\"https:\/\/shop.diolosa.com\/pl\/product\/zmartwychwstanie-480-sztuk\/\",\"url\":\"https:\/\/shop.diolosa.com\/pl\/product\/zmartwychwstanie-480-sztuk\/\",\"name\":\"Zmartwychwstanie - 480 sztuk - Claude Diolosa\",\"isPartOf\":{\"@id\":\"https:\/\/shop.diolosa.com\/pl\/#website\"},\"primaryImageOfPage\":{\"@id\":\"https:\/\/shop.diolosa.com\/pl\/product\/zmartwychwstanie-480-sztuk\/#primaryimage\"},\"image\":{\"@id\":\"https:\/\/shop.diolosa.com\/pl\/product\/zmartwychwstanie-480-sztuk\/#primaryimage\"},\"thumbnailUrl\":\"https:\/\/shop.diolosa.com\/wp-content\/uploads\/2019\/09\/Presslinge-140.jpg\",\"datePublished\":\"2025-03-10T05:56:30+00:00\",\"dateModified\":\"2025-04-24T19:23:01+00:00\",\"breadcrumb\":{\"@id\":\"https:\/\/shop.diolosa.com\/pl\/product\/zmartwychwstanie-480-sztuk\/#breadcrumb\"},\"inLanguage\":\"pl-PL\",\"potentialAction\":[{\"@type\":\"ReadAction\",\"target\":[\"https:\/\/shop.diolosa.com\/pl\/product\/zmartwychwstanie-480-sztuk\/\"]}]},{\"@type\":\"ImageObject\",\"inLanguage\":\"pl-PL\",\"@id\":\"https:\/\/shop.diolosa.com\/pl\/product\/zmartwychwstanie-480-sztuk\/#primaryimage\",\"url\":\"https:\/\/shop.diolosa.com\/wp-content\/uploads\/2019\/09\/Presslinge-140.jpg\",\"contentUrl\":\"https:\/\/shop.diolosa.com\/wp-content\/uploads\/2019\/09\/Presslinge-140.jpg\",\"width\":800,\"height\":533},{\"@type\":\"BreadcrumbList\",\"@id\":\"https:\/\/shop.diolosa.com\/pl\/product\/zmartwychwstanie-480-sztuk\/#breadcrumb\",\"itemListElement\":[{\"@type\":\"ListItem\",\"position\":1,\"name\":\"Startseite\",\"item\":\"https:\/\/shop.diolosa.com\/pl\/?page_id=3835710\"},{\"@type\":\"ListItem\",\"position\":2,\"name\":\"Sklep\",\"item\":\"https:\/\/shop.diolosa.com\/pl\/?page_id=3835710\"},{\"@type\":\"ListItem\",\"position\":3,\"name\":\"Zmartwychwstanie &#8211; 480 sztuk\"}]},{\"@type\":\"WebSite\",\"@id\":\"https:\/\/shop.diolosa.com\/pl\/#website\",\"url\":\"https:\/\/shop.diolosa.com\/pl\/\",\"name\":\"Claude Diolosa\",\"description\":\"\",\"publisher\":{\"@id\":\"https:\/\/shop.diolosa.com\/pl\/#organization\"},\"potentialAction\":[{\"@type\":\"SearchAction\",\"target\":{\"@type\":\"EntryPoint\",\"urlTemplate\":\"https:\/\/shop.diolosa.com\/pl\/?s={search_term_string}\"},\"query-input\":{\"@type\":\"PropertyValueSpecification\",\"valueRequired\":true,\"valueName\":\"search_term_string\"}}],\"inLanguage\":\"pl-PL\"},{\"@type\":\"Organization\",\"@id\":\"https:\/\/shop.diolosa.com\/pl\/#organization\",\"name\":\"Claude Diolosa\",\"url\":\"https:\/\/shop.diolosa.com\/pl\/\",\"logo\":{\"@type\":\"ImageObject\",\"inLanguage\":\"pl-PL\",\"@id\":\"https:\/\/shop.diolosa.com\/pl\/#\/schema\/logo\/image\/\",\"url\":\"https:\/\/shop.diolosa.com\/wp-content\/uploads\/2019\/08\/diolosa-drop-logo-new.png\",\"contentUrl\":\"https:\/\/shop.diolosa.com\/wp-content\/uploads\/2019\/08\/diolosa-drop-logo-new.png\",\"width\":134,\"height\":176,\"caption\":\"Claude Diolosa\"},\"image\":{\"@id\":\"https:\/\/shop.diolosa.com\/pl\/#\/schema\/logo\/image\/\"},\"sameAs\":[\"https:\/\/facebook.com\/claudediolosa\",\"https:\/\/www.instagram.com\/diolosaclaude108\/\"]}]}<\/script>\n<!-- \/ Yoast SEO plugin. -->","yoast_head_json":{"title":"Zmartwychwstanie - 480 sztuk - Claude Diolosa","robots":{"index":"index","follow":"follow","max-snippet":"max-snippet:-1","max-image-preview":"max-image-preview:large","max-video-preview":"max-video-preview:-1"},"canonical":"https:\/\/shop.diolosa.com\/pl\/product\/zmartwychwstanie-480-sztuk\/","og_locale":"pl_PL","og_type":"article","og_title":"Zmartwychwstanie - 480 sztuk - Claude Diolosa","og_description":"&nbsp; &nbsp; &nbsp; &nbsp; &nbsp; &nbsp; &nbsp; &nbsp; &nbsp; &nbsp; &nbsp; &nbsp; &nbsp; &nbsp; &nbsp;","og_url":"https:\/\/shop.diolosa.com\/pl\/product\/zmartwychwstanie-480-sztuk\/","og_site_name":"Claude Diolosa","article_publisher":"https:\/\/facebook.com\/claudediolosa","article_modified_time":"2025-04-24T19:23:01+00:00","og_image":[{"width":800,"height":533,"url":"https:\/\/shop.diolosa.com\/wp-content\/uploads\/2019\/09\/Presslinge-140.jpg","type":"image\/jpeg"}],"twitter_card":"summary_large_image","twitter_misc":{"Szacowany czas czytania":"1 minuta"},"schema":{"@context":"https:\/\/schema.org","@graph":[{"@type":"WebPage","@id":"https:\/\/shop.diolosa.com\/pl\/product\/zmartwychwstanie-480-sztuk\/","url":"https:\/\/shop.diolosa.com\/pl\/product\/zmartwychwstanie-480-sztuk\/","name":"Zmartwychwstanie - 480 sztuk - Claude Diolosa","isPartOf":{"@id":"https:\/\/shop.diolosa.com\/pl\/#website"},"primaryImageOfPage":{"@id":"https:\/\/shop.diolosa.com\/pl\/product\/zmartwychwstanie-480-sztuk\/#primaryimage"},"image":{"@id":"https:\/\/shop.diolosa.com\/pl\/product\/zmartwychwstanie-480-sztuk\/#primaryimage"},"thumbnailUrl":"https:\/\/shop.diolosa.com\/wp-content\/uploads\/2019\/09\/Presslinge-140.jpg","datePublished":"2025-03-10T05:56:30+00:00","dateModified":"2025-04-24T19:23:01+00:00","breadcrumb":{"@id":"https:\/\/shop.diolosa.com\/pl\/product\/zmartwychwstanie-480-sztuk\/#breadcrumb"},"inLanguage":"pl-PL","potentialAction":[{"@type":"ReadAction","target":["https:\/\/shop.diolosa.com\/pl\/product\/zmartwychwstanie-480-sztuk\/"]}]},{"@type":"ImageObject","inLanguage":"pl-PL","@id":"https:\/\/shop.diolosa.com\/pl\/product\/zmartwychwstanie-480-sztuk\/#primaryimage","url":"https:\/\/shop.diolosa.com\/wp-content\/uploads\/2019\/09\/Presslinge-140.jpg","contentUrl":"https:\/\/shop.diolosa.com\/wp-content\/uploads\/2019\/09\/Presslinge-140.jpg","width":800,"height":533},{"@type":"BreadcrumbList","@id":"https:\/\/shop.diolosa.com\/pl\/product\/zmartwychwstanie-480-sztuk\/#breadcrumb","itemListElement":[{"@type":"ListItem","position":1,"name":"Startseite","item":"https:\/\/shop.diolosa.com\/pl\/?page_id=3835710"},{"@type":"ListItem","position":2,"name":"Sklep","item":"https:\/\/shop.diolosa.com\/pl\/?page_id=3835710"},{"@type":"ListItem","position":3,"name":"Zmartwychwstanie &#8211; 480 sztuk"}]},{"@type":"WebSite","@id":"https:\/\/shop.diolosa.com\/pl\/#website","url":"https:\/\/shop.diolosa.com\/pl\/","name":"Claude Diolosa","description":"","publisher":{"@id":"https:\/\/shop.diolosa.com\/pl\/#organization"},"potentialAction":[{"@type":"SearchAction","target":{"@type":"EntryPoint","urlTemplate":"https:\/\/shop.diolosa.com\/pl\/?s={search_term_string}"},"query-input":{"@type":"PropertyValueSpecification","valueRequired":true,"valueName":"search_term_string"}}],"inLanguage":"pl-PL"},{"@type":"Organization","@id":"https:\/\/shop.diolosa.com\/pl\/#organization","name":"Claude Diolosa","url":"https:\/\/shop.diolosa.com\/pl\/","logo":{"@type":"ImageObject","inLanguage":"pl-PL","@id":"https:\/\/shop.diolosa.com\/pl\/#\/schema\/logo\/image\/","url":"https:\/\/shop.diolosa.com\/wp-content\/uploads\/2019\/08\/diolosa-drop-logo-new.png","contentUrl":"https:\/\/shop.diolosa.com\/wp-content\/uploads\/2019\/08\/diolosa-drop-logo-new.png","width":134,"height":176,"caption":"Claude Diolosa"},"image":{"@id":"https:\/\/shop.diolosa.com\/pl\/#\/schema\/logo\/image\/"},"sameAs":["https:\/\/facebook.com\/claudediolosa","https:\/\/www.instagram.com\/diolosaclaude108\/"]}]}},"_links":{"self":[{"href":"https:\/\/shop.diolosa.com\/pl\/wp-json\/wp\/v2\/product\/3841048","targetHints":{"allow":["GET"]}}],"collection":[{"href":"https:\/\/shop.diolosa.com\/pl\/wp-json\/wp\/v2\/product"}],"about":[{"href":"https:\/\/shop.diolosa.com\/pl\/wp-json\/wp\/v2\/types\/product"}],"wp:featuredmedia":[{"embeddable":true,"href":"https:\/\/shop.diolosa.com\/pl\/wp-json\/wp\/v2\/media\/3835943"}],"wp:attachment":[{"href":"https:\/\/shop.diolosa.com\/pl\/wp-json\/wp\/v2\/media?parent=3841048"}],"wp:term":[{"taxonomy":"product_brand","embeddable":true,"href":"https:\/\/shop.diolosa.com\/pl\/wp-json\/wp\/v2\/product_brand?post=3841048"},{"taxonomy":"product_cat","embeddable":true,"href":"https:\/\/shop.diolosa.com\/pl\/wp-json\/wp\/v2\/product_cat?post=3841048"},{"taxonomy":"product_tag","embeddable":true,"href":"https:\/\/shop.diolosa.com\/pl\/wp-json\/wp\/v2\/product_tag?post=3841048"}],"curies":[{"name":"wp","href":"https:\/\/api.w.org\/{rel}","templated":true}]}}