{"id":3841052,"date":"2021-04-14T11:06:48","date_gmt":"2025-03-10T05:56:31","guid":{"rendered":"https:\/\/shop.diolosa.com\/product\/freedom-700-sztuk\/"},"modified":"2025-05-14T06:06:41","modified_gmt":"2025-05-14T05:06:41","slug":"freedom-700-sztuk","status":"publish","type":"product","link":"https:\/\/shop.diolosa.com\/pl\/product\/freedom-700-sztuk\/","title":{"rendered":"Freedom &#8211; 700 sztuk"},"content":{"rendered":"<p style=\"margin-left: 35.4pt;\">FREEDOM jest stosowany w leczeniu chor\u00f3b zaka\u017anych (WEN BING XUE &#8211; choroby cieplne) lub chor\u00f3b wirusowych. Preparat ten usuwa zewn\u0119trzn\u0105 i wewn\u0119trzn\u0105 m\u0119tn\u0105 wilgo\u0107, zw\u0142aszcza toksyny m\u0119tnej wilgoci w WEI FEN, QI FEN (przew\u00f3d pokarmowy) i XUE FEN (poziom krwi). <span class=\"apple-converted-space\"> <\/span><\/p>\n<p style=\"margin-left: 35.4pt;\">Specjalno\u015bci\u0105 tego preparatu jest to, \u017ce eliminuje on zamkni\u0119te toksyny m\u0119tnej wilgoci z poziomu krwi &#8211; XUE FEN, a nawet z MO YUAN, oczyszcza ciep\u0142o krwi, eliminuje stagnacj\u0119 krwi, eliminuje toksyny poprzez QI FEN i oczyszcza umys\u0142 (m\u00f3zg).<span class=\"apple-converted-space\"> <\/span><\/p>\n<p style=\"margin-left: 35.4pt;\">Leczone s\u0105 wszystkie cztery poziomy. Preparat ten powinien by\u0107 r\u00f3wnie\u017c stosowany jako \u015brodek zapobiegawczy, dop\u00f3ki nie zniknie ryzyko infekcji. <span class=\"apple-converted-space\"> <\/span><\/p>\n<p>&nbsp;<\/p>\n<p>&nbsp;<\/p>\n","protected":false},"excerpt":{"rendered":"<p>&nbsp;<\/p>\n<p>&nbsp;<\/p>\n<p>&nbsp;<\/p>\n","protected":false},"featured_media":3841054,"template":"","meta":{"_acf_changed":false},"product_brand":[],"product_cat":[11771],"product_tag":[12177,12176,12175],"class_list":{"0":"post-3841052","1":"product","2":"type-product","3":"status-publish","4":"has-post-thumbnail","6":"product_cat-wen-bing-lun-pl","7":"product_tag-covid-pl","8":"product_tag-korona","9":"product_tag-wirus","11":"first","12":"instock","13":"taxable","14":"shipping-taxable","15":"purchasable","16":"product-type-simple"},"acf":{"yn_product_audio":"https:\/\/shop.diolosa.com\/wp-content\/uploads\/2022\/10\/DL_Freedom.m4a","yn_product_video":"https:\/\/shop.diolosa.com\/wp-content\/uploads\/2024\/03\/Freedom.mp4","yn_product_akupunktur":"<p>ostry &#8211; xie fa<br \/>\np\u0119cherz moczowy 13 &#8211; fei shu<br \/>\np\u0119cherz moczowy 12 &#8211; feng men (du mai)<br \/>\np\u0142uca 5 &#8211; chi ze (he)<br \/>\nsan chiao 5 &#8211; wai guan (yang wei mai, luo)<br \/>\nsan chiao 3 &#8211; zhong zhu (shu)<br \/>\n\u015bledziona 5 &#8211; shang qiu (jing)<br \/>\njelito grube 4 &#8211; he gu (yuan)<br \/>\njelito grube 11 &#8211; qu chi &#8211; gui tui (he &#8211; gui)<br \/>\n\u017co\u0142\u0105dek 40 &#8211; feng long (luo)<\/p>\n<p>Ciep\u0142o krwi i przekrwienie krwi &#8211; xie fa<br \/>\np\u0119cherz moczowy 40 &#8211; wei zhong (he, xia he xue &#8211; p\u0119cherz moczowy, xi krwi, jing bie ni\/bl)<br \/>\n\u015bledziona 10 &#8211; xue hai (jezioro krwi)<br \/>\np\u0119cherz moczowy 17 &#8211; ge shu (krew)<br \/>\njelito grube 11 &#8211; qu chi &#8211; gui tui (he &#8211; gui)<\/p>\n<p>Zmniejszenie gor\u0105czki &#8211; xie fa<br \/>\ndu mai 14 &#8211; da zhui (jezioro qi)<br \/>\n\u017co\u0142\u0105dek 44 &#8211; nei ting (ying)<\/p>\n<p>Shen uspok\u00f3j si\u0119 &#8211; xie fa<br \/>\nsi shen cong &#8211; M-HN-1 (m\u00f3zg, cns)<br \/>\nserce 7 &#8211; shen men (shu, yuan)<br \/>\nkr\u0105\u017cenie 5 &#8211; jian shi &#8211; gui lu (jing, gui)<br \/>\nkr\u0105\u017cenie 7 &#8211; da ling &#8211; gui xin (shu, yuan, gui)<\/p>\n<p>Niewydolno\u015b\u0107 oddechowa &#8211; xie fa<br \/>\np\u0142uca 6 &#8211; kong zui (xi)<br \/>\nkr\u0105\u017cenie 6 &#8211; nei guan (luo, yin wei mai)<br \/>\n\u017co\u0142\u0105dek 36 &#8211; zu san li (shu, xia he xue &#8211; \u017co\u0142\u0105dek, si hai xue, si zhong xue)<br \/>\nren mai 17 &#8211; tan zhong (mo>kr\u0105\u017cenie, ba hui xue, OE)<br \/>\nnerki 7 &#8211; fu liu (jing)<\/p>\n<p>Duszno\u015b\u0107 &#8211; bu fa<br \/>\nnerka 3 &#8211; tai xi (shu,yuan)<\/p>\n","yn_product_verabreichungsart":"Pellet 700szt.","yn_product_dosierung":"<p><strong>Profilaktycznie:<\/strong> 1&#215;4 tbl rano (przy niskiej ekspozycji na wirusa) lub 3&#215;4 tbl\/dzie\u0144 (przy cz\u0119stym kontakcie), w ka\u017cdym przypadku przed jedzeniem i dodatkowo <b>LUMINOUS SHIELD<\/b> (przed jedzeniem), 3 x 3 tabletki dziennie w celu wzmocnienia uk\u0142adu odporno\u015bciowego.  <\/p>\n<p><strong>Covid-19 pozytywny (z objawami lub bez):<\/strong> 3&#215;10 tbl\/dzie\u0144, przy bardzo ci\u0119\u017ckich objawach dodatkowo 3x150ml FREEDOM jako wywar, przez ok. 7-10 dni, przyjmowa\u0107 z aromatycznymi herbatami zio\u0142owymi (kardamon), \u0142\u0105czy\u0107 z <strong>BREAKING THROUGH<\/strong>, 3&#215;4 tbl dziennie po posi\u0142kach (zapobiega zakrzepicy). BREAKING THROUGH nie jest przepisywany kobietom w ci\u0105\u017cy i dzieciom, a dawkowanie FREEDOM nale\u017cy dostosowa\u0107 indywidualnie w zale\u017cno\u015bci od przypadku i objaw\u00f3w. <\/p>\n<p><strong>Leczenie uzupe\u0142niaj\u0105ce Covid-19 (wynik testu ujemny):<\/strong> 3&#215;4 tbl\/dzie\u0144, przez kolejne 30 dni, w zale\u017cno\u015bci od diagnozy r\u00f3\u017cnicowej, terapia uzupe\u0142niaj\u0105ca w przypadku wyst\u0105pienia nast\u0119puj\u0105cych dodatkowych objaw\u00f3w:<\/p>\n<ul>\n<li>Uczucie ospa\u0142o\u015bci, he\u0142mopodobne b\u00f3le g\u0142owy, zm\u0119czenie > USUWANIE CHMUR<\/li>\n<li>przekrwienie, b\u00f3l<span class=\"Apple-converted-space\">  <\/span>> PRZE\u0141OM, NIRIPSA<\/li>\n<li>Depresja > JASNA PRZYSZ\u0141O\u015a\u0106, SZCZ\u0118\u015aLIWE DNI<\/li>\n<li>Dolegliwo\u015bci poznawcze: DRAGON BRAIN<span class=\"Apple-converted-space\"> <\/span><\/li>\n<li>B\u00f3l staw\u00f3w > COLD EASY MOVEMENT, EASY MOVEMENT TEA<\/li>\n<li>Uczucie ucisku<span class=\"Apple-converted-space\">  <\/span>> Skargi serca: LWIE SERCE, LWI RYK<\/li>\n<\/ul>\n<p><b>Dodatkowo zapobiegawczo w przypadku wysokiego ryzyka infekcji (np. personel szpitalny)<\/b>: <b>REMOVING THE CLOUDS<\/b> &#8211; 3 x 3 granulki po posi\u0142kach oraz dla YANG MING Damp Heat &#8211; <b>BRIGHT SUMMERTIME <\/b>3 x 3 granulki po posi\u0142kach.<\/p>\n<p><b>Inhalacja eukaliptusem<\/b> (WEN BING XUE &#8211; olejek eteryczny), wcieranie <b>SNOW LION BALM <\/b>w klatk\u0119 piersiow\u0105 i plecy, szczeg\u00f3lnie przed p\u00f3j\u015bciem spa\u0107.<\/p>\n","yn_product_combinations":"<p><strong>NIRIPSA, BREAKING THROUGH i FREE FLOW TABLETS <\/strong>s\u0105 bardzo wa\u017cnymi \u015brodkami dora\u017anymi, wszystkie trzy przeciwdzia\u0142aj\u0105 zastojowi krwi.<\/p>\n<p><strong>BREAKING THROUGH <\/strong><strong>:<\/strong> Zast\u00f3j krwi mi\u0119dzy sercem, p\u0142ucami i m\u00f3zgiem<\/p>\n<p><strong>FREE FLOW TABLETS: <\/strong>Zast\u00f3j krwi we wszystkich ko\u0144czynach i ca\u0142ym ciele<\/p>\n<p><strong>NIRIPSA:<\/strong> Zast\u00f3j krwi i b\u00f3l<\/p>\n<p>REMOVING THE CLOUDS (stan ostry &#8211; choroba Shi Wen), BRIGHT SUMMERTIME (zapalenie \u017co\u0142\u0105dka i jelit), LUMINOUS SHIELD (niedob\u00f3r odporno\u015bci), SNOW LION BALM (tarcie)<\/p>\n","yn_product_avoidable":"<p>Nale\u017cy unika\u0107 cukru, produkt\u00f3w mlecznych, owoc\u00f3w tropikalnych, sa\u0142atek i zimnych napoj\u00f3w; nie u\u017cywa\u0107 mro\u017conek ani kuchenek mikrofalowych; nie je\u015b\u0107 wieprzowiny, surowego mi\u0119sa ani surowych ryb (sushi); u\u017cywa\u0107 wy\u0142\u0105cznie filtrowanej wody z kranu lub najlepiej wody mineralnej.<\/p>\n","yn_product_tcm_mindmapping":"<p>WBL  >  Wirus  >  Wilgotne ciep\u0142o i toksyny  >  Mo Yuan &#8211; Yang Ming  >  Xue Fen  >  Ciep\u0142o krwi  >  Przekrwienie krwi  >  Krwawienie  >  P\u0142uca Twardy \u015bluz Ciep\u0142o  >  Qi p\u0142uc i zast\u00f3j krwi  >  Zast\u0105pienie PO<\/p>\n","yn_product_tongue_body":"<p>Szeroki, kr\u00f3tki, wilgotny, ze \u015bladami z\u0119b\u00f3w, plamisty<\/p>\n","yn_product_tongue_coating":"<p>Bia\u0142y &#8211; \u017c\u00f3\u0142tawy i wilgotny<\/p>\n","yn_product_pulse_diagnostics":"<p>ru mai &#8211; mi\u0119kki, huan mai &#8211; spokojny<\/p>\n","yn_product_indications":"<p>Zm\u0119czenie, spowolnienie ko\u0144czyn, he\u0142mopodobny b\u00f3l g\u0142owy, dreszcze, b\u00f3l gard\u0142a, gor\u0105czka, szczeg\u00f3lnie p\u00f3\u017anym popo\u0142udniem (do 38,5), utrata smaku, utrata w\u0119chu, wymioty, biegunka, oliguria, dezorientacja, wysypki sk\u00f3rne na twarzy i ko\u0144czynach, ryzyko zakrzepicy, ryzyko zatorowo\u015bci p\u0142ucnej, duszno\u015b\u0107.<\/p>\n","yn_product_contra_indications":"<p>Nie mo\u017ce by\u0107 u\u017cywany przy zimnym wietrze (Feng Han), gor\u0105cym wietrze (Feng Re) i suchym wietrze (Feng Zao).<\/p>\n","yn_product_pregnancy":"<p>Dozwolone<\/p>\n","yn_product_herbs":"<p>agastache seu pogostemonis herba &#8211; huo xiang, eupatorii fortunei herba &#8211; pei lan, angelicae dahuricae rhizoma &#8211; bai zhi, amomi rotundi semen &#8211; bai kou ren, coicis semen &#8211; yi yi ren, armeniacae amarum semen &#8211; ku xing ren<\/p>\n","yn_product_magisterrecipes":"<p>Hou Po Xia Ling Tang, San Ren Tang, Huo Xiang Zheng Qi San, Da Yuan Yin, Tou Shi Zhuan Qi Tang<\/p>\n"},"yoast_head":"<!-- This site is optimized with the Yoast SEO plugin v24.9 - https:\/\/yoast.com\/wordpress\/plugins\/seo\/ -->\n<title>Freedom - 700 sztuk - Claude Diolosa<\/title>\n<meta name=\"robots\" content=\"index, follow, max-snippet:-1, max-image-preview:large, max-video-preview:-1\" \/>\n<link rel=\"canonical\" href=\"https:\/\/shop.diolosa.com\/pl\/product\/freedom-700-sztuk\/\" \/>\n<meta property=\"og:locale\" content=\"pl_PL\" \/>\n<meta property=\"og:type\" content=\"article\" \/>\n<meta property=\"og:title\" content=\"Freedom - 700 sztuk - Claude Diolosa\" \/>\n<meta property=\"og:description\" content=\"&nbsp; &nbsp; &nbsp;\" \/>\n<meta property=\"og:url\" content=\"https:\/\/shop.diolosa.com\/pl\/product\/freedom-700-sztuk\/\" \/>\n<meta property=\"og:site_name\" content=\"Claude Diolosa\" \/>\n<meta property=\"article:publisher\" content=\"https:\/\/facebook.com\/claudediolosa\" \/>\n<meta property=\"article:modified_time\" content=\"2025-05-14T05:06:41+00:00\" \/>\n<meta property=\"og:image\" content=\"https:\/\/shop.diolosa.com\/wp-content\/uploads\/2019\/09\/Presslinge-700.jpg\" \/>\n\t<meta property=\"og:image:width\" content=\"800\" \/>\n\t<meta property=\"og:image:height\" content=\"533\" \/>\n\t<meta property=\"og:image:type\" content=\"image\/jpeg\" \/>\n<meta name=\"twitter:card\" content=\"summary_large_image\" \/>\n<meta name=\"twitter:label1\" content=\"Szacowany czas czytania\" \/>\n\t<meta name=\"twitter:data1\" content=\"1 minuta\" \/>\n<script type=\"application\/ld+json\" class=\"yoast-schema-graph\">{\"@context\":\"https:\/\/schema.org\",\"@graph\":[{\"@type\":\"WebPage\",\"@id\":\"https:\/\/shop.diolosa.com\/pl\/product\/freedom-700-sztuk\/\",\"url\":\"https:\/\/shop.diolosa.com\/pl\/product\/freedom-700-sztuk\/\",\"name\":\"Freedom - 700 sztuk - Claude Diolosa\",\"isPartOf\":{\"@id\":\"https:\/\/shop.diolosa.com\/pl\/#website\"},\"primaryImageOfPage\":{\"@id\":\"https:\/\/shop.diolosa.com\/pl\/product\/freedom-700-sztuk\/#primaryimage\"},\"image\":{\"@id\":\"https:\/\/shop.diolosa.com\/pl\/product\/freedom-700-sztuk\/#primaryimage\"},\"thumbnailUrl\":\"https:\/\/shop.diolosa.com\/wp-content\/uploads\/2019\/09\/Presslinge-700.jpg\",\"datePublished\":\"2025-03-10T05:56:31+00:00\",\"dateModified\":\"2025-05-14T05:06:41+00:00\",\"breadcrumb\":{\"@id\":\"https:\/\/shop.diolosa.com\/pl\/product\/freedom-700-sztuk\/#breadcrumb\"},\"inLanguage\":\"pl-PL\",\"potentialAction\":[{\"@type\":\"ReadAction\",\"target\":[\"https:\/\/shop.diolosa.com\/pl\/product\/freedom-700-sztuk\/\"]}]},{\"@type\":\"ImageObject\",\"inLanguage\":\"pl-PL\",\"@id\":\"https:\/\/shop.diolosa.com\/pl\/product\/freedom-700-sztuk\/#primaryimage\",\"url\":\"https:\/\/shop.diolosa.com\/wp-content\/uploads\/2019\/09\/Presslinge-700.jpg\",\"contentUrl\":\"https:\/\/shop.diolosa.com\/wp-content\/uploads\/2019\/09\/Presslinge-700.jpg\",\"width\":800,\"height\":533},{\"@type\":\"BreadcrumbList\",\"@id\":\"https:\/\/shop.diolosa.com\/pl\/product\/freedom-700-sztuk\/#breadcrumb\",\"itemListElement\":[{\"@type\":\"ListItem\",\"position\":1,\"name\":\"Startseite\",\"item\":\"https:\/\/shop.diolosa.com\/pl\/?page_id=3835710\"},{\"@type\":\"ListItem\",\"position\":2,\"name\":\"Sklep\",\"item\":\"https:\/\/shop.diolosa.com\/pl\/?page_id=3835710\"},{\"@type\":\"ListItem\",\"position\":3,\"name\":\"Freedom &#8211; 700 sztuk\"}]},{\"@type\":\"WebSite\",\"@id\":\"https:\/\/shop.diolosa.com\/pl\/#website\",\"url\":\"https:\/\/shop.diolosa.com\/pl\/\",\"name\":\"Claude Diolosa\",\"description\":\"\",\"publisher\":{\"@id\":\"https:\/\/shop.diolosa.com\/pl\/#organization\"},\"potentialAction\":[{\"@type\":\"SearchAction\",\"target\":{\"@type\":\"EntryPoint\",\"urlTemplate\":\"https:\/\/shop.diolosa.com\/pl\/?s={search_term_string}\"},\"query-input\":{\"@type\":\"PropertyValueSpecification\",\"valueRequired\":true,\"valueName\":\"search_term_string\"}}],\"inLanguage\":\"pl-PL\"},{\"@type\":\"Organization\",\"@id\":\"https:\/\/shop.diolosa.com\/pl\/#organization\",\"name\":\"Claude Diolosa\",\"url\":\"https:\/\/shop.diolosa.com\/pl\/\",\"logo\":{\"@type\":\"ImageObject\",\"inLanguage\":\"pl-PL\",\"@id\":\"https:\/\/shop.diolosa.com\/pl\/#\/schema\/logo\/image\/\",\"url\":\"https:\/\/shop.diolosa.com\/wp-content\/uploads\/2019\/08\/diolosa-drop-logo-new.png\",\"contentUrl\":\"https:\/\/shop.diolosa.com\/wp-content\/uploads\/2019\/08\/diolosa-drop-logo-new.png\",\"width\":134,\"height\":176,\"caption\":\"Claude Diolosa\"},\"image\":{\"@id\":\"https:\/\/shop.diolosa.com\/pl\/#\/schema\/logo\/image\/\"},\"sameAs\":[\"https:\/\/facebook.com\/claudediolosa\",\"https:\/\/www.instagram.com\/diolosaclaude108\/\"]}]}<\/script>\n<!-- \/ Yoast SEO plugin. -->","yoast_head_json":{"title":"Freedom - 700 sztuk - Claude Diolosa","robots":{"index":"index","follow":"follow","max-snippet":"max-snippet:-1","max-image-preview":"max-image-preview:large","max-video-preview":"max-video-preview:-1"},"canonical":"https:\/\/shop.diolosa.com\/pl\/product\/freedom-700-sztuk\/","og_locale":"pl_PL","og_type":"article","og_title":"Freedom - 700 sztuk - Claude Diolosa","og_description":"&nbsp; &nbsp; &nbsp;","og_url":"https:\/\/shop.diolosa.com\/pl\/product\/freedom-700-sztuk\/","og_site_name":"Claude Diolosa","article_publisher":"https:\/\/facebook.com\/claudediolosa","article_modified_time":"2025-05-14T05:06:41+00:00","og_image":[{"width":800,"height":533,"url":"https:\/\/shop.diolosa.com\/wp-content\/uploads\/2019\/09\/Presslinge-700.jpg","type":"image\/jpeg"}],"twitter_card":"summary_large_image","twitter_misc":{"Szacowany czas czytania":"1 minuta"},"schema":{"@context":"https:\/\/schema.org","@graph":[{"@type":"WebPage","@id":"https:\/\/shop.diolosa.com\/pl\/product\/freedom-700-sztuk\/","url":"https:\/\/shop.diolosa.com\/pl\/product\/freedom-700-sztuk\/","name":"Freedom - 700 sztuk - Claude Diolosa","isPartOf":{"@id":"https:\/\/shop.diolosa.com\/pl\/#website"},"primaryImageOfPage":{"@id":"https:\/\/shop.diolosa.com\/pl\/product\/freedom-700-sztuk\/#primaryimage"},"image":{"@id":"https:\/\/shop.diolosa.com\/pl\/product\/freedom-700-sztuk\/#primaryimage"},"thumbnailUrl":"https:\/\/shop.diolosa.com\/wp-content\/uploads\/2019\/09\/Presslinge-700.jpg","datePublished":"2025-03-10T05:56:31+00:00","dateModified":"2025-05-14T05:06:41+00:00","breadcrumb":{"@id":"https:\/\/shop.diolosa.com\/pl\/product\/freedom-700-sztuk\/#breadcrumb"},"inLanguage":"pl-PL","potentialAction":[{"@type":"ReadAction","target":["https:\/\/shop.diolosa.com\/pl\/product\/freedom-700-sztuk\/"]}]},{"@type":"ImageObject","inLanguage":"pl-PL","@id":"https:\/\/shop.diolosa.com\/pl\/product\/freedom-700-sztuk\/#primaryimage","url":"https:\/\/shop.diolosa.com\/wp-content\/uploads\/2019\/09\/Presslinge-700.jpg","contentUrl":"https:\/\/shop.diolosa.com\/wp-content\/uploads\/2019\/09\/Presslinge-700.jpg","width":800,"height":533},{"@type":"BreadcrumbList","@id":"https:\/\/shop.diolosa.com\/pl\/product\/freedom-700-sztuk\/#breadcrumb","itemListElement":[{"@type":"ListItem","position":1,"name":"Startseite","item":"https:\/\/shop.diolosa.com\/pl\/?page_id=3835710"},{"@type":"ListItem","position":2,"name":"Sklep","item":"https:\/\/shop.diolosa.com\/pl\/?page_id=3835710"},{"@type":"ListItem","position":3,"name":"Freedom &#8211; 700 sztuk"}]},{"@type":"WebSite","@id":"https:\/\/shop.diolosa.com\/pl\/#website","url":"https:\/\/shop.diolosa.com\/pl\/","name":"Claude Diolosa","description":"","publisher":{"@id":"https:\/\/shop.diolosa.com\/pl\/#organization"},"potentialAction":[{"@type":"SearchAction","target":{"@type":"EntryPoint","urlTemplate":"https:\/\/shop.diolosa.com\/pl\/?s={search_term_string}"},"query-input":{"@type":"PropertyValueSpecification","valueRequired":true,"valueName":"search_term_string"}}],"inLanguage":"pl-PL"},{"@type":"Organization","@id":"https:\/\/shop.diolosa.com\/pl\/#organization","name":"Claude Diolosa","url":"https:\/\/shop.diolosa.com\/pl\/","logo":{"@type":"ImageObject","inLanguage":"pl-PL","@id":"https:\/\/shop.diolosa.com\/pl\/#\/schema\/logo\/image\/","url":"https:\/\/shop.diolosa.com\/wp-content\/uploads\/2019\/08\/diolosa-drop-logo-new.png","contentUrl":"https:\/\/shop.diolosa.com\/wp-content\/uploads\/2019\/08\/diolosa-drop-logo-new.png","width":134,"height":176,"caption":"Claude Diolosa"},"image":{"@id":"https:\/\/shop.diolosa.com\/pl\/#\/schema\/logo\/image\/"},"sameAs":["https:\/\/facebook.com\/claudediolosa","https:\/\/www.instagram.com\/diolosaclaude108\/"]}]}},"_links":{"self":[{"href":"https:\/\/shop.diolosa.com\/pl\/wp-json\/wp\/v2\/product\/3841052","targetHints":{"allow":["GET"]}}],"collection":[{"href":"https:\/\/shop.diolosa.com\/pl\/wp-json\/wp\/v2\/product"}],"about":[{"href":"https:\/\/shop.diolosa.com\/pl\/wp-json\/wp\/v2\/types\/product"}],"wp:featuredmedia":[{"embeddable":true,"href":"https:\/\/shop.diolosa.com\/pl\/wp-json\/wp\/v2\/media\/3841054"}],"wp:attachment":[{"href":"https:\/\/shop.diolosa.com\/pl\/wp-json\/wp\/v2\/media?parent=3841052"}],"wp:term":[{"taxonomy":"product_brand","embeddable":true,"href":"https:\/\/shop.diolosa.com\/pl\/wp-json\/wp\/v2\/product_brand?post=3841052"},{"taxonomy":"product_cat","embeddable":true,"href":"https:\/\/shop.diolosa.com\/pl\/wp-json\/wp\/v2\/product_cat?post=3841052"},{"taxonomy":"product_tag","embeddable":true,"href":"https:\/\/shop.diolosa.com\/pl\/wp-json\/wp\/v2\/product_tag?post=3841052"}],"curies":[{"name":"wp","href":"https:\/\/api.w.org\/{rel}","templated":true}]}}