{"id":3841057,"date":"2021-03-10T15:49:19","date_gmt":"2025-03-10T05:56:33","guid":{"rendered":"https:\/\/shop.diolosa.com\/product\/diamentowy-balsam-s-h-i-e-l-d\/"},"modified":"2025-04-24T20:23:02","modified_gmt":"2025-04-24T19:23:02","slug":"diamentowy-balsam-s-h-i-e-l-d","status":"publish","type":"product","link":"https:\/\/shop.diolosa.com\/pl\/product\/diamentowy-balsam-s-h-i-e-l-d\/","title":{"rendered":"Diamentowy balsam S.H.I.E.L.D"},"content":{"rendered":"<p>DIAMOND S.H.I.E.L.D BALM jest stosowany miejscowo do leczenia miejsca wstrzykni\u0119cia szczepionki, a tak\u017ce w przypadku uk\u0105sze\u0144 owad\u00f3w i mokrych chor\u00f3b zapalnych sk\u00f3ry. Ma\u015b\u0107 ta przenika do g\u0142\u0119bokich warstw i LUO MAI, neutralizuje i odprowadza wstrzykni\u0119te toksyny ognia, usuwa ciep\u0142o krwi, zapobiega zastojowi krwi, dekoncentruje i regeneruje tkanki. DIAMOND S.H.I.E.L.D BALM jest r\u00f3wnie\u017c stosowany w leczeniu ropni, czyrak\u00f3w, p\u00f3\u0142pa\u015bca, opryszczki wargowej, opryszczki narz\u0105d\u00f3w p\u0142ciowych, u\u017c\u0105dle\u0144 pszcz\u00f3\u0142, os, uk\u0105sze\u0144 kleszczy i paj\u0105k\u00f3w.  <span class=\"Apple-converted-space\">  <\/span>stosowany. Ma\u015b\u0107 nale\u017cy nak\u0142ada\u0107 kilka razy dziennie i wmasowywa\u0107 przez d\u0142ugi czas. Jeszcze lepiej jest stosowa\u0107 ma\u015b\u0107 w postaci ok\u0142adu (z plastrem).  <span class=\"Apple-converted-space\"> <\/span>nale\u017cy stosowa\u0107. Miejscowa, zewn\u0119trzna terapia nie jest wystarczaj\u0105ca w przypadku szczepienia i pacjent powinien przyjmowa\u0107 r\u00f3wnie\u017c DIAMOND S.H.I.E.L.D TABLETS oraz, w zale\u017cno\u015bci od objaw\u00f3w, inne dodatkowe preparaty. <span class=\"Apple-converted-space\"> <\/span><\/p>\n<p>&nbsp;<\/p>\n","protected":false},"excerpt":{"rendered":"<p>&nbsp;<\/p>\n<p>&nbsp;<\/p>\n","protected":false},"featured_media":3841059,"template":"","meta":{"_acf_changed":false},"product_brand":[],"product_cat":[12140,11813,11793,11834,11771],"product_tag":[12177,12176,11961,12200,12175],"class_list":{"0":"post-3841057","1":"product","2":"type-product","3":"status-publish","4":"has-post-thumbnail","6":"product_cat-alergologia","7":"product_cat-dermatologia","8":"product_cat-immunologia","9":"product_cat-neurologia","10":"product_cat-wen-bing-lun-pl","11":"product_tag-covid-pl","12":"product_tag-korona","13":"product_tag-szczepienia-pozne-skutki","14":"product_tag-ukaszenia-owadow","15":"product_tag-wirus","17":"first","18":"instock","19":"taxable","20":"shipping-taxable","21":"purchasable","22":"product-type-simple"},"acf":{"yn_product_audio":"https:\/\/shop.diolosa.com\/wp-content\/uploads\/2022\/10\/DL_Diamond-S.H.I.E.L.D-Salbe.m4a","yn_product_video":"https:\/\/shop.diolosa.com\/wp-content\/uploads\/2019\/09\/Diamond-Shield-Salbe.mp4","yn_product_akupunktur":"<p>Akupunktura OUN &#8211; YING FEN &#8211; Xie Fa<span class=\"Apple-converted-space\"> <\/span><\/p>\n<p>si shen cong &#8211; M-HN-1 (m\u00f3zg, cns)<br \/>\nyin tang &#8211; M-HN-3<br \/>\ndu mai 20 &#8211; bai hui &#8211; bai lao (jezioro szpiku kostnego, p\u0119cherz moczowy)<br \/>\nworeczek \u017c\u00f3\u0142ciowy 19 &#8211; nao kong<br \/>\ndu mai 17 &#8211; nao hu (p\u0119cherz moczowy)<br \/>\nworeczek \u017c\u00f3\u0142ciowy 14 &#8211; yang bai (\u017co\u0142\u0105dek, yang wei mai)<br \/>\ndu mai 24 &#8211; shen ting (p\u0119cherz, \u017co\u0142\u0105dek, gui)<br \/>\nworeczek \u017c\u00f3\u0142ciowy 20 &#8211; feng chi (san chiao, yang wei mai)<br \/>\njelito grube 15 &#8211; jian yu (yang qiao mai)<br \/>\nkr\u0105\u017cenie 5 &#8211; jian shi &#8211; gui lu<span class=\"Apple-converted-space\">  <\/span>(jing, gui)<br \/>\ncykl 6 &#8211; nei guan (luo, yin wei mai)<\/p>\n<p>Usuwanie gor\u0105ca krwi &#8211; XUE FEN &#8211; Xie Fa<span class=\"Apple-converted-space\"> <\/span><\/p>\n<p>w\u0105troba 2 &#8211; xing jian (ying)<br \/>\n\u015bledziona 10 &#8211; xue hai (jezioro krwi)<br \/>\np\u0119cherz moczowy 40 &#8211; wei zhong (he, xia he xue &#8211; p\u0119cherz moczowy, xi krwi, jing bie ni\/bl)<br \/>\np\u0119cherz moczowy 17 &#8211; ge shu (krew)<br \/>\njelito grube 11 &#8211; qu chi &#8211; gui tui (he &#8211; gui)<span class=\"Apple-converted-space\"> <\/span><\/p>\n<p>Uzupe\u0142nienie Jing nerek &#8211; Bu Fa<span class=\"Apple-converted-space\"> <\/span><\/p>\n<p>bubble 20 &#8211; pi shu<span class=\"Apple-converted-space\"><br \/>\n<\/span>woreczek \u017c\u00f3\u0142ciowy 25 &#8211; jing men (mo &#8211; nerka)<br \/>\nworeczek \u017c\u00f3\u0142ciowy 39 &#8211; xuan zhong &#8211; jue gu (mark)<br \/>\nnerka 3 &#8211; tai xi (shu,yuan)<br \/>\nnerka 7 &#8211; fu liu (jing)<br \/>\n\u015bledziona 6 &#8211; san yin jiao (le,ni,mb)<\/p>\n","yn_product_verabreichungsart":"\u017bel 30g","yn_product_dosierung":"<p>Ma\u015b\u0107 nale\u017cy nak\u0142ada\u0107 kilka razy dziennie i wmasowywa\u0107 przez d\u0142ugi czas. Zaleca si\u0119 nak\u0142adanie ma\u015bci na obszar obj\u0119ty stanem zapalnym natychmiast po szczepieniu. Ma\u015b\u0107 mo\u017ce by\u0107 nawet stosowana jako miejscowy kompres, nawet na noc.  <span class=\"Apple-converted-space\"> <\/span><\/p>\n","yn_product_combinations":"<p>DIAMOND S.H.I.E.L.D BALM (Ma\u015b\u0107 &#8211; Szczepienie), FREEDOM (Wirus &#8211; M\u0119tne Wilgotne Ciep\u0142o i Toksyny), WBL GREEN PROTECTION SCREEN (Grypa &#8211; Wietrzne Ciep\u0142o i Wietrzna Sucho\u015b\u0107), WBL PURPLE PROTECTION SCREEN (Syndrom Xue Fen), WBL BLACK PROTECTION SCREEN (Niedob\u00f3r Yin i Puste Ciep\u0142o), THUNDERSTORM (epilepsja), RECOVERING STRENGTH (udar), RECOVERING SYMMETRY (pora\u017cenie nerwu twarzowego), CALMING THE WIND (choroba Parkinsona), SUNSET (neurodermit), CLEARING THE HEAT (niedob\u00f3r Yin i puste ciep\u0142o), YIN ROOT and SAN BAO TEA (niedob\u00f3r Yin i wychudzenie), PROTECTION SCREEN (ostre uk\u0105szenie kleszcza).<\/p>\n","yn_product_avoidable":"<p>Ostre i pikantne przyprawy, pieprz, chili, musztarda, napoje alkoholowe, ocet, szczypiorek, koperek, czosnek, por, cebula, jagni\u0119cina, owoce morza<\/p>\n","yn_product_tcm_mindmapping":"<p>WBX > Pochmurno Wilgo\u0107 Ciep\u0142o\/ogie\u0144 Toksyny > wnikaj\u0105 bezpo\u015brednio do Xue Fen > atakuj\u0105 centralny uk\u0142ad nerwowy i m\u00f3zg.<\/p>\n","yn_product_tongue_body":"<p>Ciemnoczerwony, plamisty, w zale\u017cno\u015bci od wcze\u015bniejszej choroby<\/p>\n","yn_product_tongue_coating":"<p>Cienki, \u017c\u00f3\u0142tawy, suchy<\/p>\n","yn_product_pulse_diagnostics":"<p>fu mai &#8211; powierzchowny, xian mai &#8211; napi\u0119ty, xi mai &#8211; cienki, shuo mai &#8211; szybki, xu mai &#8211; pusty, w zale\u017cno\u015bci od istniej\u0105cego wcze\u015bniej stanu.<\/p>\n","yn_product_indications":"<p>Miejscowe i og\u00f3lne nast\u0119pstwa szczepie\u0144, uk\u0105szenia kleszczy, u\u017c\u0105dlenia os, u\u017c\u0105dlenia pszcz\u00f3\u0142, ropnie, czyraki, ropne i zapalne obszary z obrz\u0119kiem, zaczerwienieniem i b\u00f3lem.<\/p>\n","yn_product_contra_indications":"<p>Brak<\/p>\n","yn_product_pregnancy":"<p>Dozwolone<\/p>\n","yn_product_herbs":"<p>Jin Yin Hua<span class=\"Apple-converted-space\">  <\/span>\u91d1\u94f6\u82b1 (Flos Lonicerae), Pu Gong Yin \u84b2\u516c\u82f1<span class=\"Apple-converted-space\">  <\/span>(Herba Taraxaci), Zi Hua Di Ding \u7d2b\u82b1\u5730\u4e01 (Herba Violae), Ye Ju Hua \u91ce\u83ca\u82b1 (Dzika chryzantema &#8211; Flos Chrysanthemi Indici), Tian Kui Zi \u5929\u8475\u5b50 (Radix Semiaquilegiae)<\/p>\n","yn_product_magisterrecipes":"<p>Wu Wei Xiao Du Yin<\/p>\n"},"yoast_head":"<!-- This site is optimized with the Yoast SEO plugin v24.9 - https:\/\/yoast.com\/wordpress\/plugins\/seo\/ -->\n<title>Diamentowy balsam S.H.I.E.L.D - Claude Diolosa<\/title>\n<meta name=\"robots\" content=\"index, follow, max-snippet:-1, max-image-preview:large, max-video-preview:-1\" \/>\n<link rel=\"canonical\" href=\"https:\/\/shop.diolosa.com\/pl\/product\/diamentowy-balsam-s-h-i-e-l-d\/\" \/>\n<meta property=\"og:locale\" content=\"pl_PL\" \/>\n<meta property=\"og:type\" content=\"article\" \/>\n<meta property=\"og:title\" content=\"Diamentowy balsam S.H.I.E.L.D - Claude Diolosa\" \/>\n<meta property=\"og:description\" content=\"&nbsp; &nbsp;\" \/>\n<meta property=\"og:url\" content=\"https:\/\/shop.diolosa.com\/pl\/product\/diamentowy-balsam-s-h-i-e-l-d\/\" \/>\n<meta property=\"og:site_name\" content=\"Claude Diolosa\" \/>\n<meta property=\"article:publisher\" content=\"https:\/\/facebook.com\/claudediolosa\" \/>\n<meta property=\"article:modified_time\" content=\"2025-04-24T19:23:02+00:00\" \/>\n<meta property=\"og:image\" content=\"https:\/\/shop.diolosa.com\/wp-content\/uploads\/2021\/03\/diamond-shield-balm.png\" \/>\n\t<meta property=\"og:image:width\" content=\"800\" \/>\n\t<meta property=\"og:image:height\" content=\"533\" \/>\n\t<meta property=\"og:image:type\" content=\"image\/png\" \/>\n<meta name=\"twitter:card\" content=\"summary_large_image\" \/>\n<meta name=\"twitter:label1\" content=\"Szacowany czas czytania\" \/>\n\t<meta name=\"twitter:data1\" content=\"1 minuta\" \/>\n<script type=\"application\/ld+json\" class=\"yoast-schema-graph\">{\"@context\":\"https:\/\/schema.org\",\"@graph\":[{\"@type\":\"WebPage\",\"@id\":\"https:\/\/shop.diolosa.com\/pl\/product\/diamentowy-balsam-s-h-i-e-l-d\/\",\"url\":\"https:\/\/shop.diolosa.com\/pl\/product\/diamentowy-balsam-s-h-i-e-l-d\/\",\"name\":\"Diamentowy balsam S.H.I.E.L.D - Claude Diolosa\",\"isPartOf\":{\"@id\":\"https:\/\/shop.diolosa.com\/pl\/#website\"},\"primaryImageOfPage\":{\"@id\":\"https:\/\/shop.diolosa.com\/pl\/product\/diamentowy-balsam-s-h-i-e-l-d\/#primaryimage\"},\"image\":{\"@id\":\"https:\/\/shop.diolosa.com\/pl\/product\/diamentowy-balsam-s-h-i-e-l-d\/#primaryimage\"},\"thumbnailUrl\":\"https:\/\/shop.diolosa.com\/wp-content\/uploads\/2021\/03\/diamond-shield-balm.png\",\"datePublished\":\"2025-03-10T05:56:33+00:00\",\"dateModified\":\"2025-04-24T19:23:02+00:00\",\"breadcrumb\":{\"@id\":\"https:\/\/shop.diolosa.com\/pl\/product\/diamentowy-balsam-s-h-i-e-l-d\/#breadcrumb\"},\"inLanguage\":\"pl-PL\",\"potentialAction\":[{\"@type\":\"ReadAction\",\"target\":[\"https:\/\/shop.diolosa.com\/pl\/product\/diamentowy-balsam-s-h-i-e-l-d\/\"]}]},{\"@type\":\"ImageObject\",\"inLanguage\":\"pl-PL\",\"@id\":\"https:\/\/shop.diolosa.com\/pl\/product\/diamentowy-balsam-s-h-i-e-l-d\/#primaryimage\",\"url\":\"https:\/\/shop.diolosa.com\/wp-content\/uploads\/2021\/03\/diamond-shield-balm.png\",\"contentUrl\":\"https:\/\/shop.diolosa.com\/wp-content\/uploads\/2021\/03\/diamond-shield-balm.png\",\"width\":800,\"height\":533},{\"@type\":\"BreadcrumbList\",\"@id\":\"https:\/\/shop.diolosa.com\/pl\/product\/diamentowy-balsam-s-h-i-e-l-d\/#breadcrumb\",\"itemListElement\":[{\"@type\":\"ListItem\",\"position\":1,\"name\":\"Startseite\",\"item\":\"https:\/\/shop.diolosa.com\/pl\/?page_id=3835710\"},{\"@type\":\"ListItem\",\"position\":2,\"name\":\"Sklep\",\"item\":\"https:\/\/shop.diolosa.com\/pl\/?page_id=3835710\"},{\"@type\":\"ListItem\",\"position\":3,\"name\":\"Diamentowy balsam S.H.I.E.L.D\"}]},{\"@type\":\"WebSite\",\"@id\":\"https:\/\/shop.diolosa.com\/pl\/#website\",\"url\":\"https:\/\/shop.diolosa.com\/pl\/\",\"name\":\"Claude Diolosa\",\"description\":\"\",\"publisher\":{\"@id\":\"https:\/\/shop.diolosa.com\/pl\/#organization\"},\"potentialAction\":[{\"@type\":\"SearchAction\",\"target\":{\"@type\":\"EntryPoint\",\"urlTemplate\":\"https:\/\/shop.diolosa.com\/pl\/?s={search_term_string}\"},\"query-input\":{\"@type\":\"PropertyValueSpecification\",\"valueRequired\":true,\"valueName\":\"search_term_string\"}}],\"inLanguage\":\"pl-PL\"},{\"@type\":\"Organization\",\"@id\":\"https:\/\/shop.diolosa.com\/pl\/#organization\",\"name\":\"Claude Diolosa\",\"url\":\"https:\/\/shop.diolosa.com\/pl\/\",\"logo\":{\"@type\":\"ImageObject\",\"inLanguage\":\"pl-PL\",\"@id\":\"https:\/\/shop.diolosa.com\/pl\/#\/schema\/logo\/image\/\",\"url\":\"https:\/\/shop.diolosa.com\/wp-content\/uploads\/2019\/08\/diolosa-drop-logo-new.png\",\"contentUrl\":\"https:\/\/shop.diolosa.com\/wp-content\/uploads\/2019\/08\/diolosa-drop-logo-new.png\",\"width\":134,\"height\":176,\"caption\":\"Claude Diolosa\"},\"image\":{\"@id\":\"https:\/\/shop.diolosa.com\/pl\/#\/schema\/logo\/image\/\"},\"sameAs\":[\"https:\/\/facebook.com\/claudediolosa\",\"https:\/\/www.instagram.com\/diolosaclaude108\/\"]}]}<\/script>\n<!-- \/ Yoast SEO plugin. -->","yoast_head_json":{"title":"Diamentowy balsam S.H.I.E.L.D - Claude Diolosa","robots":{"index":"index","follow":"follow","max-snippet":"max-snippet:-1","max-image-preview":"max-image-preview:large","max-video-preview":"max-video-preview:-1"},"canonical":"https:\/\/shop.diolosa.com\/pl\/product\/diamentowy-balsam-s-h-i-e-l-d\/","og_locale":"pl_PL","og_type":"article","og_title":"Diamentowy balsam S.H.I.E.L.D - Claude Diolosa","og_description":"&nbsp; &nbsp;","og_url":"https:\/\/shop.diolosa.com\/pl\/product\/diamentowy-balsam-s-h-i-e-l-d\/","og_site_name":"Claude Diolosa","article_publisher":"https:\/\/facebook.com\/claudediolosa","article_modified_time":"2025-04-24T19:23:02+00:00","og_image":[{"width":800,"height":533,"url":"https:\/\/shop.diolosa.com\/wp-content\/uploads\/2021\/03\/diamond-shield-balm.png","type":"image\/png"}],"twitter_card":"summary_large_image","twitter_misc":{"Szacowany czas czytania":"1 minuta"},"schema":{"@context":"https:\/\/schema.org","@graph":[{"@type":"WebPage","@id":"https:\/\/shop.diolosa.com\/pl\/product\/diamentowy-balsam-s-h-i-e-l-d\/","url":"https:\/\/shop.diolosa.com\/pl\/product\/diamentowy-balsam-s-h-i-e-l-d\/","name":"Diamentowy balsam S.H.I.E.L.D - Claude Diolosa","isPartOf":{"@id":"https:\/\/shop.diolosa.com\/pl\/#website"},"primaryImageOfPage":{"@id":"https:\/\/shop.diolosa.com\/pl\/product\/diamentowy-balsam-s-h-i-e-l-d\/#primaryimage"},"image":{"@id":"https:\/\/shop.diolosa.com\/pl\/product\/diamentowy-balsam-s-h-i-e-l-d\/#primaryimage"},"thumbnailUrl":"https:\/\/shop.diolosa.com\/wp-content\/uploads\/2021\/03\/diamond-shield-balm.png","datePublished":"2025-03-10T05:56:33+00:00","dateModified":"2025-04-24T19:23:02+00:00","breadcrumb":{"@id":"https:\/\/shop.diolosa.com\/pl\/product\/diamentowy-balsam-s-h-i-e-l-d\/#breadcrumb"},"inLanguage":"pl-PL","potentialAction":[{"@type":"ReadAction","target":["https:\/\/shop.diolosa.com\/pl\/product\/diamentowy-balsam-s-h-i-e-l-d\/"]}]},{"@type":"ImageObject","inLanguage":"pl-PL","@id":"https:\/\/shop.diolosa.com\/pl\/product\/diamentowy-balsam-s-h-i-e-l-d\/#primaryimage","url":"https:\/\/shop.diolosa.com\/wp-content\/uploads\/2021\/03\/diamond-shield-balm.png","contentUrl":"https:\/\/shop.diolosa.com\/wp-content\/uploads\/2021\/03\/diamond-shield-balm.png","width":800,"height":533},{"@type":"BreadcrumbList","@id":"https:\/\/shop.diolosa.com\/pl\/product\/diamentowy-balsam-s-h-i-e-l-d\/#breadcrumb","itemListElement":[{"@type":"ListItem","position":1,"name":"Startseite","item":"https:\/\/shop.diolosa.com\/pl\/?page_id=3835710"},{"@type":"ListItem","position":2,"name":"Sklep","item":"https:\/\/shop.diolosa.com\/pl\/?page_id=3835710"},{"@type":"ListItem","position":3,"name":"Diamentowy balsam S.H.I.E.L.D"}]},{"@type":"WebSite","@id":"https:\/\/shop.diolosa.com\/pl\/#website","url":"https:\/\/shop.diolosa.com\/pl\/","name":"Claude Diolosa","description":"","publisher":{"@id":"https:\/\/shop.diolosa.com\/pl\/#organization"},"potentialAction":[{"@type":"SearchAction","target":{"@type":"EntryPoint","urlTemplate":"https:\/\/shop.diolosa.com\/pl\/?s={search_term_string}"},"query-input":{"@type":"PropertyValueSpecification","valueRequired":true,"valueName":"search_term_string"}}],"inLanguage":"pl-PL"},{"@type":"Organization","@id":"https:\/\/shop.diolosa.com\/pl\/#organization","name":"Claude Diolosa","url":"https:\/\/shop.diolosa.com\/pl\/","logo":{"@type":"ImageObject","inLanguage":"pl-PL","@id":"https:\/\/shop.diolosa.com\/pl\/#\/schema\/logo\/image\/","url":"https:\/\/shop.diolosa.com\/wp-content\/uploads\/2019\/08\/diolosa-drop-logo-new.png","contentUrl":"https:\/\/shop.diolosa.com\/wp-content\/uploads\/2019\/08\/diolosa-drop-logo-new.png","width":134,"height":176,"caption":"Claude Diolosa"},"image":{"@id":"https:\/\/shop.diolosa.com\/pl\/#\/schema\/logo\/image\/"},"sameAs":["https:\/\/facebook.com\/claudediolosa","https:\/\/www.instagram.com\/diolosaclaude108\/"]}]}},"_links":{"self":[{"href":"https:\/\/shop.diolosa.com\/pl\/wp-json\/wp\/v2\/product\/3841057","targetHints":{"allow":["GET"]}}],"collection":[{"href":"https:\/\/shop.diolosa.com\/pl\/wp-json\/wp\/v2\/product"}],"about":[{"href":"https:\/\/shop.diolosa.com\/pl\/wp-json\/wp\/v2\/types\/product"}],"wp:featuredmedia":[{"embeddable":true,"href":"https:\/\/shop.diolosa.com\/pl\/wp-json\/wp\/v2\/media\/3841059"}],"wp:attachment":[{"href":"https:\/\/shop.diolosa.com\/pl\/wp-json\/wp\/v2\/media?parent=3841057"}],"wp:term":[{"taxonomy":"product_brand","embeddable":true,"href":"https:\/\/shop.diolosa.com\/pl\/wp-json\/wp\/v2\/product_brand?post=3841057"},{"taxonomy":"product_cat","embeddable":true,"href":"https:\/\/shop.diolosa.com\/pl\/wp-json\/wp\/v2\/product_cat?post=3841057"},{"taxonomy":"product_tag","embeddable":true,"href":"https:\/\/shop.diolosa.com\/pl\/wp-json\/wp\/v2\/product_tag?post=3841057"}],"curies":[{"name":"wp","href":"https:\/\/api.w.org\/{rel}","templated":true}]}}