{"id":3841062,"date":"2019-09-04T12:16:33","date_gmt":"2025-03-10T05:56:35","guid":{"rendered":"https:\/\/shop.diolosa.com\/product\/white-pearls-supp\/"},"modified":"2025-04-24T20:24:13","modified_gmt":"2025-04-24T19:24:13","slug":"white-pearls-supp","status":"publish","type":"product","link":"https:\/\/shop.diolosa.com\/pl\/product\/white-pearls-supp\/","title":{"rendered":"White Pearls Supp."},"content":{"rendered":"<p>WHITE PEARLS SUPP. jest stosowany w leczeniu b\u00f3lu z\u0119b\u00f3w u niemowl\u0105t i doros\u0142ych. Czopek ten mo\u017cna podawa\u0107 kilka razy dziennie, ale szczeg\u00f3lnie wieczorem i w nocy, gdy niedob\u00f3r Yin, Puste Ciep\u0142o i Ogie\u0144 \u017bo\u0142\u0105dka powoduj\u0105 b\u00f3l i gor\u0105czk\u0119. Preparat ten od\u017cywia esencj\u0119, zapobiega Pustemu Ciep\u0142u, delikatnie uspokaja Ogie\u0144 \u017bo\u0142\u0105dka bez os\u0142abiania wch\u0142aniania i \u0142agodzi b\u00f3l.<\/p>\n","protected":false},"excerpt":{"rendered":"<p>WHITE PEARLS SUPP. jest stosowany w leczeniu b\u00f3lu z\u0119b\u00f3w u  [&#8230;]<\/p>\n","protected":false},"featured_media":3841063,"template":"","meta":{"_acf_changed":false},"product_brand":[],"product_cat":[11778],"product_tag":[12201],"class_list":{"0":"post-3841062","1":"product","2":"type-product","3":"status-publish","4":"has-post-thumbnail","6":"product_cat-pediatria","7":"product_tag-bol-zeba-czopki","9":"first","10":"instock","11":"taxable","12":"shipping-taxable","13":"purchasable","14":"product-type-simple"},"acf":{"yn_product_audio":"https:\/\/shop.diolosa.com\/wp-content\/uploads\/2018\/12\/DL_0879.mp3","yn_product_video":"https:\/\/shop.diolosa.com\/wp-content\/uploads\/2024\/10\/White-Pearl-Supp.mp4","yn_product_akupunktur":"<p>Akupunktura nie jest konieczna w przypadku dzieci, punkty mo\u017cna lekko masowa\u0107.<\/p>\n<p>\u0141agodzi ogie\u0144 w \u017co\u0142\u0105dku<br \/>\n\u017co\u0142\u0105dek 44 &#8211; nei ting (ying) &#8211; xie fa<br \/>\n\u017co\u0142\u0105dek 45 &#8211; li dui (jing) &#8211; xie fa  <\/p>\n<p>Ig\u0142owanie miejscowe<br \/>\n\u017co\u0142\u0105dek 6 &#8211; jia che &#8211; gui chuan (gui) &#8211; xie fa<br \/>\n\u017co\u0142\u0105dek 4 &#8211; di cang &#8211; xie fa<br \/>\n\u017co\u0142\u0105dek 7 &#8211; xia guan &#8211; xie fa  <\/p>\n<p>Dalekie punkty twarzy<br \/>\njelito grube 4 &#8211; he gu (yuan) &#8211; xie fa<br \/>\njelito grube 2 &#8211; er jian (ying) &#8211; xie fa<br \/>\njelito grube 11 &#8211; qu chi &#8211; gui tui (he &#8211; gui) &#8211; xie fa<br \/>\njelito grube 6 &#8211; pian li (luo) &#8211; xie fa<br \/>\nsan chiao 5 &#8211; wai guan (yang wei mai, luo) &#8211; xie fa  <\/p>\n<p>Uzupe\u0142nia nerki Yin i usuwa puste ciep\u0142o<br \/>\nnerka 3 &#8211; tai xi (shu, yuan) &#8211; bu fa<br \/>\nnerka 6 &#8211; zhao hai (yin qiao mai) &#8211; bu fa<br \/>\nnerka 2 &#8211; rang gu (ying) &#8211; xie fa  <\/p>\n<p>Calm Shen<br \/>\ndu mai 20 &#8211; bai hui &#8211; bai lao (jezioro szpiku kostnego, p\u0119cherza) &#8211; xie fa<br \/>\ndu mai 14 &#8211; da zhui (jezioro qi) &#8211; natrze\u0107 balsamem tygrysim<\/p>\n","yn_product_verabreichungsart":"Czopek","yn_product_dosierung":"<p>Jeden czopek 1 do 3 razy dziennie, zw\u0142aszcza wieczorem i w nocy.<\/p>\n","yn_product_combinations":"<p>WHITE PEARLS TABLETS (b\u00f3l z\u0119ba &#8211; tabletki), DEEP SLEEP FORTE (bezsenno\u015b\u0107), CLEARING THE HEAT (puste ciep\u0142o), SAN BAO TEE, YIN ROOT (niedob\u00f3r yin)<\/p>\n","yn_product_avoidable":"<p>Koper w\u0142oski, kminek, imbir, herbata any\u017cowa, sok pomara\u0144czowy, kie\u0142basa, szynka, mi\u0119so, owoce morza<\/p>\n","yn_product_tcm_mindmapping":"<p>Niedob\u00f3r Yin w nerkach > Puste ciep\u0142o w nerkach > Ogie\u0144 w \u017co\u0142\u0105dku > Ciep\u0142o krwi<\/p>\n","yn_product_tongue_body":"<p>Czerwony<\/p>\n","yn_product_tongue_coating":"<p>Cienki, \u017c\u00f3\u0142tawy kolor w Yang Ming<\/p>\n","yn_product_pulse_diagnostics":"<p>Puls \u017co\u0142\u0105dka: xian mai &#8211; napi\u0119ty, shi mai &#8211; pe\u0142ny, shuo mai &#8211; szybki<\/p>\n","yn_product_indications":"<p>Z\u0105bkowanie niemowl\u0105t, b\u00f3l podczas z\u0105bkowania, zw\u0142aszcza w nocy, niepok\u00f3j, strach, gor\u0105czka<\/p>\n","yn_product_contra_indications":"<p>Choroby zaka\u017ane, wilgo\u0107 i \u015bluz Zimno<\/p>\n","yn_product_pregnancy":"<p>Dozwolone<\/p>\n","yn_product_herbs":"<p>cimicifuga rhizoma &#8211; sheng ma, paeoniae rubrae radix &#8211; chi shao yao, glycyrrhizae uralensis radix &#8211; gan cao, junci medulla &#8211; deng xin cao, ligustri lucidi fructus &#8211; nu zhen zi, puerariae lobatae radix &#8211; ge gen, dioscorea rhizoma &#8211; shan yao<\/p>\n","yn_product_magisterrecipes":"<p>Qing Wei Tang, Zhi Bai Di Huang Tang<\/p>\n"},"yoast_head":"<!-- This site is optimized with the Yoast SEO plugin v24.9 - https:\/\/yoast.com\/wordpress\/plugins\/seo\/ -->\n<title>White Pearls Supp. - Claude Diolosa<\/title>\n<meta name=\"robots\" content=\"index, follow, max-snippet:-1, max-image-preview:large, max-video-preview:-1\" \/>\n<link rel=\"canonical\" href=\"https:\/\/shop.diolosa.com\/pl\/product\/white-pearls-supp\/\" \/>\n<meta property=\"og:locale\" content=\"pl_PL\" \/>\n<meta property=\"og:type\" content=\"article\" \/>\n<meta property=\"og:title\" content=\"White Pearls Supp. - Claude Diolosa\" \/>\n<meta property=\"og:description\" content=\"WHITE PEARLS SUPP. jest stosowany w leczeniu b\u00f3lu z\u0119b\u00f3w u [...]\" \/>\n<meta property=\"og:url\" content=\"https:\/\/shop.diolosa.com\/pl\/product\/white-pearls-supp\/\" \/>\n<meta property=\"og:site_name\" content=\"Claude Diolosa\" \/>\n<meta property=\"article:publisher\" content=\"https:\/\/facebook.com\/claudediolosa\" \/>\n<meta property=\"article:modified_time\" content=\"2025-04-24T19:24:13+00:00\" \/>\n<meta property=\"og:image\" content=\"https:\/\/shop.diolosa.com\/wp-content\/uploads\/2019\/07\/DL_879_Apotheke_IBK_Produkte.jpg\" \/>\n\t<meta property=\"og:image:width\" content=\"800\" \/>\n\t<meta property=\"og:image:height\" content=\"533\" \/>\n\t<meta property=\"og:image:type\" content=\"image\/jpeg\" \/>\n<meta name=\"twitter:card\" content=\"summary_large_image\" \/>\n<script type=\"application\/ld+json\" class=\"yoast-schema-graph\">{\"@context\":\"https:\/\/schema.org\",\"@graph\":[{\"@type\":\"WebPage\",\"@id\":\"https:\/\/shop.diolosa.com\/pl\/product\/white-pearls-supp\/\",\"url\":\"https:\/\/shop.diolosa.com\/pl\/product\/white-pearls-supp\/\",\"name\":\"White Pearls Supp. - Claude Diolosa\",\"isPartOf\":{\"@id\":\"https:\/\/shop.diolosa.com\/pl\/#website\"},\"primaryImageOfPage\":{\"@id\":\"https:\/\/shop.diolosa.com\/pl\/product\/white-pearls-supp\/#primaryimage\"},\"image\":{\"@id\":\"https:\/\/shop.diolosa.com\/pl\/product\/white-pearls-supp\/#primaryimage\"},\"thumbnailUrl\":\"https:\/\/shop.diolosa.com\/wp-content\/uploads\/2019\/07\/DL_879_Apotheke_IBK_Produkte.jpg\",\"datePublished\":\"2025-03-10T05:56:35+00:00\",\"dateModified\":\"2025-04-24T19:24:13+00:00\",\"breadcrumb\":{\"@id\":\"https:\/\/shop.diolosa.com\/pl\/product\/white-pearls-supp\/#breadcrumb\"},\"inLanguage\":\"pl-PL\",\"potentialAction\":[{\"@type\":\"ReadAction\",\"target\":[\"https:\/\/shop.diolosa.com\/pl\/product\/white-pearls-supp\/\"]}]},{\"@type\":\"ImageObject\",\"inLanguage\":\"pl-PL\",\"@id\":\"https:\/\/shop.diolosa.com\/pl\/product\/white-pearls-supp\/#primaryimage\",\"url\":\"https:\/\/shop.diolosa.com\/wp-content\/uploads\/2019\/07\/DL_879_Apotheke_IBK_Produkte.jpg\",\"contentUrl\":\"https:\/\/shop.diolosa.com\/wp-content\/uploads\/2019\/07\/DL_879_Apotheke_IBK_Produkte.jpg\",\"width\":800,\"height\":533},{\"@type\":\"BreadcrumbList\",\"@id\":\"https:\/\/shop.diolosa.com\/pl\/product\/white-pearls-supp\/#breadcrumb\",\"itemListElement\":[{\"@type\":\"ListItem\",\"position\":1,\"name\":\"Startseite\",\"item\":\"https:\/\/shop.diolosa.com\/pl\/?page_id=3835710\"},{\"@type\":\"ListItem\",\"position\":2,\"name\":\"Sklep\",\"item\":\"https:\/\/shop.diolosa.com\/pl\/?page_id=3835710\"},{\"@type\":\"ListItem\",\"position\":3,\"name\":\"White Pearls Supp.\"}]},{\"@type\":\"WebSite\",\"@id\":\"https:\/\/shop.diolosa.com\/pl\/#website\",\"url\":\"https:\/\/shop.diolosa.com\/pl\/\",\"name\":\"Claude Diolosa\",\"description\":\"\",\"publisher\":{\"@id\":\"https:\/\/shop.diolosa.com\/pl\/#organization\"},\"potentialAction\":[{\"@type\":\"SearchAction\",\"target\":{\"@type\":\"EntryPoint\",\"urlTemplate\":\"https:\/\/shop.diolosa.com\/pl\/?s={search_term_string}\"},\"query-input\":{\"@type\":\"PropertyValueSpecification\",\"valueRequired\":true,\"valueName\":\"search_term_string\"}}],\"inLanguage\":\"pl-PL\"},{\"@type\":\"Organization\",\"@id\":\"https:\/\/shop.diolosa.com\/pl\/#organization\",\"name\":\"Claude Diolosa\",\"url\":\"https:\/\/shop.diolosa.com\/pl\/\",\"logo\":{\"@type\":\"ImageObject\",\"inLanguage\":\"pl-PL\",\"@id\":\"https:\/\/shop.diolosa.com\/pl\/#\/schema\/logo\/image\/\",\"url\":\"https:\/\/shop.diolosa.com\/wp-content\/uploads\/2019\/08\/diolosa-drop-logo-new.png\",\"contentUrl\":\"https:\/\/shop.diolosa.com\/wp-content\/uploads\/2019\/08\/diolosa-drop-logo-new.png\",\"width\":134,\"height\":176,\"caption\":\"Claude Diolosa\"},\"image\":{\"@id\":\"https:\/\/shop.diolosa.com\/pl\/#\/schema\/logo\/image\/\"},\"sameAs\":[\"https:\/\/facebook.com\/claudediolosa\",\"https:\/\/www.instagram.com\/diolosaclaude108\/\"]}]}<\/script>\n<!-- \/ Yoast SEO plugin. -->","yoast_head_json":{"title":"White Pearls Supp. - Claude Diolosa","robots":{"index":"index","follow":"follow","max-snippet":"max-snippet:-1","max-image-preview":"max-image-preview:large","max-video-preview":"max-video-preview:-1"},"canonical":"https:\/\/shop.diolosa.com\/pl\/product\/white-pearls-supp\/","og_locale":"pl_PL","og_type":"article","og_title":"White Pearls Supp. - Claude Diolosa","og_description":"WHITE PEARLS SUPP. jest stosowany w leczeniu b\u00f3lu z\u0119b\u00f3w u [...]","og_url":"https:\/\/shop.diolosa.com\/pl\/product\/white-pearls-supp\/","og_site_name":"Claude Diolosa","article_publisher":"https:\/\/facebook.com\/claudediolosa","article_modified_time":"2025-04-24T19:24:13+00:00","og_image":[{"width":800,"height":533,"url":"https:\/\/shop.diolosa.com\/wp-content\/uploads\/2019\/07\/DL_879_Apotheke_IBK_Produkte.jpg","type":"image\/jpeg"}],"twitter_card":"summary_large_image","schema":{"@context":"https:\/\/schema.org","@graph":[{"@type":"WebPage","@id":"https:\/\/shop.diolosa.com\/pl\/product\/white-pearls-supp\/","url":"https:\/\/shop.diolosa.com\/pl\/product\/white-pearls-supp\/","name":"White Pearls Supp. - Claude Diolosa","isPartOf":{"@id":"https:\/\/shop.diolosa.com\/pl\/#website"},"primaryImageOfPage":{"@id":"https:\/\/shop.diolosa.com\/pl\/product\/white-pearls-supp\/#primaryimage"},"image":{"@id":"https:\/\/shop.diolosa.com\/pl\/product\/white-pearls-supp\/#primaryimage"},"thumbnailUrl":"https:\/\/shop.diolosa.com\/wp-content\/uploads\/2019\/07\/DL_879_Apotheke_IBK_Produkte.jpg","datePublished":"2025-03-10T05:56:35+00:00","dateModified":"2025-04-24T19:24:13+00:00","breadcrumb":{"@id":"https:\/\/shop.diolosa.com\/pl\/product\/white-pearls-supp\/#breadcrumb"},"inLanguage":"pl-PL","potentialAction":[{"@type":"ReadAction","target":["https:\/\/shop.diolosa.com\/pl\/product\/white-pearls-supp\/"]}]},{"@type":"ImageObject","inLanguage":"pl-PL","@id":"https:\/\/shop.diolosa.com\/pl\/product\/white-pearls-supp\/#primaryimage","url":"https:\/\/shop.diolosa.com\/wp-content\/uploads\/2019\/07\/DL_879_Apotheke_IBK_Produkte.jpg","contentUrl":"https:\/\/shop.diolosa.com\/wp-content\/uploads\/2019\/07\/DL_879_Apotheke_IBK_Produkte.jpg","width":800,"height":533},{"@type":"BreadcrumbList","@id":"https:\/\/shop.diolosa.com\/pl\/product\/white-pearls-supp\/#breadcrumb","itemListElement":[{"@type":"ListItem","position":1,"name":"Startseite","item":"https:\/\/shop.diolosa.com\/pl\/?page_id=3835710"},{"@type":"ListItem","position":2,"name":"Sklep","item":"https:\/\/shop.diolosa.com\/pl\/?page_id=3835710"},{"@type":"ListItem","position":3,"name":"White Pearls Supp."}]},{"@type":"WebSite","@id":"https:\/\/shop.diolosa.com\/pl\/#website","url":"https:\/\/shop.diolosa.com\/pl\/","name":"Claude Diolosa","description":"","publisher":{"@id":"https:\/\/shop.diolosa.com\/pl\/#organization"},"potentialAction":[{"@type":"SearchAction","target":{"@type":"EntryPoint","urlTemplate":"https:\/\/shop.diolosa.com\/pl\/?s={search_term_string}"},"query-input":{"@type":"PropertyValueSpecification","valueRequired":true,"valueName":"search_term_string"}}],"inLanguage":"pl-PL"},{"@type":"Organization","@id":"https:\/\/shop.diolosa.com\/pl\/#organization","name":"Claude Diolosa","url":"https:\/\/shop.diolosa.com\/pl\/","logo":{"@type":"ImageObject","inLanguage":"pl-PL","@id":"https:\/\/shop.diolosa.com\/pl\/#\/schema\/logo\/image\/","url":"https:\/\/shop.diolosa.com\/wp-content\/uploads\/2019\/08\/diolosa-drop-logo-new.png","contentUrl":"https:\/\/shop.diolosa.com\/wp-content\/uploads\/2019\/08\/diolosa-drop-logo-new.png","width":134,"height":176,"caption":"Claude Diolosa"},"image":{"@id":"https:\/\/shop.diolosa.com\/pl\/#\/schema\/logo\/image\/"},"sameAs":["https:\/\/facebook.com\/claudediolosa","https:\/\/www.instagram.com\/diolosaclaude108\/"]}]}},"_links":{"self":[{"href":"https:\/\/shop.diolosa.com\/pl\/wp-json\/wp\/v2\/product\/3841062","targetHints":{"allow":["GET"]}}],"collection":[{"href":"https:\/\/shop.diolosa.com\/pl\/wp-json\/wp\/v2\/product"}],"about":[{"href":"https:\/\/shop.diolosa.com\/pl\/wp-json\/wp\/v2\/types\/product"}],"wp:featuredmedia":[{"embeddable":true,"href":"https:\/\/shop.diolosa.com\/pl\/wp-json\/wp\/v2\/media\/3841063"}],"wp:attachment":[{"href":"https:\/\/shop.diolosa.com\/pl\/wp-json\/wp\/v2\/media?parent=3841062"}],"wp:term":[{"taxonomy":"product_brand","embeddable":true,"href":"https:\/\/shop.diolosa.com\/pl\/wp-json\/wp\/v2\/product_brand?post=3841062"},{"taxonomy":"product_cat","embeddable":true,"href":"https:\/\/shop.diolosa.com\/pl\/wp-json\/wp\/v2\/product_cat?post=3841062"},{"taxonomy":"product_tag","embeddable":true,"href":"https:\/\/shop.diolosa.com\/pl\/wp-json\/wp\/v2\/product_tag?post=3841062"}],"curies":[{"name":"wp","href":"https:\/\/api.w.org\/{rel}","templated":true}]}}