{"id":3841068,"date":"2020-12-31T10:50:12","date_gmt":"2025-03-10T05:56:37","guid":{"rendered":"https:\/\/shop.diolosa.com\/product\/diamond-s-h-i-e-l-d-140-sztuk\/"},"modified":"2025-04-24T20:22:56","modified_gmt":"2025-04-24T19:22:56","slug":"diamond-s-h-i-e-l-d-140-sztuk","status":"publish","type":"product","link":"https:\/\/shop.diolosa.com\/pl\/product\/diamond-s-h-i-e-l-d-140-sztuk\/","title":{"rendered":"Diamond S.H.I.E.L.D &#8211; 140 sztuk"},"content":{"rendered":"<p>DIAMOND S.H.I.E.L.D TABLETS jest stosowany w celu zapobiegania skutkom ubocznym szczepionek. Preparat ten penetruje XUE FEN i YING FEN, usuwa Ciep\u0142o Krwi, eliminuje toksyny, zapobiega Zastojowi Krwi i NEI FENG (Wiatry Wewn\u0119trzne, zaburzenia OUN).<br \/>\nDIAMOND S.H.I.E.L.D nale\u017cy przyjmowa\u0107 \u0142\u0105cznie przez 11 dni jako \u015brodek zapobiegawczy na 3 dni przed wizyt\u0105, w dniu samego szczepienia i przez 7 dni po szczepieniu. Zaleca si\u0119 przyjmowanie 3 x 4 tabletki dziennie. W oparciu o najnowsze obserwacje kliniczne od kwietnia 2021 r. pod nadzorem terapeutycznym zaleca si\u0119 przyjmowanie do 3 x 10 granulek dziennie &#8211; w tym celu dost\u0119pne jest obecnie opakowanie 700 granulek. DIAMOND S.H.I.E.L.D usuwa toksyny poprzez uk\u0142ad wydalniczy (Yang Ming i Tai Yang) i mo\u017ce by\u0107 r\u00f3wnie\u017c podawany dzieciom i osobom starszym.   <\/p>\n<p>Kolejne bardzo wa\u017cne ostrze\u017cenie: szczepionka nigdy nie powinna by\u0107 wstrzykiwana w punkt &#8222;Jelito grube 15&#8221;. Jelito grube 15 jest punktem przeci\u0119cia Yang Qiao Mai, a tak\u017ce odleg\u0142ym punktem m\u00f3zgu. Nale\u017cy bardzo uwa\u017ca\u0107, aby szczepionka nie zosta\u0142a wstrzykni\u0119ta ani w punkcie jelita grubego 15, ani w punkcie jelita grubego 14, poniewa\u017c ryzyko neurologicznych skutk\u00f3w ubocznych jest bardzo wysokie. Te dwa punkty s\u0105 &#8222;jedn\u0105 drog\u0105 do nieba&#8221; (m\u00f3zgu). Nie nale\u017cy r\u00f3wnie\u017c wstrzykiwa\u0107 \u017cadnych lek\u00f3w ani szczepionek w P\u0119cherzyk \u017b\u00f3\u0142ciowy 30 &#8211; Huan Tiao, poniewa\u017c ryzyko neurologicznych skutk\u00f3w ubocznych jest tutaj r\u00f3wnie\u017c bardzo wysokie.    <\/p>\n<p>&nbsp;<\/p>\n","protected":false},"excerpt":{"rendered":"<p>&nbsp;<\/p>\n<p>&nbsp;<\/p>\n","protected":false},"featured_media":3835943,"template":"","meta":{"_acf_changed":false},"product_brand":[],"product_cat":[11793,11834,11771],"product_tag":[12177,12176,11961,12175],"class_list":{"0":"post-3841068","1":"product","2":"type-product","3":"status-publish","4":"has-post-thumbnail","6":"product_cat-immunologia","7":"product_cat-neurologia","8":"product_cat-wen-bing-lun-pl","9":"product_tag-covid-pl","10":"product_tag-korona","11":"product_tag-szczepienia-pozne-skutki","12":"product_tag-wirus","14":"first","15":"instock","16":"taxable","17":"shipping-taxable","18":"purchasable","19":"product-type-simple"},"acf":{"yn_product_audio":"https:\/\/shop.diolosa.com\/wp-content\/uploads\/2022\/10\/DL_Diamond-S.H.I.E.L.D-Tabletten.m4a","yn_product_video":"https:\/\/shop.diolosa.com\/wp-content\/uploads\/2019\/09\/Diamond-Shield-Tablets.mp4","yn_product_akupunktur":"<p>Akupunktura OUN &#8211; YING FEN &#8211; xie fa<br \/>\nsi shen cong &#8211; M-HN-1 (m\u00f3zg, OUN)<br \/>\nyin tang &#8211; M-HN-3<br \/>\ndu mai 20 &#8211; bai hui &#8211; bai lao (jezioro szpiku kostnego, p\u0119cherz moczowy)<br \/>\nworeczek \u017c\u00f3\u0142ciowy 19 &#8211; nao kong<br \/>\ndu mai 17 &#8211; nao hu (p\u0119cherz moczowy)<br \/>\nworeczek \u017c\u00f3\u0142ciowy 14 &#8211; yang bai (\u017co\u0142\u0105dek, yang wei mai)<br \/>\ndu mai 24 &#8211; shen ting (p\u0119cherz, \u017co\u0142\u0105dek, gui)<br \/>\nworeczek \u017c\u00f3\u0142ciowy 20 &#8211; feng chi (san chiao, yang wei mai)<br \/>\njelito grube 15 &#8211; jian yu (yang qiao mai)<br \/>\nkr\u0105\u017cenie 5 &#8211; jian shi &#8211; gui lu (jing, gui)<br \/>\nkr\u0105\u017cenie 6 &#8211; nei guan (luo, yin wei mai)<\/p>\n<p>Czyste ciep\u0142o krwi &#8211; XUE FEN &#8211; xie fa<br \/>\nw\u0105troba 2 &#8211; xing jian (ying)<br \/>\n\u015bledziona 10 &#8211; xue hai (jezioro krwi)<br \/>\np\u0119cherz 40 &#8211; wei zhong (he, xia he xue &#8211; p\u0119cherz, xi krwi, jing bie ni\/bl)<br \/>\np\u0119cherz 17 &#8211; ge shu (krew)<br \/>\njelito grube 11 &#8211; qu chi &#8211; gui tui (he &#8211; gui)<\/p>\n<p>Wype\u0142nij nerk\u0119 Jing &#8211; bu fa<br \/>\np\u0119cherz 20 &#8211; pi shu<br \/>\nworeczek \u017c\u00f3\u0142ciowy 25 &#8211; jing men (mo &#8211; nerka)<br \/>\nworeczek \u017c\u00f3\u0142ciowy 39 &#8211; xuan zhong &#8211; jue gu (znak)<br \/>\nnerka 3 &#8211; tai xi (shu,yuan)<br \/>\nnerka 7 &#8211; fu liu (jing)<br \/>\n\u015bledziona 6 &#8211; san yin jiao (le,ni,mb)<\/p>\n","yn_product_verabreichungsart":"Pelety 140szt.","yn_product_dosierung":"<p>Przyjmowa\u0107 \u0142\u0105cznie przez 11 dni, jako \u015brodek zapobiegawczy na 3 dni przed wizyt\u0105, w dniu samego szczepienia i przez 7 dni po szczepieniu. Zaleca si\u0119 przyjmowanie 3 x 4 tabletki dziennie. W oparciu o najnowsze obserwacje kliniczne od kwietnia 2021 r. pod nadzorem terapeutycznym zaleca si\u0119 przyjmowanie do 3 x 10 granulek dziennie &#8211; w tym celu dost\u0119pne jest obecnie opakowanie 700 granulek.  <\/p>\n<p>Zaleca si\u0119 r\u00f3wnie\u017c ponowne przyjmowanie tego preparatu po 90 dniach (od dnia 87), 180 dniach (od dnia 177) i 270 dniach (od dnia 267) przez okres 4 dni (3 x 4 tabletki dziennie). Te trzy 90-dniowe cykle stanowi\u0105 cz\u0119\u015b\u0107 terapii, poniewa\u017c skutki uboczne mog\u0105 ujawni\u0107 si\u0119 w\u0142a\u015bnie w tym okresie. W przypadku dw\u00f3ch dat szczepienia leczenie to nale\u017cy r\u00f3wnie\u017c przeprowadzi\u0107 dwukrotnie, tj. nale\u017cy je liczy\u0107 zar\u00f3wno od pierwszej, jak i drugiej daty.  <\/p>\n","yn_product_combinations":"<p>DIAMOND S.H.I.E.L.D BALM (Ma\u015b\u0107 &#8211; Szczepienie), FREEDOM (Wirus &#8211; M\u0119tne Wilgotne Ciep\u0142o i Toksyny), WBL GREEN PROTECTION SCREEN (Grypa &#8211; Wietrzne Ciep\u0142o i Wietrzna Sucho\u015b\u0107), WBL PURPLE PROTECTION SCREEN (Syndrom Xue Fen), WBL BLACK PROTECTION SCREEN (Niedob\u00f3r Yin i Puste Ciep\u0142o), THUNDERSTORM (epilepsja), RECOVERING STRENGTH (udar m\u00f3zgu), RECOVERING SYMMETRY (pora\u017cenie nerwu twarzowego), CALMING THE WIND (choroba Parkinsona), SUNSET (neurodermit), CLEARING THE HEAT (niedob\u00f3r Yin i puste ciep\u0142o), YIN ROOT and SAN BAO TEA (niedob\u00f3r Yin i wychudzenie).<\/p>\n","yn_product_avoidable":"<p>Pikantne i ostre przyprawy (takie jak ras el hanout, pieprz, tabasco, chili, imbir, go\u017adziki, pieprz syczua\u0144ski, curry), ocet, alkohol, jagni\u0119cina, dr\u00f3b, owoce morza i ryby.<\/p>\n","yn_product_tcm_mindmapping":"<p>WBL  >  Szczepienia  >  Zesp\u00f3\u0142 XUE FEN  >  Ciep\u0142o krwi i toksyny  >  Krwawienie i przekrwienie  >  dolegliwo\u015bci neurologiczne  >  NEI FENG  >  Wyczerpanie Yin  >  Puste ciep\u0142o<\/p>\n","yn_product_tongue_body":"<p>Ciemnoczerwony, plamisty, w zale\u017cno\u015bci od wcze\u015bniejszej choroby<\/p>\n","yn_product_tongue_coating":"<p>Cienki, \u017c\u00f3\u0142tawy, suchy<\/p>\n","yn_product_pulse_diagnostics":"<p>fu mai &#8211; powierzchowny, xian mai &#8211; napi\u0119ty, xi mai &#8211; cienki, shuo mai &#8211; szybki, xu mai &#8211; pusty, w zale\u017cno\u015bci od istniej\u0105cego wcze\u015bniej stanu.<\/p>\n","yn_product_indications":"<p>Skutki uboczne szczepionki, takie jak: Zakrzepica, udar, gor\u0105czka, b\u00f3l g\u0142owy, drgawki, drgawki, parali\u017c twarzy, wiruj\u0105ce zawroty g\u0142owy, zaburzenia widzenia, wysypki sk\u00f3rne, sw\u0119dzenie sk\u00f3ry, krwawienie (zwi\u0105zane z ciep\u0142em krwi), zesp\u00f3\u0142 niespokojnych n\u00f3g, ADHD, zaburzenia snu, niepok\u00f3j, choroby autoimmunologiczne, choroby neurodegeneracyjne, zesp\u00f3\u0142 Wei (stwardnienie rozsiane), autyzm, niep\u0142odno\u015b\u0107, ryzyko poronienia.<br \/>\nWymienione objawy s\u0105 zgodne z 90-dniowym prawem (nauczanie YI JING) i mog\u0105 wyst\u0105pi\u0107 natychmiast lub po 90, 180 i 270 dniach.<\/p>\n","yn_product_contra_indications":"<p>W oparciu o sytuacj\u0119 awaryjn\u0105 i nasze do\u015bwiadczenie kliniczne, 12-dniowa terapia powinna by\u0107 prowadzona we wszystkich przypadkach.<\/p>\n","yn_product_pregnancy":"<p>Dozwolone<\/p>\n","yn_product_herbs":"<p>Yi yi ren &#8211; da qing ye &#8211; jin yin hua &#8211; pu gong ying &#8211; chi shao &#8211; sang ye &#8211; chen pi &#8211; zhi gan cao<\/p>\n","yn_product_magisterrecipes":"<p>Pu Ji Xiao Du Yin, Wu Wei Xiao Du Yin, Qing Ying Tang, Xi Jiao Di Huang Tang, Zhen Gan Xi Feng Tang, Tian Ma Gou Teng Yin, Zhi Jing San<\/p>\n"},"yoast_head":"<!-- This site is optimized with the Yoast SEO plugin v24.9 - https:\/\/yoast.com\/wordpress\/plugins\/seo\/ -->\n<title>Diamond S.H.I.E.L.D - 140 sztuk - Claude Diolosa<\/title>\n<meta name=\"robots\" content=\"index, follow, max-snippet:-1, max-image-preview:large, max-video-preview:-1\" \/>\n<link rel=\"canonical\" href=\"https:\/\/shop.diolosa.com\/pl\/product\/diamond-s-h-i-e-l-d-140-sztuk\/\" \/>\n<meta property=\"og:locale\" content=\"pl_PL\" \/>\n<meta property=\"og:type\" content=\"article\" \/>\n<meta property=\"og:title\" content=\"Diamond S.H.I.E.L.D - 140 sztuk - Claude Diolosa\" \/>\n<meta property=\"og:description\" content=\"&nbsp; &nbsp;\" \/>\n<meta property=\"og:url\" content=\"https:\/\/shop.diolosa.com\/pl\/product\/diamond-s-h-i-e-l-d-140-sztuk\/\" \/>\n<meta property=\"og:site_name\" content=\"Claude Diolosa\" \/>\n<meta property=\"article:publisher\" content=\"https:\/\/facebook.com\/claudediolosa\" \/>\n<meta property=\"article:modified_time\" content=\"2025-04-24T19:22:56+00:00\" \/>\n<meta property=\"og:image\" content=\"https:\/\/shop.diolosa.com\/wp-content\/uploads\/2019\/09\/Presslinge-140.jpg\" \/>\n\t<meta property=\"og:image:width\" content=\"800\" \/>\n\t<meta property=\"og:image:height\" content=\"533\" \/>\n\t<meta property=\"og:image:type\" content=\"image\/jpeg\" \/>\n<meta name=\"twitter:card\" content=\"summary_large_image\" \/>\n<meta name=\"twitter:label1\" content=\"Szacowany czas czytania\" \/>\n\t<meta name=\"twitter:data1\" content=\"1 minuta\" \/>\n<script type=\"application\/ld+json\" class=\"yoast-schema-graph\">{\"@context\":\"https:\/\/schema.org\",\"@graph\":[{\"@type\":\"WebPage\",\"@id\":\"https:\/\/shop.diolosa.com\/pl\/product\/diamond-s-h-i-e-l-d-140-sztuk\/\",\"url\":\"https:\/\/shop.diolosa.com\/pl\/product\/diamond-s-h-i-e-l-d-140-sztuk\/\",\"name\":\"Diamond S.H.I.E.L.D - 140 sztuk - Claude Diolosa\",\"isPartOf\":{\"@id\":\"https:\/\/shop.diolosa.com\/pl\/#website\"},\"primaryImageOfPage\":{\"@id\":\"https:\/\/shop.diolosa.com\/pl\/product\/diamond-s-h-i-e-l-d-140-sztuk\/#primaryimage\"},\"image\":{\"@id\":\"https:\/\/shop.diolosa.com\/pl\/product\/diamond-s-h-i-e-l-d-140-sztuk\/#primaryimage\"},\"thumbnailUrl\":\"https:\/\/shop.diolosa.com\/wp-content\/uploads\/2019\/09\/Presslinge-140.jpg\",\"datePublished\":\"2025-03-10T05:56:37+00:00\",\"dateModified\":\"2025-04-24T19:22:56+00:00\",\"breadcrumb\":{\"@id\":\"https:\/\/shop.diolosa.com\/pl\/product\/diamond-s-h-i-e-l-d-140-sztuk\/#breadcrumb\"},\"inLanguage\":\"pl-PL\",\"potentialAction\":[{\"@type\":\"ReadAction\",\"target\":[\"https:\/\/shop.diolosa.com\/pl\/product\/diamond-s-h-i-e-l-d-140-sztuk\/\"]}]},{\"@type\":\"ImageObject\",\"inLanguage\":\"pl-PL\",\"@id\":\"https:\/\/shop.diolosa.com\/pl\/product\/diamond-s-h-i-e-l-d-140-sztuk\/#primaryimage\",\"url\":\"https:\/\/shop.diolosa.com\/wp-content\/uploads\/2019\/09\/Presslinge-140.jpg\",\"contentUrl\":\"https:\/\/shop.diolosa.com\/wp-content\/uploads\/2019\/09\/Presslinge-140.jpg\",\"width\":800,\"height\":533},{\"@type\":\"BreadcrumbList\",\"@id\":\"https:\/\/shop.diolosa.com\/pl\/product\/diamond-s-h-i-e-l-d-140-sztuk\/#breadcrumb\",\"itemListElement\":[{\"@type\":\"ListItem\",\"position\":1,\"name\":\"Startseite\",\"item\":\"https:\/\/shop.diolosa.com\/pl\/?page_id=3835710\"},{\"@type\":\"ListItem\",\"position\":2,\"name\":\"Sklep\",\"item\":\"https:\/\/shop.diolosa.com\/pl\/?page_id=3835710\"},{\"@type\":\"ListItem\",\"position\":3,\"name\":\"Diamond S.H.I.E.L.D &#8211; 140 sztuk\"}]},{\"@type\":\"WebSite\",\"@id\":\"https:\/\/shop.diolosa.com\/pl\/#website\",\"url\":\"https:\/\/shop.diolosa.com\/pl\/\",\"name\":\"Claude Diolosa\",\"description\":\"\",\"publisher\":{\"@id\":\"https:\/\/shop.diolosa.com\/pl\/#organization\"},\"potentialAction\":[{\"@type\":\"SearchAction\",\"target\":{\"@type\":\"EntryPoint\",\"urlTemplate\":\"https:\/\/shop.diolosa.com\/pl\/?s={search_term_string}\"},\"query-input\":{\"@type\":\"PropertyValueSpecification\",\"valueRequired\":true,\"valueName\":\"search_term_string\"}}],\"inLanguage\":\"pl-PL\"},{\"@type\":\"Organization\",\"@id\":\"https:\/\/shop.diolosa.com\/pl\/#organization\",\"name\":\"Claude Diolosa\",\"url\":\"https:\/\/shop.diolosa.com\/pl\/\",\"logo\":{\"@type\":\"ImageObject\",\"inLanguage\":\"pl-PL\",\"@id\":\"https:\/\/shop.diolosa.com\/pl\/#\/schema\/logo\/image\/\",\"url\":\"https:\/\/shop.diolosa.com\/wp-content\/uploads\/2019\/08\/diolosa-drop-logo-new.png\",\"contentUrl\":\"https:\/\/shop.diolosa.com\/wp-content\/uploads\/2019\/08\/diolosa-drop-logo-new.png\",\"width\":134,\"height\":176,\"caption\":\"Claude Diolosa\"},\"image\":{\"@id\":\"https:\/\/shop.diolosa.com\/pl\/#\/schema\/logo\/image\/\"},\"sameAs\":[\"https:\/\/facebook.com\/claudediolosa\",\"https:\/\/www.instagram.com\/diolosaclaude108\/\"]}]}<\/script>\n<!-- \/ Yoast SEO plugin. -->","yoast_head_json":{"title":"Diamond S.H.I.E.L.D - 140 sztuk - Claude Diolosa","robots":{"index":"index","follow":"follow","max-snippet":"max-snippet:-1","max-image-preview":"max-image-preview:large","max-video-preview":"max-video-preview:-1"},"canonical":"https:\/\/shop.diolosa.com\/pl\/product\/diamond-s-h-i-e-l-d-140-sztuk\/","og_locale":"pl_PL","og_type":"article","og_title":"Diamond S.H.I.E.L.D - 140 sztuk - Claude Diolosa","og_description":"&nbsp; &nbsp;","og_url":"https:\/\/shop.diolosa.com\/pl\/product\/diamond-s-h-i-e-l-d-140-sztuk\/","og_site_name":"Claude Diolosa","article_publisher":"https:\/\/facebook.com\/claudediolosa","article_modified_time":"2025-04-24T19:22:56+00:00","og_image":[{"width":800,"height":533,"url":"https:\/\/shop.diolosa.com\/wp-content\/uploads\/2019\/09\/Presslinge-140.jpg","type":"image\/jpeg"}],"twitter_card":"summary_large_image","twitter_misc":{"Szacowany czas czytania":"1 minuta"},"schema":{"@context":"https:\/\/schema.org","@graph":[{"@type":"WebPage","@id":"https:\/\/shop.diolosa.com\/pl\/product\/diamond-s-h-i-e-l-d-140-sztuk\/","url":"https:\/\/shop.diolosa.com\/pl\/product\/diamond-s-h-i-e-l-d-140-sztuk\/","name":"Diamond S.H.I.E.L.D - 140 sztuk - Claude Diolosa","isPartOf":{"@id":"https:\/\/shop.diolosa.com\/pl\/#website"},"primaryImageOfPage":{"@id":"https:\/\/shop.diolosa.com\/pl\/product\/diamond-s-h-i-e-l-d-140-sztuk\/#primaryimage"},"image":{"@id":"https:\/\/shop.diolosa.com\/pl\/product\/diamond-s-h-i-e-l-d-140-sztuk\/#primaryimage"},"thumbnailUrl":"https:\/\/shop.diolosa.com\/wp-content\/uploads\/2019\/09\/Presslinge-140.jpg","datePublished":"2025-03-10T05:56:37+00:00","dateModified":"2025-04-24T19:22:56+00:00","breadcrumb":{"@id":"https:\/\/shop.diolosa.com\/pl\/product\/diamond-s-h-i-e-l-d-140-sztuk\/#breadcrumb"},"inLanguage":"pl-PL","potentialAction":[{"@type":"ReadAction","target":["https:\/\/shop.diolosa.com\/pl\/product\/diamond-s-h-i-e-l-d-140-sztuk\/"]}]},{"@type":"ImageObject","inLanguage":"pl-PL","@id":"https:\/\/shop.diolosa.com\/pl\/product\/diamond-s-h-i-e-l-d-140-sztuk\/#primaryimage","url":"https:\/\/shop.diolosa.com\/wp-content\/uploads\/2019\/09\/Presslinge-140.jpg","contentUrl":"https:\/\/shop.diolosa.com\/wp-content\/uploads\/2019\/09\/Presslinge-140.jpg","width":800,"height":533},{"@type":"BreadcrumbList","@id":"https:\/\/shop.diolosa.com\/pl\/product\/diamond-s-h-i-e-l-d-140-sztuk\/#breadcrumb","itemListElement":[{"@type":"ListItem","position":1,"name":"Startseite","item":"https:\/\/shop.diolosa.com\/pl\/?page_id=3835710"},{"@type":"ListItem","position":2,"name":"Sklep","item":"https:\/\/shop.diolosa.com\/pl\/?page_id=3835710"},{"@type":"ListItem","position":3,"name":"Diamond S.H.I.E.L.D &#8211; 140 sztuk"}]},{"@type":"WebSite","@id":"https:\/\/shop.diolosa.com\/pl\/#website","url":"https:\/\/shop.diolosa.com\/pl\/","name":"Claude Diolosa","description":"","publisher":{"@id":"https:\/\/shop.diolosa.com\/pl\/#organization"},"potentialAction":[{"@type":"SearchAction","target":{"@type":"EntryPoint","urlTemplate":"https:\/\/shop.diolosa.com\/pl\/?s={search_term_string}"},"query-input":{"@type":"PropertyValueSpecification","valueRequired":true,"valueName":"search_term_string"}}],"inLanguage":"pl-PL"},{"@type":"Organization","@id":"https:\/\/shop.diolosa.com\/pl\/#organization","name":"Claude Diolosa","url":"https:\/\/shop.diolosa.com\/pl\/","logo":{"@type":"ImageObject","inLanguage":"pl-PL","@id":"https:\/\/shop.diolosa.com\/pl\/#\/schema\/logo\/image\/","url":"https:\/\/shop.diolosa.com\/wp-content\/uploads\/2019\/08\/diolosa-drop-logo-new.png","contentUrl":"https:\/\/shop.diolosa.com\/wp-content\/uploads\/2019\/08\/diolosa-drop-logo-new.png","width":134,"height":176,"caption":"Claude Diolosa"},"image":{"@id":"https:\/\/shop.diolosa.com\/pl\/#\/schema\/logo\/image\/"},"sameAs":["https:\/\/facebook.com\/claudediolosa","https:\/\/www.instagram.com\/diolosaclaude108\/"]}]}},"_links":{"self":[{"href":"https:\/\/shop.diolosa.com\/pl\/wp-json\/wp\/v2\/product\/3841068","targetHints":{"allow":["GET"]}}],"collection":[{"href":"https:\/\/shop.diolosa.com\/pl\/wp-json\/wp\/v2\/product"}],"about":[{"href":"https:\/\/shop.diolosa.com\/pl\/wp-json\/wp\/v2\/types\/product"}],"wp:featuredmedia":[{"embeddable":true,"href":"https:\/\/shop.diolosa.com\/pl\/wp-json\/wp\/v2\/media\/3835943"}],"wp:attachment":[{"href":"https:\/\/shop.diolosa.com\/pl\/wp-json\/wp\/v2\/media?parent=3841068"}],"wp:term":[{"taxonomy":"product_brand","embeddable":true,"href":"https:\/\/shop.diolosa.com\/pl\/wp-json\/wp\/v2\/product_brand?post=3841068"},{"taxonomy":"product_cat","embeddable":true,"href":"https:\/\/shop.diolosa.com\/pl\/wp-json\/wp\/v2\/product_cat?post=3841068"},{"taxonomy":"product_tag","embeddable":true,"href":"https:\/\/shop.diolosa.com\/pl\/wp-json\/wp\/v2\/product_tag?post=3841068"}],"curies":[{"name":"wp","href":"https:\/\/api.w.org\/{rel}","templated":true}]}}