{"id":3841069,"date":"2019-09-04T12:15:20","date_gmt":"2025-03-10T05:56:37","guid":{"rendered":"https:\/\/shop.diolosa.com\/product\/yin-root-700szt\/"},"modified":"2025-05-06T14:50:39","modified_gmt":"2025-05-06T13:50:39","slug":"yin-root-700szt","status":"publish","type":"product","link":"https:\/\/shop.diolosa.com\/pl\/product\/yin-root-700szt\/","title":{"rendered":"Yin Root &#8211; 700szt."},"content":{"rendered":"<p>YIN ROOT jest stosowany w leczeniu niedoboru Yin i Qi nerek. Preparat ten od\u017cywia Yin bez tworzenia wilgoci i stagnacji, tonizuje poporodowe \u017ar\u00f3d\u0142o Yin (JING) i wzmacnia Qi nerek. Ten wspania\u0142y preparat ma dzia\u0142anie regeneruj\u0105ce i powinien by\u0107 uwa\u017cany za eliksir \u017cycia.<\/p>\n","protected":false},"excerpt":{"rendered":"<p>YIN ROOT jest stosowany w leczeniu niedoboru Yin i Qi  [&#8230;]<\/p>\n","protected":false},"featured_media":3841054,"template":"","meta":{"_acf_changed":false},"product_brand":[],"product_cat":[12034],"product_tag":[12206],"class_list":{"0":"post-3841069","1":"product","2":"type-product","3":"status-publish","4":"has-post-thumbnail","6":"product_cat-przedluzenie-zycia","7":"product_tag-niedobor-yin-700szt","9":"first","10":"instock","11":"taxable","12":"shipping-taxable","13":"purchasable","14":"product-type-simple"},"acf":{"yn_product_audio":"https:\/\/shop.diolosa.com\/wp-content\/uploads\/2018\/12\/DL_0389.mp3","yn_product_video":"https:\/\/shop.diolosa.com\/wp-content\/uploads\/2019\/09\/Yin-Root-.mp4","yn_product_akupunktur":"<p>Uzupe\u0142nia Yin i wzmacnia Qi<br \/>\nren mai 4 &#8211; guan yuan (mo> jelito cienkie, w\u0105troba, nerki, \u015bledziona) &#8211; bu fa z moks\u0105<br \/>\nren mai 6 &#8211; qi hai &#8211; bu fa z moks\u0105<br \/>\nren mai 12 &#8211; zhong wan (mo>\u017co\u0142\u0105dek, ba hui xue, jelito cienkie, san chiao, \u017co\u0142\u0105dek) &#8211; bu fa z moks\u0105<br \/>\nren mai 8 &#8211; shen que &#8211; bu fa z moks\u0105<br \/>\n\u017co\u0142\u0105dek 36 &#8211; to san li (shu, xia he xue &#8211; \u017co\u0142\u0105dek, si hai xue, si zhong xue) &#8211; bu fa z moks\u0105<br \/>\nba\u0144ka 43 &#8211; gao huang shu &#8211; bu fa z moks\u0105<br \/>\n\u015bledziona 17 &#8211; shi dou &#8211; bu fa<br \/>\nba\u0144ka 23 &#8211; shen shu &#8211; bu fa z moks\u0105<br \/>\nnerka 3 &#8211; tai xi (shu,yuan) &#8211; bu fa<br \/>\nnerka 7 &#8211; fu liu (jing) &#8211; bu fa<br \/>\nnerka 6 &#8211; zhao hai (yin qiao mai) &#8211; bu fa<br \/>\nnerka 8 &#8211; jiao xin (xi > yin qiao mai) &#8211; bu fa<br \/>\nserce 6 &#8211; yin xi (xi) &#8211; bu fa<br \/>\nnerka 2 &#8211; rang gu (ying) &#8211; xie fa  <\/p>\n<p>Cudowne naczynia<br \/>\n\u015bledziona 4 &#8211; gong sun (luo, chong mai) &#8211; bu fa<br \/>\nkr\u0105\u017cenie 6 &#8211; nei guan (luo, yin wei mai) &#8211; bu fa<br \/>\np\u0142uca 7 &#8211; lie que (luo, ren mai) &#8211; bu fa<br \/>\nnerki 6 &#8211; zhao hai (yin qiao mai) &#8211; bu fa<\/p>\n","yn_product_verabreichungsart":"Pellet 700szt.","yn_product_dosierung":"<p>3 x 4 do 9 tabletek dziennie. Zaleca si\u0119 przyjmowanie tego preparatu po po\u0142udniu razem z SAN BAO TEE. Czas trwania terapii: co najmniej 120 dni.  <\/p>\n","yn_product_combinations":"<p>SAN BAO TEE (niedob\u00f3r Yin w nerkach), DEEP SLEEP FORTE (bezsenno\u015b\u0107), COOL MOON (menopauza), CLEARING THE HEAT (niedob\u00f3r Yin z pustym ciep\u0142em), NOURISHING THE ESSENCE (niedob\u00f3r Yin i Jin Ye), REGENERATION (niedob\u00f3r Qi i Yang prowadzi do niedoboru Yin).<\/p>\n","yn_product_avoidable":"<p>Zimne pokarmy, surowe warzywa, kawa, czarna herbata, zielona herbata, pomidor, og\u00f3rek, bak\u0142a\u017can, kapusta peki\u0144ska, korze\u0144 selera, cukier, bardzo ostre pokarmy, takie jak jagni\u0119cina, owoce morza, alkohol, ostre przyprawy, ga\u0142ka muszkato\u0142owa, pieprz, chili.<\/p>\n","yn_product_tcm_mindmapping":"<p>Niedob\u00f3r Qi \u015bledziony > Wilgo\u0107 > Niedob\u00f3r Yin i Qi nerek > Niedob\u00f3r krwi w\u0105troby > Niedob\u00f3r krwi serca > Wiatr w sercu<\/p>\n","yn_product_tongue_body":"<p>Kr\u00f3tka, cienka, w\u0105ska, sucha, pionowo p\u0119kni\u0119ta w Shao Yin, czerwona<\/p>\n","yn_product_tongue_coating":"<p>Rzadkie, suche, nieco \u017c\u00f3\u0142tawe, nieliczne korzenie<\/p>\n","yn_product_pulse_diagnostics":"<p>Og\u00f3lne: fu mai &#8211; powierzchowny, xian mai &#8211; napi\u0119ty, xi mai &#8211; cienki, shuo mai &#8211; szybki, xu mai &#8211; pusty<\/p>\n","yn_product_indications":"<p>Wyczerpanie, p\u00f3\u017ane skutki chemioterapii i radioterapii, utrata masy cia\u0142a, niep\u0142odno\u015b\u0107, poronienie, apatia, depresja i wyczerpanie po stosunku, przewlek\u0142y b\u00f3l plec\u00f3w, dzwonienie w uszach, wyczerpanie po porodzie, utrata w\u0142os\u00f3w, brwi i rz\u0119s.<\/p>\n","yn_product_contra_indications":"<p>Niedob\u00f3r Yang nerek z wilgoci\u0105 i zimn\u0105 flegm\u0105, wielomocz, biegunka<\/p>\n","yn_product_pregnancy":"<p>Dozwolone<\/p>\n","yn_product_herbs":"<p>astragali radix &#8211; huang qi, sclerotium poriae cocos &#8211; fu ling, cuscutae semen &#8211; tu si zi, eucommiae cortex praep &#8211; yan zhi du zhong, lycii fructus &#8211; gou qi zi, rhemanniae radix praep &#8211; shu di huang, paeoniae albae radix &#8211; bai shao yao<\/p>\n","yn_product_magisterrecipes":"<p>Zuo Gui Yin, Liu Wei Di Huang Tang<\/p>\n"},"yoast_head":"<!-- This site is optimized with the Yoast SEO plugin v24.9 - https:\/\/yoast.com\/wordpress\/plugins\/seo\/ -->\n<title>Yin Root - 700szt. - Claude Diolosa<\/title>\n<meta name=\"robots\" content=\"index, follow, max-snippet:-1, max-image-preview:large, max-video-preview:-1\" \/>\n<link rel=\"canonical\" href=\"https:\/\/shop.diolosa.com\/pl\/product\/yin-root-700szt\/\" \/>\n<meta property=\"og:locale\" content=\"pl_PL\" \/>\n<meta property=\"og:type\" content=\"article\" \/>\n<meta property=\"og:title\" content=\"Yin Root - 700szt. - Claude Diolosa\" \/>\n<meta property=\"og:description\" content=\"YIN ROOT jest stosowany w leczeniu niedoboru Yin i Qi [...]\" \/>\n<meta property=\"og:url\" content=\"https:\/\/shop.diolosa.com\/pl\/product\/yin-root-700szt\/\" \/>\n<meta property=\"og:site_name\" content=\"Claude Diolosa\" \/>\n<meta property=\"article:publisher\" content=\"https:\/\/facebook.com\/claudediolosa\" \/>\n<meta property=\"article:modified_time\" content=\"2025-05-06T13:50:39+00:00\" \/>\n<meta property=\"og:image\" content=\"https:\/\/shop.diolosa.com\/wp-content\/uploads\/2019\/09\/Presslinge-700.jpg\" \/>\n\t<meta property=\"og:image:width\" content=\"800\" \/>\n\t<meta property=\"og:image:height\" content=\"533\" \/>\n\t<meta property=\"og:image:type\" content=\"image\/jpeg\" \/>\n<meta name=\"twitter:card\" content=\"summary_large_image\" \/>\n<script type=\"application\/ld+json\" class=\"yoast-schema-graph\">{\"@context\":\"https:\/\/schema.org\",\"@graph\":[{\"@type\":\"WebPage\",\"@id\":\"https:\/\/shop.diolosa.com\/pl\/product\/yin-root-700szt\/\",\"url\":\"https:\/\/shop.diolosa.com\/pl\/product\/yin-root-700szt\/\",\"name\":\"Yin Root - 700szt. - Claude Diolosa\",\"isPartOf\":{\"@id\":\"https:\/\/shop.diolosa.com\/pl\/#website\"},\"primaryImageOfPage\":{\"@id\":\"https:\/\/shop.diolosa.com\/pl\/product\/yin-root-700szt\/#primaryimage\"},\"image\":{\"@id\":\"https:\/\/shop.diolosa.com\/pl\/product\/yin-root-700szt\/#primaryimage\"},\"thumbnailUrl\":\"https:\/\/shop.diolosa.com\/wp-content\/uploads\/2019\/09\/Presslinge-700.jpg\",\"datePublished\":\"2025-03-10T05:56:37+00:00\",\"dateModified\":\"2025-05-06T13:50:39+00:00\",\"breadcrumb\":{\"@id\":\"https:\/\/shop.diolosa.com\/pl\/product\/yin-root-700szt\/#breadcrumb\"},\"inLanguage\":\"pl-PL\",\"potentialAction\":[{\"@type\":\"ReadAction\",\"target\":[\"https:\/\/shop.diolosa.com\/pl\/product\/yin-root-700szt\/\"]}]},{\"@type\":\"ImageObject\",\"inLanguage\":\"pl-PL\",\"@id\":\"https:\/\/shop.diolosa.com\/pl\/product\/yin-root-700szt\/#primaryimage\",\"url\":\"https:\/\/shop.diolosa.com\/wp-content\/uploads\/2019\/09\/Presslinge-700.jpg\",\"contentUrl\":\"https:\/\/shop.diolosa.com\/wp-content\/uploads\/2019\/09\/Presslinge-700.jpg\",\"width\":800,\"height\":533},{\"@type\":\"BreadcrumbList\",\"@id\":\"https:\/\/shop.diolosa.com\/pl\/product\/yin-root-700szt\/#breadcrumb\",\"itemListElement\":[{\"@type\":\"ListItem\",\"position\":1,\"name\":\"Startseite\",\"item\":\"https:\/\/shop.diolosa.com\/pl\/?page_id=3835710\"},{\"@type\":\"ListItem\",\"position\":2,\"name\":\"Sklep\",\"item\":\"https:\/\/shop.diolosa.com\/pl\/?page_id=3835710\"},{\"@type\":\"ListItem\",\"position\":3,\"name\":\"Yin Root &#8211; 700szt.\"}]},{\"@type\":\"WebSite\",\"@id\":\"https:\/\/shop.diolosa.com\/pl\/#website\",\"url\":\"https:\/\/shop.diolosa.com\/pl\/\",\"name\":\"Claude Diolosa\",\"description\":\"\",\"publisher\":{\"@id\":\"https:\/\/shop.diolosa.com\/pl\/#organization\"},\"potentialAction\":[{\"@type\":\"SearchAction\",\"target\":{\"@type\":\"EntryPoint\",\"urlTemplate\":\"https:\/\/shop.diolosa.com\/pl\/?s={search_term_string}\"},\"query-input\":{\"@type\":\"PropertyValueSpecification\",\"valueRequired\":true,\"valueName\":\"search_term_string\"}}],\"inLanguage\":\"pl-PL\"},{\"@type\":\"Organization\",\"@id\":\"https:\/\/shop.diolosa.com\/pl\/#organization\",\"name\":\"Claude Diolosa\",\"url\":\"https:\/\/shop.diolosa.com\/pl\/\",\"logo\":{\"@type\":\"ImageObject\",\"inLanguage\":\"pl-PL\",\"@id\":\"https:\/\/shop.diolosa.com\/pl\/#\/schema\/logo\/image\/\",\"url\":\"https:\/\/shop.diolosa.com\/wp-content\/uploads\/2019\/08\/diolosa-drop-logo-new.png\",\"contentUrl\":\"https:\/\/shop.diolosa.com\/wp-content\/uploads\/2019\/08\/diolosa-drop-logo-new.png\",\"width\":134,\"height\":176,\"caption\":\"Claude Diolosa\"},\"image\":{\"@id\":\"https:\/\/shop.diolosa.com\/pl\/#\/schema\/logo\/image\/\"},\"sameAs\":[\"https:\/\/facebook.com\/claudediolosa\",\"https:\/\/www.instagram.com\/diolosaclaude108\/\"]}]}<\/script>\n<!-- \/ Yoast SEO plugin. -->","yoast_head_json":{"title":"Yin Root - 700szt. - Claude Diolosa","robots":{"index":"index","follow":"follow","max-snippet":"max-snippet:-1","max-image-preview":"max-image-preview:large","max-video-preview":"max-video-preview:-1"},"canonical":"https:\/\/shop.diolosa.com\/pl\/product\/yin-root-700szt\/","og_locale":"pl_PL","og_type":"article","og_title":"Yin Root - 700szt. - Claude Diolosa","og_description":"YIN ROOT jest stosowany w leczeniu niedoboru Yin i Qi [...]","og_url":"https:\/\/shop.diolosa.com\/pl\/product\/yin-root-700szt\/","og_site_name":"Claude Diolosa","article_publisher":"https:\/\/facebook.com\/claudediolosa","article_modified_time":"2025-05-06T13:50:39+00:00","og_image":[{"width":800,"height":533,"url":"https:\/\/shop.diolosa.com\/wp-content\/uploads\/2019\/09\/Presslinge-700.jpg","type":"image\/jpeg"}],"twitter_card":"summary_large_image","schema":{"@context":"https:\/\/schema.org","@graph":[{"@type":"WebPage","@id":"https:\/\/shop.diolosa.com\/pl\/product\/yin-root-700szt\/","url":"https:\/\/shop.diolosa.com\/pl\/product\/yin-root-700szt\/","name":"Yin Root - 700szt. - Claude Diolosa","isPartOf":{"@id":"https:\/\/shop.diolosa.com\/pl\/#website"},"primaryImageOfPage":{"@id":"https:\/\/shop.diolosa.com\/pl\/product\/yin-root-700szt\/#primaryimage"},"image":{"@id":"https:\/\/shop.diolosa.com\/pl\/product\/yin-root-700szt\/#primaryimage"},"thumbnailUrl":"https:\/\/shop.diolosa.com\/wp-content\/uploads\/2019\/09\/Presslinge-700.jpg","datePublished":"2025-03-10T05:56:37+00:00","dateModified":"2025-05-06T13:50:39+00:00","breadcrumb":{"@id":"https:\/\/shop.diolosa.com\/pl\/product\/yin-root-700szt\/#breadcrumb"},"inLanguage":"pl-PL","potentialAction":[{"@type":"ReadAction","target":["https:\/\/shop.diolosa.com\/pl\/product\/yin-root-700szt\/"]}]},{"@type":"ImageObject","inLanguage":"pl-PL","@id":"https:\/\/shop.diolosa.com\/pl\/product\/yin-root-700szt\/#primaryimage","url":"https:\/\/shop.diolosa.com\/wp-content\/uploads\/2019\/09\/Presslinge-700.jpg","contentUrl":"https:\/\/shop.diolosa.com\/wp-content\/uploads\/2019\/09\/Presslinge-700.jpg","width":800,"height":533},{"@type":"BreadcrumbList","@id":"https:\/\/shop.diolosa.com\/pl\/product\/yin-root-700szt\/#breadcrumb","itemListElement":[{"@type":"ListItem","position":1,"name":"Startseite","item":"https:\/\/shop.diolosa.com\/pl\/?page_id=3835710"},{"@type":"ListItem","position":2,"name":"Sklep","item":"https:\/\/shop.diolosa.com\/pl\/?page_id=3835710"},{"@type":"ListItem","position":3,"name":"Yin Root &#8211; 700szt."}]},{"@type":"WebSite","@id":"https:\/\/shop.diolosa.com\/pl\/#website","url":"https:\/\/shop.diolosa.com\/pl\/","name":"Claude Diolosa","description":"","publisher":{"@id":"https:\/\/shop.diolosa.com\/pl\/#organization"},"potentialAction":[{"@type":"SearchAction","target":{"@type":"EntryPoint","urlTemplate":"https:\/\/shop.diolosa.com\/pl\/?s={search_term_string}"},"query-input":{"@type":"PropertyValueSpecification","valueRequired":true,"valueName":"search_term_string"}}],"inLanguage":"pl-PL"},{"@type":"Organization","@id":"https:\/\/shop.diolosa.com\/pl\/#organization","name":"Claude Diolosa","url":"https:\/\/shop.diolosa.com\/pl\/","logo":{"@type":"ImageObject","inLanguage":"pl-PL","@id":"https:\/\/shop.diolosa.com\/pl\/#\/schema\/logo\/image\/","url":"https:\/\/shop.diolosa.com\/wp-content\/uploads\/2019\/08\/diolosa-drop-logo-new.png","contentUrl":"https:\/\/shop.diolosa.com\/wp-content\/uploads\/2019\/08\/diolosa-drop-logo-new.png","width":134,"height":176,"caption":"Claude Diolosa"},"image":{"@id":"https:\/\/shop.diolosa.com\/pl\/#\/schema\/logo\/image\/"},"sameAs":["https:\/\/facebook.com\/claudediolosa","https:\/\/www.instagram.com\/diolosaclaude108\/"]}]}},"_links":{"self":[{"href":"https:\/\/shop.diolosa.com\/pl\/wp-json\/wp\/v2\/product\/3841069","targetHints":{"allow":["GET"]}}],"collection":[{"href":"https:\/\/shop.diolosa.com\/pl\/wp-json\/wp\/v2\/product"}],"about":[{"href":"https:\/\/shop.diolosa.com\/pl\/wp-json\/wp\/v2\/types\/product"}],"wp:featuredmedia":[{"embeddable":true,"href":"https:\/\/shop.diolosa.com\/pl\/wp-json\/wp\/v2\/media\/3841054"}],"wp:attachment":[{"href":"https:\/\/shop.diolosa.com\/pl\/wp-json\/wp\/v2\/media?parent=3841069"}],"wp:term":[{"taxonomy":"product_brand","embeddable":true,"href":"https:\/\/shop.diolosa.com\/pl\/wp-json\/wp\/v2\/product_brand?post=3841069"},{"taxonomy":"product_cat","embeddable":true,"href":"https:\/\/shop.diolosa.com\/pl\/wp-json\/wp\/v2\/product_cat?post=3841069"},{"taxonomy":"product_tag","embeddable":true,"href":"https:\/\/shop.diolosa.com\/pl\/wp-json\/wp\/v2\/product_tag?post=3841069"}],"curies":[{"name":"wp","href":"https:\/\/api.w.org\/{rel}","templated":true}]}}