{"id":3841076,"date":"2019-09-04T12:15:20","date_gmt":"2025-03-10T05:56:43","guid":{"rendered":"https:\/\/shop.diolosa.com\/product\/yang-root-140szt\/"},"modified":"2025-05-06T14:50:42","modified_gmt":"2025-05-06T13:50:42","slug":"yang-root-140szt","status":"publish","type":"product","link":"https:\/\/shop.diolosa.com\/pl\/product\/yang-root-140szt\/","title":{"rendered":"Yang Root &#8211; 140szt."},"content":{"rendered":"<p>YANG ROOT jest stosowany w leczeniu niedoboru Yang i Qi nerek z hipotermi\u0105 i jest jednym z najwa\u017cniejszych tonik\u00f3w konstytucyjnych linii Diolosa. Preparat ten rozgrzewa Yang nerek, wzmacnia Qi nerek i od\u017cywia Jing ciep\u0142ymi zio\u0142ami bez powodowania stagnacji.<\/p>\n","protected":false},"excerpt":{"rendered":"<p>YANG ROOT jest stosowany w leczeniu niedoboru Yang i Qi  [&#8230;]<\/p>\n","protected":false},"featured_media":3835943,"template":"","meta":{"_acf_changed":false},"product_brand":[],"product_cat":[12034],"product_tag":[12211],"class_list":{"0":"post-3841076","1":"product","2":"type-product","3":"status-publish","4":"has-post-thumbnail","6":"product_cat-przedluzenie-zycia","7":"product_tag-niedobor-yang-140-szt","9":"first","10":"instock","11":"taxable","12":"shipping-taxable","13":"purchasable","14":"product-type-simple"},"acf":{"yn_product_audio":"https:\/\/shop.diolosa.com\/wp-content\/uploads\/2018\/12\/DL_0388.mp3","yn_product_video":"https:\/\/shop.diolosa.com\/wp-content\/uploads\/2019\/09\/Yang-Root-.mp4","yn_product_akupunktur":"<p>Tonizowanie yang i qi nerek &#8211; za pomoc\u0105 moksy<br \/>\nba\u0144ka 23 &#8211; shen shu &#8211; bu fa &#8211; moxa<br \/>\ndu mai 4 &#8211; ming men &#8211; bu fa &#8211; moxa<br \/>\np\u0119cherz 31 do 34 &#8211; ba liao &#8211; bu fa &#8211; moxa<br \/>\nren mai 4 &#8211; guan yuan (mo> jelito cienkie, w\u0105troba, nerki, \u015bledziona) &#8211; bu fa &#8211; moxa<br \/>\nren mai 6 &#8211; qi hai (yuan qi) &#8211; bu fa &#8211; moxa<br \/>\nbubble 40 &#8211; wei zhong (he, xia he xue &#8211; ba\u0144ka, xi krwi, jing bie ni\/bl) &#8211; bu fa<br \/>\n\u017co\u0142\u0105dek 36 &#8211; to san li (shu, xia he xue &#8211; \u017co\u0142\u0105dek, si hai xue, si zhong xue) &#8211; bu fa &#8211; moksa<br \/>\n\u015bledziona 6 &#8211; san yin jiao (le,ni,mb) &#8211; bu fa<br \/>\nnerka 3 &#8211; tai xi (shu,yuan) &#8211; bu fa<\/p>\n","yn_product_verabreichungsart":"Pelety 140szt.","yn_product_dosierung":"<p>3 x 6 do 10 tabletek dziennie, zawsze przed posi\u0142kami<\/p>\n","yn_product_combinations":"<p>FILAR ZIEMI (przewlek\u0142y b\u00f3l plec\u00f3w), TAJEMNA MOC (impotencja), R\u00d3WNOWAGA WODNA (nietrzymanie moczu), DROGA WODNA (obrz\u0119ki), RINCHEN TEE, OGRZEWANIE KORZENIA (niedob\u00f3r jang nerek i jing nerek).<\/p>\n","yn_product_avoidable":"<p>Zimna \u017cywno\u015b\u0107, surowe warzywa, czarna herbata, kawa, zielona herbata, bak\u0142a\u017can, og\u00f3rek, sa\u0142ata, cukier, jogurt, mleko, ser.<\/p>\n","yn_product_tcm_mindmapping":"<p>Niedob\u00f3r Qi i Yang w nerkach > Niedob\u00f3r Qi w \u015bledzionie > Niedob\u00f3r Yin\/Jing w nerkach > Niedob\u00f3r krwi w w\u0105trobie<\/p>\n","yn_product_tongue_body":"<p>Kr\u00f3tka, s\u0142aba, poziomo pop\u0119kana, blada, fioletowa<\/p>\n","yn_product_tongue_coating":"<p>Rzadkie, wilgotne, bia\u0142e\/\u017c\u00f3\u0142tawe<\/p>\n","yn_product_pulse_diagnostics":"<p>Og\u00f3lne: ruo mai &#8211; s\u0142aby, chen mai &#8211; g\u0142\u0119boki, duan mai &#8211; kr\u00f3tki, xi mai &#8211; cienki, chi mai &#8211; powolny, se mai &#8211; szorstki lub jin mai &#8211; ciasny.<\/p>\n","yn_product_indications":"<p>Hipotermia, zimne ko\u0144czyny, bezp\u0142odno\u015b\u0107, apatia, bolesne miesi\u0105czkowanie, przewlek\u0142y b\u00f3l plec\u00f3w z uczuciem zimna, zaburzenia wch\u0142aniania, niedoci\u015bnienie, Feng Shi Han Bi ko\u0144czyn dolnych, trudno\u015bci w chodzeniu.<\/p>\n","yn_product_contra_indications":"<p>Niedob\u00f3r Yin w nerkach z pustym ciep\u0142em i ciep\u0142em krwi, nadci\u015bnienie t\u0119tnicze<\/p>\n","yn_product_pregnancy":"<p>Przeciwwskazane<\/p>\n","yn_product_herbs":"<p>epimedii herba &#8211; yin yang huo, morindae radix &#8211; ba ji tian, curculignis rhizoma &#8211; xian mao, lycii fructus &#8211; gou qi zi, cuscutae semen &#8211; tu si zi, astragali semen &#8211; sha yuan zi, eucommiae ulmoidis cortex &#8211; du zhong, sclerotium poriae cocos &#8211; fu ling, citri reticulatae pericarpium &#8211; chen pi, aucklandiae radix &#8211; mu xiang, polygoni multiflori radix &#8211; he shou wu<\/p>\n","yn_product_magisterrecipes":"<p>You Gui Wan, Jin Gui Shen Qi Wan, Er Xian Tang<\/p>\n"},"yoast_head":"<!-- This site is optimized with the Yoast SEO plugin v24.9 - https:\/\/yoast.com\/wordpress\/plugins\/seo\/ -->\n<title>Yang Root - 140szt. - Claude Diolosa<\/title>\n<meta name=\"robots\" content=\"index, follow, max-snippet:-1, max-image-preview:large, max-video-preview:-1\" \/>\n<link rel=\"canonical\" href=\"https:\/\/shop.diolosa.com\/pl\/product\/yang-root-140szt\/\" \/>\n<meta property=\"og:locale\" content=\"pl_PL\" \/>\n<meta property=\"og:type\" content=\"article\" \/>\n<meta property=\"og:title\" content=\"Yang Root - 140szt. - Claude Diolosa\" \/>\n<meta property=\"og:description\" content=\"YANG ROOT jest stosowany w leczeniu niedoboru Yang i Qi [...]\" \/>\n<meta property=\"og:url\" content=\"https:\/\/shop.diolosa.com\/pl\/product\/yang-root-140szt\/\" \/>\n<meta property=\"og:site_name\" content=\"Claude Diolosa\" \/>\n<meta property=\"article:publisher\" content=\"https:\/\/facebook.com\/claudediolosa\" \/>\n<meta property=\"article:modified_time\" content=\"2025-05-06T13:50:42+00:00\" \/>\n<meta property=\"og:image\" content=\"https:\/\/shop.diolosa.com\/wp-content\/uploads\/2019\/09\/Presslinge-140.jpg\" \/>\n\t<meta property=\"og:image:width\" content=\"800\" \/>\n\t<meta property=\"og:image:height\" content=\"533\" \/>\n\t<meta property=\"og:image:type\" content=\"image\/jpeg\" \/>\n<meta name=\"twitter:card\" content=\"summary_large_image\" \/>\n<script type=\"application\/ld+json\" class=\"yoast-schema-graph\">{\"@context\":\"https:\/\/schema.org\",\"@graph\":[{\"@type\":\"WebPage\",\"@id\":\"https:\/\/shop.diolosa.com\/pl\/product\/yang-root-140szt\/\",\"url\":\"https:\/\/shop.diolosa.com\/pl\/product\/yang-root-140szt\/\",\"name\":\"Yang Root - 140szt. - Claude Diolosa\",\"isPartOf\":{\"@id\":\"https:\/\/shop.diolosa.com\/pl\/#website\"},\"primaryImageOfPage\":{\"@id\":\"https:\/\/shop.diolosa.com\/pl\/product\/yang-root-140szt\/#primaryimage\"},\"image\":{\"@id\":\"https:\/\/shop.diolosa.com\/pl\/product\/yang-root-140szt\/#primaryimage\"},\"thumbnailUrl\":\"https:\/\/shop.diolosa.com\/wp-content\/uploads\/2019\/09\/Presslinge-140.jpg\",\"datePublished\":\"2025-03-10T05:56:43+00:00\",\"dateModified\":\"2025-05-06T13:50:42+00:00\",\"breadcrumb\":{\"@id\":\"https:\/\/shop.diolosa.com\/pl\/product\/yang-root-140szt\/#breadcrumb\"},\"inLanguage\":\"pl-PL\",\"potentialAction\":[{\"@type\":\"ReadAction\",\"target\":[\"https:\/\/shop.diolosa.com\/pl\/product\/yang-root-140szt\/\"]}]},{\"@type\":\"ImageObject\",\"inLanguage\":\"pl-PL\",\"@id\":\"https:\/\/shop.diolosa.com\/pl\/product\/yang-root-140szt\/#primaryimage\",\"url\":\"https:\/\/shop.diolosa.com\/wp-content\/uploads\/2019\/09\/Presslinge-140.jpg\",\"contentUrl\":\"https:\/\/shop.diolosa.com\/wp-content\/uploads\/2019\/09\/Presslinge-140.jpg\",\"width\":800,\"height\":533},{\"@type\":\"BreadcrumbList\",\"@id\":\"https:\/\/shop.diolosa.com\/pl\/product\/yang-root-140szt\/#breadcrumb\",\"itemListElement\":[{\"@type\":\"ListItem\",\"position\":1,\"name\":\"Startseite\",\"item\":\"https:\/\/shop.diolosa.com\/pl\/?page_id=3835710\"},{\"@type\":\"ListItem\",\"position\":2,\"name\":\"Sklep\",\"item\":\"https:\/\/shop.diolosa.com\/pl\/?page_id=3835710\"},{\"@type\":\"ListItem\",\"position\":3,\"name\":\"Yang Root &#8211; 140szt.\"}]},{\"@type\":\"WebSite\",\"@id\":\"https:\/\/shop.diolosa.com\/pl\/#website\",\"url\":\"https:\/\/shop.diolosa.com\/pl\/\",\"name\":\"Claude Diolosa\",\"description\":\"\",\"publisher\":{\"@id\":\"https:\/\/shop.diolosa.com\/pl\/#organization\"},\"potentialAction\":[{\"@type\":\"SearchAction\",\"target\":{\"@type\":\"EntryPoint\",\"urlTemplate\":\"https:\/\/shop.diolosa.com\/pl\/?s={search_term_string}\"},\"query-input\":{\"@type\":\"PropertyValueSpecification\",\"valueRequired\":true,\"valueName\":\"search_term_string\"}}],\"inLanguage\":\"pl-PL\"},{\"@type\":\"Organization\",\"@id\":\"https:\/\/shop.diolosa.com\/pl\/#organization\",\"name\":\"Claude Diolosa\",\"url\":\"https:\/\/shop.diolosa.com\/pl\/\",\"logo\":{\"@type\":\"ImageObject\",\"inLanguage\":\"pl-PL\",\"@id\":\"https:\/\/shop.diolosa.com\/pl\/#\/schema\/logo\/image\/\",\"url\":\"https:\/\/shop.diolosa.com\/wp-content\/uploads\/2019\/08\/diolosa-drop-logo-new.png\",\"contentUrl\":\"https:\/\/shop.diolosa.com\/wp-content\/uploads\/2019\/08\/diolosa-drop-logo-new.png\",\"width\":134,\"height\":176,\"caption\":\"Claude Diolosa\"},\"image\":{\"@id\":\"https:\/\/shop.diolosa.com\/pl\/#\/schema\/logo\/image\/\"},\"sameAs\":[\"https:\/\/facebook.com\/claudediolosa\",\"https:\/\/www.instagram.com\/diolosaclaude108\/\"]}]}<\/script>\n<!-- \/ Yoast SEO plugin. -->","yoast_head_json":{"title":"Yang Root - 140szt. - Claude Diolosa","robots":{"index":"index","follow":"follow","max-snippet":"max-snippet:-1","max-image-preview":"max-image-preview:large","max-video-preview":"max-video-preview:-1"},"canonical":"https:\/\/shop.diolosa.com\/pl\/product\/yang-root-140szt\/","og_locale":"pl_PL","og_type":"article","og_title":"Yang Root - 140szt. - Claude Diolosa","og_description":"YANG ROOT jest stosowany w leczeniu niedoboru Yang i Qi [...]","og_url":"https:\/\/shop.diolosa.com\/pl\/product\/yang-root-140szt\/","og_site_name":"Claude Diolosa","article_publisher":"https:\/\/facebook.com\/claudediolosa","article_modified_time":"2025-05-06T13:50:42+00:00","og_image":[{"width":800,"height":533,"url":"https:\/\/shop.diolosa.com\/wp-content\/uploads\/2019\/09\/Presslinge-140.jpg","type":"image\/jpeg"}],"twitter_card":"summary_large_image","schema":{"@context":"https:\/\/schema.org","@graph":[{"@type":"WebPage","@id":"https:\/\/shop.diolosa.com\/pl\/product\/yang-root-140szt\/","url":"https:\/\/shop.diolosa.com\/pl\/product\/yang-root-140szt\/","name":"Yang Root - 140szt. - Claude Diolosa","isPartOf":{"@id":"https:\/\/shop.diolosa.com\/pl\/#website"},"primaryImageOfPage":{"@id":"https:\/\/shop.diolosa.com\/pl\/product\/yang-root-140szt\/#primaryimage"},"image":{"@id":"https:\/\/shop.diolosa.com\/pl\/product\/yang-root-140szt\/#primaryimage"},"thumbnailUrl":"https:\/\/shop.diolosa.com\/wp-content\/uploads\/2019\/09\/Presslinge-140.jpg","datePublished":"2025-03-10T05:56:43+00:00","dateModified":"2025-05-06T13:50:42+00:00","breadcrumb":{"@id":"https:\/\/shop.diolosa.com\/pl\/product\/yang-root-140szt\/#breadcrumb"},"inLanguage":"pl-PL","potentialAction":[{"@type":"ReadAction","target":["https:\/\/shop.diolosa.com\/pl\/product\/yang-root-140szt\/"]}]},{"@type":"ImageObject","inLanguage":"pl-PL","@id":"https:\/\/shop.diolosa.com\/pl\/product\/yang-root-140szt\/#primaryimage","url":"https:\/\/shop.diolosa.com\/wp-content\/uploads\/2019\/09\/Presslinge-140.jpg","contentUrl":"https:\/\/shop.diolosa.com\/wp-content\/uploads\/2019\/09\/Presslinge-140.jpg","width":800,"height":533},{"@type":"BreadcrumbList","@id":"https:\/\/shop.diolosa.com\/pl\/product\/yang-root-140szt\/#breadcrumb","itemListElement":[{"@type":"ListItem","position":1,"name":"Startseite","item":"https:\/\/shop.diolosa.com\/pl\/?page_id=3835710"},{"@type":"ListItem","position":2,"name":"Sklep","item":"https:\/\/shop.diolosa.com\/pl\/?page_id=3835710"},{"@type":"ListItem","position":3,"name":"Yang Root &#8211; 140szt."}]},{"@type":"WebSite","@id":"https:\/\/shop.diolosa.com\/pl\/#website","url":"https:\/\/shop.diolosa.com\/pl\/","name":"Claude Diolosa","description":"","publisher":{"@id":"https:\/\/shop.diolosa.com\/pl\/#organization"},"potentialAction":[{"@type":"SearchAction","target":{"@type":"EntryPoint","urlTemplate":"https:\/\/shop.diolosa.com\/pl\/?s={search_term_string}"},"query-input":{"@type":"PropertyValueSpecification","valueRequired":true,"valueName":"search_term_string"}}],"inLanguage":"pl-PL"},{"@type":"Organization","@id":"https:\/\/shop.diolosa.com\/pl\/#organization","name":"Claude Diolosa","url":"https:\/\/shop.diolosa.com\/pl\/","logo":{"@type":"ImageObject","inLanguage":"pl-PL","@id":"https:\/\/shop.diolosa.com\/pl\/#\/schema\/logo\/image\/","url":"https:\/\/shop.diolosa.com\/wp-content\/uploads\/2019\/08\/diolosa-drop-logo-new.png","contentUrl":"https:\/\/shop.diolosa.com\/wp-content\/uploads\/2019\/08\/diolosa-drop-logo-new.png","width":134,"height":176,"caption":"Claude Diolosa"},"image":{"@id":"https:\/\/shop.diolosa.com\/pl\/#\/schema\/logo\/image\/"},"sameAs":["https:\/\/facebook.com\/claudediolosa","https:\/\/www.instagram.com\/diolosaclaude108\/"]}]}},"_links":{"self":[{"href":"https:\/\/shop.diolosa.com\/pl\/wp-json\/wp\/v2\/product\/3841076","targetHints":{"allow":["GET"]}}],"collection":[{"href":"https:\/\/shop.diolosa.com\/pl\/wp-json\/wp\/v2\/product"}],"about":[{"href":"https:\/\/shop.diolosa.com\/pl\/wp-json\/wp\/v2\/types\/product"}],"wp:featuredmedia":[{"embeddable":true,"href":"https:\/\/shop.diolosa.com\/pl\/wp-json\/wp\/v2\/media\/3835943"}],"wp:attachment":[{"href":"https:\/\/shop.diolosa.com\/pl\/wp-json\/wp\/v2\/media?parent=3841076"}],"wp:term":[{"taxonomy":"product_brand","embeddable":true,"href":"https:\/\/shop.diolosa.com\/pl\/wp-json\/wp\/v2\/product_brand?post=3841076"},{"taxonomy":"product_cat","embeddable":true,"href":"https:\/\/shop.diolosa.com\/pl\/wp-json\/wp\/v2\/product_cat?post=3841076"},{"taxonomy":"product_tag","embeddable":true,"href":"https:\/\/shop.diolosa.com\/pl\/wp-json\/wp\/v2\/product_tag?post=3841076"}],"curies":[{"name":"wp","href":"https:\/\/api.w.org\/{rel}","templated":true}]}}