{"id":3841079,"date":"2019-09-04T12:15:20","date_gmt":"2025-03-10T05:56:43","guid":{"rendered":"https:\/\/shop.diolosa.com\/product\/shl-dry-earth\/"},"modified":"2025-05-06T14:50:44","modified_gmt":"2025-05-06T13:50:44","slug":"shl-dry-earth","status":"publish","type":"product","link":"https:\/\/shop.diolosa.com\/pl\/product\/shl-dry-earth\/","title":{"rendered":"SHL Dry Earth"},"content":{"rendered":"<p>SHL DRY EARTH jest stosowany w leczeniu gor\u0105czki Yang Ming z suchymi zaparciami. Preparat ten usuwa ciep\u0142o Yang Ming, stymuluje tranzyt jelitowy i zapobiega rozprzestrzenianiu si\u0119 choroby do p\u0142uc.<\/p>\n","protected":false},"excerpt":{"rendered":"<p>SHL DRY EARTH jest stosowany w leczeniu gor\u0105czki Yang Ming  [&#8230;]<\/p>\n","protected":false},"featured_media":3835943,"template":"","meta":{"_acf_changed":false},"product_brand":[],"product_cat":[11991],"product_tag":[12214],"class_list":{"0":"post-3841079","1":"product","2":"type-product","3":"status-publish","4":"has-post-thumbnail","6":"product_cat-shang-han-lun-pl","7":"product_tag-zespol-yang-ming-zaparcia","9":"first","10":"instock","11":"taxable","12":"shipping-taxable","13":"purchasable","14":"product-type-simple"},"acf":{"yn_product_audio":"https:\/\/shop.diolosa.com\/wp-content\/uploads\/2018\/12\/DL_0801.mp3","yn_product_video":"https:\/\/shop.diolosa.com\/wp-content\/uploads\/2025\/03\/SHL-Dry-Earth.mp4","yn_product_akupunktur":"<p>Yang Ming wyja\u015bnienie<br \/>\n\u017co\u0142\u0105dek 44 &#8211; nei ting (ying) &#8211; xie fa<br \/>\n\u017co\u0142\u0105dek 45 &#8211; li dui (jing) &#8211; xie fa<br \/>\njelito grube 11 &#8211; qu chi &#8211; gui tui (he &#8211; gui) &#8211; xie fa<br \/>\njelito grube 4 &#8211; he gu (yuan) &#8211; xie fa  <\/p>\n<p>Zaparcia<br \/>\n\u017co\u0142\u0105dek 25 &#8211; tian shu (mo &#8211; jelito grube) &#8211; xie fa<br \/>\nsan chiao 6 &#8211; zhi gou (jing) &#8211; xie fa<br \/>\n\u017co\u0142\u0105dek 37 &#8211; shang ju xu (xia he xue &#8211; jelito grube, jezioro krwi, chong mai) &#8211; xie fa  <\/p>\n<p>Obni\u017cenie gor\u0105czki<br \/>\ndu mai 14 &#8211; da zhui (jezioro qi) &#8211; xie fa<br \/>\ndu mai 20 &#8211; bai hui &#8211; bai lao (jezioro szpiku kostnego, p\u0119cherza moczowego) &#8211; xie fa<br \/>\n\u017co\u0142\u0105dek 44 &#8211; nei ting (ying) &#8211; xie fa  <\/p>\n<p>Ciep\u0142o w p\u0142ucach<br \/>\np\u0142uco 11 &#8211; shao shang &#8211; gui xin (jing, gui &#8211; xie fa<br \/>\np\u0142uco 10 &#8211; yu jin (ying) &#8211; xie fa<br \/>\nkr\u0105\u017cenie 6 &#8211; nei guan (luo, yin wei mai) &#8211; xie fa<br \/>\np\u0142uco 5 &#8211; chi ze (he) &#8211; xie fa<\/p>\n","yn_product_verabreichungsart":"Pelety 140szt.","yn_product_dosierung":"<p>Doro\u015bli powinni natychmiast przyj\u0105\u0107 od 6 do 9 tabletek, a nast\u0119pnie od 4 do 6 tabletek co godzin\u0119.<br \/>\nDzieci w wieku od 1 do 3 lat: od 1 do 3 granulek, od 3 do 6 lat: od 3 do 6 granulek i od 6 do 9 lat: od 6 do 9 granulek.<\/p>\n","yn_product_combinations":"<p>SHL SNOW TIGER (gor\u0105czka Yang Ming bez zapar\u0107), COOLING DEW SUPP. (gor\u0105czka), FLEMING (infekcja) <\/p>\n","yn_product_avoidable":"<p>Mieszanka przypraw, imbir, koper w\u0142oski, kminek, go\u017adziki, ga\u0142ka muszkato\u0142owa, any\u017c, kardamon, pieprz, kie\u0142basa, szynka, dr\u00f3b, jagni\u0119cina, owoce morza, alkohol<\/p>\n","yn_product_tcm_mindmapping":"<p>Zesp\u00f3\u0142 Yang Ming > Ciep\u0142o i sucho\u015b\u0107 w jelicie grubym > Zaparcia<\/p>\n","yn_product_tongue_body":"<p>Czerwony<\/p>\n","yn_product_tongue_coating":"<p>\u017b\u00f3\u0142tawy, br\u0105zowy, g\u0119sty i bardzo suchy<\/p>\n","yn_product_pulse_diagnostics":"<p>hong mai &#8211; falisty, xian mai &#8211; napi\u0119ty, shuo mai &#8211; szybki<\/p>\n","yn_product_indications":"<p>Wysoka gor\u0105czka z pogorszeniem p\u00f3\u017anym popo\u0142udniem, pragnienie, niepok\u00f3j, zapalenie p\u0142uc, zaparcia, sk\u0105pomocz<\/p>\n","yn_product_contra_indications":"<p>Niedob\u00f3r Yang, biegunka, wielomocz, niedoci\u015bnienie, hipotermia, zesp\u00f3\u0142 Tai Yang, zesp\u00f3\u0142 Shao Yang<\/p>\n","yn_product_pregnancy":"<p>Dozwolone<\/p>\n","yn_product_herbs":"<p>gypsum fibrosum &#8211; shi gao, anemarrhenae rhizoma &#8211; zhi mu, citrus aurantii immaturi &#8211; zhi shi, magnoliae officinalis cortex &#8211; hou po, rhei radix et rhizoma &#8211; da huang, glycyrrhizae uralensis radix &#8211; gan cao, oryzae semen &#8211; jing mi<\/p>\n","yn_product_magisterrecipes":"<p>Da Zheng Qi Tang, Xiao Zheng Qi Tang<\/p>\n"},"yoast_head":"<!-- This site is optimized with the Yoast SEO plugin v24.9 - https:\/\/yoast.com\/wordpress\/plugins\/seo\/ -->\n<title>SHL Dry Earth - Claude Diolosa<\/title>\n<meta name=\"robots\" content=\"index, follow, max-snippet:-1, max-image-preview:large, max-video-preview:-1\" \/>\n<link rel=\"canonical\" href=\"https:\/\/shop.diolosa.com\/pl\/product\/shl-dry-earth\/\" \/>\n<meta property=\"og:locale\" content=\"pl_PL\" \/>\n<meta property=\"og:type\" content=\"article\" \/>\n<meta property=\"og:title\" content=\"SHL Dry Earth - Claude Diolosa\" \/>\n<meta property=\"og:description\" content=\"SHL DRY EARTH jest stosowany w leczeniu gor\u0105czki Yang Ming [...]\" \/>\n<meta property=\"og:url\" content=\"https:\/\/shop.diolosa.com\/pl\/product\/shl-dry-earth\/\" \/>\n<meta property=\"og:site_name\" content=\"Claude Diolosa\" \/>\n<meta property=\"article:publisher\" content=\"https:\/\/facebook.com\/claudediolosa\" \/>\n<meta property=\"article:modified_time\" content=\"2025-05-06T13:50:44+00:00\" \/>\n<meta property=\"og:image\" content=\"https:\/\/shop.diolosa.com\/wp-content\/uploads\/2019\/09\/Presslinge-140.jpg\" \/>\n\t<meta property=\"og:image:width\" content=\"800\" \/>\n\t<meta property=\"og:image:height\" content=\"533\" \/>\n\t<meta property=\"og:image:type\" content=\"image\/jpeg\" \/>\n<meta name=\"twitter:card\" content=\"summary_large_image\" \/>\n<script type=\"application\/ld+json\" class=\"yoast-schema-graph\">{\"@context\":\"https:\/\/schema.org\",\"@graph\":[{\"@type\":\"WebPage\",\"@id\":\"https:\/\/shop.diolosa.com\/pl\/product\/shl-dry-earth\/\",\"url\":\"https:\/\/shop.diolosa.com\/pl\/product\/shl-dry-earth\/\",\"name\":\"SHL Dry Earth - Claude Diolosa\",\"isPartOf\":{\"@id\":\"https:\/\/shop.diolosa.com\/pl\/#website\"},\"primaryImageOfPage\":{\"@id\":\"https:\/\/shop.diolosa.com\/pl\/product\/shl-dry-earth\/#primaryimage\"},\"image\":{\"@id\":\"https:\/\/shop.diolosa.com\/pl\/product\/shl-dry-earth\/#primaryimage\"},\"thumbnailUrl\":\"https:\/\/shop.diolosa.com\/wp-content\/uploads\/2019\/09\/Presslinge-140.jpg\",\"datePublished\":\"2025-03-10T05:56:43+00:00\",\"dateModified\":\"2025-05-06T13:50:44+00:00\",\"breadcrumb\":{\"@id\":\"https:\/\/shop.diolosa.com\/pl\/product\/shl-dry-earth\/#breadcrumb\"},\"inLanguage\":\"pl-PL\",\"potentialAction\":[{\"@type\":\"ReadAction\",\"target\":[\"https:\/\/shop.diolosa.com\/pl\/product\/shl-dry-earth\/\"]}]},{\"@type\":\"ImageObject\",\"inLanguage\":\"pl-PL\",\"@id\":\"https:\/\/shop.diolosa.com\/pl\/product\/shl-dry-earth\/#primaryimage\",\"url\":\"https:\/\/shop.diolosa.com\/wp-content\/uploads\/2019\/09\/Presslinge-140.jpg\",\"contentUrl\":\"https:\/\/shop.diolosa.com\/wp-content\/uploads\/2019\/09\/Presslinge-140.jpg\",\"width\":800,\"height\":533},{\"@type\":\"BreadcrumbList\",\"@id\":\"https:\/\/shop.diolosa.com\/pl\/product\/shl-dry-earth\/#breadcrumb\",\"itemListElement\":[{\"@type\":\"ListItem\",\"position\":1,\"name\":\"Startseite\",\"item\":\"https:\/\/shop.diolosa.com\/pl\/?page_id=3835710\"},{\"@type\":\"ListItem\",\"position\":2,\"name\":\"Sklep\",\"item\":\"https:\/\/shop.diolosa.com\/pl\/?page_id=3835710\"},{\"@type\":\"ListItem\",\"position\":3,\"name\":\"SHL Dry Earth\"}]},{\"@type\":\"WebSite\",\"@id\":\"https:\/\/shop.diolosa.com\/pl\/#website\",\"url\":\"https:\/\/shop.diolosa.com\/pl\/\",\"name\":\"Claude Diolosa\",\"description\":\"\",\"publisher\":{\"@id\":\"https:\/\/shop.diolosa.com\/pl\/#organization\"},\"potentialAction\":[{\"@type\":\"SearchAction\",\"target\":{\"@type\":\"EntryPoint\",\"urlTemplate\":\"https:\/\/shop.diolosa.com\/pl\/?s={search_term_string}\"},\"query-input\":{\"@type\":\"PropertyValueSpecification\",\"valueRequired\":true,\"valueName\":\"search_term_string\"}}],\"inLanguage\":\"pl-PL\"},{\"@type\":\"Organization\",\"@id\":\"https:\/\/shop.diolosa.com\/pl\/#organization\",\"name\":\"Claude Diolosa\",\"url\":\"https:\/\/shop.diolosa.com\/pl\/\",\"logo\":{\"@type\":\"ImageObject\",\"inLanguage\":\"pl-PL\",\"@id\":\"https:\/\/shop.diolosa.com\/pl\/#\/schema\/logo\/image\/\",\"url\":\"https:\/\/shop.diolosa.com\/wp-content\/uploads\/2019\/08\/diolosa-drop-logo-new.png\",\"contentUrl\":\"https:\/\/shop.diolosa.com\/wp-content\/uploads\/2019\/08\/diolosa-drop-logo-new.png\",\"width\":134,\"height\":176,\"caption\":\"Claude Diolosa\"},\"image\":{\"@id\":\"https:\/\/shop.diolosa.com\/pl\/#\/schema\/logo\/image\/\"},\"sameAs\":[\"https:\/\/facebook.com\/claudediolosa\",\"https:\/\/www.instagram.com\/diolosaclaude108\/\"]}]}<\/script>\n<!-- \/ Yoast SEO plugin. -->","yoast_head_json":{"title":"SHL Dry Earth - Claude Diolosa","robots":{"index":"index","follow":"follow","max-snippet":"max-snippet:-1","max-image-preview":"max-image-preview:large","max-video-preview":"max-video-preview:-1"},"canonical":"https:\/\/shop.diolosa.com\/pl\/product\/shl-dry-earth\/","og_locale":"pl_PL","og_type":"article","og_title":"SHL Dry Earth - Claude Diolosa","og_description":"SHL DRY EARTH jest stosowany w leczeniu gor\u0105czki Yang Ming [...]","og_url":"https:\/\/shop.diolosa.com\/pl\/product\/shl-dry-earth\/","og_site_name":"Claude Diolosa","article_publisher":"https:\/\/facebook.com\/claudediolosa","article_modified_time":"2025-05-06T13:50:44+00:00","og_image":[{"width":800,"height":533,"url":"https:\/\/shop.diolosa.com\/wp-content\/uploads\/2019\/09\/Presslinge-140.jpg","type":"image\/jpeg"}],"twitter_card":"summary_large_image","schema":{"@context":"https:\/\/schema.org","@graph":[{"@type":"WebPage","@id":"https:\/\/shop.diolosa.com\/pl\/product\/shl-dry-earth\/","url":"https:\/\/shop.diolosa.com\/pl\/product\/shl-dry-earth\/","name":"SHL Dry Earth - Claude Diolosa","isPartOf":{"@id":"https:\/\/shop.diolosa.com\/pl\/#website"},"primaryImageOfPage":{"@id":"https:\/\/shop.diolosa.com\/pl\/product\/shl-dry-earth\/#primaryimage"},"image":{"@id":"https:\/\/shop.diolosa.com\/pl\/product\/shl-dry-earth\/#primaryimage"},"thumbnailUrl":"https:\/\/shop.diolosa.com\/wp-content\/uploads\/2019\/09\/Presslinge-140.jpg","datePublished":"2025-03-10T05:56:43+00:00","dateModified":"2025-05-06T13:50:44+00:00","breadcrumb":{"@id":"https:\/\/shop.diolosa.com\/pl\/product\/shl-dry-earth\/#breadcrumb"},"inLanguage":"pl-PL","potentialAction":[{"@type":"ReadAction","target":["https:\/\/shop.diolosa.com\/pl\/product\/shl-dry-earth\/"]}]},{"@type":"ImageObject","inLanguage":"pl-PL","@id":"https:\/\/shop.diolosa.com\/pl\/product\/shl-dry-earth\/#primaryimage","url":"https:\/\/shop.diolosa.com\/wp-content\/uploads\/2019\/09\/Presslinge-140.jpg","contentUrl":"https:\/\/shop.diolosa.com\/wp-content\/uploads\/2019\/09\/Presslinge-140.jpg","width":800,"height":533},{"@type":"BreadcrumbList","@id":"https:\/\/shop.diolosa.com\/pl\/product\/shl-dry-earth\/#breadcrumb","itemListElement":[{"@type":"ListItem","position":1,"name":"Startseite","item":"https:\/\/shop.diolosa.com\/pl\/?page_id=3835710"},{"@type":"ListItem","position":2,"name":"Sklep","item":"https:\/\/shop.diolosa.com\/pl\/?page_id=3835710"},{"@type":"ListItem","position":3,"name":"SHL Dry Earth"}]},{"@type":"WebSite","@id":"https:\/\/shop.diolosa.com\/pl\/#website","url":"https:\/\/shop.diolosa.com\/pl\/","name":"Claude Diolosa","description":"","publisher":{"@id":"https:\/\/shop.diolosa.com\/pl\/#organization"},"potentialAction":[{"@type":"SearchAction","target":{"@type":"EntryPoint","urlTemplate":"https:\/\/shop.diolosa.com\/pl\/?s={search_term_string}"},"query-input":{"@type":"PropertyValueSpecification","valueRequired":true,"valueName":"search_term_string"}}],"inLanguage":"pl-PL"},{"@type":"Organization","@id":"https:\/\/shop.diolosa.com\/pl\/#organization","name":"Claude Diolosa","url":"https:\/\/shop.diolosa.com\/pl\/","logo":{"@type":"ImageObject","inLanguage":"pl-PL","@id":"https:\/\/shop.diolosa.com\/pl\/#\/schema\/logo\/image\/","url":"https:\/\/shop.diolosa.com\/wp-content\/uploads\/2019\/08\/diolosa-drop-logo-new.png","contentUrl":"https:\/\/shop.diolosa.com\/wp-content\/uploads\/2019\/08\/diolosa-drop-logo-new.png","width":134,"height":176,"caption":"Claude Diolosa"},"image":{"@id":"https:\/\/shop.diolosa.com\/pl\/#\/schema\/logo\/image\/"},"sameAs":["https:\/\/facebook.com\/claudediolosa","https:\/\/www.instagram.com\/diolosaclaude108\/"]}]}},"_links":{"self":[{"href":"https:\/\/shop.diolosa.com\/pl\/wp-json\/wp\/v2\/product\/3841079","targetHints":{"allow":["GET"]}}],"collection":[{"href":"https:\/\/shop.diolosa.com\/pl\/wp-json\/wp\/v2\/product"}],"about":[{"href":"https:\/\/shop.diolosa.com\/pl\/wp-json\/wp\/v2\/types\/product"}],"wp:featuredmedia":[{"embeddable":true,"href":"https:\/\/shop.diolosa.com\/pl\/wp-json\/wp\/v2\/media\/3835943"}],"wp:attachment":[{"href":"https:\/\/shop.diolosa.com\/pl\/wp-json\/wp\/v2\/media?parent=3841079"}],"wp:term":[{"taxonomy":"product_brand","embeddable":true,"href":"https:\/\/shop.diolosa.com\/pl\/wp-json\/wp\/v2\/product_brand?post=3841079"},{"taxonomy":"product_cat","embeddable":true,"href":"https:\/\/shop.diolosa.com\/pl\/wp-json\/wp\/v2\/product_cat?post=3841079"},{"taxonomy":"product_tag","embeddable":true,"href":"https:\/\/shop.diolosa.com\/pl\/wp-json\/wp\/v2\/product_tag?post=3841079"}],"curies":[{"name":"wp","href":"https:\/\/api.w.org\/{rel}","templated":true}]}}