{"id":3841085,"date":"2019-09-04T12:15:09","date_gmt":"2025-03-10T05:56:46","guid":{"rendered":"https:\/\/shop.diolosa.com\/product\/cool-moon-140-szt\/"},"modified":"2025-05-06T14:50:45","modified_gmt":"2025-05-06T13:50:45","slug":"cool-moon-140-szt","status":"publish","type":"product","link":"https:\/\/shop.diolosa.com\/pl\/product\/cool-moon-140-szt\/","title":{"rendered":"Cool Moon &#8211; 140 szt."},"content":{"rendered":"<p>COOL MOON jest stosowany w leczeniu objaw\u00f3w menopauzy z uderzeniami gor\u0105ca. Preparat ten od\u017cywia Yin, usuwa Puste Ciep\u0142o wynikaj\u0105ce z niedoboru Yin, od\u017cywia p\u0142yny ustrojowe bez wytwarzania Wilgoci lub Flegmy, tonizuje Qi, uspokaja Yang, przeciwdzia\u0142a nocnym potom, usuwa Ciep\u0142o Krwi i zakorzenia HUN i SHEN.  (zawiera niewielkie ilo\u015bci glutenu!!!!)<\/p>\n","protected":false},"excerpt":{"rendered":"<p>COOL MOON jest stosowany w leczeniu objaw\u00f3w menopauzy z uderzeniami  [&#8230;]<\/p>\n","protected":false},"featured_media":3835943,"template":"","meta":{"_acf_changed":false},"product_brand":[],"product_cat":[11799],"product_tag":[12218],"class_list":{"0":"post-3841085","1":"product","2":"type-product","3":"status-publish","4":"has-post-thumbnail","6":"product_cat-ginekologia","7":"product_tag-menopauza-140-szt","9":"first","10":"instock","11":"taxable","12":"shipping-taxable","13":"purchasable","14":"product-type-simple"},"acf":{"yn_product_audio":"https:\/\/shop.diolosa.com\/wp-content\/uploads\/2018\/12\/DL_0283.mp3","yn_product_video":"https:\/\/shop.diolosa.com\/wp-content\/uploads\/2024\/03\/Cool-Moon.mp4","yn_product_akupunktur":"<p>Ren Mai i Chong Mai wype\u0142niaj\u0105<br \/>\n\u015bledziona 4 &#8211; gong sun (luo, chong mai) &#8211; bu fa<br \/>\nkr\u0105\u017cenie 6 &#8211; nei guan (luo, yin wei mai) &#8211; bu fa<br \/>\np\u0142uca 7 &#8211; lie que (luo, ren mai, gao wu, ma da yang) &#8211; bu fa<br \/>\nnerki 6 &#8211; zhao hai (yin qiao mai) &#8211; bu fa<\/p>\n<p>Nerki i w\u0105troba tonizuj\u0105 yin<br \/>\np\u0119cherz 23 &#8211; shen shu &#8211; bu fa<br \/>\nnerka 3 &#8211; tai xi (shu,yuan) &#8211; bu fa<br \/>\nnerka 7 &#8211; fu liu (jing) &#8211; bu fa<br \/>\nnerka 12 &#8211; da he (chong mai) &#8211; bu fa<br \/>\nren mai 7 &#8211; yin jiao (chong mai- UE) &#8211; bu fa<br \/>\nma 30 &#8211; qi qong &#8211; bu fa<br \/>\nw\u0105troba 8 &#8211; qu quan (he) &#8211; bu fa<br \/>\nw\u0105troba 3 &#8211; tai chong (shu, yuan) &#8211; bu fa<\/p>\n<p>Od\u017cywiaj p\u0142uca Yin<br \/>\np\u0142uca 5 &#8211; chi ze (he) &#8211; bu fa<br \/>\np\u0142uca 9 &#8211; tai yuan &#8211; gui xin (shu, yuan, ba hui xue, gui) &#8211; bu fa<br \/>\np\u0119cherz 13 &#8211; fei shu &#8211; bu fa<br \/>\np\u0119cherz 42 &#8211; po hu (po) &#8211; bu fa<br \/>\np\u0119cherz 43 &#8211; gao huang shu (qi,xue,jinye,yin,yang) &#8211; bu fa<\/p>\n","yn_product_verabreichungsart":"Pelety 140szt.","yn_product_dosierung":"<p>3 razy dziennie 4 do 9 tabletek przed posi\u0142kami<\/p>\n<p>(zawiera niewielkie ilo\u015bci glutenu!!!!)<\/p>\n","yn_product_combinations":"<p>MOON ESSENCE (niedob\u00f3r estrogenu), YIN ROOT, SAN BAO TEE (niedob\u00f3r Yin w nerkach), DEEP SLEEP FORTE (bezsenno\u015b\u0107), CLEARING THE HEAT (niedob\u00f3r Yin w nerkach i puste ciep\u0142o), NOURISHING THE ESSENCE (niedob\u00f3r Yin i Jin Ye), SOFT RELEASE (przewlek\u0142e zaparcia).<\/p>\n","yn_product_avoidable":"<p>Ostre i gor\u0105ce przyprawy, aromatyczne zio\u0142a, czosnek, pieprz, herbata z przyprawami, imbir, mi\u0119ta pieprzowa, herbata z czarnego bzu, alkohol, pieprz, czarna herbata, owoce morza, jagni\u0119cina<\/p>\n","yn_product_tcm_mindmapping":"<p>Niedob\u00f3r Yin nerek > Puste ciep\u0142o > Ciep\u0142o krwi > Ogie\u0144 \u017co\u0142\u0105dka > Zesp\u00f3\u0142 Gu Zheng > Oderwanie Yang > Odwodnienie Ren Mai i Chong Mai<\/p>\n","yn_product_tongue_body":"<p>Suchy, pop\u0119kany w Shao Yin, czerwony, w\u0105ski, cienki, czerwonawy czubek j\u0119zyka<\/p>\n","yn_product_tongue_coating":"<p>Cienki, \u017c\u00f3\u0142tawy, suchy<\/p>\n","yn_product_pulse_diagnostics":"<p>Og\u00f3lne: fu mai &#8211; powierzchowny, xi mai &#8211; cienki, duan mai &#8211; kr\u00f3tki, xu mai &#8211; pusty, shuo mai &#8211; szybki<\/p>\n","yn_product_indications":"<p>Objawy menopauzy, brak miesi\u0105czki, uderzenia gor\u0105ca, pocenie si\u0119, trudno\u015bci ze snem w nocy, nocne poty, niepok\u00f3j, wahania nadci\u015bnienia, sucho\u015b\u0107 oczu, szum w uszach, sucho\u015b\u0107 w gardle.<\/p>\n","yn_product_contra_indications":"<p>Niedob\u00f3r Yang, wilgo\u0107 i przezi\u0119bienie flegmy<\/p>\n","yn_product_pregnancy":"<p>Dozwolone<\/p>\n","yn_product_herbs":"<p>panacis quinquefolium radix &#8211; xi yang shen, pseudostellariae radix &#8211; tai zhi shen, opiophogonis radix &#8211; mai men dong, tritici levis fructus &#8211; fu xiao mai, scrophulariae ningpoensis radix &#8211; xuan shen, paeoniae rubrae radix &#8211; chi shao yao, ziziphy spinosae semen &#8211; suan zao ren, scutellariae baicalensis radix &#8211; huang qin, achyranthis radix &#8211; huai niu xi<\/p>\n","yn_product_magisterrecipes":"<p>Qi Ju Di Huang Wan, Gan Mai Da Zao Tang, Xie Bai San<\/p>\n"},"yoast_head":"<!-- This site is optimized with the Yoast SEO plugin v24.9 - https:\/\/yoast.com\/wordpress\/plugins\/seo\/ -->\n<title>Cool Moon - 140 szt. - Claude Diolosa<\/title>\n<meta name=\"robots\" content=\"index, follow, max-snippet:-1, max-image-preview:large, max-video-preview:-1\" \/>\n<link rel=\"canonical\" href=\"https:\/\/shop.diolosa.com\/pl\/product\/cool-moon-140-szt\/\" \/>\n<meta property=\"og:locale\" content=\"pl_PL\" \/>\n<meta property=\"og:type\" content=\"article\" \/>\n<meta property=\"og:title\" content=\"Cool Moon - 140 szt. - Claude Diolosa\" \/>\n<meta property=\"og:description\" content=\"COOL MOON jest stosowany w leczeniu objaw\u00f3w menopauzy z uderzeniami [...]\" \/>\n<meta property=\"og:url\" content=\"https:\/\/shop.diolosa.com\/pl\/product\/cool-moon-140-szt\/\" \/>\n<meta property=\"og:site_name\" content=\"Claude Diolosa\" \/>\n<meta property=\"article:publisher\" content=\"https:\/\/facebook.com\/claudediolosa\" \/>\n<meta property=\"article:modified_time\" content=\"2025-05-06T13:50:45+00:00\" \/>\n<meta property=\"og:image\" content=\"https:\/\/shop.diolosa.com\/wp-content\/uploads\/2019\/09\/Presslinge-140.jpg\" \/>\n\t<meta property=\"og:image:width\" content=\"800\" \/>\n\t<meta property=\"og:image:height\" content=\"533\" \/>\n\t<meta property=\"og:image:type\" content=\"image\/jpeg\" \/>\n<meta name=\"twitter:card\" content=\"summary_large_image\" \/>\n<script type=\"application\/ld+json\" class=\"yoast-schema-graph\">{\"@context\":\"https:\/\/schema.org\",\"@graph\":[{\"@type\":\"WebPage\",\"@id\":\"https:\/\/shop.diolosa.com\/pl\/product\/cool-moon-140-szt\/\",\"url\":\"https:\/\/shop.diolosa.com\/pl\/product\/cool-moon-140-szt\/\",\"name\":\"Cool Moon - 140 szt. - Claude Diolosa\",\"isPartOf\":{\"@id\":\"https:\/\/shop.diolosa.com\/pl\/#website\"},\"primaryImageOfPage\":{\"@id\":\"https:\/\/shop.diolosa.com\/pl\/product\/cool-moon-140-szt\/#primaryimage\"},\"image\":{\"@id\":\"https:\/\/shop.diolosa.com\/pl\/product\/cool-moon-140-szt\/#primaryimage\"},\"thumbnailUrl\":\"https:\/\/shop.diolosa.com\/wp-content\/uploads\/2019\/09\/Presslinge-140.jpg\",\"datePublished\":\"2025-03-10T05:56:46+00:00\",\"dateModified\":\"2025-05-06T13:50:45+00:00\",\"breadcrumb\":{\"@id\":\"https:\/\/shop.diolosa.com\/pl\/product\/cool-moon-140-szt\/#breadcrumb\"},\"inLanguage\":\"pl-PL\",\"potentialAction\":[{\"@type\":\"ReadAction\",\"target\":[\"https:\/\/shop.diolosa.com\/pl\/product\/cool-moon-140-szt\/\"]}]},{\"@type\":\"ImageObject\",\"inLanguage\":\"pl-PL\",\"@id\":\"https:\/\/shop.diolosa.com\/pl\/product\/cool-moon-140-szt\/#primaryimage\",\"url\":\"https:\/\/shop.diolosa.com\/wp-content\/uploads\/2019\/09\/Presslinge-140.jpg\",\"contentUrl\":\"https:\/\/shop.diolosa.com\/wp-content\/uploads\/2019\/09\/Presslinge-140.jpg\",\"width\":800,\"height\":533},{\"@type\":\"BreadcrumbList\",\"@id\":\"https:\/\/shop.diolosa.com\/pl\/product\/cool-moon-140-szt\/#breadcrumb\",\"itemListElement\":[{\"@type\":\"ListItem\",\"position\":1,\"name\":\"Startseite\",\"item\":\"https:\/\/shop.diolosa.com\/pl\/?page_id=3835710\"},{\"@type\":\"ListItem\",\"position\":2,\"name\":\"Sklep\",\"item\":\"https:\/\/shop.diolosa.com\/pl\/?page_id=3835710\"},{\"@type\":\"ListItem\",\"position\":3,\"name\":\"Cool Moon &#8211; 140 szt.\"}]},{\"@type\":\"WebSite\",\"@id\":\"https:\/\/shop.diolosa.com\/pl\/#website\",\"url\":\"https:\/\/shop.diolosa.com\/pl\/\",\"name\":\"Claude Diolosa\",\"description\":\"\",\"publisher\":{\"@id\":\"https:\/\/shop.diolosa.com\/pl\/#organization\"},\"potentialAction\":[{\"@type\":\"SearchAction\",\"target\":{\"@type\":\"EntryPoint\",\"urlTemplate\":\"https:\/\/shop.diolosa.com\/pl\/?s={search_term_string}\"},\"query-input\":{\"@type\":\"PropertyValueSpecification\",\"valueRequired\":true,\"valueName\":\"search_term_string\"}}],\"inLanguage\":\"pl-PL\"},{\"@type\":\"Organization\",\"@id\":\"https:\/\/shop.diolosa.com\/pl\/#organization\",\"name\":\"Claude Diolosa\",\"url\":\"https:\/\/shop.diolosa.com\/pl\/\",\"logo\":{\"@type\":\"ImageObject\",\"inLanguage\":\"pl-PL\",\"@id\":\"https:\/\/shop.diolosa.com\/pl\/#\/schema\/logo\/image\/\",\"url\":\"https:\/\/shop.diolosa.com\/wp-content\/uploads\/2019\/08\/diolosa-drop-logo-new.png\",\"contentUrl\":\"https:\/\/shop.diolosa.com\/wp-content\/uploads\/2019\/08\/diolosa-drop-logo-new.png\",\"width\":134,\"height\":176,\"caption\":\"Claude Diolosa\"},\"image\":{\"@id\":\"https:\/\/shop.diolosa.com\/pl\/#\/schema\/logo\/image\/\"},\"sameAs\":[\"https:\/\/facebook.com\/claudediolosa\",\"https:\/\/www.instagram.com\/diolosaclaude108\/\"]}]}<\/script>\n<!-- \/ Yoast SEO plugin. -->","yoast_head_json":{"title":"Cool Moon - 140 szt. - Claude Diolosa","robots":{"index":"index","follow":"follow","max-snippet":"max-snippet:-1","max-image-preview":"max-image-preview:large","max-video-preview":"max-video-preview:-1"},"canonical":"https:\/\/shop.diolosa.com\/pl\/product\/cool-moon-140-szt\/","og_locale":"pl_PL","og_type":"article","og_title":"Cool Moon - 140 szt. - Claude Diolosa","og_description":"COOL MOON jest stosowany w leczeniu objaw\u00f3w menopauzy z uderzeniami [...]","og_url":"https:\/\/shop.diolosa.com\/pl\/product\/cool-moon-140-szt\/","og_site_name":"Claude Diolosa","article_publisher":"https:\/\/facebook.com\/claudediolosa","article_modified_time":"2025-05-06T13:50:45+00:00","og_image":[{"width":800,"height":533,"url":"https:\/\/shop.diolosa.com\/wp-content\/uploads\/2019\/09\/Presslinge-140.jpg","type":"image\/jpeg"}],"twitter_card":"summary_large_image","schema":{"@context":"https:\/\/schema.org","@graph":[{"@type":"WebPage","@id":"https:\/\/shop.diolosa.com\/pl\/product\/cool-moon-140-szt\/","url":"https:\/\/shop.diolosa.com\/pl\/product\/cool-moon-140-szt\/","name":"Cool Moon - 140 szt. - Claude Diolosa","isPartOf":{"@id":"https:\/\/shop.diolosa.com\/pl\/#website"},"primaryImageOfPage":{"@id":"https:\/\/shop.diolosa.com\/pl\/product\/cool-moon-140-szt\/#primaryimage"},"image":{"@id":"https:\/\/shop.diolosa.com\/pl\/product\/cool-moon-140-szt\/#primaryimage"},"thumbnailUrl":"https:\/\/shop.diolosa.com\/wp-content\/uploads\/2019\/09\/Presslinge-140.jpg","datePublished":"2025-03-10T05:56:46+00:00","dateModified":"2025-05-06T13:50:45+00:00","breadcrumb":{"@id":"https:\/\/shop.diolosa.com\/pl\/product\/cool-moon-140-szt\/#breadcrumb"},"inLanguage":"pl-PL","potentialAction":[{"@type":"ReadAction","target":["https:\/\/shop.diolosa.com\/pl\/product\/cool-moon-140-szt\/"]}]},{"@type":"ImageObject","inLanguage":"pl-PL","@id":"https:\/\/shop.diolosa.com\/pl\/product\/cool-moon-140-szt\/#primaryimage","url":"https:\/\/shop.diolosa.com\/wp-content\/uploads\/2019\/09\/Presslinge-140.jpg","contentUrl":"https:\/\/shop.diolosa.com\/wp-content\/uploads\/2019\/09\/Presslinge-140.jpg","width":800,"height":533},{"@type":"BreadcrumbList","@id":"https:\/\/shop.diolosa.com\/pl\/product\/cool-moon-140-szt\/#breadcrumb","itemListElement":[{"@type":"ListItem","position":1,"name":"Startseite","item":"https:\/\/shop.diolosa.com\/pl\/?page_id=3835710"},{"@type":"ListItem","position":2,"name":"Sklep","item":"https:\/\/shop.diolosa.com\/pl\/?page_id=3835710"},{"@type":"ListItem","position":3,"name":"Cool Moon &#8211; 140 szt."}]},{"@type":"WebSite","@id":"https:\/\/shop.diolosa.com\/pl\/#website","url":"https:\/\/shop.diolosa.com\/pl\/","name":"Claude Diolosa","description":"","publisher":{"@id":"https:\/\/shop.diolosa.com\/pl\/#organization"},"potentialAction":[{"@type":"SearchAction","target":{"@type":"EntryPoint","urlTemplate":"https:\/\/shop.diolosa.com\/pl\/?s={search_term_string}"},"query-input":{"@type":"PropertyValueSpecification","valueRequired":true,"valueName":"search_term_string"}}],"inLanguage":"pl-PL"},{"@type":"Organization","@id":"https:\/\/shop.diolosa.com\/pl\/#organization","name":"Claude Diolosa","url":"https:\/\/shop.diolosa.com\/pl\/","logo":{"@type":"ImageObject","inLanguage":"pl-PL","@id":"https:\/\/shop.diolosa.com\/pl\/#\/schema\/logo\/image\/","url":"https:\/\/shop.diolosa.com\/wp-content\/uploads\/2019\/08\/diolosa-drop-logo-new.png","contentUrl":"https:\/\/shop.diolosa.com\/wp-content\/uploads\/2019\/08\/diolosa-drop-logo-new.png","width":134,"height":176,"caption":"Claude Diolosa"},"image":{"@id":"https:\/\/shop.diolosa.com\/pl\/#\/schema\/logo\/image\/"},"sameAs":["https:\/\/facebook.com\/claudediolosa","https:\/\/www.instagram.com\/diolosaclaude108\/"]}]}},"_links":{"self":[{"href":"https:\/\/shop.diolosa.com\/pl\/wp-json\/wp\/v2\/product\/3841085","targetHints":{"allow":["GET"]}}],"collection":[{"href":"https:\/\/shop.diolosa.com\/pl\/wp-json\/wp\/v2\/product"}],"about":[{"href":"https:\/\/shop.diolosa.com\/pl\/wp-json\/wp\/v2\/types\/product"}],"wp:featuredmedia":[{"embeddable":true,"href":"https:\/\/shop.diolosa.com\/pl\/wp-json\/wp\/v2\/media\/3835943"}],"wp:attachment":[{"href":"https:\/\/shop.diolosa.com\/pl\/wp-json\/wp\/v2\/media?parent=3841085"}],"wp:term":[{"taxonomy":"product_brand","embeddable":true,"href":"https:\/\/shop.diolosa.com\/pl\/wp-json\/wp\/v2\/product_brand?post=3841085"},{"taxonomy":"product_cat","embeddable":true,"href":"https:\/\/shop.diolosa.com\/pl\/wp-json\/wp\/v2\/product_cat?post=3841085"},{"taxonomy":"product_tag","embeddable":true,"href":"https:\/\/shop.diolosa.com\/pl\/wp-json\/wp\/v2\/product_tag?post=3841085"}],"curies":[{"name":"wp","href":"https:\/\/api.w.org\/{rel}","templated":true}]}}