{"id":3841093,"date":"2019-09-04T12:14:09","date_gmt":"2025-03-10T05:56:49","guid":{"rendered":"https:\/\/shop.diolosa.com\/product\/chwytajac-wiatr-2\/"},"modified":"2025-05-06T14:54:39","modified_gmt":"2025-05-06T13:54:39","slug":"chwytajac-wiatr-2","status":"publish","type":"product","link":"https:\/\/shop.diolosa.com\/pl\/product\/chwytajac-wiatr-2\/","title":{"rendered":"Chwytaj\u0105c wiatr 2"},"content":{"rendered":"<p>GRASPING THE WIND 2 jest przeznaczony do leczenia reumatoidalnego zapalenia staw\u00f3w. Preparat ten otwiera naczynia krwiono\u015bne Luo, rozprasza przenikliwe Zimno Wiatru i Wilgo\u0107 PE, stymuluje kr\u0105\u017cenie Qi i Krwi, usuwa z\u0142ogi Tan w stawach i \u0142agodzi b\u00f3l.<\/p>\n","protected":false},"excerpt":{"rendered":"<p>GRASPING THE WIND 2 jest przeznaczony do leczenia reumatoidalnego zapalenia  [&#8230;]<\/p>\n","protected":false},"featured_media":3835943,"template":"","meta":{"_acf_changed":false},"product_brand":[],"product_cat":[11910,11954],"product_tag":[12226],"class_list":{"0":"post-3841093","1":"product","2":"type-product","3":"status-publish","4":"has-post-thumbnail","6":"product_cat-choroby-autoimmunologiczne","7":"product_cat-reumatologia","8":"product_tag-reumatoidalne-zapalenie-stawow-przeziebienie","10":"first","11":"instock","12":"taxable","13":"shipping-taxable","14":"purchasable","15":"product-type-simple"},"acf":{"yn_product_audio":"https:\/\/shop.diolosa.com\/wp-content\/uploads\/2018\/12\/DL_0975.mp3","yn_product_akupunktur":"<p>Roz\u0142adowanie wiatru &#8211; Feng BI<br \/>\ndu mai 14 &#8211; da zhui (jezioro qi) &#8211; xie fa<br \/>\nworeczek \u017c\u00f3\u0142ciowy 20 &#8211; feng chi (san chiao, yang wei mai) &#8211; xie fa<br \/>\np\u0119cherz 17 &#8211; ge shu (krew) &#8211; xie fa<br \/>\n\u015bledziona 10 &#8211; xue hai (jezioro krwi) &#8211; xie fa  <\/p>\n<p>Wyp\u0119dzenie zimna &#8211; Han BI<br \/>\ndu mai 14 &#8211; da zhui (jezioro qi) &#8211; moxa<br \/>\nren mai 4 &#8211; guan yuan (mo>jelito cienkie, w\u0105troba, nerki, \u015bledziona) &#8211; moxa<br \/>\np\u0119cherz 23 &#8211; shen shu &#8211; moxa<\/p>\n<p>odprowadzanie wilgoci &#8211; Shi BI<br \/>\np\u0119cherz 20 &#8211; pi shu &#8211; xie fa<br \/>\n\u015bledziona 9 &#8211; yin ling quan (he) &#8211; xie fa<br \/>\n\u015bledziona 5 &#8211; shang qiu (jing) &#8211; xie fa<br \/>\n\u017co\u0142\u0105dek 36 &#8211; zu san li (shu, xia he xue &#8211; \u017co\u0142\u0105dek, si hai xue, si zhong xue) &#8211; xie fa<\/p>\n<p>Wydalanie ciep\u0142a &#8211; Re BI<br \/>\njelito grube 4 &#8211; he gu (yuan) &#8211; xie fa<br \/>\njelito grube 11 &#8211; qu chi &#8211; gui tui (he &#8211; gui) &#8211; xie fa  <\/p>\n<p>Rami\u0119<br \/>\njianqian (M-UE-48 &#8211; rami\u0119) &#8211; xie fa<br \/>\njelito grube 15 &#8211; jian yu (yang qiao mai) &#8211; xie fa<br \/>\nsan chiao 14 &#8211; jian liao &#8211; xie fa<br \/>\njelito cienkie 9 &#8211; jian zhen &#8211; xie fa  <\/p>\n<p>\u0141okie\u0107<br \/>\njelito grube 10 &#8211; shou san li &#8211; xie fa<br \/>\nsan chiao 5 &#8211; wai guan (yang wei mai, luo) &#8211; xie fa<br \/>\nsan chiao 10 &#8211; tian jing &#8211; xie fa<br \/>\np\u0142uco 5 &#8211; chi ze (he) &#8211; xie fa<br \/>\njelito grube 4 &#8211; he gu (yuan) &#8211; xie fa  <\/p>\n<p>nadgarstki<br \/>\njelito grube 5 &#8211; yang xi (jing) &#8211; xie fa<br \/>\nsan chiao 4 &#8211; yang chi (yuan) &#8211; xie fa<br \/>\njelito cienkie 5 &#8211; yang gu (jing) &#8211; xie fa<br \/>\njelito grube 4 &#8211; he gu (yuan) &#8211; xie fa  <\/p>\n<p>Kr\u0119gos\u0142up<br \/>\njelito cienkie 3 &#8211; hou xi (shu,du mai) &#8211; xie fa<br \/>\njelito cienkie 1 &#8211; shao ze (jing) &#8211; xie fa<br \/>\njelito cienkie 2 &#8211; qian gu (ying) &#8211; xie fa<br \/>\nyin tang &#8211; M-HN-3 &#8211; xie fa  <\/p>\n<p>biodro<br \/>\nworeczek \u017c\u00f3\u0142ciowy 29 &#8211; ju liao (yang qiao mai) &#8211; xie fa<br \/>\nworeczek \u017c\u00f3\u0142ciowy 30 &#8211; huan tiao (p\u0119cherz) &#8211; xie fa<br \/>\nworeczek \u017c\u00f3\u0142ciowy 39 &#8211; xuan zhong &#8211; jue gu (szpik) &#8211; xie fa  <\/p>\n<p>Kolano<br \/>\n\u017co\u0142\u0105dek 34 &#8211; liang qiu (xi) &#8211; xie fa<br \/>\n\u017co\u0142\u0105dek 35 &#8211; du bi &#8211; xie fa<br \/>\nworeczek \u017c\u00f3\u0142ciowy 34 &#8211; yang ling quan (he, xia he xue, gui) &#8211; xie fa  <\/p>\n<p>kostka<br \/>\np\u0119cherz 60 &#8211; kun lun (jing) &#8211; xie fa<br \/>\np\u0119cherz 62 &#8211; shen mai &#8211; gui lu (yang qiao mai) &#8211; xie fa<br \/>\nnerka 6 &#8211; zhao hai (yin qiao mai) &#8211; xie fa<br \/>\nworeczek \u017c\u00f3\u0142ciowy 40 &#8211; qiu xu (yuan) &#8211; xie fa<br \/>\n\u017co\u0142\u0105dek 41 &#8211; jie xi (jing) &#8211; xie fa<\/p>\n","yn_product_verabreichungsart":"Pelety 140szt.","yn_product_dosierung":"<p>3 x 6 do 10 tabletek dziennie przez co najmniej 15 dni<\/p>\n","yn_product_combinations":"<p>COLD EASY MOVEMENT do leczenia reumatyzmu Feng Shi Han, YANG ROOT, WARMING THE ROOT, SECRET POWER i RINCHEN TEE do tonizowania yang nerek i od\u017cywiania esencji.<\/p>\n","yn_product_avoidable":"<p>Produkty mleczne, jogurt, owoce tropikalne, owoce cytrusowe, wszystkie desery, zimna \u017cywno\u015b\u0107 i napoje, surowe warzywa, cukier, czekolada, kawa, czarna herbata, zielona herbata, og\u00f3rek, pomidor, bak\u0142a\u017can, soki owocowe.<\/p>\n","yn_product_tcm_mindmapping":"<p>Feng Shi Han atakuje stawy i przekszta\u0142ca si\u0119 w ciep\u0142o, a nawet wt\u00f3rne ciep\u0142o wilgoci poprzez stagnacj\u0119<\/p>\n","yn_product_tongue_body":"<p>Blady, niski, przekrwiony<\/p>\n","yn_product_tongue_coating":"<p>Wilgotny, cienki i bia\u0142y<\/p>\n","yn_product_pulse_diagnostics":"<p>Og\u00f3lne: jin mai &#8211; ciasny, shi mai &#8211; pe\u0142ny, chi mai &#8211; powolny, se mai &#8211; szorstki<\/p>\n","yn_product_indications":"<p>Reumatoidalne zapalenie staw\u00f3w z pogorszeniem pod wp\u0142ywem wiatru, wilgoci i zimna, zimne ko\u0144czyny, niestrawione resztki pokarmu w stolcu, zimna biegunka, sk\u0142onno\u015b\u0107 do wielomoczu, b\u00f3l plec\u00f3w.<\/p>\n","yn_product_contra_indications":"<p>Niedob\u00f3r Yin i puste ciep\u0142o, ciep\u0142o krwi, suche zaparcia<\/p>\n","yn_product_pregnancy":"<p>Przeciwwskazane<\/p>\n","yn_product_herbs":"<p>atractylodes macrocephalae rhizoma &#8211; bai zhu, coicis semen &#8211; yi yi ren, poria cocos &#8211; fu ling, ledebouriellae divaricatae radix &#8211; fang feng, notopterygium radix et rhizomae &#8211; qiang huo, angelicae sinensis par caudensis radix &#8211; dang gui wei, spatholobi seu milletiae caulis &#8211; ji xue teng, ligni pini nodus &#8211; song jie, clematidis radix &#8211; wei ling xiang<\/p>\n","yn_product_magisterrecipes":"<p>Jiang Gu Feng Shi Ye, Wu Tu Tang, Ma Huang Fu Zi Tang, Yue Bi Jia, Dang Gui Si Ni Tang<\/p>\n","yn_product_video":"https:\/\/shop.diolosa.com\/wp-content\/uploads\/2025\/07\/Grasping-The-Wind-2.mp4"},"yoast_head":"<!-- This site is optimized with the Yoast SEO plugin v24.9 - https:\/\/yoast.com\/wordpress\/plugins\/seo\/ -->\n<title>Chwytaj\u0105c wiatr 2 - Claude Diolosa<\/title>\n<meta name=\"robots\" content=\"index, follow, max-snippet:-1, max-image-preview:large, max-video-preview:-1\" \/>\n<link rel=\"canonical\" href=\"https:\/\/shop.diolosa.com\/pl\/product\/chwytajac-wiatr-2\/\" \/>\n<meta property=\"og:locale\" content=\"pl_PL\" \/>\n<meta property=\"og:type\" content=\"article\" \/>\n<meta property=\"og:title\" content=\"Chwytaj\u0105c wiatr 2 - Claude Diolosa\" \/>\n<meta property=\"og:description\" content=\"GRASPING THE WIND 2 jest przeznaczony do leczenia reumatoidalnego zapalenia [...]\" \/>\n<meta property=\"og:url\" content=\"https:\/\/shop.diolosa.com\/pl\/product\/chwytajac-wiatr-2\/\" \/>\n<meta property=\"og:site_name\" content=\"Claude Diolosa\" \/>\n<meta property=\"article:publisher\" content=\"https:\/\/facebook.com\/claudediolosa\" \/>\n<meta property=\"article:modified_time\" content=\"2025-05-06T13:54:39+00:00\" \/>\n<meta property=\"og:image\" content=\"https:\/\/shop.diolosa.com\/wp-content\/uploads\/2019\/09\/Presslinge-140.jpg\" \/>\n\t<meta property=\"og:image:width\" content=\"800\" \/>\n\t<meta property=\"og:image:height\" content=\"533\" \/>\n\t<meta property=\"og:image:type\" content=\"image\/jpeg\" \/>\n<meta name=\"twitter:card\" content=\"summary_large_image\" \/>\n<script type=\"application\/ld+json\" class=\"yoast-schema-graph\">{\"@context\":\"https:\/\/schema.org\",\"@graph\":[{\"@type\":\"WebPage\",\"@id\":\"https:\/\/shop.diolosa.com\/pl\/product\/chwytajac-wiatr-2\/\",\"url\":\"https:\/\/shop.diolosa.com\/pl\/product\/chwytajac-wiatr-2\/\",\"name\":\"Chwytaj\u0105c wiatr 2 - Claude Diolosa\",\"isPartOf\":{\"@id\":\"https:\/\/shop.diolosa.com\/pl\/#website\"},\"primaryImageOfPage\":{\"@id\":\"https:\/\/shop.diolosa.com\/pl\/product\/chwytajac-wiatr-2\/#primaryimage\"},\"image\":{\"@id\":\"https:\/\/shop.diolosa.com\/pl\/product\/chwytajac-wiatr-2\/#primaryimage\"},\"thumbnailUrl\":\"https:\/\/shop.diolosa.com\/wp-content\/uploads\/2019\/09\/Presslinge-140.jpg\",\"datePublished\":\"2025-03-10T05:56:49+00:00\",\"dateModified\":\"2025-05-06T13:54:39+00:00\",\"breadcrumb\":{\"@id\":\"https:\/\/shop.diolosa.com\/pl\/product\/chwytajac-wiatr-2\/#breadcrumb\"},\"inLanguage\":\"pl-PL\",\"potentialAction\":[{\"@type\":\"ReadAction\",\"target\":[\"https:\/\/shop.diolosa.com\/pl\/product\/chwytajac-wiatr-2\/\"]}]},{\"@type\":\"ImageObject\",\"inLanguage\":\"pl-PL\",\"@id\":\"https:\/\/shop.diolosa.com\/pl\/product\/chwytajac-wiatr-2\/#primaryimage\",\"url\":\"https:\/\/shop.diolosa.com\/wp-content\/uploads\/2019\/09\/Presslinge-140.jpg\",\"contentUrl\":\"https:\/\/shop.diolosa.com\/wp-content\/uploads\/2019\/09\/Presslinge-140.jpg\",\"width\":800,\"height\":533},{\"@type\":\"BreadcrumbList\",\"@id\":\"https:\/\/shop.diolosa.com\/pl\/product\/chwytajac-wiatr-2\/#breadcrumb\",\"itemListElement\":[{\"@type\":\"ListItem\",\"position\":1,\"name\":\"Startseite\",\"item\":\"https:\/\/shop.diolosa.com\/pl\/?page_id=3835710\"},{\"@type\":\"ListItem\",\"position\":2,\"name\":\"Sklep\",\"item\":\"https:\/\/shop.diolosa.com\/pl\/?page_id=3835710\"},{\"@type\":\"ListItem\",\"position\":3,\"name\":\"Chwytaj\u0105c wiatr 2\"}]},{\"@type\":\"WebSite\",\"@id\":\"https:\/\/shop.diolosa.com\/pl\/#website\",\"url\":\"https:\/\/shop.diolosa.com\/pl\/\",\"name\":\"Claude Diolosa\",\"description\":\"\",\"publisher\":{\"@id\":\"https:\/\/shop.diolosa.com\/pl\/#organization\"},\"potentialAction\":[{\"@type\":\"SearchAction\",\"target\":{\"@type\":\"EntryPoint\",\"urlTemplate\":\"https:\/\/shop.diolosa.com\/pl\/?s={search_term_string}\"},\"query-input\":{\"@type\":\"PropertyValueSpecification\",\"valueRequired\":true,\"valueName\":\"search_term_string\"}}],\"inLanguage\":\"pl-PL\"},{\"@type\":\"Organization\",\"@id\":\"https:\/\/shop.diolosa.com\/pl\/#organization\",\"name\":\"Claude Diolosa\",\"url\":\"https:\/\/shop.diolosa.com\/pl\/\",\"logo\":{\"@type\":\"ImageObject\",\"inLanguage\":\"pl-PL\",\"@id\":\"https:\/\/shop.diolosa.com\/pl\/#\/schema\/logo\/image\/\",\"url\":\"https:\/\/shop.diolosa.com\/wp-content\/uploads\/2019\/08\/diolosa-drop-logo-new.png\",\"contentUrl\":\"https:\/\/shop.diolosa.com\/wp-content\/uploads\/2019\/08\/diolosa-drop-logo-new.png\",\"width\":134,\"height\":176,\"caption\":\"Claude Diolosa\"},\"image\":{\"@id\":\"https:\/\/shop.diolosa.com\/pl\/#\/schema\/logo\/image\/\"},\"sameAs\":[\"https:\/\/facebook.com\/claudediolosa\",\"https:\/\/www.instagram.com\/diolosaclaude108\/\"]}]}<\/script>\n<!-- \/ Yoast SEO plugin. -->","yoast_head_json":{"title":"Chwytaj\u0105c wiatr 2 - Claude Diolosa","robots":{"index":"index","follow":"follow","max-snippet":"max-snippet:-1","max-image-preview":"max-image-preview:large","max-video-preview":"max-video-preview:-1"},"canonical":"https:\/\/shop.diolosa.com\/pl\/product\/chwytajac-wiatr-2\/","og_locale":"pl_PL","og_type":"article","og_title":"Chwytaj\u0105c wiatr 2 - Claude Diolosa","og_description":"GRASPING THE WIND 2 jest przeznaczony do leczenia reumatoidalnego zapalenia [...]","og_url":"https:\/\/shop.diolosa.com\/pl\/product\/chwytajac-wiatr-2\/","og_site_name":"Claude Diolosa","article_publisher":"https:\/\/facebook.com\/claudediolosa","article_modified_time":"2025-05-06T13:54:39+00:00","og_image":[{"width":800,"height":533,"url":"https:\/\/shop.diolosa.com\/wp-content\/uploads\/2019\/09\/Presslinge-140.jpg","type":"image\/jpeg"}],"twitter_card":"summary_large_image","schema":{"@context":"https:\/\/schema.org","@graph":[{"@type":"WebPage","@id":"https:\/\/shop.diolosa.com\/pl\/product\/chwytajac-wiatr-2\/","url":"https:\/\/shop.diolosa.com\/pl\/product\/chwytajac-wiatr-2\/","name":"Chwytaj\u0105c wiatr 2 - Claude Diolosa","isPartOf":{"@id":"https:\/\/shop.diolosa.com\/pl\/#website"},"primaryImageOfPage":{"@id":"https:\/\/shop.diolosa.com\/pl\/product\/chwytajac-wiatr-2\/#primaryimage"},"image":{"@id":"https:\/\/shop.diolosa.com\/pl\/product\/chwytajac-wiatr-2\/#primaryimage"},"thumbnailUrl":"https:\/\/shop.diolosa.com\/wp-content\/uploads\/2019\/09\/Presslinge-140.jpg","datePublished":"2025-03-10T05:56:49+00:00","dateModified":"2025-05-06T13:54:39+00:00","breadcrumb":{"@id":"https:\/\/shop.diolosa.com\/pl\/product\/chwytajac-wiatr-2\/#breadcrumb"},"inLanguage":"pl-PL","potentialAction":[{"@type":"ReadAction","target":["https:\/\/shop.diolosa.com\/pl\/product\/chwytajac-wiatr-2\/"]}]},{"@type":"ImageObject","inLanguage":"pl-PL","@id":"https:\/\/shop.diolosa.com\/pl\/product\/chwytajac-wiatr-2\/#primaryimage","url":"https:\/\/shop.diolosa.com\/wp-content\/uploads\/2019\/09\/Presslinge-140.jpg","contentUrl":"https:\/\/shop.diolosa.com\/wp-content\/uploads\/2019\/09\/Presslinge-140.jpg","width":800,"height":533},{"@type":"BreadcrumbList","@id":"https:\/\/shop.diolosa.com\/pl\/product\/chwytajac-wiatr-2\/#breadcrumb","itemListElement":[{"@type":"ListItem","position":1,"name":"Startseite","item":"https:\/\/shop.diolosa.com\/pl\/?page_id=3835710"},{"@type":"ListItem","position":2,"name":"Sklep","item":"https:\/\/shop.diolosa.com\/pl\/?page_id=3835710"},{"@type":"ListItem","position":3,"name":"Chwytaj\u0105c wiatr 2"}]},{"@type":"WebSite","@id":"https:\/\/shop.diolosa.com\/pl\/#website","url":"https:\/\/shop.diolosa.com\/pl\/","name":"Claude Diolosa","description":"","publisher":{"@id":"https:\/\/shop.diolosa.com\/pl\/#organization"},"potentialAction":[{"@type":"SearchAction","target":{"@type":"EntryPoint","urlTemplate":"https:\/\/shop.diolosa.com\/pl\/?s={search_term_string}"},"query-input":{"@type":"PropertyValueSpecification","valueRequired":true,"valueName":"search_term_string"}}],"inLanguage":"pl-PL"},{"@type":"Organization","@id":"https:\/\/shop.diolosa.com\/pl\/#organization","name":"Claude Diolosa","url":"https:\/\/shop.diolosa.com\/pl\/","logo":{"@type":"ImageObject","inLanguage":"pl-PL","@id":"https:\/\/shop.diolosa.com\/pl\/#\/schema\/logo\/image\/","url":"https:\/\/shop.diolosa.com\/wp-content\/uploads\/2019\/08\/diolosa-drop-logo-new.png","contentUrl":"https:\/\/shop.diolosa.com\/wp-content\/uploads\/2019\/08\/diolosa-drop-logo-new.png","width":134,"height":176,"caption":"Claude Diolosa"},"image":{"@id":"https:\/\/shop.diolosa.com\/pl\/#\/schema\/logo\/image\/"},"sameAs":["https:\/\/facebook.com\/claudediolosa","https:\/\/www.instagram.com\/diolosaclaude108\/"]}]}},"_links":{"self":[{"href":"https:\/\/shop.diolosa.com\/pl\/wp-json\/wp\/v2\/product\/3841093","targetHints":{"allow":["GET"]}}],"collection":[{"href":"https:\/\/shop.diolosa.com\/pl\/wp-json\/wp\/v2\/product"}],"about":[{"href":"https:\/\/shop.diolosa.com\/pl\/wp-json\/wp\/v2\/types\/product"}],"wp:featuredmedia":[{"embeddable":true,"href":"https:\/\/shop.diolosa.com\/pl\/wp-json\/wp\/v2\/media\/3835943"}],"wp:attachment":[{"href":"https:\/\/shop.diolosa.com\/pl\/wp-json\/wp\/v2\/media?parent=3841093"}],"wp:term":[{"taxonomy":"product_brand","embeddable":true,"href":"https:\/\/shop.diolosa.com\/pl\/wp-json\/wp\/v2\/product_brand?post=3841093"},{"taxonomy":"product_cat","embeddable":true,"href":"https:\/\/shop.diolosa.com\/pl\/wp-json\/wp\/v2\/product_cat?post=3841093"},{"taxonomy":"product_tag","embeddable":true,"href":"https:\/\/shop.diolosa.com\/pl\/wp-json\/wp\/v2\/product_tag?post=3841093"}],"curies":[{"name":"wp","href":"https:\/\/api.w.org\/{rel}","templated":true}]}}