{"id":3841100,"date":"2019-09-04T12:11:28","date_gmt":"2025-03-10T05:56:53","guid":{"rendered":"https:\/\/shop.diolosa.com\/product\/balsam-cool-relief\/"},"modified":"2025-05-06T15:18:22","modified_gmt":"2025-05-06T14:18:22","slug":"balsam-cool-relief","status":"publish","type":"product","link":"https:\/\/shop.diolosa.com\/pl\/product\/balsam-cool-relief\/","title":{"rendered":"Balsam Cool Relief"},"content":{"rendered":"<p>COOL RELIEF BALM jest stosowany zewn\u0119trznie w leczeniu hemoroid\u00f3w. Ma\u015b\u0107 ta ma dzia\u0142anie oczyszczaj\u0105ce, od\u015bwie\u017caj\u0105ce, poprawiaj\u0105ce ukrwienie i u\u015bmierzaj\u0105ce b\u00f3l oraz \u0142agodz\u0105ce sw\u0119dzenie odbytu.<\/p>\n","protected":false},"excerpt":{"rendered":"<p>COOL RELIEF BALM jest stosowany zewn\u0119trznie w leczeniu hemoroid\u00f3w. Ma\u015b\u0107  [&#8230;]<\/p>\n","protected":false},"featured_media":3841101,"template":"","meta":{"_acf_changed":false},"product_brand":[],"product_cat":[11867],"product_tag":[12230],"class_list":{"0":"post-3841100","1":"product","2":"type-product","3":"status-publish","4":"has-post-thumbnail","6":"product_cat-gastroenterologia","7":"product_tag-hemoroidy-masc","9":"first","10":"instock","11":"taxable","12":"shipping-taxable","13":"purchasable","14":"product-type-simple"},"acf":{"yn_product_audio":"https:\/\/shop.diolosa.com\/wp-content\/uploads\/2018\/12\/DL_0804.mp3","yn_product_video":"https:\/\/shop.diolosa.com\/wp-content\/uploads\/2024\/10\/Cool-Relief.mp4","yn_product_akupunktur":"<p>Leczenie ostre<br \/>\nbubble 57 &#8211; cheng shan &#8211; xie fa<br \/>\nbubble 40 &#8211; feng long (he, xia he xue) &#8211; xie fa &#8211; krwawi\u0107<br \/>\ndu mai 1 &#8211; chang qiang (p\u0119cherzyk \u017c\u00f3\u0142ciowy, nerki) &#8211; xie fa<br \/>\nsan chiao 6 &#8211; zhi gou (jing) &#8211; xie fa<br \/>\n\u017co\u0142\u0105dek 37 &#8211; shang ju xu (xia he xue) &#8211; xie fa<br \/>\ndwukropek 11 &#8211; qu chi (he &#8211; gui) &#8211; xie fa<br \/>\n\u017co\u0142\u0105dek 25 &#8211; tian shu (mo, jelito grube, ME) &#8211; xie fa<br \/>\ncykl 6 &#8211; nei guan (luo, yin wei mai) &#8211; xie fa<br \/>\ncykl 4 &#8211; xi men (xi) &#8211; xie fa<br \/>\ner bai &#8211; M-UE-29 (hemoroidy &#8211; krwawienie) &#8211; xie fa<br \/>\ndu mai 20 &#8211; bai hui &#8211; bai lao (jezioro szpiku kostnego, p\u0119cherza moczowego) &#8211; xie fa<\/p>\n","yn_product_verabreichungsart":"Ma\u015b\u0107 30g","yn_product_dosierung":"<p>Stosowa\u0107 1 raz wieczorem i jednocze\u015bnie przyjmowa\u0107 tabletki Cool Relief, czas trwania terapii od 12 do 30 dni.<\/p>\n","yn_product_combinations":"<p>COOL RELIEF SUPP. i COOL RELIEF TABLETS (hemoroidy), SOFT RELEASE (przewlek\u0142e zaparcia), QUICK RELEASE (ostre zaparcia), QUICK and SLOW BELLY MOVEMENT (zast\u00f3j pokarmu) <\/p>\n","yn_product_avoidable":"<p>Ostre przyprawy, alkohol, bia\u0142ko zwierz\u0119ce, kurczak, kapu\u015bniak, ser, papryka, czosnek, cebula, por, kolendra<\/p>\n","yn_product_tcm_mindmapping":"<p>Przekrwienie Qi p\u0119cherzyka \u017c\u00f3\u0142ciowego (stres) > Wilgotno\u015b\u0107 \u017co\u0142\u0105dka i jelita grubego Ciep\u0142o > Ciep\u0142o Toksyny > Ciep\u0142o krwi > Krwawienie<\/p>\n","yn_product_tongue_body":"<p>Gruba, szeroka i czerwona<\/p>\n","yn_product_tongue_coating":"<p>U nasady j\u0119zyka: \u017c\u00f3\u0142tawy, t\u0142usty, g\u0119sty, lepki<\/p>\n","yn_product_pulse_diagnostics":"<p>Po\u0142o\u017cenie jelita grubego: hua mai &#8211; \u015blizgowe, shi mai &#8211; pe\u0142ne, xian mai &#8211; napi\u0119te, se mai &#8211; szorstkie<\/p>\n","yn_product_indications":"<p>Krwawi\u0105ce i bolesne hemoroidy, cuchn\u0105cy ka\u0142, przetoki odbytu, szczeliny odbytu, sw\u0119dzenie odbytu.<\/p>\n","yn_product_contra_indications":"<p>Wilgo\u0107 i zimna flegma w Yang Ming i obni\u017cenie Qi<\/p>\n","yn_product_pregnancy":"<p>Dozwolone<\/p>\n","yn_product_herbs":"<p>sophorae flavenscentis radix &#8211; ku shen, phellodendri cortex &#8211; huang bai, cyathulae radix &#8211; chuan niu xi, myrrhae gummi &#8211; mo yao, olibanum resina &#8211; ru xiang, borneolum (dryobalanops aromitaca) &#8211; bing pian<\/p>\n","yn_product_magisterrecipes":"<p>Si Miao San, Huai Hua San<\/p>\n"},"yoast_head":"<!-- This site is optimized with the Yoast SEO plugin v24.9 - https:\/\/yoast.com\/wordpress\/plugins\/seo\/ -->\n<title>Balsam Cool Relief - Claude Diolosa<\/title>\n<meta name=\"robots\" content=\"index, follow, max-snippet:-1, max-image-preview:large, max-video-preview:-1\" \/>\n<link rel=\"canonical\" href=\"https:\/\/shop.diolosa.com\/pl\/product\/balsam-cool-relief\/\" \/>\n<meta property=\"og:locale\" content=\"pl_PL\" \/>\n<meta property=\"og:type\" content=\"article\" \/>\n<meta property=\"og:title\" content=\"Balsam Cool Relief - Claude Diolosa\" \/>\n<meta property=\"og:description\" content=\"COOL RELIEF BALM jest stosowany zewn\u0119trznie w leczeniu hemoroid\u00f3w. Ma\u015b\u0107 [...]\" \/>\n<meta property=\"og:url\" content=\"https:\/\/shop.diolosa.com\/pl\/product\/balsam-cool-relief\/\" \/>\n<meta property=\"og:site_name\" content=\"Claude Diolosa\" \/>\n<meta property=\"article:publisher\" content=\"https:\/\/facebook.com\/claudediolosa\" \/>\n<meta property=\"article:modified_time\" content=\"2025-05-06T14:18:22+00:00\" \/>\n<meta property=\"og:image\" content=\"https:\/\/shop.diolosa.com\/wp-content\/uploads\/2019\/07\/DL_804_Apotheke_IBK_Produkte.jpg\" \/>\n\t<meta property=\"og:image:width\" content=\"800\" \/>\n\t<meta property=\"og:image:height\" content=\"533\" \/>\n\t<meta property=\"og:image:type\" content=\"image\/jpeg\" \/>\n<meta name=\"twitter:card\" content=\"summary_large_image\" \/>\n<script type=\"application\/ld+json\" class=\"yoast-schema-graph\">{\"@context\":\"https:\/\/schema.org\",\"@graph\":[{\"@type\":\"WebPage\",\"@id\":\"https:\/\/shop.diolosa.com\/pl\/product\/balsam-cool-relief\/\",\"url\":\"https:\/\/shop.diolosa.com\/pl\/product\/balsam-cool-relief\/\",\"name\":\"Balsam Cool Relief - Claude Diolosa\",\"isPartOf\":{\"@id\":\"https:\/\/shop.diolosa.com\/pl\/#website\"},\"primaryImageOfPage\":{\"@id\":\"https:\/\/shop.diolosa.com\/pl\/product\/balsam-cool-relief\/#primaryimage\"},\"image\":{\"@id\":\"https:\/\/shop.diolosa.com\/pl\/product\/balsam-cool-relief\/#primaryimage\"},\"thumbnailUrl\":\"https:\/\/shop.diolosa.com\/wp-content\/uploads\/2019\/07\/DL_804_Apotheke_IBK_Produkte.jpg\",\"datePublished\":\"2025-03-10T05:56:53+00:00\",\"dateModified\":\"2025-05-06T14:18:22+00:00\",\"breadcrumb\":{\"@id\":\"https:\/\/shop.diolosa.com\/pl\/product\/balsam-cool-relief\/#breadcrumb\"},\"inLanguage\":\"pl-PL\",\"potentialAction\":[{\"@type\":\"ReadAction\",\"target\":[\"https:\/\/shop.diolosa.com\/pl\/product\/balsam-cool-relief\/\"]}]},{\"@type\":\"ImageObject\",\"inLanguage\":\"pl-PL\",\"@id\":\"https:\/\/shop.diolosa.com\/pl\/product\/balsam-cool-relief\/#primaryimage\",\"url\":\"https:\/\/shop.diolosa.com\/wp-content\/uploads\/2019\/07\/DL_804_Apotheke_IBK_Produkte.jpg\",\"contentUrl\":\"https:\/\/shop.diolosa.com\/wp-content\/uploads\/2019\/07\/DL_804_Apotheke_IBK_Produkte.jpg\",\"width\":800,\"height\":533},{\"@type\":\"BreadcrumbList\",\"@id\":\"https:\/\/shop.diolosa.com\/pl\/product\/balsam-cool-relief\/#breadcrumb\",\"itemListElement\":[{\"@type\":\"ListItem\",\"position\":1,\"name\":\"Startseite\",\"item\":\"https:\/\/shop.diolosa.com\/pl\/?page_id=3835710\"},{\"@type\":\"ListItem\",\"position\":2,\"name\":\"Sklep\",\"item\":\"https:\/\/shop.diolosa.com\/pl\/?page_id=3835710\"},{\"@type\":\"ListItem\",\"position\":3,\"name\":\"Balsam Cool Relief\"}]},{\"@type\":\"WebSite\",\"@id\":\"https:\/\/shop.diolosa.com\/pl\/#website\",\"url\":\"https:\/\/shop.diolosa.com\/pl\/\",\"name\":\"Claude Diolosa\",\"description\":\"\",\"publisher\":{\"@id\":\"https:\/\/shop.diolosa.com\/pl\/#organization\"},\"potentialAction\":[{\"@type\":\"SearchAction\",\"target\":{\"@type\":\"EntryPoint\",\"urlTemplate\":\"https:\/\/shop.diolosa.com\/pl\/?s={search_term_string}\"},\"query-input\":{\"@type\":\"PropertyValueSpecification\",\"valueRequired\":true,\"valueName\":\"search_term_string\"}}],\"inLanguage\":\"pl-PL\"},{\"@type\":\"Organization\",\"@id\":\"https:\/\/shop.diolosa.com\/pl\/#organization\",\"name\":\"Claude Diolosa\",\"url\":\"https:\/\/shop.diolosa.com\/pl\/\",\"logo\":{\"@type\":\"ImageObject\",\"inLanguage\":\"pl-PL\",\"@id\":\"https:\/\/shop.diolosa.com\/pl\/#\/schema\/logo\/image\/\",\"url\":\"https:\/\/shop.diolosa.com\/wp-content\/uploads\/2019\/08\/diolosa-drop-logo-new.png\",\"contentUrl\":\"https:\/\/shop.diolosa.com\/wp-content\/uploads\/2019\/08\/diolosa-drop-logo-new.png\",\"width\":134,\"height\":176,\"caption\":\"Claude Diolosa\"},\"image\":{\"@id\":\"https:\/\/shop.diolosa.com\/pl\/#\/schema\/logo\/image\/\"},\"sameAs\":[\"https:\/\/facebook.com\/claudediolosa\",\"https:\/\/www.instagram.com\/diolosaclaude108\/\"]}]}<\/script>\n<!-- \/ Yoast SEO plugin. -->","yoast_head_json":{"title":"Balsam Cool Relief - Claude Diolosa","robots":{"index":"index","follow":"follow","max-snippet":"max-snippet:-1","max-image-preview":"max-image-preview:large","max-video-preview":"max-video-preview:-1"},"canonical":"https:\/\/shop.diolosa.com\/pl\/product\/balsam-cool-relief\/","og_locale":"pl_PL","og_type":"article","og_title":"Balsam Cool Relief - Claude Diolosa","og_description":"COOL RELIEF BALM jest stosowany zewn\u0119trznie w leczeniu hemoroid\u00f3w. Ma\u015b\u0107 [...]","og_url":"https:\/\/shop.diolosa.com\/pl\/product\/balsam-cool-relief\/","og_site_name":"Claude Diolosa","article_publisher":"https:\/\/facebook.com\/claudediolosa","article_modified_time":"2025-05-06T14:18:22+00:00","og_image":[{"width":800,"height":533,"url":"https:\/\/shop.diolosa.com\/wp-content\/uploads\/2019\/07\/DL_804_Apotheke_IBK_Produkte.jpg","type":"image\/jpeg"}],"twitter_card":"summary_large_image","schema":{"@context":"https:\/\/schema.org","@graph":[{"@type":"WebPage","@id":"https:\/\/shop.diolosa.com\/pl\/product\/balsam-cool-relief\/","url":"https:\/\/shop.diolosa.com\/pl\/product\/balsam-cool-relief\/","name":"Balsam Cool Relief - Claude Diolosa","isPartOf":{"@id":"https:\/\/shop.diolosa.com\/pl\/#website"},"primaryImageOfPage":{"@id":"https:\/\/shop.diolosa.com\/pl\/product\/balsam-cool-relief\/#primaryimage"},"image":{"@id":"https:\/\/shop.diolosa.com\/pl\/product\/balsam-cool-relief\/#primaryimage"},"thumbnailUrl":"https:\/\/shop.diolosa.com\/wp-content\/uploads\/2019\/07\/DL_804_Apotheke_IBK_Produkte.jpg","datePublished":"2025-03-10T05:56:53+00:00","dateModified":"2025-05-06T14:18:22+00:00","breadcrumb":{"@id":"https:\/\/shop.diolosa.com\/pl\/product\/balsam-cool-relief\/#breadcrumb"},"inLanguage":"pl-PL","potentialAction":[{"@type":"ReadAction","target":["https:\/\/shop.diolosa.com\/pl\/product\/balsam-cool-relief\/"]}]},{"@type":"ImageObject","inLanguage":"pl-PL","@id":"https:\/\/shop.diolosa.com\/pl\/product\/balsam-cool-relief\/#primaryimage","url":"https:\/\/shop.diolosa.com\/wp-content\/uploads\/2019\/07\/DL_804_Apotheke_IBK_Produkte.jpg","contentUrl":"https:\/\/shop.diolosa.com\/wp-content\/uploads\/2019\/07\/DL_804_Apotheke_IBK_Produkte.jpg","width":800,"height":533},{"@type":"BreadcrumbList","@id":"https:\/\/shop.diolosa.com\/pl\/product\/balsam-cool-relief\/#breadcrumb","itemListElement":[{"@type":"ListItem","position":1,"name":"Startseite","item":"https:\/\/shop.diolosa.com\/pl\/?page_id=3835710"},{"@type":"ListItem","position":2,"name":"Sklep","item":"https:\/\/shop.diolosa.com\/pl\/?page_id=3835710"},{"@type":"ListItem","position":3,"name":"Balsam Cool Relief"}]},{"@type":"WebSite","@id":"https:\/\/shop.diolosa.com\/pl\/#website","url":"https:\/\/shop.diolosa.com\/pl\/","name":"Claude Diolosa","description":"","publisher":{"@id":"https:\/\/shop.diolosa.com\/pl\/#organization"},"potentialAction":[{"@type":"SearchAction","target":{"@type":"EntryPoint","urlTemplate":"https:\/\/shop.diolosa.com\/pl\/?s={search_term_string}"},"query-input":{"@type":"PropertyValueSpecification","valueRequired":true,"valueName":"search_term_string"}}],"inLanguage":"pl-PL"},{"@type":"Organization","@id":"https:\/\/shop.diolosa.com\/pl\/#organization","name":"Claude Diolosa","url":"https:\/\/shop.diolosa.com\/pl\/","logo":{"@type":"ImageObject","inLanguage":"pl-PL","@id":"https:\/\/shop.diolosa.com\/pl\/#\/schema\/logo\/image\/","url":"https:\/\/shop.diolosa.com\/wp-content\/uploads\/2019\/08\/diolosa-drop-logo-new.png","contentUrl":"https:\/\/shop.diolosa.com\/wp-content\/uploads\/2019\/08\/diolosa-drop-logo-new.png","width":134,"height":176,"caption":"Claude Diolosa"},"image":{"@id":"https:\/\/shop.diolosa.com\/pl\/#\/schema\/logo\/image\/"},"sameAs":["https:\/\/facebook.com\/claudediolosa","https:\/\/www.instagram.com\/diolosaclaude108\/"]}]}},"_links":{"self":[{"href":"https:\/\/shop.diolosa.com\/pl\/wp-json\/wp\/v2\/product\/3841100","targetHints":{"allow":["GET"]}}],"collection":[{"href":"https:\/\/shop.diolosa.com\/pl\/wp-json\/wp\/v2\/product"}],"about":[{"href":"https:\/\/shop.diolosa.com\/pl\/wp-json\/wp\/v2\/types\/product"}],"wp:featuredmedia":[{"embeddable":true,"href":"https:\/\/shop.diolosa.com\/pl\/wp-json\/wp\/v2\/media\/3841101"}],"wp:attachment":[{"href":"https:\/\/shop.diolosa.com\/pl\/wp-json\/wp\/v2\/media?parent=3841100"}],"wp:term":[{"taxonomy":"product_brand","embeddable":true,"href":"https:\/\/shop.diolosa.com\/pl\/wp-json\/wp\/v2\/product_brand?post=3841100"},{"taxonomy":"product_cat","embeddable":true,"href":"https:\/\/shop.diolosa.com\/pl\/wp-json\/wp\/v2\/product_cat?post=3841100"},{"taxonomy":"product_tag","embeddable":true,"href":"https:\/\/shop.diolosa.com\/pl\/wp-json\/wp\/v2\/product_tag?post=3841100"}],"curies":[{"name":"wp","href":"https:\/\/api.w.org\/{rel}","templated":true}]}}