{"id":3841111,"date":"2019-09-04T12:10:54","date_gmt":"2025-03-10T05:56:56","guid":{"rendered":"https:\/\/shop.diolosa.com\/product\/nalewka-z-eliksiru-zycia-100ml\/"},"modified":"2025-05-06T14:55:52","modified_gmt":"2025-05-06T13:55:52","slug":"nalewka-z-eliksiru-zycia-100ml","status":"publish","type":"product","link":"https:\/\/shop.diolosa.com\/pl\/product\/nalewka-z-eliksiru-zycia-100ml\/","title":{"rendered":"Nalewka z eliksiru \u017cycia &#8211; 100ml"},"content":{"rendered":"<p>LEBENSELIXIR jest taoistycznym preparatem d\u0142ugowieczno\u015bci (Yang Sheng Fa) i powinien by\u0107 przyjmowany regularnie od 40 roku \u017cycia. LIFELIXIR od\u017cywia 5 filar\u00f3w cia\u0142a (Qi, Yang, Yin, soki i krew) bez powodowania wilgoci, flegmy lub stagnacji i promuje kr\u0105\u017cenie Qi i krwi. Preparat ten nale\u017cy przyjmowa\u0107 codziennie w ma\u0142ych dawkach, w postaci czystej lub rozcie\u0144czonej, popijaj\u0105c ciep\u0142\u0105 wod\u0105. Ze wzgl\u0119du na sw\u00f3j sk\u0142ad i zawarto\u015b\u0107 alkoholu LEBENSELIXIER dociera do wszystkich cz\u0119\u015bci cia\u0142a i mo\u017ce by\u0107 podawany pacjentom w podesz\u0142ym wieku i os\u0142abionym. Preparat ten przeciwdzia\u0142a przedwczesnemu starzeniu si\u0119, wzmacnia nogi, wspomaga chodzenie, wyostrza narz\u0105dy zmys\u0142\u00f3w i stymuluje libido. W d\u0142u\u017cszej perspektywie LEBENSELIXIER nadaje m\u0142odzie\u0144czy wygl\u0105d i ma dzia\u0142anie poprawiaj\u0105ce pami\u0119\u0107. Ze wzgl\u0119du na zawarto\u015b\u0107 alkoholu LEBENSELIXIER nie jest odpowiedni dla dzieci i pacjent\u00f3w z nadci\u015bnieniem, zapaleniem w\u0105troby, problemami sk\u00f3rnymi, takimi jak \u0142uszczyca lub neurodermit i nie powinien by\u0107 przyjmowany w przypadku chor\u00f3b zaka\u017anych (zesp\u00f3\u0142 Xue Fen).<\/p>\n","protected":false},"excerpt":{"rendered":"<p>LEBENSELIXIR jest taoistycznym preparatem d\u0142ugowieczno\u015bci (Yang Sheng Fa) i powinien  [&#8230;]<\/p>\n","protected":false},"featured_media":3841113,"template":"","meta":{"_acf_changed":false},"product_brand":[],"product_cat":[12034],"product_tag":[12237],"class_list":{"0":"post-3841111","1":"product","2":"type-product","3":"status-publish","4":"has-post-thumbnail","6":"product_cat-przedluzenie-zycia","7":"product_tag-stan-wyczerpania-nalewka","9":"first","10":"instock","11":"taxable","12":"shipping-taxable","13":"purchasable","14":"product-type-simple"},"acf":{"yn_product_audio":"https:\/\/shop.diolosa.com\/wp-content\/uploads\/2018\/12\/DL_0760.mp3","yn_product_video":"https:\/\/shop.diolosa.com\/wp-content\/uploads\/2024\/03\/Lebens-Elixir-.mp4","yn_product_akupunktur":"<p>Niedob\u00f3r Qi \u015bledziony<br \/>\np\u0119cherz 20 &#8211; pi shu &#8211; bu fa<br \/>\n\u015bledziona 3 &#8211; tai bai (yuan) &#8211; bu fa<br \/>\n\u017co\u0142\u0105dek 36 &#8211; to san li (shu, xia he xue &#8211; \u017co\u0142\u0105dek, si hai xue, si zhong xue) &#8211; bu fa<\/p>\n<p>Tonizuje yang i qi nerek<br \/>\np\u0119cherz moczowy 23 &#8211; shen shu &#8211; bu fa z moks\u0105<br \/>\np\u0119cherz moczowy 52 &#8211; zhi shi (gui = zhi) &#8211; bu fa<br \/>\nworeczek \u017c\u00f3\u0142ciowy 25 &#8211; jing men (mo) &#8211; bu fa<br \/>\ndu mai 4 &#8211; ming men &#8211; bu fa z moks\u0105<\/p>\n<p>Uzupe\u0142nienie yin nerki<br \/>\nnerka 3 &#8211; tai xi (shu,yuan) &#8211; bu fa<br \/>\nnerka 7 &#8211; fu liu (jing) &#8211; bu fa<br \/>\nnerka 6 &#8211; zhao hai (yin qiao mai) &#8211; bu fa<br \/>\n\u015bledziona 4 &#8211; gong sun (luo, chong mai) &#8211; bu fa<br \/>\np\u0142uco 7 &#8211; lie que (luo, ren mai, gao wu, ma da yang) &#8211; bu fa<br \/>\nkr\u0105\u017cenie 6 &#8211; nei guan (luo, yin wei mai) &#8211; bu fa  <\/p>\n<p>Wype\u0142nij nerk\u0119 Jing<br \/>\nnerka 3 &#8211; tai xi (shu, yuan) &#8211; bu fa<br \/>\np\u0119cherz 43 &#8211; gao huang shu (qi, xue, jinye, yin, yang) &#8211; bu fa<\/p>\n<p>Od\u017cywia krew<br \/>\nba\u0144ka 17 &#8211; ge shu (krew) &#8211; bu fa<\/p>\n<p>Podnoszenie Qi<br \/>\nren mai 4 &#8211; guan yuan (mo > jelito cienkie, w\u0105troba, nerki, \u015bledziona) &#8211; bu fa z moks\u0105<br \/>\nren mai 6 &#8211; qi hai (yuan qi) &#8211; bu fa z moks\u0105<\/p>\n<p>PO zapi\u0105\u0107<br \/>\nbubble 42 &#8211; po hu (po) &#8211; bu fa<\/p>\n","yn_product_verabreichungsart":"Nalewka 100ml","yn_product_dosierung":"<p>3 x 20 kropli dziennie, zawsze po posi\u0142kach, nale\u017cy odstawi\u0107 kaw\u0119 i czarn\u0105 herbat\u0119.<\/p>\n","yn_product_combinations":"<p>KORZE\u0143 YANG, RINCHEN TEE (niedob\u00f3r yang nerki), ENERGIA \u017bYCIA (niedob\u00f3r qi \u015bledziony), KORZE\u0143 YIN, SAN BAO TEE (niedob\u00f3r qi i yin nerki), MORZE QI (redukcja qi)<\/p>\n","yn_product_avoidable":"<p>Kawa, czarna herbata, surowe warzywa, owoce tropikalne, jogurt, mleko, kefir, kiszona kapusta, soki owocowe.<\/p>\n","yn_product_tcm_mindmapping":"<p>Niedob\u00f3r Qi \u015bledziony > Niedob\u00f3r Qi i Yin nerek > Niedob\u00f3r krwi w\u0105troby > Niedob\u00f3r krwi Chong i Ren Mai<\/p>\n","yn_product_tongue_body":"<p>Niski, s\u0142aby, w\u0105ski, blade kraw\u0119dzie, chwiejny<\/p>\n","yn_product_tongue_coating":"<p>Bia\u0142y i wilgotny<\/p>\n","yn_product_pulse_diagnostics":"<p>duan mai &#8211; kr\u00f3tki, xu mai &#8211; pusty, xi mai &#8211; cienki, chi mai &#8211; powolny, chen mai &#8211; g\u0142\u0119boki, ruo mai &#8211; s\u0142aby<\/p>\n","yn_product_indications":"<p>Niedoci\u015bnienie, niedob\u00f3r \u017celaza, zawroty g\u0142owy, przewlek\u0142y b\u00f3l g\u0142owy, parestezje ko\u0144czyn, sk\u0105pe krwawienie, wra\u017cliwo\u015b\u0107 na \u015bwiat\u0142o, bezsenno\u015b\u0107, przewlek\u0142y b\u00f3l plec\u00f3w, zimne ko\u0144czyny, niedob\u00f3r odporno\u015bci, podatno\u015b\u0107 na przezi\u0119bienia.<\/p>\n","yn_product_contra_indications":"<p>Niedob\u00f3r Yin w nerkach, Puste ciep\u0142o, Ciep\u0142o krwi, Ciep\u0142o flegmy, Oderwanie Yang, Nadci\u015bnienie, Szum w uszach, B\u00f3l g\u0142owy<\/p>\n","yn_product_pregnancy":"<p>Dozwolone<\/p>\n","yn_product_herbs":"<p>astragali radix &#8211; huang qi, codonopsis radix &#8211; dang shen, sclerotium poriae cocos &#8211; fu ling, angelicae sinensis par caudensis radix &#8211; dang gui wei, ligusticii rhizoma &#8211; chuan xiong, longan arillus &#8211; long yan rou, zizyphi jujubae fructus &#8211; da zao, zingiberis recensis officinalis rhizoma &#8211; sheng jiang<\/p>\n","yn_product_magisterrecipes":"<p>Ba Zheng Tang, Gui Pi Tang, Zuo Gui Yin<\/p>\n"},"yoast_head":"<!-- This site is optimized with the Yoast SEO plugin v24.9 - https:\/\/yoast.com\/wordpress\/plugins\/seo\/ -->\n<title>Nalewka z eliksiru \u017cycia - 100ml - Claude Diolosa<\/title>\n<meta name=\"robots\" content=\"index, follow, max-snippet:-1, max-image-preview:large, max-video-preview:-1\" \/>\n<link rel=\"canonical\" href=\"https:\/\/shop.diolosa.com\/pl\/product\/nalewka-z-eliksiru-zycia-100ml\/\" \/>\n<meta property=\"og:locale\" content=\"pl_PL\" \/>\n<meta property=\"og:type\" content=\"article\" \/>\n<meta property=\"og:title\" content=\"Nalewka z eliksiru \u017cycia - 100ml - Claude Diolosa\" \/>\n<meta property=\"og:description\" content=\"LEBENSELIXIR jest taoistycznym preparatem d\u0142ugowieczno\u015bci (Yang Sheng Fa) i powinien [...]\" \/>\n<meta property=\"og:url\" content=\"https:\/\/shop.diolosa.com\/pl\/product\/nalewka-z-eliksiru-zycia-100ml\/\" \/>\n<meta property=\"og:site_name\" content=\"Claude Diolosa\" \/>\n<meta property=\"article:publisher\" content=\"https:\/\/facebook.com\/claudediolosa\" \/>\n<meta property=\"article:modified_time\" content=\"2025-05-06T13:55:52+00:00\" \/>\n<meta property=\"og:image\" content=\"https:\/\/shop.diolosa.com\/wp-content\/uploads\/2019\/09\/DL_760_Apotheke_IBK_Produkte.jpg\" \/>\n\t<meta property=\"og:image:width\" content=\"800\" \/>\n\t<meta property=\"og:image:height\" content=\"533\" \/>\n\t<meta property=\"og:image:type\" content=\"image\/jpeg\" \/>\n<meta name=\"twitter:card\" content=\"summary_large_image\" \/>\n<meta name=\"twitter:label1\" content=\"Szacowany czas czytania\" \/>\n\t<meta name=\"twitter:data1\" content=\"1 minuta\" \/>\n<script type=\"application\/ld+json\" class=\"yoast-schema-graph\">{\"@context\":\"https:\/\/schema.org\",\"@graph\":[{\"@type\":\"WebPage\",\"@id\":\"https:\/\/shop.diolosa.com\/pl\/product\/nalewka-z-eliksiru-zycia-100ml\/\",\"url\":\"https:\/\/shop.diolosa.com\/pl\/product\/nalewka-z-eliksiru-zycia-100ml\/\",\"name\":\"Nalewka z eliksiru \u017cycia - 100ml - Claude Diolosa\",\"isPartOf\":{\"@id\":\"https:\/\/shop.diolosa.com\/pl\/#website\"},\"primaryImageOfPage\":{\"@id\":\"https:\/\/shop.diolosa.com\/pl\/product\/nalewka-z-eliksiru-zycia-100ml\/#primaryimage\"},\"image\":{\"@id\":\"https:\/\/shop.diolosa.com\/pl\/product\/nalewka-z-eliksiru-zycia-100ml\/#primaryimage\"},\"thumbnailUrl\":\"https:\/\/shop.diolosa.com\/wp-content\/uploads\/2019\/09\/DL_760_Apotheke_IBK_Produkte.jpg\",\"datePublished\":\"2025-03-10T05:56:56+00:00\",\"dateModified\":\"2025-05-06T13:55:52+00:00\",\"breadcrumb\":{\"@id\":\"https:\/\/shop.diolosa.com\/pl\/product\/nalewka-z-eliksiru-zycia-100ml\/#breadcrumb\"},\"inLanguage\":\"pl-PL\",\"potentialAction\":[{\"@type\":\"ReadAction\",\"target\":[\"https:\/\/shop.diolosa.com\/pl\/product\/nalewka-z-eliksiru-zycia-100ml\/\"]}]},{\"@type\":\"ImageObject\",\"inLanguage\":\"pl-PL\",\"@id\":\"https:\/\/shop.diolosa.com\/pl\/product\/nalewka-z-eliksiru-zycia-100ml\/#primaryimage\",\"url\":\"https:\/\/shop.diolosa.com\/wp-content\/uploads\/2019\/09\/DL_760_Apotheke_IBK_Produkte.jpg\",\"contentUrl\":\"https:\/\/shop.diolosa.com\/wp-content\/uploads\/2019\/09\/DL_760_Apotheke_IBK_Produkte.jpg\",\"width\":800,\"height\":533},{\"@type\":\"BreadcrumbList\",\"@id\":\"https:\/\/shop.diolosa.com\/pl\/product\/nalewka-z-eliksiru-zycia-100ml\/#breadcrumb\",\"itemListElement\":[{\"@type\":\"ListItem\",\"position\":1,\"name\":\"Startseite\",\"item\":\"https:\/\/shop.diolosa.com\/pl\/?page_id=3835710\"},{\"@type\":\"ListItem\",\"position\":2,\"name\":\"Sklep\",\"item\":\"https:\/\/shop.diolosa.com\/pl\/?page_id=3835710\"},{\"@type\":\"ListItem\",\"position\":3,\"name\":\"Nalewka z eliksiru \u017cycia &#8211; 100ml\"}]},{\"@type\":\"WebSite\",\"@id\":\"https:\/\/shop.diolosa.com\/pl\/#website\",\"url\":\"https:\/\/shop.diolosa.com\/pl\/\",\"name\":\"Claude Diolosa\",\"description\":\"\",\"publisher\":{\"@id\":\"https:\/\/shop.diolosa.com\/pl\/#organization\"},\"potentialAction\":[{\"@type\":\"SearchAction\",\"target\":{\"@type\":\"EntryPoint\",\"urlTemplate\":\"https:\/\/shop.diolosa.com\/pl\/?s={search_term_string}\"},\"query-input\":{\"@type\":\"PropertyValueSpecification\",\"valueRequired\":true,\"valueName\":\"search_term_string\"}}],\"inLanguage\":\"pl-PL\"},{\"@type\":\"Organization\",\"@id\":\"https:\/\/shop.diolosa.com\/pl\/#organization\",\"name\":\"Claude Diolosa\",\"url\":\"https:\/\/shop.diolosa.com\/pl\/\",\"logo\":{\"@type\":\"ImageObject\",\"inLanguage\":\"pl-PL\",\"@id\":\"https:\/\/shop.diolosa.com\/pl\/#\/schema\/logo\/image\/\",\"url\":\"https:\/\/shop.diolosa.com\/wp-content\/uploads\/2019\/08\/diolosa-drop-logo-new.png\",\"contentUrl\":\"https:\/\/shop.diolosa.com\/wp-content\/uploads\/2019\/08\/diolosa-drop-logo-new.png\",\"width\":134,\"height\":176,\"caption\":\"Claude Diolosa\"},\"image\":{\"@id\":\"https:\/\/shop.diolosa.com\/pl\/#\/schema\/logo\/image\/\"},\"sameAs\":[\"https:\/\/facebook.com\/claudediolosa\",\"https:\/\/www.instagram.com\/diolosaclaude108\/\"]}]}<\/script>\n<!-- \/ Yoast SEO plugin. -->","yoast_head_json":{"title":"Nalewka z eliksiru \u017cycia - 100ml - Claude Diolosa","robots":{"index":"index","follow":"follow","max-snippet":"max-snippet:-1","max-image-preview":"max-image-preview:large","max-video-preview":"max-video-preview:-1"},"canonical":"https:\/\/shop.diolosa.com\/pl\/product\/nalewka-z-eliksiru-zycia-100ml\/","og_locale":"pl_PL","og_type":"article","og_title":"Nalewka z eliksiru \u017cycia - 100ml - Claude Diolosa","og_description":"LEBENSELIXIR jest taoistycznym preparatem d\u0142ugowieczno\u015bci (Yang Sheng Fa) i powinien [...]","og_url":"https:\/\/shop.diolosa.com\/pl\/product\/nalewka-z-eliksiru-zycia-100ml\/","og_site_name":"Claude Diolosa","article_publisher":"https:\/\/facebook.com\/claudediolosa","article_modified_time":"2025-05-06T13:55:52+00:00","og_image":[{"width":800,"height":533,"url":"https:\/\/shop.diolosa.com\/wp-content\/uploads\/2019\/09\/DL_760_Apotheke_IBK_Produkte.jpg","type":"image\/jpeg"}],"twitter_card":"summary_large_image","twitter_misc":{"Szacowany czas czytania":"1 minuta"},"schema":{"@context":"https:\/\/schema.org","@graph":[{"@type":"WebPage","@id":"https:\/\/shop.diolosa.com\/pl\/product\/nalewka-z-eliksiru-zycia-100ml\/","url":"https:\/\/shop.diolosa.com\/pl\/product\/nalewka-z-eliksiru-zycia-100ml\/","name":"Nalewka z eliksiru \u017cycia - 100ml - Claude Diolosa","isPartOf":{"@id":"https:\/\/shop.diolosa.com\/pl\/#website"},"primaryImageOfPage":{"@id":"https:\/\/shop.diolosa.com\/pl\/product\/nalewka-z-eliksiru-zycia-100ml\/#primaryimage"},"image":{"@id":"https:\/\/shop.diolosa.com\/pl\/product\/nalewka-z-eliksiru-zycia-100ml\/#primaryimage"},"thumbnailUrl":"https:\/\/shop.diolosa.com\/wp-content\/uploads\/2019\/09\/DL_760_Apotheke_IBK_Produkte.jpg","datePublished":"2025-03-10T05:56:56+00:00","dateModified":"2025-05-06T13:55:52+00:00","breadcrumb":{"@id":"https:\/\/shop.diolosa.com\/pl\/product\/nalewka-z-eliksiru-zycia-100ml\/#breadcrumb"},"inLanguage":"pl-PL","potentialAction":[{"@type":"ReadAction","target":["https:\/\/shop.diolosa.com\/pl\/product\/nalewka-z-eliksiru-zycia-100ml\/"]}]},{"@type":"ImageObject","inLanguage":"pl-PL","@id":"https:\/\/shop.diolosa.com\/pl\/product\/nalewka-z-eliksiru-zycia-100ml\/#primaryimage","url":"https:\/\/shop.diolosa.com\/wp-content\/uploads\/2019\/09\/DL_760_Apotheke_IBK_Produkte.jpg","contentUrl":"https:\/\/shop.diolosa.com\/wp-content\/uploads\/2019\/09\/DL_760_Apotheke_IBK_Produkte.jpg","width":800,"height":533},{"@type":"BreadcrumbList","@id":"https:\/\/shop.diolosa.com\/pl\/product\/nalewka-z-eliksiru-zycia-100ml\/#breadcrumb","itemListElement":[{"@type":"ListItem","position":1,"name":"Startseite","item":"https:\/\/shop.diolosa.com\/pl\/?page_id=3835710"},{"@type":"ListItem","position":2,"name":"Sklep","item":"https:\/\/shop.diolosa.com\/pl\/?page_id=3835710"},{"@type":"ListItem","position":3,"name":"Nalewka z eliksiru \u017cycia &#8211; 100ml"}]},{"@type":"WebSite","@id":"https:\/\/shop.diolosa.com\/pl\/#website","url":"https:\/\/shop.diolosa.com\/pl\/","name":"Claude Diolosa","description":"","publisher":{"@id":"https:\/\/shop.diolosa.com\/pl\/#organization"},"potentialAction":[{"@type":"SearchAction","target":{"@type":"EntryPoint","urlTemplate":"https:\/\/shop.diolosa.com\/pl\/?s={search_term_string}"},"query-input":{"@type":"PropertyValueSpecification","valueRequired":true,"valueName":"search_term_string"}}],"inLanguage":"pl-PL"},{"@type":"Organization","@id":"https:\/\/shop.diolosa.com\/pl\/#organization","name":"Claude Diolosa","url":"https:\/\/shop.diolosa.com\/pl\/","logo":{"@type":"ImageObject","inLanguage":"pl-PL","@id":"https:\/\/shop.diolosa.com\/pl\/#\/schema\/logo\/image\/","url":"https:\/\/shop.diolosa.com\/wp-content\/uploads\/2019\/08\/diolosa-drop-logo-new.png","contentUrl":"https:\/\/shop.diolosa.com\/wp-content\/uploads\/2019\/08\/diolosa-drop-logo-new.png","width":134,"height":176,"caption":"Claude Diolosa"},"image":{"@id":"https:\/\/shop.diolosa.com\/pl\/#\/schema\/logo\/image\/"},"sameAs":["https:\/\/facebook.com\/claudediolosa","https:\/\/www.instagram.com\/diolosaclaude108\/"]}]}},"_links":{"self":[{"href":"https:\/\/shop.diolosa.com\/pl\/wp-json\/wp\/v2\/product\/3841111","targetHints":{"allow":["GET"]}}],"collection":[{"href":"https:\/\/shop.diolosa.com\/pl\/wp-json\/wp\/v2\/product"}],"about":[{"href":"https:\/\/shop.diolosa.com\/pl\/wp-json\/wp\/v2\/types\/product"}],"wp:featuredmedia":[{"embeddable":true,"href":"https:\/\/shop.diolosa.com\/pl\/wp-json\/wp\/v2\/media\/3841113"}],"wp:attachment":[{"href":"https:\/\/shop.diolosa.com\/pl\/wp-json\/wp\/v2\/media?parent=3841111"}],"wp:term":[{"taxonomy":"product_brand","embeddable":true,"href":"https:\/\/shop.diolosa.com\/pl\/wp-json\/wp\/v2\/product_brand?post=3841111"},{"taxonomy":"product_cat","embeddable":true,"href":"https:\/\/shop.diolosa.com\/pl\/wp-json\/wp\/v2\/product_cat?post=3841111"},{"taxonomy":"product_tag","embeddable":true,"href":"https:\/\/shop.diolosa.com\/pl\/wp-json\/wp\/v2\/product_tag?post=3841111"}],"curies":[{"name":"wp","href":"https:\/\/api.w.org\/{rel}","templated":true}]}}