{"id":3841116,"date":"2019-09-04T12:10:54","date_gmt":"2025-03-10T05:56:58","guid":{"rendered":"https:\/\/shop.diolosa.com\/product\/ochrona-niebios-700-szt\/"},"modified":"2025-05-06T14:55:59","modified_gmt":"2025-05-06T13:55:59","slug":"ochrona-niebios-700-szt","status":"publish","type":"product","link":"https:\/\/shop.diolosa.com\/pl\/product\/ochrona-niebios-700-szt\/","title":{"rendered":"Ochrona Niebios &#8211; 700 szt."},"content":{"rendered":"<p>HEAVEN&#8217;S PROTECTION jest stosowany zapobiegawczo w leczeniu niebezpiecznych chor\u00f3b i jest tak samo cz\u0119\u015bci\u0105 profilaktycznych i sezonowych kuracji jak CLEANSING NIGHTS TABLETS and TEA oraz CLEANSING DAYS TABLETS and TEA. Ta zio\u0142owa formu\u0142a dzia\u0142a w celu usuni\u0119cia wilgoci, flegmy i opalenizny, rozpuszczenia zastoju krwi i oczyszczenia z toksyn. Wa\u017cne jest, aby podczas przyjmowania unika\u0107 bia\u0142ka zwierz\u0119cego i produkt\u00f3w mlecznych oraz stosowa\u0107 diet\u0119 wy\u0142\u0105cznie wegetaria\u0144sk\u0105. (zawiera niewielkie ilo\u015bci glutenu!!!!)<\/p>\n","protected":false},"excerpt":{"rendered":"<p>HEAVEN&#8217;S PROTECTION jest stosowany zapobiegawczo w leczeniu niebezpiecznych chor\u00f3b i  [&#8230;]<\/p>\n","protected":false},"featured_media":3841054,"template":"","meta":{"_acf_changed":false},"product_brand":[],"product_cat":[11297],"product_tag":[],"class_list":{"0":"post-3841116","1":"product","2":"type-product","3":"status-publish","4":"has-post-thumbnail","6":"product_cat-uncategorized","8":"first","9":"instock","10":"taxable","11":"shipping-taxable","12":"purchasable","13":"product-type-simple"},"acf":{"yn_product_audio":"https:\/\/shop.diolosa.com\/wp-content\/uploads\/2018\/12\/DL_0688.mp3","yn_product_video":"https:\/\/shop.diolosa.com\/wp-content\/uploads\/2024\/03\/Heaven-s-Protection-.mp4","yn_product_akupunktur":"<p>Tai Yin Qi tonizuje<br \/>\n\u015bledziona 3 &#8211; tai bai (yuan) &#8211; bu fa<br \/>\n\u015bledziona 2 &#8211; da du (ying) &#8211; bu fa<br \/>\np\u0119cherz 20 &#8211; pi shu &#8211; bu fa<br \/>\np\u0119cherz 13 &#8211; fei shu &#8211; bu fa<br \/>\np\u0142uca 9 &#8211; tai yuan &#8211; gui xin (shu, yuan, ba hui xue, gui) &#8211; bu fa  <\/p>\n<p>Dro\u017cno\u015b\u0107 Yang Ming<br \/>\njelito grube 4 &#8211; he gu (yuan) &#8211; xie fa<br \/>\njelito grube 11 &#8211; qu chi &#8211; gui tui (he &#8211; gui) &#8211; xie fa<br \/>\n\u017co\u0142\u0105dek 25 &#8211; tian shu (mo &#8211; jelito grube) &#8211; xie fa<br \/>\n\u017co\u0142\u0105dek 40 &#8211; feng long (luo) &#8211; xie fa  <\/p>\n<p>Shao Yang ci\u0105g\u0142y<br \/>\nworeczek \u017c\u00f3\u0142ciowy 34 &#8211; yang ling quan (he, xia he xue, gui) &#8211; xie fa<br \/>\nworeczek \u017c\u00f3\u0142ciowy 40 &#8211; qiu xu (yuan) &#8211; xie fa<br \/>\nworeczek \u017c\u00f3\u0142ciowy 41 &#8211; zu lin qi (dai mai, shu) &#8211; xie fa  <\/p>\n<p>Rozpu\u015bci\u0107 przekrwienie<br \/>\nBa\u0144ki na krew<br \/>\n\u015bledziona 10 &#8211; xue hai (jezioro krwi)<br \/>\np\u0119cherz 40 &#8211; wei zhong (he, xia he xue &#8211; p\u0119cherz, xi krwi, jing bie ni\/bl)<br \/>\np\u0119cherz 17 &#8211; ge shu (krew) &#8211; xie fa<\/p>\n","yn_product_verabreichungsart":"Pellet 700szt.","yn_product_dosierung":"<p>Przyjmowa\u0107 4 tabletki 3 razy dziennie, zawsze przed posi\u0142kami, popijaj\u0105c ciep\u0142\u0105 wod\u0105, przez 12 dni<\/p>\n<p>(zawiera niewielkie ilo\u015bci glutenu!!!!)<\/p>\n","yn_product_combinations":"<p>Mo\u017ce by\u0107 \u0142\u0105czony z wieloma preparatami<\/p>\n","yn_product_avoidable":"<p>Wieprzowina, kie\u0142basa, szynka, smalec, cukier, mro\u017conki, kuchenka mikrofalowa, produkty mleczne, zw\u0142aszcza ser, mas\u0142o i \u015bmietana.<\/p>\n","yn_product_tcm_mindmapping":"<p>Qi, krew, wilgo\u0107, \u015bluz, nagromadzenie opalenizny > toksyny > niebezpieczne choroby<\/p>\n","yn_product_tongue_body":"<p>OB<\/p>\n","yn_product_tongue_coating":"<p>OB<\/p>\n","yn_product_pulse_diagnostics":"<p>OB<\/p>\n","yn_product_indications":"<p>Stosowany g\u0142\u00f3wnie w leczeniu chor\u00f3b tarczycy, p\u0142uc, uk\u0142adu limfatycznego, w\u0105troby, p\u0119cherzyka \u017c\u00f3\u0142ciowego i jelit (Zhong Liu).<\/p>\n","yn_product_contra_indications":"<p>Ostro\u017cnie z: Niedob\u00f3r Qi i krwi, miesi\u0105czka<\/p>\n","yn_product_pregnancy":"<p>Przeciwwskazane<\/p>\n","yn_product_herbs":"<p>citrus aurantii &#8211; zhi ke, curcuma longa &#8211; yu jin, lonicerae japonicae flos &#8211; jin yin hua, fritillariae thunbergyii bulbus &#8211; zhe bei mu, gleditsiae fructus &#8211; zao jiao ci, arcae conchae &#8211; wa leng zi<\/p>\n","yn_product_magisterrecipes":"<p>Ping Xiao Dan<\/p>\n"},"yoast_head":"<!-- This site is optimized with the Yoast SEO plugin v24.9 - https:\/\/yoast.com\/wordpress\/plugins\/seo\/ -->\n<title>Ochrona Niebios - 700 szt. - Claude Diolosa<\/title>\n<meta name=\"robots\" content=\"index, follow, max-snippet:-1, max-image-preview:large, max-video-preview:-1\" \/>\n<link rel=\"canonical\" href=\"https:\/\/shop.diolosa.com\/pl\/product\/ochrona-niebios-700-szt\/\" \/>\n<meta property=\"og:locale\" content=\"pl_PL\" \/>\n<meta property=\"og:type\" content=\"article\" \/>\n<meta property=\"og:title\" content=\"Ochrona Niebios - 700 szt. - Claude Diolosa\" \/>\n<meta property=\"og:description\" content=\"HEAVEN&#8217;S PROTECTION jest stosowany zapobiegawczo w leczeniu niebezpiecznych chor\u00f3b i [...]\" \/>\n<meta property=\"og:url\" content=\"https:\/\/shop.diolosa.com\/pl\/product\/ochrona-niebios-700-szt\/\" \/>\n<meta property=\"og:site_name\" content=\"Claude Diolosa\" \/>\n<meta property=\"article:publisher\" content=\"https:\/\/facebook.com\/claudediolosa\" \/>\n<meta property=\"article:modified_time\" content=\"2025-05-06T13:55:59+00:00\" \/>\n<meta property=\"og:image\" content=\"https:\/\/shop.diolosa.com\/wp-content\/uploads\/2019\/09\/Presslinge-700.jpg\" \/>\n\t<meta property=\"og:image:width\" content=\"800\" \/>\n\t<meta property=\"og:image:height\" content=\"533\" \/>\n\t<meta property=\"og:image:type\" content=\"image\/jpeg\" \/>\n<meta name=\"twitter:card\" content=\"summary_large_image\" \/>\n<script type=\"application\/ld+json\" class=\"yoast-schema-graph\">{\"@context\":\"https:\/\/schema.org\",\"@graph\":[{\"@type\":\"WebPage\",\"@id\":\"https:\/\/shop.diolosa.com\/pl\/product\/ochrona-niebios-700-szt\/\",\"url\":\"https:\/\/shop.diolosa.com\/pl\/product\/ochrona-niebios-700-szt\/\",\"name\":\"Ochrona Niebios - 700 szt. - Claude Diolosa\",\"isPartOf\":{\"@id\":\"https:\/\/shop.diolosa.com\/pl\/#website\"},\"primaryImageOfPage\":{\"@id\":\"https:\/\/shop.diolosa.com\/pl\/product\/ochrona-niebios-700-szt\/#primaryimage\"},\"image\":{\"@id\":\"https:\/\/shop.diolosa.com\/pl\/product\/ochrona-niebios-700-szt\/#primaryimage\"},\"thumbnailUrl\":\"https:\/\/shop.diolosa.com\/wp-content\/uploads\/2019\/09\/Presslinge-700.jpg\",\"datePublished\":\"2025-03-10T05:56:58+00:00\",\"dateModified\":\"2025-05-06T13:55:59+00:00\",\"breadcrumb\":{\"@id\":\"https:\/\/shop.diolosa.com\/pl\/product\/ochrona-niebios-700-szt\/#breadcrumb\"},\"inLanguage\":\"pl-PL\",\"potentialAction\":[{\"@type\":\"ReadAction\",\"target\":[\"https:\/\/shop.diolosa.com\/pl\/product\/ochrona-niebios-700-szt\/\"]}]},{\"@type\":\"ImageObject\",\"inLanguage\":\"pl-PL\",\"@id\":\"https:\/\/shop.diolosa.com\/pl\/product\/ochrona-niebios-700-szt\/#primaryimage\",\"url\":\"https:\/\/shop.diolosa.com\/wp-content\/uploads\/2019\/09\/Presslinge-700.jpg\",\"contentUrl\":\"https:\/\/shop.diolosa.com\/wp-content\/uploads\/2019\/09\/Presslinge-700.jpg\",\"width\":800,\"height\":533},{\"@type\":\"BreadcrumbList\",\"@id\":\"https:\/\/shop.diolosa.com\/pl\/product\/ochrona-niebios-700-szt\/#breadcrumb\",\"itemListElement\":[{\"@type\":\"ListItem\",\"position\":1,\"name\":\"Startseite\",\"item\":\"https:\/\/shop.diolosa.com\/pl\/?page_id=3835710\"},{\"@type\":\"ListItem\",\"position\":2,\"name\":\"Sklep\",\"item\":\"https:\/\/shop.diolosa.com\/pl\/?page_id=3835710\"},{\"@type\":\"ListItem\",\"position\":3,\"name\":\"Ochrona Niebios &#8211; 700 szt.\"}]},{\"@type\":\"WebSite\",\"@id\":\"https:\/\/shop.diolosa.com\/pl\/#website\",\"url\":\"https:\/\/shop.diolosa.com\/pl\/\",\"name\":\"Claude Diolosa\",\"description\":\"\",\"publisher\":{\"@id\":\"https:\/\/shop.diolosa.com\/pl\/#organization\"},\"potentialAction\":[{\"@type\":\"SearchAction\",\"target\":{\"@type\":\"EntryPoint\",\"urlTemplate\":\"https:\/\/shop.diolosa.com\/pl\/?s={search_term_string}\"},\"query-input\":{\"@type\":\"PropertyValueSpecification\",\"valueRequired\":true,\"valueName\":\"search_term_string\"}}],\"inLanguage\":\"pl-PL\"},{\"@type\":\"Organization\",\"@id\":\"https:\/\/shop.diolosa.com\/pl\/#organization\",\"name\":\"Claude Diolosa\",\"url\":\"https:\/\/shop.diolosa.com\/pl\/\",\"logo\":{\"@type\":\"ImageObject\",\"inLanguage\":\"pl-PL\",\"@id\":\"https:\/\/shop.diolosa.com\/pl\/#\/schema\/logo\/image\/\",\"url\":\"https:\/\/shop.diolosa.com\/wp-content\/uploads\/2019\/08\/diolosa-drop-logo-new.png\",\"contentUrl\":\"https:\/\/shop.diolosa.com\/wp-content\/uploads\/2019\/08\/diolosa-drop-logo-new.png\",\"width\":134,\"height\":176,\"caption\":\"Claude Diolosa\"},\"image\":{\"@id\":\"https:\/\/shop.diolosa.com\/pl\/#\/schema\/logo\/image\/\"},\"sameAs\":[\"https:\/\/facebook.com\/claudediolosa\",\"https:\/\/www.instagram.com\/diolosaclaude108\/\"]}]}<\/script>\n<!-- \/ Yoast SEO plugin. -->","yoast_head_json":{"title":"Ochrona Niebios - 700 szt. - Claude Diolosa","robots":{"index":"index","follow":"follow","max-snippet":"max-snippet:-1","max-image-preview":"max-image-preview:large","max-video-preview":"max-video-preview:-1"},"canonical":"https:\/\/shop.diolosa.com\/pl\/product\/ochrona-niebios-700-szt\/","og_locale":"pl_PL","og_type":"article","og_title":"Ochrona Niebios - 700 szt. - Claude Diolosa","og_description":"HEAVEN&#8217;S PROTECTION jest stosowany zapobiegawczo w leczeniu niebezpiecznych chor\u00f3b i [...]","og_url":"https:\/\/shop.diolosa.com\/pl\/product\/ochrona-niebios-700-szt\/","og_site_name":"Claude Diolosa","article_publisher":"https:\/\/facebook.com\/claudediolosa","article_modified_time":"2025-05-06T13:55:59+00:00","og_image":[{"width":800,"height":533,"url":"https:\/\/shop.diolosa.com\/wp-content\/uploads\/2019\/09\/Presslinge-700.jpg","type":"image\/jpeg"}],"twitter_card":"summary_large_image","schema":{"@context":"https:\/\/schema.org","@graph":[{"@type":"WebPage","@id":"https:\/\/shop.diolosa.com\/pl\/product\/ochrona-niebios-700-szt\/","url":"https:\/\/shop.diolosa.com\/pl\/product\/ochrona-niebios-700-szt\/","name":"Ochrona Niebios - 700 szt. - Claude Diolosa","isPartOf":{"@id":"https:\/\/shop.diolosa.com\/pl\/#website"},"primaryImageOfPage":{"@id":"https:\/\/shop.diolosa.com\/pl\/product\/ochrona-niebios-700-szt\/#primaryimage"},"image":{"@id":"https:\/\/shop.diolosa.com\/pl\/product\/ochrona-niebios-700-szt\/#primaryimage"},"thumbnailUrl":"https:\/\/shop.diolosa.com\/wp-content\/uploads\/2019\/09\/Presslinge-700.jpg","datePublished":"2025-03-10T05:56:58+00:00","dateModified":"2025-05-06T13:55:59+00:00","breadcrumb":{"@id":"https:\/\/shop.diolosa.com\/pl\/product\/ochrona-niebios-700-szt\/#breadcrumb"},"inLanguage":"pl-PL","potentialAction":[{"@type":"ReadAction","target":["https:\/\/shop.diolosa.com\/pl\/product\/ochrona-niebios-700-szt\/"]}]},{"@type":"ImageObject","inLanguage":"pl-PL","@id":"https:\/\/shop.diolosa.com\/pl\/product\/ochrona-niebios-700-szt\/#primaryimage","url":"https:\/\/shop.diolosa.com\/wp-content\/uploads\/2019\/09\/Presslinge-700.jpg","contentUrl":"https:\/\/shop.diolosa.com\/wp-content\/uploads\/2019\/09\/Presslinge-700.jpg","width":800,"height":533},{"@type":"BreadcrumbList","@id":"https:\/\/shop.diolosa.com\/pl\/product\/ochrona-niebios-700-szt\/#breadcrumb","itemListElement":[{"@type":"ListItem","position":1,"name":"Startseite","item":"https:\/\/shop.diolosa.com\/pl\/?page_id=3835710"},{"@type":"ListItem","position":2,"name":"Sklep","item":"https:\/\/shop.diolosa.com\/pl\/?page_id=3835710"},{"@type":"ListItem","position":3,"name":"Ochrona Niebios &#8211; 700 szt."}]},{"@type":"WebSite","@id":"https:\/\/shop.diolosa.com\/pl\/#website","url":"https:\/\/shop.diolosa.com\/pl\/","name":"Claude Diolosa","description":"","publisher":{"@id":"https:\/\/shop.diolosa.com\/pl\/#organization"},"potentialAction":[{"@type":"SearchAction","target":{"@type":"EntryPoint","urlTemplate":"https:\/\/shop.diolosa.com\/pl\/?s={search_term_string}"},"query-input":{"@type":"PropertyValueSpecification","valueRequired":true,"valueName":"search_term_string"}}],"inLanguage":"pl-PL"},{"@type":"Organization","@id":"https:\/\/shop.diolosa.com\/pl\/#organization","name":"Claude Diolosa","url":"https:\/\/shop.diolosa.com\/pl\/","logo":{"@type":"ImageObject","inLanguage":"pl-PL","@id":"https:\/\/shop.diolosa.com\/pl\/#\/schema\/logo\/image\/","url":"https:\/\/shop.diolosa.com\/wp-content\/uploads\/2019\/08\/diolosa-drop-logo-new.png","contentUrl":"https:\/\/shop.diolosa.com\/wp-content\/uploads\/2019\/08\/diolosa-drop-logo-new.png","width":134,"height":176,"caption":"Claude Diolosa"},"image":{"@id":"https:\/\/shop.diolosa.com\/pl\/#\/schema\/logo\/image\/"},"sameAs":["https:\/\/facebook.com\/claudediolosa","https:\/\/www.instagram.com\/diolosaclaude108\/"]}]}},"_links":{"self":[{"href":"https:\/\/shop.diolosa.com\/pl\/wp-json\/wp\/v2\/product\/3841116","targetHints":{"allow":["GET"]}}],"collection":[{"href":"https:\/\/shop.diolosa.com\/pl\/wp-json\/wp\/v2\/product"}],"about":[{"href":"https:\/\/shop.diolosa.com\/pl\/wp-json\/wp\/v2\/types\/product"}],"wp:featuredmedia":[{"embeddable":true,"href":"https:\/\/shop.diolosa.com\/pl\/wp-json\/wp\/v2\/media\/3841054"}],"wp:attachment":[{"href":"https:\/\/shop.diolosa.com\/pl\/wp-json\/wp\/v2\/media?parent=3841116"}],"wp:term":[{"taxonomy":"product_brand","embeddable":true,"href":"https:\/\/shop.diolosa.com\/pl\/wp-json\/wp\/v2\/product_brand?post=3841116"},{"taxonomy":"product_cat","embeddable":true,"href":"https:\/\/shop.diolosa.com\/pl\/wp-json\/wp\/v2\/product_cat?post=3841116"},{"taxonomy":"product_tag","embeddable":true,"href":"https:\/\/shop.diolosa.com\/pl\/wp-json\/wp\/v2\/product_tag?post=3841116"}],"curies":[{"name":"wp","href":"https:\/\/api.w.org\/{rel}","templated":true}]}}