{"id":3841126,"date":"2019-09-04T12:10:38","date_gmt":"2025-03-10T05:57:01","guid":{"rendered":"https:\/\/shop.diolosa.com\/product\/szczesliwe-dni\/"},"modified":"2025-05-06T14:55:09","modified_gmt":"2025-05-06T13:55:09","slug":"szczesliwe-dni","status":"publish","type":"product","link":"https:\/\/shop.diolosa.com\/pl\/product\/szczesliwe-dni\/","title":{"rendered":"Szcz\u0119\u015bliwe dni"},"content":{"rendered":"<p>HAPPY DAYS jest stosowany g\u0142\u00f3wnie w leczeniu frustracji (Yi Plus = stagnacja Qi) i \u0142agodnej formy depresji. Preparat ten powinien by\u0107 przyjmowany g\u0142\u00f3wnie rano, podczas fazy w\u0105troby i p\u0119cherzyka \u017c\u00f3\u0142ciowego w ci\u0105gu dnia. HAPPY DAYS harmonizuje i rozlu\u017ania Qi Shao Yang (p\u0119cherzyka \u017c\u00f3\u0142ciowego) i Jue Yin (w\u0105troby) w szczeg\u00f3lno\u015bci i daje radosne usposobienie.<\/p>\n","protected":false},"excerpt":{"rendered":"<p>HAPPY DAYS jest stosowany g\u0142\u00f3wnie w leczeniu frustracji (Yi Plus  [&#8230;]<\/p>\n","protected":false},"featured_media":3835943,"template":"","meta":{"_acf_changed":false},"product_brand":[],"product_cat":[11916],"product_tag":[12248],"class_list":{"0":"post-3841126","1":"product","2":"type-product","3":"status-publish","4":"has-post-thumbnail","6":"product_cat-psychiatria","7":"product_tag-bycie-w-depresji","9":"first","10":"instock","11":"taxable","12":"shipping-taxable","13":"purchasable","14":"product-type-simple"},"acf":{"yn_product_audio":"https:\/\/shop.diolosa.com\/wp-content\/uploads\/2018\/12\/DL_0291.mp3","yn_product_video":"https:\/\/shop.diolosa.com\/wp-content\/uploads\/2019\/09\/Happy-Day.mp4","yn_product_akupunktur":"<p>Rozpu\u015bci\u0107 zast\u00f3j qi w\u0105troby<br \/>\njelito grube 4 &#8211; he gu (yuan) &#8211; xie fa<br \/>\nw\u0105troba 3 &#8211; tai chong (shu, yuan) &#8211; xie fa  <\/p>\n<p>Rozpu\u015bci\u0107 przekrwienie qi p\u0119cherzyka \u017c\u00f3\u0142ciowego<br \/>\np\u0119cherzyk \u017c\u00f3\u0142ciowy 34 &#8211; yang ling quan (he, xia he xue, gui) &#8211; xie fa<br \/>\np\u0119cherzyk \u017c\u00f3\u0142ciowy 40 &#8211; qiu xu (yuan) &#8211; xie fa<br \/>\np\u0119cherzyk \u017c\u00f3\u0142ciowy 41 &#8211; zu lin qi (dai mai, shu) &#8211; xie fa  <\/p>\n<p>Otwarte kana\u0142y serca<br \/>\nserce 5 &#8211; tong li (luo) &#8211; xie fa<br \/>\nkr\u0105\u017cenie 6 &#8211; nei guan (luo, yin wei mai) &#8211; xie fa<br \/>\n\u017co\u0142\u0105dek 6 &#8211; jia che &#8211; gui chuan (gui) &#8211; xie fa<br \/>\nsi shen cong &#8211; M-HN-1 (m\u00f3zg, cns) &#8211; xie fa  <\/p>\n<p>Odcedzanie twardej flegmy<br \/>\nkr\u0105\u017cenie 5 &#8211; jian shi &#8211; gui lu (jing, gui) &#8211; xie fa<br \/>\n\u017co\u0142\u0105dek 40 &#8211; feng long (luo) &#8211; xie fa<br \/>\nren mai 12 &#8211; zhong wan (mo>)\u017co\u0142\u0105dek, ba hui xue, jelito cienkie, san chiao, \u017co\u0142\u0105dek) &#8211; xie fa<br \/>\n\u017co\u0142\u0105dek 25 &#8211; tian shu (mo &#8211; jelito grube) &#8211; xie fa<br \/>\n\u017co\u0142\u0105dek 39 &#8211; xia ju xu (xia he xue &#8211; jelito cienkie, jezioro krwi, chong mai) &#8211; xie fa<br \/>\n\u017co\u0142\u0105dek 37 &#8211; shang ju xu (xia he xue &#8211; jelito grube, jezioro krwi, chong mai) &#8211; xie fa  <\/p>\n<p>Rozpu\u015bci\u0107 zast\u00f3j krwi<br \/>\n\u015bledziona 10 &#8211; xue hai (jezioro krwi) &#8211; xie fa  <\/p>\n<p>Oczy\u015b\u0107 w\u0105trob\u0119 i woreczek \u017c\u00f3\u0142ciowy<br \/>\nw\u0105troba 2 &#8211; xing jian (ying) &#8211; xie fa<br \/>\nworeczek \u017c\u00f3\u0142ciowy 43 &#8211; xia xi (ying) &#8211; xie fa<\/p>\n","yn_product_verabreichungsart":"Pelety 140szt.","yn_product_dosierung":"<p>3 x 6 do 10 tabletek dziennie, zawsze przed posi\u0142kami, a zw\u0142aszcza rano po przebudzeniu, razem z herbat\u0105 mi\u0119tow\u0105.<\/p>\n","yn_product_combinations":"<p>BRIGHT FUTURE (depresja), NO WORRY (stres), SIX FLOWERS (przekrwienie Qi i krwi), JOYFUL DAYS (przekrwienie Qi &#8211; b\u00f3l), PEACEFUL NIGHTS (bezsenno\u015b\u0107), DEEP SLEEP FORTE (bezsenno\u015b\u0107).<\/p>\n","yn_product_avoidable":"<p>Cukier, czekolada, Coca Cola, produkty mleczne, zw\u0142aszcza jogurty z owocami i cukrem, owoce tropikalne, banany, palenie tytoniu.<\/p>\n","yn_product_tcm_mindmapping":"<p>przekrwienie Qi w\u0105troby i p\u0119cherzyka \u017c\u00f3\u0142ciowego > przekrwienie Qi \u015bledziony i \u017co\u0142\u0105dka > wilgo\u0107 > flegma > opalenizna > opalenizna zamyka kana\u0142y serca > przygn\u0119bienie, a tak\u017ce \u0142agodna forma depresji<\/p>\n","yn_product_tongue_body":"<p>Opuchni\u0119te i lekko zaczerwienione brzegi j\u0119zyka, zaczerwieniona ko\u0144c\u00f3wka j\u0119zyka<\/p>\n","yn_product_tongue_coating":"<p>Bia\u0142y, wilgotny i lepki<\/p>\n","yn_product_pulse_diagnostics":"<p>Pozycja w\u0105troby i p\u0119cherzyka \u017c\u00f3\u0142ciowego: xian mai &#8211; napi\u0119ta, shi mai &#8211; pe\u0142na, shuo mai &#8211; szybka<\/p>\n","yn_product_indications":"<p>Depresja, apatia, ospa\u0142o\u015b\u0107, trudno\u015bci z przespaniem nocy, pogorszenie jesieni\u0105, apatia, wewn\u0119trzny niepok\u00f3j, zapalenie spoj\u00f3wek, nie\u015bwie\u017cy oddech, gorzki posmak w ustach rano.<\/p>\n","yn_product_contra_indications":"<p>Niedob\u00f3r Yin, Puste ciep\u0142o, Ciep\u0142o krwi, Ciep\u0142o flegmy, Ogie\u0144<\/p>\n","yn_product_pregnancy":"<p>Dozwolone<\/p>\n","yn_product_herbs":"<p>cyperi rhizoma &#8211; xiang fu, bupleurum radix &#8211; chai hu, acori graminei rhizoma &#8211; shi chang pu, pinelliae ternatae rhizoma &#8211; ban xia, caulis bambusae in taeniam &#8211; zhu ru, citri reticulatae pericarpium &#8211; chen pi, magnoliae officinalis cortex &#8211; hou po<\/p>\n","yn_product_magisterrecipes":"<p>Chai Hu Su Gan San, Si Ni San, Xiao Yao San, Shao Yao Tang<\/p>\n"},"yoast_head":"<!-- This site is optimized with the Yoast SEO plugin v24.9 - https:\/\/yoast.com\/wordpress\/plugins\/seo\/ -->\n<title>Szcz\u0119\u015bliwe dni - Claude Diolosa<\/title>\n<meta name=\"robots\" content=\"index, follow, max-snippet:-1, max-image-preview:large, max-video-preview:-1\" \/>\n<link rel=\"canonical\" href=\"https:\/\/shop.diolosa.com\/pl\/product\/szczesliwe-dni\/\" \/>\n<meta property=\"og:locale\" content=\"pl_PL\" \/>\n<meta property=\"og:type\" content=\"article\" \/>\n<meta property=\"og:title\" content=\"Szcz\u0119\u015bliwe dni - Claude Diolosa\" \/>\n<meta property=\"og:description\" content=\"HAPPY DAYS jest stosowany g\u0142\u00f3wnie w leczeniu frustracji (Yi Plus [...]\" \/>\n<meta property=\"og:url\" content=\"https:\/\/shop.diolosa.com\/pl\/product\/szczesliwe-dni\/\" \/>\n<meta property=\"og:site_name\" content=\"Claude Diolosa\" \/>\n<meta property=\"article:publisher\" content=\"https:\/\/facebook.com\/claudediolosa\" \/>\n<meta property=\"article:modified_time\" content=\"2025-05-06T13:55:09+00:00\" \/>\n<meta property=\"og:image\" content=\"https:\/\/shop.diolosa.com\/wp-content\/uploads\/2019\/09\/Presslinge-140.jpg\" \/>\n\t<meta property=\"og:image:width\" content=\"800\" \/>\n\t<meta property=\"og:image:height\" content=\"533\" \/>\n\t<meta property=\"og:image:type\" content=\"image\/jpeg\" \/>\n<meta name=\"twitter:card\" content=\"summary_large_image\" \/>\n<script type=\"application\/ld+json\" class=\"yoast-schema-graph\">{\"@context\":\"https:\/\/schema.org\",\"@graph\":[{\"@type\":\"WebPage\",\"@id\":\"https:\/\/shop.diolosa.com\/pl\/product\/szczesliwe-dni\/\",\"url\":\"https:\/\/shop.diolosa.com\/pl\/product\/szczesliwe-dni\/\",\"name\":\"Szcz\u0119\u015bliwe dni - Claude Diolosa\",\"isPartOf\":{\"@id\":\"https:\/\/shop.diolosa.com\/pl\/#website\"},\"primaryImageOfPage\":{\"@id\":\"https:\/\/shop.diolosa.com\/pl\/product\/szczesliwe-dni\/#primaryimage\"},\"image\":{\"@id\":\"https:\/\/shop.diolosa.com\/pl\/product\/szczesliwe-dni\/#primaryimage\"},\"thumbnailUrl\":\"https:\/\/shop.diolosa.com\/wp-content\/uploads\/2019\/09\/Presslinge-140.jpg\",\"datePublished\":\"2025-03-10T05:57:01+00:00\",\"dateModified\":\"2025-05-06T13:55:09+00:00\",\"breadcrumb\":{\"@id\":\"https:\/\/shop.diolosa.com\/pl\/product\/szczesliwe-dni\/#breadcrumb\"},\"inLanguage\":\"pl-PL\",\"potentialAction\":[{\"@type\":\"ReadAction\",\"target\":[\"https:\/\/shop.diolosa.com\/pl\/product\/szczesliwe-dni\/\"]}]},{\"@type\":\"ImageObject\",\"inLanguage\":\"pl-PL\",\"@id\":\"https:\/\/shop.diolosa.com\/pl\/product\/szczesliwe-dni\/#primaryimage\",\"url\":\"https:\/\/shop.diolosa.com\/wp-content\/uploads\/2019\/09\/Presslinge-140.jpg\",\"contentUrl\":\"https:\/\/shop.diolosa.com\/wp-content\/uploads\/2019\/09\/Presslinge-140.jpg\",\"width\":800,\"height\":533},{\"@type\":\"BreadcrumbList\",\"@id\":\"https:\/\/shop.diolosa.com\/pl\/product\/szczesliwe-dni\/#breadcrumb\",\"itemListElement\":[{\"@type\":\"ListItem\",\"position\":1,\"name\":\"Startseite\",\"item\":\"https:\/\/shop.diolosa.com\/pl\/?page_id=3835710\"},{\"@type\":\"ListItem\",\"position\":2,\"name\":\"Sklep\",\"item\":\"https:\/\/shop.diolosa.com\/pl\/?page_id=3835710\"},{\"@type\":\"ListItem\",\"position\":3,\"name\":\"Szcz\u0119\u015bliwe dni\"}]},{\"@type\":\"WebSite\",\"@id\":\"https:\/\/shop.diolosa.com\/pl\/#website\",\"url\":\"https:\/\/shop.diolosa.com\/pl\/\",\"name\":\"Claude Diolosa\",\"description\":\"\",\"publisher\":{\"@id\":\"https:\/\/shop.diolosa.com\/pl\/#organization\"},\"potentialAction\":[{\"@type\":\"SearchAction\",\"target\":{\"@type\":\"EntryPoint\",\"urlTemplate\":\"https:\/\/shop.diolosa.com\/pl\/?s={search_term_string}\"},\"query-input\":{\"@type\":\"PropertyValueSpecification\",\"valueRequired\":true,\"valueName\":\"search_term_string\"}}],\"inLanguage\":\"pl-PL\"},{\"@type\":\"Organization\",\"@id\":\"https:\/\/shop.diolosa.com\/pl\/#organization\",\"name\":\"Claude Diolosa\",\"url\":\"https:\/\/shop.diolosa.com\/pl\/\",\"logo\":{\"@type\":\"ImageObject\",\"inLanguage\":\"pl-PL\",\"@id\":\"https:\/\/shop.diolosa.com\/pl\/#\/schema\/logo\/image\/\",\"url\":\"https:\/\/shop.diolosa.com\/wp-content\/uploads\/2019\/08\/diolosa-drop-logo-new.png\",\"contentUrl\":\"https:\/\/shop.diolosa.com\/wp-content\/uploads\/2019\/08\/diolosa-drop-logo-new.png\",\"width\":134,\"height\":176,\"caption\":\"Claude Diolosa\"},\"image\":{\"@id\":\"https:\/\/shop.diolosa.com\/pl\/#\/schema\/logo\/image\/\"},\"sameAs\":[\"https:\/\/facebook.com\/claudediolosa\",\"https:\/\/www.instagram.com\/diolosaclaude108\/\"]}]}<\/script>\n<!-- \/ Yoast SEO plugin. -->","yoast_head_json":{"title":"Szcz\u0119\u015bliwe dni - Claude Diolosa","robots":{"index":"index","follow":"follow","max-snippet":"max-snippet:-1","max-image-preview":"max-image-preview:large","max-video-preview":"max-video-preview:-1"},"canonical":"https:\/\/shop.diolosa.com\/pl\/product\/szczesliwe-dni\/","og_locale":"pl_PL","og_type":"article","og_title":"Szcz\u0119\u015bliwe dni - Claude Diolosa","og_description":"HAPPY DAYS jest stosowany g\u0142\u00f3wnie w leczeniu frustracji (Yi Plus [...]","og_url":"https:\/\/shop.diolosa.com\/pl\/product\/szczesliwe-dni\/","og_site_name":"Claude Diolosa","article_publisher":"https:\/\/facebook.com\/claudediolosa","article_modified_time":"2025-05-06T13:55:09+00:00","og_image":[{"width":800,"height":533,"url":"https:\/\/shop.diolosa.com\/wp-content\/uploads\/2019\/09\/Presslinge-140.jpg","type":"image\/jpeg"}],"twitter_card":"summary_large_image","schema":{"@context":"https:\/\/schema.org","@graph":[{"@type":"WebPage","@id":"https:\/\/shop.diolosa.com\/pl\/product\/szczesliwe-dni\/","url":"https:\/\/shop.diolosa.com\/pl\/product\/szczesliwe-dni\/","name":"Szcz\u0119\u015bliwe dni - Claude Diolosa","isPartOf":{"@id":"https:\/\/shop.diolosa.com\/pl\/#website"},"primaryImageOfPage":{"@id":"https:\/\/shop.diolosa.com\/pl\/product\/szczesliwe-dni\/#primaryimage"},"image":{"@id":"https:\/\/shop.diolosa.com\/pl\/product\/szczesliwe-dni\/#primaryimage"},"thumbnailUrl":"https:\/\/shop.diolosa.com\/wp-content\/uploads\/2019\/09\/Presslinge-140.jpg","datePublished":"2025-03-10T05:57:01+00:00","dateModified":"2025-05-06T13:55:09+00:00","breadcrumb":{"@id":"https:\/\/shop.diolosa.com\/pl\/product\/szczesliwe-dni\/#breadcrumb"},"inLanguage":"pl-PL","potentialAction":[{"@type":"ReadAction","target":["https:\/\/shop.diolosa.com\/pl\/product\/szczesliwe-dni\/"]}]},{"@type":"ImageObject","inLanguage":"pl-PL","@id":"https:\/\/shop.diolosa.com\/pl\/product\/szczesliwe-dni\/#primaryimage","url":"https:\/\/shop.diolosa.com\/wp-content\/uploads\/2019\/09\/Presslinge-140.jpg","contentUrl":"https:\/\/shop.diolosa.com\/wp-content\/uploads\/2019\/09\/Presslinge-140.jpg","width":800,"height":533},{"@type":"BreadcrumbList","@id":"https:\/\/shop.diolosa.com\/pl\/product\/szczesliwe-dni\/#breadcrumb","itemListElement":[{"@type":"ListItem","position":1,"name":"Startseite","item":"https:\/\/shop.diolosa.com\/pl\/?page_id=3835710"},{"@type":"ListItem","position":2,"name":"Sklep","item":"https:\/\/shop.diolosa.com\/pl\/?page_id=3835710"},{"@type":"ListItem","position":3,"name":"Szcz\u0119\u015bliwe dni"}]},{"@type":"WebSite","@id":"https:\/\/shop.diolosa.com\/pl\/#website","url":"https:\/\/shop.diolosa.com\/pl\/","name":"Claude Diolosa","description":"","publisher":{"@id":"https:\/\/shop.diolosa.com\/pl\/#organization"},"potentialAction":[{"@type":"SearchAction","target":{"@type":"EntryPoint","urlTemplate":"https:\/\/shop.diolosa.com\/pl\/?s={search_term_string}"},"query-input":{"@type":"PropertyValueSpecification","valueRequired":true,"valueName":"search_term_string"}}],"inLanguage":"pl-PL"},{"@type":"Organization","@id":"https:\/\/shop.diolosa.com\/pl\/#organization","name":"Claude Diolosa","url":"https:\/\/shop.diolosa.com\/pl\/","logo":{"@type":"ImageObject","inLanguage":"pl-PL","@id":"https:\/\/shop.diolosa.com\/pl\/#\/schema\/logo\/image\/","url":"https:\/\/shop.diolosa.com\/wp-content\/uploads\/2019\/08\/diolosa-drop-logo-new.png","contentUrl":"https:\/\/shop.diolosa.com\/wp-content\/uploads\/2019\/08\/diolosa-drop-logo-new.png","width":134,"height":176,"caption":"Claude Diolosa"},"image":{"@id":"https:\/\/shop.diolosa.com\/pl\/#\/schema\/logo\/image\/"},"sameAs":["https:\/\/facebook.com\/claudediolosa","https:\/\/www.instagram.com\/diolosaclaude108\/"]}]}},"_links":{"self":[{"href":"https:\/\/shop.diolosa.com\/pl\/wp-json\/wp\/v2\/product\/3841126","targetHints":{"allow":["GET"]}}],"collection":[{"href":"https:\/\/shop.diolosa.com\/pl\/wp-json\/wp\/v2\/product"}],"about":[{"href":"https:\/\/shop.diolosa.com\/pl\/wp-json\/wp\/v2\/types\/product"}],"wp:featuredmedia":[{"embeddable":true,"href":"https:\/\/shop.diolosa.com\/pl\/wp-json\/wp\/v2\/media\/3835943"}],"wp:attachment":[{"href":"https:\/\/shop.diolosa.com\/pl\/wp-json\/wp\/v2\/media?parent=3841126"}],"wp:term":[{"taxonomy":"product_brand","embeddable":true,"href":"https:\/\/shop.diolosa.com\/pl\/wp-json\/wp\/v2\/product_brand?post=3841126"},{"taxonomy":"product_cat","embeddable":true,"href":"https:\/\/shop.diolosa.com\/pl\/wp-json\/wp\/v2\/product_cat?post=3841126"},{"taxonomy":"product_tag","embeddable":true,"href":"https:\/\/shop.diolosa.com\/pl\/wp-json\/wp\/v2\/product_tag?post=3841126"}],"curies":[{"name":"wp","href":"https:\/\/api.w.org\/{rel}","templated":true}]}}