{"id":3841127,"date":"2019-09-04T12:10:54","date_gmt":"2025-03-10T05:57:02","guid":{"rendered":"https:\/\/shop.diolosa.com\/product\/krople-zelaza-700-szt\/"},"modified":"2025-05-06T15:18:20","modified_gmt":"2025-05-06T14:18:20","slug":"krople-zelaza-700-szt","status":"publish","type":"product","link":"https:\/\/shop.diolosa.com\/pl\/product\/krople-zelaza-700-szt\/","title":{"rendered":"Krople \u017celaza &#8211; 700 szt."},"content":{"rendered":"<p>IRON DROPS jest stosowany w leczeniu niedoboru krwi w w\u0105trobie i sercu (niedob\u00f3r \u017celaza). Ten niezwyk\u0142y preparat tonizuje poporodowe \u017ar\u00f3d\u0142o JING (ziemi), uzupe\u0142nia esencj\u0119 nerek (JING &#8211; szpik kostny), wzmacnia Qi nerek i od\u017cywia krew bez tworzenia wilgoci i stagnacji.<\/p>\n","protected":false},"excerpt":{"rendered":"<p>IRON DROPS jest stosowany w leczeniu niedoboru krwi w w\u0105trobie  [&#8230;]<\/p>\n","protected":false},"featured_media":3841054,"template":"","meta":{"_acf_changed":false},"product_brand":[],"product_cat":[12049],"product_tag":[12249],"class_list":{"0":"post-3841127","1":"product","2":"type-product","3":"status-publish","4":"has-post-thumbnail","6":"product_cat-hematologia","7":"product_tag-niedobor-zelaza-700szt","9":"first","10":"instock","11":"taxable","12":"shipping-taxable","13":"purchasable","14":"product-type-simple"},"acf":{"yn_product_audio":"https:\/\/shop.diolosa.com\/wp-content\/uploads\/2018\/12\/DL_0292.mp3","yn_product_video":"https:\/\/shop.diolosa.com\/wp-content\/uploads\/2024\/03\/IRON-DROPS.mp4","yn_product_akupunktur":"<p>Tonizuje \u015bledzion\u0119<br \/>\np\u0119cherz 20 &#8211; pi shu &#8211; bu fa<br \/>\n\u017co\u0142\u0105dek 36 &#8211; to san li (shu, xia he xue &#8211; \u017co\u0142\u0105dek, si hai xue, si zhong xue) &#8211; bu fa<\/p>\n<p>Uzupe\u0142nij esencj\u0119 nerki<br \/>\nnerka 3 &#8211; tai xi (shu,yuan) &#8211; bu fa<br \/>\nnerka 10 &#8211; yin gu (he) &#8211; bu fa<br \/>\np\u0119cherz 23 &#8211; shen shu &#8211; bu fa<br \/>\nworeczek \u017c\u00f3\u0142ciowy 39 &#8211; xuan zhong &#8211; jue gu (mark) &#8211; bu fa<br \/>\np\u0119cherz 43 &#8211; gao huang shu (qi,xue,jinye,yin,yang) &#8211; bu fa  <\/p>\n<p>Od\u017cywianie krwi w\u0105troby<br \/>\nw\u0105troba 3 &#8211; tai chong (shu, yuan) &#8211; bu fa<br \/>\nw\u0105troba 8 &#8211; qu quan (he) &#8211; bu fa<br \/>\np\u0119cherz 17 &#8211; ge shu (krew) &#8211; bu fa<br \/>\np\u0119cherz 47 &#8211; hun men (hun) &#8211; bu fa<br \/>\np\u0119cherz 44 &#8211; shen tang (shen) &#8211; bu fa  <\/p>\n<p>Od\u017cywiaj serce krwi\u0105<br \/>\nserce 7 &#8211; shen men (shu, yuan) &#8211; bu fa<br \/>\nserce 3 &#8211; shao hai (he) &#8211; bu fa<br \/>\np\u0119cherz 15 &#8211; xin shu &#8211; bu fa<br \/>\nren mai 14 &#8211; ju que (mo>heart) &#8211; bu fa<br \/>\nkr\u0105\u017cenie 6 &#8211; nei guan (luo, yin wei mai) &#8211; bu fa<\/p>\n","yn_product_verabreichungsart":"Pellet 700szt.","yn_product_dosierung":"<p>3 x 6 do 10 tabletek przed posi\u0142kami, codziennie, przez 120 dni. Kawa i czarna herbata nie s\u0105 dozwolone. Preparat ten mo\u017ce by\u0107 zalecany tylko przez pierwsze cztery miesi\u0105ce ci\u0105\u017cy, a nast\u0119pnie dopiero po porodzie. Je\u015bli Iron Drops jest przyjmowany d\u0142u\u017cej w czasie ci\u0105\u017cy, mo\u017ce wyst\u0105pi\u0107 refluks Qi i nudno\u015bci ci\u0105\u017cowe! Po pierwszych 4 miesi\u0105cach bardzo dobrze by\u0142oby uzupe\u0142ni\u0107 esencj\u0119 nerek herbat\u0105 Yin Root lub San Bao!    <\/p>\n","yn_product_combinations":"<p>KORZE\u0143 YIN (niedob\u00f3r yin w nerkach), KORZE\u0143 YANG (niedob\u00f3r yang i yin w nerkach), MORZE QI (obni\u017cenie qi), ENERGIA \u017bYCIA (niedob\u00f3r qi w \u015bledzionie i p\u0142ucach), HERBATA RINCHEN (niedob\u00f3r yang i yin w nerkach), HERBATA SAN BAO (niedob\u00f3r jing w nerkach, krwi w w\u0105trobie i krwi w sercu), HERBATA DEEP SLEEP FORTE i HERBATA DOBRYCH SN\u00d3W (bezsenno\u015b\u0107), REGENERACJA (5 korzeni jest pustych).<\/p>\n","yn_product_avoidable":"<p>Kawa, czarna i zielona herbata, sa\u0142ata, cykoria, pomidor, og\u00f3rek, cukinia, bak\u0142a\u017can, jogurt, mleko, serek \u015bmietankowy, kefir, \u015bmietana, owoce cytrusowe, soki owocowe, herbata mi\u0119towa. Og\u00f3lnie rzecz bior\u0105c, nie nale\u017cy spo\u017cywa\u0107 surowych warzyw, owoc\u00f3w i produkt\u00f3w mlecznych przez 120 dni. <\/p>\n","yn_product_tcm_mindmapping":"<p>Niedob\u00f3r Qi \u015bledziony > Wilgo\u0107 > Niedob\u00f3r Jing nerek > Niedob\u00f3r krwi w\u0105troby > Niedob\u00f3r krwi serca > Wiatr w sercu<\/p>\n","yn_product_tongue_body":"<p>Blade kraw\u0119dzie j\u0119zyka, w\u0105ski, dr\u017c\u0105cy, nieco pop\u0119kany i zaczerwieniony czubek j\u0119zyka z powodu zaburze\u0144 snu.<\/p>\n","yn_product_tongue_coating":"<p>Cienki, bia\u0142y, mo\u017ce by\u0107 r\u00f3wnie\u017c lekko \u017c\u00f3\u0142tawy<\/p>\n","yn_product_pulse_diagnostics":"<p>Pozycja w\u0105troby: xi mai &#8211; cienka, xian mai &#8211; napi\u0119ta, shuo mai &#8211; szybka, xu mai &#8211; pusta<br \/>\nPozycja serca: fu mai &#8211; powierzchowna, xi mai &#8211; cienka, xian mai &#8211; napi\u0119ta, xu mai &#8211; pusta<\/p>\n","yn_product_indications":"<p>Niedob\u00f3r \u017celaza, \u0142amliwe i rzadkie w\u0142osy, zaburzenia widzenia, nadwra\u017cliwo\u015b\u0107 na \u015bwiat\u0142o, zm\u0119czenie, zaburzenia snu, niedoci\u015bnienie, b\u00f3l g\u0142owy, dzwonienie w uszach, dr\u0119twienie ko\u0144czyn, brak miesi\u0105czki, sk\u0105pe krwawienia, wyczerpanie po miesi\u0105czce, zapominanie.<\/p>\n","yn_product_contra_indications":"<p>\u017bo\u0142\u0105dek i jelito grube Wilgo\u0107 i wilgo\u0107 Gor\u0105co, biegunka, przezi\u0119bienie lub choroba zaka\u017ana<\/p>\n","yn_product_pregnancy":"<p>Dozwolone<\/p>\n","yn_product_herbs":"<p>angelicae sinensis radix &#8211; dang gui, ziziphy spinosae semen &#8211; suan zao ren, ligusticii rhizoma &#8211; chuan xiong, rhemanniae radix praep &#8211; shu di huang, polygoni multiflori radix &#8211; he shou wu, lycii fructus &#8211; gou qi zi, cinnamomi cortex &#8211; rou gui, aucklandiae radix &#8211; mu xiang<\/p>\n","yn_product_magisterrecipes":"<p>Ba Zhen Tang, Zuo Gui Yin, Zuo Gui Wan<\/p>\n"},"yoast_head":"<!-- This site is optimized with the Yoast SEO plugin v24.9 - https:\/\/yoast.com\/wordpress\/plugins\/seo\/ -->\n<title>Krople \u017celaza - 700 szt. - Claude Diolosa<\/title>\n<meta name=\"robots\" content=\"index, follow, max-snippet:-1, max-image-preview:large, max-video-preview:-1\" \/>\n<link rel=\"canonical\" href=\"https:\/\/shop.diolosa.com\/pl\/product\/krople-zelaza-700-szt\/\" \/>\n<meta property=\"og:locale\" content=\"pl_PL\" \/>\n<meta property=\"og:type\" content=\"article\" \/>\n<meta property=\"og:title\" content=\"Krople \u017celaza - 700 szt. - Claude Diolosa\" \/>\n<meta property=\"og:description\" content=\"IRON DROPS jest stosowany w leczeniu niedoboru krwi w w\u0105trobie [...]\" \/>\n<meta property=\"og:url\" content=\"https:\/\/shop.diolosa.com\/pl\/product\/krople-zelaza-700-szt\/\" \/>\n<meta property=\"og:site_name\" content=\"Claude Diolosa\" \/>\n<meta property=\"article:publisher\" content=\"https:\/\/facebook.com\/claudediolosa\" \/>\n<meta property=\"article:modified_time\" content=\"2025-05-06T14:18:20+00:00\" \/>\n<meta property=\"og:image\" content=\"https:\/\/shop.diolosa.com\/wp-content\/uploads\/2019\/09\/Presslinge-700.jpg\" \/>\n\t<meta property=\"og:image:width\" content=\"800\" \/>\n\t<meta property=\"og:image:height\" content=\"533\" \/>\n\t<meta property=\"og:image:type\" content=\"image\/jpeg\" \/>\n<meta name=\"twitter:card\" content=\"summary_large_image\" \/>\n<script type=\"application\/ld+json\" class=\"yoast-schema-graph\">{\"@context\":\"https:\/\/schema.org\",\"@graph\":[{\"@type\":\"WebPage\",\"@id\":\"https:\/\/shop.diolosa.com\/pl\/product\/krople-zelaza-700-szt\/\",\"url\":\"https:\/\/shop.diolosa.com\/pl\/product\/krople-zelaza-700-szt\/\",\"name\":\"Krople \u017celaza - 700 szt. - Claude Diolosa\",\"isPartOf\":{\"@id\":\"https:\/\/shop.diolosa.com\/pl\/#website\"},\"primaryImageOfPage\":{\"@id\":\"https:\/\/shop.diolosa.com\/pl\/product\/krople-zelaza-700-szt\/#primaryimage\"},\"image\":{\"@id\":\"https:\/\/shop.diolosa.com\/pl\/product\/krople-zelaza-700-szt\/#primaryimage\"},\"thumbnailUrl\":\"https:\/\/shop.diolosa.com\/wp-content\/uploads\/2019\/09\/Presslinge-700.jpg\",\"datePublished\":\"2025-03-10T05:57:02+00:00\",\"dateModified\":\"2025-05-06T14:18:20+00:00\",\"breadcrumb\":{\"@id\":\"https:\/\/shop.diolosa.com\/pl\/product\/krople-zelaza-700-szt\/#breadcrumb\"},\"inLanguage\":\"pl-PL\",\"potentialAction\":[{\"@type\":\"ReadAction\",\"target\":[\"https:\/\/shop.diolosa.com\/pl\/product\/krople-zelaza-700-szt\/\"]}]},{\"@type\":\"ImageObject\",\"inLanguage\":\"pl-PL\",\"@id\":\"https:\/\/shop.diolosa.com\/pl\/product\/krople-zelaza-700-szt\/#primaryimage\",\"url\":\"https:\/\/shop.diolosa.com\/wp-content\/uploads\/2019\/09\/Presslinge-700.jpg\",\"contentUrl\":\"https:\/\/shop.diolosa.com\/wp-content\/uploads\/2019\/09\/Presslinge-700.jpg\",\"width\":800,\"height\":533},{\"@type\":\"BreadcrumbList\",\"@id\":\"https:\/\/shop.diolosa.com\/pl\/product\/krople-zelaza-700-szt\/#breadcrumb\",\"itemListElement\":[{\"@type\":\"ListItem\",\"position\":1,\"name\":\"Startseite\",\"item\":\"https:\/\/shop.diolosa.com\/pl\/?page_id=3835710\"},{\"@type\":\"ListItem\",\"position\":2,\"name\":\"Sklep\",\"item\":\"https:\/\/shop.diolosa.com\/pl\/?page_id=3835710\"},{\"@type\":\"ListItem\",\"position\":3,\"name\":\"Krople \u017celaza &#8211; 700 szt.\"}]},{\"@type\":\"WebSite\",\"@id\":\"https:\/\/shop.diolosa.com\/pl\/#website\",\"url\":\"https:\/\/shop.diolosa.com\/pl\/\",\"name\":\"Claude Diolosa\",\"description\":\"\",\"publisher\":{\"@id\":\"https:\/\/shop.diolosa.com\/pl\/#organization\"},\"potentialAction\":[{\"@type\":\"SearchAction\",\"target\":{\"@type\":\"EntryPoint\",\"urlTemplate\":\"https:\/\/shop.diolosa.com\/pl\/?s={search_term_string}\"},\"query-input\":{\"@type\":\"PropertyValueSpecification\",\"valueRequired\":true,\"valueName\":\"search_term_string\"}}],\"inLanguage\":\"pl-PL\"},{\"@type\":\"Organization\",\"@id\":\"https:\/\/shop.diolosa.com\/pl\/#organization\",\"name\":\"Claude Diolosa\",\"url\":\"https:\/\/shop.diolosa.com\/pl\/\",\"logo\":{\"@type\":\"ImageObject\",\"inLanguage\":\"pl-PL\",\"@id\":\"https:\/\/shop.diolosa.com\/pl\/#\/schema\/logo\/image\/\",\"url\":\"https:\/\/shop.diolosa.com\/wp-content\/uploads\/2019\/08\/diolosa-drop-logo-new.png\",\"contentUrl\":\"https:\/\/shop.diolosa.com\/wp-content\/uploads\/2019\/08\/diolosa-drop-logo-new.png\",\"width\":134,\"height\":176,\"caption\":\"Claude Diolosa\"},\"image\":{\"@id\":\"https:\/\/shop.diolosa.com\/pl\/#\/schema\/logo\/image\/\"},\"sameAs\":[\"https:\/\/facebook.com\/claudediolosa\",\"https:\/\/www.instagram.com\/diolosaclaude108\/\"]}]}<\/script>\n<!-- \/ Yoast SEO plugin. -->","yoast_head_json":{"title":"Krople \u017celaza - 700 szt. - Claude Diolosa","robots":{"index":"index","follow":"follow","max-snippet":"max-snippet:-1","max-image-preview":"max-image-preview:large","max-video-preview":"max-video-preview:-1"},"canonical":"https:\/\/shop.diolosa.com\/pl\/product\/krople-zelaza-700-szt\/","og_locale":"pl_PL","og_type":"article","og_title":"Krople \u017celaza - 700 szt. - Claude Diolosa","og_description":"IRON DROPS jest stosowany w leczeniu niedoboru krwi w w\u0105trobie [...]","og_url":"https:\/\/shop.diolosa.com\/pl\/product\/krople-zelaza-700-szt\/","og_site_name":"Claude Diolosa","article_publisher":"https:\/\/facebook.com\/claudediolosa","article_modified_time":"2025-05-06T14:18:20+00:00","og_image":[{"width":800,"height":533,"url":"https:\/\/shop.diolosa.com\/wp-content\/uploads\/2019\/09\/Presslinge-700.jpg","type":"image\/jpeg"}],"twitter_card":"summary_large_image","schema":{"@context":"https:\/\/schema.org","@graph":[{"@type":"WebPage","@id":"https:\/\/shop.diolosa.com\/pl\/product\/krople-zelaza-700-szt\/","url":"https:\/\/shop.diolosa.com\/pl\/product\/krople-zelaza-700-szt\/","name":"Krople \u017celaza - 700 szt. - Claude Diolosa","isPartOf":{"@id":"https:\/\/shop.diolosa.com\/pl\/#website"},"primaryImageOfPage":{"@id":"https:\/\/shop.diolosa.com\/pl\/product\/krople-zelaza-700-szt\/#primaryimage"},"image":{"@id":"https:\/\/shop.diolosa.com\/pl\/product\/krople-zelaza-700-szt\/#primaryimage"},"thumbnailUrl":"https:\/\/shop.diolosa.com\/wp-content\/uploads\/2019\/09\/Presslinge-700.jpg","datePublished":"2025-03-10T05:57:02+00:00","dateModified":"2025-05-06T14:18:20+00:00","breadcrumb":{"@id":"https:\/\/shop.diolosa.com\/pl\/product\/krople-zelaza-700-szt\/#breadcrumb"},"inLanguage":"pl-PL","potentialAction":[{"@type":"ReadAction","target":["https:\/\/shop.diolosa.com\/pl\/product\/krople-zelaza-700-szt\/"]}]},{"@type":"ImageObject","inLanguage":"pl-PL","@id":"https:\/\/shop.diolosa.com\/pl\/product\/krople-zelaza-700-szt\/#primaryimage","url":"https:\/\/shop.diolosa.com\/wp-content\/uploads\/2019\/09\/Presslinge-700.jpg","contentUrl":"https:\/\/shop.diolosa.com\/wp-content\/uploads\/2019\/09\/Presslinge-700.jpg","width":800,"height":533},{"@type":"BreadcrumbList","@id":"https:\/\/shop.diolosa.com\/pl\/product\/krople-zelaza-700-szt\/#breadcrumb","itemListElement":[{"@type":"ListItem","position":1,"name":"Startseite","item":"https:\/\/shop.diolosa.com\/pl\/?page_id=3835710"},{"@type":"ListItem","position":2,"name":"Sklep","item":"https:\/\/shop.diolosa.com\/pl\/?page_id=3835710"},{"@type":"ListItem","position":3,"name":"Krople \u017celaza &#8211; 700 szt."}]},{"@type":"WebSite","@id":"https:\/\/shop.diolosa.com\/pl\/#website","url":"https:\/\/shop.diolosa.com\/pl\/","name":"Claude Diolosa","description":"","publisher":{"@id":"https:\/\/shop.diolosa.com\/pl\/#organization"},"potentialAction":[{"@type":"SearchAction","target":{"@type":"EntryPoint","urlTemplate":"https:\/\/shop.diolosa.com\/pl\/?s={search_term_string}"},"query-input":{"@type":"PropertyValueSpecification","valueRequired":true,"valueName":"search_term_string"}}],"inLanguage":"pl-PL"},{"@type":"Organization","@id":"https:\/\/shop.diolosa.com\/pl\/#organization","name":"Claude Diolosa","url":"https:\/\/shop.diolosa.com\/pl\/","logo":{"@type":"ImageObject","inLanguage":"pl-PL","@id":"https:\/\/shop.diolosa.com\/pl\/#\/schema\/logo\/image\/","url":"https:\/\/shop.diolosa.com\/wp-content\/uploads\/2019\/08\/diolosa-drop-logo-new.png","contentUrl":"https:\/\/shop.diolosa.com\/wp-content\/uploads\/2019\/08\/diolosa-drop-logo-new.png","width":134,"height":176,"caption":"Claude Diolosa"},"image":{"@id":"https:\/\/shop.diolosa.com\/pl\/#\/schema\/logo\/image\/"},"sameAs":["https:\/\/facebook.com\/claudediolosa","https:\/\/www.instagram.com\/diolosaclaude108\/"]}]}},"_links":{"self":[{"href":"https:\/\/shop.diolosa.com\/pl\/wp-json\/wp\/v2\/product\/3841127","targetHints":{"allow":["GET"]}}],"collection":[{"href":"https:\/\/shop.diolosa.com\/pl\/wp-json\/wp\/v2\/product"}],"about":[{"href":"https:\/\/shop.diolosa.com\/pl\/wp-json\/wp\/v2\/types\/product"}],"wp:featuredmedia":[{"embeddable":true,"href":"https:\/\/shop.diolosa.com\/pl\/wp-json\/wp\/v2\/media\/3841054"}],"wp:attachment":[{"href":"https:\/\/shop.diolosa.com\/pl\/wp-json\/wp\/v2\/media?parent=3841127"}],"wp:term":[{"taxonomy":"product_brand","embeddable":true,"href":"https:\/\/shop.diolosa.com\/pl\/wp-json\/wp\/v2\/product_brand?post=3841127"},{"taxonomy":"product_cat","embeddable":true,"href":"https:\/\/shop.diolosa.com\/pl\/wp-json\/wp\/v2\/product_cat?post=3841127"},{"taxonomy":"product_tag","embeddable":true,"href":"https:\/\/shop.diolosa.com\/pl\/wp-json\/wp\/v2\/product_tag?post=3841127"}],"curies":[{"name":"wp","href":"https:\/\/api.w.org\/{rel}","templated":true}]}}