{"id":3841134,"date":"2019-09-04T12:10:38","date_gmt":"2025-03-10T05:57:04","guid":{"rendered":"https:\/\/shop.diolosa.com\/product\/peaceful-general-140-szt\/"},"modified":"2025-05-06T14:55:07","modified_gmt":"2025-05-06T13:55:07","slug":"peaceful-general-140-szt","status":"publish","type":"product","link":"https:\/\/shop.diolosa.com\/pl\/product\/peaceful-general-140-szt\/","title":{"rendered":"Peaceful General &#8211; 140 szt."},"content":{"rendered":"<p>PEACEFUL GENERAL jest stosowany w leczeniu zwi\u0119kszonej lepko\u015bci krwi i chroni przed zakrzepic\u0105, z\u0142ogami i udarem. Preparat ten harmonizuje po\u0142\u0105czenie mi\u0119dzy drewnem i ziemi\u0105 lub Shao Yang (p\u0119cherzyk \u017c\u00f3\u0142ciowy i San Jiao) i Yang Ming (\u017co\u0142\u0105dek i jelito grube), stymuluje funkcj\u0119 p\u0119cherzyka \u017c\u00f3\u0142ciowego, zapobiega stagnacji pokarmu i z\u0142ogom twardego \u015bluzu w naczyniach krwiono\u015bnych i m\u00f3zgu oraz rozpuszcza zast\u00f3j krwi.<\/p>\n","protected":false},"excerpt":{"rendered":"<p>PEACEFUL GENERAL jest stosowany w leczeniu zwi\u0119kszonej lepko\u015bci krwi i  [&#8230;]<\/p>\n","protected":false},"featured_media":3835943,"template":"","meta":{"_acf_changed":false},"product_brand":[],"product_cat":[11867],"product_tag":[12256],"class_list":{"0":"post-3841134","1":"product","2":"type-product","3":"status-publish","4":"has-post-thumbnail","6":"product_cat-gastroenterologia","7":"product_tag-cholesterol-140szt","9":"first","10":"instock","11":"taxable","12":"shipping-taxable","13":"purchasable","14":"product-type-simple"},"acf":{"yn_product_audio":"https:\/\/shop.diolosa.com\/wp-content\/uploads\/2018\/12\/DL_0282.mp3","yn_product_video":"https:\/\/shop.diolosa.com\/wp-content\/uploads\/2024\/03\/Peaceful-general-.mp4","yn_product_akupunktur":"<p>Woreczek \u017c\u00f3\u0142ciowy Uwolnienie zastoju Qi i roz\u0142adowanie wilgoci Ciep\u0142o<br \/>\nworeczek \u017c\u00f3\u0142ciowy 34 &#8211; yang ling quan (he, xia he xue, gui) &#8211; xie fa<br \/>\nworeczek \u017c\u00f3\u0142ciowy 40 &#8211; qiu xu (yuan) &#8211; xie fa<br \/>\nworeczek \u017c\u00f3\u0142ciowy 41 &#8211; zu lin qi (dai mai, shu) &#8211; xie fa  <\/p>\n<p>Rozpuszczanie zastoju Qi w \u017co\u0142\u0105dku i wydalanie ciep\u0142a wilgoci<br \/>\n\u017co\u0142\u0105dek 40 &#8211; feng long (luo) &#8211; xie fa<br \/>\n\u017co\u0142\u0105dek 43 &#8211; xian gu (shu) &#8211; xie fa  <\/p>\n<p>Ciep\u0142o z jelita grubego<br \/>\n\u017co\u0142\u0105dek 25 &#8211; tian shu (mo, jelito grube, ME) &#8211; xie fa<br \/>\n\u017co\u0142\u0105dek 37 &#8211; shang ju xu (xia he xue &#8211; jelito grube, jezioro krwi, chong mai) &#8211; xie fa<br \/>\nsan chiao 6 &#8211; zhi gou (jing) &#8211; xie fa  <\/p>\n<p>Kr\u0105\u017cenie Oswajanie \u015bluzu Odprowadzanie ciep\u0142a<br \/>\nkr\u0105\u017cenie 5 &#8211; jian shi &#8211; gui lu (jing, gui) &#8211; xie fa<br \/>\nkr\u0105\u017cenie 6 &#8211; nei guan (luo, yin wei mai) &#8211; xie fa<br \/>\nkr\u0105\u017cenie 7 &#8211; da ling &#8211; gui xin (shu, yuan, gui) &#8211; xie fa<\/p>\n<p>Stymulacja diurezy<br \/>\nren mai 9 &#8211; shui fen (jelito cienkie) &#8211; xie fa<br \/>\np\u0119cherz 40 &#8211; wei zhong (he, xia he xue &#8211; p\u0119cherz, xi krwi, jing bie ni\/bl) &#8211; xie fa<br \/>\np\u0119cherz 39 &#8211; wei yang (xia he xue &#8211; san chiao) xie fa  <\/p>\n<p>Zharmonizuj w\u0105trob\u0119 i \u015bledzion\u0119<br \/>\nw\u0105troba 13 &#8211; zhang men (mo, ba hui xue) &#8211; xie fa  <\/p>\n<p>Tonizuje \u015bledzion\u0119<br \/>\np\u0119cherz 20 &#8211; pi shu &#8211; bu fa<br \/>\n\u015bledziona 3 &#8211; tai bai (shu, yuan) &#8211; bu fa<\/p>\n<p>Oczy\u015b\u0107 zatory Qi za pomoc\u0105 Si Guan<br \/>\nw\u0105troba 3 &#8211; tai chong (shu, yuan) &#8211; xie fa<br \/>\njelito grube 4 &#8211; he gu (yuan) &#8211; xie fa<\/p>\n<p>Uspok\u00f3j Shen i zapobiegaj z\u0142ogom<br \/>\nsi shen cong &#8211; M-HN-1 (m\u00f3zg, cns) &#8211; xie fa<br \/>\ndu mai 20 &#8211; bai hui &#8211; bai lao (jezioro szpiku kostnego, p\u0119cherz) &#8211; xie fa<br \/>\nyin tang &#8211; M-HN-3 &#8211; xie fa  <\/p>\n<p>Uzupe\u0142nienie Jing i Qi nerki<br \/>\nnerka 7 &#8211; fu liu (jing) &#8211; bu fa<br \/>\nnerka 3 &#8211; tai xi (shu, yuan) &#8211; bu fa<br \/>\np\u0119cherz 23 &#8211; shen shu &#8211; bu fa<\/p>\n","yn_product_verabreichungsart":"Pelety 140szt.","yn_product_dosierung":"<p>3 x 4 do 10 tabletek dziennie, po ka\u017cdym posi\u0142ku, przez 30 dni<\/p>\n","yn_product_combinations":"<p>QUICK BELLY MOVEMENT (zast\u00f3j pokarmu), CALM RELIEF (nadci\u015bnienie), SUGAR BLUES 1 i 2 (cukrzyca), COOL MOON (objawy menopauzy), MOON ESSENCE (niedob\u00f3r estrogenu), MORNING SECRET JOY (nadczynno\u015b\u0107 tarczycy), YIN ROOT, SAN BAO TEA (niedob\u00f3r yin), PEACEFUL NIGHTS (bezsenno\u015b\u0107).<\/p>\n","yn_product_avoidable":"<p>Stres, palenie tytoniu, s\u00f3l, miso, tamari, rafinowane w\u0119glowodany, cukier, makaron, pizza, chleb, sma\u017cone potrawy, wieprzowina, kie\u0142basa, szynka, smalec, margaryna.<\/p>\n","yn_product_tcm_mindmapping":"<p>Stagnacja Qi p\u0119cherzyka \u017c\u00f3\u0142ciowego (stres) > Stagnacja pokarmu > Wilgo\u0107 p\u0119cherzyka \u017c\u00f3\u0142ciowego Stagnacja ciep\u0142a flegmy > Stagnacja Qi i krwi > Wilgo\u0107 \u017co\u0142\u0105dka > Wilgo\u0107 krwi i ciep\u0142o flegmy<\/p>\n","yn_product_tongue_body":"<p>Gruby, sztywny, czerwonawy, opuchni\u0119ty z jednej strony<\/p>\n","yn_product_tongue_coating":"<p>\u017b\u00f3\u0142tawy, t\u0142usty, lepki, smugi<\/p>\n","yn_product_pulse_diagnostics":"<p>Dolna pozycja rozgrzewaj\u0105ca &#8211; poziom krwi: chang mai &#8211; d\u0142uga, xian mai &#8211; napi\u0119ta, hua mai &#8211; szybuj\u0105ca, shi mai &#8211; pe\u0142na, shuo mai &#8211; szybka lub lao mai &#8211; nieruchoma.<\/p>\n","yn_product_indications":"<p>Podwy\u017cszony poziom cholesterolu, kamica \u017c\u00f3\u0142ciowa i b\u00f3l, b\u00f3l przedsercowy, nadci\u015bnienie t\u0119tnicze, zawroty g\u0142owy, boczny b\u00f3l g\u0142owy, nudno\u015bci, wymioty, bolesne oddawanie moczu, niepok\u00f3j, l\u0119k.<\/p>\n","yn_product_contra_indications":"<p>Niedob\u00f3r Yin z pustym ciep\u0142em<\/p>\n","yn_product_pregnancy":"<p>Przeciwwskazane<\/p>\n","yn_product_herbs":"<p>crataegus fructus &#8211; shan zha, salviae radix &#8211; dan shen, cassiae torae semen &#8211; jue ming zi, trichosanthis fructus &#8211; gua lou, trichosanthis semen &#8211; gua lou ren, alismati rhizoma &#8211; ze xie, loranthi ramulus &#8211; sang ji sheng<\/p>\n","yn_product_magisterrecipes":"<p>Dan Dao Pai Shi Tang, Tian Shen Dan, Fu Fang Jiang Zhi Tang, Wen Dan Tang, Huang Lian Wen Dan Tang, Bao He Wan<\/p>\n"},"yoast_head":"<!-- This site is optimized with the Yoast SEO plugin v24.9 - https:\/\/yoast.com\/wordpress\/plugins\/seo\/ -->\n<title>Peaceful General - 140 szt. - Claude Diolosa<\/title>\n<meta name=\"robots\" content=\"index, follow, max-snippet:-1, max-image-preview:large, max-video-preview:-1\" \/>\n<link rel=\"canonical\" href=\"https:\/\/shop.diolosa.com\/pl\/product\/peaceful-general-140-szt\/\" \/>\n<meta property=\"og:locale\" content=\"pl_PL\" \/>\n<meta property=\"og:type\" content=\"article\" \/>\n<meta property=\"og:title\" content=\"Peaceful General - 140 szt. - Claude Diolosa\" \/>\n<meta property=\"og:description\" content=\"PEACEFUL GENERAL jest stosowany w leczeniu zwi\u0119kszonej lepko\u015bci krwi i [...]\" \/>\n<meta property=\"og:url\" content=\"https:\/\/shop.diolosa.com\/pl\/product\/peaceful-general-140-szt\/\" \/>\n<meta property=\"og:site_name\" content=\"Claude Diolosa\" \/>\n<meta property=\"article:publisher\" content=\"https:\/\/facebook.com\/claudediolosa\" \/>\n<meta property=\"article:modified_time\" content=\"2025-05-06T13:55:07+00:00\" \/>\n<meta property=\"og:image\" content=\"https:\/\/shop.diolosa.com\/wp-content\/uploads\/2019\/09\/Presslinge-140.jpg\" \/>\n\t<meta property=\"og:image:width\" content=\"800\" \/>\n\t<meta property=\"og:image:height\" content=\"533\" \/>\n\t<meta property=\"og:image:type\" content=\"image\/jpeg\" \/>\n<meta name=\"twitter:card\" content=\"summary_large_image\" \/>\n<script type=\"application\/ld+json\" class=\"yoast-schema-graph\">{\"@context\":\"https:\/\/schema.org\",\"@graph\":[{\"@type\":\"WebPage\",\"@id\":\"https:\/\/shop.diolosa.com\/pl\/product\/peaceful-general-140-szt\/\",\"url\":\"https:\/\/shop.diolosa.com\/pl\/product\/peaceful-general-140-szt\/\",\"name\":\"Peaceful General - 140 szt. - Claude Diolosa\",\"isPartOf\":{\"@id\":\"https:\/\/shop.diolosa.com\/pl\/#website\"},\"primaryImageOfPage\":{\"@id\":\"https:\/\/shop.diolosa.com\/pl\/product\/peaceful-general-140-szt\/#primaryimage\"},\"image\":{\"@id\":\"https:\/\/shop.diolosa.com\/pl\/product\/peaceful-general-140-szt\/#primaryimage\"},\"thumbnailUrl\":\"https:\/\/shop.diolosa.com\/wp-content\/uploads\/2019\/09\/Presslinge-140.jpg\",\"datePublished\":\"2025-03-10T05:57:04+00:00\",\"dateModified\":\"2025-05-06T13:55:07+00:00\",\"breadcrumb\":{\"@id\":\"https:\/\/shop.diolosa.com\/pl\/product\/peaceful-general-140-szt\/#breadcrumb\"},\"inLanguage\":\"pl-PL\",\"potentialAction\":[{\"@type\":\"ReadAction\",\"target\":[\"https:\/\/shop.diolosa.com\/pl\/product\/peaceful-general-140-szt\/\"]}]},{\"@type\":\"ImageObject\",\"inLanguage\":\"pl-PL\",\"@id\":\"https:\/\/shop.diolosa.com\/pl\/product\/peaceful-general-140-szt\/#primaryimage\",\"url\":\"https:\/\/shop.diolosa.com\/wp-content\/uploads\/2019\/09\/Presslinge-140.jpg\",\"contentUrl\":\"https:\/\/shop.diolosa.com\/wp-content\/uploads\/2019\/09\/Presslinge-140.jpg\",\"width\":800,\"height\":533},{\"@type\":\"BreadcrumbList\",\"@id\":\"https:\/\/shop.diolosa.com\/pl\/product\/peaceful-general-140-szt\/#breadcrumb\",\"itemListElement\":[{\"@type\":\"ListItem\",\"position\":1,\"name\":\"Startseite\",\"item\":\"https:\/\/shop.diolosa.com\/pl\/?page_id=3835710\"},{\"@type\":\"ListItem\",\"position\":2,\"name\":\"Sklep\",\"item\":\"https:\/\/shop.diolosa.com\/pl\/?page_id=3835710\"},{\"@type\":\"ListItem\",\"position\":3,\"name\":\"Peaceful General &#8211; 140 szt.\"}]},{\"@type\":\"WebSite\",\"@id\":\"https:\/\/shop.diolosa.com\/pl\/#website\",\"url\":\"https:\/\/shop.diolosa.com\/pl\/\",\"name\":\"Claude Diolosa\",\"description\":\"\",\"publisher\":{\"@id\":\"https:\/\/shop.diolosa.com\/pl\/#organization\"},\"potentialAction\":[{\"@type\":\"SearchAction\",\"target\":{\"@type\":\"EntryPoint\",\"urlTemplate\":\"https:\/\/shop.diolosa.com\/pl\/?s={search_term_string}\"},\"query-input\":{\"@type\":\"PropertyValueSpecification\",\"valueRequired\":true,\"valueName\":\"search_term_string\"}}],\"inLanguage\":\"pl-PL\"},{\"@type\":\"Organization\",\"@id\":\"https:\/\/shop.diolosa.com\/pl\/#organization\",\"name\":\"Claude Diolosa\",\"url\":\"https:\/\/shop.diolosa.com\/pl\/\",\"logo\":{\"@type\":\"ImageObject\",\"inLanguage\":\"pl-PL\",\"@id\":\"https:\/\/shop.diolosa.com\/pl\/#\/schema\/logo\/image\/\",\"url\":\"https:\/\/shop.diolosa.com\/wp-content\/uploads\/2019\/08\/diolosa-drop-logo-new.png\",\"contentUrl\":\"https:\/\/shop.diolosa.com\/wp-content\/uploads\/2019\/08\/diolosa-drop-logo-new.png\",\"width\":134,\"height\":176,\"caption\":\"Claude Diolosa\"},\"image\":{\"@id\":\"https:\/\/shop.diolosa.com\/pl\/#\/schema\/logo\/image\/\"},\"sameAs\":[\"https:\/\/facebook.com\/claudediolosa\",\"https:\/\/www.instagram.com\/diolosaclaude108\/\"]}]}<\/script>\n<!-- \/ Yoast SEO plugin. -->","yoast_head_json":{"title":"Peaceful General - 140 szt. - Claude Diolosa","robots":{"index":"index","follow":"follow","max-snippet":"max-snippet:-1","max-image-preview":"max-image-preview:large","max-video-preview":"max-video-preview:-1"},"canonical":"https:\/\/shop.diolosa.com\/pl\/product\/peaceful-general-140-szt\/","og_locale":"pl_PL","og_type":"article","og_title":"Peaceful General - 140 szt. - Claude Diolosa","og_description":"PEACEFUL GENERAL jest stosowany w leczeniu zwi\u0119kszonej lepko\u015bci krwi i [...]","og_url":"https:\/\/shop.diolosa.com\/pl\/product\/peaceful-general-140-szt\/","og_site_name":"Claude Diolosa","article_publisher":"https:\/\/facebook.com\/claudediolosa","article_modified_time":"2025-05-06T13:55:07+00:00","og_image":[{"width":800,"height":533,"url":"https:\/\/shop.diolosa.com\/wp-content\/uploads\/2019\/09\/Presslinge-140.jpg","type":"image\/jpeg"}],"twitter_card":"summary_large_image","schema":{"@context":"https:\/\/schema.org","@graph":[{"@type":"WebPage","@id":"https:\/\/shop.diolosa.com\/pl\/product\/peaceful-general-140-szt\/","url":"https:\/\/shop.diolosa.com\/pl\/product\/peaceful-general-140-szt\/","name":"Peaceful General - 140 szt. - Claude Diolosa","isPartOf":{"@id":"https:\/\/shop.diolosa.com\/pl\/#website"},"primaryImageOfPage":{"@id":"https:\/\/shop.diolosa.com\/pl\/product\/peaceful-general-140-szt\/#primaryimage"},"image":{"@id":"https:\/\/shop.diolosa.com\/pl\/product\/peaceful-general-140-szt\/#primaryimage"},"thumbnailUrl":"https:\/\/shop.diolosa.com\/wp-content\/uploads\/2019\/09\/Presslinge-140.jpg","datePublished":"2025-03-10T05:57:04+00:00","dateModified":"2025-05-06T13:55:07+00:00","breadcrumb":{"@id":"https:\/\/shop.diolosa.com\/pl\/product\/peaceful-general-140-szt\/#breadcrumb"},"inLanguage":"pl-PL","potentialAction":[{"@type":"ReadAction","target":["https:\/\/shop.diolosa.com\/pl\/product\/peaceful-general-140-szt\/"]}]},{"@type":"ImageObject","inLanguage":"pl-PL","@id":"https:\/\/shop.diolosa.com\/pl\/product\/peaceful-general-140-szt\/#primaryimage","url":"https:\/\/shop.diolosa.com\/wp-content\/uploads\/2019\/09\/Presslinge-140.jpg","contentUrl":"https:\/\/shop.diolosa.com\/wp-content\/uploads\/2019\/09\/Presslinge-140.jpg","width":800,"height":533},{"@type":"BreadcrumbList","@id":"https:\/\/shop.diolosa.com\/pl\/product\/peaceful-general-140-szt\/#breadcrumb","itemListElement":[{"@type":"ListItem","position":1,"name":"Startseite","item":"https:\/\/shop.diolosa.com\/pl\/?page_id=3835710"},{"@type":"ListItem","position":2,"name":"Sklep","item":"https:\/\/shop.diolosa.com\/pl\/?page_id=3835710"},{"@type":"ListItem","position":3,"name":"Peaceful General &#8211; 140 szt."}]},{"@type":"WebSite","@id":"https:\/\/shop.diolosa.com\/pl\/#website","url":"https:\/\/shop.diolosa.com\/pl\/","name":"Claude Diolosa","description":"","publisher":{"@id":"https:\/\/shop.diolosa.com\/pl\/#organization"},"potentialAction":[{"@type":"SearchAction","target":{"@type":"EntryPoint","urlTemplate":"https:\/\/shop.diolosa.com\/pl\/?s={search_term_string}"},"query-input":{"@type":"PropertyValueSpecification","valueRequired":true,"valueName":"search_term_string"}}],"inLanguage":"pl-PL"},{"@type":"Organization","@id":"https:\/\/shop.diolosa.com\/pl\/#organization","name":"Claude Diolosa","url":"https:\/\/shop.diolosa.com\/pl\/","logo":{"@type":"ImageObject","inLanguage":"pl-PL","@id":"https:\/\/shop.diolosa.com\/pl\/#\/schema\/logo\/image\/","url":"https:\/\/shop.diolosa.com\/wp-content\/uploads\/2019\/08\/diolosa-drop-logo-new.png","contentUrl":"https:\/\/shop.diolosa.com\/wp-content\/uploads\/2019\/08\/diolosa-drop-logo-new.png","width":134,"height":176,"caption":"Claude Diolosa"},"image":{"@id":"https:\/\/shop.diolosa.com\/pl\/#\/schema\/logo\/image\/"},"sameAs":["https:\/\/facebook.com\/claudediolosa","https:\/\/www.instagram.com\/diolosaclaude108\/"]}]}},"_links":{"self":[{"href":"https:\/\/shop.diolosa.com\/pl\/wp-json\/wp\/v2\/product\/3841134","targetHints":{"allow":["GET"]}}],"collection":[{"href":"https:\/\/shop.diolosa.com\/pl\/wp-json\/wp\/v2\/product"}],"about":[{"href":"https:\/\/shop.diolosa.com\/pl\/wp-json\/wp\/v2\/types\/product"}],"wp:featuredmedia":[{"embeddable":true,"href":"https:\/\/shop.diolosa.com\/pl\/wp-json\/wp\/v2\/media\/3835943"}],"wp:attachment":[{"href":"https:\/\/shop.diolosa.com\/pl\/wp-json\/wp\/v2\/media?parent=3841134"}],"wp:term":[{"taxonomy":"product_brand","embeddable":true,"href":"https:\/\/shop.diolosa.com\/pl\/wp-json\/wp\/v2\/product_brand?post=3841134"},{"taxonomy":"product_cat","embeddable":true,"href":"https:\/\/shop.diolosa.com\/pl\/wp-json\/wp\/v2\/product_cat?post=3841134"},{"taxonomy":"product_tag","embeddable":true,"href":"https:\/\/shop.diolosa.com\/pl\/wp-json\/wp\/v2\/product_tag?post=3841134"}],"curies":[{"name":"wp","href":"https:\/\/api.w.org\/{rel}","templated":true}]}}