{"id":3841137,"date":"2019-09-04T12:10:21","date_gmt":"2025-03-10T05:57:06","guid":{"rendered":"https:\/\/shop.diolosa.com\/product\/masc-upiekszajaca-skore\/"},"modified":"2025-05-06T14:54:50","modified_gmt":"2025-05-06T13:54:50","slug":"masc-upiekszajaca-skore","status":"publish","type":"product","link":"https:\/\/shop.diolosa.com\/pl\/product\/masc-upiekszajaca-skore\/","title":{"rendered":"Ma\u015b\u0107 upi\u0119kszaj\u0105ca sk\u00f3r\u0119"},"content":{"rendered":"<p>SKIN BEAUTY BALM jest stosowany zewn\u0119trznie w leczeniu tr\u0105dziku. Preparat ten otwiera naczynia krwiono\u015bne Luo twarzy, eliminuje wilgo\u0107\/\u015bluz, toksyny cieplne (ropnie), zmi\u0119kcza nagromadzenia i stwardnienia (grudki), usuwa krwiaki i rozpuszcza przekrwienie. <\/p>\n<p>&nbsp;<\/p>\n","protected":false},"excerpt":{"rendered":"<p>&nbsp;<\/p>\n<p>&nbsp;<\/p>\n","protected":false},"featured_media":3841139,"template":"","meta":{"_acf_changed":false},"product_brand":[],"product_cat":[11813],"product_tag":[12258],"class_list":{"0":"post-3841137","1":"product","2":"type-product","3":"status-publish","4":"has-post-thumbnail","6":"product_cat-dermatologia","7":"product_tag-zel-na-tradzik","9":"first","10":"instock","11":"taxable","12":"shipping-taxable","13":"purchasable","14":"product-type-simple"},"acf":{"yn_product_audio":"https:\/\/shop.diolosa.com\/wp-content\/uploads\/2018\/12\/DL_0280.mp3","yn_product_video":"https:\/\/shop.diolosa.com\/wp-content\/uploads\/2024\/11\/Skin-Beauty-Sable-1-1.mp4","yn_product_akupunktur":"<p>Miejscowe ig\u0142owanie ognistymi ig\u0142ami<br \/>\nBezpo\u015brednio na pryszcze ropne<\/p>\n<p>Yang Ming Damp-Heat Discharge<br \/>\njelito grube 4 &#8211; he gu (yuan) &#8211; xie fa<br \/>\njelito grube 11 &#8211; qu chi (he &#8211; gui) &#8211; xie fa<br \/>\n\u017co\u0142\u0105dek 36 &#8211; zu san li (shu, xia he xue &#8211; \u017co\u0142\u0105dek, si hai xue, si zhong xue) &#8211; xie fa<br \/>\n\u017co\u0142\u0105dek 37 &#8211; shang ju xu (xia he xue) &#8211; xie fa<br \/>\n\u017co\u0142\u0105dek 39 &#8211; xia ju xu (xia he xue) &#8211; xie fa<br \/>\n\u017co\u0142\u0105dek 40 &#8211; feng long (luo) &#8211; xie fa<\/p>\n<p>Stymulacja pasa\u017cu jelitowego<br \/>\nsan chiao 6 &#8211; zhi gou (jing) > xie fa<br \/>\n\u017co\u0142\u0105dek 25 &#8211; tian shu (mo > jelito grube) &#8211; xie fa<br \/>\n\u017co\u0142\u0105dek 37 &#8211; shang ju xu (xia he xue &#8211; jelito grube, jezioro krwi, chong mai) &#8211; xie fa<\/p>\n<p>Shao Yang Damp Heat Discharge<br \/>\nworeczek \u017c\u00f3\u0142ciowy 34 &#8211; yang ling quan (he, xia he xue, gui) &#8211; xie fa<br \/>\nworeczek \u017c\u00f3\u0142ciowy 41 &#8211; zu lin qi (dai mai, shu) &#8211; xie fa<br \/>\nworeczek \u017c\u00f3\u0142ciowy 40 &#8211; qiu xu (yuan) &#8211; xie fa<\/p>\n<p>Stymulacja diurezy<br \/>\np\u0119cherz 40 &#8211; feng long (he, xia he xue) &#8211; xie fa<br \/>\np\u0119cherz 39 &#8211; wei yang (xia he xue &#8211; san chiao) &#8211; xie fa<br \/>\nren mai 3 &#8211; zhong ji (mo > p\u0119cherz, w\u0105troba, nerki, \u015bledziona) &#8211; xie fa<\/p>\n<p>Ren Mai Mokro\u015b\u0107 Wydzielanie flegmy Ciep\u0142o<br \/>\np\u0142uca 7 &#8211; lie que (luo, ren mai, gao wu, ma da yang) &#8211; xie fa<br \/>\nw\u0105troba 3 &#8211; tai chong (shu, yuan) &#8211; xie fa<br \/>\n\u015bledziona 6 &#8211; san yin jiao (le, ni, mb) &#8211; xie fa<br \/>\n\u015bledziona 10 &#8211; xue hai (jezioro krwi) &#8211; xie fa<br \/>\n\u015bledziona 8 &#8211; di ji (xi) &#8211; xie fa<\/p>\n<p>Shen clarify<br \/>\ndu mai 20 &#8211; bai hui &#8211; bai lao (morze szpiku kostnego, p\u0119cherz) &#8211; xie fa<br \/>\nsi shen cong &#8211; M-HN-1 (m\u00f3zg, cns) &#8211; xie fa<br \/>\nyin tang &#8211; M-HN-3 &#8211; xie fa<br \/>\nstomach 6 &#8211; jia che &#8211; gui chuan (gui) &#8211; xie fa<\/p>\n<p>Ciep\u0142o krwi i wilgotne ciep\u0142o oczyszczaj\u0105<br \/>\nkr\u0105\u017cenie 6 &#8211; nei guan (luo, yin wei mai) &#8211; xie fa<br \/>\nkr\u0105\u017cenie 5 &#8211; jian shi &#8211; gui lu (jing, gui) &#8211; xie fa<br \/>\n\u015bledziona 10 &#8211; xue hai (jezioro krwi) &#8211; xie fa<\/p>\n<p>odprowadzanie flegmy z p\u0142uc<br \/>\np\u0142uco 8 &#8211; jing qu (jing) &#8211; xie fa<br \/>\np\u0142uco 9 &#8211; tai yuan &#8211; gui xin (shu, yuan, ba hui xue, gui) &#8211; xie fa<br \/>\np\u0142uco 5 &#8211; chi ze (he) &#8211; xie fa<\/p>\n","yn_product_verabreichungsart":"Ma\u015b\u0107 30g","yn_product_dosierung":"<p>Stosowa\u0107 3 razy dziennie, przyjmowa\u0107 r\u00f3wnie\u017c tabletki upi\u0119kszaj\u0105ce sk\u00f3r\u0119<\/p>\n","yn_product_combinations":"<p>SKIN BEAUTY TABLETS (tr\u0105dzik), CLEANSING DAYS TABLETS and TEA (kuracja odtruwaj\u0105ca), SUNSET (neurodermit Shao Yang), MORNING HEAVEN&#8217;S BLISS (neurodermit Yang Ming)<\/p>\n","yn_product_avoidable":"<p>Frytki, og\u00f3lnie sma\u017cone potrawy, s\u0142odkie napoje, takie jak Coca Cola, Fanta, cukier, kie\u0142basy, og\u00f3lnie wieprzowina, owoce morza, ryby, czosnek, por, cebula, musztarda, s\u0142odycze, czekolada, produkty mleczne, ketchup.<\/p>\n","yn_product_tcm_mindmapping":"<p>Niedob\u00f3r Qi \u015aledziony i Ogie\u0144 \u017bo\u0142\u0105dka > Tkanki, Sk\u00f3ra, Jing Mai i Luo Wilgotno\u015b\u0107 i Ciep\u0142o Flegmy > szczeg\u00f3lnie w G\u00f3rnym Ogrzewaczu > Sk\u00f3ra Yang Ming i Shao Yang Wilgotno\u015b\u0107 Ciep\u0142o Flegmy Toksyny i Zast\u00f3j Krwi<\/p>\n","yn_product_tongue_body":"<p>Szeroki, gruby, wilgotny i czerwony<\/p>\n","yn_product_tongue_coating":"<p>\u017b\u00f3\u0142tawy, t\u0142usty, szczeg\u00f3lnie w obszarach Yang Ming i Shao Yang<\/p>\n","yn_product_pulse_diagnostics":"<p>Pozycja \u017co\u0142\u0105dka i jelita grubego: hua mai &#8211; szybuj\u0105ca, xian mai &#8211; napi\u0119ta, shi mai &#8211; pe\u0142na, shuo mai &#8211; szybka, a nawet se mai &#8211; szorstka.<\/p>\n","yn_product_indications":"<p>P\u0142acz\u0105ce, ropne i sw\u0119dz\u0105ce dolegliwo\u015bci sk\u00f3rne, szczeg\u00f3lnie w cieplejszej cz\u0119\u015bci cia\u0142a.<\/p>\n","yn_product_contra_indications":"<p>Sucha i \u0142uszcz\u0105ca si\u0119 sk\u00f3ra, niedob\u00f3r Qi i Yang w p\u0142ucach<\/p>\n","yn_product_pregnancy":"<p>Dozwolone<\/p>\n","yn_product_herbs":"<p>smilacis glabrae rhizoma &#8211; tu fu ling, chrysanthemi indici flores (wild) &#8211; ye ju hua, cimicifuga rhizoma &#8211; sheng ma, lonicerae japonicae flos &#8211; jin yin hua, forsythiae suspensae fructus &#8211; lian qiao, schizonepetae tenuifoliae herba seu flos &#8211; jing jie, borneolum (dryobalanops aromitaca) &#8211; bing pian<\/p>\n","yn_product_magisterrecipes":"<p>Huang Lian Shang Qing Gao, Chu Shi Jie Du Tang<\/p>\n"},"yoast_head":"<!-- This site is optimized with the Yoast SEO plugin v24.9 - https:\/\/yoast.com\/wordpress\/plugins\/seo\/ -->\n<title>Ma\u015b\u0107 upi\u0119kszaj\u0105ca sk\u00f3r\u0119 - Claude Diolosa<\/title>\n<meta name=\"robots\" content=\"index, follow, max-snippet:-1, max-image-preview:large, max-video-preview:-1\" \/>\n<link rel=\"canonical\" href=\"https:\/\/shop.diolosa.com\/pl\/product\/masc-upiekszajaca-skore\/\" \/>\n<meta property=\"og:locale\" content=\"pl_PL\" \/>\n<meta property=\"og:type\" content=\"article\" \/>\n<meta property=\"og:title\" content=\"Ma\u015b\u0107 upi\u0119kszaj\u0105ca sk\u00f3r\u0119 - Claude Diolosa\" \/>\n<meta property=\"og:description\" content=\"&nbsp; &nbsp;\" \/>\n<meta property=\"og:url\" content=\"https:\/\/shop.diolosa.com\/pl\/product\/masc-upiekszajaca-skore\/\" \/>\n<meta property=\"og:site_name\" content=\"Claude Diolosa\" \/>\n<meta property=\"article:publisher\" content=\"https:\/\/facebook.com\/claudediolosa\" \/>\n<meta property=\"article:modified_time\" content=\"2025-05-06T13:54:50+00:00\" \/>\n<meta property=\"og:image\" content=\"https:\/\/shop.diolosa.com\/wp-content\/uploads\/2019\/07\/DL_280_Apotheke_IBK_Produkte.jpg\" \/>\n\t<meta property=\"og:image:width\" content=\"800\" \/>\n\t<meta property=\"og:image:height\" content=\"533\" \/>\n\t<meta property=\"og:image:type\" content=\"image\/jpeg\" \/>\n<meta name=\"twitter:card\" content=\"summary_large_image\" \/>\n<script type=\"application\/ld+json\" class=\"yoast-schema-graph\">{\"@context\":\"https:\/\/schema.org\",\"@graph\":[{\"@type\":\"WebPage\",\"@id\":\"https:\/\/shop.diolosa.com\/pl\/product\/masc-upiekszajaca-skore\/\",\"url\":\"https:\/\/shop.diolosa.com\/pl\/product\/masc-upiekszajaca-skore\/\",\"name\":\"Ma\u015b\u0107 upi\u0119kszaj\u0105ca sk\u00f3r\u0119 - Claude Diolosa\",\"isPartOf\":{\"@id\":\"https:\/\/shop.diolosa.com\/pl\/#website\"},\"primaryImageOfPage\":{\"@id\":\"https:\/\/shop.diolosa.com\/pl\/product\/masc-upiekszajaca-skore\/#primaryimage\"},\"image\":{\"@id\":\"https:\/\/shop.diolosa.com\/pl\/product\/masc-upiekszajaca-skore\/#primaryimage\"},\"thumbnailUrl\":\"https:\/\/shop.diolosa.com\/wp-content\/uploads\/2019\/07\/DL_280_Apotheke_IBK_Produkte.jpg\",\"datePublished\":\"2025-03-10T05:57:06+00:00\",\"dateModified\":\"2025-05-06T13:54:50+00:00\",\"breadcrumb\":{\"@id\":\"https:\/\/shop.diolosa.com\/pl\/product\/masc-upiekszajaca-skore\/#breadcrumb\"},\"inLanguage\":\"pl-PL\",\"potentialAction\":[{\"@type\":\"ReadAction\",\"target\":[\"https:\/\/shop.diolosa.com\/pl\/product\/masc-upiekszajaca-skore\/\"]}]},{\"@type\":\"ImageObject\",\"inLanguage\":\"pl-PL\",\"@id\":\"https:\/\/shop.diolosa.com\/pl\/product\/masc-upiekszajaca-skore\/#primaryimage\",\"url\":\"https:\/\/shop.diolosa.com\/wp-content\/uploads\/2019\/07\/DL_280_Apotheke_IBK_Produkte.jpg\",\"contentUrl\":\"https:\/\/shop.diolosa.com\/wp-content\/uploads\/2019\/07\/DL_280_Apotheke_IBK_Produkte.jpg\",\"width\":800,\"height\":533},{\"@type\":\"BreadcrumbList\",\"@id\":\"https:\/\/shop.diolosa.com\/pl\/product\/masc-upiekszajaca-skore\/#breadcrumb\",\"itemListElement\":[{\"@type\":\"ListItem\",\"position\":1,\"name\":\"Startseite\",\"item\":\"https:\/\/shop.diolosa.com\/pl\/?page_id=3835710\"},{\"@type\":\"ListItem\",\"position\":2,\"name\":\"Sklep\",\"item\":\"https:\/\/shop.diolosa.com\/pl\/?page_id=3835710\"},{\"@type\":\"ListItem\",\"position\":3,\"name\":\"Ma\u015b\u0107 upi\u0119kszaj\u0105ca sk\u00f3r\u0119\"}]},{\"@type\":\"WebSite\",\"@id\":\"https:\/\/shop.diolosa.com\/pl\/#website\",\"url\":\"https:\/\/shop.diolosa.com\/pl\/\",\"name\":\"Claude Diolosa\",\"description\":\"\",\"publisher\":{\"@id\":\"https:\/\/shop.diolosa.com\/pl\/#organization\"},\"potentialAction\":[{\"@type\":\"SearchAction\",\"target\":{\"@type\":\"EntryPoint\",\"urlTemplate\":\"https:\/\/shop.diolosa.com\/pl\/?s={search_term_string}\"},\"query-input\":{\"@type\":\"PropertyValueSpecification\",\"valueRequired\":true,\"valueName\":\"search_term_string\"}}],\"inLanguage\":\"pl-PL\"},{\"@type\":\"Organization\",\"@id\":\"https:\/\/shop.diolosa.com\/pl\/#organization\",\"name\":\"Claude Diolosa\",\"url\":\"https:\/\/shop.diolosa.com\/pl\/\",\"logo\":{\"@type\":\"ImageObject\",\"inLanguage\":\"pl-PL\",\"@id\":\"https:\/\/shop.diolosa.com\/pl\/#\/schema\/logo\/image\/\",\"url\":\"https:\/\/shop.diolosa.com\/wp-content\/uploads\/2019\/08\/diolosa-drop-logo-new.png\",\"contentUrl\":\"https:\/\/shop.diolosa.com\/wp-content\/uploads\/2019\/08\/diolosa-drop-logo-new.png\",\"width\":134,\"height\":176,\"caption\":\"Claude Diolosa\"},\"image\":{\"@id\":\"https:\/\/shop.diolosa.com\/pl\/#\/schema\/logo\/image\/\"},\"sameAs\":[\"https:\/\/facebook.com\/claudediolosa\",\"https:\/\/www.instagram.com\/diolosaclaude108\/\"]}]}<\/script>\n<!-- \/ Yoast SEO plugin. -->","yoast_head_json":{"title":"Ma\u015b\u0107 upi\u0119kszaj\u0105ca sk\u00f3r\u0119 - Claude Diolosa","robots":{"index":"index","follow":"follow","max-snippet":"max-snippet:-1","max-image-preview":"max-image-preview:large","max-video-preview":"max-video-preview:-1"},"canonical":"https:\/\/shop.diolosa.com\/pl\/product\/masc-upiekszajaca-skore\/","og_locale":"pl_PL","og_type":"article","og_title":"Ma\u015b\u0107 upi\u0119kszaj\u0105ca sk\u00f3r\u0119 - Claude Diolosa","og_description":"&nbsp; &nbsp;","og_url":"https:\/\/shop.diolosa.com\/pl\/product\/masc-upiekszajaca-skore\/","og_site_name":"Claude Diolosa","article_publisher":"https:\/\/facebook.com\/claudediolosa","article_modified_time":"2025-05-06T13:54:50+00:00","og_image":[{"width":800,"height":533,"url":"https:\/\/shop.diolosa.com\/wp-content\/uploads\/2019\/07\/DL_280_Apotheke_IBK_Produkte.jpg","type":"image\/jpeg"}],"twitter_card":"summary_large_image","schema":{"@context":"https:\/\/schema.org","@graph":[{"@type":"WebPage","@id":"https:\/\/shop.diolosa.com\/pl\/product\/masc-upiekszajaca-skore\/","url":"https:\/\/shop.diolosa.com\/pl\/product\/masc-upiekszajaca-skore\/","name":"Ma\u015b\u0107 upi\u0119kszaj\u0105ca sk\u00f3r\u0119 - Claude Diolosa","isPartOf":{"@id":"https:\/\/shop.diolosa.com\/pl\/#website"},"primaryImageOfPage":{"@id":"https:\/\/shop.diolosa.com\/pl\/product\/masc-upiekszajaca-skore\/#primaryimage"},"image":{"@id":"https:\/\/shop.diolosa.com\/pl\/product\/masc-upiekszajaca-skore\/#primaryimage"},"thumbnailUrl":"https:\/\/shop.diolosa.com\/wp-content\/uploads\/2019\/07\/DL_280_Apotheke_IBK_Produkte.jpg","datePublished":"2025-03-10T05:57:06+00:00","dateModified":"2025-05-06T13:54:50+00:00","breadcrumb":{"@id":"https:\/\/shop.diolosa.com\/pl\/product\/masc-upiekszajaca-skore\/#breadcrumb"},"inLanguage":"pl-PL","potentialAction":[{"@type":"ReadAction","target":["https:\/\/shop.diolosa.com\/pl\/product\/masc-upiekszajaca-skore\/"]}]},{"@type":"ImageObject","inLanguage":"pl-PL","@id":"https:\/\/shop.diolosa.com\/pl\/product\/masc-upiekszajaca-skore\/#primaryimage","url":"https:\/\/shop.diolosa.com\/wp-content\/uploads\/2019\/07\/DL_280_Apotheke_IBK_Produkte.jpg","contentUrl":"https:\/\/shop.diolosa.com\/wp-content\/uploads\/2019\/07\/DL_280_Apotheke_IBK_Produkte.jpg","width":800,"height":533},{"@type":"BreadcrumbList","@id":"https:\/\/shop.diolosa.com\/pl\/product\/masc-upiekszajaca-skore\/#breadcrumb","itemListElement":[{"@type":"ListItem","position":1,"name":"Startseite","item":"https:\/\/shop.diolosa.com\/pl\/?page_id=3835710"},{"@type":"ListItem","position":2,"name":"Sklep","item":"https:\/\/shop.diolosa.com\/pl\/?page_id=3835710"},{"@type":"ListItem","position":3,"name":"Ma\u015b\u0107 upi\u0119kszaj\u0105ca sk\u00f3r\u0119"}]},{"@type":"WebSite","@id":"https:\/\/shop.diolosa.com\/pl\/#website","url":"https:\/\/shop.diolosa.com\/pl\/","name":"Claude Diolosa","description":"","publisher":{"@id":"https:\/\/shop.diolosa.com\/pl\/#organization"},"potentialAction":[{"@type":"SearchAction","target":{"@type":"EntryPoint","urlTemplate":"https:\/\/shop.diolosa.com\/pl\/?s={search_term_string}"},"query-input":{"@type":"PropertyValueSpecification","valueRequired":true,"valueName":"search_term_string"}}],"inLanguage":"pl-PL"},{"@type":"Organization","@id":"https:\/\/shop.diolosa.com\/pl\/#organization","name":"Claude Diolosa","url":"https:\/\/shop.diolosa.com\/pl\/","logo":{"@type":"ImageObject","inLanguage":"pl-PL","@id":"https:\/\/shop.diolosa.com\/pl\/#\/schema\/logo\/image\/","url":"https:\/\/shop.diolosa.com\/wp-content\/uploads\/2019\/08\/diolosa-drop-logo-new.png","contentUrl":"https:\/\/shop.diolosa.com\/wp-content\/uploads\/2019\/08\/diolosa-drop-logo-new.png","width":134,"height":176,"caption":"Claude Diolosa"},"image":{"@id":"https:\/\/shop.diolosa.com\/pl\/#\/schema\/logo\/image\/"},"sameAs":["https:\/\/facebook.com\/claudediolosa","https:\/\/www.instagram.com\/diolosaclaude108\/"]}]}},"_links":{"self":[{"href":"https:\/\/shop.diolosa.com\/pl\/wp-json\/wp\/v2\/product\/3841137","targetHints":{"allow":["GET"]}}],"collection":[{"href":"https:\/\/shop.diolosa.com\/pl\/wp-json\/wp\/v2\/product"}],"about":[{"href":"https:\/\/shop.diolosa.com\/pl\/wp-json\/wp\/v2\/types\/product"}],"wp:featuredmedia":[{"embeddable":true,"href":"https:\/\/shop.diolosa.com\/pl\/wp-json\/wp\/v2\/media\/3841139"}],"wp:attachment":[{"href":"https:\/\/shop.diolosa.com\/pl\/wp-json\/wp\/v2\/media?parent=3841137"}],"wp:term":[{"taxonomy":"product_brand","embeddable":true,"href":"https:\/\/shop.diolosa.com\/pl\/wp-json\/wp\/v2\/product_brand?post=3841137"},{"taxonomy":"product_cat","embeddable":true,"href":"https:\/\/shop.diolosa.com\/pl\/wp-json\/wp\/v2\/product_cat?post=3841137"},{"taxonomy":"product_tag","embeddable":true,"href":"https:\/\/shop.diolosa.com\/pl\/wp-json\/wp\/v2\/product_tag?post=3841137"}],"curies":[{"name":"wp","href":"https:\/\/api.w.org\/{rel}","templated":true}]}}