{"id":3841141,"date":"2019-09-04T12:10:38","date_gmt":"2025-03-10T05:57:07","guid":{"rendered":"https:\/\/shop.diolosa.com\/product\/ulga-w-wypaleniu-zawodowym\/"},"modified":"2025-05-14T14:24:41","modified_gmt":"2025-05-14T13:24:41","slug":"ulga-w-wypaleniu-zawodowym","status":"publish","type":"product","link":"https:\/\/shop.diolosa.com\/pl\/product\/ulga-w-wypaleniu-zawodowym\/","title":{"rendered":"Ulga w wypaleniu zawodowym"},"content":{"rendered":"<p>BURNOUT RELIEF jest stosowany w przypadku op\u00f3\u017anionych efekt\u00f3w YI Plus ze stagnacj\u0105 Qi (stres), gor\u0105cem i wyczerpaniem Yin. Preparat ten harmonizuje kr\u0105\u017cenie Qi w organizmie, oczyszcza umys\u0142, otwiera kana\u0142y serca, dzia\u0142a uspokajaj\u0105co i uzupe\u0142nia esencj\u0119 nerek (Jing) oraz wzmacnia Qi. Jest to niezb\u0119dny preparat dla os\u00f3b, kt\u00f3re utraci\u0142y r\u00f3wnowag\u0119 fizyczn\u0105 i psychiczn\u0105.<\/p>\n","protected":false},"excerpt":{"rendered":"<p>BURNOUT RELIEF jest stosowany w przypadku op\u00f3\u017anionych efekt\u00f3w YI Plus  [&#8230;]<\/p>\n","protected":false},"featured_media":3835943,"template":"","meta":{"_acf_changed":false},"product_brand":[],"product_cat":[11916],"product_tag":[12260],"class_list":{"0":"post-3841141","1":"product","2":"type-product","3":"status-publish","4":"has-post-thumbnail","6":"product_cat-psychiatria","7":"product_tag-zespol-wypalenia-zawodowego","9":"first","10":"instock","11":"taxable","12":"shipping-taxable","13":"purchasable","14":"product-type-simple"},"acf":{"yn_product_audio":"https:\/\/shop.diolosa.com\/wp-content\/uploads\/2018\/12\/DL_0265.mp3","yn_product_video":"https:\/\/shop.diolosa.com\/wp-content\/uploads\/2019\/09\/Burn-Out-Relief-.mp4","yn_product_akupunktur":"<p>Shen uspok\u00f3j si\u0119 &#8211; punkty GUI<br \/>\nsi shen cong &#8211; M-HN-1 (m\u00f3zg, cns) &#8211; xie fa<br \/>\nyin tang &#8211; M-HN-3 &#8211; xie fa<br \/>\ndu mai 20 &#8211; bai hui &#8211; bai lao (jezioro szpiku kostnego, p\u0119cherz) &#8211; xie fa<br \/>\ndu mai 24 &#8211; shen ting (p\u0119cherz, \u017co\u0142\u0105dek, gui) &#8211; xie fa<br \/>\n\u017co\u0142\u0105dek 6 &#8211; jia che &#8211; gui chuan (gui) &#8211; xie fa<br \/>\nkr\u0105\u017cenie 6 &#8211; nei guan (luo, yin wei mai) &#8211; xie fa<\/p>\n<p>Otwarcie kana\u0142\u00f3w serca &#8211; promowanie jasno\u015bci umys\u0142u<br \/>\nkr\u0105\u017cenie 5 &#8211; jian shi &#8211; gui lu (jing, gui) &#8211; xie fa<br \/>\nkr\u0105\u017cenie 6 &#8211; nei guan (luo, yin wei mai) &#8211; xie fa<br \/>\nserce 5 &#8211; tong li (luo) &#8211; xie fa<br \/>\nren mai 14 &#8211; ju que (mo>heart) &#8211; xie fa  <\/p>\n<p>Rozpu\u015bci\u0107 przekrwienie qi p\u0119cherzyka \u017c\u00f3\u0142ciowego &#8211; zmniejszy\u0107 stres<br \/>\np\u0119cherzyk \u017c\u00f3\u0142ciowy 34 &#8211; yang ling quan (he, xia he xue, gui) &#8211; xie fa<br \/>\nworeczek \u017c\u00f3\u0142ciowy 43 &#8211; xia xi (ying) &#8211; xie fa<br \/>\nworeczek \u017c\u00f3\u0142ciowy 40 &#8211; qiu xu (yuan) &#8211; xie fa<br \/>\nworeczek \u017c\u00f3\u0142ciowy 41 &#8211; zu lin qi (dai mai, shu) &#8211; xie fa<br \/>\nworeczek \u017c\u00f3\u0142ciowy 37 &#8211; guang ming (luo) &#8211; xie fa  <\/p>\n<p>Rozpu\u015bci\u0107 przekrwienie Qi \u017co\u0142\u0105dka &#8211; uspokoi\u0107 YI<br \/>\n\u017co\u0142\u0105dek 43 &#8211; xian gu (shu) &#8211; xie fa<br \/>\n\u017co\u0142\u0105dek 44 &#8211; nei ting (ying) &#8211; xie fa<br \/>\n\u017co\u0142\u0105dek 36 &#8211; to san li (shu, xia he xue &#8211; \u017co\u0142\u0105dek, si hai xue, si zhong xue) &#8211; xie fa<br \/>\nren mai 12 &#8211; zhong wan (mo> \u017co\u0142\u0105dek\u017co\u0142\u0105dek, ba hui xue, jelito cienkie, san chiao, \u017co\u0142\u0105dek) &#8211; xie fa<br \/>\nw\u0105troba 13 &#8211; zhang men (mo > \u015bledziona, ba hui xue, w\u0105troba i woreczek \u017c\u00f3\u0142ciowy) &#8211; xie fa  <\/p>\n<p>Jelito grube Uwolnienie zastoju Qi &#8211; Stymulacja pasa\u017cu jelitowego<br \/>\n\u017co\u0142\u0105dek 25 &#8211; tian shu (mo &#8211; jelito grube) &#8211; xie fa<br \/>\n\u017co\u0142\u0105dek 37 &#8211; shang ju xu (xia he xue &#8211; jelito grube, jezioro krwi, chong mai) &#8211; xie fa<br \/>\njelito grube 4 &#8211; he gu (yuan) &#8211; xie fa  <\/p>\n<p>Uzupe\u0142nij yin<br \/>\nnerka 3 &#8211; tai xi (shu,yuan) &#8211; bu fa<br \/>\nnerka 6 &#8211; zhao hai (yin qiao mai) &#8211; bu fa<br \/>\n\u015bledziona 6 &#8211; san yin jiao (le,ni,mb) &#8211; bu fa<br \/>\np\u0119cherz 23 &#8211; shen shu &#8211; bu fa<br \/>\np\u0119cherz 43 &#8211; gao huang shu (qi,xue,jinye,yin,yang) &#8211; bu fa  <\/p>\n<p>PO zapi\u0119cie<br \/>\np\u0119cherz 42 &#8211; po hu (po) &#8211; bu fa<br \/>\np\u0142uca 5 &#8211; chi ze (he) &#8211; bu fa<br \/>\np\u0119cherz 13 &#8211; fei shu &#8211; bu fa<br \/>\np\u0142uca 8 &#8211; jing qu (jing) &#8211; bu fa<\/p>\n","yn_product_verabreichungsart":"Pelety 140szt.","yn_product_dosierung":"<p>Przyjmowa\u0107 3 x 6 do 10 tabletek dziennie, zawsze przed posi\u0142kami.<\/p>\n","yn_product_combinations":"<p>NO WORRY (stres), SIX FLOWERS (zast\u00f3j Qi i krwi), HAPPY DAYS (depresja), PEACEFUL NIGHT, DEEP SLEEP FORTE, GOOD DREAMS TEA (bezsenno\u015b\u0107, nocne poty), YIN ROOT, SAN BAO TEA (niedob\u00f3r Yin, wychudzenie), CALM RELIEF (nadci\u015bnienie), INTELLIGENT LODGE (Yi Plus, obsesyjne my\u015blenie), ANIMAL SOUL DOOR (YIN GUI &#8211; koszmary), SPIRITUAL SOUL GATE (Yang GUI &#8211; sny).<\/p>\n","yn_product_avoidable":"<p>Kawa, czarna i zielona herbata, alkohol, palenie tytoniu, narkotyki, s\u0142odycze<\/p>\n","yn_product_tcm_mindmapping":"<p>Przekrwienie Qi p\u0119cherzyka \u017c\u00f3\u0142ciowego (presja czasu, perfekcjonizm, ambicja, syndrom pomocnika) > Obfito\u015b\u0107 Yang p\u0119cherzyka \u017c\u00f3\u0142ciowego > Ogie\u0144 p\u0119cherzyka \u017c\u00f3\u0142ciowego > Drewno atakuje Ziemi\u0119 > \u017bo\u0142\u0105dek (Yi Plus &#8211; obsesyjne my\u015blenie) > Niedob\u00f3r Yin i Qi \u017co\u0142\u0105dka > Serce i nerki (Shao Yin) Przekrwienie Qi \u017co\u0142\u0105dka, obfito\u015b\u0107 Yang i ogie\u0144 > Serce i nerki (Shao Yin) Niedob\u00f3r Yin i Qi > Puste ciep\u0142o > Ciep\u0142o krwi > Wiatr; Obfito\u015b\u0107 Shao Yang i Yang Ming > Pustka Shao Yin<\/p>\n","yn_product_tongue_body":"<p>Kr\u00f3tki, s\u0142aby, w\u0105ski, cienki, czerwony i pop\u0119kany w \u015brodku, dr\u017c\u0105cy, bardzo czerwony czubek j\u0119zyka, wykrzywiony korpus j\u0119zyka.<\/p>\n","yn_product_tongue_coating":"<p>Rzadkie, \u017c\u00f3\u0142tawe i suche<\/p>\n","yn_product_pulse_diagnostics":"<p>fu mai &#8211; powierzchowny, xi mai &#8211; cienki, xu mai &#8211; pusty, shuo mai &#8211; szybki, duan mai &#8211; kr\u00f3tki lub chen mai &#8211; g\u0142\u0119boki, ruo mai &#8211; s\u0142aby<\/p>\n","yn_product_indications":"<p>Presja czasu, stres, wewn\u0119trzny niepok\u00f3j, brak motywacji, depresja, apatia, z\u0142e samopoczucie, dra\u017cliwo\u015b\u0107, poczucie pora\u017cki, bezsensu, obawa, \u017ce nie b\u0119dzie si\u0119 ju\u017c w stanie sprosta\u0107 wymaganiom, brak zainteresowania prac\u0105 lub obszarem odpowiedzialno\u015bci, ci\u0105g\u0142e zm\u0119czenie, znu\u017cenie, brak energii i wyczerpanie, zaburzenia snu (trudno\u015bci z zasypianiem, utrzymaniem snu), trudno\u015bci z zasypianiem, problemy z pami\u0119ci\u0105 i koncentracj\u0105, rozpacz, a nawet bezradno\u015b\u0107, b\u00f3le g\u0142owy i plec\u00f3w, dolegliwo\u015bci \u017co\u0142\u0105dkowo-jelitowe, zawroty g\u0142owy, nag\u0142a utrata s\u0142uchu, szum w uszach, nocne poty, ataki migreny, uczucie napi\u0119cia w dolnej cz\u0119\u015bci brzucha, b\u00f3l w klatce piersiowej i boku, b\u00f3l brzucha<\/p>\n","yn_product_contra_indications":"<p>Niedob\u00f3r yang nerek i \u015bledziony, p\u0119cherz moczowy, p\u0119cherzyk \u017c\u00f3\u0142ciowy, wilgotno\u015b\u0107 \u017co\u0142\u0105dka i jelita grubego oraz ch\u0142\u00f3d flegmy<\/p>\n","yn_product_pregnancy":"<p>Dozwolone<\/p>\n","yn_product_herbs":"<p>pseudostellariae radix &#8211; tai zhi shen, opiophogonis radix &#8211; mai men dong, dioscorea rhizoma &#8211; shan yao, lycii fructus &#8211; gou qi zi, ligustri fructus &#8211; niu zhen zi, polygoni multiflori radix &#8211; he sho wu, ziziphy semen &#8211; suan zao ren<\/p>\n","yn_product_magisterrecipes":"<p>Gui Pi Tang, Tian Wang Bu Xin Tang, Suan Zao Ren Tang, Si Ni San, Xiao Yao San, Dan Zhi Xiao Yao San, Yi Qi Yang Yin Huo Xue Fang, Bu Yuan Yi Yin Tang, An Shen Bu Nao Pian, An Shen Ding Zhi Wan<\/p>\n"},"yoast_head":"<!-- This site is optimized with the Yoast SEO plugin v24.9 - https:\/\/yoast.com\/wordpress\/plugins\/seo\/ -->\n<title>Ulga w wypaleniu zawodowym - Claude Diolosa<\/title>\n<meta name=\"robots\" content=\"index, follow, max-snippet:-1, max-image-preview:large, max-video-preview:-1\" \/>\n<link rel=\"canonical\" href=\"https:\/\/shop.diolosa.com\/pl\/product\/ulga-w-wypaleniu-zawodowym\/\" \/>\n<meta property=\"og:locale\" content=\"pl_PL\" \/>\n<meta property=\"og:type\" content=\"article\" \/>\n<meta property=\"og:title\" content=\"Ulga w wypaleniu zawodowym - Claude Diolosa\" \/>\n<meta property=\"og:description\" content=\"BURNOUT RELIEF jest stosowany w przypadku op\u00f3\u017anionych efekt\u00f3w YI Plus [...]\" \/>\n<meta property=\"og:url\" content=\"https:\/\/shop.diolosa.com\/pl\/product\/ulga-w-wypaleniu-zawodowym\/\" \/>\n<meta property=\"og:site_name\" content=\"Claude Diolosa\" \/>\n<meta property=\"article:publisher\" content=\"https:\/\/facebook.com\/claudediolosa\" \/>\n<meta property=\"article:modified_time\" content=\"2025-05-14T13:24:41+00:00\" \/>\n<meta property=\"og:image\" content=\"https:\/\/shop.diolosa.com\/wp-content\/uploads\/2019\/09\/Presslinge-140.jpg\" \/>\n\t<meta property=\"og:image:width\" content=\"800\" \/>\n\t<meta property=\"og:image:height\" content=\"533\" \/>\n\t<meta property=\"og:image:type\" content=\"image\/jpeg\" \/>\n<meta name=\"twitter:card\" content=\"summary_large_image\" \/>\n<script type=\"application\/ld+json\" class=\"yoast-schema-graph\">{\"@context\":\"https:\/\/schema.org\",\"@graph\":[{\"@type\":\"WebPage\",\"@id\":\"https:\/\/shop.diolosa.com\/pl\/product\/ulga-w-wypaleniu-zawodowym\/\",\"url\":\"https:\/\/shop.diolosa.com\/pl\/product\/ulga-w-wypaleniu-zawodowym\/\",\"name\":\"Ulga w wypaleniu zawodowym - Claude Diolosa\",\"isPartOf\":{\"@id\":\"https:\/\/shop.diolosa.com\/pl\/#website\"},\"primaryImageOfPage\":{\"@id\":\"https:\/\/shop.diolosa.com\/pl\/product\/ulga-w-wypaleniu-zawodowym\/#primaryimage\"},\"image\":{\"@id\":\"https:\/\/shop.diolosa.com\/pl\/product\/ulga-w-wypaleniu-zawodowym\/#primaryimage\"},\"thumbnailUrl\":\"https:\/\/shop.diolosa.com\/wp-content\/uploads\/2019\/09\/Presslinge-140.jpg\",\"datePublished\":\"2025-03-10T05:57:07+00:00\",\"dateModified\":\"2025-05-14T13:24:41+00:00\",\"breadcrumb\":{\"@id\":\"https:\/\/shop.diolosa.com\/pl\/product\/ulga-w-wypaleniu-zawodowym\/#breadcrumb\"},\"inLanguage\":\"pl-PL\",\"potentialAction\":[{\"@type\":\"ReadAction\",\"target\":[\"https:\/\/shop.diolosa.com\/pl\/product\/ulga-w-wypaleniu-zawodowym\/\"]}]},{\"@type\":\"ImageObject\",\"inLanguage\":\"pl-PL\",\"@id\":\"https:\/\/shop.diolosa.com\/pl\/product\/ulga-w-wypaleniu-zawodowym\/#primaryimage\",\"url\":\"https:\/\/shop.diolosa.com\/wp-content\/uploads\/2019\/09\/Presslinge-140.jpg\",\"contentUrl\":\"https:\/\/shop.diolosa.com\/wp-content\/uploads\/2019\/09\/Presslinge-140.jpg\",\"width\":800,\"height\":533},{\"@type\":\"BreadcrumbList\",\"@id\":\"https:\/\/shop.diolosa.com\/pl\/product\/ulga-w-wypaleniu-zawodowym\/#breadcrumb\",\"itemListElement\":[{\"@type\":\"ListItem\",\"position\":1,\"name\":\"Startseite\",\"item\":\"https:\/\/shop.diolosa.com\/pl\/?page_id=3835710\"},{\"@type\":\"ListItem\",\"position\":2,\"name\":\"Sklep\",\"item\":\"https:\/\/shop.diolosa.com\/pl\/?page_id=3835710\"},{\"@type\":\"ListItem\",\"position\":3,\"name\":\"Ulga w wypaleniu zawodowym\"}]},{\"@type\":\"WebSite\",\"@id\":\"https:\/\/shop.diolosa.com\/pl\/#website\",\"url\":\"https:\/\/shop.diolosa.com\/pl\/\",\"name\":\"Claude Diolosa\",\"description\":\"\",\"publisher\":{\"@id\":\"https:\/\/shop.diolosa.com\/pl\/#organization\"},\"potentialAction\":[{\"@type\":\"SearchAction\",\"target\":{\"@type\":\"EntryPoint\",\"urlTemplate\":\"https:\/\/shop.diolosa.com\/pl\/?s={search_term_string}\"},\"query-input\":{\"@type\":\"PropertyValueSpecification\",\"valueRequired\":true,\"valueName\":\"search_term_string\"}}],\"inLanguage\":\"pl-PL\"},{\"@type\":\"Organization\",\"@id\":\"https:\/\/shop.diolosa.com\/pl\/#organization\",\"name\":\"Claude Diolosa\",\"url\":\"https:\/\/shop.diolosa.com\/pl\/\",\"logo\":{\"@type\":\"ImageObject\",\"inLanguage\":\"pl-PL\",\"@id\":\"https:\/\/shop.diolosa.com\/pl\/#\/schema\/logo\/image\/\",\"url\":\"https:\/\/shop.diolosa.com\/wp-content\/uploads\/2019\/08\/diolosa-drop-logo-new.png\",\"contentUrl\":\"https:\/\/shop.diolosa.com\/wp-content\/uploads\/2019\/08\/diolosa-drop-logo-new.png\",\"width\":134,\"height\":176,\"caption\":\"Claude Diolosa\"},\"image\":{\"@id\":\"https:\/\/shop.diolosa.com\/pl\/#\/schema\/logo\/image\/\"},\"sameAs\":[\"https:\/\/facebook.com\/claudediolosa\",\"https:\/\/www.instagram.com\/diolosaclaude108\/\"]}]}<\/script>\n<!-- \/ Yoast SEO plugin. -->","yoast_head_json":{"title":"Ulga w wypaleniu zawodowym - Claude Diolosa","robots":{"index":"index","follow":"follow","max-snippet":"max-snippet:-1","max-image-preview":"max-image-preview:large","max-video-preview":"max-video-preview:-1"},"canonical":"https:\/\/shop.diolosa.com\/pl\/product\/ulga-w-wypaleniu-zawodowym\/","og_locale":"pl_PL","og_type":"article","og_title":"Ulga w wypaleniu zawodowym - Claude Diolosa","og_description":"BURNOUT RELIEF jest stosowany w przypadku op\u00f3\u017anionych efekt\u00f3w YI Plus [...]","og_url":"https:\/\/shop.diolosa.com\/pl\/product\/ulga-w-wypaleniu-zawodowym\/","og_site_name":"Claude Diolosa","article_publisher":"https:\/\/facebook.com\/claudediolosa","article_modified_time":"2025-05-14T13:24:41+00:00","og_image":[{"width":800,"height":533,"url":"https:\/\/shop.diolosa.com\/wp-content\/uploads\/2019\/09\/Presslinge-140.jpg","type":"image\/jpeg"}],"twitter_card":"summary_large_image","schema":{"@context":"https:\/\/schema.org","@graph":[{"@type":"WebPage","@id":"https:\/\/shop.diolosa.com\/pl\/product\/ulga-w-wypaleniu-zawodowym\/","url":"https:\/\/shop.diolosa.com\/pl\/product\/ulga-w-wypaleniu-zawodowym\/","name":"Ulga w wypaleniu zawodowym - Claude Diolosa","isPartOf":{"@id":"https:\/\/shop.diolosa.com\/pl\/#website"},"primaryImageOfPage":{"@id":"https:\/\/shop.diolosa.com\/pl\/product\/ulga-w-wypaleniu-zawodowym\/#primaryimage"},"image":{"@id":"https:\/\/shop.diolosa.com\/pl\/product\/ulga-w-wypaleniu-zawodowym\/#primaryimage"},"thumbnailUrl":"https:\/\/shop.diolosa.com\/wp-content\/uploads\/2019\/09\/Presslinge-140.jpg","datePublished":"2025-03-10T05:57:07+00:00","dateModified":"2025-05-14T13:24:41+00:00","breadcrumb":{"@id":"https:\/\/shop.diolosa.com\/pl\/product\/ulga-w-wypaleniu-zawodowym\/#breadcrumb"},"inLanguage":"pl-PL","potentialAction":[{"@type":"ReadAction","target":["https:\/\/shop.diolosa.com\/pl\/product\/ulga-w-wypaleniu-zawodowym\/"]}]},{"@type":"ImageObject","inLanguage":"pl-PL","@id":"https:\/\/shop.diolosa.com\/pl\/product\/ulga-w-wypaleniu-zawodowym\/#primaryimage","url":"https:\/\/shop.diolosa.com\/wp-content\/uploads\/2019\/09\/Presslinge-140.jpg","contentUrl":"https:\/\/shop.diolosa.com\/wp-content\/uploads\/2019\/09\/Presslinge-140.jpg","width":800,"height":533},{"@type":"BreadcrumbList","@id":"https:\/\/shop.diolosa.com\/pl\/product\/ulga-w-wypaleniu-zawodowym\/#breadcrumb","itemListElement":[{"@type":"ListItem","position":1,"name":"Startseite","item":"https:\/\/shop.diolosa.com\/pl\/?page_id=3835710"},{"@type":"ListItem","position":2,"name":"Sklep","item":"https:\/\/shop.diolosa.com\/pl\/?page_id=3835710"},{"@type":"ListItem","position":3,"name":"Ulga w wypaleniu zawodowym"}]},{"@type":"WebSite","@id":"https:\/\/shop.diolosa.com\/pl\/#website","url":"https:\/\/shop.diolosa.com\/pl\/","name":"Claude Diolosa","description":"","publisher":{"@id":"https:\/\/shop.diolosa.com\/pl\/#organization"},"potentialAction":[{"@type":"SearchAction","target":{"@type":"EntryPoint","urlTemplate":"https:\/\/shop.diolosa.com\/pl\/?s={search_term_string}"},"query-input":{"@type":"PropertyValueSpecification","valueRequired":true,"valueName":"search_term_string"}}],"inLanguage":"pl-PL"},{"@type":"Organization","@id":"https:\/\/shop.diolosa.com\/pl\/#organization","name":"Claude Diolosa","url":"https:\/\/shop.diolosa.com\/pl\/","logo":{"@type":"ImageObject","inLanguage":"pl-PL","@id":"https:\/\/shop.diolosa.com\/pl\/#\/schema\/logo\/image\/","url":"https:\/\/shop.diolosa.com\/wp-content\/uploads\/2019\/08\/diolosa-drop-logo-new.png","contentUrl":"https:\/\/shop.diolosa.com\/wp-content\/uploads\/2019\/08\/diolosa-drop-logo-new.png","width":134,"height":176,"caption":"Claude Diolosa"},"image":{"@id":"https:\/\/shop.diolosa.com\/pl\/#\/schema\/logo\/image\/"},"sameAs":["https:\/\/facebook.com\/claudediolosa","https:\/\/www.instagram.com\/diolosaclaude108\/"]}]}},"_links":{"self":[{"href":"https:\/\/shop.diolosa.com\/pl\/wp-json\/wp\/v2\/product\/3841141","targetHints":{"allow":["GET"]}}],"collection":[{"href":"https:\/\/shop.diolosa.com\/pl\/wp-json\/wp\/v2\/product"}],"about":[{"href":"https:\/\/shop.diolosa.com\/pl\/wp-json\/wp\/v2\/types\/product"}],"wp:featuredmedia":[{"embeddable":true,"href":"https:\/\/shop.diolosa.com\/pl\/wp-json\/wp\/v2\/media\/3835943"}],"wp:attachment":[{"href":"https:\/\/shop.diolosa.com\/pl\/wp-json\/wp\/v2\/media?parent=3841141"}],"wp:term":[{"taxonomy":"product_brand","embeddable":true,"href":"https:\/\/shop.diolosa.com\/pl\/wp-json\/wp\/v2\/product_brand?post=3841141"},{"taxonomy":"product_cat","embeddable":true,"href":"https:\/\/shop.diolosa.com\/pl\/wp-json\/wp\/v2\/product_cat?post=3841141"},{"taxonomy":"product_tag","embeddable":true,"href":"https:\/\/shop.diolosa.com\/pl\/wp-json\/wp\/v2\/product_tag?post=3841141"}],"curies":[{"name":"wp","href":"https:\/\/api.w.org\/{rel}","templated":true}]}}