{"id":3841146,"date":"2019-09-04T12:16:41","date_gmt":"2025-03-10T05:57:09","guid":{"rendered":"https:\/\/shop.diolosa.com\/product\/przyjazn\/"},"modified":"2025-04-24T20:22:56","modified_gmt":"2025-04-24T19:22:56","slug":"przyjazn","status":"publish","type":"product","link":"https:\/\/shop.diolosa.com\/pl\/product\/przyjazn\/","title":{"rendered":"Przyja\u017a\u0144"},"content":{"rendered":"<p>FRIENDSHIP jest stosowany w leczeniu celiakii. To nieprawid\u0142owe funkcjonowanie jelita cienkiego mo\u017ce nast\u0119pnie prowadzi\u0107 do wyczerpania yin i wywo\u0142a\u0107 wiele innych chor\u00f3b. Preparat ten tonizuje Qi \u015bledziony, przekszta\u0142ca wilgo\u0107, usuwa ciep\u0142o i toksyny, zapobiega zastojowi Qi i krwi, stymuluje wch\u0142anianie pokarmu oraz od\u017cywia krew i Yin, nie powoduj\u0105c zastoju ani wilgoci. FRIENDSHIP nie zawiera zi\u00f3\u0142 zawieraj\u0105cych gluten ani laktozy.<\/p>\n","protected":false},"excerpt":{"rendered":"<p>FRIENDSHIP jest stosowany w leczeniu celiakii. To nieprawid\u0142owe funkcjonowanie jelita  [&#8230;]<\/p>\n","protected":false},"featured_media":3835943,"template":"","meta":{"_acf_changed":false},"product_brand":[],"product_cat":[11867],"product_tag":[12265],"class_list":{"0":"post-3841146","1":"product","2":"type-product","3":"status-publish","4":"has-post-thumbnail","6":"product_cat-gastroenterologia","7":"product_tag-celiakia","9":"first","10":"instock","11":"taxable","12":"shipping-taxable","13":"purchasable","14":"product-type-simple"},"acf":{"yn_product_audio":"https:\/\/shop.diolosa.com\/wp-content\/uploads\/2018\/12\/DL_0830.mp3","yn_product_video":"https:\/\/shop.diolosa.com\/wp-content\/uploads\/2024\/10\/Frienship.mp4","yn_product_akupunktur":"<p>Ostre<br \/>\nw\u0105troba 13 &#8211; zhang men (mo spleen, ba hui xue, w\u0105troba i woreczek \u017c\u00f3\u0142ciowy) &#8211; xie fa<br \/>\n\u015bledziona 3 &#8211; tai bai (yuan) &#8211; bu fa<br \/>\n\u015bledziona 2 &#8211; da du (ying) &#8211; bu fa<br \/>\n\u017co\u0142\u0105dek 40 &#8211; feng long (luo) &#8211; xie fa<br \/>\n\u017co\u0142\u0105dek 25 &#8211; tian shu (mo &#8211; jelito grube) &#8211; xie fa<br \/>\n\u017co\u0142\u0105dek 39 &#8211; xia ju xu (xia he xue &#8211; jelito cienkie, jezioro krwi, chong mai) &#8211; xie fa<br \/>\np\u0119cherz 20 &#8211; pi shu &#8211; bu fa &#8211; moxa  <\/p>\n<p>Przewlek\u0142e<br \/>\np\u0119cherz 20 &#8211; pi shu &#8211; bu fa<br \/>\np\u0119cherz 17 &#8211; ge shu (krew) &#8211; bu fa<br \/>\nnerka 3 &#8211; tai xi (shu,yuan) &#8211; bu fa<br \/>\n\u015bledziona 6 &#8211; san yin jiao (le,ni,mb) &#8211; bu fa<br \/>\n\u017co\u0142\u0105dek 36 &#8211; zu san li (shu, xia he xue &#8211; \u017co\u0142\u0105dek, si hai xue, si zhong xue) &#8211; bu fa<br \/>\nworeczek \u017c\u00f3\u0142ciowy 39 &#8211; xuan zhong &#8211; jue gu (szpik) &#8211; bu fa<br \/>\np\u0119cherz moczowy 43 &#8211; gao huang shu (qi,xue,jinye,yin,yang) &#8211; bu fa<br \/>\nw\u0105troba 13 &#8211; zhang men (mo \u015bledziona, ba hui xue, w\u0105troba i woreczek \u017c\u00f3\u0142ciowy) &#8211; bu fa<\/p>\n","yn_product_verabreichungsart":"Pelety 140szt.","yn_product_dosierung":"<p>3 x 4 do 9 granulek dziennie, zawsze przed posi\u0142kami.<br \/>\nDzieci od 1 do 3 lat: 1 do 3 granulek, od 3 do 6 lat: 3 do 6 granulek i od 6 do 9 lat: 6 do 9 granulek.<\/p>\n","yn_product_combinations":"<p>SZYBKIE RUCHY BRZUCHA (zast\u00f3j pokarmu), KROPLE \u017bELAZA (anemia)<\/p>\n","yn_product_avoidable":"<p>Pszenica, wszystkie pokarmy zawieraj\u0105ce gluten<\/p>\n","yn_product_tcm_mindmapping":"<p>Niedob\u00f3r Qi \u015bledziony > Wilgotno\u015b\u0107 jelita cienkiego > Ciep\u0142o > Toksyny > Zast\u00f3j Qi i krwi<\/p>\n","yn_product_tongue_body":"<p>\u015alady z\u0119b\u00f3w, blade brzegi, kr\u00f3tkie, p\u0119kni\u0119te<\/p>\n","yn_product_tongue_coating":"<p>Cienki, bia\u0142y, \u017c\u00f3\u0142tawy<\/p>\n","yn_product_pulse_diagnostics":"<p>Pozycja jelita cienkiego: huan mai &#8211; spokojna lub da mai &#8211; szeroka, xian mai &#8211; napi\u0119ta, se mai &#8211; szorstka, hua mai &#8211; \u015blizgowa (wt\u00f3rne ciep\u0142o wilgoci)<\/p>\n","yn_product_indications":"<p>Celiakia, z\u0142e samopoczucie, zm\u0119czenie, wzd\u0119cia, nieprawid\u0142owe stolce, dyskomfort w jamie brzusznej, biegunka, niedokrwisto\u015b\u0107 z niedoboru \u017celaza, b\u00f3le mi\u0119\u015bni i staw\u00f3w, sporadyczne wymioty, mo\u017cliwa utrata masy cia\u0142a, mo\u017cliwe sw\u0119dz\u0105ce p\u0119cherze na sk\u00f3rze.<\/p>\n","yn_product_contra_indications":"<p>Niedob\u00f3r Yin i puste ciep\u0142o<\/p>\n","yn_product_pregnancy":"<p>Przeciwwskazane<\/p>\n","yn_product_herbs":"<p>atractylodes macrocephalae rhizoma praep &#8211; chao bai zhu, semen coici praep &#8211; chao yi yi ren, cyperi rhizoma &#8211; xiang fu, citri reticulatae pericarpium &#8211; chen pi, amomi fructus &#8211; sha ren, aucklandiae radix &#8211; mu xiang, zizyphi jujubae fructus &#8211; da zao, zingiberis recensis officinalis rhizoma &#8211; sheng jiang<\/p>\n","yn_product_magisterrecipes":"<p>Bao He Wan<\/p>\n"},"yoast_head":"<!-- This site is optimized with the Yoast SEO plugin v24.9 - https:\/\/yoast.com\/wordpress\/plugins\/seo\/ -->\n<title>Przyja\u017a\u0144 - Claude Diolosa<\/title>\n<meta name=\"robots\" content=\"index, follow, max-snippet:-1, max-image-preview:large, max-video-preview:-1\" \/>\n<link rel=\"canonical\" href=\"https:\/\/shop.diolosa.com\/pl\/product\/przyjazn\/\" \/>\n<meta property=\"og:locale\" content=\"pl_PL\" \/>\n<meta property=\"og:type\" content=\"article\" \/>\n<meta property=\"og:title\" content=\"Przyja\u017a\u0144 - Claude Diolosa\" \/>\n<meta property=\"og:description\" content=\"FRIENDSHIP jest stosowany w leczeniu celiakii. To nieprawid\u0142owe funkcjonowanie jelita [...]\" \/>\n<meta property=\"og:url\" content=\"https:\/\/shop.diolosa.com\/pl\/product\/przyjazn\/\" \/>\n<meta property=\"og:site_name\" content=\"Claude Diolosa\" \/>\n<meta property=\"article:publisher\" content=\"https:\/\/facebook.com\/claudediolosa\" \/>\n<meta property=\"article:modified_time\" content=\"2025-04-24T19:22:56+00:00\" \/>\n<meta property=\"og:image\" content=\"https:\/\/shop.diolosa.com\/wp-content\/uploads\/2019\/09\/Presslinge-140.jpg\" \/>\n\t<meta property=\"og:image:width\" content=\"800\" \/>\n\t<meta property=\"og:image:height\" content=\"533\" \/>\n\t<meta property=\"og:image:type\" content=\"image\/jpeg\" \/>\n<meta name=\"twitter:card\" content=\"summary_large_image\" \/>\n<script type=\"application\/ld+json\" class=\"yoast-schema-graph\">{\"@context\":\"https:\/\/schema.org\",\"@graph\":[{\"@type\":\"WebPage\",\"@id\":\"https:\/\/shop.diolosa.com\/pl\/product\/przyjazn\/\",\"url\":\"https:\/\/shop.diolosa.com\/pl\/product\/przyjazn\/\",\"name\":\"Przyja\u017a\u0144 - Claude Diolosa\",\"isPartOf\":{\"@id\":\"https:\/\/shop.diolosa.com\/pl\/#website\"},\"primaryImageOfPage\":{\"@id\":\"https:\/\/shop.diolosa.com\/pl\/product\/przyjazn\/#primaryimage\"},\"image\":{\"@id\":\"https:\/\/shop.diolosa.com\/pl\/product\/przyjazn\/#primaryimage\"},\"thumbnailUrl\":\"https:\/\/shop.diolosa.com\/wp-content\/uploads\/2019\/09\/Presslinge-140.jpg\",\"datePublished\":\"2025-03-10T05:57:09+00:00\",\"dateModified\":\"2025-04-24T19:22:56+00:00\",\"breadcrumb\":{\"@id\":\"https:\/\/shop.diolosa.com\/pl\/product\/przyjazn\/#breadcrumb\"},\"inLanguage\":\"pl-PL\",\"potentialAction\":[{\"@type\":\"ReadAction\",\"target\":[\"https:\/\/shop.diolosa.com\/pl\/product\/przyjazn\/\"]}]},{\"@type\":\"ImageObject\",\"inLanguage\":\"pl-PL\",\"@id\":\"https:\/\/shop.diolosa.com\/pl\/product\/przyjazn\/#primaryimage\",\"url\":\"https:\/\/shop.diolosa.com\/wp-content\/uploads\/2019\/09\/Presslinge-140.jpg\",\"contentUrl\":\"https:\/\/shop.diolosa.com\/wp-content\/uploads\/2019\/09\/Presslinge-140.jpg\",\"width\":800,\"height\":533},{\"@type\":\"BreadcrumbList\",\"@id\":\"https:\/\/shop.diolosa.com\/pl\/product\/przyjazn\/#breadcrumb\",\"itemListElement\":[{\"@type\":\"ListItem\",\"position\":1,\"name\":\"Startseite\",\"item\":\"https:\/\/shop.diolosa.com\/pl\/?page_id=3835710\"},{\"@type\":\"ListItem\",\"position\":2,\"name\":\"Sklep\",\"item\":\"https:\/\/shop.diolosa.com\/pl\/?page_id=3835710\"},{\"@type\":\"ListItem\",\"position\":3,\"name\":\"Przyja\u017a\u0144\"}]},{\"@type\":\"WebSite\",\"@id\":\"https:\/\/shop.diolosa.com\/pl\/#website\",\"url\":\"https:\/\/shop.diolosa.com\/pl\/\",\"name\":\"Claude Diolosa\",\"description\":\"\",\"publisher\":{\"@id\":\"https:\/\/shop.diolosa.com\/pl\/#organization\"},\"potentialAction\":[{\"@type\":\"SearchAction\",\"target\":{\"@type\":\"EntryPoint\",\"urlTemplate\":\"https:\/\/shop.diolosa.com\/pl\/?s={search_term_string}\"},\"query-input\":{\"@type\":\"PropertyValueSpecification\",\"valueRequired\":true,\"valueName\":\"search_term_string\"}}],\"inLanguage\":\"pl-PL\"},{\"@type\":\"Organization\",\"@id\":\"https:\/\/shop.diolosa.com\/pl\/#organization\",\"name\":\"Claude Diolosa\",\"url\":\"https:\/\/shop.diolosa.com\/pl\/\",\"logo\":{\"@type\":\"ImageObject\",\"inLanguage\":\"pl-PL\",\"@id\":\"https:\/\/shop.diolosa.com\/pl\/#\/schema\/logo\/image\/\",\"url\":\"https:\/\/shop.diolosa.com\/wp-content\/uploads\/2019\/08\/diolosa-drop-logo-new.png\",\"contentUrl\":\"https:\/\/shop.diolosa.com\/wp-content\/uploads\/2019\/08\/diolosa-drop-logo-new.png\",\"width\":134,\"height\":176,\"caption\":\"Claude Diolosa\"},\"image\":{\"@id\":\"https:\/\/shop.diolosa.com\/pl\/#\/schema\/logo\/image\/\"},\"sameAs\":[\"https:\/\/facebook.com\/claudediolosa\",\"https:\/\/www.instagram.com\/diolosaclaude108\/\"]}]}<\/script>\n<!-- \/ Yoast SEO plugin. -->","yoast_head_json":{"title":"Przyja\u017a\u0144 - Claude Diolosa","robots":{"index":"index","follow":"follow","max-snippet":"max-snippet:-1","max-image-preview":"max-image-preview:large","max-video-preview":"max-video-preview:-1"},"canonical":"https:\/\/shop.diolosa.com\/pl\/product\/przyjazn\/","og_locale":"pl_PL","og_type":"article","og_title":"Przyja\u017a\u0144 - Claude Diolosa","og_description":"FRIENDSHIP jest stosowany w leczeniu celiakii. To nieprawid\u0142owe funkcjonowanie jelita [...]","og_url":"https:\/\/shop.diolosa.com\/pl\/product\/przyjazn\/","og_site_name":"Claude Diolosa","article_publisher":"https:\/\/facebook.com\/claudediolosa","article_modified_time":"2025-04-24T19:22:56+00:00","og_image":[{"width":800,"height":533,"url":"https:\/\/shop.diolosa.com\/wp-content\/uploads\/2019\/09\/Presslinge-140.jpg","type":"image\/jpeg"}],"twitter_card":"summary_large_image","schema":{"@context":"https:\/\/schema.org","@graph":[{"@type":"WebPage","@id":"https:\/\/shop.diolosa.com\/pl\/product\/przyjazn\/","url":"https:\/\/shop.diolosa.com\/pl\/product\/przyjazn\/","name":"Przyja\u017a\u0144 - Claude Diolosa","isPartOf":{"@id":"https:\/\/shop.diolosa.com\/pl\/#website"},"primaryImageOfPage":{"@id":"https:\/\/shop.diolosa.com\/pl\/product\/przyjazn\/#primaryimage"},"image":{"@id":"https:\/\/shop.diolosa.com\/pl\/product\/przyjazn\/#primaryimage"},"thumbnailUrl":"https:\/\/shop.diolosa.com\/wp-content\/uploads\/2019\/09\/Presslinge-140.jpg","datePublished":"2025-03-10T05:57:09+00:00","dateModified":"2025-04-24T19:22:56+00:00","breadcrumb":{"@id":"https:\/\/shop.diolosa.com\/pl\/product\/przyjazn\/#breadcrumb"},"inLanguage":"pl-PL","potentialAction":[{"@type":"ReadAction","target":["https:\/\/shop.diolosa.com\/pl\/product\/przyjazn\/"]}]},{"@type":"ImageObject","inLanguage":"pl-PL","@id":"https:\/\/shop.diolosa.com\/pl\/product\/przyjazn\/#primaryimage","url":"https:\/\/shop.diolosa.com\/wp-content\/uploads\/2019\/09\/Presslinge-140.jpg","contentUrl":"https:\/\/shop.diolosa.com\/wp-content\/uploads\/2019\/09\/Presslinge-140.jpg","width":800,"height":533},{"@type":"BreadcrumbList","@id":"https:\/\/shop.diolosa.com\/pl\/product\/przyjazn\/#breadcrumb","itemListElement":[{"@type":"ListItem","position":1,"name":"Startseite","item":"https:\/\/shop.diolosa.com\/pl\/?page_id=3835710"},{"@type":"ListItem","position":2,"name":"Sklep","item":"https:\/\/shop.diolosa.com\/pl\/?page_id=3835710"},{"@type":"ListItem","position":3,"name":"Przyja\u017a\u0144"}]},{"@type":"WebSite","@id":"https:\/\/shop.diolosa.com\/pl\/#website","url":"https:\/\/shop.diolosa.com\/pl\/","name":"Claude Diolosa","description":"","publisher":{"@id":"https:\/\/shop.diolosa.com\/pl\/#organization"},"potentialAction":[{"@type":"SearchAction","target":{"@type":"EntryPoint","urlTemplate":"https:\/\/shop.diolosa.com\/pl\/?s={search_term_string}"},"query-input":{"@type":"PropertyValueSpecification","valueRequired":true,"valueName":"search_term_string"}}],"inLanguage":"pl-PL"},{"@type":"Organization","@id":"https:\/\/shop.diolosa.com\/pl\/#organization","name":"Claude Diolosa","url":"https:\/\/shop.diolosa.com\/pl\/","logo":{"@type":"ImageObject","inLanguage":"pl-PL","@id":"https:\/\/shop.diolosa.com\/pl\/#\/schema\/logo\/image\/","url":"https:\/\/shop.diolosa.com\/wp-content\/uploads\/2019\/08\/diolosa-drop-logo-new.png","contentUrl":"https:\/\/shop.diolosa.com\/wp-content\/uploads\/2019\/08\/diolosa-drop-logo-new.png","width":134,"height":176,"caption":"Claude Diolosa"},"image":{"@id":"https:\/\/shop.diolosa.com\/pl\/#\/schema\/logo\/image\/"},"sameAs":["https:\/\/facebook.com\/claudediolosa","https:\/\/www.instagram.com\/diolosaclaude108\/"]}]}},"_links":{"self":[{"href":"https:\/\/shop.diolosa.com\/pl\/wp-json\/wp\/v2\/product\/3841146","targetHints":{"allow":["GET"]}}],"collection":[{"href":"https:\/\/shop.diolosa.com\/pl\/wp-json\/wp\/v2\/product"}],"about":[{"href":"https:\/\/shop.diolosa.com\/pl\/wp-json\/wp\/v2\/types\/product"}],"wp:featuredmedia":[{"embeddable":true,"href":"https:\/\/shop.diolosa.com\/pl\/wp-json\/wp\/v2\/media\/3835943"}],"wp:attachment":[{"href":"https:\/\/shop.diolosa.com\/pl\/wp-json\/wp\/v2\/media?parent=3841146"}],"wp:term":[{"taxonomy":"product_brand","embeddable":true,"href":"https:\/\/shop.diolosa.com\/pl\/wp-json\/wp\/v2\/product_brand?post=3841146"},{"taxonomy":"product_cat","embeddable":true,"href":"https:\/\/shop.diolosa.com\/pl\/wp-json\/wp\/v2\/product_cat?post=3841146"},{"taxonomy":"product_tag","embeddable":true,"href":"https:\/\/shop.diolosa.com\/pl\/wp-json\/wp\/v2\/product_tag?post=3841146"}],"curies":[{"name":"wp","href":"https:\/\/api.w.org\/{rel}","templated":true}]}}