{"id":3841151,"date":"2019-09-04T12:14:30","date_gmt":"2025-03-10T05:57:14","guid":{"rendered":"https:\/\/shop.diolosa.com\/product\/zachowanie-rownowagi\/"},"modified":"2025-05-06T14:56:29","modified_gmt":"2025-05-06T13:56:29","slug":"zachowanie-rownowagi","status":"publish","type":"product","link":"https:\/\/shop.diolosa.com\/pl\/product\/zachowanie-rownowagi\/","title":{"rendered":"Zachowanie r\u00f3wnowagi"},"content":{"rendered":"<p>KEEPING BALANCE jest stosowany w leczeniu zawrot\u00f3w g\u0142owy pochodzenia rotacyjnego. Preparat ten przeciwdzia\u0142a flegmie wiatru (Feng Tan), nadci\u015bnieniu i ryzyku udaru (Zhong Feng), wydala Shao Yang, usuwa ciep\u0142o flegmy p\u0119cherzyka \u017c\u00f3\u0142ciowego poprzez uk\u0142ad wydalniczy, oczyszcza narz\u0105dy zmys\u0142\u00f3w, otwiera osiem subtelnych kana\u0142\u00f3w serca i od\u017cywia Yin bez powodowania wilgoci i stagnacji. KEEPING BALANCE to klasyczny preparat Shao Yang (na p\u0119cherzyk \u017c\u00f3\u0142ciowy) o wielu mo\u017cliwych zastosowaniach i powinien by\u0107 przyjmowany szczeg\u00f3lnie w fazie drzewnej dnia (rano).  <\/p>\n<p>&nbsp;<\/p>\n","protected":false},"excerpt":{"rendered":"<p>&nbsp;<\/p>\n<p>&nbsp;<\/p>\n","protected":false},"featured_media":3835943,"template":"","meta":{"_acf_changed":false},"product_brand":[],"product_cat":[11834],"product_tag":[12267],"class_list":{"0":"post-3841151","1":"product","2":"type-product","3":"status-publish","4":"has-post-thumbnail","6":"product_cat-neurologia","7":"product_tag-zawroty-glowy-zawroty-glowy-rotacyjne","9":"first","10":"instock","11":"taxable","12":"shipping-taxable","13":"purchasable","14":"product-type-simple"},"acf":{"yn_product_audio":"https:\/\/shop.diolosa.com\/wp-content\/uploads\/2018\/12\/DL_0780.mp3","yn_product_video":"https:\/\/shop.diolosa.com\/wp-content\/uploads\/2025\/04\/Keeping-Balance-.mp4","yn_product_akupunktur":"<p>Usuwanie \u015bluzu &#8211; otwieranie kana\u0142\u00f3w serca<br \/>\nsi shen cong &#8211; M-HN-1 (m\u00f3zg, cns) &#8211; xie fa<br \/>\ndu mai 20 &#8211; bai hui &#8211; bai lao (jezioro szpiku kostnego, p\u0119cherza moczowego) &#8211; xie fa<br \/>\ntai yang &#8211; M-HN-9 &#8211; xie fa<br \/>\nsan chiao 3 &#8211; zhong zhu (shu) &#8211; xie fa<br \/>\nsan chiao 5 &#8211; wai guan (yang wei mai, luo) &#8211; xie fa<br \/>\np\u0119cherzyk \u017c\u00f3\u0142ciowy 34 &#8211; yang ling quan (he, xia he xue, gui) &#8211; xie fa<br \/>\nworeczek \u017c\u00f3\u0142ciowy 40 &#8211; qiu xu (yuan) &#8211; xie fa<br \/>\ncykl 5 &#8211; jian shi &#8211; gui lu (jing, gui) &#8211; xie fa<br \/>\n\u017co\u0142\u0105dek 40 &#8211; feng long (luo) &#8211; xie fa<br \/>\nren mai 12 &#8211; zhong wan (mo>\u017co\u0142\u0105dek, ba hui xue, jelito cienkie, san chiao, \u017co\u0142\u0105dek) &#8211; xie fa<br \/>\ncykl 6 &#8211; nei guan (luo, yin wei mai) &#8211; xie fa  <\/p>\n<p>Zawroty g\u0142owy rotacyjne<br \/>\njelito cienkie 19 &#8211; ting gong (woreczek \u017c\u00f3\u0142ciowy, san chiao) &#8211; xie fa<br \/>\nworeczek \u017c\u00f3\u0142ciowy 2 &#8211; ting hui &#8211; xie fa<br \/>\nworeczek \u017c\u00f3\u0142ciowy 12 &#8211; wang gu &#8211; xie fa<br \/>\nsan chiao 17 &#8211; yi feng (woreczek \u017c\u00f3\u0142ciowy) &#8211; xie fa<br \/>\nworeczek \u017c\u00f3\u0142ciowy 8 &#8211; shuai gu (p\u0119cherz moczowy) &#8211; xie fa<br \/>\nsan chiao 5 &#8211; wai guan (yang wei mai, luo) &#8211; xie fa  <\/p>\n<p>Tonizuje nerki yin<br \/>\nnerka 3 &#8211; tai xi (shu, yuan) &#8211; bu fa<br \/>\nnerka 7 &#8211; fu liu (jing) &#8211; bu fa<br \/>\np\u0119cherz 23 &#8211; shen shu &#8211; bu fa<\/p>\n","yn_product_verabreichungsart":"Pelety 140szt.","yn_product_dosierung":"<p>3 x 6 do 9 granulek dziennie<\/p>\n","yn_product_combinations":"<p>SPOK\u00d3J (nadci\u015bnienie), SPOK\u00d3J OG\u00d3LNY (cholesterol), SZYBKIE RUCHY BRZUCHA (zast\u00f3j pokarmu), USPOKOJENIE WIATRU (choroba Parkinsona)<\/p>\n","yn_product_avoidable":"<p>czosnek, por, cebula, szalotka, ostre i pikantne przyprawy, alkohol, zw\u0142aszcza sznaps, szynka, bekon, kie\u0142basa, wieprzowina<\/p>\n","yn_product_tcm_mindmapping":"<p>Ciep\u0142o flegmy p\u0119cherzyka \u017c\u00f3\u0142ciowego > Zast\u00f3j Qi i krwi > Wiatr (Feng Tan)<\/p>\n","yn_product_tongue_body":"<p>Gruby, krzywy, chwiejny, ciemnoczerwony<\/p>\n","yn_product_tongue_coating":"<p>Pr\u0105\u017ckowany, \u017c\u00f3\u0142tawy, lepki<\/p>\n","yn_product_pulse_diagnostics":"<p>Pozycja p\u0119cherzyka \u017c\u00f3\u0142ciowego: hua mai &#8211; szybuj\u0105ca, xian mai &#8211; napi\u0119ta, shi mai &#8211; pe\u0142na, shuo mai &#8211; szybka<\/p>\n","yn_product_indications":"<p>Zawroty g\u0142owy, zaburzenia r\u00f3wnowagi, szumy uszne, nudno\u015bci, wymioty, nadci\u015bnienie, cholesterol, migrena<\/p>\n","yn_product_contra_indications":"<p>Wilgotno\u015b\u0107 p\u0119cherzyka \u017c\u00f3\u0142ciowego i \u017co\u0142\u0105dka oraz zimny \u015bluz<\/p>\n","yn_product_pregnancy":"<p>Dozwolone<\/p>\n","yn_product_herbs":"<p>uncariae cum uncis ramulus &#8211; gou teng, pinelliae ternatae rhizoma &#8211; ban xia, caulis bambusae in taeniam &#8211; zhu ru, scutellariae baicalensis radix &#8211; huang qin, curcuma longa &#8211; yu jin, gardeniae jasminoidis fructus &#8211; zhi zi, citrus aurantii immaturi &#8211; zhi shi, glycyrrhizae uralensis radix &#8211; gan cao<\/p>\n","yn_product_magisterrecipes":"<p>Ban Xia Bai Zhu Tian Ma Tang, Yu Zhu San, Wen Dan Tang<\/p>\n"},"yoast_head":"<!-- This site is optimized with the Yoast SEO plugin v24.9 - https:\/\/yoast.com\/wordpress\/plugins\/seo\/ -->\n<title>Zachowanie r\u00f3wnowagi - Claude Diolosa<\/title>\n<meta name=\"robots\" content=\"index, follow, max-snippet:-1, max-image-preview:large, max-video-preview:-1\" \/>\n<link rel=\"canonical\" href=\"https:\/\/shop.diolosa.com\/pl\/product\/zachowanie-rownowagi\/\" \/>\n<meta property=\"og:locale\" content=\"pl_PL\" \/>\n<meta property=\"og:type\" content=\"article\" \/>\n<meta property=\"og:title\" content=\"Zachowanie r\u00f3wnowagi - Claude Diolosa\" \/>\n<meta property=\"og:description\" content=\"&nbsp; &nbsp;\" \/>\n<meta property=\"og:url\" content=\"https:\/\/shop.diolosa.com\/pl\/product\/zachowanie-rownowagi\/\" \/>\n<meta property=\"og:site_name\" content=\"Claude Diolosa\" \/>\n<meta property=\"article:publisher\" content=\"https:\/\/facebook.com\/claudediolosa\" \/>\n<meta property=\"article:modified_time\" content=\"2025-05-06T13:56:29+00:00\" \/>\n<meta property=\"og:image\" content=\"https:\/\/shop.diolosa.com\/wp-content\/uploads\/2019\/09\/Presslinge-140.jpg\" \/>\n\t<meta property=\"og:image:width\" content=\"800\" \/>\n\t<meta property=\"og:image:height\" content=\"533\" \/>\n\t<meta property=\"og:image:type\" content=\"image\/jpeg\" \/>\n<meta name=\"twitter:card\" content=\"summary_large_image\" \/>\n<script type=\"application\/ld+json\" class=\"yoast-schema-graph\">{\"@context\":\"https:\/\/schema.org\",\"@graph\":[{\"@type\":\"WebPage\",\"@id\":\"https:\/\/shop.diolosa.com\/pl\/product\/zachowanie-rownowagi\/\",\"url\":\"https:\/\/shop.diolosa.com\/pl\/product\/zachowanie-rownowagi\/\",\"name\":\"Zachowanie r\u00f3wnowagi - Claude Diolosa\",\"isPartOf\":{\"@id\":\"https:\/\/shop.diolosa.com\/pl\/#website\"},\"primaryImageOfPage\":{\"@id\":\"https:\/\/shop.diolosa.com\/pl\/product\/zachowanie-rownowagi\/#primaryimage\"},\"image\":{\"@id\":\"https:\/\/shop.diolosa.com\/pl\/product\/zachowanie-rownowagi\/#primaryimage\"},\"thumbnailUrl\":\"https:\/\/shop.diolosa.com\/wp-content\/uploads\/2019\/09\/Presslinge-140.jpg\",\"datePublished\":\"2025-03-10T05:57:14+00:00\",\"dateModified\":\"2025-05-06T13:56:29+00:00\",\"breadcrumb\":{\"@id\":\"https:\/\/shop.diolosa.com\/pl\/product\/zachowanie-rownowagi\/#breadcrumb\"},\"inLanguage\":\"pl-PL\",\"potentialAction\":[{\"@type\":\"ReadAction\",\"target\":[\"https:\/\/shop.diolosa.com\/pl\/product\/zachowanie-rownowagi\/\"]}]},{\"@type\":\"ImageObject\",\"inLanguage\":\"pl-PL\",\"@id\":\"https:\/\/shop.diolosa.com\/pl\/product\/zachowanie-rownowagi\/#primaryimage\",\"url\":\"https:\/\/shop.diolosa.com\/wp-content\/uploads\/2019\/09\/Presslinge-140.jpg\",\"contentUrl\":\"https:\/\/shop.diolosa.com\/wp-content\/uploads\/2019\/09\/Presslinge-140.jpg\",\"width\":800,\"height\":533},{\"@type\":\"BreadcrumbList\",\"@id\":\"https:\/\/shop.diolosa.com\/pl\/product\/zachowanie-rownowagi\/#breadcrumb\",\"itemListElement\":[{\"@type\":\"ListItem\",\"position\":1,\"name\":\"Startseite\",\"item\":\"https:\/\/shop.diolosa.com\/pl\/?page_id=3835710\"},{\"@type\":\"ListItem\",\"position\":2,\"name\":\"Sklep\",\"item\":\"https:\/\/shop.diolosa.com\/pl\/?page_id=3835710\"},{\"@type\":\"ListItem\",\"position\":3,\"name\":\"Zachowanie r\u00f3wnowagi\"}]},{\"@type\":\"WebSite\",\"@id\":\"https:\/\/shop.diolosa.com\/pl\/#website\",\"url\":\"https:\/\/shop.diolosa.com\/pl\/\",\"name\":\"Claude Diolosa\",\"description\":\"\",\"publisher\":{\"@id\":\"https:\/\/shop.diolosa.com\/pl\/#organization\"},\"potentialAction\":[{\"@type\":\"SearchAction\",\"target\":{\"@type\":\"EntryPoint\",\"urlTemplate\":\"https:\/\/shop.diolosa.com\/pl\/?s={search_term_string}\"},\"query-input\":{\"@type\":\"PropertyValueSpecification\",\"valueRequired\":true,\"valueName\":\"search_term_string\"}}],\"inLanguage\":\"pl-PL\"},{\"@type\":\"Organization\",\"@id\":\"https:\/\/shop.diolosa.com\/pl\/#organization\",\"name\":\"Claude Diolosa\",\"url\":\"https:\/\/shop.diolosa.com\/pl\/\",\"logo\":{\"@type\":\"ImageObject\",\"inLanguage\":\"pl-PL\",\"@id\":\"https:\/\/shop.diolosa.com\/pl\/#\/schema\/logo\/image\/\",\"url\":\"https:\/\/shop.diolosa.com\/wp-content\/uploads\/2019\/08\/diolosa-drop-logo-new.png\",\"contentUrl\":\"https:\/\/shop.diolosa.com\/wp-content\/uploads\/2019\/08\/diolosa-drop-logo-new.png\",\"width\":134,\"height\":176,\"caption\":\"Claude Diolosa\"},\"image\":{\"@id\":\"https:\/\/shop.diolosa.com\/pl\/#\/schema\/logo\/image\/\"},\"sameAs\":[\"https:\/\/facebook.com\/claudediolosa\",\"https:\/\/www.instagram.com\/diolosaclaude108\/\"]}]}<\/script>\n<!-- \/ Yoast SEO plugin. -->","yoast_head_json":{"title":"Zachowanie r\u00f3wnowagi - Claude Diolosa","robots":{"index":"index","follow":"follow","max-snippet":"max-snippet:-1","max-image-preview":"max-image-preview:large","max-video-preview":"max-video-preview:-1"},"canonical":"https:\/\/shop.diolosa.com\/pl\/product\/zachowanie-rownowagi\/","og_locale":"pl_PL","og_type":"article","og_title":"Zachowanie r\u00f3wnowagi - Claude Diolosa","og_description":"&nbsp; &nbsp;","og_url":"https:\/\/shop.diolosa.com\/pl\/product\/zachowanie-rownowagi\/","og_site_name":"Claude Diolosa","article_publisher":"https:\/\/facebook.com\/claudediolosa","article_modified_time":"2025-05-06T13:56:29+00:00","og_image":[{"width":800,"height":533,"url":"https:\/\/shop.diolosa.com\/wp-content\/uploads\/2019\/09\/Presslinge-140.jpg","type":"image\/jpeg"}],"twitter_card":"summary_large_image","schema":{"@context":"https:\/\/schema.org","@graph":[{"@type":"WebPage","@id":"https:\/\/shop.diolosa.com\/pl\/product\/zachowanie-rownowagi\/","url":"https:\/\/shop.diolosa.com\/pl\/product\/zachowanie-rownowagi\/","name":"Zachowanie r\u00f3wnowagi - Claude Diolosa","isPartOf":{"@id":"https:\/\/shop.diolosa.com\/pl\/#website"},"primaryImageOfPage":{"@id":"https:\/\/shop.diolosa.com\/pl\/product\/zachowanie-rownowagi\/#primaryimage"},"image":{"@id":"https:\/\/shop.diolosa.com\/pl\/product\/zachowanie-rownowagi\/#primaryimage"},"thumbnailUrl":"https:\/\/shop.diolosa.com\/wp-content\/uploads\/2019\/09\/Presslinge-140.jpg","datePublished":"2025-03-10T05:57:14+00:00","dateModified":"2025-05-06T13:56:29+00:00","breadcrumb":{"@id":"https:\/\/shop.diolosa.com\/pl\/product\/zachowanie-rownowagi\/#breadcrumb"},"inLanguage":"pl-PL","potentialAction":[{"@type":"ReadAction","target":["https:\/\/shop.diolosa.com\/pl\/product\/zachowanie-rownowagi\/"]}]},{"@type":"ImageObject","inLanguage":"pl-PL","@id":"https:\/\/shop.diolosa.com\/pl\/product\/zachowanie-rownowagi\/#primaryimage","url":"https:\/\/shop.diolosa.com\/wp-content\/uploads\/2019\/09\/Presslinge-140.jpg","contentUrl":"https:\/\/shop.diolosa.com\/wp-content\/uploads\/2019\/09\/Presslinge-140.jpg","width":800,"height":533},{"@type":"BreadcrumbList","@id":"https:\/\/shop.diolosa.com\/pl\/product\/zachowanie-rownowagi\/#breadcrumb","itemListElement":[{"@type":"ListItem","position":1,"name":"Startseite","item":"https:\/\/shop.diolosa.com\/pl\/?page_id=3835710"},{"@type":"ListItem","position":2,"name":"Sklep","item":"https:\/\/shop.diolosa.com\/pl\/?page_id=3835710"},{"@type":"ListItem","position":3,"name":"Zachowanie r\u00f3wnowagi"}]},{"@type":"WebSite","@id":"https:\/\/shop.diolosa.com\/pl\/#website","url":"https:\/\/shop.diolosa.com\/pl\/","name":"Claude Diolosa","description":"","publisher":{"@id":"https:\/\/shop.diolosa.com\/pl\/#organization"},"potentialAction":[{"@type":"SearchAction","target":{"@type":"EntryPoint","urlTemplate":"https:\/\/shop.diolosa.com\/pl\/?s={search_term_string}"},"query-input":{"@type":"PropertyValueSpecification","valueRequired":true,"valueName":"search_term_string"}}],"inLanguage":"pl-PL"},{"@type":"Organization","@id":"https:\/\/shop.diolosa.com\/pl\/#organization","name":"Claude Diolosa","url":"https:\/\/shop.diolosa.com\/pl\/","logo":{"@type":"ImageObject","inLanguage":"pl-PL","@id":"https:\/\/shop.diolosa.com\/pl\/#\/schema\/logo\/image\/","url":"https:\/\/shop.diolosa.com\/wp-content\/uploads\/2019\/08\/diolosa-drop-logo-new.png","contentUrl":"https:\/\/shop.diolosa.com\/wp-content\/uploads\/2019\/08\/diolosa-drop-logo-new.png","width":134,"height":176,"caption":"Claude Diolosa"},"image":{"@id":"https:\/\/shop.diolosa.com\/pl\/#\/schema\/logo\/image\/"},"sameAs":["https:\/\/facebook.com\/claudediolosa","https:\/\/www.instagram.com\/diolosaclaude108\/"]}]}},"_links":{"self":[{"href":"https:\/\/shop.diolosa.com\/pl\/wp-json\/wp\/v2\/product\/3841151","targetHints":{"allow":["GET"]}}],"collection":[{"href":"https:\/\/shop.diolosa.com\/pl\/wp-json\/wp\/v2\/product"}],"about":[{"href":"https:\/\/shop.diolosa.com\/pl\/wp-json\/wp\/v2\/types\/product"}],"wp:featuredmedia":[{"embeddable":true,"href":"https:\/\/shop.diolosa.com\/pl\/wp-json\/wp\/v2\/media\/3835943"}],"wp:attachment":[{"href":"https:\/\/shop.diolosa.com\/pl\/wp-json\/wp\/v2\/media?parent=3841151"}],"wp:term":[{"taxonomy":"product_brand","embeddable":true,"href":"https:\/\/shop.diolosa.com\/pl\/wp-json\/wp\/v2\/product_brand?post=3841151"},{"taxonomy":"product_cat","embeddable":true,"href":"https:\/\/shop.diolosa.com\/pl\/wp-json\/wp\/v2\/product_cat?post=3841151"},{"taxonomy":"product_tag","embeddable":true,"href":"https:\/\/shop.diolosa.com\/pl\/wp-json\/wp\/v2\/product_tag?post=3841151"}],"curies":[{"name":"wp","href":"https:\/\/api.w.org\/{rel}","templated":true}]}}