{"id":3841154,"date":"2019-09-04T12:14:30","date_gmt":"2025-03-10T05:57:15","guid":{"rendered":"https:\/\/shop.diolosa.com\/product\/sweet-baby\/"},"modified":"2025-05-06T14:51:09","modified_gmt":"2025-05-06T13:51:09","slug":"sweet-baby","status":"publish","type":"product","link":"https:\/\/shop.diolosa.com\/pl\/product\/sweet-baby\/","title":{"rendered":"Sweet Baby"},"content":{"rendered":"<p>SWEET BABY jest stosowany w leczeniu cukrzycy ci\u0105\u017cowej. Preparat ten stymuluje wch\u0142anianie t\u0142uszczu, bia\u0142ka i w\u0119glowodan\u00f3w, odprowadza wilgo\u0107\/gor\u0105co flegmy, zapobiega odk\u0142adaniu si\u0119 opalenizny, od\u017cywia p\u0142yny ustrojowe i yin oraz nie stanowi zagro\u017cenia dla dziecka. SWEET BABY ma dzia\u0142anie drenuj\u0105ce bez uszkadzania yin i od\u017cywia yin bez tworzenia wilgoci. Zar\u00f3wno SWEET BABY, jak i SUGAR BLUES mo\u017cna dobrze \u0142\u0105czy\u0107 z insulin\u0105.     (zawiera niewielkie ilo\u015bci glutenu!!!!)<\/p>\n","protected":false},"excerpt":{"rendered":"<p>SWEET BABY jest stosowany w leczeniu cukrzycy ci\u0105\u017cowej. Preparat ten  [&#8230;]<\/p>\n","protected":false},"featured_media":3835943,"template":"","meta":{"_acf_changed":false},"product_brand":[],"product_cat":[11799],"product_tag":[12270],"class_list":{"0":"post-3841154","1":"product","2":"type-product","3":"status-publish","4":"has-post-thumbnail","6":"product_cat-ginekologia","7":"product_tag-cukrzyca-ciazowa","9":"first","10":"instock","11":"taxable","12":"shipping-taxable","13":"purchasable","14":"product-type-simple"},"acf":{"yn_product_audio":"https:\/\/shop.diolosa.com\/wp-content\/uploads\/2018\/12\/DL_0978.mp3","yn_product_video":"https:\/\/shop.diolosa.com\/wp-content\/uploads\/2024\/10\/Sweet-Baby.mp4","yn_product_akupunktur":"<p>Yang Ming Wy\u0142adowanie Wilgo\u0107 Ciep\u0142o<br \/>\nwei guan xia shu &#8211; M-BW-12 (trzustka, xiao ke) &#8211; xie fa<br \/>\njelito grube 11 &#8211; qu chi &#8211; gui tui (he &#8211; gui) &#8211; xie fa<br \/>\n\u017co\u0142\u0105dek 40 &#8211; feng long (luo) &#8211; xie fa<br \/>\nsan chiao 5 &#8211; wai guan (yang wei mai, luo) &#8211; xie fa<br \/>\n\u015bledziona 9 &#8211; yin ling quan (he) &#8211; xie fa<br \/>\n\u015bledziona 3 &#8211; tai bai (yuan) &#8211; bu fa<br \/>\np\u0119cherz 20 &#8211; pi shu &#8211; bu fa<\/p>\n","yn_product_verabreichungsart":"Pelety 140szt.","yn_product_dosierung":"<p>3 x 6 do 9 tabletek dziennie, zawsze przed posi\u0142kami. Pacjent powinien przyjmowa\u0107 ten preparat w spos\u00f3b ci\u0105g\u0142y. <\/p>\n<p>(zawiera niewielkie ilo\u015bci glutenu!!!!)<\/p>\n","yn_product_combinations":"<p>spowolnienie ruch\u00f3w brzucha (zast\u00f3j pokarmu), obni\u017cenie ci\u015bnienia (nadci\u015bnienie ci\u0105\u017cowe)<\/p>\n","yn_product_avoidable":"<p>Zupy zio\u0142owe, toniki zio\u0142owe, ostre i pikantne przyprawy, pieprz, chili, czosnek, cebula, por, szczypiorek, chili, tabasco, ocet, papryka, imbir, ga\u0142ka muszkato\u0142owa, alkohol, jagni\u0119cina, wieprzowina, owoce morza, cukier, s\u0142odzik, rafinowane w\u0119glowodany, Coca Cola, Fanta<\/p>\n","yn_product_tcm_mindmapping":"<p>Ci\u0105\u017ca > Ciep\u0142o Yang Ming > Zast\u00f3j Qi i Krwi > Niedob\u00f3r Yin i Qi w \u015bledzionie > Puste ciep\u0142o w \u015bledzionie<\/p>\n","yn_product_tongue_body":"<p>Szeroki, gruby, okr\u0105g\u0142y, wilgotny, czerwony do ciemnoczerwonego, pop\u0119kany<\/p>\n","yn_product_tongue_coating":"<p>Rzadkie, \u017c\u00f3\u0142tawe, t\u0142uste<\/p>\n","yn_product_pulse_diagnostics":"<p>hua mai &#8211; szybuj\u0105cy, xian mai &#8211; napi\u0119ty shuo mai &#8211; szybki, shi mai &#8211; pe\u0142ny<\/p>\n","yn_product_indications":"<p>Cukrzyca ci\u0105\u017cowa, cukrzyca typu 2, oty\u0142o\u015b\u0107, nadci\u015bnienie t\u0119tnicze, zaburzenia widzenia<\/p>\n","yn_product_contra_indications":"<p>Niedob\u00f3r Yin i puste ciep\u0142o<\/p>\n","yn_product_pregnancy":"<p>Dozwolone<\/p>\n","yn_product_herbs":"<p>scutellariae baicalensis radix &#8211; huang qin, citri reticulatae pericarpium &#8211; chen pi, sclerotium poriae cocos rubrae &#8211; chi fu ling, corium galli endothelium &#8211; ji nei jin, massa medicata fermentata &#8211; shen qu, crataegus fructus &#8211; shan zha, oryzae fructus germinatus praep &#8211; chao gu ya<\/p>\n","yn_product_magisterrecipes":"<p>Yin Chen Wu Ling San, Huang Qin Hua Shi Tang, Bao He Wan, Huang Lian Wen Dan Tang<\/p>\n"},"yoast_head":"<!-- This site is optimized with the Yoast SEO plugin v24.9 - https:\/\/yoast.com\/wordpress\/plugins\/seo\/ -->\n<title>Sweet Baby - Claude Diolosa<\/title>\n<meta name=\"robots\" content=\"index, follow, max-snippet:-1, max-image-preview:large, max-video-preview:-1\" \/>\n<link rel=\"canonical\" href=\"https:\/\/shop.diolosa.com\/pl\/product\/sweet-baby\/\" \/>\n<meta property=\"og:locale\" content=\"pl_PL\" \/>\n<meta property=\"og:type\" content=\"article\" \/>\n<meta property=\"og:title\" content=\"Sweet Baby - Claude Diolosa\" \/>\n<meta property=\"og:description\" content=\"SWEET BABY jest stosowany w leczeniu cukrzycy ci\u0105\u017cowej. Preparat ten [...]\" \/>\n<meta property=\"og:url\" content=\"https:\/\/shop.diolosa.com\/pl\/product\/sweet-baby\/\" \/>\n<meta property=\"og:site_name\" content=\"Claude Diolosa\" \/>\n<meta property=\"article:publisher\" content=\"https:\/\/facebook.com\/claudediolosa\" \/>\n<meta property=\"article:modified_time\" content=\"2025-05-06T13:51:09+00:00\" \/>\n<meta property=\"og:image\" content=\"https:\/\/shop.diolosa.com\/wp-content\/uploads\/2019\/09\/Presslinge-140.jpg\" \/>\n\t<meta property=\"og:image:width\" content=\"800\" \/>\n\t<meta property=\"og:image:height\" content=\"533\" \/>\n\t<meta property=\"og:image:type\" content=\"image\/jpeg\" \/>\n<meta name=\"twitter:card\" content=\"summary_large_image\" \/>\n<script type=\"application\/ld+json\" class=\"yoast-schema-graph\">{\"@context\":\"https:\/\/schema.org\",\"@graph\":[{\"@type\":\"WebPage\",\"@id\":\"https:\/\/shop.diolosa.com\/pl\/product\/sweet-baby\/\",\"url\":\"https:\/\/shop.diolosa.com\/pl\/product\/sweet-baby\/\",\"name\":\"Sweet Baby - Claude Diolosa\",\"isPartOf\":{\"@id\":\"https:\/\/shop.diolosa.com\/pl\/#website\"},\"primaryImageOfPage\":{\"@id\":\"https:\/\/shop.diolosa.com\/pl\/product\/sweet-baby\/#primaryimage\"},\"image\":{\"@id\":\"https:\/\/shop.diolosa.com\/pl\/product\/sweet-baby\/#primaryimage\"},\"thumbnailUrl\":\"https:\/\/shop.diolosa.com\/wp-content\/uploads\/2019\/09\/Presslinge-140.jpg\",\"datePublished\":\"2025-03-10T05:57:15+00:00\",\"dateModified\":\"2025-05-06T13:51:09+00:00\",\"breadcrumb\":{\"@id\":\"https:\/\/shop.diolosa.com\/pl\/product\/sweet-baby\/#breadcrumb\"},\"inLanguage\":\"pl-PL\",\"potentialAction\":[{\"@type\":\"ReadAction\",\"target\":[\"https:\/\/shop.diolosa.com\/pl\/product\/sweet-baby\/\"]}]},{\"@type\":\"ImageObject\",\"inLanguage\":\"pl-PL\",\"@id\":\"https:\/\/shop.diolosa.com\/pl\/product\/sweet-baby\/#primaryimage\",\"url\":\"https:\/\/shop.diolosa.com\/wp-content\/uploads\/2019\/09\/Presslinge-140.jpg\",\"contentUrl\":\"https:\/\/shop.diolosa.com\/wp-content\/uploads\/2019\/09\/Presslinge-140.jpg\",\"width\":800,\"height\":533},{\"@type\":\"BreadcrumbList\",\"@id\":\"https:\/\/shop.diolosa.com\/pl\/product\/sweet-baby\/#breadcrumb\",\"itemListElement\":[{\"@type\":\"ListItem\",\"position\":1,\"name\":\"Startseite\",\"item\":\"https:\/\/shop.diolosa.com\/pl\/?page_id=3835710\"},{\"@type\":\"ListItem\",\"position\":2,\"name\":\"Sklep\",\"item\":\"https:\/\/shop.diolosa.com\/pl\/?page_id=3835710\"},{\"@type\":\"ListItem\",\"position\":3,\"name\":\"Sweet Baby\"}]},{\"@type\":\"WebSite\",\"@id\":\"https:\/\/shop.diolosa.com\/pl\/#website\",\"url\":\"https:\/\/shop.diolosa.com\/pl\/\",\"name\":\"Claude Diolosa\",\"description\":\"\",\"publisher\":{\"@id\":\"https:\/\/shop.diolosa.com\/pl\/#organization\"},\"potentialAction\":[{\"@type\":\"SearchAction\",\"target\":{\"@type\":\"EntryPoint\",\"urlTemplate\":\"https:\/\/shop.diolosa.com\/pl\/?s={search_term_string}\"},\"query-input\":{\"@type\":\"PropertyValueSpecification\",\"valueRequired\":true,\"valueName\":\"search_term_string\"}}],\"inLanguage\":\"pl-PL\"},{\"@type\":\"Organization\",\"@id\":\"https:\/\/shop.diolosa.com\/pl\/#organization\",\"name\":\"Claude Diolosa\",\"url\":\"https:\/\/shop.diolosa.com\/pl\/\",\"logo\":{\"@type\":\"ImageObject\",\"inLanguage\":\"pl-PL\",\"@id\":\"https:\/\/shop.diolosa.com\/pl\/#\/schema\/logo\/image\/\",\"url\":\"https:\/\/shop.diolosa.com\/wp-content\/uploads\/2019\/08\/diolosa-drop-logo-new.png\",\"contentUrl\":\"https:\/\/shop.diolosa.com\/wp-content\/uploads\/2019\/08\/diolosa-drop-logo-new.png\",\"width\":134,\"height\":176,\"caption\":\"Claude Diolosa\"},\"image\":{\"@id\":\"https:\/\/shop.diolosa.com\/pl\/#\/schema\/logo\/image\/\"},\"sameAs\":[\"https:\/\/facebook.com\/claudediolosa\",\"https:\/\/www.instagram.com\/diolosaclaude108\/\"]}]}<\/script>\n<!-- \/ Yoast SEO plugin. -->","yoast_head_json":{"title":"Sweet Baby - Claude Diolosa","robots":{"index":"index","follow":"follow","max-snippet":"max-snippet:-1","max-image-preview":"max-image-preview:large","max-video-preview":"max-video-preview:-1"},"canonical":"https:\/\/shop.diolosa.com\/pl\/product\/sweet-baby\/","og_locale":"pl_PL","og_type":"article","og_title":"Sweet Baby - Claude Diolosa","og_description":"SWEET BABY jest stosowany w leczeniu cukrzycy ci\u0105\u017cowej. Preparat ten [...]","og_url":"https:\/\/shop.diolosa.com\/pl\/product\/sweet-baby\/","og_site_name":"Claude Diolosa","article_publisher":"https:\/\/facebook.com\/claudediolosa","article_modified_time":"2025-05-06T13:51:09+00:00","og_image":[{"width":800,"height":533,"url":"https:\/\/shop.diolosa.com\/wp-content\/uploads\/2019\/09\/Presslinge-140.jpg","type":"image\/jpeg"}],"twitter_card":"summary_large_image","schema":{"@context":"https:\/\/schema.org","@graph":[{"@type":"WebPage","@id":"https:\/\/shop.diolosa.com\/pl\/product\/sweet-baby\/","url":"https:\/\/shop.diolosa.com\/pl\/product\/sweet-baby\/","name":"Sweet Baby - Claude Diolosa","isPartOf":{"@id":"https:\/\/shop.diolosa.com\/pl\/#website"},"primaryImageOfPage":{"@id":"https:\/\/shop.diolosa.com\/pl\/product\/sweet-baby\/#primaryimage"},"image":{"@id":"https:\/\/shop.diolosa.com\/pl\/product\/sweet-baby\/#primaryimage"},"thumbnailUrl":"https:\/\/shop.diolosa.com\/wp-content\/uploads\/2019\/09\/Presslinge-140.jpg","datePublished":"2025-03-10T05:57:15+00:00","dateModified":"2025-05-06T13:51:09+00:00","breadcrumb":{"@id":"https:\/\/shop.diolosa.com\/pl\/product\/sweet-baby\/#breadcrumb"},"inLanguage":"pl-PL","potentialAction":[{"@type":"ReadAction","target":["https:\/\/shop.diolosa.com\/pl\/product\/sweet-baby\/"]}]},{"@type":"ImageObject","inLanguage":"pl-PL","@id":"https:\/\/shop.diolosa.com\/pl\/product\/sweet-baby\/#primaryimage","url":"https:\/\/shop.diolosa.com\/wp-content\/uploads\/2019\/09\/Presslinge-140.jpg","contentUrl":"https:\/\/shop.diolosa.com\/wp-content\/uploads\/2019\/09\/Presslinge-140.jpg","width":800,"height":533},{"@type":"BreadcrumbList","@id":"https:\/\/shop.diolosa.com\/pl\/product\/sweet-baby\/#breadcrumb","itemListElement":[{"@type":"ListItem","position":1,"name":"Startseite","item":"https:\/\/shop.diolosa.com\/pl\/?page_id=3835710"},{"@type":"ListItem","position":2,"name":"Sklep","item":"https:\/\/shop.diolosa.com\/pl\/?page_id=3835710"},{"@type":"ListItem","position":3,"name":"Sweet Baby"}]},{"@type":"WebSite","@id":"https:\/\/shop.diolosa.com\/pl\/#website","url":"https:\/\/shop.diolosa.com\/pl\/","name":"Claude Diolosa","description":"","publisher":{"@id":"https:\/\/shop.diolosa.com\/pl\/#organization"},"potentialAction":[{"@type":"SearchAction","target":{"@type":"EntryPoint","urlTemplate":"https:\/\/shop.diolosa.com\/pl\/?s={search_term_string}"},"query-input":{"@type":"PropertyValueSpecification","valueRequired":true,"valueName":"search_term_string"}}],"inLanguage":"pl-PL"},{"@type":"Organization","@id":"https:\/\/shop.diolosa.com\/pl\/#organization","name":"Claude Diolosa","url":"https:\/\/shop.diolosa.com\/pl\/","logo":{"@type":"ImageObject","inLanguage":"pl-PL","@id":"https:\/\/shop.diolosa.com\/pl\/#\/schema\/logo\/image\/","url":"https:\/\/shop.diolosa.com\/wp-content\/uploads\/2019\/08\/diolosa-drop-logo-new.png","contentUrl":"https:\/\/shop.diolosa.com\/wp-content\/uploads\/2019\/08\/diolosa-drop-logo-new.png","width":134,"height":176,"caption":"Claude Diolosa"},"image":{"@id":"https:\/\/shop.diolosa.com\/pl\/#\/schema\/logo\/image\/"},"sameAs":["https:\/\/facebook.com\/claudediolosa","https:\/\/www.instagram.com\/diolosaclaude108\/"]}]}},"_links":{"self":[{"href":"https:\/\/shop.diolosa.com\/pl\/wp-json\/wp\/v2\/product\/3841154","targetHints":{"allow":["GET"]}}],"collection":[{"href":"https:\/\/shop.diolosa.com\/pl\/wp-json\/wp\/v2\/product"}],"about":[{"href":"https:\/\/shop.diolosa.com\/pl\/wp-json\/wp\/v2\/types\/product"}],"wp:featuredmedia":[{"embeddable":true,"href":"https:\/\/shop.diolosa.com\/pl\/wp-json\/wp\/v2\/media\/3835943"}],"wp:attachment":[{"href":"https:\/\/shop.diolosa.com\/pl\/wp-json\/wp\/v2\/media?parent=3841154"}],"wp:term":[{"taxonomy":"product_brand","embeddable":true,"href":"https:\/\/shop.diolosa.com\/pl\/wp-json\/wp\/v2\/product_brand?post=3841154"},{"taxonomy":"product_cat","embeddable":true,"href":"https:\/\/shop.diolosa.com\/pl\/wp-json\/wp\/v2\/product_cat?post=3841154"},{"taxonomy":"product_tag","embeddable":true,"href":"https:\/\/shop.diolosa.com\/pl\/wp-json\/wp\/v2\/product_tag?post=3841154"}],"curies":[{"name":"wp","href":"https:\/\/api.w.org\/{rel}","templated":true}]}}