{"id":3841158,"date":"2019-09-04T12:14:20","date_gmt":"2025-03-10T05:57:16","guid":{"rendered":"https:\/\/shop.diolosa.com\/product\/hera\/"},"modified":"2025-05-06T14:52:06","modified_gmt":"2025-05-06T13:52:06","slug":"hera","status":"publish","type":"product","link":"https:\/\/shop.diolosa.com\/pl\/product\/hera\/","title":{"rendered":"Hera"},"content":{"rendered":"<p>HERA jest stosowana w leczeniu periarthritis humeroscapularis lub zespo\u0142u zamro\u017conego barku. Ten zio\u0142owy preparat usuwa wiatr, zimno i mokry PE z okolicy barku i szyi, rozpuszcza przekrwienie, stymuluje kr\u0105\u017cenie krwi, otwiera naczynia LUO i \u0142agodzi b\u00f3l. Sk\u0142ad tej formu\u0142y jest bardzo silny i wysoce skuteczny. Jednak w przypadku Mokrego Ciep\u0142a, zastoju krwi z Ciep\u0142a Krwi lub niedoboru Yin z Pustym Ciep\u0142em, preparat ten jest przeciwwskazany. Dok\u0142adna diagnostyka r\u00f3\u017cnicowa ma kluczowe znaczenie dla unikni\u0119cia skutk\u00f3w ubocznych.<\/p>\n","protected":false},"excerpt":{"rendered":"<p>HERA jest stosowana w leczeniu periarthritis humeroscapularis lub zespo\u0142u zamro\u017conego  [&#8230;]<\/p>\n","protected":false},"featured_media":3835943,"template":"","meta":{"_acf_changed":false},"product_brand":[],"product_cat":[11784],"product_tag":[12274],"class_list":{"0":"post-3841158","1":"product","2":"type-product","3":"status-publish","4":"has-post-thumbnail","6":"product_cat-medycyna-sportowa","7":"product_tag-zespol-barku","9":"first","10":"instock","11":"taxable","12":"shipping-taxable","13":"purchasable","14":"product-type-simple"},"acf":{"yn_product_audio":"https:\/\/shop.diolosa.com\/wp-content\/uploads\/2018\/12\/DL_0980.mp3","yn_product_akupunktur":"<p>Punkty miejscowe &#8211; punkty b\u00f3lowe z ig\u0142ami ogniowymi i moks\u0105  <\/p>\n<p>Klasyczne punkty na ramieniu<br \/>\njelito grube 15 &#8211; jian yu (yang qiao mai) &#8211; moksa<br \/>\nsan chiao 14 &#8211; jian liao &#8211; moksa<br \/>\njelito cienkie 9 &#8211; jian zhen &#8211; moksa<br \/>\njianqian (M-UE-48 &#8211; rami\u0119) &#8211; moksa<\/p>\n<p>Jelito grube<br \/>\njelito grube 14 &#8211; bi nao (jelito cienkie) &#8211; xie fa<br \/>\njelito grube 15 &#8211; jian yu (yang qiao mai) &#8211; xie fa<br \/>\njelito grube 6 &#8211; pian li (luo) &#8211; xie fa<br \/>\njelito grube 7 &#8211; wen liu (xi) &#8211; xie fa<br \/>\njelito grube 4 &#8211; he gu (yuan) &#8211; xie fa  <\/p>\n<p>Jelito cienkie<br \/>\njelito cienkie 4 &#8211; wang gu (yuan) &#8211; xie fa<br \/>\njelito cienkie 6 &#8211; yang lao (xi) &#8211; xie fa<br \/>\njelito cienkie 9 &#8211; jian zhen &#8211; xie fa<\/p>\n<p>San Chiao<br \/>\nsan chiao 14 &#8211; jian liao &#8211; xie fa<br \/>\nsan chiao 15 &#8211; tian lao (woreczek \u017c\u00f3\u0142ciowy, yang qiao mai) &#8211; xie fa<br \/>\nsan chiao 7 &#8211; hui zong (xi) &#8211; xie fa<br \/>\nsan chiao 5 &#8211; wai guan (yang wei mai, luo) &#8211; xie fa  <\/p>\n<p>Lunge<br \/>\nlunge 7 &#8211; lie que (luo, ren mai, gao wu, ma da yang) &#8211; xie fa<br \/>\nlunge 6 &#8211; kong zui (xi) &#8211; xie fa<br \/>\nbubble 13 &#8211; fei shu &#8211; xie<br \/>\nbubble 12 &#8211; feng men (du mai) &#8211; xie fa<br \/>\ndu mai 14 &#8211; da zhui (jezioro qi) &#8211; xie fa<\/p>\n<p>Uczyni\u0107 Yang Minga przepuszczalnym i wydali\u0107 flegm\u0119<br \/>\n\u017co\u0142\u0105dek 40 &#8211; feng long (luo) &#8211; xie fa<br \/>\n\u017co\u0142\u0105dek 25 &#8211; tian shu (mo &#8211; jelito grube) &#8211; xie fa<br \/>\n\u017co\u0142\u0105dek 37 &#8211; shang ju xu (xia he xue &#8211; jelito grube, jezioro krwi, chong mai) &#8211; xie fa<br \/>\njelito grube 4 &#8211; he gu (yuan) &#8211; xie fa  <\/p>\n<p>Pozb\u0105d\u017a si\u0119 wiatru, zimna i wilgoci<br \/>\nba\u0144ka 12 &#8211; feng men (du mai) &#8211; xie fa &#8211; moxa<br \/>\nba\u0144ka 13 &#8211; fei shu &#8211; xie fa &#8211; moxa<br \/>\nyou mai 14 &#8211; da zhui (jezioro qi) &#8211; xie fa &#8211; moxa<br \/>\nworeczek \u017c\u00f3\u0142ciowy 20 &#8211; feng chi (san chiao, yang wei mai) &#8211; xie fa<br \/>\ndu mai 16 &#8211; feng fu (jezioro szpiku kostnego, yang wei mai, gui) &#8211; xie fa<br \/>\nlon\u017ca 7 &#8211; lie que (luo, ren mai, gao wu, ma da yang) &#8211; xie fa<br \/>\ndwukropek 4 &#8211; he gu (yuan) &#8211; xie fa<br \/>\nsan chiao 5 &#8211; wai guan (yang wei mai, luo) &#8211; xie fa<\/p>\n","yn_product_verabreichungsart":"Pelety 140szt.","yn_product_dosierung":"<p>3 x 4 do 10 tabletek dziennie przez okres do 12 dni<\/p>\n","yn_product_combinations":"<p>COLD EASY MOVEMENT (reumatyzm Feng Shi Han), NIRIPSA (b\u00f3l), FREE FLOW TABLETS (urazy), FREE FLOW GEL, OIL i SPRAY (urazy &#8211; stosowa\u0107 i wmasowywa\u0107 kilka razy dziennie)<\/p>\n","yn_product_avoidable":"<p>Zimne napoje i \u017cywno\u015b\u0107, surowe warzywa, og\u00f3rki, pomidory, bak\u0142a\u017cany, owoce, owoce cytrusowe, soki owocowe, mleko ry\u017cowe, mleko sojowe, jogurt, mleko, cukier i lody.<\/p>\n","yn_product_tcm_mindmapping":"<p>Wiatr, wilgo\u0107 i zimno PE > zast\u00f3j Qi i krwi > opalenizna > b\u00f3l lub p\u00f3\u017ane skutki urazu > zast\u00f3j Qi i krwi > opalenizna > podatno\u015b\u0107 na wiatr, zimno i wilgo\u0107 PE<\/p>\n","yn_product_tongue_body":"<p>Opuchni\u0119te, szerokie i blade, plamiste kraw\u0119dzie (wt\u00f3rny zast\u00f3j krwi wywo\u0142any przez Feng Shi Han)<\/p>\n","yn_product_tongue_coating":"<p>Cienki, bia\u0142y i wilgotny<\/p>\n","yn_product_pulse_diagnostics":"<p>fu mai &#8211; powierzchowny, jin mai &#8211; ciasny lub ru mai &#8211; mi\u0119kki, se mai &#8211; szorstki, xian mai &#8211; napi\u0119ty<\/p>\n","yn_product_indications":"<p>B\u00f3l barku, choroba zwyrodnieniowa staw\u00f3w, zapalenie oko\u0142ostawowe, zamro\u017cone rami\u0119, ograniczony ruch z pogorszeniem z powodu zimna i wilgoci wiatru, ale tak\u017ce z powodu zimnego jedzenia, napoj\u00f3w i przewlek\u0142ych zapar\u0107 z powodu niedoboru Yang i zimnej stagnacji Yang Ming.<\/p>\n","yn_product_contra_indications":"<p>Niedob\u00f3r Yin i Puste Ciep\u0142o, Ciep\u0142o Krwi, leki kr\u0105\u017ceniowe, krwotok, nadci\u015bnienie, zawroty g\u0142owy i zapalenie uszu spowodowane niedoborem Yin i od\u0142\u0105czeniem Yang.<\/p>\n","yn_product_pregnancy":"<p>Przeciwwskazane<\/p>\n","yn_product_herbs":"<p>curcumae rhizoma &#8211; jiang huang, mori ramulus &#8211; sang zhi, notopterygium radix et rhizoma &#8211; qiang huo, ramulus cinamomi &#8211; gui zhi, ledebouriellae divaricatae radix &#8211; fang feng, angelicae sinensis par caudensis radix &#8211; dang gui wei, spatholobi seu milletiae caulis &#8211; ji xue teng<\/p>\n","yn_product_magisterrecipes":"<p>Jia Wei Ge Gen Tang, Ge Gen Tang, Ge Gen Jia Ban Xia Tang, Chai Hu Gui Zhi Tang, Jiang Ning San, Huo Luo Xiao Ling Dan<\/p>\n","yn_product_video":"https:\/\/shop.diolosa.com\/wp-content\/uploads\/2026\/03\/Herakles.mp4"},"yoast_head":"<!-- This site is optimized with the Yoast SEO plugin v24.9 - https:\/\/yoast.com\/wordpress\/plugins\/seo\/ -->\n<title>Hera - Claude Diolosa<\/title>\n<meta name=\"robots\" content=\"index, follow, max-snippet:-1, max-image-preview:large, max-video-preview:-1\" \/>\n<link rel=\"canonical\" href=\"https:\/\/shop.diolosa.com\/pl\/product\/hera\/\" \/>\n<meta property=\"og:locale\" content=\"pl_PL\" \/>\n<meta property=\"og:type\" content=\"article\" \/>\n<meta property=\"og:title\" content=\"Hera - Claude Diolosa\" \/>\n<meta property=\"og:description\" content=\"HERA jest stosowana w leczeniu periarthritis humeroscapularis lub zespo\u0142u zamro\u017conego [...]\" \/>\n<meta property=\"og:url\" content=\"https:\/\/shop.diolosa.com\/pl\/product\/hera\/\" \/>\n<meta property=\"og:site_name\" content=\"Claude Diolosa\" \/>\n<meta property=\"article:publisher\" content=\"https:\/\/facebook.com\/claudediolosa\" \/>\n<meta property=\"article:modified_time\" content=\"2025-05-06T13:52:06+00:00\" \/>\n<meta property=\"og:image\" content=\"https:\/\/shop.diolosa.com\/wp-content\/uploads\/2019\/09\/Presslinge-140.jpg\" \/>\n\t<meta property=\"og:image:width\" content=\"800\" \/>\n\t<meta property=\"og:image:height\" content=\"533\" \/>\n\t<meta property=\"og:image:type\" content=\"image\/jpeg\" \/>\n<meta name=\"twitter:card\" content=\"summary_large_image\" \/>\n<script type=\"application\/ld+json\" class=\"yoast-schema-graph\">{\"@context\":\"https:\/\/schema.org\",\"@graph\":[{\"@type\":\"WebPage\",\"@id\":\"https:\/\/shop.diolosa.com\/pl\/product\/hera\/\",\"url\":\"https:\/\/shop.diolosa.com\/pl\/product\/hera\/\",\"name\":\"Hera - Claude Diolosa\",\"isPartOf\":{\"@id\":\"https:\/\/shop.diolosa.com\/pl\/#website\"},\"primaryImageOfPage\":{\"@id\":\"https:\/\/shop.diolosa.com\/pl\/product\/hera\/#primaryimage\"},\"image\":{\"@id\":\"https:\/\/shop.diolosa.com\/pl\/product\/hera\/#primaryimage\"},\"thumbnailUrl\":\"https:\/\/shop.diolosa.com\/wp-content\/uploads\/2019\/09\/Presslinge-140.jpg\",\"datePublished\":\"2025-03-10T05:57:16+00:00\",\"dateModified\":\"2025-05-06T13:52:06+00:00\",\"breadcrumb\":{\"@id\":\"https:\/\/shop.diolosa.com\/pl\/product\/hera\/#breadcrumb\"},\"inLanguage\":\"pl-PL\",\"potentialAction\":[{\"@type\":\"ReadAction\",\"target\":[\"https:\/\/shop.diolosa.com\/pl\/product\/hera\/\"]}]},{\"@type\":\"ImageObject\",\"inLanguage\":\"pl-PL\",\"@id\":\"https:\/\/shop.diolosa.com\/pl\/product\/hera\/#primaryimage\",\"url\":\"https:\/\/shop.diolosa.com\/wp-content\/uploads\/2019\/09\/Presslinge-140.jpg\",\"contentUrl\":\"https:\/\/shop.diolosa.com\/wp-content\/uploads\/2019\/09\/Presslinge-140.jpg\",\"width\":800,\"height\":533},{\"@type\":\"BreadcrumbList\",\"@id\":\"https:\/\/shop.diolosa.com\/pl\/product\/hera\/#breadcrumb\",\"itemListElement\":[{\"@type\":\"ListItem\",\"position\":1,\"name\":\"Startseite\",\"item\":\"https:\/\/shop.diolosa.com\/pl\/?page_id=3835710\"},{\"@type\":\"ListItem\",\"position\":2,\"name\":\"Sklep\",\"item\":\"https:\/\/shop.diolosa.com\/pl\/?page_id=3835710\"},{\"@type\":\"ListItem\",\"position\":3,\"name\":\"Hera\"}]},{\"@type\":\"WebSite\",\"@id\":\"https:\/\/shop.diolosa.com\/pl\/#website\",\"url\":\"https:\/\/shop.diolosa.com\/pl\/\",\"name\":\"Claude Diolosa\",\"description\":\"\",\"publisher\":{\"@id\":\"https:\/\/shop.diolosa.com\/pl\/#organization\"},\"potentialAction\":[{\"@type\":\"SearchAction\",\"target\":{\"@type\":\"EntryPoint\",\"urlTemplate\":\"https:\/\/shop.diolosa.com\/pl\/?s={search_term_string}\"},\"query-input\":{\"@type\":\"PropertyValueSpecification\",\"valueRequired\":true,\"valueName\":\"search_term_string\"}}],\"inLanguage\":\"pl-PL\"},{\"@type\":\"Organization\",\"@id\":\"https:\/\/shop.diolosa.com\/pl\/#organization\",\"name\":\"Claude Diolosa\",\"url\":\"https:\/\/shop.diolosa.com\/pl\/\",\"logo\":{\"@type\":\"ImageObject\",\"inLanguage\":\"pl-PL\",\"@id\":\"https:\/\/shop.diolosa.com\/pl\/#\/schema\/logo\/image\/\",\"url\":\"https:\/\/shop.diolosa.com\/wp-content\/uploads\/2019\/08\/diolosa-drop-logo-new.png\",\"contentUrl\":\"https:\/\/shop.diolosa.com\/wp-content\/uploads\/2019\/08\/diolosa-drop-logo-new.png\",\"width\":134,\"height\":176,\"caption\":\"Claude Diolosa\"},\"image\":{\"@id\":\"https:\/\/shop.diolosa.com\/pl\/#\/schema\/logo\/image\/\"},\"sameAs\":[\"https:\/\/facebook.com\/claudediolosa\",\"https:\/\/www.instagram.com\/diolosaclaude108\/\"]}]}<\/script>\n<!-- \/ Yoast SEO plugin. -->","yoast_head_json":{"title":"Hera - Claude Diolosa","robots":{"index":"index","follow":"follow","max-snippet":"max-snippet:-1","max-image-preview":"max-image-preview:large","max-video-preview":"max-video-preview:-1"},"canonical":"https:\/\/shop.diolosa.com\/pl\/product\/hera\/","og_locale":"pl_PL","og_type":"article","og_title":"Hera - Claude Diolosa","og_description":"HERA jest stosowana w leczeniu periarthritis humeroscapularis lub zespo\u0142u zamro\u017conego [...]","og_url":"https:\/\/shop.diolosa.com\/pl\/product\/hera\/","og_site_name":"Claude Diolosa","article_publisher":"https:\/\/facebook.com\/claudediolosa","article_modified_time":"2025-05-06T13:52:06+00:00","og_image":[{"width":800,"height":533,"url":"https:\/\/shop.diolosa.com\/wp-content\/uploads\/2019\/09\/Presslinge-140.jpg","type":"image\/jpeg"}],"twitter_card":"summary_large_image","schema":{"@context":"https:\/\/schema.org","@graph":[{"@type":"WebPage","@id":"https:\/\/shop.diolosa.com\/pl\/product\/hera\/","url":"https:\/\/shop.diolosa.com\/pl\/product\/hera\/","name":"Hera - Claude Diolosa","isPartOf":{"@id":"https:\/\/shop.diolosa.com\/pl\/#website"},"primaryImageOfPage":{"@id":"https:\/\/shop.diolosa.com\/pl\/product\/hera\/#primaryimage"},"image":{"@id":"https:\/\/shop.diolosa.com\/pl\/product\/hera\/#primaryimage"},"thumbnailUrl":"https:\/\/shop.diolosa.com\/wp-content\/uploads\/2019\/09\/Presslinge-140.jpg","datePublished":"2025-03-10T05:57:16+00:00","dateModified":"2025-05-06T13:52:06+00:00","breadcrumb":{"@id":"https:\/\/shop.diolosa.com\/pl\/product\/hera\/#breadcrumb"},"inLanguage":"pl-PL","potentialAction":[{"@type":"ReadAction","target":["https:\/\/shop.diolosa.com\/pl\/product\/hera\/"]}]},{"@type":"ImageObject","inLanguage":"pl-PL","@id":"https:\/\/shop.diolosa.com\/pl\/product\/hera\/#primaryimage","url":"https:\/\/shop.diolosa.com\/wp-content\/uploads\/2019\/09\/Presslinge-140.jpg","contentUrl":"https:\/\/shop.diolosa.com\/wp-content\/uploads\/2019\/09\/Presslinge-140.jpg","width":800,"height":533},{"@type":"BreadcrumbList","@id":"https:\/\/shop.diolosa.com\/pl\/product\/hera\/#breadcrumb","itemListElement":[{"@type":"ListItem","position":1,"name":"Startseite","item":"https:\/\/shop.diolosa.com\/pl\/?page_id=3835710"},{"@type":"ListItem","position":2,"name":"Sklep","item":"https:\/\/shop.diolosa.com\/pl\/?page_id=3835710"},{"@type":"ListItem","position":3,"name":"Hera"}]},{"@type":"WebSite","@id":"https:\/\/shop.diolosa.com\/pl\/#website","url":"https:\/\/shop.diolosa.com\/pl\/","name":"Claude Diolosa","description":"","publisher":{"@id":"https:\/\/shop.diolosa.com\/pl\/#organization"},"potentialAction":[{"@type":"SearchAction","target":{"@type":"EntryPoint","urlTemplate":"https:\/\/shop.diolosa.com\/pl\/?s={search_term_string}"},"query-input":{"@type":"PropertyValueSpecification","valueRequired":true,"valueName":"search_term_string"}}],"inLanguage":"pl-PL"},{"@type":"Organization","@id":"https:\/\/shop.diolosa.com\/pl\/#organization","name":"Claude Diolosa","url":"https:\/\/shop.diolosa.com\/pl\/","logo":{"@type":"ImageObject","inLanguage":"pl-PL","@id":"https:\/\/shop.diolosa.com\/pl\/#\/schema\/logo\/image\/","url":"https:\/\/shop.diolosa.com\/wp-content\/uploads\/2019\/08\/diolosa-drop-logo-new.png","contentUrl":"https:\/\/shop.diolosa.com\/wp-content\/uploads\/2019\/08\/diolosa-drop-logo-new.png","width":134,"height":176,"caption":"Claude Diolosa"},"image":{"@id":"https:\/\/shop.diolosa.com\/pl\/#\/schema\/logo\/image\/"},"sameAs":["https:\/\/facebook.com\/claudediolosa","https:\/\/www.instagram.com\/diolosaclaude108\/"]}]}},"_links":{"self":[{"href":"https:\/\/shop.diolosa.com\/pl\/wp-json\/wp\/v2\/product\/3841158","targetHints":{"allow":["GET"]}}],"collection":[{"href":"https:\/\/shop.diolosa.com\/pl\/wp-json\/wp\/v2\/product"}],"about":[{"href":"https:\/\/shop.diolosa.com\/pl\/wp-json\/wp\/v2\/types\/product"}],"wp:featuredmedia":[{"embeddable":true,"href":"https:\/\/shop.diolosa.com\/pl\/wp-json\/wp\/v2\/media\/3835943"}],"wp:attachment":[{"href":"https:\/\/shop.diolosa.com\/pl\/wp-json\/wp\/v2\/media?parent=3841158"}],"wp:term":[{"taxonomy":"product_brand","embeddable":true,"href":"https:\/\/shop.diolosa.com\/pl\/wp-json\/wp\/v2\/product_brand?post=3841158"},{"taxonomy":"product_cat","embeddable":true,"href":"https:\/\/shop.diolosa.com\/pl\/wp-json\/wp\/v2\/product_cat?post=3841158"},{"taxonomy":"product_tag","embeddable":true,"href":"https:\/\/shop.diolosa.com\/pl\/wp-json\/wp\/v2\/product_tag?post=3841158"}],"curies":[{"name":"wp","href":"https:\/\/api.w.org\/{rel}","templated":true}]}}