{"id":3841163,"date":"2019-09-04T12:14:20","date_gmt":"2025-03-10T05:57:19","guid":{"rendered":"https:\/\/shop.diolosa.com\/product\/niripsa\/"},"modified":"2025-05-06T14:51:28","modified_gmt":"2025-05-06T13:51:28","slug":"niripsa","status":"publish","type":"product","link":"https:\/\/shop.diolosa.com\/pl\/product\/niripsa\/","title":{"rendered":"Niripsa"},"content":{"rendered":"<p>NIRIPSA zosta\u0142a opracowana specjalnie do leczenia b\u00f3lu. Ta zio\u0142owa formu\u0142a usuwa zast\u00f3j krwi i qi, otwiera kana\u0142y serca, uspokaja, chroni przed zakrzepic\u0105, wspomaga gojenie si\u0119 ran i \u0142agodzi b\u00f3l. NIRIPSA powinna by\u0107 uwa\u017cana za lek dora\u017any i mo\u017ce by\u0107 stosowana w przypadku wielu rodzaj\u00f3w b\u00f3lu: B\u00f3l g\u0142owy, migrena, b\u00f3le menstruacyjne, b\u00f3le plec\u00f3w, p\u00f3\u017ane skutki operacji, b\u00f3le zapalne, dusznica bolesna itp.<\/p>\n","protected":false},"excerpt":{"rendered":"<p>NIRIPSA zosta\u0142a opracowana specjalnie do leczenia b\u00f3lu. Ta zio\u0142owa formu\u0142a  [&#8230;]<\/p>\n","protected":false},"featured_media":3835943,"template":"","meta":{"_acf_changed":false},"product_brand":[],"product_cat":[11784],"product_tag":[12277],"class_list":{"0":"post-3841163","1":"product","2":"type-product","3":"status-publish","4":"has-post-thumbnail","6":"product_cat-medycyna-sportowa","7":"product_tag-bol-ogolny","9":"first","10":"instock","11":"taxable","12":"shipping-taxable","13":"purchasable","14":"product-type-simple"},"acf":{"yn_product_video":"https:\/\/shop.diolosa.com\/wp-content\/uploads\/2019\/09\/Niripsa.mp4","yn_product_akupunktur":"<p>Punkty Shen uspokajaj\u0105ce umys\u0142 i u\u0142atwiaj\u0105ce zasypianie<br \/>\nsi shen cong &#8211; M-HN-1 (m\u00f3zg, cns) &#8211; xie fa<br \/>\ndu mai 24 &#8211; shen ting (p\u0119cherz, \u017co\u0142\u0105dek. gui, gui) &#8211; xie fa<br \/>\nyin tang &#8211; M-HN-3 &#8211; xie fa<br \/>\ncirculation 6 &#8211; nei guan (luo, yin wei mai) &#8211; xie fa<br \/>\nheart 7 &#8211; shen men (shu, yuan) &#8211; xie fa <\/p>\n<p>U\u017cyj punkt\u00f3w Ah-Shi (lokalnych) i punkt\u00f3w XI.<\/p>\n","yn_product_verabreichungsart":"Pelety 140szt.","yn_product_dosierung":"<p>3 x 4 do 10 tabletek dziennie<\/p>\n","yn_product_combinations":"<p>FREE FLOW TABLETS (urazy), FREE FLOW GEL, OIL i SPRAY (urazy &#8211; nak\u0142ada\u0107 i wmasowywa\u0107 kilka razy dziennie), IRON DROPS na utrat\u0119 krwi, SEA OF QI i LIFE ERNERGY na zapa\u015b\u0107 Qi<\/p>\n","yn_product_avoidable":"<p>Zimne jedzenie i napoje<\/p>\n","yn_product_tcm_mindmapping":"<p>Zast\u00f3j Qi i krwi > B\u00f3l<\/p>\n","yn_product_tongue_body":"<p>Obrz\u0119k i plamy<\/p>\n","yn_product_tongue_coating":"<p>Bia\u0142y<\/p>\n","yn_product_pulse_diagnostics":"<p>xian mai &#8211; napi\u0119ty, se mai &#8211; szorstki<br \/>\nTense-Xian Mai, Rough-Se Mai<\/p>\n","yn_product_indications":"<p>Preparat ten mo\u017ce by\u0107 stosowany we wszystkich rodzajach b\u00f3lu spowodowanego zastojem Qi i krwi: B\u00f3le g\u0142owy, skurcze menstruacyjne, p\u00f3\u017ane skutki uraz\u00f3w, p\u00f3\u017ane skutki operacji, b\u00f3le staw\u00f3w, dusznica bolesna<\/p>\n","yn_product_contra_indications":"<p>Krwawienie, preparaty rozrzedzaj\u0105ce krew. Ten preparat zawiera zio\u0142a, kt\u00f3re znajduj\u0105 si\u0119 na li\u015bcie \u015brodk\u00f3w dopinguj\u0105cych i dlatego nie powinien by\u0107 przyjmowany przed mistrzostwami. <\/p>\n","yn_product_pregnancy":"<p>Przeciwwskazane<\/p>\n","yn_product_herbs":"<p>cyperi rhizoma &#8211; xiang fu, corydalis rhizoma &#8211; yan hu suo, glycyrrhizae uralensis radix &#8211; gan cao, bingpian &#8211; borneolum (dryobalanops aromitaca), ligusticii rhizoma &#8211; chuan xiong, ephedrae herba &#8211; ma huang<\/p>\n","yn_product_magisterrecipes":"<p>Huo Luo Xiao Ling Dan, Shi Xiao San, Xue Fu Zhu Yu Tang<\/p>\n","yn_product_audio":"https:\/\/shop.diolosa.com\/wp-content\/uploads\/2026\/03\/Niripsa.m4a"},"yoast_head":"<!-- This site is optimized with the Yoast SEO plugin v24.9 - https:\/\/yoast.com\/wordpress\/plugins\/seo\/ -->\n<title>Niripsa - Claude Diolosa<\/title>\n<meta name=\"robots\" content=\"index, follow, max-snippet:-1, max-image-preview:large, max-video-preview:-1\" \/>\n<link rel=\"canonical\" href=\"https:\/\/shop.diolosa.com\/pl\/product\/niripsa\/\" \/>\n<meta property=\"og:locale\" content=\"pl_PL\" \/>\n<meta property=\"og:type\" content=\"article\" \/>\n<meta property=\"og:title\" content=\"Niripsa - Claude Diolosa\" \/>\n<meta property=\"og:description\" content=\"NIRIPSA zosta\u0142a opracowana specjalnie do leczenia b\u00f3lu. Ta zio\u0142owa formu\u0142a [...]\" \/>\n<meta property=\"og:url\" content=\"https:\/\/shop.diolosa.com\/pl\/product\/niripsa\/\" \/>\n<meta property=\"og:site_name\" content=\"Claude Diolosa\" \/>\n<meta property=\"article:publisher\" content=\"https:\/\/facebook.com\/claudediolosa\" \/>\n<meta property=\"article:modified_time\" content=\"2025-05-06T13:51:28+00:00\" \/>\n<meta property=\"og:image\" content=\"https:\/\/shop.diolosa.com\/wp-content\/uploads\/2019\/09\/Presslinge-140.jpg\" \/>\n\t<meta property=\"og:image:width\" content=\"800\" \/>\n\t<meta property=\"og:image:height\" content=\"533\" \/>\n\t<meta property=\"og:image:type\" content=\"image\/jpeg\" \/>\n<meta name=\"twitter:card\" content=\"summary_large_image\" \/>\n<script type=\"application\/ld+json\" class=\"yoast-schema-graph\">{\"@context\":\"https:\/\/schema.org\",\"@graph\":[{\"@type\":\"WebPage\",\"@id\":\"https:\/\/shop.diolosa.com\/pl\/product\/niripsa\/\",\"url\":\"https:\/\/shop.diolosa.com\/pl\/product\/niripsa\/\",\"name\":\"Niripsa - Claude Diolosa\",\"isPartOf\":{\"@id\":\"https:\/\/shop.diolosa.com\/pl\/#website\"},\"primaryImageOfPage\":{\"@id\":\"https:\/\/shop.diolosa.com\/pl\/product\/niripsa\/#primaryimage\"},\"image\":{\"@id\":\"https:\/\/shop.diolosa.com\/pl\/product\/niripsa\/#primaryimage\"},\"thumbnailUrl\":\"https:\/\/shop.diolosa.com\/wp-content\/uploads\/2019\/09\/Presslinge-140.jpg\",\"datePublished\":\"2025-03-10T05:57:19+00:00\",\"dateModified\":\"2025-05-06T13:51:28+00:00\",\"breadcrumb\":{\"@id\":\"https:\/\/shop.diolosa.com\/pl\/product\/niripsa\/#breadcrumb\"},\"inLanguage\":\"pl-PL\",\"potentialAction\":[{\"@type\":\"ReadAction\",\"target\":[\"https:\/\/shop.diolosa.com\/pl\/product\/niripsa\/\"]}]},{\"@type\":\"ImageObject\",\"inLanguage\":\"pl-PL\",\"@id\":\"https:\/\/shop.diolosa.com\/pl\/product\/niripsa\/#primaryimage\",\"url\":\"https:\/\/shop.diolosa.com\/wp-content\/uploads\/2019\/09\/Presslinge-140.jpg\",\"contentUrl\":\"https:\/\/shop.diolosa.com\/wp-content\/uploads\/2019\/09\/Presslinge-140.jpg\",\"width\":800,\"height\":533},{\"@type\":\"BreadcrumbList\",\"@id\":\"https:\/\/shop.diolosa.com\/pl\/product\/niripsa\/#breadcrumb\",\"itemListElement\":[{\"@type\":\"ListItem\",\"position\":1,\"name\":\"Startseite\",\"item\":\"https:\/\/shop.diolosa.com\/pl\/?page_id=3835710\"},{\"@type\":\"ListItem\",\"position\":2,\"name\":\"Sklep\",\"item\":\"https:\/\/shop.diolosa.com\/pl\/?page_id=3835710\"},{\"@type\":\"ListItem\",\"position\":3,\"name\":\"Niripsa\"}]},{\"@type\":\"WebSite\",\"@id\":\"https:\/\/shop.diolosa.com\/pl\/#website\",\"url\":\"https:\/\/shop.diolosa.com\/pl\/\",\"name\":\"Claude Diolosa\",\"description\":\"\",\"publisher\":{\"@id\":\"https:\/\/shop.diolosa.com\/pl\/#organization\"},\"potentialAction\":[{\"@type\":\"SearchAction\",\"target\":{\"@type\":\"EntryPoint\",\"urlTemplate\":\"https:\/\/shop.diolosa.com\/pl\/?s={search_term_string}\"},\"query-input\":{\"@type\":\"PropertyValueSpecification\",\"valueRequired\":true,\"valueName\":\"search_term_string\"}}],\"inLanguage\":\"pl-PL\"},{\"@type\":\"Organization\",\"@id\":\"https:\/\/shop.diolosa.com\/pl\/#organization\",\"name\":\"Claude Diolosa\",\"url\":\"https:\/\/shop.diolosa.com\/pl\/\",\"logo\":{\"@type\":\"ImageObject\",\"inLanguage\":\"pl-PL\",\"@id\":\"https:\/\/shop.diolosa.com\/pl\/#\/schema\/logo\/image\/\",\"url\":\"https:\/\/shop.diolosa.com\/wp-content\/uploads\/2019\/08\/diolosa-drop-logo-new.png\",\"contentUrl\":\"https:\/\/shop.diolosa.com\/wp-content\/uploads\/2019\/08\/diolosa-drop-logo-new.png\",\"width\":134,\"height\":176,\"caption\":\"Claude Diolosa\"},\"image\":{\"@id\":\"https:\/\/shop.diolosa.com\/pl\/#\/schema\/logo\/image\/\"},\"sameAs\":[\"https:\/\/facebook.com\/claudediolosa\",\"https:\/\/www.instagram.com\/diolosaclaude108\/\"]}]}<\/script>\n<!-- \/ Yoast SEO plugin. -->","yoast_head_json":{"title":"Niripsa - Claude Diolosa","robots":{"index":"index","follow":"follow","max-snippet":"max-snippet:-1","max-image-preview":"max-image-preview:large","max-video-preview":"max-video-preview:-1"},"canonical":"https:\/\/shop.diolosa.com\/pl\/product\/niripsa\/","og_locale":"pl_PL","og_type":"article","og_title":"Niripsa - Claude Diolosa","og_description":"NIRIPSA zosta\u0142a opracowana specjalnie do leczenia b\u00f3lu. Ta zio\u0142owa formu\u0142a [...]","og_url":"https:\/\/shop.diolosa.com\/pl\/product\/niripsa\/","og_site_name":"Claude Diolosa","article_publisher":"https:\/\/facebook.com\/claudediolosa","article_modified_time":"2025-05-06T13:51:28+00:00","og_image":[{"width":800,"height":533,"url":"https:\/\/shop.diolosa.com\/wp-content\/uploads\/2019\/09\/Presslinge-140.jpg","type":"image\/jpeg"}],"twitter_card":"summary_large_image","schema":{"@context":"https:\/\/schema.org","@graph":[{"@type":"WebPage","@id":"https:\/\/shop.diolosa.com\/pl\/product\/niripsa\/","url":"https:\/\/shop.diolosa.com\/pl\/product\/niripsa\/","name":"Niripsa - Claude Diolosa","isPartOf":{"@id":"https:\/\/shop.diolosa.com\/pl\/#website"},"primaryImageOfPage":{"@id":"https:\/\/shop.diolosa.com\/pl\/product\/niripsa\/#primaryimage"},"image":{"@id":"https:\/\/shop.diolosa.com\/pl\/product\/niripsa\/#primaryimage"},"thumbnailUrl":"https:\/\/shop.diolosa.com\/wp-content\/uploads\/2019\/09\/Presslinge-140.jpg","datePublished":"2025-03-10T05:57:19+00:00","dateModified":"2025-05-06T13:51:28+00:00","breadcrumb":{"@id":"https:\/\/shop.diolosa.com\/pl\/product\/niripsa\/#breadcrumb"},"inLanguage":"pl-PL","potentialAction":[{"@type":"ReadAction","target":["https:\/\/shop.diolosa.com\/pl\/product\/niripsa\/"]}]},{"@type":"ImageObject","inLanguage":"pl-PL","@id":"https:\/\/shop.diolosa.com\/pl\/product\/niripsa\/#primaryimage","url":"https:\/\/shop.diolosa.com\/wp-content\/uploads\/2019\/09\/Presslinge-140.jpg","contentUrl":"https:\/\/shop.diolosa.com\/wp-content\/uploads\/2019\/09\/Presslinge-140.jpg","width":800,"height":533},{"@type":"BreadcrumbList","@id":"https:\/\/shop.diolosa.com\/pl\/product\/niripsa\/#breadcrumb","itemListElement":[{"@type":"ListItem","position":1,"name":"Startseite","item":"https:\/\/shop.diolosa.com\/pl\/?page_id=3835710"},{"@type":"ListItem","position":2,"name":"Sklep","item":"https:\/\/shop.diolosa.com\/pl\/?page_id=3835710"},{"@type":"ListItem","position":3,"name":"Niripsa"}]},{"@type":"WebSite","@id":"https:\/\/shop.diolosa.com\/pl\/#website","url":"https:\/\/shop.diolosa.com\/pl\/","name":"Claude Diolosa","description":"","publisher":{"@id":"https:\/\/shop.diolosa.com\/pl\/#organization"},"potentialAction":[{"@type":"SearchAction","target":{"@type":"EntryPoint","urlTemplate":"https:\/\/shop.diolosa.com\/pl\/?s={search_term_string}"},"query-input":{"@type":"PropertyValueSpecification","valueRequired":true,"valueName":"search_term_string"}}],"inLanguage":"pl-PL"},{"@type":"Organization","@id":"https:\/\/shop.diolosa.com\/pl\/#organization","name":"Claude Diolosa","url":"https:\/\/shop.diolosa.com\/pl\/","logo":{"@type":"ImageObject","inLanguage":"pl-PL","@id":"https:\/\/shop.diolosa.com\/pl\/#\/schema\/logo\/image\/","url":"https:\/\/shop.diolosa.com\/wp-content\/uploads\/2019\/08\/diolosa-drop-logo-new.png","contentUrl":"https:\/\/shop.diolosa.com\/wp-content\/uploads\/2019\/08\/diolosa-drop-logo-new.png","width":134,"height":176,"caption":"Claude Diolosa"},"image":{"@id":"https:\/\/shop.diolosa.com\/pl\/#\/schema\/logo\/image\/"},"sameAs":["https:\/\/facebook.com\/claudediolosa","https:\/\/www.instagram.com\/diolosaclaude108\/"]}]}},"_links":{"self":[{"href":"https:\/\/shop.diolosa.com\/pl\/wp-json\/wp\/v2\/product\/3841163","targetHints":{"allow":["GET"]}}],"collection":[{"href":"https:\/\/shop.diolosa.com\/pl\/wp-json\/wp\/v2\/product"}],"about":[{"href":"https:\/\/shop.diolosa.com\/pl\/wp-json\/wp\/v2\/types\/product"}],"wp:featuredmedia":[{"embeddable":true,"href":"https:\/\/shop.diolosa.com\/pl\/wp-json\/wp\/v2\/media\/3835943"}],"wp:attachment":[{"href":"https:\/\/shop.diolosa.com\/pl\/wp-json\/wp\/v2\/media?parent=3841163"}],"wp:term":[{"taxonomy":"product_brand","embeddable":true,"href":"https:\/\/shop.diolosa.com\/pl\/wp-json\/wp\/v2\/product_brand?post=3841163"},{"taxonomy":"product_cat","embeddable":true,"href":"https:\/\/shop.diolosa.com\/pl\/wp-json\/wp\/v2\/product_cat?post=3841163"},{"taxonomy":"product_tag","embeddable":true,"href":"https:\/\/shop.diolosa.com\/pl\/wp-json\/wp\/v2\/product_tag?post=3841163"}],"curies":[{"name":"wp","href":"https:\/\/api.w.org\/{rel}","templated":true}]}}