{"id":3841165,"date":"2019-09-04T12:14:20","date_gmt":"2025-03-10T05:57:20","guid":{"rendered":"https:\/\/shop.diolosa.com\/product\/hefajstos-1\/"},"modified":"2025-05-06T14:51:29","modified_gmt":"2025-05-06T13:51:29","slug":"hefajstos-1","status":"publish","type":"product","link":"https:\/\/shop.diolosa.com\/pl\/product\/hefajstos-1\/","title":{"rendered":"Hefajstos 1"},"content":{"rendered":"<p>HEPHAISTOS 1 zosta\u0142 opracowany do leczenia zapalenia kaletki kolana. Ten preparat zio\u0142owy ma dzia\u0142anie obkurczaj\u0105ce i przeciwzapalne, usuwa toksyny, porusza krew, wspomaga gojenie i \u0142agodzi b\u00f3l.<\/p>\n","protected":false},"excerpt":{"rendered":"<p>HEPHAISTOS 1 zosta\u0142 opracowany do leczenia zapalenia kaletki kolana. Ten  [&#8230;]<\/p>\n","protected":false},"featured_media":3835943,"template":"","meta":{"_acf_changed":false},"product_brand":[],"product_cat":[11784],"product_tag":[12279],"class_list":{"0":"post-3841165","1":"product","2":"type-product","3":"status-publish","4":"has-post-thumbnail","6":"product_cat-medycyna-sportowa","7":"product_tag-zapalenie-kaletki-kolano","9":"first","10":"instock","11":"taxable","12":"shipping-taxable","13":"purchasable","14":"product-type-simple"},"acf":{"yn_product_akupunktur":"<p>Leczenie miejscowe &#8211; punkty Ah-Shi<br \/>\nnei xi yan &#8211; dodatkowe punkty kolanowe<br \/>\n\u017co\u0142\u0105dek 35 &#8211; you bi &#8211; xie fa<br \/>\n\u017co\u0142\u0105dek 34 &#8211; liang qiu (xi) &#8211; xie fa<br \/>\np\u0119cherzyk \u017c\u00f3\u0142ciowy 34 &#8211; yang ling quan (he, xia he xue, gui) &#8211; xie fa<br \/>\n\u015bledziona 10 &#8211; xue hai (jezioro krwi) &#8211; xie fa<br \/>\n\u015bledziona 9 &#8211; yin ling quan (he) &#8211; xie fa<br \/>\n\u017co\u0142\u0105dek 36 &#8211; to san li (shu, xia he xue &#8211; \u017co\u0142\u0105dek, si hai xue, si zhong xue) &#8211; xie fa<br \/>\np\u0119cherz 40 &#8211; wei zhong (he, xia he xue &#8211; p\u0119cherz, xi krwi, Jing bie ni\/bl) &#8211; xie fa<br \/>\nw\u0105troba 8 &#8211; qu quan (he) &#8211; xie fa  <\/p>\n<p>Zdalne punkty<br \/>\n\u017co\u0142\u0105dek 44 &#8211; nei ting (ying) &#8211; xie<br \/>\n\u017co\u0142\u0105dek 40 &#8211; feng long (luo) &#8211; xie fa<br \/>\nw\u0105troba 2 &#8211; xing jian (ying) &#8211; xie fa<\/p>\n","yn_product_verabreichungsart":"Pelety 140szt.","yn_product_dosierung":"<p>3 x 6 do 9 tabletek dziennie przez 12 do 30 dni<\/p>\n","yn_product_combinations":"<p>FREE FLOW TABLETKI (urazy), FREE FLOW \u017bEL, OLEJ i SPRAY (urazy &#8211; stosowa\u0107 i wmasowywa\u0107 kilka razy dziennie)<\/p>\n","yn_product_avoidable":"<p>Sma\u017cone i t\u0142uste potrawy, ostre i pikantne przyprawy, dr\u00f3b, owoce morza, jagni\u0119cina, czosnek, por, cebula, szczypiorek, koperek, pieprz, chili, alkohol, cukier i jogurt.<br \/>\nBardzo wa\u017cne jest, aby pacjent nie spo\u017cywa\u0142 kawy, czarnej herbaty, sok\u00f3w owocowych ani owoc\u00f3w cytrusowych po za\u017cyciu granulek. Wszystkie formu\u0142y na urazy sportowe stymuluj\u0105 kr\u0105\u017cenie Qi i krwi, a owoce cytrusowe, jogurt, zimne napoje, witamina C, preparaty magnezu i wapnia, kawa i czarna herbata s\u0105 termicznie zimne i przeciwdzia\u0142aj\u0105 tym formu\u0142om energetycznie. Gorzki i kwa\u015bny smak jest w tym przypadku przeciwwskazany.  <\/p>\n","yn_product_tcm_mindmapping":"<p>Stres, sport wyczynowy, wiek i oty\u0142o\u015b\u0107 > Jin Ye, zast\u00f3j Qi i krwi > toksyny cieplne > b\u00f3l kolana<\/p>\n","yn_product_tongue_body":"<p>Czerwony<\/p>\n","yn_product_tongue_coating":"<p>\u017b\u00f3\u0142tawy<\/p>\n","yn_product_pulse_diagnostics":"<p>xian mai &#8211; napi\u0119ty, xi mai &#8211; cienki, se mai &#8211; szorstki, shuo mai &#8211; szybki<\/p>\n","yn_product_indications":"<p>Zapalenie kaletki maziowej: Biodra, kolana i kostki<\/p>\n","yn_product_contra_indications":"<p>Niedob\u00f3r Yin z pustym ciep\u0142em i ciep\u0142em krwi<\/p>\n","yn_product_pregnancy":"<p>Przeciwwskazane<\/p>\n","yn_product_herbs":"<p>coicis semen &#8211; yi yi ren, poria cocos &#8211; fu ling, chaenomelis fructus &#8211; mu gua, alismati rhizoma &#8211; ze xie, lonicerae japonicae flos &#8211; jin yin hua, bingpian &#8211; borneolum (dryobalanops aromitaca), olibanum resina &#8211; ru xiang, myrrhae gummi &#8211; mo yao<\/p>\n","yn_product_magisterrecipes":"<p>Die Da Wan, Huo Luo Xiao Ling Dan<\/p>\n","yn_product_audio":"https:\/\/shop.diolosa.com\/wp-content\/uploads\/2026\/03\/Hephaistos-1.m4a","yn_product_video":"https:\/\/shop.diolosa.com\/wp-content\/uploads\/2026\/03\/Hephaistos-1-1.mp4"},"yoast_head":"<!-- This site is optimized with the Yoast SEO plugin v24.9 - https:\/\/yoast.com\/wordpress\/plugins\/seo\/ -->\n<title>Hefajstos 1 - Claude Diolosa<\/title>\n<meta name=\"robots\" content=\"index, follow, max-snippet:-1, max-image-preview:large, max-video-preview:-1\" \/>\n<link rel=\"canonical\" href=\"https:\/\/shop.diolosa.com\/pl\/product\/hefajstos-1\/\" \/>\n<meta property=\"og:locale\" content=\"pl_PL\" \/>\n<meta property=\"og:type\" content=\"article\" \/>\n<meta property=\"og:title\" content=\"Hefajstos 1 - Claude Diolosa\" \/>\n<meta property=\"og:description\" content=\"HEPHAISTOS 1 zosta\u0142 opracowany do leczenia zapalenia kaletki kolana. Ten [...]\" \/>\n<meta property=\"og:url\" content=\"https:\/\/shop.diolosa.com\/pl\/product\/hefajstos-1\/\" \/>\n<meta property=\"og:site_name\" content=\"Claude Diolosa\" \/>\n<meta property=\"article:publisher\" content=\"https:\/\/facebook.com\/claudediolosa\" \/>\n<meta property=\"article:modified_time\" content=\"2025-05-06T13:51:29+00:00\" \/>\n<meta property=\"og:image\" content=\"https:\/\/shop.diolosa.com\/wp-content\/uploads\/2019\/09\/Presslinge-140.jpg\" \/>\n\t<meta property=\"og:image:width\" content=\"800\" \/>\n\t<meta property=\"og:image:height\" content=\"533\" \/>\n\t<meta property=\"og:image:type\" content=\"image\/jpeg\" \/>\n<meta name=\"twitter:card\" content=\"summary_large_image\" \/>\n<script type=\"application\/ld+json\" class=\"yoast-schema-graph\">{\"@context\":\"https:\/\/schema.org\",\"@graph\":[{\"@type\":\"WebPage\",\"@id\":\"https:\/\/shop.diolosa.com\/pl\/product\/hefajstos-1\/\",\"url\":\"https:\/\/shop.diolosa.com\/pl\/product\/hefajstos-1\/\",\"name\":\"Hefajstos 1 - Claude Diolosa\",\"isPartOf\":{\"@id\":\"https:\/\/shop.diolosa.com\/pl\/#website\"},\"primaryImageOfPage\":{\"@id\":\"https:\/\/shop.diolosa.com\/pl\/product\/hefajstos-1\/#primaryimage\"},\"image\":{\"@id\":\"https:\/\/shop.diolosa.com\/pl\/product\/hefajstos-1\/#primaryimage\"},\"thumbnailUrl\":\"https:\/\/shop.diolosa.com\/wp-content\/uploads\/2019\/09\/Presslinge-140.jpg\",\"datePublished\":\"2025-03-10T05:57:20+00:00\",\"dateModified\":\"2025-05-06T13:51:29+00:00\",\"breadcrumb\":{\"@id\":\"https:\/\/shop.diolosa.com\/pl\/product\/hefajstos-1\/#breadcrumb\"},\"inLanguage\":\"pl-PL\",\"potentialAction\":[{\"@type\":\"ReadAction\",\"target\":[\"https:\/\/shop.diolosa.com\/pl\/product\/hefajstos-1\/\"]}]},{\"@type\":\"ImageObject\",\"inLanguage\":\"pl-PL\",\"@id\":\"https:\/\/shop.diolosa.com\/pl\/product\/hefajstos-1\/#primaryimage\",\"url\":\"https:\/\/shop.diolosa.com\/wp-content\/uploads\/2019\/09\/Presslinge-140.jpg\",\"contentUrl\":\"https:\/\/shop.diolosa.com\/wp-content\/uploads\/2019\/09\/Presslinge-140.jpg\",\"width\":800,\"height\":533},{\"@type\":\"BreadcrumbList\",\"@id\":\"https:\/\/shop.diolosa.com\/pl\/product\/hefajstos-1\/#breadcrumb\",\"itemListElement\":[{\"@type\":\"ListItem\",\"position\":1,\"name\":\"Startseite\",\"item\":\"https:\/\/shop.diolosa.com\/pl\/?page_id=3835710\"},{\"@type\":\"ListItem\",\"position\":2,\"name\":\"Sklep\",\"item\":\"https:\/\/shop.diolosa.com\/pl\/?page_id=3835710\"},{\"@type\":\"ListItem\",\"position\":3,\"name\":\"Hefajstos 1\"}]},{\"@type\":\"WebSite\",\"@id\":\"https:\/\/shop.diolosa.com\/pl\/#website\",\"url\":\"https:\/\/shop.diolosa.com\/pl\/\",\"name\":\"Claude Diolosa\",\"description\":\"\",\"publisher\":{\"@id\":\"https:\/\/shop.diolosa.com\/pl\/#organization\"},\"potentialAction\":[{\"@type\":\"SearchAction\",\"target\":{\"@type\":\"EntryPoint\",\"urlTemplate\":\"https:\/\/shop.diolosa.com\/pl\/?s={search_term_string}\"},\"query-input\":{\"@type\":\"PropertyValueSpecification\",\"valueRequired\":true,\"valueName\":\"search_term_string\"}}],\"inLanguage\":\"pl-PL\"},{\"@type\":\"Organization\",\"@id\":\"https:\/\/shop.diolosa.com\/pl\/#organization\",\"name\":\"Claude Diolosa\",\"url\":\"https:\/\/shop.diolosa.com\/pl\/\",\"logo\":{\"@type\":\"ImageObject\",\"inLanguage\":\"pl-PL\",\"@id\":\"https:\/\/shop.diolosa.com\/pl\/#\/schema\/logo\/image\/\",\"url\":\"https:\/\/shop.diolosa.com\/wp-content\/uploads\/2019\/08\/diolosa-drop-logo-new.png\",\"contentUrl\":\"https:\/\/shop.diolosa.com\/wp-content\/uploads\/2019\/08\/diolosa-drop-logo-new.png\",\"width\":134,\"height\":176,\"caption\":\"Claude Diolosa\"},\"image\":{\"@id\":\"https:\/\/shop.diolosa.com\/pl\/#\/schema\/logo\/image\/\"},\"sameAs\":[\"https:\/\/facebook.com\/claudediolosa\",\"https:\/\/www.instagram.com\/diolosaclaude108\/\"]}]}<\/script>\n<!-- \/ Yoast SEO plugin. -->","yoast_head_json":{"title":"Hefajstos 1 - Claude Diolosa","robots":{"index":"index","follow":"follow","max-snippet":"max-snippet:-1","max-image-preview":"max-image-preview:large","max-video-preview":"max-video-preview:-1"},"canonical":"https:\/\/shop.diolosa.com\/pl\/product\/hefajstos-1\/","og_locale":"pl_PL","og_type":"article","og_title":"Hefajstos 1 - Claude Diolosa","og_description":"HEPHAISTOS 1 zosta\u0142 opracowany do leczenia zapalenia kaletki kolana. Ten [...]","og_url":"https:\/\/shop.diolosa.com\/pl\/product\/hefajstos-1\/","og_site_name":"Claude Diolosa","article_publisher":"https:\/\/facebook.com\/claudediolosa","article_modified_time":"2025-05-06T13:51:29+00:00","og_image":[{"width":800,"height":533,"url":"https:\/\/shop.diolosa.com\/wp-content\/uploads\/2019\/09\/Presslinge-140.jpg","type":"image\/jpeg"}],"twitter_card":"summary_large_image","schema":{"@context":"https:\/\/schema.org","@graph":[{"@type":"WebPage","@id":"https:\/\/shop.diolosa.com\/pl\/product\/hefajstos-1\/","url":"https:\/\/shop.diolosa.com\/pl\/product\/hefajstos-1\/","name":"Hefajstos 1 - Claude Diolosa","isPartOf":{"@id":"https:\/\/shop.diolosa.com\/pl\/#website"},"primaryImageOfPage":{"@id":"https:\/\/shop.diolosa.com\/pl\/product\/hefajstos-1\/#primaryimage"},"image":{"@id":"https:\/\/shop.diolosa.com\/pl\/product\/hefajstos-1\/#primaryimage"},"thumbnailUrl":"https:\/\/shop.diolosa.com\/wp-content\/uploads\/2019\/09\/Presslinge-140.jpg","datePublished":"2025-03-10T05:57:20+00:00","dateModified":"2025-05-06T13:51:29+00:00","breadcrumb":{"@id":"https:\/\/shop.diolosa.com\/pl\/product\/hefajstos-1\/#breadcrumb"},"inLanguage":"pl-PL","potentialAction":[{"@type":"ReadAction","target":["https:\/\/shop.diolosa.com\/pl\/product\/hefajstos-1\/"]}]},{"@type":"ImageObject","inLanguage":"pl-PL","@id":"https:\/\/shop.diolosa.com\/pl\/product\/hefajstos-1\/#primaryimage","url":"https:\/\/shop.diolosa.com\/wp-content\/uploads\/2019\/09\/Presslinge-140.jpg","contentUrl":"https:\/\/shop.diolosa.com\/wp-content\/uploads\/2019\/09\/Presslinge-140.jpg","width":800,"height":533},{"@type":"BreadcrumbList","@id":"https:\/\/shop.diolosa.com\/pl\/product\/hefajstos-1\/#breadcrumb","itemListElement":[{"@type":"ListItem","position":1,"name":"Startseite","item":"https:\/\/shop.diolosa.com\/pl\/?page_id=3835710"},{"@type":"ListItem","position":2,"name":"Sklep","item":"https:\/\/shop.diolosa.com\/pl\/?page_id=3835710"},{"@type":"ListItem","position":3,"name":"Hefajstos 1"}]},{"@type":"WebSite","@id":"https:\/\/shop.diolosa.com\/pl\/#website","url":"https:\/\/shop.diolosa.com\/pl\/","name":"Claude Diolosa","description":"","publisher":{"@id":"https:\/\/shop.diolosa.com\/pl\/#organization"},"potentialAction":[{"@type":"SearchAction","target":{"@type":"EntryPoint","urlTemplate":"https:\/\/shop.diolosa.com\/pl\/?s={search_term_string}"},"query-input":{"@type":"PropertyValueSpecification","valueRequired":true,"valueName":"search_term_string"}}],"inLanguage":"pl-PL"},{"@type":"Organization","@id":"https:\/\/shop.diolosa.com\/pl\/#organization","name":"Claude Diolosa","url":"https:\/\/shop.diolosa.com\/pl\/","logo":{"@type":"ImageObject","inLanguage":"pl-PL","@id":"https:\/\/shop.diolosa.com\/pl\/#\/schema\/logo\/image\/","url":"https:\/\/shop.diolosa.com\/wp-content\/uploads\/2019\/08\/diolosa-drop-logo-new.png","contentUrl":"https:\/\/shop.diolosa.com\/wp-content\/uploads\/2019\/08\/diolosa-drop-logo-new.png","width":134,"height":176,"caption":"Claude Diolosa"},"image":{"@id":"https:\/\/shop.diolosa.com\/pl\/#\/schema\/logo\/image\/"},"sameAs":["https:\/\/facebook.com\/claudediolosa","https:\/\/www.instagram.com\/diolosaclaude108\/"]}]}},"_links":{"self":[{"href":"https:\/\/shop.diolosa.com\/pl\/wp-json\/wp\/v2\/product\/3841165","targetHints":{"allow":["GET"]}}],"collection":[{"href":"https:\/\/shop.diolosa.com\/pl\/wp-json\/wp\/v2\/product"}],"about":[{"href":"https:\/\/shop.diolosa.com\/pl\/wp-json\/wp\/v2\/types\/product"}],"wp:featuredmedia":[{"embeddable":true,"href":"https:\/\/shop.diolosa.com\/pl\/wp-json\/wp\/v2\/media\/3835943"}],"wp:attachment":[{"href":"https:\/\/shop.diolosa.com\/pl\/wp-json\/wp\/v2\/media?parent=3841165"}],"wp:term":[{"taxonomy":"product_brand","embeddable":true,"href":"https:\/\/shop.diolosa.com\/pl\/wp-json\/wp\/v2\/product_brand?post=3841165"},{"taxonomy":"product_cat","embeddable":true,"href":"https:\/\/shop.diolosa.com\/pl\/wp-json\/wp\/v2\/product_cat?post=3841165"},{"taxonomy":"product_tag","embeddable":true,"href":"https:\/\/shop.diolosa.com\/pl\/wp-json\/wp\/v2\/product_tag?post=3841165"}],"curies":[{"name":"wp","href":"https:\/\/api.w.org\/{rel}","templated":true}]}}