{"id":3841168,"date":"2019-09-04T12:14:20","date_gmt":"2025-03-10T05:57:20","guid":{"rendered":"https:\/\/shop.diolosa.com\/product\/cold-bliss\/"},"modified":"2025-05-06T14:51:24","modified_gmt":"2025-05-06T13:51:24","slug":"cold-bliss","status":"publish","type":"product","link":"https:\/\/shop.diolosa.com\/pl\/product\/cold-bliss\/","title":{"rendered":"Cold Bliss"},"content":{"rendered":"<p>COLD BLISS jest stosowany w leczeniu niedoczynno\u015bci tarczycy. Preparat ten rozgrzewa yang, rozprasza wewn\u0119trzne zimno, przekszta\u0142ca wilgo\u0107 i zimno flegmy, zmi\u0119kcza stwardnienie i nagromadzenie (tworzenie si\u0119 wola) oraz ogrzewa i porusza krew (hipotermia). COLD BLISS tonizuje Qi \u015bledziony, harmonizuje po\u0142\u0105czenie mi\u0119dzy w\u0105trob\u0105 i \u017co\u0142\u0105dkiem (drewno i ziemia) oraz wspomaga zakorzenienie Qi \u017co\u0142\u0105dka w nerkach.<\/p>\n","protected":false},"excerpt":{"rendered":"<p>COLD BLISS jest stosowany w leczeniu niedoczynno\u015bci tarczycy. Preparat ten  [&#8230;]<\/p>\n","protected":false},"featured_media":3835943,"template":"","meta":{"_acf_changed":false},"product_brand":[],"product_cat":[12282],"product_tag":[12283],"class_list":{"0":"post-3841168","1":"product","2":"type-product","3":"status-publish","4":"has-post-thumbnail","6":"product_cat-endokrynologia","7":"product_tag-tarczyca-niedoczynnosc-tarczycy","9":"first","10":"instock","11":"taxable","12":"shipping-taxable","13":"purchasable","14":"product-type-simple"},"acf":{"yn_product_audio":"https:\/\/shop.diolosa.com\/wp-content\/uploads\/2018\/12\/DL_0356.mp3","yn_product_video":"https:\/\/shop.diolosa.com\/wp-content\/uploads\/2024\/04\/Cold-Bliss.mp4","yn_product_akupunktur":"<p>Uwolnienie zastoju Qi<br \/>\nw\u0105troba 13 &#8211; zhang men (mo, ba hui xue) &#8211; xie fa<br \/>\nw\u0105troba 3 &#8211; tai chong (shu, yuan) &#8211; xie fa<\/p>\n<p>Tonizowanie \u015bledziony Qi i Yang<br \/>\np\u0119cherz 20 &#8211; pi shu &#8211; bu fa z moks\u0105<br \/>\np\u0119cherz 17 &#8211; ge shu (krew) &#8211; bu fa<br \/>\n\u015bledziona 3 &#8211; tai bai (shu, yuan) &#8211; bu fa<br \/>\n\u015bledziona 2 &#8211; da du (ying) &#8211; bu fa  <\/p>\n<p>\u017bo\u0142\u0105dek Wydalanie zimnego \u015bluzu<br \/>\n\u017co\u0142\u0105dek 40 &#8211; feng long (luo) &#8211; xie fa<br \/>\n\u017co\u0142\u0105dek 34 &#8211; liang qiu (xi) &#8211; xie fa<br \/>\nren mai 12 &#8211; zhong wan (mo>\u017co\u0142\u0105dek, ba hui xue, jelito cienkie, san chiao, \u017co\u0142\u0105dek) &#8211; xie fa<br \/>\nkr\u0105\u017cenie 6 &#8211; nei guan (luo, yin wei mai) &#8211; xie fa  <\/p>\n<p>Tonizuj\u0105ce Yuan Qi<br \/>\nren mai 4 &#8211; guan yuan (mo>jelito cienkie, w\u0105troba, nerki, \u015bledziona) &#8211; bu fa z moks\u0105<br \/>\nren mai 6 &#8211; qi hai (yuan qi) &#8211; bu fa z moks\u0105<br \/>\np\u0119cherz 23 &#8211; shen shu &#8211; bu fa z moks\u0105<br \/>\ndu mai 4 &#8211; ming men &#8211; bu fa z moks\u0105<\/p>\n<p>Tarczyca<br \/>\njelito grube 18 &#8211; fu tu &#8211; xie fa<br \/>\nren mai 22 &#8211; tian tu (yin wei mai) &#8211; xie fa<br \/>\n\u017co\u0142\u0105dek 10 &#8211; shui tu &#8211; xie fa<br \/>\njelito cienkie 17 &#8211; tian rong &#8211; xie fa<br \/>\nren mai 23 &#8211; lian quan (yin wei mai) &#8211; xie fa<br \/>\nshan lian quan &#8211; dodatkowo &#8211; xie fa (3 ig\u0142y)<\/p>\n<p>Shen uspok\u00f3j si\u0119<br \/>\nsi shen cong &#8211; M-HN-1 (m\u00f3zg, cns) &#8211; xie fa<br \/>\ndu mai 24 &#8211; shen ting (p\u0119cherz, \u017co\u0142\u0105dek, gui) &#8211; xie fa<br \/>\n\u017co\u0142\u0105dek 6 &#8211; jia che &#8211; gui chuan (gui) &#8211; xie fa<br \/>\nserce 5 &#8211; tong li (luo) &#8211; xie fa<\/p>\n","yn_product_verabreichungsart":"Pelety 140szt.","yn_product_dosierung":"<p>Przyjmowa\u0107 3 x 6 do 9 tabletek dziennie, zawsze przed posi\u0142kami, razem z RINCHEN TEA.<\/p>\n","yn_product_combinations":"<p>SEKRETNA MOC (apatia), KORZE\u0143 YANG, RINCHEN TEE (niedob\u00f3r yang w nerce), RADOSNE DNI (stagnacja qi), SZE\u015a\u0106 KWIAT\u00d3W (stagnacja qi i krwi), SZYBKI RUCH BRZUCHA (stagnacja pokarmu), SZCZ\u0118\u015aLIWE DNI (depresja &#8211; stagnacja qi), JASNA PRZYSZ\u0141O\u015a\u0106 (depresja), INTELIGENTNA SALA (yi plus), PI\u0118\u0106 P\u0141ASZCZYZN (stwardnienie).<\/p>\n","yn_product_avoidable":"<p>Produkty mleczne, jogurt, ser, \u015bmietana, cukier, owoce cytrusowe, pomidor, og\u00f3rek, bak\u0142a\u017can, cukinia, kapusta peki\u0144ska, zielona sa\u0142ata, kawa, czarna herbata, zielona herbata, lody, banany, gruszki, jab\u0142ka, ananas, mango.<\/p>\n","yn_product_tcm_mindmapping":"<p>Niedob\u00f3r Yang nerek > Wilgotno\u015b\u0107 \u017co\u0142\u0105dka\/zimno flegmy > Buntowniczy ruch Qi \u017co\u0142\u0105dka > Flegma i przekrwienie w okolicy krtani i dodatkowo<br \/>\nPrzekrwienie Qi w\u0105troby<\/p>\n","yn_product_tongue_body":"<p>Kr\u00f3tki, szeroki, blady, wilgotny, ze \u015bladami z\u0119b\u00f3w<\/p>\n","yn_product_tongue_coating":"<p>Bia\u0142y, wilgotny<\/p>\n","yn_product_pulse_diagnostics":"<p>duan mai &#8211; kr\u00f3tki, huan mai &#8211; spokojny, xu mai &#8211; pusty, chi mai &#8211; powolny, xi mai &#8211; cienki i se mai &#8211; szorstki<\/p>\n","yn_product_indications":"<p>Niedoczynno\u015b\u0107 tarczycy, uczucie zimna, szybki przyrost masy cia\u0142a, depresja, ospa\u0142o\u015b\u0107, letarg, apatia, zm\u0119czenie<\/p>\n","yn_product_contra_indications":"<p>Niedob\u00f3r soku, krwi i Yin z pustym ciep\u0142em<\/p>\n","yn_product_pregnancy":"<p>Przeciwwskazane<\/p>\n","yn_product_herbs":"<p>albizziae cortex &#8211; he huan pi, poria cocos &#8211; fu ling, magnoliae cortex &#8211; hou po, pinellia ternatae praep &#8211; jiang ban xia, zingiberis rhizoma recensis &#8211; sheng jiang, perillae caulis &#8211; zi su geng, ligusticii rhizoma &#8211; chuan xiong, sargassum &#8211; hai zao, glycyrrhizae uralensis radix &#8211; gan cao<\/p>\n","yn_product_magisterrecipes":"<p>Hou Po Ban Xia Tang, Hai Zao Yu Hu Tang, Wen Dan Tang, Wen Jing Tang<\/p>\n"},"yoast_head":"<!-- This site is optimized with the Yoast SEO plugin v24.9 - https:\/\/yoast.com\/wordpress\/plugins\/seo\/ -->\n<title>Cold Bliss - Claude Diolosa<\/title>\n<meta name=\"robots\" content=\"index, follow, max-snippet:-1, max-image-preview:large, max-video-preview:-1\" \/>\n<link rel=\"canonical\" href=\"https:\/\/shop.diolosa.com\/pl\/product\/cold-bliss\/\" \/>\n<meta property=\"og:locale\" content=\"pl_PL\" \/>\n<meta property=\"og:type\" content=\"article\" \/>\n<meta property=\"og:title\" content=\"Cold Bliss - Claude Diolosa\" \/>\n<meta property=\"og:description\" content=\"COLD BLISS jest stosowany w leczeniu niedoczynno\u015bci tarczycy. Preparat ten [...]\" \/>\n<meta property=\"og:url\" content=\"https:\/\/shop.diolosa.com\/pl\/product\/cold-bliss\/\" \/>\n<meta property=\"og:site_name\" content=\"Claude Diolosa\" \/>\n<meta property=\"article:publisher\" content=\"https:\/\/facebook.com\/claudediolosa\" \/>\n<meta property=\"article:modified_time\" content=\"2025-05-06T13:51:24+00:00\" \/>\n<meta property=\"og:image\" content=\"https:\/\/shop.diolosa.com\/wp-content\/uploads\/2019\/09\/Presslinge-140.jpg\" \/>\n\t<meta property=\"og:image:width\" content=\"800\" \/>\n\t<meta property=\"og:image:height\" content=\"533\" \/>\n\t<meta property=\"og:image:type\" content=\"image\/jpeg\" \/>\n<meta name=\"twitter:card\" content=\"summary_large_image\" \/>\n<script type=\"application\/ld+json\" class=\"yoast-schema-graph\">{\"@context\":\"https:\/\/schema.org\",\"@graph\":[{\"@type\":\"WebPage\",\"@id\":\"https:\/\/shop.diolosa.com\/pl\/product\/cold-bliss\/\",\"url\":\"https:\/\/shop.diolosa.com\/pl\/product\/cold-bliss\/\",\"name\":\"Cold Bliss - Claude Diolosa\",\"isPartOf\":{\"@id\":\"https:\/\/shop.diolosa.com\/pl\/#website\"},\"primaryImageOfPage\":{\"@id\":\"https:\/\/shop.diolosa.com\/pl\/product\/cold-bliss\/#primaryimage\"},\"image\":{\"@id\":\"https:\/\/shop.diolosa.com\/pl\/product\/cold-bliss\/#primaryimage\"},\"thumbnailUrl\":\"https:\/\/shop.diolosa.com\/wp-content\/uploads\/2019\/09\/Presslinge-140.jpg\",\"datePublished\":\"2025-03-10T05:57:20+00:00\",\"dateModified\":\"2025-05-06T13:51:24+00:00\",\"breadcrumb\":{\"@id\":\"https:\/\/shop.diolosa.com\/pl\/product\/cold-bliss\/#breadcrumb\"},\"inLanguage\":\"pl-PL\",\"potentialAction\":[{\"@type\":\"ReadAction\",\"target\":[\"https:\/\/shop.diolosa.com\/pl\/product\/cold-bliss\/\"]}]},{\"@type\":\"ImageObject\",\"inLanguage\":\"pl-PL\",\"@id\":\"https:\/\/shop.diolosa.com\/pl\/product\/cold-bliss\/#primaryimage\",\"url\":\"https:\/\/shop.diolosa.com\/wp-content\/uploads\/2019\/09\/Presslinge-140.jpg\",\"contentUrl\":\"https:\/\/shop.diolosa.com\/wp-content\/uploads\/2019\/09\/Presslinge-140.jpg\",\"width\":800,\"height\":533},{\"@type\":\"BreadcrumbList\",\"@id\":\"https:\/\/shop.diolosa.com\/pl\/product\/cold-bliss\/#breadcrumb\",\"itemListElement\":[{\"@type\":\"ListItem\",\"position\":1,\"name\":\"Startseite\",\"item\":\"https:\/\/shop.diolosa.com\/pl\/?page_id=3835710\"},{\"@type\":\"ListItem\",\"position\":2,\"name\":\"Sklep\",\"item\":\"https:\/\/shop.diolosa.com\/pl\/?page_id=3835710\"},{\"@type\":\"ListItem\",\"position\":3,\"name\":\"Cold Bliss\"}]},{\"@type\":\"WebSite\",\"@id\":\"https:\/\/shop.diolosa.com\/pl\/#website\",\"url\":\"https:\/\/shop.diolosa.com\/pl\/\",\"name\":\"Claude Diolosa\",\"description\":\"\",\"publisher\":{\"@id\":\"https:\/\/shop.diolosa.com\/pl\/#organization\"},\"potentialAction\":[{\"@type\":\"SearchAction\",\"target\":{\"@type\":\"EntryPoint\",\"urlTemplate\":\"https:\/\/shop.diolosa.com\/pl\/?s={search_term_string}\"},\"query-input\":{\"@type\":\"PropertyValueSpecification\",\"valueRequired\":true,\"valueName\":\"search_term_string\"}}],\"inLanguage\":\"pl-PL\"},{\"@type\":\"Organization\",\"@id\":\"https:\/\/shop.diolosa.com\/pl\/#organization\",\"name\":\"Claude Diolosa\",\"url\":\"https:\/\/shop.diolosa.com\/pl\/\",\"logo\":{\"@type\":\"ImageObject\",\"inLanguage\":\"pl-PL\",\"@id\":\"https:\/\/shop.diolosa.com\/pl\/#\/schema\/logo\/image\/\",\"url\":\"https:\/\/shop.diolosa.com\/wp-content\/uploads\/2019\/08\/diolosa-drop-logo-new.png\",\"contentUrl\":\"https:\/\/shop.diolosa.com\/wp-content\/uploads\/2019\/08\/diolosa-drop-logo-new.png\",\"width\":134,\"height\":176,\"caption\":\"Claude Diolosa\"},\"image\":{\"@id\":\"https:\/\/shop.diolosa.com\/pl\/#\/schema\/logo\/image\/\"},\"sameAs\":[\"https:\/\/facebook.com\/claudediolosa\",\"https:\/\/www.instagram.com\/diolosaclaude108\/\"]}]}<\/script>\n<!-- \/ Yoast SEO plugin. -->","yoast_head_json":{"title":"Cold Bliss - Claude Diolosa","robots":{"index":"index","follow":"follow","max-snippet":"max-snippet:-1","max-image-preview":"max-image-preview:large","max-video-preview":"max-video-preview:-1"},"canonical":"https:\/\/shop.diolosa.com\/pl\/product\/cold-bliss\/","og_locale":"pl_PL","og_type":"article","og_title":"Cold Bliss - Claude Diolosa","og_description":"COLD BLISS jest stosowany w leczeniu niedoczynno\u015bci tarczycy. Preparat ten [...]","og_url":"https:\/\/shop.diolosa.com\/pl\/product\/cold-bliss\/","og_site_name":"Claude Diolosa","article_publisher":"https:\/\/facebook.com\/claudediolosa","article_modified_time":"2025-05-06T13:51:24+00:00","og_image":[{"width":800,"height":533,"url":"https:\/\/shop.diolosa.com\/wp-content\/uploads\/2019\/09\/Presslinge-140.jpg","type":"image\/jpeg"}],"twitter_card":"summary_large_image","schema":{"@context":"https:\/\/schema.org","@graph":[{"@type":"WebPage","@id":"https:\/\/shop.diolosa.com\/pl\/product\/cold-bliss\/","url":"https:\/\/shop.diolosa.com\/pl\/product\/cold-bliss\/","name":"Cold Bliss - Claude Diolosa","isPartOf":{"@id":"https:\/\/shop.diolosa.com\/pl\/#website"},"primaryImageOfPage":{"@id":"https:\/\/shop.diolosa.com\/pl\/product\/cold-bliss\/#primaryimage"},"image":{"@id":"https:\/\/shop.diolosa.com\/pl\/product\/cold-bliss\/#primaryimage"},"thumbnailUrl":"https:\/\/shop.diolosa.com\/wp-content\/uploads\/2019\/09\/Presslinge-140.jpg","datePublished":"2025-03-10T05:57:20+00:00","dateModified":"2025-05-06T13:51:24+00:00","breadcrumb":{"@id":"https:\/\/shop.diolosa.com\/pl\/product\/cold-bliss\/#breadcrumb"},"inLanguage":"pl-PL","potentialAction":[{"@type":"ReadAction","target":["https:\/\/shop.diolosa.com\/pl\/product\/cold-bliss\/"]}]},{"@type":"ImageObject","inLanguage":"pl-PL","@id":"https:\/\/shop.diolosa.com\/pl\/product\/cold-bliss\/#primaryimage","url":"https:\/\/shop.diolosa.com\/wp-content\/uploads\/2019\/09\/Presslinge-140.jpg","contentUrl":"https:\/\/shop.diolosa.com\/wp-content\/uploads\/2019\/09\/Presslinge-140.jpg","width":800,"height":533},{"@type":"BreadcrumbList","@id":"https:\/\/shop.diolosa.com\/pl\/product\/cold-bliss\/#breadcrumb","itemListElement":[{"@type":"ListItem","position":1,"name":"Startseite","item":"https:\/\/shop.diolosa.com\/pl\/?page_id=3835710"},{"@type":"ListItem","position":2,"name":"Sklep","item":"https:\/\/shop.diolosa.com\/pl\/?page_id=3835710"},{"@type":"ListItem","position":3,"name":"Cold Bliss"}]},{"@type":"WebSite","@id":"https:\/\/shop.diolosa.com\/pl\/#website","url":"https:\/\/shop.diolosa.com\/pl\/","name":"Claude Diolosa","description":"","publisher":{"@id":"https:\/\/shop.diolosa.com\/pl\/#organization"},"potentialAction":[{"@type":"SearchAction","target":{"@type":"EntryPoint","urlTemplate":"https:\/\/shop.diolosa.com\/pl\/?s={search_term_string}"},"query-input":{"@type":"PropertyValueSpecification","valueRequired":true,"valueName":"search_term_string"}}],"inLanguage":"pl-PL"},{"@type":"Organization","@id":"https:\/\/shop.diolosa.com\/pl\/#organization","name":"Claude Diolosa","url":"https:\/\/shop.diolosa.com\/pl\/","logo":{"@type":"ImageObject","inLanguage":"pl-PL","@id":"https:\/\/shop.diolosa.com\/pl\/#\/schema\/logo\/image\/","url":"https:\/\/shop.diolosa.com\/wp-content\/uploads\/2019\/08\/diolosa-drop-logo-new.png","contentUrl":"https:\/\/shop.diolosa.com\/wp-content\/uploads\/2019\/08\/diolosa-drop-logo-new.png","width":134,"height":176,"caption":"Claude Diolosa"},"image":{"@id":"https:\/\/shop.diolosa.com\/pl\/#\/schema\/logo\/image\/"},"sameAs":["https:\/\/facebook.com\/claudediolosa","https:\/\/www.instagram.com\/diolosaclaude108\/"]}]}},"_links":{"self":[{"href":"https:\/\/shop.diolosa.com\/pl\/wp-json\/wp\/v2\/product\/3841168","targetHints":{"allow":["GET"]}}],"collection":[{"href":"https:\/\/shop.diolosa.com\/pl\/wp-json\/wp\/v2\/product"}],"about":[{"href":"https:\/\/shop.diolosa.com\/pl\/wp-json\/wp\/v2\/types\/product"}],"wp:featuredmedia":[{"embeddable":true,"href":"https:\/\/shop.diolosa.com\/pl\/wp-json\/wp\/v2\/media\/3835943"}],"wp:attachment":[{"href":"https:\/\/shop.diolosa.com\/pl\/wp-json\/wp\/v2\/media?parent=3841168"}],"wp:term":[{"taxonomy":"product_brand","embeddable":true,"href":"https:\/\/shop.diolosa.com\/pl\/wp-json\/wp\/v2\/product_brand?post=3841168"},{"taxonomy":"product_cat","embeddable":true,"href":"https:\/\/shop.diolosa.com\/pl\/wp-json\/wp\/v2\/product_cat?post=3841168"},{"taxonomy":"product_tag","embeddable":true,"href":"https:\/\/shop.diolosa.com\/pl\/wp-json\/wp\/v2\/product_tag?post=3841168"}],"curies":[{"name":"wp","href":"https:\/\/api.w.org\/{rel}","templated":true}]}}