{"id":3841176,"date":"2019-09-04T12:14:20","date_gmt":"2025-03-10T05:57:24","guid":{"rendered":"https:\/\/shop.diolosa.com\/product\/blazing-sun-2\/"},"modified":"2025-05-31T17:21:23","modified_gmt":"2025-05-31T16:21:23","slug":"blazing-sun-2","status":"publish","type":"product","link":"https:\/\/shop.diolosa.com\/pl\/product\/blazing-sun-2\/","title":{"rendered":"Blazing Sun 2"},"content":{"rendered":"<p>BLAZING SUN 2 jest stosowany w szczeg\u00f3lno\u015bci w leczeniu szkarlatyny, zw\u0142aszcza na r\u00f3\u017cnych etapach Qi, Ying i Xue Fen. Te r\u00f3\u017cne etapy reprezentuj\u0105 r\u00f3\u017cne poziomy choroby, a ka\u017cdy z nich niesie ze sob\u0105 okre\u015blone objawy i wyzwania. Aby osi\u0105gn\u0105\u0107 najlepsze mo\u017cliwe rezultaty, preparat ten powinien by\u0107 podawany w wysokich dawkach, co oznacza, \u017ce mo\u017cna go nawet przygotowa\u0107 w postaci wywaru. Taka metoda przygotowania pozwala na bardziej intensywne dzia\u0142anie zawartych w nim zi\u00f3\u0142.   <\/p>\n<p>Preparat ma zdolno\u015b\u0107 skutecznego eliminowania toksyn ognia, kt\u00f3re przenikn\u0119\u0142y do Qi Fen, Ying Fen i Xue Fen. Toksyny ognia to szkodliwe substancje, kt\u00f3re mog\u0105 powstawa\u0107 w chorobach takich jak szkarlatyna i prowadzi\u0107 do stan\u00f3w zapalnych i innych problem\u00f3w zdrowotnych. Po\u0142\u0105czenie tych silnie antybiotycznych zi\u00f3\u0142 ma na celu usuni\u0119cie gor\u0105ca krwi &#8211; stanu cz\u0119sto zwi\u0105zanego z gor\u0105czk\u0105 i z\u0142ym samopoczuciem &#8211; jednocze\u015bnie zapobiegaj\u0105c zastojowi krwi i b\u00f3lowi. Dzi\u0119ki temu kompleksowemu dzia\u0142aniu BLAZING SUN 2 pomaga przywr\u00f3ci\u0107 r\u00f3wnowag\u0119 w organizmie i wspomaga powr\u00f3t pacjenta do zdrowia.<\/p>\n","protected":false},"excerpt":{"rendered":"<p>BLAZING SUN 2 jest stosowany w szczeg\u00f3lno\u015bci w leczeniu szkarlatyny,  [&#8230;]<\/p>\n","protected":false},"featured_media":3835943,"template":"","meta":{"_acf_changed":false},"product_brand":[],"product_cat":[11778,11771],"product_tag":[12290,12291],"class_list":{"0":"post-3841176","1":"product","2":"type-product","3":"status-publish","4":"has-post-thumbnail","6":"product_cat-pediatria","7":"product_cat-wen-bing-lun-pl","8":"product_tag-szkarlatyna-qi","9":"product_tag-ying-fen-pl","11":"first","12":"instock","13":"taxable","14":"shipping-taxable","15":"purchasable","16":"product-type-simple"},"acf":{"yn_product_audio":"https:\/\/shop.diolosa.com\/wp-content\/uploads\/2018\/12\/DL_0800.mp3","yn_product_video":"https:\/\/shop.diolosa.com\/wp-content\/uploads\/2024\/10\/Blazing-Su-2-.mp4","yn_product_akupunktur":"<p>Qi Fen &#8211; Yang Ming<br \/>\nyou mai 14 &#8211; da zhui (jezioro qi) &#8211; xie fa<br \/>\ndwukropek 11 &#8211; qu chi &#8211; gui tui (he &#8211; gui) &#8211; xie fa<br \/>\ndwukropek 4 &#8211; he gu (yuan) &#8211; xie fa<br \/>\np\u0142uco 11 &#8211; shao shang &#8211; gui xin (jing, gui) &#8211; niech krwawi<br \/>\n\u017co\u0142\u0105dek 44 &#8211; nei ting (ying) &#8211; xie fa<br \/>\n\u017co\u0142\u0105dek 25 &#8211; tian shu (mo, jelito grube, ME) &#8211; xie fa<br \/>\n\u017co\u0142\u0105dek 37 &#8211; shang ju xu (xia he xue &#8211; jelito grube, jezioro krwi, chong mai) &#8211; xie fa<br \/>\nsan chiao 6 &#8211; zhi gou (jing) &#8211; xie fa  <\/p>\n<p>Zesp\u00f3\u0142 Ying Fen<br \/>\nkr\u0105\u017cenie 6 &#8211; nei guan (luo, yin wei mai) &#8211; xie fa<br \/>\nkr\u0105\u017cenie 5 &#8211; jian shi &#8211; gui lu (jing. gui, gui) &#8211; xie fa<br \/>\ndu mai 20 &#8211; bai hui &#8211; bai lao (jezioro szpiku kostnego, p\u0119cherz) &#8211; xie fa<br \/>\nsi shen cong &#8211; M-HN-1 (m\u00f3zg, cns) &#8211; xie fa<br \/>\nserce 7 &#8211; shen men (shu, yuan) &#8211; xie fa  <\/p>\n<p>Zesp\u00f3\u0142 Xue Fen<br \/>\nba feng &#8211; M-LE-8 (wiatr) &#8211; xie fa<br \/>\nshi xuan &#8211; M-UE-1 (bleed,shen)<br \/>\nobw\u00f3d 8 &#8211; lao gong &#8211; gui cu (ying, gui) &#8211; xie fa<br \/>\n\u015bledziona 10 &#8211; xue hai (jezioro krwi) &#8211; xie fa<br \/>\nw\u0105troba 2 &#8211; xing jian (ying) &#8211; krwawienie<br \/>\ndu mai 20 &#8211; bai hui &#8211; bai lao (jezioro szpiku kostnego, p\u0119cherza moczowego) &#8211; xie fa<br \/>\nworeczek \u017c\u00f3\u0142ciowy 20 &#8211; feng chi (san chiao, yang wei mai) &#8211; xie fa<br \/>\njelito cienkie 3 &#8211; hou xi (shu,du mai) &#8211; xie fa<br \/>\nbubble 40 &#8211; wei zhong (he, xia he xue &#8211; ba\u0144ka, xi krwi, jing bie ni\/bl) &#8211; xie fa<\/p>\n","yn_product_verabreichungsart":"Pelety 140szt.","yn_product_dosierung":"<p>Og\u00f3lne: 3 x 6 do 12 tabletek dziennie, zawsze przed posi\u0142kami.<br \/>\nDzieci w wieku od 1 do 3 lat: od 3 do 6 granulek, od 3 do 6 lat: od 6 do 9 granulek i od 6 do 9 lat: od 9 do 12 granulek.<br \/>\nPreparat ten mo\u017cna r\u00f3wnie\u017c przyjmowa\u0107 razem z antybiotykami.<\/p>\n","yn_product_combinations":"<p>BLAZING SUN 1 (szkarlatyna &#8211; Wei Fen &#8211; mo\u017ce by\u0107 stosowany razem z nr 2), WBL RED PROTECTION SCREEN (grypa &#8211; Qi, Ying, Xue Fen), WBL GREEN PROTECTION SCREEN (grypa &#8211; zesp\u00f3\u0142 Wei Fen), COOLING DEW SUPP. (gor\u0105czka) <\/p>\n","yn_product_avoidable":"<p>Cukier, Coca Cola, Fanta, Sprite, czekolada, t\u0142uste i sma\u017cone potrawy, smalec, kie\u0142basa, szynka, wieprzowina, owoce morza, ryby, ostre przyprawy, pieprz, czosnek, cebula, por.<\/p>\n","yn_product_tcm_mindmapping":"<p>WBL > Szkarlatyna > Zesp\u00f3\u0142 Qi, Ying i Xue Fen<\/p>\n","yn_product_tongue_body":"<p>Pocz\u0105tkowo j\u0119zyk pokryty jest bia\u0142ym nalotem, kt\u00f3ry p\u00f3\u017aniej zanika, a j\u0119zyk staje si\u0119 l\u015bni\u0105co czerwony z wystaj\u0105cymi kubkami smakowymi. Jest to tzw. j\u0119zyk truskawkowy lub malinowy. <\/p>\n","yn_product_tongue_coating":"<p>\u017b\u00f3\u0142tawy<\/p>\n","yn_product_pulse_diagnostics":"<p>Qi Fen: hong mai &#8211; falisty, shuo mai &#8211; szybki, shi mai &#8211; pe\u0142ny<br \/>\nYing Fen i Xue Fen: fu mai &#8211; powierzchowny, xian mai &#8211; napi\u0119ty, chang mai &#8211; d\u0142ugi, xi mai &#8211; cienki, xu mai &#8211; pusty, shuo mai &#8211; szybki<\/p>\n","yn_product_indications":"<p>Szkarlatyna, po jednym do czterech dni pojawia si\u0119 charakterystyczna wysypka z blisko rozmieszczonymi, wielko\u015bci g\u0142\u00f3wki od szpilki, intensywnie czerwonymi, lekko uniesionymi plamami. Ulubionymi obszarami s\u0105 pachy i pachwiny, ale ca\u0142e cia\u0142o mo\u017ce by\u0107 r\u00f3wnie\u017c dotkni\u0119te chorob\u0105, chocia\u017c tr\u00f3jk\u0105t usta-broda pozostaje wolny. Ta blado\u015b\u0107 oko\u0142oustna jest czasami potocznie okre\u015blana jako mleczne w\u0105sy. Oko\u0142o 14 dni po wyst\u0105pieniu choroby sk\u00f3ra na czubkach palc\u00f3w r\u0105k lub st\u00f3p, a nawet na ca\u0142ych d\u0142oniach i podeszwach st\u00f3p, mo\u017ce r\u00f3wnie\u017c \u0142uszczy\u0107 si\u0119, co jest r\u00f3wnie\u017c charakterystyczne.   <\/p>\n","yn_product_contra_indications":"<p>Zesp\u00f3\u0142 zimnego wiatru, przewlek\u0142a biegunka, wielomocz, nokturia<\/p>\n","yn_product_pregnancy":"<p>Dozwolone<\/p>\n","yn_product_herbs":"<p>isatidis radix &#8211; ban lan gen, lonicerae japonicae flos &#8211; jin yin hua, forsythiae suspensae fructus &#8211; lian qiao, scrophulariae radix &#8211; xuan shen, anemarrhenae rhizoma &#8211; zhi mu , rhemanniae radix &#8211; sheng di huang, moutan cortex &#8211; mu dan pi, paeoniae rubrae radix &#8211; chi shao yao, platycodi grandiflori radix &#8211; jie geng<\/p>\n","yn_product_magisterrecipes":"<p>Qing Wen Bai Du Yin<\/p>\n"},"yoast_head":"<!-- This site is optimized with the Yoast SEO plugin v24.9 - https:\/\/yoast.com\/wordpress\/plugins\/seo\/ -->\n<title>Blazing Sun 2 - Claude Diolosa<\/title>\n<meta name=\"robots\" content=\"index, follow, max-snippet:-1, max-image-preview:large, max-video-preview:-1\" \/>\n<link rel=\"canonical\" href=\"https:\/\/shop.diolosa.com\/pl\/product\/blazing-sun-2\/\" \/>\n<meta property=\"og:locale\" content=\"pl_PL\" \/>\n<meta property=\"og:type\" content=\"article\" \/>\n<meta property=\"og:title\" content=\"Blazing Sun 2 - Claude Diolosa\" \/>\n<meta property=\"og:description\" content=\"BLAZING SUN 2 jest stosowany w szczeg\u00f3lno\u015bci w leczeniu szkarlatyny, [...]\" \/>\n<meta property=\"og:url\" content=\"https:\/\/shop.diolosa.com\/pl\/product\/blazing-sun-2\/\" \/>\n<meta property=\"og:site_name\" content=\"Claude Diolosa\" \/>\n<meta property=\"article:publisher\" content=\"https:\/\/facebook.com\/claudediolosa\" \/>\n<meta property=\"article:modified_time\" content=\"2025-05-31T16:21:23+00:00\" \/>\n<meta property=\"og:image\" content=\"https:\/\/shop.diolosa.com\/wp-content\/uploads\/2019\/09\/Presslinge-140.jpg\" \/>\n\t<meta property=\"og:image:width\" content=\"800\" \/>\n\t<meta property=\"og:image:height\" content=\"533\" \/>\n\t<meta property=\"og:image:type\" content=\"image\/jpeg\" \/>\n<meta name=\"twitter:card\" content=\"summary_large_image\" \/>\n<meta name=\"twitter:label1\" content=\"Szacowany czas czytania\" \/>\n\t<meta name=\"twitter:data1\" content=\"1 minuta\" \/>\n<script type=\"application\/ld+json\" class=\"yoast-schema-graph\">{\"@context\":\"https:\/\/schema.org\",\"@graph\":[{\"@type\":\"WebPage\",\"@id\":\"https:\/\/shop.diolosa.com\/pl\/product\/blazing-sun-2\/\",\"url\":\"https:\/\/shop.diolosa.com\/pl\/product\/blazing-sun-2\/\",\"name\":\"Blazing Sun 2 - Claude Diolosa\",\"isPartOf\":{\"@id\":\"https:\/\/shop.diolosa.com\/pl\/#website\"},\"primaryImageOfPage\":{\"@id\":\"https:\/\/shop.diolosa.com\/pl\/product\/blazing-sun-2\/#primaryimage\"},\"image\":{\"@id\":\"https:\/\/shop.diolosa.com\/pl\/product\/blazing-sun-2\/#primaryimage\"},\"thumbnailUrl\":\"https:\/\/shop.diolosa.com\/wp-content\/uploads\/2019\/09\/Presslinge-140.jpg\",\"datePublished\":\"2025-03-10T05:57:24+00:00\",\"dateModified\":\"2025-05-31T16:21:23+00:00\",\"breadcrumb\":{\"@id\":\"https:\/\/shop.diolosa.com\/pl\/product\/blazing-sun-2\/#breadcrumb\"},\"inLanguage\":\"pl-PL\",\"potentialAction\":[{\"@type\":\"ReadAction\",\"target\":[\"https:\/\/shop.diolosa.com\/pl\/product\/blazing-sun-2\/\"]}]},{\"@type\":\"ImageObject\",\"inLanguage\":\"pl-PL\",\"@id\":\"https:\/\/shop.diolosa.com\/pl\/product\/blazing-sun-2\/#primaryimage\",\"url\":\"https:\/\/shop.diolosa.com\/wp-content\/uploads\/2019\/09\/Presslinge-140.jpg\",\"contentUrl\":\"https:\/\/shop.diolosa.com\/wp-content\/uploads\/2019\/09\/Presslinge-140.jpg\",\"width\":800,\"height\":533},{\"@type\":\"BreadcrumbList\",\"@id\":\"https:\/\/shop.diolosa.com\/pl\/product\/blazing-sun-2\/#breadcrumb\",\"itemListElement\":[{\"@type\":\"ListItem\",\"position\":1,\"name\":\"Startseite\",\"item\":\"https:\/\/shop.diolosa.com\/pl\/?page_id=3835710\"},{\"@type\":\"ListItem\",\"position\":2,\"name\":\"Sklep\",\"item\":\"https:\/\/shop.diolosa.com\/pl\/?page_id=3835710\"},{\"@type\":\"ListItem\",\"position\":3,\"name\":\"Blazing Sun 2\"}]},{\"@type\":\"WebSite\",\"@id\":\"https:\/\/shop.diolosa.com\/pl\/#website\",\"url\":\"https:\/\/shop.diolosa.com\/pl\/\",\"name\":\"Claude Diolosa\",\"description\":\"\",\"publisher\":{\"@id\":\"https:\/\/shop.diolosa.com\/pl\/#organization\"},\"potentialAction\":[{\"@type\":\"SearchAction\",\"target\":{\"@type\":\"EntryPoint\",\"urlTemplate\":\"https:\/\/shop.diolosa.com\/pl\/?s={search_term_string}\"},\"query-input\":{\"@type\":\"PropertyValueSpecification\",\"valueRequired\":true,\"valueName\":\"search_term_string\"}}],\"inLanguage\":\"pl-PL\"},{\"@type\":\"Organization\",\"@id\":\"https:\/\/shop.diolosa.com\/pl\/#organization\",\"name\":\"Claude Diolosa\",\"url\":\"https:\/\/shop.diolosa.com\/pl\/\",\"logo\":{\"@type\":\"ImageObject\",\"inLanguage\":\"pl-PL\",\"@id\":\"https:\/\/shop.diolosa.com\/pl\/#\/schema\/logo\/image\/\",\"url\":\"https:\/\/shop.diolosa.com\/wp-content\/uploads\/2019\/08\/diolosa-drop-logo-new.png\",\"contentUrl\":\"https:\/\/shop.diolosa.com\/wp-content\/uploads\/2019\/08\/diolosa-drop-logo-new.png\",\"width\":134,\"height\":176,\"caption\":\"Claude Diolosa\"},\"image\":{\"@id\":\"https:\/\/shop.diolosa.com\/pl\/#\/schema\/logo\/image\/\"},\"sameAs\":[\"https:\/\/facebook.com\/claudediolosa\",\"https:\/\/www.instagram.com\/diolosaclaude108\/\"]}]}<\/script>\n<!-- \/ Yoast SEO plugin. -->","yoast_head_json":{"title":"Blazing Sun 2 - Claude Diolosa","robots":{"index":"index","follow":"follow","max-snippet":"max-snippet:-1","max-image-preview":"max-image-preview:large","max-video-preview":"max-video-preview:-1"},"canonical":"https:\/\/shop.diolosa.com\/pl\/product\/blazing-sun-2\/","og_locale":"pl_PL","og_type":"article","og_title":"Blazing Sun 2 - Claude Diolosa","og_description":"BLAZING SUN 2 jest stosowany w szczeg\u00f3lno\u015bci w leczeniu szkarlatyny, [...]","og_url":"https:\/\/shop.diolosa.com\/pl\/product\/blazing-sun-2\/","og_site_name":"Claude Diolosa","article_publisher":"https:\/\/facebook.com\/claudediolosa","article_modified_time":"2025-05-31T16:21:23+00:00","og_image":[{"width":800,"height":533,"url":"https:\/\/shop.diolosa.com\/wp-content\/uploads\/2019\/09\/Presslinge-140.jpg","type":"image\/jpeg"}],"twitter_card":"summary_large_image","twitter_misc":{"Szacowany czas czytania":"1 minuta"},"schema":{"@context":"https:\/\/schema.org","@graph":[{"@type":"WebPage","@id":"https:\/\/shop.diolosa.com\/pl\/product\/blazing-sun-2\/","url":"https:\/\/shop.diolosa.com\/pl\/product\/blazing-sun-2\/","name":"Blazing Sun 2 - Claude Diolosa","isPartOf":{"@id":"https:\/\/shop.diolosa.com\/pl\/#website"},"primaryImageOfPage":{"@id":"https:\/\/shop.diolosa.com\/pl\/product\/blazing-sun-2\/#primaryimage"},"image":{"@id":"https:\/\/shop.diolosa.com\/pl\/product\/blazing-sun-2\/#primaryimage"},"thumbnailUrl":"https:\/\/shop.diolosa.com\/wp-content\/uploads\/2019\/09\/Presslinge-140.jpg","datePublished":"2025-03-10T05:57:24+00:00","dateModified":"2025-05-31T16:21:23+00:00","breadcrumb":{"@id":"https:\/\/shop.diolosa.com\/pl\/product\/blazing-sun-2\/#breadcrumb"},"inLanguage":"pl-PL","potentialAction":[{"@type":"ReadAction","target":["https:\/\/shop.diolosa.com\/pl\/product\/blazing-sun-2\/"]}]},{"@type":"ImageObject","inLanguage":"pl-PL","@id":"https:\/\/shop.diolosa.com\/pl\/product\/blazing-sun-2\/#primaryimage","url":"https:\/\/shop.diolosa.com\/wp-content\/uploads\/2019\/09\/Presslinge-140.jpg","contentUrl":"https:\/\/shop.diolosa.com\/wp-content\/uploads\/2019\/09\/Presslinge-140.jpg","width":800,"height":533},{"@type":"BreadcrumbList","@id":"https:\/\/shop.diolosa.com\/pl\/product\/blazing-sun-2\/#breadcrumb","itemListElement":[{"@type":"ListItem","position":1,"name":"Startseite","item":"https:\/\/shop.diolosa.com\/pl\/?page_id=3835710"},{"@type":"ListItem","position":2,"name":"Sklep","item":"https:\/\/shop.diolosa.com\/pl\/?page_id=3835710"},{"@type":"ListItem","position":3,"name":"Blazing Sun 2"}]},{"@type":"WebSite","@id":"https:\/\/shop.diolosa.com\/pl\/#website","url":"https:\/\/shop.diolosa.com\/pl\/","name":"Claude Diolosa","description":"","publisher":{"@id":"https:\/\/shop.diolosa.com\/pl\/#organization"},"potentialAction":[{"@type":"SearchAction","target":{"@type":"EntryPoint","urlTemplate":"https:\/\/shop.diolosa.com\/pl\/?s={search_term_string}"},"query-input":{"@type":"PropertyValueSpecification","valueRequired":true,"valueName":"search_term_string"}}],"inLanguage":"pl-PL"},{"@type":"Organization","@id":"https:\/\/shop.diolosa.com\/pl\/#organization","name":"Claude Diolosa","url":"https:\/\/shop.diolosa.com\/pl\/","logo":{"@type":"ImageObject","inLanguage":"pl-PL","@id":"https:\/\/shop.diolosa.com\/pl\/#\/schema\/logo\/image\/","url":"https:\/\/shop.diolosa.com\/wp-content\/uploads\/2019\/08\/diolosa-drop-logo-new.png","contentUrl":"https:\/\/shop.diolosa.com\/wp-content\/uploads\/2019\/08\/diolosa-drop-logo-new.png","width":134,"height":176,"caption":"Claude Diolosa"},"image":{"@id":"https:\/\/shop.diolosa.com\/pl\/#\/schema\/logo\/image\/"},"sameAs":["https:\/\/facebook.com\/claudediolosa","https:\/\/www.instagram.com\/diolosaclaude108\/"]}]}},"_links":{"self":[{"href":"https:\/\/shop.diolosa.com\/pl\/wp-json\/wp\/v2\/product\/3841176","targetHints":{"allow":["GET"]}}],"collection":[{"href":"https:\/\/shop.diolosa.com\/pl\/wp-json\/wp\/v2\/product"}],"about":[{"href":"https:\/\/shop.diolosa.com\/pl\/wp-json\/wp\/v2\/types\/product"}],"wp:featuredmedia":[{"embeddable":true,"href":"https:\/\/shop.diolosa.com\/pl\/wp-json\/wp\/v2\/media\/3835943"}],"wp:attachment":[{"href":"https:\/\/shop.diolosa.com\/pl\/wp-json\/wp\/v2\/media?parent=3841176"}],"wp:term":[{"taxonomy":"product_brand","embeddable":true,"href":"https:\/\/shop.diolosa.com\/pl\/wp-json\/wp\/v2\/product_brand?post=3841176"},{"taxonomy":"product_cat","embeddable":true,"href":"https:\/\/shop.diolosa.com\/pl\/wp-json\/wp\/v2\/product_cat?post=3841176"},{"taxonomy":"product_tag","embeddable":true,"href":"https:\/\/shop.diolosa.com\/pl\/wp-json\/wp\/v2\/product_tag?post=3841176"}],"curies":[{"name":"wp","href":"https:\/\/api.w.org\/{rel}","templated":true}]}}