{"id":3841177,"date":"2019-09-04T12:14:20","date_gmt":"2025-03-10T05:57:25","guid":{"rendered":"https:\/\/shop.diolosa.com\/product\/poranna-sekretna-radosc\/"},"modified":"2025-05-06T14:51:21","modified_gmt":"2025-05-06T13:51:21","slug":"poranna-sekretna-radosc","status":"publish","type":"product","link":"https:\/\/shop.diolosa.com\/pl\/product\/poranna-sekretna-radosc\/","title":{"rendered":"Poranna sekretna rado\u015b\u0107"},"content":{"rendered":"<p>MORNING SECRET JOY jest stosowany w leczeniu ostrej nadczynno\u015bci tarczycy. Preparat ten oczyszcza zast\u00f3j Qi p\u0119cherzyka \u017c\u00f3\u0142ciowego, oczyszcza zast\u00f3j ciep\u0142a, przekszta\u0142ca ciep\u0142o flegmy, oczyszcza ciep\u0142o krwi, oczyszcza zast\u00f3j krwi, oczyszcza kana\u0142y serca, \u0142agodzi stwardnienie i przekrwienie oraz dzia\u0142a uspokajaj\u0105co bez szkody dla Yin. MORNING SECRET JOY wspomaga przepuszczalno\u015b\u0107 Shao Yang i Yang Ming oraz dzia\u0142a harmonizuj\u0105co na Drewno i Ziemi\u0119. Preparat ten mo\u017ce by\u0107 bardzo dobrze \u0142\u0105czony z EVENING SECRET JOY w przypadkach zwi\u0119kszonego niedoboru Yin.<\/p>\n","protected":false},"excerpt":{"rendered":"<p>MORNING SECRET JOY jest stosowany w leczeniu ostrej nadczynno\u015bci tarczycy.  [&#8230;]<\/p>\n","protected":false},"featured_media":3835943,"template":"","meta":{"_acf_changed":false},"product_brand":[],"product_cat":[12282],"product_tag":[12292],"class_list":{"0":"post-3841177","1":"product","2":"type-product","3":"status-publish","4":"has-post-thumbnail","6":"product_cat-endokrynologia","7":"product_tag-tarczyca-ostra-nadczynnosc-tarczycy","9":"first","10":"instock","11":"taxable","12":"shipping-taxable","13":"purchasable","14":"product-type-simple"},"acf":{"yn_product_audio":"https:\/\/shop.diolosa.com\/wp-content\/uploads\/2018\/12\/DL_0355.mp3","yn_product_video":"https:\/\/shop.diolosa.com\/wp-content\/uploads\/2024\/12\/Morning-Secret-Joy.mp4","yn_product_akupunktur":"<p>Shao Yang Qi oczyszczanie zator\u00f3w i flegmy<br \/>\nworeczek \u017c\u00f3\u0142ciowy 34 &#8211; yang ling quan (he, xia he xue, gui) &#8211; xie fa<br \/>\nworeczek \u017c\u00f3\u0142ciowy 40 &#8211; qiu xu (yuan) &#8211; xie fa<br \/>\nworeczek \u017c\u00f3\u0142ciowy 41 &#8211; zu lin qi (dai mai, shu) &#8211; xie fa<\/p>\n<p>Yang Ming Qi Rozpuszcza przekrwienie i flegm\u0119<br \/>\n\u017co\u0142\u0105dek 45 &#8211; li dui (jing) &#8211; xie fa<br \/>\n\u017co\u0142\u0105dek 40 &#8211; feng long (luo) &#8211; xie fa<br \/>\n\u017co\u0142\u0105dek 44 &#8211; nei ting (ying) &#8211; xie fa<br \/>\n\u017co\u0142\u0105dek 34 &#8211; liang qiu (xi) &#8211; xie fa<\/p>\n<p>Tarczyca<br \/>\njelito grube 18 &#8211; fu tu &#8211; xie fa<br \/>\n\u017co\u0142\u0105dek 10 &#8211; shui tu &#8211; xie fa<br \/>\njelito cienkie 17 &#8211; tian rong &#8211; xie fa<br \/>\nren mai 23 &#8211; lian quan (yin wei mai) &#8211; xie fa<br \/>\nren mai 22 &#8211; tian tu (yin wei mai) &#8211; xie fa<br \/>\nshan lian quan &#8211; dodatkowo &#8211; xie fa (3 ig\u0142y)<\/p>\n<p>Oczy<br \/>\np\u0119cherz 2 &#8211; cuan zhu &#8211; xie fa<br \/>\nworeczek \u017c\u00f3\u0142ciowy 14 &#8211; yang bai (\u017co\u0142\u0105dek, yang wei mai) &#8211; xie fa<br \/>\nyu yao &#8211; M-HN-6 &#8211; xie fa<br \/>\nworeczek \u017c\u00f3\u0142ciowy 37 &#8211; guang ming (luo) &#8211; xie fa<\/p>\n<p>Stymulacja pasa\u017cu jelitowego<br \/>\nren mai 12 &#8211; zhong wan (mo>\u017co\u0142\u0105dek, ba hui xue, jelito cienkie, san chiao, \u017co\u0142\u0105dek) &#8211; xie fa<br \/>\n\u017co\u0142\u0105dek 25 &#8211; tian shu (mo &#8211; jelito grube) &#8211; xie fa<br \/>\n\u017co\u0142\u0105dek 37 &#8211; shang ju xu (xia he xue &#8211; jelito grube, jezioro krwi, chong mai) &#8211; xie fa  <\/p>\n<p>ciep\u0142o krwi i flegmy<br \/>\nkr\u0105\u017cenie 8 &#8211; lao gong &#8211; gui cu (ying, gui) &#8211; xie fa<br \/>\nkr\u0105\u017cenie 7 &#8211; da ling &#8211; gui xin (shu, yuan, gui) &#8211; xie fa<br \/>\nkr\u0105\u017cenie 5 &#8211; jian shi &#8211; gui lu (jing, gui) &#8211; xie fa<br \/>\np\u0119cherz 17 &#8211; ge shu (krew) &#8211; xie fa &#8211; krwawienie<\/p>\n<p>Yin tonsieren<br \/>\nnerka 6 &#8211; zhao hai (yin qiao mai) &#8211; bu fa<br \/>\np\u0119cherz 62 &#8211; shen mai &#8211; gui lu (yang qiao mai) &#8211; xie fa<br \/>\njelito cienkie 3 &#8211; hou xi (shu,du mai) &#8211; xie fa<br \/>\nsan chiao 5 &#8211; wai guan (yang wei mai, luo) &#8211; xie fa<br \/>\nnerka 2 &#8211; rang gu (ying) &#8211; xie fa  <\/p>\n<p>Shen uspok\u00f3j si\u0119<br \/>\ndu mai 24 &#8211; shen ting (p\u0119cherz, \u017co\u0142\u0105dek, gui) &#8211; xie fa<br \/>\n\u017co\u0142\u0105dek 6 &#8211; jia che &#8211; gui chuan (gui) &#8211; xie fa<br \/>\nsi shen cong &#8211; M-HN-1 (m\u00f3zg, cns) &#8211; xie fa<br \/>\ndu mai 20 &#8211; bai hui &#8211; bai lao (jezioro szpiku kostnego, p\u0119cherz) &#8211; xie fa<br \/>\nyin tang &#8211; M-HN-3 &#8211; xie fa<\/p>\n","yn_product_verabreichungsart":"Pelety 140szt.","yn_product_dosierung":"<p>3 x 6 do 9 tabletek dziennie, zawsze przed posi\u0142kami, mo\u017cna \u0142\u0105czy\u0107 z EVENING SECRET JOY<\/p>\n","yn_product_combinations":"<p>WIECZORNA TAJEMNICA RADO\u015aCI (przewlek\u0142a nadczynno\u015b\u0107 tarczycy), PI\u0118\u0106 P\u0141ASZCZYZN (stwardnienie), PI\u0118\u0106 SMOK\u00d3W (flegma wiatrowa i toksyny), DRZWI NIEBA (upa\u0142 z flegm\u0105), RADOSNE DNI (przekrwienie Qi), SZE\u015a\u0106 KWIAT\u00d3W (przekrwienie Qi i krwi), \u0141AGODZENIE WYPALENIA (zesp\u00f3\u0142 wypalenia), SPOKOJNE NOCE (bezsenno\u015b\u0107).<\/p>\n","yn_product_avoidable":"<p>Kawa, czarna herbata, w\u0119dzenie, czosnek, cebula, por, przyprawy indyjskie, herbata z przyprawami, jagni\u0119cina, czerwone wino, ocet, dr\u00f3b, pieprz, tabasco, kie\u0142basa, szynka<\/p>\n","yn_product_tcm_mindmapping":"<p>Zast\u00f3j Qi p\u0119cherzyka \u017c\u00f3\u0142ciowego > Zast\u00f3j Qi \u017co\u0142\u0105dka > Ciep\u0142o flegmy \u017co\u0142\u0105dka > Buntowniczy \u017co\u0142\u0105dek atakuje gard\u0142o > Ciep\u0142o flegmy Toksyny i zast\u00f3j krwi blokuj\u0105 naczynia Luo > Tworzenie si\u0119 guzk\u00f3w > Niedob\u00f3r Yin nerek<\/p>\n","yn_product_tongue_body":"<p>D\u0142ugi, mocny, o spuchni\u0119tych kraw\u0119dziach lub krzywy o czerwonawym zabarwieniu, w stanie przewlek\u0142ym cia\u0142o j\u0119zyka staje si\u0119 p\u0119kni\u0119te w Shao Yin i w\u0105skie.<\/p>\n","yn_product_tongue_coating":"<p>\u017b\u00f3\u0142tawy, t\u0142usty, lepki w Shao Yang (smugi) lub w Yang Ming, w stanie przewlek\u0142ym pow\u0142oka j\u0119zyka staje si\u0119 cienka i sucha.<\/p>\n","yn_product_pulse_diagnostics":"<p>xian mai &#8211; napi\u0119ty, hua mai &#8211; szybuj\u0105cy, shi mai &#8211; pe\u0142ny, shuo mai &#8211; szybki<\/p>\n","yn_product_indications":"<p>nadczynno\u015b\u0107 tarczycy, choroba Hashimoto, niepok\u00f3j, wysypka sk\u00f3rna, bezsenno\u015b\u0107, nadmierne miesi\u0105czkowanie<\/p>\n","yn_product_contra_indications":"<p>Niedoczynno\u015b\u0107 tarczycy, niedob\u00f3r Yang i Qi z nagromadzeniem flegmy i wilgoci<\/p>\n","yn_product_pregnancy":"<p>Przeciwwskazane<\/p>\n","yn_product_herbs":"<p>bupleurum radix &#8211; chai hu, pinelliae ternatae rhizoma &#8211; ban xia, citrus aurantii immaturi &#8211; zhi shi, salviae radix &#8211; dan shen, curcuma longa &#8211; yu jin, scrophulariae ningpoensis radix &#8211; xuan shen, fritillariae thunbergyii bulbus &#8211; zhe bei mu, arctii lappae fructus &#8211; niu bang zi, forsythiae suspensae fructus &#8211; lian qiao<\/p>\n","yn_product_magisterrecipes":"<p>Qing Qi Hua Tan Tang, Pu Ji Xiao Du Yin, Xiao Chai Hu Tang<\/p>\n"},"yoast_head":"<!-- This site is optimized with the Yoast SEO plugin v24.9 - https:\/\/yoast.com\/wordpress\/plugins\/seo\/ -->\n<title>Poranna sekretna rado\u015b\u0107 - Claude Diolosa<\/title>\n<meta name=\"robots\" content=\"index, follow, max-snippet:-1, max-image-preview:large, max-video-preview:-1\" \/>\n<link rel=\"canonical\" href=\"https:\/\/shop.diolosa.com\/pl\/product\/poranna-sekretna-radosc\/\" \/>\n<meta property=\"og:locale\" content=\"pl_PL\" \/>\n<meta property=\"og:type\" content=\"article\" \/>\n<meta property=\"og:title\" content=\"Poranna sekretna rado\u015b\u0107 - Claude Diolosa\" \/>\n<meta property=\"og:description\" content=\"MORNING SECRET JOY jest stosowany w leczeniu ostrej nadczynno\u015bci tarczycy. [...]\" \/>\n<meta property=\"og:url\" content=\"https:\/\/shop.diolosa.com\/pl\/product\/poranna-sekretna-radosc\/\" \/>\n<meta property=\"og:site_name\" content=\"Claude Diolosa\" \/>\n<meta property=\"article:publisher\" content=\"https:\/\/facebook.com\/claudediolosa\" \/>\n<meta property=\"article:modified_time\" content=\"2025-05-06T13:51:21+00:00\" \/>\n<meta property=\"og:image\" content=\"https:\/\/shop.diolosa.com\/wp-content\/uploads\/2019\/09\/Presslinge-140.jpg\" \/>\n\t<meta property=\"og:image:width\" content=\"800\" \/>\n\t<meta property=\"og:image:height\" content=\"533\" \/>\n\t<meta property=\"og:image:type\" content=\"image\/jpeg\" \/>\n<meta name=\"twitter:card\" content=\"summary_large_image\" \/>\n<script type=\"application\/ld+json\" class=\"yoast-schema-graph\">{\"@context\":\"https:\/\/schema.org\",\"@graph\":[{\"@type\":\"WebPage\",\"@id\":\"https:\/\/shop.diolosa.com\/pl\/product\/poranna-sekretna-radosc\/\",\"url\":\"https:\/\/shop.diolosa.com\/pl\/product\/poranna-sekretna-radosc\/\",\"name\":\"Poranna sekretna rado\u015b\u0107 - Claude Diolosa\",\"isPartOf\":{\"@id\":\"https:\/\/shop.diolosa.com\/pl\/#website\"},\"primaryImageOfPage\":{\"@id\":\"https:\/\/shop.diolosa.com\/pl\/product\/poranna-sekretna-radosc\/#primaryimage\"},\"image\":{\"@id\":\"https:\/\/shop.diolosa.com\/pl\/product\/poranna-sekretna-radosc\/#primaryimage\"},\"thumbnailUrl\":\"https:\/\/shop.diolosa.com\/wp-content\/uploads\/2019\/09\/Presslinge-140.jpg\",\"datePublished\":\"2025-03-10T05:57:25+00:00\",\"dateModified\":\"2025-05-06T13:51:21+00:00\",\"breadcrumb\":{\"@id\":\"https:\/\/shop.diolosa.com\/pl\/product\/poranna-sekretna-radosc\/#breadcrumb\"},\"inLanguage\":\"pl-PL\",\"potentialAction\":[{\"@type\":\"ReadAction\",\"target\":[\"https:\/\/shop.diolosa.com\/pl\/product\/poranna-sekretna-radosc\/\"]}]},{\"@type\":\"ImageObject\",\"inLanguage\":\"pl-PL\",\"@id\":\"https:\/\/shop.diolosa.com\/pl\/product\/poranna-sekretna-radosc\/#primaryimage\",\"url\":\"https:\/\/shop.diolosa.com\/wp-content\/uploads\/2019\/09\/Presslinge-140.jpg\",\"contentUrl\":\"https:\/\/shop.diolosa.com\/wp-content\/uploads\/2019\/09\/Presslinge-140.jpg\",\"width\":800,\"height\":533},{\"@type\":\"BreadcrumbList\",\"@id\":\"https:\/\/shop.diolosa.com\/pl\/product\/poranna-sekretna-radosc\/#breadcrumb\",\"itemListElement\":[{\"@type\":\"ListItem\",\"position\":1,\"name\":\"Startseite\",\"item\":\"https:\/\/shop.diolosa.com\/pl\/?page_id=3835710\"},{\"@type\":\"ListItem\",\"position\":2,\"name\":\"Sklep\",\"item\":\"https:\/\/shop.diolosa.com\/pl\/?page_id=3835710\"},{\"@type\":\"ListItem\",\"position\":3,\"name\":\"Poranna sekretna rado\u015b\u0107\"}]},{\"@type\":\"WebSite\",\"@id\":\"https:\/\/shop.diolosa.com\/pl\/#website\",\"url\":\"https:\/\/shop.diolosa.com\/pl\/\",\"name\":\"Claude Diolosa\",\"description\":\"\",\"publisher\":{\"@id\":\"https:\/\/shop.diolosa.com\/pl\/#organization\"},\"potentialAction\":[{\"@type\":\"SearchAction\",\"target\":{\"@type\":\"EntryPoint\",\"urlTemplate\":\"https:\/\/shop.diolosa.com\/pl\/?s={search_term_string}\"},\"query-input\":{\"@type\":\"PropertyValueSpecification\",\"valueRequired\":true,\"valueName\":\"search_term_string\"}}],\"inLanguage\":\"pl-PL\"},{\"@type\":\"Organization\",\"@id\":\"https:\/\/shop.diolosa.com\/pl\/#organization\",\"name\":\"Claude Diolosa\",\"url\":\"https:\/\/shop.diolosa.com\/pl\/\",\"logo\":{\"@type\":\"ImageObject\",\"inLanguage\":\"pl-PL\",\"@id\":\"https:\/\/shop.diolosa.com\/pl\/#\/schema\/logo\/image\/\",\"url\":\"https:\/\/shop.diolosa.com\/wp-content\/uploads\/2019\/08\/diolosa-drop-logo-new.png\",\"contentUrl\":\"https:\/\/shop.diolosa.com\/wp-content\/uploads\/2019\/08\/diolosa-drop-logo-new.png\",\"width\":134,\"height\":176,\"caption\":\"Claude Diolosa\"},\"image\":{\"@id\":\"https:\/\/shop.diolosa.com\/pl\/#\/schema\/logo\/image\/\"},\"sameAs\":[\"https:\/\/facebook.com\/claudediolosa\",\"https:\/\/www.instagram.com\/diolosaclaude108\/\"]}]}<\/script>\n<!-- \/ Yoast SEO plugin. -->","yoast_head_json":{"title":"Poranna sekretna rado\u015b\u0107 - Claude Diolosa","robots":{"index":"index","follow":"follow","max-snippet":"max-snippet:-1","max-image-preview":"max-image-preview:large","max-video-preview":"max-video-preview:-1"},"canonical":"https:\/\/shop.diolosa.com\/pl\/product\/poranna-sekretna-radosc\/","og_locale":"pl_PL","og_type":"article","og_title":"Poranna sekretna rado\u015b\u0107 - Claude Diolosa","og_description":"MORNING SECRET JOY jest stosowany w leczeniu ostrej nadczynno\u015bci tarczycy. [...]","og_url":"https:\/\/shop.diolosa.com\/pl\/product\/poranna-sekretna-radosc\/","og_site_name":"Claude Diolosa","article_publisher":"https:\/\/facebook.com\/claudediolosa","article_modified_time":"2025-05-06T13:51:21+00:00","og_image":[{"width":800,"height":533,"url":"https:\/\/shop.diolosa.com\/wp-content\/uploads\/2019\/09\/Presslinge-140.jpg","type":"image\/jpeg"}],"twitter_card":"summary_large_image","schema":{"@context":"https:\/\/schema.org","@graph":[{"@type":"WebPage","@id":"https:\/\/shop.diolosa.com\/pl\/product\/poranna-sekretna-radosc\/","url":"https:\/\/shop.diolosa.com\/pl\/product\/poranna-sekretna-radosc\/","name":"Poranna sekretna rado\u015b\u0107 - Claude Diolosa","isPartOf":{"@id":"https:\/\/shop.diolosa.com\/pl\/#website"},"primaryImageOfPage":{"@id":"https:\/\/shop.diolosa.com\/pl\/product\/poranna-sekretna-radosc\/#primaryimage"},"image":{"@id":"https:\/\/shop.diolosa.com\/pl\/product\/poranna-sekretna-radosc\/#primaryimage"},"thumbnailUrl":"https:\/\/shop.diolosa.com\/wp-content\/uploads\/2019\/09\/Presslinge-140.jpg","datePublished":"2025-03-10T05:57:25+00:00","dateModified":"2025-05-06T13:51:21+00:00","breadcrumb":{"@id":"https:\/\/shop.diolosa.com\/pl\/product\/poranna-sekretna-radosc\/#breadcrumb"},"inLanguage":"pl-PL","potentialAction":[{"@type":"ReadAction","target":["https:\/\/shop.diolosa.com\/pl\/product\/poranna-sekretna-radosc\/"]}]},{"@type":"ImageObject","inLanguage":"pl-PL","@id":"https:\/\/shop.diolosa.com\/pl\/product\/poranna-sekretna-radosc\/#primaryimage","url":"https:\/\/shop.diolosa.com\/wp-content\/uploads\/2019\/09\/Presslinge-140.jpg","contentUrl":"https:\/\/shop.diolosa.com\/wp-content\/uploads\/2019\/09\/Presslinge-140.jpg","width":800,"height":533},{"@type":"BreadcrumbList","@id":"https:\/\/shop.diolosa.com\/pl\/product\/poranna-sekretna-radosc\/#breadcrumb","itemListElement":[{"@type":"ListItem","position":1,"name":"Startseite","item":"https:\/\/shop.diolosa.com\/pl\/?page_id=3835710"},{"@type":"ListItem","position":2,"name":"Sklep","item":"https:\/\/shop.diolosa.com\/pl\/?page_id=3835710"},{"@type":"ListItem","position":3,"name":"Poranna sekretna rado\u015b\u0107"}]},{"@type":"WebSite","@id":"https:\/\/shop.diolosa.com\/pl\/#website","url":"https:\/\/shop.diolosa.com\/pl\/","name":"Claude Diolosa","description":"","publisher":{"@id":"https:\/\/shop.diolosa.com\/pl\/#organization"},"potentialAction":[{"@type":"SearchAction","target":{"@type":"EntryPoint","urlTemplate":"https:\/\/shop.diolosa.com\/pl\/?s={search_term_string}"},"query-input":{"@type":"PropertyValueSpecification","valueRequired":true,"valueName":"search_term_string"}}],"inLanguage":"pl-PL"},{"@type":"Organization","@id":"https:\/\/shop.diolosa.com\/pl\/#organization","name":"Claude Diolosa","url":"https:\/\/shop.diolosa.com\/pl\/","logo":{"@type":"ImageObject","inLanguage":"pl-PL","@id":"https:\/\/shop.diolosa.com\/pl\/#\/schema\/logo\/image\/","url":"https:\/\/shop.diolosa.com\/wp-content\/uploads\/2019\/08\/diolosa-drop-logo-new.png","contentUrl":"https:\/\/shop.diolosa.com\/wp-content\/uploads\/2019\/08\/diolosa-drop-logo-new.png","width":134,"height":176,"caption":"Claude Diolosa"},"image":{"@id":"https:\/\/shop.diolosa.com\/pl\/#\/schema\/logo\/image\/"},"sameAs":["https:\/\/facebook.com\/claudediolosa","https:\/\/www.instagram.com\/diolosaclaude108\/"]}]}},"_links":{"self":[{"href":"https:\/\/shop.diolosa.com\/pl\/wp-json\/wp\/v2\/product\/3841177","targetHints":{"allow":["GET"]}}],"collection":[{"href":"https:\/\/shop.diolosa.com\/pl\/wp-json\/wp\/v2\/product"}],"about":[{"href":"https:\/\/shop.diolosa.com\/pl\/wp-json\/wp\/v2\/types\/product"}],"wp:featuredmedia":[{"embeddable":true,"href":"https:\/\/shop.diolosa.com\/pl\/wp-json\/wp\/v2\/media\/3835943"}],"wp:attachment":[{"href":"https:\/\/shop.diolosa.com\/pl\/wp-json\/wp\/v2\/media?parent=3841177"}],"wp:term":[{"taxonomy":"product_brand","embeddable":true,"href":"https:\/\/shop.diolosa.com\/pl\/wp-json\/wp\/v2\/product_brand?post=3841177"},{"taxonomy":"product_cat","embeddable":true,"href":"https:\/\/shop.diolosa.com\/pl\/wp-json\/wp\/v2\/product_cat?post=3841177"},{"taxonomy":"product_tag","embeddable":true,"href":"https:\/\/shop.diolosa.com\/pl\/wp-json\/wp\/v2\/product_tag?post=3841177"}],"curies":[{"name":"wp","href":"https:\/\/api.w.org\/{rel}","templated":true}]}}