{"id":3841194,"date":"2019-09-04T12:13:58","date_gmt":"2025-03-10T05:57:31","guid":{"rendered":"https:\/\/shop.diolosa.com\/product\/big-pearl\/"},"modified":"2025-05-31T08:29:04","modified_gmt":"2025-05-31T07:29:04","slug":"big-pearl","status":"publish","type":"product","link":"https:\/\/shop.diolosa.com\/pl\/product\/big-pearl\/","title":{"rendered":"Big Pearl"},"content":{"rendered":"<p>BIG PEARL jest stosowany szczeg\u00f3lnie w leczeniu przerostu prostaty u starszych m\u0119\u017cczyzn. Ten innowacyjny preparat ma kilka tryb\u00f3w dzia\u0142ania maj\u0105cych na celu popraw\u0119 zdrowia uk\u0142adu moczowo-p\u0142ciowego. Tonizuje yang nerek, co oznacza, \u017ce wzmacnia energi\u0119 i funkcjonalno\u015b\u0107 nerek, a tym samym promuje og\u00f3lne dobre samopoczucie. Od\u017cywia r\u00f3wnie\u017c Jing, istotn\u0105 substancj\u0119 w tradycyjnej medycynie chi\u0144skiej, kt\u00f3ra symbolizuje witalno\u015b\u0107 i energi\u0119 \u017cyciow\u0105.   <\/p>\n<p>Innym wa\u017cnym aspektem BIG PEARL jest jego zdolno\u015b\u0107 do odprowadzania wilgoci nagromadzonej w dolnym cieple. Pomaga to z\u0142agodzi\u0107 nieprzyjemne objawy i poprawi\u0107 przep\u0142yw moczu. Preparat stymuluje r\u00f3wnie\u017c diurez\u0119, co oznacza, \u017ce zwi\u0119ksza produkcj\u0119 moczu, a tym samym pomaga usun\u0105\u0107 nadmiar p\u0142yn\u00f3w z organizmu.  <\/p>\n<p>Ponadto BIG PEARL dzia\u0142a r\u00f3wnie\u017c na stwardnia\u0142\u0105 tkank\u0119; zmi\u0119kcza j\u0105, a tym samym promuje lepsze kr\u0105\u017cenie krwi i zdrowszy stan tkanki w prostacie. Dzi\u0119ki tym dzia\u0142aniom skutecznie porusza Qi &#8211; energi\u0119 \u017cyciow\u0105 &#8211; w organizmie i zapobiega zatorom krwi w prostacie. Te kompleksowe mechanizmy dzia\u0142ania sprawiaj\u0105, \u017ce BIG PEARL jest cennym wsparciem dla m\u0119\u017cczyzn z dolegliwo\u015bciami zwi\u0105zanymi z prostat\u0105 w starszym wieku.<\/p>\n","protected":false},"excerpt":{"rendered":"<p>&nbsp;<\/p>\n<p>&nbsp;<\/p>\n","protected":false},"featured_media":3835943,"template":"","meta":{"_acf_changed":false},"product_brand":[],"product_cat":[11773],"product_tag":[12307],"class_list":{"0":"post-3841194","1":"product","2":"type-product","3":"status-publish","4":"has-post-thumbnail","6":"product_cat-urologia","7":"product_tag-przerost-gruczolu-krokowego","9":"first","10":"instock","11":"taxable","12":"shipping-taxable","13":"purchasable","14":"product-type-simple"},"acf":{"yn_product_audio":"https:\/\/shop.diolosa.com\/wp-content\/uploads\/2018\/12\/DL_0374.mp3","yn_product_video":"https:\/\/shop.diolosa.com\/wp-content\/uploads\/2024\/03\/Big-Pearl-.mp4","yn_product_akupunktur":"<p>Rozproszenie zimna w jamie brzusznej i rozpuszczenie zastoju<br \/>\np\u0119cherz 31 do 34 &#8211; ba liao &#8211; xie fa z moks\u0105<br \/>\nsan jiao shu &#8211; M-CA-23 (yang ming) &#8211; xie fa z moks\u0105 zi gong &#8211; M-CA-18 (macica\/prostata) &#8211; xie fa z moks\u0105  xie fa z moxa<br \/>\nzi gong &#8211; M-CA-18 (macica\/prostata) &#8211; xie fa z moxa<br \/>\nti tuo &#8211; N-CA-4 (macica\/prostata) &#8211; xie fa z moxa<br \/>\nren mai 3 &#8211; zhong ji (mo>)p\u0119cherz moczowy, w\u0105troba, nerki, \u015bledziona) &#8211; xie fa z mox\u0105<br \/>\n\u017co\u0142\u0105dek 29 &#8211; gui lai &#8211; xie fa z mox\u0105<br \/>\nma 30 &#8211; qi qong &#8211; xie fa z mox\u0105<\/p>\n<p>Dai Mai Rozpuszczanie wilgoci, zastoju zimna<br \/>\nworeczek \u017c\u00f3\u0142ciowy 41 &#8211; to lin qi (dai mai, shu) &#8211; xie fa<br \/>\nsan chiao 3 &#8211; zhong zhu (shu) &#8211; xie fa<br \/>\nworeczek \u017c\u00f3\u0142ciowy 26 &#8211; dai mai &#8211; xie fa<\/p>\n<p>Tonizuje yang nerek<br \/>\np\u0119cherz 23 &#8211; shen shu &#8211; moxa<br \/>\ndu mai 4 &#8211; ming men &#8211; moxa  <\/p>\n<p>Stymuluje diurez\u0119<br \/>\n\u015bledziona 6 &#8211; san yin jiao (le,ni,mb) &#8211; xie fa<br \/>\nren mai 3 &#8211; zhong ji (mo>)p\u0119cherz, w\u0105troba, nerki, \u015bledziona) &#8211; xie fa<br \/>\np\u0119cherz 39 &#8211; wei yang (xia he xue &#8211; san chiao) &#8211; xie fa<br \/>\np\u0119cherz 22 &#8211; san jiao shu (mo &#8211; san chiao) &#8211; xie fa<br \/>\nw\u0105troba 3 &#8211; tai chong (shu, yuan) &#8211; xie fa  <\/p>\n<p>Rozpu\u015bci\u0107 przekrwienie<br \/>\n\u015bledziona 10 &#8211; xue hai (jezioro krwi) &#8211; xie fa<br \/>\n\u015bledziona 8 &#8211; di ji (xi) &#8211; xie fa<\/p>\n","yn_product_verabreichungsart":"Pelety 140szt.","yn_product_dosierung":"<p>3 x 4 do 9 tabletek dziennie, zawsze przed posi\u0142kami<\/p>\n","yn_product_combinations":"<p>KORZE\u0143 YANG (niedob\u00f3r yang nerki), HERBATA RINCHEN (niedob\u00f3r yang nerki), SEKRETNA MOC (apatia), ENERGIA \u017bYCIA (niedob\u00f3r qi \u015bledziony), \u015aWIAT\u0141OS\u0141ONECZNA OS\u0141ONA (niedob\u00f3r odporno\u015bci), ZIMNY STREAM (przewlek\u0142e zapalenie p\u0119cherza moczowego).<\/p>\n","yn_product_avoidable":"<p>Wszystkie produkty mleczne, mleko krowie i kozie, ser, jaja, \u015bmietana, jogurt, kefir, wieprzowina, cukier, makaron, kluski, pizza, pomidor, bak\u0142a\u017can, sa\u0142ata li\u015bciasta, szparagi, og\u00f3rek, czarna herbata, zielona herbata, kawa, herbata z p\u0119cherza i nerek, herbata z chabra b\u0142awatka, solidago, herbata z mniszka lekarskiego, herbata z wrzosu.<\/p>\n","yn_product_tcm_mindmapping":"<p>Niedob\u00f3r Yang w nerkach > Wilgo\u0107\/Flegma, Zimno, Zast\u00f3j w dolnym ogrzewaczu > Zast\u00f3j Qi i Krwi Zheng Jia Ji Ju > Wt\u00f3rna Wilgo\u0107, Ciep\u0142o, Toksyny > Naro\u015bla<\/p>\n","yn_product_tongue_body":"<p>Bezsilny, kr\u00f3tki, mi\u0119kki, blady, przekrwiony, fioletowy, plamisty brzeg i nasada j\u0119zyka<\/p>\n","yn_product_tongue_coating":"<p>Gruby, bia\u0142y i nieco \u017c\u00f3\u0142tawy w dolnej grza\u0142ce<\/p>\n","yn_product_pulse_diagnostics":"<p>Pozycja nerek i w\u0105troby: chen mai &#8211; g\u0142\u0119boka, xu mai &#8211; pusta, xi mai &#8211; cienka, duan mai &#8211; kr\u00f3tka, chi mai &#8211; powolna, se mai &#8211; szorstka.<\/p>\n","yn_product_indications":"<p>Przerost prostaty, sk\u0105pomocz, b\u00f3l plec\u00f3w, zimne ko\u0144czyny, depresja, impotencja, utrata s\u0142uchu<\/p>\n","yn_product_contra_indications":"<p>Niedob\u00f3r Yin w nerkach, puste ciep\u0142o i ciep\u0142o krwi<\/p>\n","yn_product_pregnancy":"<p>Nie okre\u015blono<\/p>\n","yn_product_herbs":"<p>epimedii herba &#8211; yin yang huo, morindae radix &#8211; ba ji tian, lycii fructus &#8211; gou qi zi, zeodariae rhizoma &#8211; e zhu, persicae semen &#8211; tao ren, cyathulae radix &#8211; chuan niu xi, angelicae sinensis radix &#8211; dang gui, poria cocos &#8211; fu ling, polypori sclerotium &#8211; zhu ling, dioscorea hypoglaucae rhizoma &#8211; bei xie, alismati rhizoma &#8211; ze xie<\/p>\n","yn_product_magisterrecipes":"<p>Autor: Xie Fen Qing Yin<\/p>\n"},"yoast_head":"<!-- This site is optimized with the Yoast SEO plugin v24.9 - https:\/\/yoast.com\/wordpress\/plugins\/seo\/ -->\n<title>Big Pearl - Claude Diolosa<\/title>\n<meta name=\"robots\" content=\"index, follow, max-snippet:-1, max-image-preview:large, max-video-preview:-1\" \/>\n<link rel=\"canonical\" href=\"https:\/\/shop.diolosa.com\/pl\/product\/big-pearl\/\" \/>\n<meta property=\"og:locale\" content=\"pl_PL\" \/>\n<meta property=\"og:type\" content=\"article\" \/>\n<meta property=\"og:title\" content=\"Big Pearl - Claude Diolosa\" \/>\n<meta property=\"og:description\" content=\"&nbsp; &nbsp;\" \/>\n<meta property=\"og:url\" content=\"https:\/\/shop.diolosa.com\/pl\/product\/big-pearl\/\" \/>\n<meta property=\"og:site_name\" content=\"Claude Diolosa\" \/>\n<meta property=\"article:publisher\" content=\"https:\/\/facebook.com\/claudediolosa\" \/>\n<meta property=\"article:modified_time\" content=\"2025-05-31T07:29:04+00:00\" \/>\n<meta property=\"og:image\" content=\"https:\/\/shop.diolosa.com\/wp-content\/uploads\/2019\/09\/Presslinge-140.jpg\" \/>\n\t<meta property=\"og:image:width\" content=\"800\" \/>\n\t<meta property=\"og:image:height\" content=\"533\" \/>\n\t<meta property=\"og:image:type\" content=\"image\/jpeg\" \/>\n<meta name=\"twitter:card\" content=\"summary_large_image\" \/>\n<meta name=\"twitter:label1\" content=\"Szacowany czas czytania\" \/>\n\t<meta name=\"twitter:data1\" content=\"1 minuta\" \/>\n<script type=\"application\/ld+json\" class=\"yoast-schema-graph\">{\"@context\":\"https:\/\/schema.org\",\"@graph\":[{\"@type\":\"WebPage\",\"@id\":\"https:\/\/shop.diolosa.com\/pl\/product\/big-pearl\/\",\"url\":\"https:\/\/shop.diolosa.com\/pl\/product\/big-pearl\/\",\"name\":\"Big Pearl - Claude Diolosa\",\"isPartOf\":{\"@id\":\"https:\/\/shop.diolosa.com\/pl\/#website\"},\"primaryImageOfPage\":{\"@id\":\"https:\/\/shop.diolosa.com\/pl\/product\/big-pearl\/#primaryimage\"},\"image\":{\"@id\":\"https:\/\/shop.diolosa.com\/pl\/product\/big-pearl\/#primaryimage\"},\"thumbnailUrl\":\"https:\/\/shop.diolosa.com\/wp-content\/uploads\/2019\/09\/Presslinge-140.jpg\",\"datePublished\":\"2025-03-10T05:57:31+00:00\",\"dateModified\":\"2025-05-31T07:29:04+00:00\",\"breadcrumb\":{\"@id\":\"https:\/\/shop.diolosa.com\/pl\/product\/big-pearl\/#breadcrumb\"},\"inLanguage\":\"pl-PL\",\"potentialAction\":[{\"@type\":\"ReadAction\",\"target\":[\"https:\/\/shop.diolosa.com\/pl\/product\/big-pearl\/\"]}]},{\"@type\":\"ImageObject\",\"inLanguage\":\"pl-PL\",\"@id\":\"https:\/\/shop.diolosa.com\/pl\/product\/big-pearl\/#primaryimage\",\"url\":\"https:\/\/shop.diolosa.com\/wp-content\/uploads\/2019\/09\/Presslinge-140.jpg\",\"contentUrl\":\"https:\/\/shop.diolosa.com\/wp-content\/uploads\/2019\/09\/Presslinge-140.jpg\",\"width\":800,\"height\":533},{\"@type\":\"BreadcrumbList\",\"@id\":\"https:\/\/shop.diolosa.com\/pl\/product\/big-pearl\/#breadcrumb\",\"itemListElement\":[{\"@type\":\"ListItem\",\"position\":1,\"name\":\"Startseite\",\"item\":\"https:\/\/shop.diolosa.com\/pl\/?page_id=3835710\"},{\"@type\":\"ListItem\",\"position\":2,\"name\":\"Sklep\",\"item\":\"https:\/\/shop.diolosa.com\/pl\/?page_id=3835710\"},{\"@type\":\"ListItem\",\"position\":3,\"name\":\"Big Pearl\"}]},{\"@type\":\"WebSite\",\"@id\":\"https:\/\/shop.diolosa.com\/pl\/#website\",\"url\":\"https:\/\/shop.diolosa.com\/pl\/\",\"name\":\"Claude Diolosa\",\"description\":\"\",\"publisher\":{\"@id\":\"https:\/\/shop.diolosa.com\/pl\/#organization\"},\"potentialAction\":[{\"@type\":\"SearchAction\",\"target\":{\"@type\":\"EntryPoint\",\"urlTemplate\":\"https:\/\/shop.diolosa.com\/pl\/?s={search_term_string}\"},\"query-input\":{\"@type\":\"PropertyValueSpecification\",\"valueRequired\":true,\"valueName\":\"search_term_string\"}}],\"inLanguage\":\"pl-PL\"},{\"@type\":\"Organization\",\"@id\":\"https:\/\/shop.diolosa.com\/pl\/#organization\",\"name\":\"Claude Diolosa\",\"url\":\"https:\/\/shop.diolosa.com\/pl\/\",\"logo\":{\"@type\":\"ImageObject\",\"inLanguage\":\"pl-PL\",\"@id\":\"https:\/\/shop.diolosa.com\/pl\/#\/schema\/logo\/image\/\",\"url\":\"https:\/\/shop.diolosa.com\/wp-content\/uploads\/2019\/08\/diolosa-drop-logo-new.png\",\"contentUrl\":\"https:\/\/shop.diolosa.com\/wp-content\/uploads\/2019\/08\/diolosa-drop-logo-new.png\",\"width\":134,\"height\":176,\"caption\":\"Claude Diolosa\"},\"image\":{\"@id\":\"https:\/\/shop.diolosa.com\/pl\/#\/schema\/logo\/image\/\"},\"sameAs\":[\"https:\/\/facebook.com\/claudediolosa\",\"https:\/\/www.instagram.com\/diolosaclaude108\/\"]}]}<\/script>\n<!-- \/ Yoast SEO plugin. -->","yoast_head_json":{"title":"Big Pearl - Claude Diolosa","robots":{"index":"index","follow":"follow","max-snippet":"max-snippet:-1","max-image-preview":"max-image-preview:large","max-video-preview":"max-video-preview:-1"},"canonical":"https:\/\/shop.diolosa.com\/pl\/product\/big-pearl\/","og_locale":"pl_PL","og_type":"article","og_title":"Big Pearl - Claude Diolosa","og_description":"&nbsp; &nbsp;","og_url":"https:\/\/shop.diolosa.com\/pl\/product\/big-pearl\/","og_site_name":"Claude Diolosa","article_publisher":"https:\/\/facebook.com\/claudediolosa","article_modified_time":"2025-05-31T07:29:04+00:00","og_image":[{"width":800,"height":533,"url":"https:\/\/shop.diolosa.com\/wp-content\/uploads\/2019\/09\/Presslinge-140.jpg","type":"image\/jpeg"}],"twitter_card":"summary_large_image","twitter_misc":{"Szacowany czas czytania":"1 minuta"},"schema":{"@context":"https:\/\/schema.org","@graph":[{"@type":"WebPage","@id":"https:\/\/shop.diolosa.com\/pl\/product\/big-pearl\/","url":"https:\/\/shop.diolosa.com\/pl\/product\/big-pearl\/","name":"Big Pearl - Claude Diolosa","isPartOf":{"@id":"https:\/\/shop.diolosa.com\/pl\/#website"},"primaryImageOfPage":{"@id":"https:\/\/shop.diolosa.com\/pl\/product\/big-pearl\/#primaryimage"},"image":{"@id":"https:\/\/shop.diolosa.com\/pl\/product\/big-pearl\/#primaryimage"},"thumbnailUrl":"https:\/\/shop.diolosa.com\/wp-content\/uploads\/2019\/09\/Presslinge-140.jpg","datePublished":"2025-03-10T05:57:31+00:00","dateModified":"2025-05-31T07:29:04+00:00","breadcrumb":{"@id":"https:\/\/shop.diolosa.com\/pl\/product\/big-pearl\/#breadcrumb"},"inLanguage":"pl-PL","potentialAction":[{"@type":"ReadAction","target":["https:\/\/shop.diolosa.com\/pl\/product\/big-pearl\/"]}]},{"@type":"ImageObject","inLanguage":"pl-PL","@id":"https:\/\/shop.diolosa.com\/pl\/product\/big-pearl\/#primaryimage","url":"https:\/\/shop.diolosa.com\/wp-content\/uploads\/2019\/09\/Presslinge-140.jpg","contentUrl":"https:\/\/shop.diolosa.com\/wp-content\/uploads\/2019\/09\/Presslinge-140.jpg","width":800,"height":533},{"@type":"BreadcrumbList","@id":"https:\/\/shop.diolosa.com\/pl\/product\/big-pearl\/#breadcrumb","itemListElement":[{"@type":"ListItem","position":1,"name":"Startseite","item":"https:\/\/shop.diolosa.com\/pl\/?page_id=3835710"},{"@type":"ListItem","position":2,"name":"Sklep","item":"https:\/\/shop.diolosa.com\/pl\/?page_id=3835710"},{"@type":"ListItem","position":3,"name":"Big Pearl"}]},{"@type":"WebSite","@id":"https:\/\/shop.diolosa.com\/pl\/#website","url":"https:\/\/shop.diolosa.com\/pl\/","name":"Claude Diolosa","description":"","publisher":{"@id":"https:\/\/shop.diolosa.com\/pl\/#organization"},"potentialAction":[{"@type":"SearchAction","target":{"@type":"EntryPoint","urlTemplate":"https:\/\/shop.diolosa.com\/pl\/?s={search_term_string}"},"query-input":{"@type":"PropertyValueSpecification","valueRequired":true,"valueName":"search_term_string"}}],"inLanguage":"pl-PL"},{"@type":"Organization","@id":"https:\/\/shop.diolosa.com\/pl\/#organization","name":"Claude Diolosa","url":"https:\/\/shop.diolosa.com\/pl\/","logo":{"@type":"ImageObject","inLanguage":"pl-PL","@id":"https:\/\/shop.diolosa.com\/pl\/#\/schema\/logo\/image\/","url":"https:\/\/shop.diolosa.com\/wp-content\/uploads\/2019\/08\/diolosa-drop-logo-new.png","contentUrl":"https:\/\/shop.diolosa.com\/wp-content\/uploads\/2019\/08\/diolosa-drop-logo-new.png","width":134,"height":176,"caption":"Claude Diolosa"},"image":{"@id":"https:\/\/shop.diolosa.com\/pl\/#\/schema\/logo\/image\/"},"sameAs":["https:\/\/facebook.com\/claudediolosa","https:\/\/www.instagram.com\/diolosaclaude108\/"]}]}},"_links":{"self":[{"href":"https:\/\/shop.diolosa.com\/pl\/wp-json\/wp\/v2\/product\/3841194","targetHints":{"allow":["GET"]}}],"collection":[{"href":"https:\/\/shop.diolosa.com\/pl\/wp-json\/wp\/v2\/product"}],"about":[{"href":"https:\/\/shop.diolosa.com\/pl\/wp-json\/wp\/v2\/types\/product"}],"wp:featuredmedia":[{"embeddable":true,"href":"https:\/\/shop.diolosa.com\/pl\/wp-json\/wp\/v2\/media\/3835943"}],"wp:attachment":[{"href":"https:\/\/shop.diolosa.com\/pl\/wp-json\/wp\/v2\/media?parent=3841194"}],"wp:term":[{"taxonomy":"product_brand","embeddable":true,"href":"https:\/\/shop.diolosa.com\/pl\/wp-json\/wp\/v2\/product_brand?post=3841194"},{"taxonomy":"product_cat","embeddable":true,"href":"https:\/\/shop.diolosa.com\/pl\/wp-json\/wp\/v2\/product_cat?post=3841194"},{"taxonomy":"product_tag","embeddable":true,"href":"https:\/\/shop.diolosa.com\/pl\/wp-json\/wp\/v2\/product_tag?post=3841194"}],"curies":[{"name":"wp","href":"https:\/\/api.w.org\/{rel}","templated":true}]}}