{"id":3841205,"date":"2019-09-04T12:12:33","date_gmt":"2025-03-10T05:57:35","guid":{"rendered":"https:\/\/shop.diolosa.com\/product\/piec-ziol\/"},"modified":"2025-05-06T15:20:56","modified_gmt":"2025-05-06T14:20:56","slug":"piec-ziol","status":"publish","type":"product","link":"https:\/\/shop.diolosa.com\/pl\/product\/piec-ziol\/","title":{"rendered":"Pi\u0119\u0107 zi\u00f3\u0142"},"content":{"rendered":"<p>FIVE HERBS jest stosowany w leczeniu toksyn Damp-Heat, stagnacji Qi i krwi oraz Zheng Jia Ji Ju, Zhong Liu. Preparat ten eliminuje Wilgotne Ciep\u0142o i toksyny poprzez uk\u0142ad wydalniczy, usuwa zast\u00f3j Krwi i Qi, \u0142agodzi b\u00f3l i przeciwdzia\u0142a Zheng Jia Ji Ju, stwardnieniu i przekrwieniu. FIVE HERBS sk\u0142ada si\u0119 z 5 wa\u017cnych zi\u00f3\u0142 stosowanych w leczeniu wilgoci, gor\u0105ca, stwardnienia i toksyn. Preparat ten nie jest klasycznym preparatem oczyszczaj\u0105cym, ale reguluje Qi \u015arodkowego Ogrzewacza, stymuluje wch\u0142anianie w\u0119glowodan\u00f3w i bia\u0142ka, przekszta\u0142ca wewn\u0119trzn\u0105 wilgo\u0107 i zapobiega gromadzeniu si\u0119 wilgoci \/ flegmy, toksyn cieplnych, zastoju Qi \/ krwi, Zheng Jia Ji Ju wewn\u0105trz i chroni przed chorobami zagra\u017caj\u0105cymi \u017cyciu. Preparat ten mo\u017ce by\u0107 r\u00f3wnie\u017c przepisywany profilaktycznie jako 12-dniowa kuracja.<\/p>\n","protected":false},"excerpt":{"rendered":"<p>FIVE HERBS jest stosowany w leczeniu toksyn Damp-Heat, stagnacji Qi  [&#8230;]<\/p>\n","protected":false},"featured_media":3835943,"template":"","meta":{"_acf_changed":false},"product_brand":[],"product_cat":[11765],"product_tag":[12316],"class_list":{"0":"post-3841205","1":"product","2":"type-product","3":"status-publish","4":"has-post-thumbnail","6":"product_cat-procedura-uspokajajaca-xie-fa","7":"product_tag-wilgoc-cieplo-toksyny-wtorne","9":"first","10":"instock","11":"taxable","12":"shipping-taxable","13":"purchasable","14":"product-type-simple"},"acf":{"yn_product_audio":"https:\/\/shop.diolosa.com\/wp-content\/uploads\/2018\/12\/DL_0705.mp3","yn_product_video":"https:\/\/shop.diolosa.com\/wp-content\/uploads\/2025\/03\/Great-Gateway.mp4","yn_product_akupunktur":"<p>Yang Ming Roz\u0142adowanie wilgotnego ciep\u0142a<br \/>\nlan wei xue &#8211; M-LE-13 (yang ming mokre ciep\u0142o i toksyny) &#8211; xie fa<br \/>\ndwukropek 11 &#8211; qu chi &#8211; gui tui (he &#8211; gui) &#8211; xie fa<br \/>\ndwukropek 4 &#8211; he gu (yuan) &#8211; xie fa<br \/>\n\u017co\u0142\u0105dek 25 &#8211; tian shu (mo &#8211; jelito grube) &#8211; xie fa<br \/>\n\u017co\u0142\u0105dek 40 &#8211; feng long (luo) &#8211; xie fa<br \/>\n\u017co\u0142\u0105dek 44 &#8211; nei ting (ying) &#8211; xie fa<br \/>\n\u017co\u0142\u0105dek 45 &#8211; li dui (jing) &#8211; xie fa<br \/>\n\u017co\u0142\u0105dek 37 &#8211; shang ju xu (xia he xue &#8211; jelito grube, jezioro krwi, chong mai) &#8211; xie fa<br \/>\n\u017co\u0142\u0105dek 39 &#8211; xia ju xu (xia he xue &#8211; jelito cienkie, jezioro krwi, chong mai) &#8211; xie fa<br \/>\nsan chiao 6 &#8211; zhi gou (jing) &#8211; xie fa  <\/p>\n<p>Og\u00f3lna eliminacja wilgoci i ciep\u0142a<br \/>\n\u015bledziona 6 &#8211; san yin jiao (le,ni,mb) &#8211; xie fa<br \/>\n\u015bledziona 9 &#8211; yin ling quan (he) &#8211; xie fa<br \/>\nw\u0105troba 3 &#8211; tai chong (shu, yuan) &#8211; xie fa<br \/>\nw\u0105troba 2 &#8211; xing jian (ying) &#8211; xie fa<br \/>\nworeczek \u017c\u00f3\u0142ciowy 43 &#8211; xia xi (ying) &#8211; xie fa<br \/>\nworeczek \u017c\u00f3\u0142ciowy 41 &#8211; zu lin qi (dai mai, shu) &#8211; xie fa  <\/p>\n<p>Tonizuje \u015bledzion\u0119<br \/>\n\u015bledziona 3 &#8211; tai bai (yuan) &#8211; bu fa<br \/>\n\u015bledziona 2 &#8211; da du (ying) &#8211; bu fa<br \/>\np\u0119cherz 20 &#8211; pi shu &#8211; bu fa<\/p>\n","yn_product_verabreichungsart":"Pelety 140szt.","yn_product_dosierung":"<p>3 x 6 do 10 tabletek dziennie, zawsze przed posi\u0142kami, nie d\u0142u\u017cej ni\u017c przez 12 dni.<\/p>\n","yn_product_combinations":"<p>HEAVEN&#8217;S PROTECTION (preparat profilaktyczny na naro\u015bla, stwardnienia, nagromadzenia i powa\u017cne choroby), OPENING THE GATE (Yang Ming Damp Heat toksyny z zastojem Qi i Krwi), HAPPY RELEASE (biegunka wilgotne ciep\u0142o), PEACEFUL MOMENTS (wrzodziej\u0105ce zapalenie jelita grubego), OPEN SPACE (zapalenie b\u0142ony \u015bluzowej \u017co\u0142\u0105dka), FINDING THE TRUTH (choroba Le\u015bniowskiego-Crohna) i CLEANSING DAYS TABLETS (wiosenny detoks).<\/p>\n","yn_product_avoidable":"<p>Cukier, s\u0142odycze, czosnek, cebula, pory, szczypiorek, sma\u017cone i t\u0142uste potrawy, wieprzowina, szynka, kie\u0142basa, mro\u017conki, \u017cywno\u015b\u0107 mikrofalowa, denaturat.<\/p>\n","yn_product_tcm_mindmapping":"<p>Niedob\u00f3r Qi \u015bledziony > Mokro\u015b\u0107 Yang Ming > Mokro\u015b\u0107 Gor\u0105ca > Flegma Gor\u0105ca Toksyny > Zast\u00f3j Qi i Krwi > Zheng Jia Ji Ju > Choroby zagra\u017caj\u0105ce \u017cyciu > Zhong Liu<\/p>\n","yn_product_tongue_body":"<p>Szeroki, kr\u00f3tki, wilgotny, \u015blady z\u0119b\u00f3w, gruby, lekko czerwonawy<\/p>\n","yn_product_tongue_coating":"<p>Bia\u0142y, \u017c\u00f3\u0142tawy, pr\u0105\u017ckowany z korzeniem<\/p>\n","yn_product_pulse_diagnostics":"<p>duan mai &#8211; kr\u00f3tki, da mai &#8211; szeroki, hua mai &#8211; szybuj\u0105cy, se mai &#8211; szorstki, shuo mai &#8211; szybki, shi mai &#8211; pe\u0142ny<\/p>\n","yn_product_indications":"<p>Zheng Jia Ji Ju, stwardnienie i przekrwienie, Zhong Liu, przekrwienie naczy\u0144 Luo, bolesne wydalanie, cuchn\u0105ce i skoncentrowane odchody, plwocina<\/p>\n","yn_product_contra_indications":"<p>Wyczerpanie Qi, niedob\u00f3r Yang, wilgo\u0107 i ch\u0142\u00f3d flegmy wewn\u0105trz, przewlek\u0142a biegunka, wielomocz, nokturia<\/p>\n","yn_product_pregnancy":"<p>Przeciwwskazane<\/p>\n","yn_product_herbs":"<p>hedyotidis diffusae herba &#8211; bai hua she she cao, barbatae scutellariae radix &#8211; ban zhi lian, solani lyrati herba &#8211; bai ying, pseudobulbus cremastrae seu pleiones &#8211; shan ci gu , fritillariae thunbergyii bulbus &#8211; zhe bei mu<\/p>\n","yn_product_magisterrecipes":"<p>Ping Xiao Dan<\/p>\n"},"yoast_head":"<!-- This site is optimized with the Yoast SEO plugin v24.9 - https:\/\/yoast.com\/wordpress\/plugins\/seo\/ -->\n<title>Pi\u0119\u0107 zi\u00f3\u0142 - Claude Diolosa<\/title>\n<meta name=\"robots\" content=\"index, follow, max-snippet:-1, max-image-preview:large, max-video-preview:-1\" \/>\n<link rel=\"canonical\" href=\"https:\/\/shop.diolosa.com\/pl\/product\/piec-ziol\/\" \/>\n<meta property=\"og:locale\" content=\"pl_PL\" \/>\n<meta property=\"og:type\" content=\"article\" \/>\n<meta property=\"og:title\" content=\"Pi\u0119\u0107 zi\u00f3\u0142 - Claude Diolosa\" \/>\n<meta property=\"og:description\" content=\"FIVE HERBS jest stosowany w leczeniu toksyn Damp-Heat, stagnacji Qi [...]\" \/>\n<meta property=\"og:url\" content=\"https:\/\/shop.diolosa.com\/pl\/product\/piec-ziol\/\" \/>\n<meta property=\"og:site_name\" content=\"Claude Diolosa\" \/>\n<meta property=\"article:publisher\" content=\"https:\/\/facebook.com\/claudediolosa\" \/>\n<meta property=\"article:modified_time\" content=\"2025-05-06T14:20:56+00:00\" \/>\n<meta property=\"og:image\" content=\"https:\/\/shop.diolosa.com\/wp-content\/uploads\/2019\/09\/Presslinge-140.jpg\" \/>\n\t<meta property=\"og:image:width\" content=\"800\" \/>\n\t<meta property=\"og:image:height\" content=\"533\" \/>\n\t<meta property=\"og:image:type\" content=\"image\/jpeg\" \/>\n<meta name=\"twitter:card\" content=\"summary_large_image\" \/>\n<meta name=\"twitter:label1\" content=\"Szacowany czas czytania\" \/>\n\t<meta name=\"twitter:data1\" content=\"1 minuta\" \/>\n<script type=\"application\/ld+json\" class=\"yoast-schema-graph\">{\"@context\":\"https:\/\/schema.org\",\"@graph\":[{\"@type\":\"WebPage\",\"@id\":\"https:\/\/shop.diolosa.com\/pl\/product\/piec-ziol\/\",\"url\":\"https:\/\/shop.diolosa.com\/pl\/product\/piec-ziol\/\",\"name\":\"Pi\u0119\u0107 zi\u00f3\u0142 - Claude Diolosa\",\"isPartOf\":{\"@id\":\"https:\/\/shop.diolosa.com\/pl\/#website\"},\"primaryImageOfPage\":{\"@id\":\"https:\/\/shop.diolosa.com\/pl\/product\/piec-ziol\/#primaryimage\"},\"image\":{\"@id\":\"https:\/\/shop.diolosa.com\/pl\/product\/piec-ziol\/#primaryimage\"},\"thumbnailUrl\":\"https:\/\/shop.diolosa.com\/wp-content\/uploads\/2019\/09\/Presslinge-140.jpg\",\"datePublished\":\"2025-03-10T05:57:35+00:00\",\"dateModified\":\"2025-05-06T14:20:56+00:00\",\"breadcrumb\":{\"@id\":\"https:\/\/shop.diolosa.com\/pl\/product\/piec-ziol\/#breadcrumb\"},\"inLanguage\":\"pl-PL\",\"potentialAction\":[{\"@type\":\"ReadAction\",\"target\":[\"https:\/\/shop.diolosa.com\/pl\/product\/piec-ziol\/\"]}]},{\"@type\":\"ImageObject\",\"inLanguage\":\"pl-PL\",\"@id\":\"https:\/\/shop.diolosa.com\/pl\/product\/piec-ziol\/#primaryimage\",\"url\":\"https:\/\/shop.diolosa.com\/wp-content\/uploads\/2019\/09\/Presslinge-140.jpg\",\"contentUrl\":\"https:\/\/shop.diolosa.com\/wp-content\/uploads\/2019\/09\/Presslinge-140.jpg\",\"width\":800,\"height\":533},{\"@type\":\"BreadcrumbList\",\"@id\":\"https:\/\/shop.diolosa.com\/pl\/product\/piec-ziol\/#breadcrumb\",\"itemListElement\":[{\"@type\":\"ListItem\",\"position\":1,\"name\":\"Startseite\",\"item\":\"https:\/\/shop.diolosa.com\/pl\/?page_id=3835710\"},{\"@type\":\"ListItem\",\"position\":2,\"name\":\"Sklep\",\"item\":\"https:\/\/shop.diolosa.com\/pl\/?page_id=3835710\"},{\"@type\":\"ListItem\",\"position\":3,\"name\":\"Pi\u0119\u0107 zi\u00f3\u0142\"}]},{\"@type\":\"WebSite\",\"@id\":\"https:\/\/shop.diolosa.com\/pl\/#website\",\"url\":\"https:\/\/shop.diolosa.com\/pl\/\",\"name\":\"Claude Diolosa\",\"description\":\"\",\"publisher\":{\"@id\":\"https:\/\/shop.diolosa.com\/pl\/#organization\"},\"potentialAction\":[{\"@type\":\"SearchAction\",\"target\":{\"@type\":\"EntryPoint\",\"urlTemplate\":\"https:\/\/shop.diolosa.com\/pl\/?s={search_term_string}\"},\"query-input\":{\"@type\":\"PropertyValueSpecification\",\"valueRequired\":true,\"valueName\":\"search_term_string\"}}],\"inLanguage\":\"pl-PL\"},{\"@type\":\"Organization\",\"@id\":\"https:\/\/shop.diolosa.com\/pl\/#organization\",\"name\":\"Claude Diolosa\",\"url\":\"https:\/\/shop.diolosa.com\/pl\/\",\"logo\":{\"@type\":\"ImageObject\",\"inLanguage\":\"pl-PL\",\"@id\":\"https:\/\/shop.diolosa.com\/pl\/#\/schema\/logo\/image\/\",\"url\":\"https:\/\/shop.diolosa.com\/wp-content\/uploads\/2019\/08\/diolosa-drop-logo-new.png\",\"contentUrl\":\"https:\/\/shop.diolosa.com\/wp-content\/uploads\/2019\/08\/diolosa-drop-logo-new.png\",\"width\":134,\"height\":176,\"caption\":\"Claude Diolosa\"},\"image\":{\"@id\":\"https:\/\/shop.diolosa.com\/pl\/#\/schema\/logo\/image\/\"},\"sameAs\":[\"https:\/\/facebook.com\/claudediolosa\",\"https:\/\/www.instagram.com\/diolosaclaude108\/\"]}]}<\/script>\n<!-- \/ Yoast SEO plugin. -->","yoast_head_json":{"title":"Pi\u0119\u0107 zi\u00f3\u0142 - Claude Diolosa","robots":{"index":"index","follow":"follow","max-snippet":"max-snippet:-1","max-image-preview":"max-image-preview:large","max-video-preview":"max-video-preview:-1"},"canonical":"https:\/\/shop.diolosa.com\/pl\/product\/piec-ziol\/","og_locale":"pl_PL","og_type":"article","og_title":"Pi\u0119\u0107 zi\u00f3\u0142 - Claude Diolosa","og_description":"FIVE HERBS jest stosowany w leczeniu toksyn Damp-Heat, stagnacji Qi [...]","og_url":"https:\/\/shop.diolosa.com\/pl\/product\/piec-ziol\/","og_site_name":"Claude Diolosa","article_publisher":"https:\/\/facebook.com\/claudediolosa","article_modified_time":"2025-05-06T14:20:56+00:00","og_image":[{"width":800,"height":533,"url":"https:\/\/shop.diolosa.com\/wp-content\/uploads\/2019\/09\/Presslinge-140.jpg","type":"image\/jpeg"}],"twitter_card":"summary_large_image","twitter_misc":{"Szacowany czas czytania":"1 minuta"},"schema":{"@context":"https:\/\/schema.org","@graph":[{"@type":"WebPage","@id":"https:\/\/shop.diolosa.com\/pl\/product\/piec-ziol\/","url":"https:\/\/shop.diolosa.com\/pl\/product\/piec-ziol\/","name":"Pi\u0119\u0107 zi\u00f3\u0142 - Claude Diolosa","isPartOf":{"@id":"https:\/\/shop.diolosa.com\/pl\/#website"},"primaryImageOfPage":{"@id":"https:\/\/shop.diolosa.com\/pl\/product\/piec-ziol\/#primaryimage"},"image":{"@id":"https:\/\/shop.diolosa.com\/pl\/product\/piec-ziol\/#primaryimage"},"thumbnailUrl":"https:\/\/shop.diolosa.com\/wp-content\/uploads\/2019\/09\/Presslinge-140.jpg","datePublished":"2025-03-10T05:57:35+00:00","dateModified":"2025-05-06T14:20:56+00:00","breadcrumb":{"@id":"https:\/\/shop.diolosa.com\/pl\/product\/piec-ziol\/#breadcrumb"},"inLanguage":"pl-PL","potentialAction":[{"@type":"ReadAction","target":["https:\/\/shop.diolosa.com\/pl\/product\/piec-ziol\/"]}]},{"@type":"ImageObject","inLanguage":"pl-PL","@id":"https:\/\/shop.diolosa.com\/pl\/product\/piec-ziol\/#primaryimage","url":"https:\/\/shop.diolosa.com\/wp-content\/uploads\/2019\/09\/Presslinge-140.jpg","contentUrl":"https:\/\/shop.diolosa.com\/wp-content\/uploads\/2019\/09\/Presslinge-140.jpg","width":800,"height":533},{"@type":"BreadcrumbList","@id":"https:\/\/shop.diolosa.com\/pl\/product\/piec-ziol\/#breadcrumb","itemListElement":[{"@type":"ListItem","position":1,"name":"Startseite","item":"https:\/\/shop.diolosa.com\/pl\/?page_id=3835710"},{"@type":"ListItem","position":2,"name":"Sklep","item":"https:\/\/shop.diolosa.com\/pl\/?page_id=3835710"},{"@type":"ListItem","position":3,"name":"Pi\u0119\u0107 zi\u00f3\u0142"}]},{"@type":"WebSite","@id":"https:\/\/shop.diolosa.com\/pl\/#website","url":"https:\/\/shop.diolosa.com\/pl\/","name":"Claude Diolosa","description":"","publisher":{"@id":"https:\/\/shop.diolosa.com\/pl\/#organization"},"potentialAction":[{"@type":"SearchAction","target":{"@type":"EntryPoint","urlTemplate":"https:\/\/shop.diolosa.com\/pl\/?s={search_term_string}"},"query-input":{"@type":"PropertyValueSpecification","valueRequired":true,"valueName":"search_term_string"}}],"inLanguage":"pl-PL"},{"@type":"Organization","@id":"https:\/\/shop.diolosa.com\/pl\/#organization","name":"Claude Diolosa","url":"https:\/\/shop.diolosa.com\/pl\/","logo":{"@type":"ImageObject","inLanguage":"pl-PL","@id":"https:\/\/shop.diolosa.com\/pl\/#\/schema\/logo\/image\/","url":"https:\/\/shop.diolosa.com\/wp-content\/uploads\/2019\/08\/diolosa-drop-logo-new.png","contentUrl":"https:\/\/shop.diolosa.com\/wp-content\/uploads\/2019\/08\/diolosa-drop-logo-new.png","width":134,"height":176,"caption":"Claude Diolosa"},"image":{"@id":"https:\/\/shop.diolosa.com\/pl\/#\/schema\/logo\/image\/"},"sameAs":["https:\/\/facebook.com\/claudediolosa","https:\/\/www.instagram.com\/diolosaclaude108\/"]}]}},"_links":{"self":[{"href":"https:\/\/shop.diolosa.com\/pl\/wp-json\/wp\/v2\/product\/3841205","targetHints":{"allow":["GET"]}}],"collection":[{"href":"https:\/\/shop.diolosa.com\/pl\/wp-json\/wp\/v2\/product"}],"about":[{"href":"https:\/\/shop.diolosa.com\/pl\/wp-json\/wp\/v2\/types\/product"}],"wp:featuredmedia":[{"embeddable":true,"href":"https:\/\/shop.diolosa.com\/pl\/wp-json\/wp\/v2\/media\/3835943"}],"wp:attachment":[{"href":"https:\/\/shop.diolosa.com\/pl\/wp-json\/wp\/v2\/media?parent=3841205"}],"wp:term":[{"taxonomy":"product_brand","embeddable":true,"href":"https:\/\/shop.diolosa.com\/pl\/wp-json\/wp\/v2\/product_brand?post=3841205"},{"taxonomy":"product_cat","embeddable":true,"href":"https:\/\/shop.diolosa.com\/pl\/wp-json\/wp\/v2\/product_cat?post=3841205"},{"taxonomy":"product_tag","embeddable":true,"href":"https:\/\/shop.diolosa.com\/pl\/wp-json\/wp\/v2\/product_tag?post=3841205"}],"curies":[{"name":"wp","href":"https:\/\/api.w.org\/{rel}","templated":true}]}}