{"id":3841220,"date":"2019-09-04T12:12:33","date_gmt":"2025-03-10T05:57:41","guid":{"rendered":"https:\/\/shop.diolosa.com\/product\/komora-ksiezycowa\/"},"modified":"2025-05-06T15:21:12","modified_gmt":"2025-05-06T14:21:12","slug":"komora-ksiezycowa","status":"publish","type":"product","link":"https:\/\/shop.diolosa.com\/pl\/product\/komora-ksiezycowa\/","title":{"rendered":"Komora ksi\u0119\u017cycowa"},"content":{"rendered":"<p>MOON CHAMBER jest stosowany w leczeniu mi\u0119\u015bniak\u00f3w macicy i endometriozy. Preparat ten penetruje Chong Mai, zmi\u0119kcza nagromadzenia i stwardnienia, stymuluje kr\u0105\u017cenie Qi w macicy, rozpuszcza zastoje krwi bez powodowania krwawienia i chroni Yin. Zaleca si\u0119 regularne przyjmowanie tego preparatu w fazie pe\u0142ni cyklu, tj. mi\u0119dzy owulacj\u0105 a miesi\u0105czk\u0105, w celu rozpuszczenia zastoju (Zheng Jia Ji Ju). Leczenie mi\u0119\u015bniak\u00f3w macicy i endometriozy mo\u017ce trwa\u0107 kilka miesi\u0119cy, a czasem nawet lat, aby ca\u0142kowicie rozpu\u015bci\u0107 nagromadzone tkanki.<\/p>\n","protected":false},"excerpt":{"rendered":"<p>MOON CHAMBER jest stosowany w leczeniu mi\u0119\u015bniak\u00f3w macicy i endometriozy.  [&#8230;]<\/p>\n","protected":false},"featured_media":3835943,"template":"","meta":{"_acf_changed":false},"product_brand":[],"product_cat":[11799],"product_tag":[12328],"class_list":{"0":"post-3841220","1":"product","2":"type-product","3":"status-publish","4":"has-post-thumbnail","6":"product_cat-ginekologia","7":"product_tag-miesniaki-macicy-endometrioza","9":"first","10":"instock","11":"taxable","12":"shipping-taxable","13":"purchasable","14":"product-type-simple"},"acf":{"yn_product_audio":"https:\/\/shop.diolosa.com\/wp-content\/uploads\/2018\/12\/DL_0312.mp3","yn_product_video":"https:\/\/shop.diolosa.com\/wp-content\/uploads\/2024\/03\/Moon-Chamber.mp4","yn_product_akupunktur":"<p>Rozpu\u015bci\u0107 qi i zatory krwi<br \/>\n\u017co\u0142\u0105dek 30 &#8211; qi qong &#8211; xie fa -moxa<br \/>\n\u017co\u0142\u0105dek 29 &#8211; gui lai &#8211; xie fa &#8211; moxa<br \/>\n\u015bledziona 8 &#8211; di ji (xi) &#8211; xie fa<br \/>\n\u015bledziona 10 &#8211; xue hai (jezioro krwi) &#8211; xie fa<br \/>\nw\u0105troba 3 &#8211; tai chong (shu, yuan) &#8211; xie fa<br \/>\nren mai 3 &#8211; zhong ji (mo> p\u0119cherz, w\u0105troba, nerki, \u015bledziona) &#8211; xie fa &#8211; moxa<br \/>\nren mai 2 &#8211; qu gu (w\u0105troba, ren mai) &#8211; xie fa &#8211; moxa<\/p>\n<p>Rozpuszczanie zastoju Qi i krwi poprzez punkty Morza Krwi i Chong Mai.<br \/>\n\u017co\u0142\u0105dek 37 &#8211; shang ju xu (xia he xue &#8211; jelito grube, jezioro krwi, chong mai) &#8211; xie fa<br \/>\n\u017co\u0142\u0105dek 39 &#8211; xia ju xu (xia he xue &#8211; jelito cienkie, jezioro krwi, chong mai) &#8211; xie fa<\/p>\n<p>Rozpuszczanie miejscowych zastoj\u00f3w &#8211; moxa<br \/>\n\u017co\u0142\u0105dek 30 &#8211; qi qong &#8211; xie fa<br \/>\n\u017co\u0142\u0105dek 29 &#8211; gui lai &#8211; xie fa<br \/>\nnerka 11 &#8211; heng gu &#8211; xie fa<br \/>\nnerka 12 &#8211; da he &#8211; xie fa<br \/>\nnerka 13 &#8211; qi xue &#8211; xie fa<br \/>\n\u017co\u0142\u0105dek 25 &#8211; tian shu (mo &#8211; jelito grube) &#8211; xie fa<br \/>\np\u0119cherz 31 do 34 &#8211; ba liao &#8211; xie fa  <\/p>\n<p>Punkty specjalne<br \/>\nzi gong &#8211; M-CA-18 (macica) &#8211; xie fa &#8211; moxa<br \/>\nti tuo &#8211; N-CA-4 (macica) &#8211; xie fa &#8211; moxa<\/p>\n<p>Dai Mai Qi i rozpuszczenie zastoju krwi<br \/>\nworeczek \u017c\u00f3\u0142ciowy 26 &#8211; woreczek \u017c\u00f3\u0142ciowy &#8211; dai mai &#8211; xie fa<br \/>\nworeczek \u017c\u00f3\u0142ciowy 41 &#8211; to lin qi (dai mai, shu) &#8211; xie fa<\/p>\n","yn_product_verabreichungsart":"Pelety 140szt.","yn_product_dosierung":"<p>3 x 4 do 9 tabletek dziennie, od owulacji do miesi\u0105czki, przerwa\u0107 w trakcie miesi\u0105czki, czas trwania terapii 4 do 12 miesi\u0119cy.<\/p>\n","yn_product_combinations":"<p>QUICK BELLY MOVEMENT (zast\u00f3j pokarmu), EASY FLOW COLD (bolesne miesi\u0105czkowanie), FREE FLOW TABLETS (urazy, kontuzje), HAPPY DAYS (frustracja)<\/p>\n","yn_product_avoidable":"<p>Surowe warzywa, bak\u0142a\u017can, og\u00f3rek, pomidor, ser, jogurt, kawa, czarna herbata, zielona herbata, owoce tropikalne, pomara\u0144cza, mandarynka, cytryna, kiszona kapusta.<\/p>\n","yn_product_tcm_mindmapping":"<p>Niedob\u00f3r Yang Nerek > Zimno W\u0105troby > Przekrwienie Qi i Krwi W\u0105troby > Przekrwienie, Stwardnienie lub Niedob\u00f3r Yang Nerek > Zimno Dai Mai > Przekrwienie Qi Dai Mai > Przekrwienie Krwi i Qi<\/p>\n","yn_product_tongue_body":"<p>Kr\u00f3tkie, blade, plamiste kraw\u0119dzie i nasada j\u0119zyka<\/p>\n","yn_product_tongue_coating":"<p>Korze\u0144 j\u0119zyka: \u017c\u00f3\u0142tawy, wilgotny<\/p>\n","yn_product_pulse_diagnostics":"<p>Pozycja nerek i dolnej cz\u0119\u015bci cia\u0142a: chen mai &#8211; g\u0142\u0119boka, duan mai &#8211; kr\u00f3tka, se mai &#8211; szorstka, chi mai &#8211; powolna, xi mai &#8211; cienka.<\/p>\n","yn_product_indications":"<p>Endometrioza, w\u0142\u00f3kniaki macicy<\/p>\n","yn_product_contra_indications":"<p>Niedob\u00f3r nerek Yin z pustym ciep\u0142em, ciep\u0142em krwi lub ogniem w\u0105troby i p\u0119cherzyka \u017c\u00f3\u0142ciowego<\/p>\n","yn_product_pregnancy":"<p>Przeciwwskazane<\/p>\n","yn_product_herbs":"<p>angelicae sinensis radix &#8211; dang gui, ligusticii rhizoma &#8211; chuan xiong, cyperi rhizoma &#8211; xiang fu, linderae radix &#8211; wu yao, persicae semen &#8211; tao ren, carthami flos &#8211; hong hua, aucklandiae radix &#8211; mu xiang<\/p>\n","yn_product_magisterrecipes":"<p>Shi Xiao San, Gui Zhi Fu Ling Wan, Wen Jing Tang, Xue Fu Zhu Yu Tang<\/p>\n"},"yoast_head":"<!-- This site is optimized with the Yoast SEO plugin v24.9 - https:\/\/yoast.com\/wordpress\/plugins\/seo\/ -->\n<title>Komora ksi\u0119\u017cycowa - Claude Diolosa<\/title>\n<meta name=\"robots\" content=\"index, follow, max-snippet:-1, max-image-preview:large, max-video-preview:-1\" \/>\n<link rel=\"canonical\" href=\"https:\/\/shop.diolosa.com\/pl\/product\/komora-ksiezycowa\/\" \/>\n<meta property=\"og:locale\" content=\"pl_PL\" \/>\n<meta property=\"og:type\" content=\"article\" \/>\n<meta property=\"og:title\" content=\"Komora ksi\u0119\u017cycowa - Claude Diolosa\" \/>\n<meta property=\"og:description\" content=\"MOON CHAMBER jest stosowany w leczeniu mi\u0119\u015bniak\u00f3w macicy i endometriozy. [...]\" \/>\n<meta property=\"og:url\" content=\"https:\/\/shop.diolosa.com\/pl\/product\/komora-ksiezycowa\/\" \/>\n<meta property=\"og:site_name\" content=\"Claude Diolosa\" \/>\n<meta property=\"article:publisher\" content=\"https:\/\/facebook.com\/claudediolosa\" \/>\n<meta property=\"article:modified_time\" content=\"2025-05-06T14:21:12+00:00\" \/>\n<meta property=\"og:image\" content=\"https:\/\/shop.diolosa.com\/wp-content\/uploads\/2019\/09\/Presslinge-140.jpg\" \/>\n\t<meta property=\"og:image:width\" content=\"800\" \/>\n\t<meta property=\"og:image:height\" content=\"533\" \/>\n\t<meta property=\"og:image:type\" content=\"image\/jpeg\" \/>\n<meta name=\"twitter:card\" content=\"summary_large_image\" \/>\n<script type=\"application\/ld+json\" class=\"yoast-schema-graph\">{\"@context\":\"https:\/\/schema.org\",\"@graph\":[{\"@type\":\"WebPage\",\"@id\":\"https:\/\/shop.diolosa.com\/pl\/product\/komora-ksiezycowa\/\",\"url\":\"https:\/\/shop.diolosa.com\/pl\/product\/komora-ksiezycowa\/\",\"name\":\"Komora ksi\u0119\u017cycowa - Claude Diolosa\",\"isPartOf\":{\"@id\":\"https:\/\/shop.diolosa.com\/pl\/#website\"},\"primaryImageOfPage\":{\"@id\":\"https:\/\/shop.diolosa.com\/pl\/product\/komora-ksiezycowa\/#primaryimage\"},\"image\":{\"@id\":\"https:\/\/shop.diolosa.com\/pl\/product\/komora-ksiezycowa\/#primaryimage\"},\"thumbnailUrl\":\"https:\/\/shop.diolosa.com\/wp-content\/uploads\/2019\/09\/Presslinge-140.jpg\",\"datePublished\":\"2025-03-10T05:57:41+00:00\",\"dateModified\":\"2025-05-06T14:21:12+00:00\",\"breadcrumb\":{\"@id\":\"https:\/\/shop.diolosa.com\/pl\/product\/komora-ksiezycowa\/#breadcrumb\"},\"inLanguage\":\"pl-PL\",\"potentialAction\":[{\"@type\":\"ReadAction\",\"target\":[\"https:\/\/shop.diolosa.com\/pl\/product\/komora-ksiezycowa\/\"]}]},{\"@type\":\"ImageObject\",\"inLanguage\":\"pl-PL\",\"@id\":\"https:\/\/shop.diolosa.com\/pl\/product\/komora-ksiezycowa\/#primaryimage\",\"url\":\"https:\/\/shop.diolosa.com\/wp-content\/uploads\/2019\/09\/Presslinge-140.jpg\",\"contentUrl\":\"https:\/\/shop.diolosa.com\/wp-content\/uploads\/2019\/09\/Presslinge-140.jpg\",\"width\":800,\"height\":533},{\"@type\":\"BreadcrumbList\",\"@id\":\"https:\/\/shop.diolosa.com\/pl\/product\/komora-ksiezycowa\/#breadcrumb\",\"itemListElement\":[{\"@type\":\"ListItem\",\"position\":1,\"name\":\"Startseite\",\"item\":\"https:\/\/shop.diolosa.com\/pl\/?page_id=3835710\"},{\"@type\":\"ListItem\",\"position\":2,\"name\":\"Sklep\",\"item\":\"https:\/\/shop.diolosa.com\/pl\/?page_id=3835710\"},{\"@type\":\"ListItem\",\"position\":3,\"name\":\"Komora ksi\u0119\u017cycowa\"}]},{\"@type\":\"WebSite\",\"@id\":\"https:\/\/shop.diolosa.com\/pl\/#website\",\"url\":\"https:\/\/shop.diolosa.com\/pl\/\",\"name\":\"Claude Diolosa\",\"description\":\"\",\"publisher\":{\"@id\":\"https:\/\/shop.diolosa.com\/pl\/#organization\"},\"potentialAction\":[{\"@type\":\"SearchAction\",\"target\":{\"@type\":\"EntryPoint\",\"urlTemplate\":\"https:\/\/shop.diolosa.com\/pl\/?s={search_term_string}\"},\"query-input\":{\"@type\":\"PropertyValueSpecification\",\"valueRequired\":true,\"valueName\":\"search_term_string\"}}],\"inLanguage\":\"pl-PL\"},{\"@type\":\"Organization\",\"@id\":\"https:\/\/shop.diolosa.com\/pl\/#organization\",\"name\":\"Claude Diolosa\",\"url\":\"https:\/\/shop.diolosa.com\/pl\/\",\"logo\":{\"@type\":\"ImageObject\",\"inLanguage\":\"pl-PL\",\"@id\":\"https:\/\/shop.diolosa.com\/pl\/#\/schema\/logo\/image\/\",\"url\":\"https:\/\/shop.diolosa.com\/wp-content\/uploads\/2019\/08\/diolosa-drop-logo-new.png\",\"contentUrl\":\"https:\/\/shop.diolosa.com\/wp-content\/uploads\/2019\/08\/diolosa-drop-logo-new.png\",\"width\":134,\"height\":176,\"caption\":\"Claude Diolosa\"},\"image\":{\"@id\":\"https:\/\/shop.diolosa.com\/pl\/#\/schema\/logo\/image\/\"},\"sameAs\":[\"https:\/\/facebook.com\/claudediolosa\",\"https:\/\/www.instagram.com\/diolosaclaude108\/\"]}]}<\/script>\n<!-- \/ Yoast SEO plugin. -->","yoast_head_json":{"title":"Komora ksi\u0119\u017cycowa - Claude Diolosa","robots":{"index":"index","follow":"follow","max-snippet":"max-snippet:-1","max-image-preview":"max-image-preview:large","max-video-preview":"max-video-preview:-1"},"canonical":"https:\/\/shop.diolosa.com\/pl\/product\/komora-ksiezycowa\/","og_locale":"pl_PL","og_type":"article","og_title":"Komora ksi\u0119\u017cycowa - Claude Diolosa","og_description":"MOON CHAMBER jest stosowany w leczeniu mi\u0119\u015bniak\u00f3w macicy i endometriozy. [...]","og_url":"https:\/\/shop.diolosa.com\/pl\/product\/komora-ksiezycowa\/","og_site_name":"Claude Diolosa","article_publisher":"https:\/\/facebook.com\/claudediolosa","article_modified_time":"2025-05-06T14:21:12+00:00","og_image":[{"width":800,"height":533,"url":"https:\/\/shop.diolosa.com\/wp-content\/uploads\/2019\/09\/Presslinge-140.jpg","type":"image\/jpeg"}],"twitter_card":"summary_large_image","schema":{"@context":"https:\/\/schema.org","@graph":[{"@type":"WebPage","@id":"https:\/\/shop.diolosa.com\/pl\/product\/komora-ksiezycowa\/","url":"https:\/\/shop.diolosa.com\/pl\/product\/komora-ksiezycowa\/","name":"Komora ksi\u0119\u017cycowa - Claude Diolosa","isPartOf":{"@id":"https:\/\/shop.diolosa.com\/pl\/#website"},"primaryImageOfPage":{"@id":"https:\/\/shop.diolosa.com\/pl\/product\/komora-ksiezycowa\/#primaryimage"},"image":{"@id":"https:\/\/shop.diolosa.com\/pl\/product\/komora-ksiezycowa\/#primaryimage"},"thumbnailUrl":"https:\/\/shop.diolosa.com\/wp-content\/uploads\/2019\/09\/Presslinge-140.jpg","datePublished":"2025-03-10T05:57:41+00:00","dateModified":"2025-05-06T14:21:12+00:00","breadcrumb":{"@id":"https:\/\/shop.diolosa.com\/pl\/product\/komora-ksiezycowa\/#breadcrumb"},"inLanguage":"pl-PL","potentialAction":[{"@type":"ReadAction","target":["https:\/\/shop.diolosa.com\/pl\/product\/komora-ksiezycowa\/"]}]},{"@type":"ImageObject","inLanguage":"pl-PL","@id":"https:\/\/shop.diolosa.com\/pl\/product\/komora-ksiezycowa\/#primaryimage","url":"https:\/\/shop.diolosa.com\/wp-content\/uploads\/2019\/09\/Presslinge-140.jpg","contentUrl":"https:\/\/shop.diolosa.com\/wp-content\/uploads\/2019\/09\/Presslinge-140.jpg","width":800,"height":533},{"@type":"BreadcrumbList","@id":"https:\/\/shop.diolosa.com\/pl\/product\/komora-ksiezycowa\/#breadcrumb","itemListElement":[{"@type":"ListItem","position":1,"name":"Startseite","item":"https:\/\/shop.diolosa.com\/pl\/?page_id=3835710"},{"@type":"ListItem","position":2,"name":"Sklep","item":"https:\/\/shop.diolosa.com\/pl\/?page_id=3835710"},{"@type":"ListItem","position":3,"name":"Komora ksi\u0119\u017cycowa"}]},{"@type":"WebSite","@id":"https:\/\/shop.diolosa.com\/pl\/#website","url":"https:\/\/shop.diolosa.com\/pl\/","name":"Claude Diolosa","description":"","publisher":{"@id":"https:\/\/shop.diolosa.com\/pl\/#organization"},"potentialAction":[{"@type":"SearchAction","target":{"@type":"EntryPoint","urlTemplate":"https:\/\/shop.diolosa.com\/pl\/?s={search_term_string}"},"query-input":{"@type":"PropertyValueSpecification","valueRequired":true,"valueName":"search_term_string"}}],"inLanguage":"pl-PL"},{"@type":"Organization","@id":"https:\/\/shop.diolosa.com\/pl\/#organization","name":"Claude Diolosa","url":"https:\/\/shop.diolosa.com\/pl\/","logo":{"@type":"ImageObject","inLanguage":"pl-PL","@id":"https:\/\/shop.diolosa.com\/pl\/#\/schema\/logo\/image\/","url":"https:\/\/shop.diolosa.com\/wp-content\/uploads\/2019\/08\/diolosa-drop-logo-new.png","contentUrl":"https:\/\/shop.diolosa.com\/wp-content\/uploads\/2019\/08\/diolosa-drop-logo-new.png","width":134,"height":176,"caption":"Claude Diolosa"},"image":{"@id":"https:\/\/shop.diolosa.com\/pl\/#\/schema\/logo\/image\/"},"sameAs":["https:\/\/facebook.com\/claudediolosa","https:\/\/www.instagram.com\/diolosaclaude108\/"]}]}},"_links":{"self":[{"href":"https:\/\/shop.diolosa.com\/pl\/wp-json\/wp\/v2\/product\/3841220","targetHints":{"allow":["GET"]}}],"collection":[{"href":"https:\/\/shop.diolosa.com\/pl\/wp-json\/wp\/v2\/product"}],"about":[{"href":"https:\/\/shop.diolosa.com\/pl\/wp-json\/wp\/v2\/types\/product"}],"wp:featuredmedia":[{"embeddable":true,"href":"https:\/\/shop.diolosa.com\/pl\/wp-json\/wp\/v2\/media\/3835943"}],"wp:attachment":[{"href":"https:\/\/shop.diolosa.com\/pl\/wp-json\/wp\/v2\/media?parent=3841220"}],"wp:term":[{"taxonomy":"product_brand","embeddable":true,"href":"https:\/\/shop.diolosa.com\/pl\/wp-json\/wp\/v2\/product_brand?post=3841220"},{"taxonomy":"product_cat","embeddable":true,"href":"https:\/\/shop.diolosa.com\/pl\/wp-json\/wp\/v2\/product_cat?post=3841220"},{"taxonomy":"product_tag","embeddable":true,"href":"https:\/\/shop.diolosa.com\/pl\/wp-json\/wp\/v2\/product_tag?post=3841220"}],"curies":[{"name":"wp","href":"https:\/\/api.w.org\/{rel}","templated":true}]}}