{"id":3841225,"date":"2019-09-04T12:12:17","date_gmt":"2025-03-10T05:57:44","guid":{"rendered":"https:\/\/shop.diolosa.com\/product\/wieczorna-sila\/"},"modified":"2025-05-06T15:20:03","modified_gmt":"2025-05-06T14:20:03","slug":"wieczorna-sila","status":"publish","type":"product","link":"https:\/\/shop.diolosa.com\/pl\/product\/wieczorna-sila\/","title":{"rendered":"Wieczorna si\u0142a"},"content":{"rendered":"<p>EVENING STRENGTH jest stosowany w przewlek\u0142ej postaci stwardnienia rozsianego lub zespo\u0142u WEI. Preparat ten od\u017cywia Jing, usuwa puste ciep\u0142o i ciep\u0142o krwi, rozpuszcza zast\u00f3j krwi, wzmacnia ko\u0144czyny, wspomaga chodzenie, eliminuje g\u0142\u0119boko wnikni\u0119te toksyny i wzmacnia PO. Pomimo swoich w\u0142a\u015bciwo\u015bci tonizuj\u0105cych, SI\u0141A WIECZORU nie powoduje stagnacji.<br \/>\nWszystkie trzy preparaty z syndromem WEI mo\u017cna \u0142\u0105czy\u0107: MORNING STRENGTH rano (godzina Yang Ming), AFTERNOON STRENGTH po po\u0142udniu (godzina Lung Minus) i EVENING STRENGTH wieczorem w celu utrzymania Yin. Leczenie powinno by\u0107 prowadzone przez co najmniej 4 do 7 lat w po\u0142\u0105czeniu z akupunktur\u0105 i Qi Qong.<\/p>\n","protected":false},"excerpt":{"rendered":"<p>EVENING STRENGTH jest stosowany w przewlek\u0142ej postaci stwardnienia rozsianego lub  [&#8230;]<\/p>\n","protected":false},"featured_media":3835943,"template":"","meta":{"_acf_changed":false},"product_brand":[],"product_cat":[11910],"product_tag":[12331],"class_list":{"0":"post-3841225","1":"product","2":"type-product","3":"status-publish","4":"has-post-thumbnail","6":"product_cat-choroby-autoimmunologiczne","7":"product_tag-stwardnienie-rozsiane-shao-yin","9":"first","10":"instock","11":"taxable","12":"shipping-taxable","13":"purchasable","14":"product-type-simple"},"acf":{"yn_product_audio":"https:\/\/shop.diolosa.com\/wp-content\/uploads\/2018\/12\/DL_0384.mp3","yn_product_video":"https:\/\/shop.diolosa.com\/wp-content\/uploads\/2025\/03\/Evening-Strength-.mp4","yn_product_akupunktur":"<p>Tonizuje Lung Yin i wzmacnia PO<br \/>\np\u0119cherz 13 &#8211; fei shu &#8211; bu fa<br \/>\np\u0142uco 8 &#8211; jing qu (jing) &#8211; bu fa<br \/>\np\u0142uco 9 &#8211; tai yuan &#8211; gui xin (shu, yuan, ba hui xue, gui) &#8211; bu fa<br \/>\np\u0142uco 7 &#8211; lie que (luo, ren mai, gao wu, ma da yang) &#8211; bu fa<br \/>\np\u0142uco 6 &#8211; kong zui (xi) &#8211; xie fa<br \/>\np\u0142uco 5 &#8211; chi ze (he) &#8211; bu fa<br \/>\n\u015bledziona 3 &#8211; tai bai (shu, yuan) &#8211; bu fa<br \/>\np\u0119cherz 42 &#8211; po hu (po) &#8211; bu fa  <\/p>\n<p>Wydalanie flegmy<br \/>\n\u017co\u0142\u0105dek 40 &#8211; feng long (luo) &#8211; xie fa<br \/>\n\u017co\u0142\u0105dek 44 &#8211; nei ting (ying) &#8211; xie fa<br \/>\njelito cienkie 3 &#8211; hou xi (shu,du mai) &#8211; xie fa<br \/>\njelito cienkie 7 &#8211; zhi zheng (luo) &#8211; xie fa<br \/>\njelito cienkie 6 &#8211; yang lao (xi) &#8211; xie fa<br \/>\nworeczek \u017c\u00f3\u0142ciowy 37 &#8211; guang ming (luo) &#8211; xie fa<\/p>\n<p>Uzupe\u0142nienie esencji nerkowej<br \/>\nworeczek \u017c\u00f3\u0142ciowy 39 &#8211; xuan zhong &#8211; jue gu (mark) &#8211; bu fa<br \/>\nnerka 3 &#8211; tai xi (shu,yuan) &#8211; bu fa<br \/>\nnerka 7 &#8211; fu liu (jing) &#8211; bu fa<br \/>\nnerka 6 &#8211; zhao hai (yin qiao mai) &#8211; bu fa<br \/>\np\u0119cherz 23 &#8211; shen shu &#8211; bu fa  <\/p>\n<p>Odci\u0105\u017cenie m\u00f3zgu i OUN<br \/>\np\u0119cherzyk \u017c\u00f3\u0142ciowy 19 &#8211; nao kong &#8211; xie fa<br \/>\njelito cienkie 17 &#8211; tian rong &#8211; xie fa<br \/>\nba gua si shen cong &#8211; M-HN 1 (8 igie\u0142) &#8211; xie fa  <\/p>\n<p>Uzupe\u0142nia yin serca i wspomaga sen<br \/>\nserce 7 &#8211; shen men (shu, yuan) &#8211; bu fa<br \/>\nserce 3 &#8211; shao hai (he) &#8211; bu fa<br \/>\nserce 5 &#8211; tong li (luo) &#8211; xie fa<br \/>\nanmian &#8211; N-HN-54 (shen, brain) &#8211; xie fa<br \/>\nnerka 6 &#8211; zhao hai (yin qiao mai) &#8211; bu fa<\/p>\n","yn_product_verabreichungsart":"Pelety 140szt.","yn_product_dosierung":"<p>W ramach programu MS-TCM: przyjmowa\u0107 6 do 10 tabletek p\u00f3\u017anym popo\u0142udniem lub 3 x 6 do 10 tabletek dziennie w ci\u0105gu dnia, zawsze przed posi\u0142kami.<\/p>\n","yn_product_combinations":"<p>MORNING STRENGTH, AFTERNOON STRENGTH (MS &#8211; Wei syndrome), CLEARING THE HEAT (puste ciep\u0142o), SAN BAO TEE, YIN ROOT (niedob\u00f3r yin w nerkach), DEEP SLEEP FORTE, GOOD DREAMS TEE (bezsenno\u015b\u0107).<\/p>\n","yn_product_avoidable":"<p>Kawa, czarna herbata, ostre przyprawy, aromatyczne przyprawy, owoce morza, ryby, dr\u00f3b, jagni\u0119cina, czosnek, cebula, por, alkohol, ocet, kapusta kiszona, og\u00f3rek kiszony, owoce cytrusowe.<\/p>\n","yn_product_tcm_mindmapping":"<p>P\u00f3\u017any efekt ostrego stanu (MS) > niedob\u00f3r Yin w nerkach > puste ciep\u0142o > ciep\u0142o krwi > zast\u00f3j krwi > Yang Ming &#8211; ogie\u0144 w \u017co\u0142\u0105dku > twarda flegma (Tan) i zast\u00f3j krwi w naczyniach Luo > atak na OUN > zesp\u00f3\u0142 Wei<\/p>\n","yn_product_tongue_body":"<p>Cienki, w\u0105ski, p\u0119kni\u0119ty w Shao Yin, krzywy, suchy, czerwony do ciemnoczerwonego lub nawet z plamami na kraw\u0119dziach j\u0119zyka.<\/p>\n","yn_product_tongue_coating":"<p>Rzadkie, cienkie, \u017c\u00f3\u0142tawe, suche w Yang Ming lub Shao Yang<\/p>\n","yn_product_pulse_diagnostics":"<p>Pozycja nerek Yin: fu mai &#8211; powierzchowna, xian mai &#8211; napi\u0119ta, xi mai &#8211; cienka, xu mai &#8211; pusta, shuo mai &#8211; szybka, se mai &#8211; szorstka.<\/p>\n","yn_product_indications":"<p>Przewlek\u0142e stwardnienie rozsiane (zesp\u00f3\u0142 Wei), zanik mi\u0119\u015bni, objawy parali\u017cu, trudno\u015bci z chodzeniem, utrata masy cia\u0142a, zaburzenia widzenia, p\u00f3\u017ane skutki terapii kortyzonem i szczepie\u0144.<\/p>\n","yn_product_contra_indications":"<p>Niedob\u00f3r Yang, wilgo\u0107 i nagromadzenie flegmy w UE<\/p>\n","yn_product_pregnancy":"<p>Dozwolone<\/p>\n","yn_product_herbs":"<p>cynomorii herba &#8211; suo yang, achyranthis radix &#8211; huai niu xi, loranthi ramulus &#8211; sang ji sheng, anemarrhenae rhizoma &#8211; zhi mu, phellodendri cortex &#8211; huang bai, moutan cortex &#8211; mu dan pi, dipsaci radix &#8211; xu duan, eucommiae ulmoidis cortex &#8211; du zhong, ligustri lucidi fructus &#8211; nu zhen zi, polygoni multiflori radix &#8211; he shou wu, glycyrrhizae uralensis radix &#8211; gan cao, sclerotium poriae cocos &#8211; fu ling, alismati rhizoma &#8211; ze xie, dioscorea rhizoma &#8211; shan yao<\/p>\n","yn_product_magisterrecipes":"<p>Hu Qian Wan, Zhi Bai Di Huang Wan, Liu Wei Di Huang Wan<\/p>\n"},"yoast_head":"<!-- This site is optimized with the Yoast SEO plugin v24.9 - https:\/\/yoast.com\/wordpress\/plugins\/seo\/ -->\n<title>Wieczorna si\u0142a - Claude Diolosa<\/title>\n<meta name=\"robots\" content=\"index, follow, max-snippet:-1, max-image-preview:large, max-video-preview:-1\" \/>\n<link rel=\"canonical\" href=\"https:\/\/shop.diolosa.com\/pl\/product\/wieczorna-sila\/\" \/>\n<meta property=\"og:locale\" content=\"pl_PL\" \/>\n<meta property=\"og:type\" content=\"article\" \/>\n<meta property=\"og:title\" content=\"Wieczorna si\u0142a - Claude Diolosa\" \/>\n<meta property=\"og:description\" content=\"EVENING STRENGTH jest stosowany w przewlek\u0142ej postaci stwardnienia rozsianego lub [...]\" \/>\n<meta property=\"og:url\" content=\"https:\/\/shop.diolosa.com\/pl\/product\/wieczorna-sila\/\" \/>\n<meta property=\"og:site_name\" content=\"Claude Diolosa\" \/>\n<meta property=\"article:publisher\" content=\"https:\/\/facebook.com\/claudediolosa\" \/>\n<meta property=\"article:modified_time\" content=\"2025-05-06T14:20:03+00:00\" \/>\n<meta property=\"og:image\" content=\"https:\/\/shop.diolosa.com\/wp-content\/uploads\/2019\/09\/Presslinge-140.jpg\" \/>\n\t<meta property=\"og:image:width\" content=\"800\" \/>\n\t<meta property=\"og:image:height\" content=\"533\" \/>\n\t<meta property=\"og:image:type\" content=\"image\/jpeg\" \/>\n<meta name=\"twitter:card\" content=\"summary_large_image\" \/>\n<meta name=\"twitter:label1\" content=\"Szacowany czas czytania\" \/>\n\t<meta name=\"twitter:data1\" content=\"1 minuta\" \/>\n<script type=\"application\/ld+json\" class=\"yoast-schema-graph\">{\"@context\":\"https:\/\/schema.org\",\"@graph\":[{\"@type\":\"WebPage\",\"@id\":\"https:\/\/shop.diolosa.com\/pl\/product\/wieczorna-sila\/\",\"url\":\"https:\/\/shop.diolosa.com\/pl\/product\/wieczorna-sila\/\",\"name\":\"Wieczorna si\u0142a - Claude Diolosa\",\"isPartOf\":{\"@id\":\"https:\/\/shop.diolosa.com\/pl\/#website\"},\"primaryImageOfPage\":{\"@id\":\"https:\/\/shop.diolosa.com\/pl\/product\/wieczorna-sila\/#primaryimage\"},\"image\":{\"@id\":\"https:\/\/shop.diolosa.com\/pl\/product\/wieczorna-sila\/#primaryimage\"},\"thumbnailUrl\":\"https:\/\/shop.diolosa.com\/wp-content\/uploads\/2019\/09\/Presslinge-140.jpg\",\"datePublished\":\"2025-03-10T05:57:44+00:00\",\"dateModified\":\"2025-05-06T14:20:03+00:00\",\"breadcrumb\":{\"@id\":\"https:\/\/shop.diolosa.com\/pl\/product\/wieczorna-sila\/#breadcrumb\"},\"inLanguage\":\"pl-PL\",\"potentialAction\":[{\"@type\":\"ReadAction\",\"target\":[\"https:\/\/shop.diolosa.com\/pl\/product\/wieczorna-sila\/\"]}]},{\"@type\":\"ImageObject\",\"inLanguage\":\"pl-PL\",\"@id\":\"https:\/\/shop.diolosa.com\/pl\/product\/wieczorna-sila\/#primaryimage\",\"url\":\"https:\/\/shop.diolosa.com\/wp-content\/uploads\/2019\/09\/Presslinge-140.jpg\",\"contentUrl\":\"https:\/\/shop.diolosa.com\/wp-content\/uploads\/2019\/09\/Presslinge-140.jpg\",\"width\":800,\"height\":533},{\"@type\":\"BreadcrumbList\",\"@id\":\"https:\/\/shop.diolosa.com\/pl\/product\/wieczorna-sila\/#breadcrumb\",\"itemListElement\":[{\"@type\":\"ListItem\",\"position\":1,\"name\":\"Startseite\",\"item\":\"https:\/\/shop.diolosa.com\/pl\/?page_id=3835710\"},{\"@type\":\"ListItem\",\"position\":2,\"name\":\"Sklep\",\"item\":\"https:\/\/shop.diolosa.com\/pl\/?page_id=3835710\"},{\"@type\":\"ListItem\",\"position\":3,\"name\":\"Wieczorna si\u0142a\"}]},{\"@type\":\"WebSite\",\"@id\":\"https:\/\/shop.diolosa.com\/pl\/#website\",\"url\":\"https:\/\/shop.diolosa.com\/pl\/\",\"name\":\"Claude Diolosa\",\"description\":\"\",\"publisher\":{\"@id\":\"https:\/\/shop.diolosa.com\/pl\/#organization\"},\"potentialAction\":[{\"@type\":\"SearchAction\",\"target\":{\"@type\":\"EntryPoint\",\"urlTemplate\":\"https:\/\/shop.diolosa.com\/pl\/?s={search_term_string}\"},\"query-input\":{\"@type\":\"PropertyValueSpecification\",\"valueRequired\":true,\"valueName\":\"search_term_string\"}}],\"inLanguage\":\"pl-PL\"},{\"@type\":\"Organization\",\"@id\":\"https:\/\/shop.diolosa.com\/pl\/#organization\",\"name\":\"Claude Diolosa\",\"url\":\"https:\/\/shop.diolosa.com\/pl\/\",\"logo\":{\"@type\":\"ImageObject\",\"inLanguage\":\"pl-PL\",\"@id\":\"https:\/\/shop.diolosa.com\/pl\/#\/schema\/logo\/image\/\",\"url\":\"https:\/\/shop.diolosa.com\/wp-content\/uploads\/2019\/08\/diolosa-drop-logo-new.png\",\"contentUrl\":\"https:\/\/shop.diolosa.com\/wp-content\/uploads\/2019\/08\/diolosa-drop-logo-new.png\",\"width\":134,\"height\":176,\"caption\":\"Claude Diolosa\"},\"image\":{\"@id\":\"https:\/\/shop.diolosa.com\/pl\/#\/schema\/logo\/image\/\"},\"sameAs\":[\"https:\/\/facebook.com\/claudediolosa\",\"https:\/\/www.instagram.com\/diolosaclaude108\/\"]}]}<\/script>\n<!-- \/ Yoast SEO plugin. -->","yoast_head_json":{"title":"Wieczorna si\u0142a - Claude Diolosa","robots":{"index":"index","follow":"follow","max-snippet":"max-snippet:-1","max-image-preview":"max-image-preview:large","max-video-preview":"max-video-preview:-1"},"canonical":"https:\/\/shop.diolosa.com\/pl\/product\/wieczorna-sila\/","og_locale":"pl_PL","og_type":"article","og_title":"Wieczorna si\u0142a - Claude Diolosa","og_description":"EVENING STRENGTH jest stosowany w przewlek\u0142ej postaci stwardnienia rozsianego lub [...]","og_url":"https:\/\/shop.diolosa.com\/pl\/product\/wieczorna-sila\/","og_site_name":"Claude Diolosa","article_publisher":"https:\/\/facebook.com\/claudediolosa","article_modified_time":"2025-05-06T14:20:03+00:00","og_image":[{"width":800,"height":533,"url":"https:\/\/shop.diolosa.com\/wp-content\/uploads\/2019\/09\/Presslinge-140.jpg","type":"image\/jpeg"}],"twitter_card":"summary_large_image","twitter_misc":{"Szacowany czas czytania":"1 minuta"},"schema":{"@context":"https:\/\/schema.org","@graph":[{"@type":"WebPage","@id":"https:\/\/shop.diolosa.com\/pl\/product\/wieczorna-sila\/","url":"https:\/\/shop.diolosa.com\/pl\/product\/wieczorna-sila\/","name":"Wieczorna si\u0142a - Claude Diolosa","isPartOf":{"@id":"https:\/\/shop.diolosa.com\/pl\/#website"},"primaryImageOfPage":{"@id":"https:\/\/shop.diolosa.com\/pl\/product\/wieczorna-sila\/#primaryimage"},"image":{"@id":"https:\/\/shop.diolosa.com\/pl\/product\/wieczorna-sila\/#primaryimage"},"thumbnailUrl":"https:\/\/shop.diolosa.com\/wp-content\/uploads\/2019\/09\/Presslinge-140.jpg","datePublished":"2025-03-10T05:57:44+00:00","dateModified":"2025-05-06T14:20:03+00:00","breadcrumb":{"@id":"https:\/\/shop.diolosa.com\/pl\/product\/wieczorna-sila\/#breadcrumb"},"inLanguage":"pl-PL","potentialAction":[{"@type":"ReadAction","target":["https:\/\/shop.diolosa.com\/pl\/product\/wieczorna-sila\/"]}]},{"@type":"ImageObject","inLanguage":"pl-PL","@id":"https:\/\/shop.diolosa.com\/pl\/product\/wieczorna-sila\/#primaryimage","url":"https:\/\/shop.diolosa.com\/wp-content\/uploads\/2019\/09\/Presslinge-140.jpg","contentUrl":"https:\/\/shop.diolosa.com\/wp-content\/uploads\/2019\/09\/Presslinge-140.jpg","width":800,"height":533},{"@type":"BreadcrumbList","@id":"https:\/\/shop.diolosa.com\/pl\/product\/wieczorna-sila\/#breadcrumb","itemListElement":[{"@type":"ListItem","position":1,"name":"Startseite","item":"https:\/\/shop.diolosa.com\/pl\/?page_id=3835710"},{"@type":"ListItem","position":2,"name":"Sklep","item":"https:\/\/shop.diolosa.com\/pl\/?page_id=3835710"},{"@type":"ListItem","position":3,"name":"Wieczorna si\u0142a"}]},{"@type":"WebSite","@id":"https:\/\/shop.diolosa.com\/pl\/#website","url":"https:\/\/shop.diolosa.com\/pl\/","name":"Claude Diolosa","description":"","publisher":{"@id":"https:\/\/shop.diolosa.com\/pl\/#organization"},"potentialAction":[{"@type":"SearchAction","target":{"@type":"EntryPoint","urlTemplate":"https:\/\/shop.diolosa.com\/pl\/?s={search_term_string}"},"query-input":{"@type":"PropertyValueSpecification","valueRequired":true,"valueName":"search_term_string"}}],"inLanguage":"pl-PL"},{"@type":"Organization","@id":"https:\/\/shop.diolosa.com\/pl\/#organization","name":"Claude Diolosa","url":"https:\/\/shop.diolosa.com\/pl\/","logo":{"@type":"ImageObject","inLanguage":"pl-PL","@id":"https:\/\/shop.diolosa.com\/pl\/#\/schema\/logo\/image\/","url":"https:\/\/shop.diolosa.com\/wp-content\/uploads\/2019\/08\/diolosa-drop-logo-new.png","contentUrl":"https:\/\/shop.diolosa.com\/wp-content\/uploads\/2019\/08\/diolosa-drop-logo-new.png","width":134,"height":176,"caption":"Claude Diolosa"},"image":{"@id":"https:\/\/shop.diolosa.com\/pl\/#\/schema\/logo\/image\/"},"sameAs":["https:\/\/facebook.com\/claudediolosa","https:\/\/www.instagram.com\/diolosaclaude108\/"]}]}},"_links":{"self":[{"href":"https:\/\/shop.diolosa.com\/pl\/wp-json\/wp\/v2\/product\/3841225","targetHints":{"allow":["GET"]}}],"collection":[{"href":"https:\/\/shop.diolosa.com\/pl\/wp-json\/wp\/v2\/product"}],"about":[{"href":"https:\/\/shop.diolosa.com\/pl\/wp-json\/wp\/v2\/types\/product"}],"wp:featuredmedia":[{"embeddable":true,"href":"https:\/\/shop.diolosa.com\/pl\/wp-json\/wp\/v2\/media\/3835943"}],"wp:attachment":[{"href":"https:\/\/shop.diolosa.com\/pl\/wp-json\/wp\/v2\/media?parent=3841225"}],"wp:term":[{"taxonomy":"product_brand","embeddable":true,"href":"https:\/\/shop.diolosa.com\/pl\/wp-json\/wp\/v2\/product_brand?post=3841225"},{"taxonomy":"product_cat","embeddable":true,"href":"https:\/\/shop.diolosa.com\/pl\/wp-json\/wp\/v2\/product_cat?post=3841225"},{"taxonomy":"product_tag","embeddable":true,"href":"https:\/\/shop.diolosa.com\/pl\/wp-json\/wp\/v2\/product_tag?post=3841225"}],"curies":[{"name":"wp","href":"https:\/\/api.w.org\/{rel}","templated":true}]}}