{"id":3841228,"date":"2019-09-04T12:12:33","date_gmt":"2025-03-10T05:57:45","guid":{"rendered":"https:\/\/shop.diolosa.com\/product\/ekran-przeciwwiatrowy\/"},"modified":"2025-05-06T15:21:24","modified_gmt":"2025-05-06T14:21:24","slug":"ekran-przeciwwiatrowy","status":"publish","type":"product","link":"https:\/\/shop.diolosa.com\/pl\/product\/ekran-przeciwwiatrowy\/","title":{"rendered":"Ekran przeciwwiatrowy"},"content":{"rendered":"<p>WIND SCREEN jest stosowany w leczeniu \u015bwinki i powinien by\u0107 przyjmowany natychmiast w du\u017cych dawkach przez 12 dni, aby unikn\u0105\u0107 p\u00f3\u017anych skutk\u00f3w. Preparat ten usuwa toksyny ciep\u0142a wiatru z Shao Yang (gruczo\u0142y \u015blinowe), zapobiega przenikaniu toksyn (RE DU) do Jue Yin (w\u0105troba = j\u0105dra &gt; zapalenie j\u0105der) i chroni uk\u0142ad nerwowy (zapalenie opon m\u00f3zgowych = zesp\u00f3\u0142 YING FEN i XUE FEN).<\/p>\n","protected":false},"excerpt":{"rendered":"<p>WIND SCREEN jest stosowany w leczeniu \u015bwinki i powinien by\u0107  [&#8230;]<\/p>\n","protected":false},"featured_media":3835943,"template":"","meta":{"_acf_changed":false},"product_brand":[],"product_cat":[11778,11771],"product_tag":[12334],"class_list":{"0":"post-3841228","1":"product","2":"type-product","3":"status-publish","4":"has-post-thumbnail","6":"product_cat-pediatria","7":"product_cat-wen-bing-lun-pl","8":"product_tag-swinka","10":"first","11":"instock","12":"taxable","13":"shipping-taxable","14":"purchasable","15":"product-type-simple"},"acf":{"yn_product_audio":"https:\/\/shop.diolosa.com\/wp-content\/uploads\/2018\/12\/DL_0764.mp3","yn_product_video":"https:\/\/shop.diolosa.com\/wp-content\/uploads\/2024\/10\/Wind-Screen.mp4","yn_product_akupunktur":"<p>Odprowadzanie ciep\u0142a i toksyn<br \/>\np\u0142uco 11 &#8211; shao shang &#8211; gui xin (jing, gui) &#8211; xie fa &#8211; krwawienie<br \/>\nlung 10 &#8211; yu jin (ying) &#8211; xie fa<br \/>\nokr\u0119\u017cnica 1 &#8211; shang yang (jing) &#8211; xie fa &#8211; krwawienie<br \/>\nsan chiao 5 &#8211; wai guan (yang wei mai, luo) &#8211; xie fa<br \/>\ndwukropek 11 &#8211; qu chi &#8211; gui tui (he &#8211; gui) &#8211; xie fa<br \/>\ndwukropek 4 &#8211; he gu (yuan) &#8211; xie fa<br \/>\n\u017co\u0142\u0105dek 45 &#8211; li dui (jing) &#8211; xie fa<br \/>\n\u017co\u0142\u0105dek 44 &#8211; nei ting (ying) &#8211; xie fa<br \/>\nbubble 13 &#8211; fei shu &#8211; xie fa<br \/>\nlon\u017ca 7 &#8211; lie que (luo, ren mai) &#8211; xie fa<\/p>\n","yn_product_verabreichungsart":"Pelety 140szt.","yn_product_dosierung":"<p>Og\u00f3lne: 3 x 6 do 10 tabletek dziennie, zawsze przed posi\u0142kami, przez 12 dni.<br \/>\nDzieci w wieku od 1 do 3 lat: od 1 do 3 granulek, od 3 do 6 lat: od 3 do 6 granulek i od 6 do 9 lat: od 6 do 9 granulek.<\/p>\n","yn_product_combinations":"<p>WBL GREEN PROTECTION SCREEN (grypa), THROAT COOLING DEW TABLETKI i SPRAY (angina &#8211; b\u00f3l gard\u0142a)<\/p>\n","yn_product_avoidable":"<p>Bia\u0142ko zwierz\u0119ce, produkty mleczne, cukier, czekolada, mi\u00f3d, przyprawy, alkohol<\/p>\n","yn_product_tcm_mindmapping":"<p>WBL > zesp\u00f3\u0142 Shao Yang > wilgo\u0107 i nagromadzenie \u015bluzu, toksyn termicznych w krtani > mo\u017ce prowadzi\u0107 do zespo\u0142u Jue Yin (zapalenie j\u0105der)<\/p>\n","yn_product_tongue_body":"<p>Pokryty czerwonymi kropkami<\/p>\n","yn_product_tongue_coating":"<p>Na czubku j\u0119zyka: cienki, \u017c\u00f3\u0142tawy<\/p>\n","yn_product_pulse_diagnostics":"<p>Og\u00f3lne: fu mai &#8211; powierzchowny, xian mai &#8211; napi\u0119ty, shuo mai &#8211; szybki, shi mai &#8211; pe\u0142ny<\/p>\n","yn_product_indications":"<p>\u015awinka, gor\u0105czka i pojedynczy lub cz\u0119\u015bciej obustronny obrz\u0119k zapalny \u015blinianki przyusznej<\/p>\n","yn_product_contra_indications":"<p>Wiatr Zimny PE<\/p>\n","yn_product_pregnancy":"<p>Dozwolone<\/p>\n","yn_product_herbs":"<p>chrysanthemi indici flores (wild) &#8211; ye ju hua, lonicerae japonicae flos &#8211; jin yin hua, forsythiae suspensae fructus &#8211; lian qiao, isatidis radix &#8211; ban lan gen, arctii lappae fructus &#8211; niu bang zi, menthae haplocalycis herba &#8211; bo he, platycodi grandiflori radix &#8211; jie geng, lasiospaerae fructificatio &#8211; ma bo<\/p>\n","yn_product_magisterrecipes":"<p>Pu Ji Xiao Du Yin, Wu Wei Xiao Du Yin, Xiao Chai Hu Tang<\/p>\n"},"yoast_head":"<!-- This site is optimized with the Yoast SEO plugin v24.9 - https:\/\/yoast.com\/wordpress\/plugins\/seo\/ -->\n<title>Ekran przeciwwiatrowy - Claude Diolosa<\/title>\n<meta name=\"robots\" content=\"index, follow, max-snippet:-1, max-image-preview:large, max-video-preview:-1\" \/>\n<link rel=\"canonical\" href=\"https:\/\/shop.diolosa.com\/pl\/product\/ekran-przeciwwiatrowy\/\" \/>\n<meta property=\"og:locale\" content=\"pl_PL\" \/>\n<meta property=\"og:type\" content=\"article\" \/>\n<meta property=\"og:title\" content=\"Ekran przeciwwiatrowy - Claude Diolosa\" \/>\n<meta property=\"og:description\" content=\"WIND SCREEN jest stosowany w leczeniu \u015bwinki i powinien by\u0107 [...]\" \/>\n<meta property=\"og:url\" content=\"https:\/\/shop.diolosa.com\/pl\/product\/ekran-przeciwwiatrowy\/\" \/>\n<meta property=\"og:site_name\" content=\"Claude Diolosa\" \/>\n<meta property=\"article:publisher\" content=\"https:\/\/facebook.com\/claudediolosa\" \/>\n<meta property=\"article:modified_time\" content=\"2025-05-06T14:21:24+00:00\" \/>\n<meta property=\"og:image\" content=\"https:\/\/shop.diolosa.com\/wp-content\/uploads\/2019\/09\/Presslinge-140.jpg\" \/>\n\t<meta property=\"og:image:width\" content=\"800\" \/>\n\t<meta property=\"og:image:height\" content=\"533\" \/>\n\t<meta property=\"og:image:type\" content=\"image\/jpeg\" \/>\n<meta name=\"twitter:card\" content=\"summary_large_image\" \/>\n<script type=\"application\/ld+json\" class=\"yoast-schema-graph\">{\"@context\":\"https:\/\/schema.org\",\"@graph\":[{\"@type\":\"WebPage\",\"@id\":\"https:\/\/shop.diolosa.com\/pl\/product\/ekran-przeciwwiatrowy\/\",\"url\":\"https:\/\/shop.diolosa.com\/pl\/product\/ekran-przeciwwiatrowy\/\",\"name\":\"Ekran przeciwwiatrowy - Claude Diolosa\",\"isPartOf\":{\"@id\":\"https:\/\/shop.diolosa.com\/pl\/#website\"},\"primaryImageOfPage\":{\"@id\":\"https:\/\/shop.diolosa.com\/pl\/product\/ekran-przeciwwiatrowy\/#primaryimage\"},\"image\":{\"@id\":\"https:\/\/shop.diolosa.com\/pl\/product\/ekran-przeciwwiatrowy\/#primaryimage\"},\"thumbnailUrl\":\"https:\/\/shop.diolosa.com\/wp-content\/uploads\/2019\/09\/Presslinge-140.jpg\",\"datePublished\":\"2025-03-10T05:57:45+00:00\",\"dateModified\":\"2025-05-06T14:21:24+00:00\",\"breadcrumb\":{\"@id\":\"https:\/\/shop.diolosa.com\/pl\/product\/ekran-przeciwwiatrowy\/#breadcrumb\"},\"inLanguage\":\"pl-PL\",\"potentialAction\":[{\"@type\":\"ReadAction\",\"target\":[\"https:\/\/shop.diolosa.com\/pl\/product\/ekran-przeciwwiatrowy\/\"]}]},{\"@type\":\"ImageObject\",\"inLanguage\":\"pl-PL\",\"@id\":\"https:\/\/shop.diolosa.com\/pl\/product\/ekran-przeciwwiatrowy\/#primaryimage\",\"url\":\"https:\/\/shop.diolosa.com\/wp-content\/uploads\/2019\/09\/Presslinge-140.jpg\",\"contentUrl\":\"https:\/\/shop.diolosa.com\/wp-content\/uploads\/2019\/09\/Presslinge-140.jpg\",\"width\":800,\"height\":533},{\"@type\":\"BreadcrumbList\",\"@id\":\"https:\/\/shop.diolosa.com\/pl\/product\/ekran-przeciwwiatrowy\/#breadcrumb\",\"itemListElement\":[{\"@type\":\"ListItem\",\"position\":1,\"name\":\"Startseite\",\"item\":\"https:\/\/shop.diolosa.com\/pl\/?page_id=3835710\"},{\"@type\":\"ListItem\",\"position\":2,\"name\":\"Sklep\",\"item\":\"https:\/\/shop.diolosa.com\/pl\/?page_id=3835710\"},{\"@type\":\"ListItem\",\"position\":3,\"name\":\"Ekran przeciwwiatrowy\"}]},{\"@type\":\"WebSite\",\"@id\":\"https:\/\/shop.diolosa.com\/pl\/#website\",\"url\":\"https:\/\/shop.diolosa.com\/pl\/\",\"name\":\"Claude Diolosa\",\"description\":\"\",\"publisher\":{\"@id\":\"https:\/\/shop.diolosa.com\/pl\/#organization\"},\"potentialAction\":[{\"@type\":\"SearchAction\",\"target\":{\"@type\":\"EntryPoint\",\"urlTemplate\":\"https:\/\/shop.diolosa.com\/pl\/?s={search_term_string}\"},\"query-input\":{\"@type\":\"PropertyValueSpecification\",\"valueRequired\":true,\"valueName\":\"search_term_string\"}}],\"inLanguage\":\"pl-PL\"},{\"@type\":\"Organization\",\"@id\":\"https:\/\/shop.diolosa.com\/pl\/#organization\",\"name\":\"Claude Diolosa\",\"url\":\"https:\/\/shop.diolosa.com\/pl\/\",\"logo\":{\"@type\":\"ImageObject\",\"inLanguage\":\"pl-PL\",\"@id\":\"https:\/\/shop.diolosa.com\/pl\/#\/schema\/logo\/image\/\",\"url\":\"https:\/\/shop.diolosa.com\/wp-content\/uploads\/2019\/08\/diolosa-drop-logo-new.png\",\"contentUrl\":\"https:\/\/shop.diolosa.com\/wp-content\/uploads\/2019\/08\/diolosa-drop-logo-new.png\",\"width\":134,\"height\":176,\"caption\":\"Claude Diolosa\"},\"image\":{\"@id\":\"https:\/\/shop.diolosa.com\/pl\/#\/schema\/logo\/image\/\"},\"sameAs\":[\"https:\/\/facebook.com\/claudediolosa\",\"https:\/\/www.instagram.com\/diolosaclaude108\/\"]}]}<\/script>\n<!-- \/ Yoast SEO plugin. -->","yoast_head_json":{"title":"Ekran przeciwwiatrowy - Claude Diolosa","robots":{"index":"index","follow":"follow","max-snippet":"max-snippet:-1","max-image-preview":"max-image-preview:large","max-video-preview":"max-video-preview:-1"},"canonical":"https:\/\/shop.diolosa.com\/pl\/product\/ekran-przeciwwiatrowy\/","og_locale":"pl_PL","og_type":"article","og_title":"Ekran przeciwwiatrowy - Claude Diolosa","og_description":"WIND SCREEN jest stosowany w leczeniu \u015bwinki i powinien by\u0107 [...]","og_url":"https:\/\/shop.diolosa.com\/pl\/product\/ekran-przeciwwiatrowy\/","og_site_name":"Claude Diolosa","article_publisher":"https:\/\/facebook.com\/claudediolosa","article_modified_time":"2025-05-06T14:21:24+00:00","og_image":[{"width":800,"height":533,"url":"https:\/\/shop.diolosa.com\/wp-content\/uploads\/2019\/09\/Presslinge-140.jpg","type":"image\/jpeg"}],"twitter_card":"summary_large_image","schema":{"@context":"https:\/\/schema.org","@graph":[{"@type":"WebPage","@id":"https:\/\/shop.diolosa.com\/pl\/product\/ekran-przeciwwiatrowy\/","url":"https:\/\/shop.diolosa.com\/pl\/product\/ekran-przeciwwiatrowy\/","name":"Ekran przeciwwiatrowy - Claude Diolosa","isPartOf":{"@id":"https:\/\/shop.diolosa.com\/pl\/#website"},"primaryImageOfPage":{"@id":"https:\/\/shop.diolosa.com\/pl\/product\/ekran-przeciwwiatrowy\/#primaryimage"},"image":{"@id":"https:\/\/shop.diolosa.com\/pl\/product\/ekran-przeciwwiatrowy\/#primaryimage"},"thumbnailUrl":"https:\/\/shop.diolosa.com\/wp-content\/uploads\/2019\/09\/Presslinge-140.jpg","datePublished":"2025-03-10T05:57:45+00:00","dateModified":"2025-05-06T14:21:24+00:00","breadcrumb":{"@id":"https:\/\/shop.diolosa.com\/pl\/product\/ekran-przeciwwiatrowy\/#breadcrumb"},"inLanguage":"pl-PL","potentialAction":[{"@type":"ReadAction","target":["https:\/\/shop.diolosa.com\/pl\/product\/ekran-przeciwwiatrowy\/"]}]},{"@type":"ImageObject","inLanguage":"pl-PL","@id":"https:\/\/shop.diolosa.com\/pl\/product\/ekran-przeciwwiatrowy\/#primaryimage","url":"https:\/\/shop.diolosa.com\/wp-content\/uploads\/2019\/09\/Presslinge-140.jpg","contentUrl":"https:\/\/shop.diolosa.com\/wp-content\/uploads\/2019\/09\/Presslinge-140.jpg","width":800,"height":533},{"@type":"BreadcrumbList","@id":"https:\/\/shop.diolosa.com\/pl\/product\/ekran-przeciwwiatrowy\/#breadcrumb","itemListElement":[{"@type":"ListItem","position":1,"name":"Startseite","item":"https:\/\/shop.diolosa.com\/pl\/?page_id=3835710"},{"@type":"ListItem","position":2,"name":"Sklep","item":"https:\/\/shop.diolosa.com\/pl\/?page_id=3835710"},{"@type":"ListItem","position":3,"name":"Ekran przeciwwiatrowy"}]},{"@type":"WebSite","@id":"https:\/\/shop.diolosa.com\/pl\/#website","url":"https:\/\/shop.diolosa.com\/pl\/","name":"Claude Diolosa","description":"","publisher":{"@id":"https:\/\/shop.diolosa.com\/pl\/#organization"},"potentialAction":[{"@type":"SearchAction","target":{"@type":"EntryPoint","urlTemplate":"https:\/\/shop.diolosa.com\/pl\/?s={search_term_string}"},"query-input":{"@type":"PropertyValueSpecification","valueRequired":true,"valueName":"search_term_string"}}],"inLanguage":"pl-PL"},{"@type":"Organization","@id":"https:\/\/shop.diolosa.com\/pl\/#organization","name":"Claude Diolosa","url":"https:\/\/shop.diolosa.com\/pl\/","logo":{"@type":"ImageObject","inLanguage":"pl-PL","@id":"https:\/\/shop.diolosa.com\/pl\/#\/schema\/logo\/image\/","url":"https:\/\/shop.diolosa.com\/wp-content\/uploads\/2019\/08\/diolosa-drop-logo-new.png","contentUrl":"https:\/\/shop.diolosa.com\/wp-content\/uploads\/2019\/08\/diolosa-drop-logo-new.png","width":134,"height":176,"caption":"Claude Diolosa"},"image":{"@id":"https:\/\/shop.diolosa.com\/pl\/#\/schema\/logo\/image\/"},"sameAs":["https:\/\/facebook.com\/claudediolosa","https:\/\/www.instagram.com\/diolosaclaude108\/"]}]}},"_links":{"self":[{"href":"https:\/\/shop.diolosa.com\/pl\/wp-json\/wp\/v2\/product\/3841228","targetHints":{"allow":["GET"]}}],"collection":[{"href":"https:\/\/shop.diolosa.com\/pl\/wp-json\/wp\/v2\/product"}],"about":[{"href":"https:\/\/shop.diolosa.com\/pl\/wp-json\/wp\/v2\/types\/product"}],"wp:featuredmedia":[{"embeddable":true,"href":"https:\/\/shop.diolosa.com\/pl\/wp-json\/wp\/v2\/media\/3835943"}],"wp:attachment":[{"href":"https:\/\/shop.diolosa.com\/pl\/wp-json\/wp\/v2\/media?parent=3841228"}],"wp:term":[{"taxonomy":"product_brand","embeddable":true,"href":"https:\/\/shop.diolosa.com\/pl\/wp-json\/wp\/v2\/product_brand?post=3841228"},{"taxonomy":"product_cat","embeddable":true,"href":"https:\/\/shop.diolosa.com\/pl\/wp-json\/wp\/v2\/product_cat?post=3841228"},{"taxonomy":"product_tag","embeddable":true,"href":"https:\/\/shop.diolosa.com\/pl\/wp-json\/wp\/v2\/product_tag?post=3841228"}],"curies":[{"name":"wp","href":"https:\/\/api.w.org\/{rel}","templated":true}]}}