{"id":3841229,"date":"2019-09-04T12:12:17","date_gmt":"2025-03-10T05:57:45","guid":{"rendered":"https:\/\/shop.diolosa.com\/product\/popoludniowa-sila\/"},"modified":"2025-05-31T07:19:39","modified_gmt":"2025-05-31T06:19:39","slug":"popoludniowa-sila","status":"publish","type":"product","link":"https:\/\/shop.diolosa.com\/pl\/product\/popoludniowa-sila\/","title":{"rendered":"Popo\u0142udniowa si\u0142a"},"content":{"rendered":"<p>AFTERNOON STRENGTH jest stosowany szczeg\u00f3lnie w przypadku zespo\u0142u WEI i stwardnienia rozsianego. Bierze pod uwag\u0119 nie tylko czynno\u015b\u0107 p\u0142uc, ale tak\u017ce d\u0142ugoterminowe konsekwencje chor\u00f3b zaka\u017anych, w kt\u00f3rych jako przyczyn\u0119 identyfikuje si\u0119 rozpad PO (duszy zwierz\u0119cia). Ten konkretny preparat ma kilka sposob\u00f3w dzia\u0142ania: Oczyszcza tak zwane Puste Ciep\u0142o w p\u0142ucach, od\u017cywia Yin i pomaga wyeliminowa\u0107 szkodliwe toksyny z organizmu. Ma r\u00f3wnie\u017c dzia\u0142anie wykrztu\u015bne i stabilizuje PO, co ma ogromne znaczenie dla zdrowia emocjonalnego i fizycznego.   <\/p>\n<p>Nale\u017cy zauwa\u017cy\u0107, \u017ce wszystkie trzy preparaty mo\u017cna \u0142\u0105czy\u0107 w celu leczenia zespo\u0142u WEI. MORNING STRENGTH jest przyjmowany rano podczas godziny Yang Ming, aby promowa\u0107 przep\u0142yw energii i przygotowa\u0107 cia\u0142o na ca\u0142y dzie\u0144. Z drugiej strony, AFTERNOON STRENGTH jest stosowany po po\u0142udniu podczas zaj\u0119\u0107 Lung Minus, aby w szczeg\u00f3lno\u015bci wspiera\u0107 funkcje p\u0142uc i kompensowa\u0107 ewentualne deficyty. Wreszcie, SI\u0141A WIECZORNA jest stosowana wieczorem; to przygotowanie ma na celu piel\u0119gnacj\u0119 yin, a tym samym stworzenie r\u00f3wnowagi mi\u0119dzy yin i yang w ciele.   <\/p>\n<p>Zalecany czas trwania leczenia wynosi co najmniej 4 do 7 lat. Tak d\u0142ugi okres czasu jest niezb\u0119dny do osi\u0105gni\u0119cia trwa\u0142ych rezultat\u00f3w; zawsze powinien by\u0107 praktykowany w po\u0142\u0105czeniu z akupunktur\u0105 i Qi Gong. Te uzupe\u0142niaj\u0105ce terapie pomagaj\u0105 jeszcze bardziej wzmocni\u0107 efekt AFTERNOON STRENGTH i maj\u0105 na celu holistyczne uzdrowienie.<\/p>\n","protected":false},"excerpt":{"rendered":"<p>AFTERNOON STRENGTH jest stosowany szczeg\u00f3lnie w przypadku zespo\u0142u WEI i  [&#8230;]<\/p>\n","protected":false},"featured_media":3835943,"template":"","meta":{"_acf_changed":false},"product_brand":[],"product_cat":[11910],"product_tag":[12335],"class_list":{"0":"post-3841229","1":"product","2":"type-product","3":"status-publish","4":"has-post-thumbnail","6":"product_cat-choroby-autoimmunologiczne","7":"product_tag-stwardnienie-rozsiane-po-minus","9":"first","10":"instock","11":"taxable","12":"shipping-taxable","13":"purchasable","14":"product-type-simple"},"acf":{"yn_product_audio":"https:\/\/shop.diolosa.com\/wp-content\/uploads\/2018\/12\/DL_0385.mp3","yn_product_video":"https:\/\/shop.diolosa.com\/wp-content\/uploads\/2025\/03\/Afternoon-Strength.mp4","yn_product_akupunktur":"<p>Tonizuje Lung Yin i wzmacnia PO<br \/>\np\u0119cherz 13 &#8211; fei shu &#8211; bu fa<br \/>\np\u0142uco 8 &#8211; jing qu (jing) &#8211; bu fa<br \/>\np\u0142uco 9 &#8211; tai yuan &#8211; gui xin (shu, yuan, ba hui xue, gui) &#8211; bu fa<br \/>\np\u0142uco 7 &#8211; lie que (luo, ren mai, gao wu, ma da yang) &#8211; bu fa<br \/>\np\u0142uco 6 &#8211; kong zui (xi) &#8211; xie fa<br \/>\np\u0142uco 5 &#8211; chi ze (he) &#8211; bu fa<br \/>\n\u015bledziona 3 &#8211; tai bai (shu, yuan) &#8211; bu fa<br \/>\np\u0119cherz 42 &#8211; po hu (po) &#8211; bu fa  <\/p>\n<p>Wydalanie flegmy<br \/>\n\u017co\u0142\u0105dek 40 &#8211; feng long (luo) &#8211; xie fa<br \/>\n\u017co\u0142\u0105dek 44 &#8211; nei ting (ying) &#8211; xie fa<br \/>\njelito cienkie 3 &#8211; hou xi (shu,du mai) &#8211; xie fa<br \/>\njelito cienkie 7 &#8211; zhi zheng (luo) &#8211; xie fa<br \/>\njelito cienkie 6 &#8211; yang lao (xi) &#8211; xie fa<br \/>\nworeczek \u017c\u00f3\u0142ciowy 37 &#8211; guang ming (luo) &#8211; xie fa<\/p>\n<p>Uzupe\u0142nienie esencji nerkowej<br \/>\nworeczek \u017c\u00f3\u0142ciowy 39 &#8211; xuan zhong &#8211; jue gu (mark) &#8211; bu fa<br \/>\nnerka 3 &#8211; tai xi (shu,yuan) &#8211; bu fa<br \/>\nnerka 7 &#8211; fu liu (jing) &#8211; bu fa<br \/>\nnerka 6 &#8211; zhao hai (yin qiao mai) &#8211; bu fa<br \/>\np\u0119cherz 23 &#8211; shen shu &#8211; bu fa  <\/p>\n<p>Odci\u0105\u017cenie m\u00f3zgu i OUN<br \/>\np\u0119cherzyk \u017c\u00f3\u0142ciowy 19 &#8211; nao kong &#8211; xie fa<br \/>\njelito cienkie 17 &#8211; tian rong &#8211; xie fa<br \/>\nba gua si shen cong &#8211; M-HN 1 (8 igie\u0142) &#8211; xie fa<\/p>\n","yn_product_verabreichungsart":"Pelety 140szt.","yn_product_dosierung":"<p>W ramach programu MS-TCM: przyjmowa\u0107 6 do 10 tabletek po po\u0142udniu w godzinach pracy p\u0119cherza mi\u0119dzy 15:00 a 17:00 lub 3 x 6 do 10 tabletek dziennie w ci\u0105gu dnia, zawsze przed posi\u0142kami.<\/p>\n","yn_product_combinations":"<p>SI\u0141A PORANNA, SI\u0141A WIECZORNA (stwardnienie rozsiane &#8211; zesp\u00f3\u0142 Wei), \u0141AGODNY ODDECH (astma), KROPLE DESZCZU (przewlek\u0142e zapalenie oskrzeli), SAN BAO TEE, KORZE\u0143 YIN (niedob\u00f3r jinu w nerkach), DRZWI DUSZY ZWIERZ\u0104T (PO Minus), PI\u0118\u0106 SMOK\u00d3W (Luo Mai)<\/p>\n","yn_product_avoidable":"<p>Ostre przyprawy, herbata imbirowa, koper w\u0142oski, kminek, any\u017c, herbata cynamonowa, jagni\u0119cina, dr\u00f3b, w\u0119dzenie, kawa, czarna herbata, ocet, kiszona kapusta<\/p>\n","yn_product_tcm_mindmapping":"<p>P\u00f3\u017any efekt Wen Bing Lun > Niedob\u00f3r Yin w p\u0142ucach > Puste ciep\u0142o w p\u0142ucach > Wykorzenienie PO > Ciep\u0142o Yang Ming Toksyny atakuj\u0105 OUN > Zesp\u00f3\u0142 Wei<\/p>\n","yn_product_tongue_body":"<p>Czerwone i pop\u0119kane w OE, czerwone brodawki w OE i na kraw\u0119dziach j\u0119zyka<\/p>\n","yn_product_tongue_coating":"<p>Cienki, \u017c\u00f3\u0142tawy, suchy<\/p>\n","yn_product_pulse_diagnostics":"<p>Pozycja p\u0142uc: fu mai &#8211; powierzchowna, xian mai &#8211; napi\u0119ta, xi mai &#8211; cienka, xu mai &#8211; pusta, shuo mai &#8211; szybka, se mai &#8211; szorstka, duan mai &#8211; kr\u00f3tka<\/p>\n","yn_product_indications":"<p>Stwardnienie rozsiane (PO minus), p\u00f3\u017ane skutki chor\u00f3b zaka\u017anych, kt\u00f3re nie zosta\u0142y w pe\u0142ni wyleczone, takie jak zapalenie p\u0142uc, ci\u0119\u017cka grypa, grypa jelitowa, czerwonka, biegunka amebowa, p\u00f3\u017ane skutki szczepie\u0144, dodatkowe objawy to wyczerpanie, depresja, nocne poty.<\/p>\n","yn_product_contra_indications":"<p>Niedob\u00f3r Qi i Yang w p\u0142ucach, nagromadzenie flegmy i mokrego zimna<\/p>\n","yn_product_pregnancy":"<p>Dozwolone<\/p>\n","yn_product_herbs":"<p>polygonati odorati rhizoma &#8211; yu zhu, anemarrhenae rhizoma &#8211; zhi mu, trichosanthis radix &#8211; gua lou gen, fritillariae cirrhosae bulbus &#8211; chuan bei mu, scrophulariae radix &#8211; xuan shen, armeniacae semen &#8211; ku xing ren<\/p>\n","yn_product_magisterrecipes":"<p>Qing Zao Jiu Fei Tang, Bai He Gu Jin Tang, Xie Bai San, Sheng Mai San<\/p>\n"},"yoast_head":"<!-- This site is optimized with the Yoast SEO plugin v24.9 - https:\/\/yoast.com\/wordpress\/plugins\/seo\/ -->\n<title>Popo\u0142udniowa si\u0142a - Claude Diolosa<\/title>\n<meta name=\"robots\" content=\"index, follow, max-snippet:-1, max-image-preview:large, max-video-preview:-1\" \/>\n<link rel=\"canonical\" href=\"https:\/\/shop.diolosa.com\/pl\/product\/popoludniowa-sila\/\" \/>\n<meta property=\"og:locale\" content=\"pl_PL\" \/>\n<meta property=\"og:type\" content=\"article\" \/>\n<meta property=\"og:title\" content=\"Popo\u0142udniowa si\u0142a - Claude Diolosa\" \/>\n<meta property=\"og:description\" content=\"AFTERNOON STRENGTH jest stosowany szczeg\u00f3lnie w przypadku zespo\u0142u WEI i [...]\" \/>\n<meta property=\"og:url\" content=\"https:\/\/shop.diolosa.com\/pl\/product\/popoludniowa-sila\/\" \/>\n<meta property=\"og:site_name\" content=\"Claude Diolosa\" \/>\n<meta property=\"article:publisher\" content=\"https:\/\/facebook.com\/claudediolosa\" \/>\n<meta property=\"article:modified_time\" content=\"2025-05-31T06:19:39+00:00\" \/>\n<meta property=\"og:image\" content=\"https:\/\/shop.diolosa.com\/wp-content\/uploads\/2019\/09\/Presslinge-140.jpg\" \/>\n\t<meta property=\"og:image:width\" content=\"800\" \/>\n\t<meta property=\"og:image:height\" content=\"533\" \/>\n\t<meta property=\"og:image:type\" content=\"image\/jpeg\" \/>\n<meta name=\"twitter:card\" content=\"summary_large_image\" \/>\n<meta name=\"twitter:label1\" content=\"Szacowany czas czytania\" \/>\n\t<meta name=\"twitter:data1\" content=\"1 minuta\" \/>\n<script type=\"application\/ld+json\" class=\"yoast-schema-graph\">{\"@context\":\"https:\/\/schema.org\",\"@graph\":[{\"@type\":\"WebPage\",\"@id\":\"https:\/\/shop.diolosa.com\/pl\/product\/popoludniowa-sila\/\",\"url\":\"https:\/\/shop.diolosa.com\/pl\/product\/popoludniowa-sila\/\",\"name\":\"Popo\u0142udniowa si\u0142a - Claude Diolosa\",\"isPartOf\":{\"@id\":\"https:\/\/shop.diolosa.com\/pl\/#website\"},\"primaryImageOfPage\":{\"@id\":\"https:\/\/shop.diolosa.com\/pl\/product\/popoludniowa-sila\/#primaryimage\"},\"image\":{\"@id\":\"https:\/\/shop.diolosa.com\/pl\/product\/popoludniowa-sila\/#primaryimage\"},\"thumbnailUrl\":\"https:\/\/shop.diolosa.com\/wp-content\/uploads\/2019\/09\/Presslinge-140.jpg\",\"datePublished\":\"2025-03-10T05:57:45+00:00\",\"dateModified\":\"2025-05-31T06:19:39+00:00\",\"breadcrumb\":{\"@id\":\"https:\/\/shop.diolosa.com\/pl\/product\/popoludniowa-sila\/#breadcrumb\"},\"inLanguage\":\"pl-PL\",\"potentialAction\":[{\"@type\":\"ReadAction\",\"target\":[\"https:\/\/shop.diolosa.com\/pl\/product\/popoludniowa-sila\/\"]}]},{\"@type\":\"ImageObject\",\"inLanguage\":\"pl-PL\",\"@id\":\"https:\/\/shop.diolosa.com\/pl\/product\/popoludniowa-sila\/#primaryimage\",\"url\":\"https:\/\/shop.diolosa.com\/wp-content\/uploads\/2019\/09\/Presslinge-140.jpg\",\"contentUrl\":\"https:\/\/shop.diolosa.com\/wp-content\/uploads\/2019\/09\/Presslinge-140.jpg\",\"width\":800,\"height\":533},{\"@type\":\"BreadcrumbList\",\"@id\":\"https:\/\/shop.diolosa.com\/pl\/product\/popoludniowa-sila\/#breadcrumb\",\"itemListElement\":[{\"@type\":\"ListItem\",\"position\":1,\"name\":\"Startseite\",\"item\":\"https:\/\/shop.diolosa.com\/pl\/?page_id=3835710\"},{\"@type\":\"ListItem\",\"position\":2,\"name\":\"Sklep\",\"item\":\"https:\/\/shop.diolosa.com\/pl\/?page_id=3835710\"},{\"@type\":\"ListItem\",\"position\":3,\"name\":\"Popo\u0142udniowa si\u0142a\"}]},{\"@type\":\"WebSite\",\"@id\":\"https:\/\/shop.diolosa.com\/pl\/#website\",\"url\":\"https:\/\/shop.diolosa.com\/pl\/\",\"name\":\"Claude Diolosa\",\"description\":\"\",\"publisher\":{\"@id\":\"https:\/\/shop.diolosa.com\/pl\/#organization\"},\"potentialAction\":[{\"@type\":\"SearchAction\",\"target\":{\"@type\":\"EntryPoint\",\"urlTemplate\":\"https:\/\/shop.diolosa.com\/pl\/?s={search_term_string}\"},\"query-input\":{\"@type\":\"PropertyValueSpecification\",\"valueRequired\":true,\"valueName\":\"search_term_string\"}}],\"inLanguage\":\"pl-PL\"},{\"@type\":\"Organization\",\"@id\":\"https:\/\/shop.diolosa.com\/pl\/#organization\",\"name\":\"Claude Diolosa\",\"url\":\"https:\/\/shop.diolosa.com\/pl\/\",\"logo\":{\"@type\":\"ImageObject\",\"inLanguage\":\"pl-PL\",\"@id\":\"https:\/\/shop.diolosa.com\/pl\/#\/schema\/logo\/image\/\",\"url\":\"https:\/\/shop.diolosa.com\/wp-content\/uploads\/2019\/08\/diolosa-drop-logo-new.png\",\"contentUrl\":\"https:\/\/shop.diolosa.com\/wp-content\/uploads\/2019\/08\/diolosa-drop-logo-new.png\",\"width\":134,\"height\":176,\"caption\":\"Claude Diolosa\"},\"image\":{\"@id\":\"https:\/\/shop.diolosa.com\/pl\/#\/schema\/logo\/image\/\"},\"sameAs\":[\"https:\/\/facebook.com\/claudediolosa\",\"https:\/\/www.instagram.com\/diolosaclaude108\/\"]}]}<\/script>\n<!-- \/ Yoast SEO plugin. -->","yoast_head_json":{"title":"Popo\u0142udniowa si\u0142a - Claude Diolosa","robots":{"index":"index","follow":"follow","max-snippet":"max-snippet:-1","max-image-preview":"max-image-preview:large","max-video-preview":"max-video-preview:-1"},"canonical":"https:\/\/shop.diolosa.com\/pl\/product\/popoludniowa-sila\/","og_locale":"pl_PL","og_type":"article","og_title":"Popo\u0142udniowa si\u0142a - Claude Diolosa","og_description":"AFTERNOON STRENGTH jest stosowany szczeg\u00f3lnie w przypadku zespo\u0142u WEI i [...]","og_url":"https:\/\/shop.diolosa.com\/pl\/product\/popoludniowa-sila\/","og_site_name":"Claude Diolosa","article_publisher":"https:\/\/facebook.com\/claudediolosa","article_modified_time":"2025-05-31T06:19:39+00:00","og_image":[{"width":800,"height":533,"url":"https:\/\/shop.diolosa.com\/wp-content\/uploads\/2019\/09\/Presslinge-140.jpg","type":"image\/jpeg"}],"twitter_card":"summary_large_image","twitter_misc":{"Szacowany czas czytania":"1 minuta"},"schema":{"@context":"https:\/\/schema.org","@graph":[{"@type":"WebPage","@id":"https:\/\/shop.diolosa.com\/pl\/product\/popoludniowa-sila\/","url":"https:\/\/shop.diolosa.com\/pl\/product\/popoludniowa-sila\/","name":"Popo\u0142udniowa si\u0142a - Claude Diolosa","isPartOf":{"@id":"https:\/\/shop.diolosa.com\/pl\/#website"},"primaryImageOfPage":{"@id":"https:\/\/shop.diolosa.com\/pl\/product\/popoludniowa-sila\/#primaryimage"},"image":{"@id":"https:\/\/shop.diolosa.com\/pl\/product\/popoludniowa-sila\/#primaryimage"},"thumbnailUrl":"https:\/\/shop.diolosa.com\/wp-content\/uploads\/2019\/09\/Presslinge-140.jpg","datePublished":"2025-03-10T05:57:45+00:00","dateModified":"2025-05-31T06:19:39+00:00","breadcrumb":{"@id":"https:\/\/shop.diolosa.com\/pl\/product\/popoludniowa-sila\/#breadcrumb"},"inLanguage":"pl-PL","potentialAction":[{"@type":"ReadAction","target":["https:\/\/shop.diolosa.com\/pl\/product\/popoludniowa-sila\/"]}]},{"@type":"ImageObject","inLanguage":"pl-PL","@id":"https:\/\/shop.diolosa.com\/pl\/product\/popoludniowa-sila\/#primaryimage","url":"https:\/\/shop.diolosa.com\/wp-content\/uploads\/2019\/09\/Presslinge-140.jpg","contentUrl":"https:\/\/shop.diolosa.com\/wp-content\/uploads\/2019\/09\/Presslinge-140.jpg","width":800,"height":533},{"@type":"BreadcrumbList","@id":"https:\/\/shop.diolosa.com\/pl\/product\/popoludniowa-sila\/#breadcrumb","itemListElement":[{"@type":"ListItem","position":1,"name":"Startseite","item":"https:\/\/shop.diolosa.com\/pl\/?page_id=3835710"},{"@type":"ListItem","position":2,"name":"Sklep","item":"https:\/\/shop.diolosa.com\/pl\/?page_id=3835710"},{"@type":"ListItem","position":3,"name":"Popo\u0142udniowa si\u0142a"}]},{"@type":"WebSite","@id":"https:\/\/shop.diolosa.com\/pl\/#website","url":"https:\/\/shop.diolosa.com\/pl\/","name":"Claude Diolosa","description":"","publisher":{"@id":"https:\/\/shop.diolosa.com\/pl\/#organization"},"potentialAction":[{"@type":"SearchAction","target":{"@type":"EntryPoint","urlTemplate":"https:\/\/shop.diolosa.com\/pl\/?s={search_term_string}"},"query-input":{"@type":"PropertyValueSpecification","valueRequired":true,"valueName":"search_term_string"}}],"inLanguage":"pl-PL"},{"@type":"Organization","@id":"https:\/\/shop.diolosa.com\/pl\/#organization","name":"Claude Diolosa","url":"https:\/\/shop.diolosa.com\/pl\/","logo":{"@type":"ImageObject","inLanguage":"pl-PL","@id":"https:\/\/shop.diolosa.com\/pl\/#\/schema\/logo\/image\/","url":"https:\/\/shop.diolosa.com\/wp-content\/uploads\/2019\/08\/diolosa-drop-logo-new.png","contentUrl":"https:\/\/shop.diolosa.com\/wp-content\/uploads\/2019\/08\/diolosa-drop-logo-new.png","width":134,"height":176,"caption":"Claude Diolosa"},"image":{"@id":"https:\/\/shop.diolosa.com\/pl\/#\/schema\/logo\/image\/"},"sameAs":["https:\/\/facebook.com\/claudediolosa","https:\/\/www.instagram.com\/diolosaclaude108\/"]}]}},"_links":{"self":[{"href":"https:\/\/shop.diolosa.com\/pl\/wp-json\/wp\/v2\/product\/3841229","targetHints":{"allow":["GET"]}}],"collection":[{"href":"https:\/\/shop.diolosa.com\/pl\/wp-json\/wp\/v2\/product"}],"about":[{"href":"https:\/\/shop.diolosa.com\/pl\/wp-json\/wp\/v2\/types\/product"}],"wp:featuredmedia":[{"embeddable":true,"href":"https:\/\/shop.diolosa.com\/pl\/wp-json\/wp\/v2\/media\/3835943"}],"wp:attachment":[{"href":"https:\/\/shop.diolosa.com\/pl\/wp-json\/wp\/v2\/media?parent=3841229"}],"wp:term":[{"taxonomy":"product_brand","embeddable":true,"href":"https:\/\/shop.diolosa.com\/pl\/wp-json\/wp\/v2\/product_brand?post=3841229"},{"taxonomy":"product_cat","embeddable":true,"href":"https:\/\/shop.diolosa.com\/pl\/wp-json\/wp\/v2\/product_cat?post=3841229"},{"taxonomy":"product_tag","embeddable":true,"href":"https:\/\/shop.diolosa.com\/pl\/wp-json\/wp\/v2\/product_tag?post=3841229"}],"curies":[{"name":"wp","href":"https:\/\/api.w.org\/{rel}","templated":true}]}}