{"id":3841232,"date":"2019-09-04T12:12:17","date_gmt":"2025-03-10T05:57:46","guid":{"rendered":"https:\/\/shop.diolosa.com\/product\/poranna-sila\/"},"modified":"2025-05-06T15:19:56","modified_gmt":"2025-05-06T14:19:56","slug":"poranna-sila","status":"publish","type":"product","link":"https:\/\/shop.diolosa.com\/pl\/product\/poranna-sila\/","title":{"rendered":"Poranna si\u0142a"},"content":{"rendered":"<p>MORNING STRENGTH jest stosowany w leczeniu stwardnienia rozsianego lub zespo\u0142u WEI. Preparat ten tonizuje \u015bledzion\u0119, usuwa Wilgotne Ciep\u0142o i toksyny z Yang Ming, usuwa Gor\u0105co Krwi, usuwa Zast\u00f3j Krwi, otwiera naczynia LUO i wspomaga chodzenie. MORNING STRENGTH jest stosowany w przypadku stwardnienia rozsianego jako p\u00f3\u017anej konsekwencji choroby zaka\u017anej, zw\u0142aszcza gdy toksyczny patogen zaatakowa\u0142 Yang Ming i XUE FEN (krew).<br \/>\nWszystkie trzy preparaty zespo\u0142u WEI mo\u017cna \u0142\u0105czy\u0107: MORNING STRENGTH rano (godzina Yang Ming), AFTERNOON STRENGTH po po\u0142udniu (godzina Lung Minus) i EVENING STRENGTH wieczorem w celu utrzymania Yin. Leczenie powinno by\u0107 prowadzone przez co najmniej 4 do 7 lat w po\u0142\u0105czeniu z akupunktur\u0105 i Qi Qong.<\/p>\n","protected":false},"excerpt":{"rendered":"<p>MORNING STRENGTH jest stosowany w leczeniu stwardnienia rozsianego lub zespo\u0142u  [&#8230;]<\/p>\n","protected":false},"featured_media":3835943,"template":"","meta":{"_acf_changed":false},"product_brand":[],"product_cat":[11910],"product_tag":[12338],"class_list":{"0":"post-3841232","1":"product","2":"type-product","3":"status-publish","4":"has-post-thumbnail","6":"product_cat-choroby-autoimmunologiczne","7":"product_tag-stwardnienie-rozsiane-yang-ming","9":"first","10":"instock","11":"taxable","12":"shipping-taxable","13":"purchasable","14":"product-type-simple"},"acf":{"yn_product_audio":"https:\/\/shop.diolosa.com\/wp-content\/uploads\/2018\/12\/DL_0386.mp3","yn_product_video":"https:\/\/shop.diolosa.com\/wp-content\/uploads\/2025\/03\/Morning-Strength-.mp4","yn_product_akupunktur":"<p>Tonizuje Lung Yin i wzmacnia PO<br \/>\np\u0119cherz 13 &#8211; fei shu &#8211; bu fa<br \/>\np\u0142uco 8 &#8211; jing qu (jing) &#8211; bu fa<br \/>\np\u0142uco 9 &#8211; tai yuan &#8211; gui xin (shu, yuan, ba hui xue, gui) &#8211; bu fa<br \/>\np\u0142uco 7 &#8211; lie que (luo, ren mai, gao wu, ma da yang) &#8211; bu fa<br \/>\np\u0142uco 6 &#8211; kong zui (xi) &#8211; xie fa<br \/>\np\u0142uco 5 &#8211; chi ze (he) &#8211; bu fa<br \/>\n\u015bledziona 3 &#8211; tai bai (shu, yuan) &#8211; bu fa<br \/>\np\u0119cherz 42 &#8211; po hu (po) &#8211; bu fa<\/p>\n<p>Odprowadzanie ciep\u0142a flegmy<br \/>\n\u017co\u0142\u0105dek 40 &#8211; feng long (luo) &#8211; xie fa<br \/>\n\u017co\u0142\u0105dek 44 &#8211; nei ting (ying) &#8211; xie fa<br \/>\njelito cienkie 3 &#8211; hou xi (shu,du mai) &#8211; xie fa<br \/>\njelito cienkie 7 &#8211; zhi zheng (luo) &#8211; xie fa<br \/>\njelito cienkie 6 &#8211; yang lao (xi) &#8211; xie fa<br \/>\nworeczek \u017c\u00f3\u0142ciowy 37 &#8211; guang ming (luo) &#8211; xie fa<\/p>\n<p>Yang Ming Wy\u0142adowanie Mokro\u015b\u0107 Ciep\u0142o<br \/>\njelito grube 15 &#8211; jian yu (yang qiao mai) &#8211; xie fa<br \/>\njelito grube 6 &#8211; pian li (luo) &#8211; xie fa<br \/>\njelito grube 11 &#8211; qu chi &#8211; gui tui (he &#8211; gui) &#8211; xie fa<br \/>\n\u017co\u0142\u0105dek 40 &#8211; feng long (luo) &#8211; xie fa<br \/>\n\u017co\u0142\u0105dek 25 &#8211; tian shu (mo &#8211; jelito grube) &#8211; xie fa<br \/>\n\u017co\u0142\u0105dek 37 &#8211; shang ju xu (xia he xue &#8211; jelito grube, jezioro krwi, chong mai) &#8211; xie fa<br \/>\n\u017co\u0142\u0105dek 39 &#8211; xia ju xu (xia he xue &#8211; jelito cienkie, jezioro krwi, chong mai) &#8211; xie fa<\/p>\n<p>Uzupe\u0142nienie esencji nerkowej<br \/>\nworeczek \u017c\u00f3\u0142ciowy 39 &#8211; xuan zhong &#8211; jue gu (mark) &#8211; bu fa<br \/>\nnerka 3 &#8211; tai xi (shu,yuan) &#8211; bu fa<br \/>\nnerka 7 &#8211; fu liu (jing) &#8211; bu fa<br \/>\nnerka 6 &#8211; zhao hai (yin qiao mai) &#8211; bu fa<br \/>\np\u0119cherz 23 &#8211; shen shu &#8211; bu fa<\/p>\n<p>Oczy, m\u00f3zg i CNS \u0142agodz\u0105<br \/>\np\u0119cherz 2 &#8211; Zanzhu &#8211; xie fa<br \/>\nworeczek \u017c\u00f3\u0142ciowy-20 \u98a8\u6c60 f\u0113ng ch\u00ed &#8211; xie fa<br \/>\nworeczek \u017c\u00f3\u0142ciowy-19 \u8166\u7a7a n\u01ceo k\u014dng. &#8211; nao kong &#8211; xie fa<br \/>\njelito cienkie-17 \u5929\u5bb9 &#8211; tian rong &#8211; xie fa<br \/>\nba gua si shen cong &#8211; M-HN 1 (8 igie\u0142) &#8211; xie fa <\/p>\n","yn_product_verabreichungsart":"Pelety 140szt.","yn_product_dosierung":"<p>W ramach programu MS-TCM: przyjmowa\u0107 6 do 10 tabletek rano lub 3 x 6 do 10 tabletek dziennie w ci\u0105gu dnia, zawsze przed posi\u0142kami.<\/p>\n","yn_product_combinations":"<p>SI\u0141A PO\u0141UDNIA, SI\u0141A WIECZORU (stwardnienie rozsiane &#8211; zesp\u00f3\u0142 Wei), OTWIERANIE BRAMY (wilgotne ciep\u0142o w Yang Ming), DRZWI NIEBA (trudne ciep\u0142o \u015bluzu), PI\u0118\u0106 SMOK\u00d3W (Luo Mai), SZYBKIE RUCHY BRZUCHA (zast\u00f3j pokarmu)<\/p>\n","yn_product_avoidable":"<p>Sma\u017cone potrawy, t\u0142uste potrawy, mas\u0142o, smalec, wieprzowina, kie\u0142basa, kurczak, jagni\u0119cina, owoce morza, ryby, czosnek, por, cebula, ocet, kiszona kapusta, alkohol.<\/p>\n","yn_product_tcm_mindmapping":"<p>Niedob\u00f3r Qi \u015bledziony > Ciep\u0142o wilgoci UE > Toksyny ciep\u0142a wilgoci Yang Ming > Toksyny ciep\u0142a flegmy krwi > Ciep\u0142o wilgoci i przekrwienie krwi blokuj\u0105 naczynia Luo > Zesp\u00f3\u0142 Wei<\/p>\n","yn_product_tongue_body":"<p>Szeroki, wilgotny i czerwony<\/p>\n","yn_product_tongue_coating":"<p>\u017b\u00f3\u0142tawy, t\u0142usty i lepki w Yang Ming i u nasady j\u0119zyka.<\/p>\n","yn_product_pulse_diagnostics":"<p>Pozycja Yang Ming: da mai &#8211; szeroka, hua mai &#8211; szybuj\u0105ca, shuo mai &#8211; szybka, shi mai &#8211; pe\u0142na<\/p>\n","yn_product_indications":"<p>Ostre stwardnienie rozsiane (zesp\u00f3\u0142 Wei), ospa\u0142o\u015b\u0107 i dr\u0119twienie ko\u0144czyn, trudno\u015bci w chodzeniu, skurcze n\u00f3g, p\u00f3\u017ane skutki niewyleczonej choroby Wen Bing Lun, choroby jelit, czerwonka, biegunka amebowa, nudno\u015bci, wymioty, odbijanie, uczucie pe\u0142no\u015bci w nadbrzuszu, p\u00f3\u017ane skutki szczepie\u0144.<\/p>\n","yn_product_contra_indications":"<p>Niedob\u00f3r Yang, wilgo\u0107 i przezi\u0119bienie \u015bluzu<\/p>\n","yn_product_pregnancy":"<p>Dozwolone<\/p>\n","yn_product_herbs":"<p>coicis semen &#8211; yi yi ren, sclerotium poriae cocos &#8211; fu ling, dolichoris lablab semen &#8211; bai bian dou, dioscorea hypoglaucae rhizoma &#8211; bi xie, chaoenomelis fructus &#8211; mu gua, achyranthis radix &#8211; huai niu xi, moutan cortex &#8211; mu dan pi, phellodendri cortex &#8211; huang bai<\/p>\n","yn_product_magisterrecipes":"<p>Si Miao San, Wen Dan Tang, Dao Qi Tang, San Miao Hong Teng Tang, Huang Lian Wen Dan TanDao Dan Tang<\/p>\n"},"yoast_head":"<!-- This site is optimized with the Yoast SEO plugin v24.9 - https:\/\/yoast.com\/wordpress\/plugins\/seo\/ -->\n<title>Poranna si\u0142a - Claude Diolosa<\/title>\n<meta name=\"robots\" content=\"index, follow, max-snippet:-1, max-image-preview:large, max-video-preview:-1\" \/>\n<link rel=\"canonical\" href=\"https:\/\/shop.diolosa.com\/pl\/product\/poranna-sila\/\" \/>\n<meta property=\"og:locale\" content=\"pl_PL\" \/>\n<meta property=\"og:type\" content=\"article\" \/>\n<meta property=\"og:title\" content=\"Poranna si\u0142a - Claude Diolosa\" \/>\n<meta property=\"og:description\" content=\"MORNING STRENGTH jest stosowany w leczeniu stwardnienia rozsianego lub zespo\u0142u [...]\" \/>\n<meta property=\"og:url\" content=\"https:\/\/shop.diolosa.com\/pl\/product\/poranna-sila\/\" \/>\n<meta property=\"og:site_name\" content=\"Claude Diolosa\" \/>\n<meta property=\"article:publisher\" content=\"https:\/\/facebook.com\/claudediolosa\" \/>\n<meta property=\"article:modified_time\" content=\"2025-05-06T14:19:56+00:00\" \/>\n<meta property=\"og:image\" content=\"https:\/\/shop.diolosa.com\/wp-content\/uploads\/2019\/09\/Presslinge-140.jpg\" \/>\n\t<meta property=\"og:image:width\" content=\"800\" \/>\n\t<meta property=\"og:image:height\" content=\"533\" \/>\n\t<meta property=\"og:image:type\" content=\"image\/jpeg\" \/>\n<meta name=\"twitter:card\" content=\"summary_large_image\" \/>\n<meta name=\"twitter:label1\" content=\"Szacowany czas czytania\" \/>\n\t<meta name=\"twitter:data1\" content=\"1 minuta\" \/>\n<script type=\"application\/ld+json\" class=\"yoast-schema-graph\">{\"@context\":\"https:\/\/schema.org\",\"@graph\":[{\"@type\":\"WebPage\",\"@id\":\"https:\/\/shop.diolosa.com\/pl\/product\/poranna-sila\/\",\"url\":\"https:\/\/shop.diolosa.com\/pl\/product\/poranna-sila\/\",\"name\":\"Poranna si\u0142a - Claude Diolosa\",\"isPartOf\":{\"@id\":\"https:\/\/shop.diolosa.com\/pl\/#website\"},\"primaryImageOfPage\":{\"@id\":\"https:\/\/shop.diolosa.com\/pl\/product\/poranna-sila\/#primaryimage\"},\"image\":{\"@id\":\"https:\/\/shop.diolosa.com\/pl\/product\/poranna-sila\/#primaryimage\"},\"thumbnailUrl\":\"https:\/\/shop.diolosa.com\/wp-content\/uploads\/2019\/09\/Presslinge-140.jpg\",\"datePublished\":\"2025-03-10T05:57:46+00:00\",\"dateModified\":\"2025-05-06T14:19:56+00:00\",\"breadcrumb\":{\"@id\":\"https:\/\/shop.diolosa.com\/pl\/product\/poranna-sila\/#breadcrumb\"},\"inLanguage\":\"pl-PL\",\"potentialAction\":[{\"@type\":\"ReadAction\",\"target\":[\"https:\/\/shop.diolosa.com\/pl\/product\/poranna-sila\/\"]}]},{\"@type\":\"ImageObject\",\"inLanguage\":\"pl-PL\",\"@id\":\"https:\/\/shop.diolosa.com\/pl\/product\/poranna-sila\/#primaryimage\",\"url\":\"https:\/\/shop.diolosa.com\/wp-content\/uploads\/2019\/09\/Presslinge-140.jpg\",\"contentUrl\":\"https:\/\/shop.diolosa.com\/wp-content\/uploads\/2019\/09\/Presslinge-140.jpg\",\"width\":800,\"height\":533},{\"@type\":\"BreadcrumbList\",\"@id\":\"https:\/\/shop.diolosa.com\/pl\/product\/poranna-sila\/#breadcrumb\",\"itemListElement\":[{\"@type\":\"ListItem\",\"position\":1,\"name\":\"Startseite\",\"item\":\"https:\/\/shop.diolosa.com\/pl\/?page_id=3835710\"},{\"@type\":\"ListItem\",\"position\":2,\"name\":\"Sklep\",\"item\":\"https:\/\/shop.diolosa.com\/pl\/?page_id=3835710\"},{\"@type\":\"ListItem\",\"position\":3,\"name\":\"Poranna si\u0142a\"}]},{\"@type\":\"WebSite\",\"@id\":\"https:\/\/shop.diolosa.com\/pl\/#website\",\"url\":\"https:\/\/shop.diolosa.com\/pl\/\",\"name\":\"Claude Diolosa\",\"description\":\"\",\"publisher\":{\"@id\":\"https:\/\/shop.diolosa.com\/pl\/#organization\"},\"potentialAction\":[{\"@type\":\"SearchAction\",\"target\":{\"@type\":\"EntryPoint\",\"urlTemplate\":\"https:\/\/shop.diolosa.com\/pl\/?s={search_term_string}\"},\"query-input\":{\"@type\":\"PropertyValueSpecification\",\"valueRequired\":true,\"valueName\":\"search_term_string\"}}],\"inLanguage\":\"pl-PL\"},{\"@type\":\"Organization\",\"@id\":\"https:\/\/shop.diolosa.com\/pl\/#organization\",\"name\":\"Claude Diolosa\",\"url\":\"https:\/\/shop.diolosa.com\/pl\/\",\"logo\":{\"@type\":\"ImageObject\",\"inLanguage\":\"pl-PL\",\"@id\":\"https:\/\/shop.diolosa.com\/pl\/#\/schema\/logo\/image\/\",\"url\":\"https:\/\/shop.diolosa.com\/wp-content\/uploads\/2019\/08\/diolosa-drop-logo-new.png\",\"contentUrl\":\"https:\/\/shop.diolosa.com\/wp-content\/uploads\/2019\/08\/diolosa-drop-logo-new.png\",\"width\":134,\"height\":176,\"caption\":\"Claude Diolosa\"},\"image\":{\"@id\":\"https:\/\/shop.diolosa.com\/pl\/#\/schema\/logo\/image\/\"},\"sameAs\":[\"https:\/\/facebook.com\/claudediolosa\",\"https:\/\/www.instagram.com\/diolosaclaude108\/\"]}]}<\/script>\n<!-- \/ Yoast SEO plugin. -->","yoast_head_json":{"title":"Poranna si\u0142a - Claude Diolosa","robots":{"index":"index","follow":"follow","max-snippet":"max-snippet:-1","max-image-preview":"max-image-preview:large","max-video-preview":"max-video-preview:-1"},"canonical":"https:\/\/shop.diolosa.com\/pl\/product\/poranna-sila\/","og_locale":"pl_PL","og_type":"article","og_title":"Poranna si\u0142a - Claude Diolosa","og_description":"MORNING STRENGTH jest stosowany w leczeniu stwardnienia rozsianego lub zespo\u0142u [...]","og_url":"https:\/\/shop.diolosa.com\/pl\/product\/poranna-sila\/","og_site_name":"Claude Diolosa","article_publisher":"https:\/\/facebook.com\/claudediolosa","article_modified_time":"2025-05-06T14:19:56+00:00","og_image":[{"width":800,"height":533,"url":"https:\/\/shop.diolosa.com\/wp-content\/uploads\/2019\/09\/Presslinge-140.jpg","type":"image\/jpeg"}],"twitter_card":"summary_large_image","twitter_misc":{"Szacowany czas czytania":"1 minuta"},"schema":{"@context":"https:\/\/schema.org","@graph":[{"@type":"WebPage","@id":"https:\/\/shop.diolosa.com\/pl\/product\/poranna-sila\/","url":"https:\/\/shop.diolosa.com\/pl\/product\/poranna-sila\/","name":"Poranna si\u0142a - Claude Diolosa","isPartOf":{"@id":"https:\/\/shop.diolosa.com\/pl\/#website"},"primaryImageOfPage":{"@id":"https:\/\/shop.diolosa.com\/pl\/product\/poranna-sila\/#primaryimage"},"image":{"@id":"https:\/\/shop.diolosa.com\/pl\/product\/poranna-sila\/#primaryimage"},"thumbnailUrl":"https:\/\/shop.diolosa.com\/wp-content\/uploads\/2019\/09\/Presslinge-140.jpg","datePublished":"2025-03-10T05:57:46+00:00","dateModified":"2025-05-06T14:19:56+00:00","breadcrumb":{"@id":"https:\/\/shop.diolosa.com\/pl\/product\/poranna-sila\/#breadcrumb"},"inLanguage":"pl-PL","potentialAction":[{"@type":"ReadAction","target":["https:\/\/shop.diolosa.com\/pl\/product\/poranna-sila\/"]}]},{"@type":"ImageObject","inLanguage":"pl-PL","@id":"https:\/\/shop.diolosa.com\/pl\/product\/poranna-sila\/#primaryimage","url":"https:\/\/shop.diolosa.com\/wp-content\/uploads\/2019\/09\/Presslinge-140.jpg","contentUrl":"https:\/\/shop.diolosa.com\/wp-content\/uploads\/2019\/09\/Presslinge-140.jpg","width":800,"height":533},{"@type":"BreadcrumbList","@id":"https:\/\/shop.diolosa.com\/pl\/product\/poranna-sila\/#breadcrumb","itemListElement":[{"@type":"ListItem","position":1,"name":"Startseite","item":"https:\/\/shop.diolosa.com\/pl\/?page_id=3835710"},{"@type":"ListItem","position":2,"name":"Sklep","item":"https:\/\/shop.diolosa.com\/pl\/?page_id=3835710"},{"@type":"ListItem","position":3,"name":"Poranna si\u0142a"}]},{"@type":"WebSite","@id":"https:\/\/shop.diolosa.com\/pl\/#website","url":"https:\/\/shop.diolosa.com\/pl\/","name":"Claude Diolosa","description":"","publisher":{"@id":"https:\/\/shop.diolosa.com\/pl\/#organization"},"potentialAction":[{"@type":"SearchAction","target":{"@type":"EntryPoint","urlTemplate":"https:\/\/shop.diolosa.com\/pl\/?s={search_term_string}"},"query-input":{"@type":"PropertyValueSpecification","valueRequired":true,"valueName":"search_term_string"}}],"inLanguage":"pl-PL"},{"@type":"Organization","@id":"https:\/\/shop.diolosa.com\/pl\/#organization","name":"Claude Diolosa","url":"https:\/\/shop.diolosa.com\/pl\/","logo":{"@type":"ImageObject","inLanguage":"pl-PL","@id":"https:\/\/shop.diolosa.com\/pl\/#\/schema\/logo\/image\/","url":"https:\/\/shop.diolosa.com\/wp-content\/uploads\/2019\/08\/diolosa-drop-logo-new.png","contentUrl":"https:\/\/shop.diolosa.com\/wp-content\/uploads\/2019\/08\/diolosa-drop-logo-new.png","width":134,"height":176,"caption":"Claude Diolosa"},"image":{"@id":"https:\/\/shop.diolosa.com\/pl\/#\/schema\/logo\/image\/"},"sameAs":["https:\/\/facebook.com\/claudediolosa","https:\/\/www.instagram.com\/diolosaclaude108\/"]}]}},"_links":{"self":[{"href":"https:\/\/shop.diolosa.com\/pl\/wp-json\/wp\/v2\/product\/3841232","targetHints":{"allow":["GET"]}}],"collection":[{"href":"https:\/\/shop.diolosa.com\/pl\/wp-json\/wp\/v2\/product"}],"about":[{"href":"https:\/\/shop.diolosa.com\/pl\/wp-json\/wp\/v2\/types\/product"}],"wp:featuredmedia":[{"embeddable":true,"href":"https:\/\/shop.diolosa.com\/pl\/wp-json\/wp\/v2\/media\/3835943"}],"wp:attachment":[{"href":"https:\/\/shop.diolosa.com\/pl\/wp-json\/wp\/v2\/media?parent=3841232"}],"wp:term":[{"taxonomy":"product_brand","embeddable":true,"href":"https:\/\/shop.diolosa.com\/pl\/wp-json\/wp\/v2\/product_brand?post=3841232"},{"taxonomy":"product_cat","embeddable":true,"href":"https:\/\/shop.diolosa.com\/pl\/wp-json\/wp\/v2\/product_cat?post=3841232"},{"taxonomy":"product_tag","embeddable":true,"href":"https:\/\/shop.diolosa.com\/pl\/wp-json\/wp\/v2\/product_tag?post=3841232"}],"curies":[{"name":"wp","href":"https:\/\/api.w.org\/{rel}","templated":true}]}}