{"id":3841239,"date":"2019-09-04T12:11:44","date_gmt":"2025-03-10T05:57:50","guid":{"rendered":"https:\/\/shop.diolosa.com\/product\/spokojna-ulga\/"},"modified":"2025-05-06T15:19:10","modified_gmt":"2025-05-06T14:19:10","slug":"spokojna-ulga","status":"publish","type":"product","link":"https:\/\/shop.diolosa.com\/pl\/product\/spokojna-ulga\/","title":{"rendered":"Spokojna ulga"},"content":{"rendered":"<p>CALM RELIEF jest stosowany w leczeniu nadci\u015bnienia p\u0119cherzyka \u017c\u00f3\u0142ciowego i w\u0105troby. Preparat ten obni\u017ca Yang w\u0105troby, odgumowuje p\u0119cherzyk \u017c\u00f3\u0142ciowy, stymuluje wch\u0142anianie, obni\u017ca Shao Yang i Yang Ming Qi, zapobiega stagnacji pokarmu, usuwa ciep\u0142o krwi, rozwi\u0105zuje zast\u00f3j krwi, uspokaja Shen i od\u017cywia Yin bez tworzenia zastoju.<\/p>\n","protected":false},"excerpt":{"rendered":"<p>CALM RELIEF jest stosowany w leczeniu nadci\u015bnienia p\u0119cherzyka \u017c\u00f3\u0142ciowego i  [&#8230;]<\/p>\n","protected":false},"featured_media":3835943,"template":"","meta":{"_acf_changed":false},"product_brand":[],"product_cat":[11834],"product_tag":[12342],"class_list":{"0":"post-3841239","1":"product","2":"type-product","3":"status-publish","4":"has-post-thumbnail","6":"product_cat-neurologia","7":"product_tag-nadcisnienie-tetnicze","9":"first","10":"instock","11":"taxable","12":"shipping-taxable","13":"purchasable","14":"product-type-simple"},"acf":{"yn_product_audio":"https:\/\/shop.diolosa.com\/wp-content\/uploads\/2018\/12\/DL_0323.mp3","yn_product_video":"https:\/\/shop.diolosa.com\/wp-content\/uploads\/2019\/09\/Calm-Relief-.mp4","yn_product_akupunktur":"<p>obni\u017cenie yang<br \/>\ndu mai 20 &#8211; bai hui &#8211; bai lao (jezioro szpiku kostnego, p\u0119cherz moczowy) &#8211; xie fa<br \/>\nsi shen cong &#8211; M-HN-1 (m\u00f3zg,cns) &#8211; xie fa<br \/>\nba gua si shen cong &#8211; M-HN 1 (8 igie\u0142) &#8211; xie fa<br \/>\ntai yang &#8211; M-HN-9 &#8211; xie fa<br \/>\nyin tang &#8211; M-HN-3 &#8211; xie fa<br \/>\nworeczek \u017c\u00f3\u0142ciowy 20 &#8211; feng chi (san chiao, yang wei mai) &#8211; xie fa<br \/>\njelito cienkie 19 &#8211; ting gong (woreczek \u017c\u00f3\u0142ciowy, san chiao) &#8211; xie fa<br \/>\nanmian &#8211; N-HN-54 (shen, m\u00f3zg) &#8211; xie fa  <\/p>\n<p>Odleg\u0142e punkty g\u0142owy i twarzy<br \/>\njelito grube 4 &#8211; he gu (yuan) &#8211; xie fa<br \/>\njelito grube 11 &#8211; qu chi (he &#8211; gui) &#8211; xie fa<\/p>\n<p>Woreczek \u017c\u00f3\u0142ciowy Rozpuszczanie flegmy i zastoj\u00f3w krwi oraz obni\u017canie qi<br \/>\nworeczek \u017c\u00f3\u0142ciowy 34 &#8211; yang ling quan (he, xia he xue, gui) &#8211; xie fa<br \/>\nworeczek \u017c\u00f3\u0142ciowy 40 &#8211; qiu xu (yuan) &#8211; xie fa<br \/>\nworeczek \u017c\u00f3\u0142ciowy 37 &#8211; guang ming (luo) &#8211; xie fa<br \/>\nworeczek \u017c\u00f3\u0142ciowy 41 &#8211; zu lin qi (dai mai, shu) &#8211; xie fa  <\/p>\n<p>Shen spokojny i czysty<br \/>\n\u017co\u0142\u0105dek 40 &#8211; feng long (luo) &#8211; xie fa<br \/>\n\u017co\u0142\u0105dek 44 &#8211; nei ting (ying) &#8211; xie fa<br \/>\nkr\u0105\u017cenie 5 &#8211; jian shi (jing) &#8211; xie fa<br \/>\nkr\u0105\u017cenie 6 &#8211; nei guan (luo, yin wei mai) &#8211; xie fa  <\/p>\n<p>Uzupe\u0142nienie yin w nerkach<br \/>\nnerka 3 &#8211; tai xi (shu, yuan) &#8211; bu fa<br \/>\nnerka 7 &#8211; fu liu (jing) &#8211; bu fa<\/p>\n<p>R\u00f3wnowa\u017cenie niezwyk\u0142ych naczy\u0144<br \/>\nsan chiao 5 &#8211; wai guan (yang wei mai, luo) &#8211; xie fa<br \/>\njelito cienkie 3 &#8211; hou xi (shu, du mai) &#8211; xie fa<br \/>\np\u0119cherz 62 &#8211; shen mai &#8211; gui lu (yang qiao mai) &#8211; xie fa<br \/>\nnerka 6 &#8211; zhao hai (yin qiao mai) &#8211; bu fa<\/p>\n","yn_product_verabreichungsart":"Pelety 140szt.","yn_product_dosierung":"<p>Jednorazowo 6-10 granulek rano przed \u015bniadaniem lub 3 x 6-10 granulek dziennie, zawsze przed posi\u0142kami.<\/p>\n","yn_product_combinations":"<p>PEACEFUL GENERAL (cholesterol), BURNOUT RELIEF (zesp\u00f3\u0142 wypalenia zawodowego), HEAVEN&#8217;S DOOR (uci\u0105\u017cliwe ciep\u0142o \u015bluzu), HEAVENLY STREAMS (mokre ciep\u0142o w Jue Yin), CALM HEAVEN (b\u00f3l g\u0142owy Shao Yang), FIVE DRAGONS (Luo Mai), FIVE QUEENS (przekrwienie krwi)<\/p>\n","yn_product_avoidable":"<p>Alkohol, ostre przyprawy, pieprz, kawa, owoce morza, czosnek, cebula, szalotka, szczypiorek, koperek, por, ocet, wieprzowina, kie\u0142basa, szynka, boczek, margaryna, dr\u00f3b, jagni\u0119cina<\/p>\n","yn_product_tcm_mindmapping":"<p>Zast\u00f3j Qi p\u0119cherzyka \u017c\u00f3\u0142ciowego > Ciep\u0142o flegmy > Buntownicza Qi p\u0119cherzyka \u017c\u00f3\u0142ciowego > Feng Tan i zast\u00f3j krwi w okolicy g\u0142owy > Niedob\u00f3r Yin nerek > Puste ciep\u0142o > Ciep\u0142o krwi<\/p>\n","yn_product_tongue_body":"<p>Pot\u0119\u017cny, d\u0142ugi, gruby, czerwony i czasami pop\u0119kany w Shao Yin<\/p>\n","yn_product_tongue_coating":"<p>\u017b\u00f3\u0142tawy, t\u0142usty, lepki, szczeg\u00f3lnie w UE lub w paskach<\/p>\n","yn_product_pulse_diagnostics":"<p>Pozycja nerek &#8211; dolna cieplejsza: chang mai &#8211; d\u0142uga, chen mai &#8211; g\u0142\u0119boka, hua mai &#8211; szybuj\u0105ca, shi mai &#8211; pe\u0142na, shuo mai &#8211; szybka lub lao mai &#8211; sta\u0142a<br \/>\nPozycja p\u0119cherzyka \u017c\u00f3\u0142ciowego: xian mai &#8211; napi\u0119ta, hua mai &#8211; szybuj\u0105ca, shi mai &#8211; pe\u0142na, shuo mai &#8211; szybka<\/p>\n","yn_product_indications":"<p>Stres, nadci\u015bnienie, boczne b\u00f3le g\u0142owy, zawroty g\u0142owy, gorzki smak w ustach, trudno\u015bci z zasypianiem w nocy, zapalenie spoj\u00f3wek, dr\u0119twienie ko\u0144czyn.<\/p>\n","yn_product_contra_indications":"<p>Niedob\u00f3r Yang, wilgo\u0107 i przezi\u0119bienie flegmy<\/p>\n","yn_product_pregnancy":"<p>Dozwolone<\/p>\n","yn_product_herbs":"<p>uncariae ramulus &#8211; gou teng, chrysanthemum flos &#8211; ju hua, cassiae torae semen &#8211; jue ming zi, crataegus fructus &#8211; shan zha, salviae radix &#8211; dan shen, ligustri fructus &#8211; niu zhen zi, achyranthis radix &#8211; huai niu xi, loranthi ramulus &#8211; sang ji sheng, moutan cortex &#8211; mu dan pi<\/p>\n","yn_product_magisterrecipes":"<p>Tian Ma Gou Teng Yin<\/p>\n"},"yoast_head":"<!-- This site is optimized with the Yoast SEO plugin v24.9 - https:\/\/yoast.com\/wordpress\/plugins\/seo\/ -->\n<title>Spokojna ulga - Claude Diolosa<\/title>\n<meta name=\"robots\" content=\"index, follow, max-snippet:-1, max-image-preview:large, max-video-preview:-1\" \/>\n<link rel=\"canonical\" href=\"https:\/\/shop.diolosa.com\/pl\/product\/spokojna-ulga\/\" \/>\n<meta property=\"og:locale\" content=\"pl_PL\" \/>\n<meta property=\"og:type\" content=\"article\" \/>\n<meta property=\"og:title\" content=\"Spokojna ulga - Claude Diolosa\" \/>\n<meta property=\"og:description\" content=\"CALM RELIEF jest stosowany w leczeniu nadci\u015bnienia p\u0119cherzyka \u017c\u00f3\u0142ciowego i [...]\" \/>\n<meta property=\"og:url\" content=\"https:\/\/shop.diolosa.com\/pl\/product\/spokojna-ulga\/\" \/>\n<meta property=\"og:site_name\" content=\"Claude Diolosa\" \/>\n<meta property=\"article:publisher\" content=\"https:\/\/facebook.com\/claudediolosa\" \/>\n<meta property=\"article:modified_time\" content=\"2025-05-06T14:19:10+00:00\" \/>\n<meta property=\"og:image\" content=\"https:\/\/shop.diolosa.com\/wp-content\/uploads\/2019\/09\/Presslinge-140.jpg\" \/>\n\t<meta property=\"og:image:width\" content=\"800\" \/>\n\t<meta property=\"og:image:height\" content=\"533\" \/>\n\t<meta property=\"og:image:type\" content=\"image\/jpeg\" \/>\n<meta name=\"twitter:card\" content=\"summary_large_image\" \/>\n<script type=\"application\/ld+json\" class=\"yoast-schema-graph\">{\"@context\":\"https:\/\/schema.org\",\"@graph\":[{\"@type\":\"WebPage\",\"@id\":\"https:\/\/shop.diolosa.com\/pl\/product\/spokojna-ulga\/\",\"url\":\"https:\/\/shop.diolosa.com\/pl\/product\/spokojna-ulga\/\",\"name\":\"Spokojna ulga - Claude Diolosa\",\"isPartOf\":{\"@id\":\"https:\/\/shop.diolosa.com\/pl\/#website\"},\"primaryImageOfPage\":{\"@id\":\"https:\/\/shop.diolosa.com\/pl\/product\/spokojna-ulga\/#primaryimage\"},\"image\":{\"@id\":\"https:\/\/shop.diolosa.com\/pl\/product\/spokojna-ulga\/#primaryimage\"},\"thumbnailUrl\":\"https:\/\/shop.diolosa.com\/wp-content\/uploads\/2019\/09\/Presslinge-140.jpg\",\"datePublished\":\"2025-03-10T05:57:50+00:00\",\"dateModified\":\"2025-05-06T14:19:10+00:00\",\"breadcrumb\":{\"@id\":\"https:\/\/shop.diolosa.com\/pl\/product\/spokojna-ulga\/#breadcrumb\"},\"inLanguage\":\"pl-PL\",\"potentialAction\":[{\"@type\":\"ReadAction\",\"target\":[\"https:\/\/shop.diolosa.com\/pl\/product\/spokojna-ulga\/\"]}]},{\"@type\":\"ImageObject\",\"inLanguage\":\"pl-PL\",\"@id\":\"https:\/\/shop.diolosa.com\/pl\/product\/spokojna-ulga\/#primaryimage\",\"url\":\"https:\/\/shop.diolosa.com\/wp-content\/uploads\/2019\/09\/Presslinge-140.jpg\",\"contentUrl\":\"https:\/\/shop.diolosa.com\/wp-content\/uploads\/2019\/09\/Presslinge-140.jpg\",\"width\":800,\"height\":533},{\"@type\":\"BreadcrumbList\",\"@id\":\"https:\/\/shop.diolosa.com\/pl\/product\/spokojna-ulga\/#breadcrumb\",\"itemListElement\":[{\"@type\":\"ListItem\",\"position\":1,\"name\":\"Startseite\",\"item\":\"https:\/\/shop.diolosa.com\/pl\/?page_id=3835710\"},{\"@type\":\"ListItem\",\"position\":2,\"name\":\"Sklep\",\"item\":\"https:\/\/shop.diolosa.com\/pl\/?page_id=3835710\"},{\"@type\":\"ListItem\",\"position\":3,\"name\":\"Spokojna ulga\"}]},{\"@type\":\"WebSite\",\"@id\":\"https:\/\/shop.diolosa.com\/pl\/#website\",\"url\":\"https:\/\/shop.diolosa.com\/pl\/\",\"name\":\"Claude Diolosa\",\"description\":\"\",\"publisher\":{\"@id\":\"https:\/\/shop.diolosa.com\/pl\/#organization\"},\"potentialAction\":[{\"@type\":\"SearchAction\",\"target\":{\"@type\":\"EntryPoint\",\"urlTemplate\":\"https:\/\/shop.diolosa.com\/pl\/?s={search_term_string}\"},\"query-input\":{\"@type\":\"PropertyValueSpecification\",\"valueRequired\":true,\"valueName\":\"search_term_string\"}}],\"inLanguage\":\"pl-PL\"},{\"@type\":\"Organization\",\"@id\":\"https:\/\/shop.diolosa.com\/pl\/#organization\",\"name\":\"Claude Diolosa\",\"url\":\"https:\/\/shop.diolosa.com\/pl\/\",\"logo\":{\"@type\":\"ImageObject\",\"inLanguage\":\"pl-PL\",\"@id\":\"https:\/\/shop.diolosa.com\/pl\/#\/schema\/logo\/image\/\",\"url\":\"https:\/\/shop.diolosa.com\/wp-content\/uploads\/2019\/08\/diolosa-drop-logo-new.png\",\"contentUrl\":\"https:\/\/shop.diolosa.com\/wp-content\/uploads\/2019\/08\/diolosa-drop-logo-new.png\",\"width\":134,\"height\":176,\"caption\":\"Claude Diolosa\"},\"image\":{\"@id\":\"https:\/\/shop.diolosa.com\/pl\/#\/schema\/logo\/image\/\"},\"sameAs\":[\"https:\/\/facebook.com\/claudediolosa\",\"https:\/\/www.instagram.com\/diolosaclaude108\/\"]}]}<\/script>\n<!-- \/ Yoast SEO plugin. -->","yoast_head_json":{"title":"Spokojna ulga - Claude Diolosa","robots":{"index":"index","follow":"follow","max-snippet":"max-snippet:-1","max-image-preview":"max-image-preview:large","max-video-preview":"max-video-preview:-1"},"canonical":"https:\/\/shop.diolosa.com\/pl\/product\/spokojna-ulga\/","og_locale":"pl_PL","og_type":"article","og_title":"Spokojna ulga - Claude Diolosa","og_description":"CALM RELIEF jest stosowany w leczeniu nadci\u015bnienia p\u0119cherzyka \u017c\u00f3\u0142ciowego i [...]","og_url":"https:\/\/shop.diolosa.com\/pl\/product\/spokojna-ulga\/","og_site_name":"Claude Diolosa","article_publisher":"https:\/\/facebook.com\/claudediolosa","article_modified_time":"2025-05-06T14:19:10+00:00","og_image":[{"width":800,"height":533,"url":"https:\/\/shop.diolosa.com\/wp-content\/uploads\/2019\/09\/Presslinge-140.jpg","type":"image\/jpeg"}],"twitter_card":"summary_large_image","schema":{"@context":"https:\/\/schema.org","@graph":[{"@type":"WebPage","@id":"https:\/\/shop.diolosa.com\/pl\/product\/spokojna-ulga\/","url":"https:\/\/shop.diolosa.com\/pl\/product\/spokojna-ulga\/","name":"Spokojna ulga - Claude Diolosa","isPartOf":{"@id":"https:\/\/shop.diolosa.com\/pl\/#website"},"primaryImageOfPage":{"@id":"https:\/\/shop.diolosa.com\/pl\/product\/spokojna-ulga\/#primaryimage"},"image":{"@id":"https:\/\/shop.diolosa.com\/pl\/product\/spokojna-ulga\/#primaryimage"},"thumbnailUrl":"https:\/\/shop.diolosa.com\/wp-content\/uploads\/2019\/09\/Presslinge-140.jpg","datePublished":"2025-03-10T05:57:50+00:00","dateModified":"2025-05-06T14:19:10+00:00","breadcrumb":{"@id":"https:\/\/shop.diolosa.com\/pl\/product\/spokojna-ulga\/#breadcrumb"},"inLanguage":"pl-PL","potentialAction":[{"@type":"ReadAction","target":["https:\/\/shop.diolosa.com\/pl\/product\/spokojna-ulga\/"]}]},{"@type":"ImageObject","inLanguage":"pl-PL","@id":"https:\/\/shop.diolosa.com\/pl\/product\/spokojna-ulga\/#primaryimage","url":"https:\/\/shop.diolosa.com\/wp-content\/uploads\/2019\/09\/Presslinge-140.jpg","contentUrl":"https:\/\/shop.diolosa.com\/wp-content\/uploads\/2019\/09\/Presslinge-140.jpg","width":800,"height":533},{"@type":"BreadcrumbList","@id":"https:\/\/shop.diolosa.com\/pl\/product\/spokojna-ulga\/#breadcrumb","itemListElement":[{"@type":"ListItem","position":1,"name":"Startseite","item":"https:\/\/shop.diolosa.com\/pl\/?page_id=3835710"},{"@type":"ListItem","position":2,"name":"Sklep","item":"https:\/\/shop.diolosa.com\/pl\/?page_id=3835710"},{"@type":"ListItem","position":3,"name":"Spokojna ulga"}]},{"@type":"WebSite","@id":"https:\/\/shop.diolosa.com\/pl\/#website","url":"https:\/\/shop.diolosa.com\/pl\/","name":"Claude Diolosa","description":"","publisher":{"@id":"https:\/\/shop.diolosa.com\/pl\/#organization"},"potentialAction":[{"@type":"SearchAction","target":{"@type":"EntryPoint","urlTemplate":"https:\/\/shop.diolosa.com\/pl\/?s={search_term_string}"},"query-input":{"@type":"PropertyValueSpecification","valueRequired":true,"valueName":"search_term_string"}}],"inLanguage":"pl-PL"},{"@type":"Organization","@id":"https:\/\/shop.diolosa.com\/pl\/#organization","name":"Claude Diolosa","url":"https:\/\/shop.diolosa.com\/pl\/","logo":{"@type":"ImageObject","inLanguage":"pl-PL","@id":"https:\/\/shop.diolosa.com\/pl\/#\/schema\/logo\/image\/","url":"https:\/\/shop.diolosa.com\/wp-content\/uploads\/2019\/08\/diolosa-drop-logo-new.png","contentUrl":"https:\/\/shop.diolosa.com\/wp-content\/uploads\/2019\/08\/diolosa-drop-logo-new.png","width":134,"height":176,"caption":"Claude Diolosa"},"image":{"@id":"https:\/\/shop.diolosa.com\/pl\/#\/schema\/logo\/image\/"},"sameAs":["https:\/\/facebook.com\/claudediolosa","https:\/\/www.instagram.com\/diolosaclaude108\/"]}]}},"_links":{"self":[{"href":"https:\/\/shop.diolosa.com\/pl\/wp-json\/wp\/v2\/product\/3841239","targetHints":{"allow":["GET"]}}],"collection":[{"href":"https:\/\/shop.diolosa.com\/pl\/wp-json\/wp\/v2\/product"}],"about":[{"href":"https:\/\/shop.diolosa.com\/pl\/wp-json\/wp\/v2\/types\/product"}],"wp:featuredmedia":[{"embeddable":true,"href":"https:\/\/shop.diolosa.com\/pl\/wp-json\/wp\/v2\/media\/3835943"}],"wp:attachment":[{"href":"https:\/\/shop.diolosa.com\/pl\/wp-json\/wp\/v2\/media?parent=3841239"}],"wp:term":[{"taxonomy":"product_brand","embeddable":true,"href":"https:\/\/shop.diolosa.com\/pl\/wp-json\/wp\/v2\/product_brand?post=3841239"},{"taxonomy":"product_cat","embeddable":true,"href":"https:\/\/shop.diolosa.com\/pl\/wp-json\/wp\/v2\/product_cat?post=3841239"},{"taxonomy":"product_tag","embeddable":true,"href":"https:\/\/shop.diolosa.com\/pl\/wp-json\/wp\/v2\/product_tag?post=3841239"}],"curies":[{"name":"wp","href":"https:\/\/api.w.org\/{rel}","templated":true}]}}