{"id":3841243,"date":"2019-09-04T12:11:44","date_gmt":"2025-03-10T05:57:51","guid":{"rendered":"https:\/\/shop.diolosa.com\/product\/odzyskiwanie-sily\/"},"modified":"2025-05-06T14:55:31","modified_gmt":"2025-05-06T13:55:31","slug":"odzyskiwanie-sily","status":"publish","type":"product","link":"https:\/\/shop.diolosa.com\/pl\/product\/odzyskiwanie-sily\/","title":{"rendered":"Odzyskiwanie si\u0142y"},"content":{"rendered":"<p>RECOVERING STRENGTH jest stosowany w przypadku p\u00f3\u017anych skutk\u00f3w udaru (Zhong Feng) z parali\u017cem i zaburzeniami mowy. Preparat ten odgumowuje naczynia LUO Yang Ming i Shao Yang, porusza krew, otwiera narz\u0105dy zmys\u0142\u00f3w i osiem subtelnych kana\u0142\u00f3w serca oraz stymuluje przyjmowanie pokarmu. Pacjent powinien r\u00f3wnie\u017c codziennie poddawa\u0107 si\u0119 akupunkturze, a p\u00f3\u017aniej \u0107wiczy\u0107 Qi Qong. Regularny masa\u017c preparatami FREE FLOW w po\u0142\u0105czeniu z akupunktur\u0105 mo\u017ce zdzia\u0142a\u0107 cuda. Aby unikn\u0105\u0107 nawrot\u00f3w, pacjent powinien kontynuowa\u0107 leczenie przez okres do 7 lat.    <\/p>\n<p>&nbsp;<\/p>\n<p>&nbsp;<\/p>\n","protected":false},"excerpt":{"rendered":"<p>&nbsp;<\/p>\n<p>&nbsp;<\/p>\n<p>&nbsp;<\/p>\n","protected":false},"featured_media":3835943,"template":"","meta":{"_acf_changed":false},"product_brand":[],"product_cat":[11834],"product_tag":[12347],"class_list":{"0":"post-3841243","1":"product","2":"type-product","3":"status-publish","4":"has-post-thumbnail","6":"product_cat-neurologia","7":"product_tag-udar","9":"first","10":"instock","11":"taxable","12":"shipping-taxable","13":"purchasable","14":"product-type-simple"},"acf":{"yn_product_audio":"https:\/\/shop.diolosa.com\/wp-content\/uploads\/2022\/10\/DL_Recovering-Strength-.m4a","yn_product_video":"https:\/\/shop.diolosa.com\/wp-content\/uploads\/2025\/04\/recovering-Strength.mp4","yn_product_akupunktur":"<p>Ostry &#8211; Pe\u0142nia &#8211; Krwawienie<br \/>\nba feng &#8211; M-LE-8 (wiatr) &#8211; krwawienie<br \/>\ndu mai 26 &#8211; ren zhong &#8211; gui gong (\u017co\u0142\u0105dek, jelito grube. gui,<br \/>\n kr\u0105\u017cenie 8 &#8211; lao gong &#8211; gui cu (ying, gui) &#8211; xie fa &#8211; krwawienie<br \/>\njelito grube 4 &#8211; he gu (yuan) &#8211; xie fa<br \/>\njelito grube 11 &#8211; qu chi &#8211; gui tui (he &#8211; gui) &#8211; xie fa<\/p>\n<p>P\u00f3\u017ane efekty &#8211; CNS<br \/>\nsi shen cong &#8211; M-HN-1 (m\u00f3zg, cns) &#8211; xie fa<br \/>\ndu mai 20 &#8211; bai hui &#8211; bai lao (jezioro szpiku kostnego, p\u0119cherz moczowy) &#8211; xie fa<br \/>\nba gua si shen cong &#8211; M-HN 1 (8 igie\u0142) &#8211; xie fa<br \/>\nworeczek \u017c\u00f3\u0142ciowy 20 &#8211; feng chi (san chiao, yang wei mai) &#8211; xie fa<br \/>\ndu mai 17 &#8211; nao hu (p\u0119cherz moczowy) &#8211; xie fa<br \/>\nworeczek \u017c\u00f3\u0142ciowy 19 &#8211; nao kong &#8211; xie fa  <\/p>\n<p>Po stronie sparali\u017cowanej<\/p>\n<p>Ko\u0144czyny g\u00f3rne<br \/>\nbi zhong- M-UE-30 &#8211; xie fa<br \/>\nzhi tan &#8211; N-UE-27 &#8211; xie fa<br \/>\nsan chiao 14 &#8211; jian liao &#8211; xie fa<br \/>\ndwukropek 15 &#8211; jian yu (yang qiao mai) &#8211; xie fa<br \/>\ndwukropek 11 &#8211; qu chi (he &#8211; gui) &#8211; xie fa<br \/>\ndwukropek 10 &#8211; shou san li &#8211; xie fa<br \/>\ndwukropek 4 &#8211; he gu (yuan) &#8211; xie fa<br \/>\nsan chiao 5 &#8211; wai guan (yang wei mai, luo) &#8211; xie fa<br \/>\nobw\u00f3d 5 &#8211; jian shi (jing) &#8211; xie fa<\/p>\n<p>Ko\u0144czyny dolne<br \/>\nlan wei xue &#8211; M-LE-13 (yang ming mokre ciep\u0142o i toksyny) &#8211; xie fa<br \/>\nworeczek \u017c\u00f3\u0142ciowy 30 &#8211; huan tiao (p\u0119cherz) &#8211; xie fa<br \/>\nworeczek \u017c\u00f3\u0142ciowy 31 &#8211; feng shi &#8211; xie fa<br \/>\np\u0119cherzyk \u017c\u00f3\u0142ciowy 34 &#8211; yang ling quan (he, xia he xue, gui) &#8211; xie fa<br \/>\n\u017co\u0142\u0105dek 41 &#8211; jie xi (jing) &#8211; xie fa<br \/>\n\u017co\u0142\u0105dek 40 &#8211; feng long (luo) &#8211; xie fa<\/p>\n<p>parali\u017c twarzy<br \/>\nsan chiao 17 &#8211; yi feng (woreczek \u017c\u00f3\u0142ciowy) &#8211; xie fa<br \/>\njelito grube 4 &#8211; he gu (yuan) &#8211; xie fa<br \/>\n\u017co\u0142\u0105dek 6 &#8211; jia che (gui) &#8211; xie fa<br \/>\n\u017co\u0142\u0105dek 4 &#8211; di cang &#8211; xie fa<br \/>\np\u0119cherz moczowy 2 &#8211; cuan zhu &#8211; xie fa<br \/>\nworeczek \u017c\u00f3\u0142ciowy 14 &#8211; yang bai (\u017co\u0142\u0105dek, yang wei mai) &#8211; xie fa  <\/p>\n<p>Zaburzenia mowy<br \/>\nren mai 23 &#8211; lian quan (yin wei mai) &#8211; xie fa<br \/>\nserce 5 &#8211; tong li (luo) &#8211; xie fa<br \/>\nren mai 22 &#8211; tian tu (yin wei mai) &#8211; xie fa<br \/>\nshan lian quan &#8211; M-HN-21 &#8211; xie fa  <\/p>\n<p>Dr\u017cenie<br \/>\nba xie &#8211; M-UE-22 (d\u0142onie, stopy, twarz) &#8211; xie fa  <\/p>\n<p>Ostry &#8211; Pusty<br \/>\nren mai 4 &#8211; guan yuan (mo>jelito cienkie, w\u0105troba, nerki, \u015bledziona) &#8211; bu fa<br \/>\nren mai 6 &#8211; qi hai (yuan qi) &#8211; bu fa<\/p>\n","yn_product_verabreichungsart":"Pelety 140szt.","yn_product_dosierung":"<p>3 x 6 do 10 tabletek dziennie, zawsze przed posi\u0142kami<\/p>\n","yn_product_combinations":"<p>PRZE\u0141OM (zakrzepica), PI\u0118\u0106 SMOK\u00d3W (Luo Mai), UTRZYMANIE R\u00d3WNOWAGI (zawroty g\u0142owy), WIELKI DIPPER (choroba Meniere&#8217;a), SPOKOJNE NIEBO (migrena), ODZYSKANIE SYMETRII (pora\u017cenie nerwu twarzowego), SZYBKI RUCH BRZUCHA (zast\u00f3j tan, qi, krwi i pokarmu), PEACEFUL GENERAL (cholesterol), CALM RELIEF (nadci\u015bnienie), FREE FLOW OIL, GEL i SPRAY (aby otworzy\u0107 naczynia LUO i rozpu\u015bci\u0107 zast\u00f3j krwi i tan), DRAGON BRAIN (zapominanie), BRIGHT FUTURE (depresja).<\/p>\n","yn_product_avoidable":"<p>Czosnek, alkohol, ostre przyprawy, palenie tytoniu, sma\u017cone potrawy<\/p>\n","yn_product_tcm_mindmapping":"<p>P\u00f3\u017ane skutki Zhong Feng > Woreczek \u017c\u00f3\u0142ciowy i San Chiao Twarda flegma, Qi i zast\u00f3j krwi > atakuj\u0105 m\u00f3zg.<\/p>\n","yn_product_tongue_body":"<p>Krzywe, grube, pop\u0119kane, ciemnoczerwone lub fioletowe<\/p>\n","yn_product_tongue_coating":"<p>Pasiasty, bia\u0142y\/\u017c\u00f3\u0142tawy, t\u0142usty, lepki<\/p>\n","yn_product_pulse_diagnostics":"<p>Pozycja g\u00f3rnej grza\u0142ki: fu mai &#8211; powierzchowna, xian mai &#8211; napi\u0119ta, se mai &#8211; szorstka, wei mai &#8211; \u017cylasta, shi mai &#8211; pe\u0142na, shuo mai &#8211; szybka<\/p>\n","yn_product_indications":"<p>P\u00f3\u017ane skutki dzia\u0142ania Zhong Feng > Jednostronny parali\u017c cia\u0142a, parali\u017c twarzy, zaburzenia mowy, wyczerpanie.<\/p>\n","yn_product_contra_indications":"<p>Niedob\u00f3r Yin i puste ciep\u0142o<\/p>\n","yn_product_pregnancy":"<p>Przeciwwskazane<\/p>\n","yn_product_herbs":"<p>astragali radix &#8211; huang qi, angelicae dahuricae rhizoma &#8211; bai zhi, ledebouriellae divaricatae radix &#8211; fang feng, sinapsis semen alblae &#8211; bai jie zi, angelicae sinensis par caudensis radix &#8211; dang gui wei, ligusticii rhizoma &#8211; chuan xiong, persicae semen &#8211; tao ren, carthami flos &#8211; hong hua<\/p>\n","yn_product_magisterrecipes":"<p>Bu Yuan Huang Wu Tang, Wen Dan Tang, Qiang Zheng San, Chen Tan Tang Luo Yin, Er Chen Tang<\/p>\n"},"yoast_head":"<!-- This site is optimized with the Yoast SEO plugin v24.9 - https:\/\/yoast.com\/wordpress\/plugins\/seo\/ -->\n<title>Odzyskiwanie si\u0142y - Claude Diolosa<\/title>\n<meta name=\"robots\" content=\"index, follow, max-snippet:-1, max-image-preview:large, max-video-preview:-1\" \/>\n<link rel=\"canonical\" href=\"https:\/\/shop.diolosa.com\/pl\/product\/odzyskiwanie-sily\/\" \/>\n<meta property=\"og:locale\" content=\"pl_PL\" \/>\n<meta property=\"og:type\" content=\"article\" \/>\n<meta property=\"og:title\" content=\"Odzyskiwanie si\u0142y - Claude Diolosa\" \/>\n<meta property=\"og:description\" content=\"&nbsp; &nbsp; &nbsp;\" \/>\n<meta property=\"og:url\" content=\"https:\/\/shop.diolosa.com\/pl\/product\/odzyskiwanie-sily\/\" \/>\n<meta property=\"og:site_name\" content=\"Claude Diolosa\" \/>\n<meta property=\"article:publisher\" content=\"https:\/\/facebook.com\/claudediolosa\" \/>\n<meta property=\"article:modified_time\" content=\"2025-05-06T13:55:31+00:00\" \/>\n<meta property=\"og:image\" content=\"https:\/\/shop.diolosa.com\/wp-content\/uploads\/2019\/09\/Presslinge-140.jpg\" \/>\n\t<meta property=\"og:image:width\" content=\"800\" \/>\n\t<meta property=\"og:image:height\" content=\"533\" \/>\n\t<meta property=\"og:image:type\" content=\"image\/jpeg\" \/>\n<meta name=\"twitter:card\" content=\"summary_large_image\" \/>\n<script type=\"application\/ld+json\" class=\"yoast-schema-graph\">{\"@context\":\"https:\/\/schema.org\",\"@graph\":[{\"@type\":\"WebPage\",\"@id\":\"https:\/\/shop.diolosa.com\/pl\/product\/odzyskiwanie-sily\/\",\"url\":\"https:\/\/shop.diolosa.com\/pl\/product\/odzyskiwanie-sily\/\",\"name\":\"Odzyskiwanie si\u0142y - Claude Diolosa\",\"isPartOf\":{\"@id\":\"https:\/\/shop.diolosa.com\/pl\/#website\"},\"primaryImageOfPage\":{\"@id\":\"https:\/\/shop.diolosa.com\/pl\/product\/odzyskiwanie-sily\/#primaryimage\"},\"image\":{\"@id\":\"https:\/\/shop.diolosa.com\/pl\/product\/odzyskiwanie-sily\/#primaryimage\"},\"thumbnailUrl\":\"https:\/\/shop.diolosa.com\/wp-content\/uploads\/2019\/09\/Presslinge-140.jpg\",\"datePublished\":\"2025-03-10T05:57:51+00:00\",\"dateModified\":\"2025-05-06T13:55:31+00:00\",\"breadcrumb\":{\"@id\":\"https:\/\/shop.diolosa.com\/pl\/product\/odzyskiwanie-sily\/#breadcrumb\"},\"inLanguage\":\"pl-PL\",\"potentialAction\":[{\"@type\":\"ReadAction\",\"target\":[\"https:\/\/shop.diolosa.com\/pl\/product\/odzyskiwanie-sily\/\"]}]},{\"@type\":\"ImageObject\",\"inLanguage\":\"pl-PL\",\"@id\":\"https:\/\/shop.diolosa.com\/pl\/product\/odzyskiwanie-sily\/#primaryimage\",\"url\":\"https:\/\/shop.diolosa.com\/wp-content\/uploads\/2019\/09\/Presslinge-140.jpg\",\"contentUrl\":\"https:\/\/shop.diolosa.com\/wp-content\/uploads\/2019\/09\/Presslinge-140.jpg\",\"width\":800,\"height\":533},{\"@type\":\"BreadcrumbList\",\"@id\":\"https:\/\/shop.diolosa.com\/pl\/product\/odzyskiwanie-sily\/#breadcrumb\",\"itemListElement\":[{\"@type\":\"ListItem\",\"position\":1,\"name\":\"Startseite\",\"item\":\"https:\/\/shop.diolosa.com\/pl\/?page_id=3835710\"},{\"@type\":\"ListItem\",\"position\":2,\"name\":\"Sklep\",\"item\":\"https:\/\/shop.diolosa.com\/pl\/?page_id=3835710\"},{\"@type\":\"ListItem\",\"position\":3,\"name\":\"Odzyskiwanie si\u0142y\"}]},{\"@type\":\"WebSite\",\"@id\":\"https:\/\/shop.diolosa.com\/pl\/#website\",\"url\":\"https:\/\/shop.diolosa.com\/pl\/\",\"name\":\"Claude Diolosa\",\"description\":\"\",\"publisher\":{\"@id\":\"https:\/\/shop.diolosa.com\/pl\/#organization\"},\"potentialAction\":[{\"@type\":\"SearchAction\",\"target\":{\"@type\":\"EntryPoint\",\"urlTemplate\":\"https:\/\/shop.diolosa.com\/pl\/?s={search_term_string}\"},\"query-input\":{\"@type\":\"PropertyValueSpecification\",\"valueRequired\":true,\"valueName\":\"search_term_string\"}}],\"inLanguage\":\"pl-PL\"},{\"@type\":\"Organization\",\"@id\":\"https:\/\/shop.diolosa.com\/pl\/#organization\",\"name\":\"Claude Diolosa\",\"url\":\"https:\/\/shop.diolosa.com\/pl\/\",\"logo\":{\"@type\":\"ImageObject\",\"inLanguage\":\"pl-PL\",\"@id\":\"https:\/\/shop.diolosa.com\/pl\/#\/schema\/logo\/image\/\",\"url\":\"https:\/\/shop.diolosa.com\/wp-content\/uploads\/2019\/08\/diolosa-drop-logo-new.png\",\"contentUrl\":\"https:\/\/shop.diolosa.com\/wp-content\/uploads\/2019\/08\/diolosa-drop-logo-new.png\",\"width\":134,\"height\":176,\"caption\":\"Claude Diolosa\"},\"image\":{\"@id\":\"https:\/\/shop.diolosa.com\/pl\/#\/schema\/logo\/image\/\"},\"sameAs\":[\"https:\/\/facebook.com\/claudediolosa\",\"https:\/\/www.instagram.com\/diolosaclaude108\/\"]}]}<\/script>\n<!-- \/ Yoast SEO plugin. -->","yoast_head_json":{"title":"Odzyskiwanie si\u0142y - Claude Diolosa","robots":{"index":"index","follow":"follow","max-snippet":"max-snippet:-1","max-image-preview":"max-image-preview:large","max-video-preview":"max-video-preview:-1"},"canonical":"https:\/\/shop.diolosa.com\/pl\/product\/odzyskiwanie-sily\/","og_locale":"pl_PL","og_type":"article","og_title":"Odzyskiwanie si\u0142y - Claude Diolosa","og_description":"&nbsp; &nbsp; &nbsp;","og_url":"https:\/\/shop.diolosa.com\/pl\/product\/odzyskiwanie-sily\/","og_site_name":"Claude Diolosa","article_publisher":"https:\/\/facebook.com\/claudediolosa","article_modified_time":"2025-05-06T13:55:31+00:00","og_image":[{"width":800,"height":533,"url":"https:\/\/shop.diolosa.com\/wp-content\/uploads\/2019\/09\/Presslinge-140.jpg","type":"image\/jpeg"}],"twitter_card":"summary_large_image","schema":{"@context":"https:\/\/schema.org","@graph":[{"@type":"WebPage","@id":"https:\/\/shop.diolosa.com\/pl\/product\/odzyskiwanie-sily\/","url":"https:\/\/shop.diolosa.com\/pl\/product\/odzyskiwanie-sily\/","name":"Odzyskiwanie si\u0142y - Claude Diolosa","isPartOf":{"@id":"https:\/\/shop.diolosa.com\/pl\/#website"},"primaryImageOfPage":{"@id":"https:\/\/shop.diolosa.com\/pl\/product\/odzyskiwanie-sily\/#primaryimage"},"image":{"@id":"https:\/\/shop.diolosa.com\/pl\/product\/odzyskiwanie-sily\/#primaryimage"},"thumbnailUrl":"https:\/\/shop.diolosa.com\/wp-content\/uploads\/2019\/09\/Presslinge-140.jpg","datePublished":"2025-03-10T05:57:51+00:00","dateModified":"2025-05-06T13:55:31+00:00","breadcrumb":{"@id":"https:\/\/shop.diolosa.com\/pl\/product\/odzyskiwanie-sily\/#breadcrumb"},"inLanguage":"pl-PL","potentialAction":[{"@type":"ReadAction","target":["https:\/\/shop.diolosa.com\/pl\/product\/odzyskiwanie-sily\/"]}]},{"@type":"ImageObject","inLanguage":"pl-PL","@id":"https:\/\/shop.diolosa.com\/pl\/product\/odzyskiwanie-sily\/#primaryimage","url":"https:\/\/shop.diolosa.com\/wp-content\/uploads\/2019\/09\/Presslinge-140.jpg","contentUrl":"https:\/\/shop.diolosa.com\/wp-content\/uploads\/2019\/09\/Presslinge-140.jpg","width":800,"height":533},{"@type":"BreadcrumbList","@id":"https:\/\/shop.diolosa.com\/pl\/product\/odzyskiwanie-sily\/#breadcrumb","itemListElement":[{"@type":"ListItem","position":1,"name":"Startseite","item":"https:\/\/shop.diolosa.com\/pl\/?page_id=3835710"},{"@type":"ListItem","position":2,"name":"Sklep","item":"https:\/\/shop.diolosa.com\/pl\/?page_id=3835710"},{"@type":"ListItem","position":3,"name":"Odzyskiwanie si\u0142y"}]},{"@type":"WebSite","@id":"https:\/\/shop.diolosa.com\/pl\/#website","url":"https:\/\/shop.diolosa.com\/pl\/","name":"Claude Diolosa","description":"","publisher":{"@id":"https:\/\/shop.diolosa.com\/pl\/#organization"},"potentialAction":[{"@type":"SearchAction","target":{"@type":"EntryPoint","urlTemplate":"https:\/\/shop.diolosa.com\/pl\/?s={search_term_string}"},"query-input":{"@type":"PropertyValueSpecification","valueRequired":true,"valueName":"search_term_string"}}],"inLanguage":"pl-PL"},{"@type":"Organization","@id":"https:\/\/shop.diolosa.com\/pl\/#organization","name":"Claude Diolosa","url":"https:\/\/shop.diolosa.com\/pl\/","logo":{"@type":"ImageObject","inLanguage":"pl-PL","@id":"https:\/\/shop.diolosa.com\/pl\/#\/schema\/logo\/image\/","url":"https:\/\/shop.diolosa.com\/wp-content\/uploads\/2019\/08\/diolosa-drop-logo-new.png","contentUrl":"https:\/\/shop.diolosa.com\/wp-content\/uploads\/2019\/08\/diolosa-drop-logo-new.png","width":134,"height":176,"caption":"Claude Diolosa"},"image":{"@id":"https:\/\/shop.diolosa.com\/pl\/#\/schema\/logo\/image\/"},"sameAs":["https:\/\/facebook.com\/claudediolosa","https:\/\/www.instagram.com\/diolosaclaude108\/"]}]}},"_links":{"self":[{"href":"https:\/\/shop.diolosa.com\/pl\/wp-json\/wp\/v2\/product\/3841243","targetHints":{"allow":["GET"]}}],"collection":[{"href":"https:\/\/shop.diolosa.com\/pl\/wp-json\/wp\/v2\/product"}],"about":[{"href":"https:\/\/shop.diolosa.com\/pl\/wp-json\/wp\/v2\/types\/product"}],"wp:featuredmedia":[{"embeddable":true,"href":"https:\/\/shop.diolosa.com\/pl\/wp-json\/wp\/v2\/media\/3835943"}],"wp:attachment":[{"href":"https:\/\/shop.diolosa.com\/pl\/wp-json\/wp\/v2\/media?parent=3841243"}],"wp:term":[{"taxonomy":"product_brand","embeddable":true,"href":"https:\/\/shop.diolosa.com\/pl\/wp-json\/wp\/v2\/product_brand?post=3841243"},{"taxonomy":"product_cat","embeddable":true,"href":"https:\/\/shop.diolosa.com\/pl\/wp-json\/wp\/v2\/product_cat?post=3841243"},{"taxonomy":"product_tag","embeddable":true,"href":"https:\/\/shop.diolosa.com\/pl\/wp-json\/wp\/v2\/product_tag?post=3841243"}],"curies":[{"name":"wp","href":"https:\/\/api.w.org\/{rel}","templated":true}]}}