{"id":3841244,"date":"2019-09-04T12:11:44","date_gmt":"2025-03-10T05:57:52","guid":{"rendered":"https:\/\/shop.diolosa.com\/product\/morze-qi\/"},"modified":"2025-05-06T15:19:08","modified_gmt":"2025-05-06T14:19:08","slug":"morze-qi","status":"publish","type":"product","link":"https:\/\/shop.diolosa.com\/pl\/product\/morze-qi\/","title":{"rendered":"Morze Qi"},"content":{"rendered":"<p>SEA OF QI stosuje si\u0119 w leczeniu obni\u017cenia Qi z krwotokiem, obni\u017cenia narz\u0105d\u00f3w i niedoci\u015bnienia (zapa\u015bci kr\u0105\u017ceniowej). Preparat ten podnosi i tonizuje Qi, od\u017cywia m\u00f3zg, wspomaga kr\u0105\u017cenie krwi w obszarze g\u0142owy, o\u017cywia funkcje sensoryczne i daje radosne usposobienie.<\/p>\n","protected":false},"excerpt":{"rendered":"<p>SEA OF QI stosuje si\u0119 w leczeniu obni\u017cenia Qi z  [&#8230;]<\/p>\n","protected":false},"featured_media":3835943,"template":"","meta":{"_acf_changed":false},"product_brand":[],"product_cat":[11793],"product_tag":[12161],"class_list":{"0":"post-3841244","1":"product","2":"type-product","3":"status-publish","4":"has-post-thumbnail","6":"product_cat-immunologia","7":"product_tag-niedocisnienie","9":"first","10":"instock","11":"taxable","12":"shipping-taxable","13":"purchasable","14":"product-type-simple"},"acf":{"yn_product_audio":"https:\/\/shop.diolosa.com\/wp-content\/uploads\/2018\/12\/DL_0286.mp3","yn_product_video":"https:\/\/shop.diolosa.com\/wp-content\/uploads\/2024\/05\/Sea-of-Qi.mp4","yn_product_akupunktur":"<p>Tonizowanie i podnoszenie Qi<br \/>\nren mai 6 &#8211; qi hai &#8211; bu fa z moks\u0105<br \/>\nren mai 4 &#8211; guan yuan (mo> jelito cienkie, w\u0105troba, nerki, \u015bledziona) &#8211; bu fa z moks\u0105<br \/>\nren mai 8 &#8211; shen que &#8211; moxa<br \/>\n\u015bledziona 4 &#8211; gong sun (luo, chong mai) &#8211; bu fa<br \/>\n\u017co\u0142\u0105dek 36 &#8211; to san li (shu, xia he xue &#8211; \u017co\u0142\u0105dek, si hai xue, si zhong xue) &#8211; bu fa<br \/>\n\u015bledziona 6 &#8211; san yin jiao (le,ni,mb) &#8211; bu fa<br \/>\nbubble 17 &#8211; ge shu (krew) &#8211; bu fa<br \/>\nbubble 20 &#8211; pi shu &#8211; bu fa<br \/>\nbubble 23 &#8211; shen shu &#8211; bu fa<br \/>\nnerka 3 &#8211; tai xi (shu,yuan) &#8211; bu fa<br \/>\n\u015bledziona 3 &#8211; tai bai (shu, yuan) &#8211; bu fa z moks\u0105<br \/>\n\u015bledziona 2 &#8211; da du (ying) &#8211; bu fa z moks\u0105<br \/>\np\u0142uco 9 &#8211; tai yuan &#8211; gui xin (shu, yuan, ba hui xue, gui) &#8211; bu fa<\/p>\n","yn_product_verabreichungsart":"Pelety 140szt.","yn_product_dosierung":"<p>3 x 6 do 10 tabletek dziennie, zawsze przed posi\u0142kami<\/p>\n","yn_product_combinations":"<p>KORZE\u0143 YANG, OGRZEWANIE KORZENIA, TAJEMNA MOC, HERBATA RINCHEN (niedob\u00f3r Qi nerek, Yang i Jing), KROPLE \u017bELAZA (anemia), ENERGIA \u017bYCIOWA (niedob\u00f3r Qi), WITALNO\u015a\u0106 (niedob\u00f3r Qi i Krwi), REGENERACJA (pustka przed- i poporodowa), WIELKA HARMONIA (niedob\u00f3r Qi \u015bledziony i wilgotno\u015b\u0107 Yang Ming).<\/p>\n","yn_product_avoidable":"<p>Zimne napoje i \u017cywno\u015b\u0107, surowa \u017cywno\u015b\u0107, mro\u017conki, kawa, czarna herbata, sa\u0142ata, og\u00f3rek, pomidor, bak\u0142a\u017can, owoce cytrusowe, owoce tropikalne, banan, gruszka, jab\u0142ko, jogurt, cukier<\/p>\n","yn_product_tcm_mindmapping":"<p>Niedob\u00f3r Yang\/Qi i Jing w nerkach > Niedob\u00f3r krwi\/Qi w w\u0105trobie > Niedob\u00f3r Qi w \u015bledzionie > Zast\u00f3j krwi w okolicy g\u0142owy > Niedo\u017cywienie g\u0142owy > Wiatr w g\u0142owie<\/p>\n","yn_product_tongue_body":"<p>Niski, s\u0142aby, w\u0105ski, blady, chwiejny i plamisty<\/p>\n","yn_product_tongue_coating":"<p>Cienka, bia\u0142a i lekko wilgotna<\/p>\n","yn_product_pulse_diagnostics":"<p>duan mai &#8211; kr\u00f3tki, xi mai &#8211; cienki, xu mai &#8211; pusty, chi mai &#8211; powolny, se mai &#8211; szorstki<\/p>\n","yn_product_indications":"<p>Niedoci\u015bnienie, zawroty g\u0142owy, przewlek\u0142e b\u00f3le g\u0142owy, zaburzenia widzenia, niedob\u00f3r odporno\u015bci, blada twarz i usta, cienkie, rzadkie i \u0142amliwe w\u0142osy.<\/p>\n","yn_product_contra_indications":"<p>Niedob\u00f3r Yin i puste ciep\u0142o z od\u0142\u0105czeniem Yang<\/p>\n","yn_product_pregnancy":"<p>Dozwolone<\/p>\n","yn_product_herbs":"<p>cimicifugae rhizoma praeparatum &#8211; mi zhi sheng ma, astragali radix &#8211; huang qi, platycodi grandiflori radix &#8211; jie geng, puerariae lobatae radix &#8211; ge gen, angelicae sinensis par caudensis radix &#8211; dang gui wei, ligusticii rhizoma &#8211; chuan xiong<\/p>\n","yn_product_magisterrecipes":"<p>Bu Zhong Yi Qi Tang, Ba Zhen Tang, Shi Quan Da Bu Tang, Gui Zhi Ge Gen Tang, Ge Gen Tang<\/p>\n"},"yoast_head":"<!-- This site is optimized with the Yoast SEO plugin v24.9 - https:\/\/yoast.com\/wordpress\/plugins\/seo\/ -->\n<title>Morze Qi - Claude Diolosa<\/title>\n<meta name=\"robots\" content=\"index, follow, max-snippet:-1, max-image-preview:large, max-video-preview:-1\" \/>\n<link rel=\"canonical\" href=\"https:\/\/shop.diolosa.com\/pl\/product\/morze-qi\/\" \/>\n<meta property=\"og:locale\" content=\"pl_PL\" \/>\n<meta property=\"og:type\" content=\"article\" \/>\n<meta property=\"og:title\" content=\"Morze Qi - Claude Diolosa\" \/>\n<meta property=\"og:description\" content=\"SEA OF QI stosuje si\u0119 w leczeniu obni\u017cenia Qi z [...]\" \/>\n<meta property=\"og:url\" content=\"https:\/\/shop.diolosa.com\/pl\/product\/morze-qi\/\" \/>\n<meta property=\"og:site_name\" content=\"Claude Diolosa\" \/>\n<meta property=\"article:publisher\" content=\"https:\/\/facebook.com\/claudediolosa\" \/>\n<meta property=\"article:modified_time\" content=\"2025-05-06T14:19:08+00:00\" \/>\n<meta property=\"og:image\" content=\"https:\/\/shop.diolosa.com\/wp-content\/uploads\/2019\/09\/Presslinge-140.jpg\" \/>\n\t<meta property=\"og:image:width\" content=\"800\" \/>\n\t<meta property=\"og:image:height\" content=\"533\" \/>\n\t<meta property=\"og:image:type\" content=\"image\/jpeg\" \/>\n<meta name=\"twitter:card\" content=\"summary_large_image\" \/>\n<script type=\"application\/ld+json\" class=\"yoast-schema-graph\">{\"@context\":\"https:\/\/schema.org\",\"@graph\":[{\"@type\":\"WebPage\",\"@id\":\"https:\/\/shop.diolosa.com\/pl\/product\/morze-qi\/\",\"url\":\"https:\/\/shop.diolosa.com\/pl\/product\/morze-qi\/\",\"name\":\"Morze Qi - Claude Diolosa\",\"isPartOf\":{\"@id\":\"https:\/\/shop.diolosa.com\/pl\/#website\"},\"primaryImageOfPage\":{\"@id\":\"https:\/\/shop.diolosa.com\/pl\/product\/morze-qi\/#primaryimage\"},\"image\":{\"@id\":\"https:\/\/shop.diolosa.com\/pl\/product\/morze-qi\/#primaryimage\"},\"thumbnailUrl\":\"https:\/\/shop.diolosa.com\/wp-content\/uploads\/2019\/09\/Presslinge-140.jpg\",\"datePublished\":\"2025-03-10T05:57:52+00:00\",\"dateModified\":\"2025-05-06T14:19:08+00:00\",\"breadcrumb\":{\"@id\":\"https:\/\/shop.diolosa.com\/pl\/product\/morze-qi\/#breadcrumb\"},\"inLanguage\":\"pl-PL\",\"potentialAction\":[{\"@type\":\"ReadAction\",\"target\":[\"https:\/\/shop.diolosa.com\/pl\/product\/morze-qi\/\"]}]},{\"@type\":\"ImageObject\",\"inLanguage\":\"pl-PL\",\"@id\":\"https:\/\/shop.diolosa.com\/pl\/product\/morze-qi\/#primaryimage\",\"url\":\"https:\/\/shop.diolosa.com\/wp-content\/uploads\/2019\/09\/Presslinge-140.jpg\",\"contentUrl\":\"https:\/\/shop.diolosa.com\/wp-content\/uploads\/2019\/09\/Presslinge-140.jpg\",\"width\":800,\"height\":533},{\"@type\":\"BreadcrumbList\",\"@id\":\"https:\/\/shop.diolosa.com\/pl\/product\/morze-qi\/#breadcrumb\",\"itemListElement\":[{\"@type\":\"ListItem\",\"position\":1,\"name\":\"Startseite\",\"item\":\"https:\/\/shop.diolosa.com\/pl\/?page_id=3835710\"},{\"@type\":\"ListItem\",\"position\":2,\"name\":\"Sklep\",\"item\":\"https:\/\/shop.diolosa.com\/pl\/?page_id=3835710\"},{\"@type\":\"ListItem\",\"position\":3,\"name\":\"Morze Qi\"}]},{\"@type\":\"WebSite\",\"@id\":\"https:\/\/shop.diolosa.com\/pl\/#website\",\"url\":\"https:\/\/shop.diolosa.com\/pl\/\",\"name\":\"Claude Diolosa\",\"description\":\"\",\"publisher\":{\"@id\":\"https:\/\/shop.diolosa.com\/pl\/#organization\"},\"potentialAction\":[{\"@type\":\"SearchAction\",\"target\":{\"@type\":\"EntryPoint\",\"urlTemplate\":\"https:\/\/shop.diolosa.com\/pl\/?s={search_term_string}\"},\"query-input\":{\"@type\":\"PropertyValueSpecification\",\"valueRequired\":true,\"valueName\":\"search_term_string\"}}],\"inLanguage\":\"pl-PL\"},{\"@type\":\"Organization\",\"@id\":\"https:\/\/shop.diolosa.com\/pl\/#organization\",\"name\":\"Claude Diolosa\",\"url\":\"https:\/\/shop.diolosa.com\/pl\/\",\"logo\":{\"@type\":\"ImageObject\",\"inLanguage\":\"pl-PL\",\"@id\":\"https:\/\/shop.diolosa.com\/pl\/#\/schema\/logo\/image\/\",\"url\":\"https:\/\/shop.diolosa.com\/wp-content\/uploads\/2019\/08\/diolosa-drop-logo-new.png\",\"contentUrl\":\"https:\/\/shop.diolosa.com\/wp-content\/uploads\/2019\/08\/diolosa-drop-logo-new.png\",\"width\":134,\"height\":176,\"caption\":\"Claude Diolosa\"},\"image\":{\"@id\":\"https:\/\/shop.diolosa.com\/pl\/#\/schema\/logo\/image\/\"},\"sameAs\":[\"https:\/\/facebook.com\/claudediolosa\",\"https:\/\/www.instagram.com\/diolosaclaude108\/\"]}]}<\/script>\n<!-- \/ Yoast SEO plugin. -->","yoast_head_json":{"title":"Morze Qi - Claude Diolosa","robots":{"index":"index","follow":"follow","max-snippet":"max-snippet:-1","max-image-preview":"max-image-preview:large","max-video-preview":"max-video-preview:-1"},"canonical":"https:\/\/shop.diolosa.com\/pl\/product\/morze-qi\/","og_locale":"pl_PL","og_type":"article","og_title":"Morze Qi - Claude Diolosa","og_description":"SEA OF QI stosuje si\u0119 w leczeniu obni\u017cenia Qi z [...]","og_url":"https:\/\/shop.diolosa.com\/pl\/product\/morze-qi\/","og_site_name":"Claude Diolosa","article_publisher":"https:\/\/facebook.com\/claudediolosa","article_modified_time":"2025-05-06T14:19:08+00:00","og_image":[{"width":800,"height":533,"url":"https:\/\/shop.diolosa.com\/wp-content\/uploads\/2019\/09\/Presslinge-140.jpg","type":"image\/jpeg"}],"twitter_card":"summary_large_image","schema":{"@context":"https:\/\/schema.org","@graph":[{"@type":"WebPage","@id":"https:\/\/shop.diolosa.com\/pl\/product\/morze-qi\/","url":"https:\/\/shop.diolosa.com\/pl\/product\/morze-qi\/","name":"Morze Qi - Claude Diolosa","isPartOf":{"@id":"https:\/\/shop.diolosa.com\/pl\/#website"},"primaryImageOfPage":{"@id":"https:\/\/shop.diolosa.com\/pl\/product\/morze-qi\/#primaryimage"},"image":{"@id":"https:\/\/shop.diolosa.com\/pl\/product\/morze-qi\/#primaryimage"},"thumbnailUrl":"https:\/\/shop.diolosa.com\/wp-content\/uploads\/2019\/09\/Presslinge-140.jpg","datePublished":"2025-03-10T05:57:52+00:00","dateModified":"2025-05-06T14:19:08+00:00","breadcrumb":{"@id":"https:\/\/shop.diolosa.com\/pl\/product\/morze-qi\/#breadcrumb"},"inLanguage":"pl-PL","potentialAction":[{"@type":"ReadAction","target":["https:\/\/shop.diolosa.com\/pl\/product\/morze-qi\/"]}]},{"@type":"ImageObject","inLanguage":"pl-PL","@id":"https:\/\/shop.diolosa.com\/pl\/product\/morze-qi\/#primaryimage","url":"https:\/\/shop.diolosa.com\/wp-content\/uploads\/2019\/09\/Presslinge-140.jpg","contentUrl":"https:\/\/shop.diolosa.com\/wp-content\/uploads\/2019\/09\/Presslinge-140.jpg","width":800,"height":533},{"@type":"BreadcrumbList","@id":"https:\/\/shop.diolosa.com\/pl\/product\/morze-qi\/#breadcrumb","itemListElement":[{"@type":"ListItem","position":1,"name":"Startseite","item":"https:\/\/shop.diolosa.com\/pl\/?page_id=3835710"},{"@type":"ListItem","position":2,"name":"Sklep","item":"https:\/\/shop.diolosa.com\/pl\/?page_id=3835710"},{"@type":"ListItem","position":3,"name":"Morze Qi"}]},{"@type":"WebSite","@id":"https:\/\/shop.diolosa.com\/pl\/#website","url":"https:\/\/shop.diolosa.com\/pl\/","name":"Claude Diolosa","description":"","publisher":{"@id":"https:\/\/shop.diolosa.com\/pl\/#organization"},"potentialAction":[{"@type":"SearchAction","target":{"@type":"EntryPoint","urlTemplate":"https:\/\/shop.diolosa.com\/pl\/?s={search_term_string}"},"query-input":{"@type":"PropertyValueSpecification","valueRequired":true,"valueName":"search_term_string"}}],"inLanguage":"pl-PL"},{"@type":"Organization","@id":"https:\/\/shop.diolosa.com\/pl\/#organization","name":"Claude Diolosa","url":"https:\/\/shop.diolosa.com\/pl\/","logo":{"@type":"ImageObject","inLanguage":"pl-PL","@id":"https:\/\/shop.diolosa.com\/pl\/#\/schema\/logo\/image\/","url":"https:\/\/shop.diolosa.com\/wp-content\/uploads\/2019\/08\/diolosa-drop-logo-new.png","contentUrl":"https:\/\/shop.diolosa.com\/wp-content\/uploads\/2019\/08\/diolosa-drop-logo-new.png","width":134,"height":176,"caption":"Claude Diolosa"},"image":{"@id":"https:\/\/shop.diolosa.com\/pl\/#\/schema\/logo\/image\/"},"sameAs":["https:\/\/facebook.com\/claudediolosa","https:\/\/www.instagram.com\/diolosaclaude108\/"]}]}},"_links":{"self":[{"href":"https:\/\/shop.diolosa.com\/pl\/wp-json\/wp\/v2\/product\/3841244","targetHints":{"allow":["GET"]}}],"collection":[{"href":"https:\/\/shop.diolosa.com\/pl\/wp-json\/wp\/v2\/product"}],"about":[{"href":"https:\/\/shop.diolosa.com\/pl\/wp-json\/wp\/v2\/types\/product"}],"wp:featuredmedia":[{"embeddable":true,"href":"https:\/\/shop.diolosa.com\/pl\/wp-json\/wp\/v2\/media\/3835943"}],"wp:attachment":[{"href":"https:\/\/shop.diolosa.com\/pl\/wp-json\/wp\/v2\/media?parent=3841244"}],"wp:term":[{"taxonomy":"product_brand","embeddable":true,"href":"https:\/\/shop.diolosa.com\/pl\/wp-json\/wp\/v2\/product_brand?post=3841244"},{"taxonomy":"product_cat","embeddable":true,"href":"https:\/\/shop.diolosa.com\/pl\/wp-json\/wp\/v2\/product_cat?post=3841244"},{"taxonomy":"product_tag","embeddable":true,"href":"https:\/\/shop.diolosa.com\/pl\/wp-json\/wp\/v2\/product_tag?post=3841244"}],"curies":[{"name":"wp","href":"https:\/\/api.w.org\/{rel}","templated":true}]}}