{"id":3841248,"date":"2019-09-04T12:11:44","date_gmt":"2025-03-10T05:57:55","guid":{"rendered":"https:\/\/shop.diolosa.com\/product\/potezny-krol\/"},"modified":"2025-05-06T15:19:23","modified_gmt":"2025-05-06T14:19:23","slug":"potezny-krol","status":"publish","type":"product","link":"https:\/\/shop.diolosa.com\/pl\/product\/potezny-krol\/","title":{"rendered":"Pot\u0119\u017cny kr\u00f3l"},"content":{"rendered":"<p><strong>POWERFUL KING<\/strong> jest przepisywany w leczeniu globalnej niewydolno\u015bci serca (niedob\u00f3r yang i qi serca). Preparat ten mo\u017ce by\u0107 przyjmowany jako dodatek do konwencjonalnych lek\u00f3w zachodnich. Formu\u0142a ta tonizuje Yang (Ming Men Huo) i Qi serca, a zw\u0142aszcza Yuan Yang (oryginalny Yang), stymuluje kr\u0105\u017cenie Qi klatki piersiowej, zapobiega zastojom krwi i gromadzeniu si\u0119 p\u0142yn\u00f3w w p\u0142ucach, przeciwdzia\u0142a z\u0142ogom Tan (twardej flegmy), uspokaja umys\u0142 i oczyszcza subtelne kana\u0142y serca.<\/p>\n","protected":false},"excerpt":{"rendered":"<p>POWERFUL KING jest przepisywany w leczeniu globalnej niewydolno\u015bci serca (niedob\u00f3r  [&#8230;]<\/p>\n","protected":false},"featured_media":3835943,"template":"","meta":{"_acf_changed":false},"product_brand":[],"product_cat":[11810],"product_tag":[12350],"class_list":{"0":"post-3841248","1":"product","2":"type-product","3":"status-publish","4":"has-post-thumbnail","6":"product_cat-kardiologia","7":"product_tag-niewydolnosc-serca-globalnie","9":"first","10":"instock","11":"taxable","12":"shipping-taxable","13":"purchasable","14":"product-type-simple"},"acf":{"yn_product_audio":"https:\/\/shop.diolosa.com\/wp-content\/uploads\/2019\/09\/DL_1103.mp3","yn_product_video":"https:\/\/shop.diolosa.com\/wp-content\/uploads\/2024\/10\/Powerful-King.mp4","yn_product_akupunktur":"<p><strong>Terapia jest przeprowadzana g\u0142\u00f3wnie za pomoc\u0105 moksy<\/strong><\/p>\n<p><strong>Nerki Qi\/Yang i Yuan Qi s\u0105 tonizowane g\u0142\u00f3wnie za pomoc\u0105 moksy<\/strong><\/p>\n<p>ren mai 4 &#8211; guan yuan (mo>jelito cienkie, w\u0105troba, nerki, \u015bledziona) &#8211; moksa<br \/>\nren mai 6 &#8211; qi hai (yuan qi) &#8211; moksa<br \/>\nren mai 8 &#8211; shen que &#8211; moksa<br \/>\np\u0119cherz 23 &#8211; shen shu &#8211; moksa<br \/>\ndu mai 4 &#8211; ming men &#8211; moksa<\/p>\n<p><strong>Tonizowanie poporodowego \u017ar\u00f3d\u0142a qi i jing<br \/>\n<\/strong><br \/>\n p\u0119cherz moczowy 20 &#8211; pi shu &#8211; moxa<br \/>\n\u015bledziona 3 &#8211; tai bai (yuan) &#8211; moxa<br \/>\np\u0119cherz moczowy 21 &#8211; wei shu &#8211; moxa<br \/>\np\u0119cherz moczowy 17 &#8211; ge shu (krew) &#8211; bu fa<br \/>\np\u0119cherz moczowy 43 &#8211; gao huang shu (qi,xue,jinye,yin,yang) &#8211; bu fa<br \/>\n\u017co\u0142\u0105dek 36 &#8211; to san li (shu, xia he xue &#8211; \u017co\u0142\u0105dek, si hai xue, si zhong xue) &#8211; bu fa<\/p>\n<p><strong>Tonizuje serce<br \/>\n<\/strong><br \/>\n p\u0119cherz 15 &#8211; xin shu &#8211; moxa<br \/>\nren mai 14 &#8211; ju que (mo>serce) &#8211; bu fa<br \/>\nkr\u0105\u017cenie 6 &#8211; nei guan (luo, yin wei mai) &#8211; xie fa > na ostry b\u00f3l<\/p>\n<p><strong>Oczyszczanie kana\u0142\u00f3w serca<br \/>\n<\/strong><br \/>\n \u017co\u0142\u0105dek 40 &#8211; feng long (luo) &#8211; xie fa<br \/>\nworeczek \u017c\u00f3\u0142ciowy 37 &#8211; guang ming (luo) &#8211; xie fa<br \/>\nkr\u0105\u017cenie 5 &#8211; jian shi &#8211; gui lu (jing, gui) &#8211; xie fa<br \/>\nserce 5 &#8211; tong li (luo) &#8211; xie fa<\/p>\n<p><strong>TCM Mindmapping &#8211; Bian Zheng Podsumowanie<\/strong>: <strong>Niedob\u00f3r Yang nerek<\/strong> > P\u0119cherz-23 \u814e\u4fde sh\u00e8n sh\u016b tonizuj &#8211; bu fa > <strong>Niedob\u00f3r Qi nerek<\/strong> > Nerki-3 \u592a\u8c3f ta\u00ec x\u012b tonizuj &#8211; bu fa, Woreczek \u017c\u00f3\u0142ciowy-25 \u4eac\u9580 j\u012bng m\u00e9n. tonify &#8211; bu fa > <strong>niedob\u00f3r yang serca<\/strong> > p\u0119cherz moczowy\/bladder-15 \u5fc3\u4fde x\u012bn sh\u016b tonify &#8211; bu fa > Ren-14 \u5de8\u95d5 j\u00f9 qu\u00e8 tonify &#8211; bu fa   > <strong> Niedob\u00f3r Qi serca<\/strong> > Serce\/Heart-7 \u795e\u9580 sh\u00e9n m\u00e9n tonizuje &#8211; bu fa > <strong>Wilgotno\u015b\u0107 \u017co\u0142\u0105dka\/\u015bluz<\/strong> > \u017bo\u0142\u0105dek\/Magen-40 \u8c50\u9686 f\u0113ng l\u00f3ng &#8211; tonizuje &#8211; bu fa  > <<strong>Niedob\u00f3r Qi \u015bledziony<\/strong> > \u015aledziona\/Spleen-3 \u592a\u767d ta\u00ec b\u00e1i tonizowa\u0107 &#8211; bu fa, P\u0119cherz\/Bladder-20 \u813e\u4fde p\u00ed sh\u016b. tonizowa\u0107 &#8211; bu fa > <strong>Wilgotno\u015b\u0107 p\u0119cherzyka \u017c\u00f3\u0142ciowego\/\u015bluz<\/strong> > P\u0119cherzyk \u017c\u00f3\u0142ciowy\/p\u0119cherzyk \u017c\u00f3\u0142ciowy-37 \u5149\u660e gu\u0101ng m\u00edng uspokaja\u0107 &#8211; xie fa > \u015aluz w kr\u0105\u017ceniu > Osierdzie\/kr\u0105\u017cenie-5 \u9593\u4f7f ji\u0101n sh\u01d0 uspokaja\u0107 &#8211; xie fa , Serce\/serce-5 \u901a\u91cc t\u014dng l\u01d0. sedate &#8211; xie fa, osierdzie\/kr\u0105\u017cenie-6 \u5167\u95dc n\u00e8i gu\u0101n. sedate &#8211; xie fa > <strong>Shen disorder<\/strong> > EX-HN3 &#8211; \u5370\u5802 Yin Tang sedate &#8211; xie fa > EX-HN-1 &#8211; \u56db\u795e\u806a &#8211; si shen cong . sedate &#8211; xie fa      > <strong>Zast\u00f3j krwi<\/strong> >  P\u0119cherz\/p\u0119cherz-17 \u8188\u4fde g\u00e9 sh\u016b .uspokojenie &#8211; xie fa z moks\u0105  > <strong>Niedob\u00f3r Jing nerek, os\u0142abienie CHONG MAI<\/strong> >  \u015aledziona-4 \u516c\u5b6b g\u014dng s\u016bn (luo, chong mai) tonizuje &#8211; bu fa  >  Ren-4 \u95dc\u5143 gu\u0101n yu\u00e1n.tonise &#8211; bu fa  >  Ren-6 \u6c23\u6d77 q\u00ec h\u01cei. tonizowa\u0107 &#8211; bu fa <\/p>\n","yn_product_verabreichungsart":"Pelety 140szt.","yn_product_dosierung":"<p>3 x 6 do 10 tabletek dziennie, zawsze przed posi\u0142kami. Terapia powinna by\u0107 prowadzona w spos\u00f3b ci\u0105g\u0142y i w towarzystwie terapeuty TCM. <\/p>\n","yn_product_combinations":"<p>YANG ROOT, WARMING THE ROOT, RINCH TEA i SECRET POWER, aby tonizowa\u0107 Yang, BREAKING THROUGH, aby promowa\u0107 kr\u0105\u017cenie krwi w g\u00f3rnym ogrzewaczu, szczeg\u00f3lnie w sercu, m\u00f3zgu i p\u0142ucach, WATER WAY, aby stymulowa\u0107 diurez\u0119, LIFE BELLY WINE, aby tonizowa\u0107 Yuan Yang, SEA OF QI, aby podnie\u015b\u0107 energi\u0119 \u017cyciow\u0105 a\u017c do czubka g\u0142owy, LIFE ENERGY, aby zharmonizowa\u0107 \u015bledzion\u0119 i \u017co\u0142\u0105dek oraz QUICK BELLY MOVEMENT, aby zapobiec wstecznemu atakowi stagnacji pokarmu na serce poprzez Luo Mai \u017co\u0142\u0105dka.<\/p>\n","yn_product_avoidable":"<p>\u017bywno\u015b\u0107 i napoje zimne, \u017cywno\u015b\u0107 mikrofalowa i mro\u017cona, jogurt, owoce cytrusowe, zielona sa\u0142ata, kie\u0142ki, przetwory sojowe, mleko sojowe, pomidor, og\u00f3rek, owoce tropikalne, kawa, zielona herbata, czarna herbata, cukier.<\/p>\n","yn_product_tcm_mindmapping":"<p>Niedob\u00f3r Yang\/Qi nerek > Niedob\u00f3r Yang\/Qi serca > Zast\u00f3j p\u0142yn\u00f3w w g\u00f3rnym ogrzewaczu (p\u0142ucach) > Zast\u00f3j krwi i Qi<\/p>\n","yn_product_tongue_body":"<p>Fioletowy, niebieskawy, kr\u00f3tki, s\u0142aby &#8211; pacjent z trudem wyci\u0105ga j\u0119zyk, j\u0119zyk jest przekrwiony, suchy i poplamiony, naczynia w\u0142osowate pod j\u0119zykiem s\u0105 bardzo przekrwione, ciemnoniebieskie do nawet czarnych, dzi\u0105s\u0142a i paznokcie s\u0105 r\u00f3wnie\u017c bardzo ciemnoniebieskie i poplamione.<\/p>\n","yn_product_tongue_coating":"<p>Rzadkie, cienkie, bia\u0142e i suche<\/p>\n","yn_product_pulse_diagnostics":"<p>Og\u00f3lne: chen mai &#8211; g\u0142\u0119boki, wei mai &#8211; nitkowaty, xu mai &#8211; pusty, dai mai &#8211; nieregularny\/regularny, se mai &#8211; szorstki, a czasami tak\u017ce shuo mai &#8211; szybki<br \/>\nPozycja serca: fu mai &#8211; powierzchowny, wei mai &#8211; nitkowaty, se mai &#8211; szorstki, dai mai &#8211; nieregularny\/regularny, xu mai &#8211; pusty<\/p>\n","yn_product_indications":"<p>Og\u00f3lna niewydolno\u015b\u0107 serca (lewej i prawej strony), duszno\u015b\u0107 (wysi\u0142kowa, spoczynkowa, ortopnoea, napadowa duszno\u015b\u0107 nocna), zm\u0119czenie, niedostateczne wyczerpanie po wysi\u0142ku, os\u0142abienie, senno\u015b\u0107, zatrzymanie p\u0142yn\u00f3w (obrz\u0119k n\u00f3g lub brzucha, przyrost masy cia\u0142a), nokturia, suchy kaszel (&#8222;kaszel sercowy&#8221;), szczeg\u00f3lnie w nocy, zawroty g\u0142owy, ko\u0142atanie serca, omdlenia, brak apetytu, nudno\u015bci, wzd\u0119cia, nudno\u015bci, zaparcia, b\u00f3l brzucha, mo\u017cliwa utrata masy cia\u0142a, problemy z pami\u0119ci\u0105.Mo\u017cliwa utrata masy cia\u0142a, zaburzenia pami\u0119ci, dezorientacja, zaburzenia funkcji poznawczych<\/p>\n","yn_product_contra_indications":"<p>Niedob\u00f3r Yin, puste ciep\u0142o, ciep\u0142o krwi, krwotoki i choroby zaka\u017ane<\/p>\n","yn_product_pregnancy":"<p>Przeciwwskazane<\/p>\n","yn_product_herbs":"<p>ramulus cinamomi &#8211; gui zhi, ginseng rubrae radix &#8211; hong shen, lateralis aconiti carmichaeli praeparata radix &#8211; fu zi, atractylodes macrocephalae rhizoma &#8211; bai zhu, poria cocos &#8211; fu ling, ligusticii rhizoma &#8211; chuan xiong, glycyrrhizae uralensis radix cum liquido fricta &#8211; zhi gan cao<\/p>\n","yn_product_magisterrecipes":"<p>Zhi Gan Cao Tang, Shen Fu Tang, Ren Shen Tang, Dang Gui Si Ni Tang<\/p>\n"},"yoast_head":"<!-- This site is optimized with the Yoast SEO plugin v24.9 - https:\/\/yoast.com\/wordpress\/plugins\/seo\/ -->\n<title>Pot\u0119\u017cny kr\u00f3l - Claude Diolosa<\/title>\n<meta name=\"robots\" content=\"index, follow, max-snippet:-1, max-image-preview:large, max-video-preview:-1\" \/>\n<link rel=\"canonical\" href=\"https:\/\/shop.diolosa.com\/pl\/product\/potezny-krol\/\" \/>\n<meta property=\"og:locale\" content=\"pl_PL\" \/>\n<meta property=\"og:type\" content=\"article\" \/>\n<meta property=\"og:title\" content=\"Pot\u0119\u017cny kr\u00f3l - Claude Diolosa\" \/>\n<meta property=\"og:description\" content=\"POWERFUL KING jest przepisywany w leczeniu globalnej niewydolno\u015bci serca (niedob\u00f3r [...]\" \/>\n<meta property=\"og:url\" content=\"https:\/\/shop.diolosa.com\/pl\/product\/potezny-krol\/\" \/>\n<meta property=\"og:site_name\" content=\"Claude Diolosa\" \/>\n<meta property=\"article:publisher\" content=\"https:\/\/facebook.com\/claudediolosa\" \/>\n<meta property=\"article:modified_time\" content=\"2025-05-06T14:19:23+00:00\" \/>\n<meta property=\"og:image\" content=\"https:\/\/shop.diolosa.com\/wp-content\/uploads\/2019\/09\/Presslinge-140.jpg\" \/>\n\t<meta property=\"og:image:width\" content=\"800\" \/>\n\t<meta property=\"og:image:height\" content=\"533\" \/>\n\t<meta property=\"og:image:type\" content=\"image\/jpeg\" \/>\n<meta name=\"twitter:card\" content=\"summary_large_image\" \/>\n<script type=\"application\/ld+json\" class=\"yoast-schema-graph\">{\"@context\":\"https:\/\/schema.org\",\"@graph\":[{\"@type\":\"WebPage\",\"@id\":\"https:\/\/shop.diolosa.com\/pl\/product\/potezny-krol\/\",\"url\":\"https:\/\/shop.diolosa.com\/pl\/product\/potezny-krol\/\",\"name\":\"Pot\u0119\u017cny kr\u00f3l - Claude Diolosa\",\"isPartOf\":{\"@id\":\"https:\/\/shop.diolosa.com\/pl\/#website\"},\"primaryImageOfPage\":{\"@id\":\"https:\/\/shop.diolosa.com\/pl\/product\/potezny-krol\/#primaryimage\"},\"image\":{\"@id\":\"https:\/\/shop.diolosa.com\/pl\/product\/potezny-krol\/#primaryimage\"},\"thumbnailUrl\":\"https:\/\/shop.diolosa.com\/wp-content\/uploads\/2019\/09\/Presslinge-140.jpg\",\"datePublished\":\"2025-03-10T05:57:55+00:00\",\"dateModified\":\"2025-05-06T14:19:23+00:00\",\"breadcrumb\":{\"@id\":\"https:\/\/shop.diolosa.com\/pl\/product\/potezny-krol\/#breadcrumb\"},\"inLanguage\":\"pl-PL\",\"potentialAction\":[{\"@type\":\"ReadAction\",\"target\":[\"https:\/\/shop.diolosa.com\/pl\/product\/potezny-krol\/\"]}]},{\"@type\":\"ImageObject\",\"inLanguage\":\"pl-PL\",\"@id\":\"https:\/\/shop.diolosa.com\/pl\/product\/potezny-krol\/#primaryimage\",\"url\":\"https:\/\/shop.diolosa.com\/wp-content\/uploads\/2019\/09\/Presslinge-140.jpg\",\"contentUrl\":\"https:\/\/shop.diolosa.com\/wp-content\/uploads\/2019\/09\/Presslinge-140.jpg\",\"width\":800,\"height\":533},{\"@type\":\"BreadcrumbList\",\"@id\":\"https:\/\/shop.diolosa.com\/pl\/product\/potezny-krol\/#breadcrumb\",\"itemListElement\":[{\"@type\":\"ListItem\",\"position\":1,\"name\":\"Startseite\",\"item\":\"https:\/\/shop.diolosa.com\/pl\/?page_id=3835710\"},{\"@type\":\"ListItem\",\"position\":2,\"name\":\"Sklep\",\"item\":\"https:\/\/shop.diolosa.com\/pl\/?page_id=3835710\"},{\"@type\":\"ListItem\",\"position\":3,\"name\":\"Pot\u0119\u017cny kr\u00f3l\"}]},{\"@type\":\"WebSite\",\"@id\":\"https:\/\/shop.diolosa.com\/pl\/#website\",\"url\":\"https:\/\/shop.diolosa.com\/pl\/\",\"name\":\"Claude Diolosa\",\"description\":\"\",\"publisher\":{\"@id\":\"https:\/\/shop.diolosa.com\/pl\/#organization\"},\"potentialAction\":[{\"@type\":\"SearchAction\",\"target\":{\"@type\":\"EntryPoint\",\"urlTemplate\":\"https:\/\/shop.diolosa.com\/pl\/?s={search_term_string}\"},\"query-input\":{\"@type\":\"PropertyValueSpecification\",\"valueRequired\":true,\"valueName\":\"search_term_string\"}}],\"inLanguage\":\"pl-PL\"},{\"@type\":\"Organization\",\"@id\":\"https:\/\/shop.diolosa.com\/pl\/#organization\",\"name\":\"Claude Diolosa\",\"url\":\"https:\/\/shop.diolosa.com\/pl\/\",\"logo\":{\"@type\":\"ImageObject\",\"inLanguage\":\"pl-PL\",\"@id\":\"https:\/\/shop.diolosa.com\/pl\/#\/schema\/logo\/image\/\",\"url\":\"https:\/\/shop.diolosa.com\/wp-content\/uploads\/2019\/08\/diolosa-drop-logo-new.png\",\"contentUrl\":\"https:\/\/shop.diolosa.com\/wp-content\/uploads\/2019\/08\/diolosa-drop-logo-new.png\",\"width\":134,\"height\":176,\"caption\":\"Claude Diolosa\"},\"image\":{\"@id\":\"https:\/\/shop.diolosa.com\/pl\/#\/schema\/logo\/image\/\"},\"sameAs\":[\"https:\/\/facebook.com\/claudediolosa\",\"https:\/\/www.instagram.com\/diolosaclaude108\/\"]}]}<\/script>\n<!-- \/ Yoast SEO plugin. -->","yoast_head_json":{"title":"Pot\u0119\u017cny kr\u00f3l - Claude Diolosa","robots":{"index":"index","follow":"follow","max-snippet":"max-snippet:-1","max-image-preview":"max-image-preview:large","max-video-preview":"max-video-preview:-1"},"canonical":"https:\/\/shop.diolosa.com\/pl\/product\/potezny-krol\/","og_locale":"pl_PL","og_type":"article","og_title":"Pot\u0119\u017cny kr\u00f3l - Claude Diolosa","og_description":"POWERFUL KING jest przepisywany w leczeniu globalnej niewydolno\u015bci serca (niedob\u00f3r [...]","og_url":"https:\/\/shop.diolosa.com\/pl\/product\/potezny-krol\/","og_site_name":"Claude Diolosa","article_publisher":"https:\/\/facebook.com\/claudediolosa","article_modified_time":"2025-05-06T14:19:23+00:00","og_image":[{"width":800,"height":533,"url":"https:\/\/shop.diolosa.com\/wp-content\/uploads\/2019\/09\/Presslinge-140.jpg","type":"image\/jpeg"}],"twitter_card":"summary_large_image","schema":{"@context":"https:\/\/schema.org","@graph":[{"@type":"WebPage","@id":"https:\/\/shop.diolosa.com\/pl\/product\/potezny-krol\/","url":"https:\/\/shop.diolosa.com\/pl\/product\/potezny-krol\/","name":"Pot\u0119\u017cny kr\u00f3l - Claude Diolosa","isPartOf":{"@id":"https:\/\/shop.diolosa.com\/pl\/#website"},"primaryImageOfPage":{"@id":"https:\/\/shop.diolosa.com\/pl\/product\/potezny-krol\/#primaryimage"},"image":{"@id":"https:\/\/shop.diolosa.com\/pl\/product\/potezny-krol\/#primaryimage"},"thumbnailUrl":"https:\/\/shop.diolosa.com\/wp-content\/uploads\/2019\/09\/Presslinge-140.jpg","datePublished":"2025-03-10T05:57:55+00:00","dateModified":"2025-05-06T14:19:23+00:00","breadcrumb":{"@id":"https:\/\/shop.diolosa.com\/pl\/product\/potezny-krol\/#breadcrumb"},"inLanguage":"pl-PL","potentialAction":[{"@type":"ReadAction","target":["https:\/\/shop.diolosa.com\/pl\/product\/potezny-krol\/"]}]},{"@type":"ImageObject","inLanguage":"pl-PL","@id":"https:\/\/shop.diolosa.com\/pl\/product\/potezny-krol\/#primaryimage","url":"https:\/\/shop.diolosa.com\/wp-content\/uploads\/2019\/09\/Presslinge-140.jpg","contentUrl":"https:\/\/shop.diolosa.com\/wp-content\/uploads\/2019\/09\/Presslinge-140.jpg","width":800,"height":533},{"@type":"BreadcrumbList","@id":"https:\/\/shop.diolosa.com\/pl\/product\/potezny-krol\/#breadcrumb","itemListElement":[{"@type":"ListItem","position":1,"name":"Startseite","item":"https:\/\/shop.diolosa.com\/pl\/?page_id=3835710"},{"@type":"ListItem","position":2,"name":"Sklep","item":"https:\/\/shop.diolosa.com\/pl\/?page_id=3835710"},{"@type":"ListItem","position":3,"name":"Pot\u0119\u017cny kr\u00f3l"}]},{"@type":"WebSite","@id":"https:\/\/shop.diolosa.com\/pl\/#website","url":"https:\/\/shop.diolosa.com\/pl\/","name":"Claude Diolosa","description":"","publisher":{"@id":"https:\/\/shop.diolosa.com\/pl\/#organization"},"potentialAction":[{"@type":"SearchAction","target":{"@type":"EntryPoint","urlTemplate":"https:\/\/shop.diolosa.com\/pl\/?s={search_term_string}"},"query-input":{"@type":"PropertyValueSpecification","valueRequired":true,"valueName":"search_term_string"}}],"inLanguage":"pl-PL"},{"@type":"Organization","@id":"https:\/\/shop.diolosa.com\/pl\/#organization","name":"Claude Diolosa","url":"https:\/\/shop.diolosa.com\/pl\/","logo":{"@type":"ImageObject","inLanguage":"pl-PL","@id":"https:\/\/shop.diolosa.com\/pl\/#\/schema\/logo\/image\/","url":"https:\/\/shop.diolosa.com\/wp-content\/uploads\/2019\/08\/diolosa-drop-logo-new.png","contentUrl":"https:\/\/shop.diolosa.com\/wp-content\/uploads\/2019\/08\/diolosa-drop-logo-new.png","width":134,"height":176,"caption":"Claude Diolosa"},"image":{"@id":"https:\/\/shop.diolosa.com\/pl\/#\/schema\/logo\/image\/"},"sameAs":["https:\/\/facebook.com\/claudediolosa","https:\/\/www.instagram.com\/diolosaclaude108\/"]}]}},"_links":{"self":[{"href":"https:\/\/shop.diolosa.com\/pl\/wp-json\/wp\/v2\/product\/3841248","targetHints":{"allow":["GET"]}}],"collection":[{"href":"https:\/\/shop.diolosa.com\/pl\/wp-json\/wp\/v2\/product"}],"about":[{"href":"https:\/\/shop.diolosa.com\/pl\/wp-json\/wp\/v2\/types\/product"}],"wp:featuredmedia":[{"embeddable":true,"href":"https:\/\/shop.diolosa.com\/pl\/wp-json\/wp\/v2\/media\/3835943"}],"wp:attachment":[{"href":"https:\/\/shop.diolosa.com\/pl\/wp-json\/wp\/v2\/media?parent=3841248"}],"wp:term":[{"taxonomy":"product_brand","embeddable":true,"href":"https:\/\/shop.diolosa.com\/pl\/wp-json\/wp\/v2\/product_brand?post=3841248"},{"taxonomy":"product_cat","embeddable":true,"href":"https:\/\/shop.diolosa.com\/pl\/wp-json\/wp\/v2\/product_cat?post=3841248"},{"taxonomy":"product_tag","embeddable":true,"href":"https:\/\/shop.diolosa.com\/pl\/wp-json\/wp\/v2\/product_tag?post=3841248"}],"curies":[{"name":"wp","href":"https:\/\/api.w.org\/{rel}","templated":true}]}}