{"id":3841251,"date":"2019-09-04T12:11:28","date_gmt":"2025-03-10T05:57:56","guid":{"rendered":"https:\/\/shop.diolosa.com\/product\/tabletki-chlodzace-do-ust\/"},"modified":"2025-05-06T14:52:52","modified_gmt":"2025-05-06T13:52:52","slug":"tabletki-chlodzace-do-ust","status":"publish","type":"product","link":"https:\/\/shop.diolosa.com\/pl\/product\/tabletki-chlodzace-do-ust\/","title":{"rendered":"Tabletki ch\u0142odz\u0105ce do ust"},"content":{"rendered":"<p>Tabletki COOLING LIPS TABLETS s\u0105 stosowane w leczeniu opryszczki wargowej. Usta s\u0105 nie tylko zewn\u0119trzn\u0105 manifestacj\u0105 \u015bledziony i \u017co\u0142\u0105dka (ziemia), ale tak\u017ce odzwierciedleniem w\u0105troby (g\u00f3rna warga) i jelita grubego (dolna warga). Preparat ten odprowadza mokre ciep\u0142o i toksyny ognia z Yang Ming i Xue Fen (poziom krwi). Tabletki COOLING LIPS TABLETS reguluj\u0105 kr\u0105\u017cenie Qi i uspokajaj\u0105 YI i SHEN.<\/p>\n","protected":false},"excerpt":{"rendered":"<p>Tabletki COOLING LIPS TABLETS s\u0105 stosowane w leczeniu opryszczki wargowej.  [&#8230;]<\/p>\n","protected":false},"featured_media":3835943,"template":"","meta":{"_acf_changed":false},"product_brand":[],"product_cat":[11813,11771],"product_tag":[12352],"class_list":{"0":"post-3841251","1":"product","2":"type-product","3":"status-publish","4":"has-post-thumbnail","6":"product_cat-dermatologia","7":"product_cat-wen-bing-lun-pl","8":"product_tag-opryszczka-wargowa-granulki","10":"first","11":"instock","12":"taxable","13":"shipping-taxable","14":"purchasable","15":"product-type-simple"},"acf":{"yn_product_audio":"https:\/\/shop.diolosa.com\/wp-content\/uploads\/2018\/12\/DL_0353.mp3","yn_product_video":"https:\/\/shop.diolosa.com\/wp-content\/uploads\/2024\/11\/Cooling-Lips-Tabletten-.mp4","yn_product_akupunktur":"<p><strong>Yang Ming Roz\u0142adowanie ciep\u0142a i toksyn<\/strong><br \/>\n\u017co\u0142\u0105dek 36 &#8211; to san li (shu, xia he xue &#8211; \u017co\u0142\u0105dek, si hai xue, si zhong xue) &#8211; xie fa<br \/>\n\u017co\u0142\u0105dek 40 &#8211; feng long (luo) &#8211; xie fa<br \/>\n\u017co\u0142\u0105dek 44 &#8211; nei ting (ying) &#8211; xie fa<br \/>\nkr\u0105\u017cenie 6 &#8211; nei guan (luo, yin wei mai) &#8211; xie fa<br \/>\nren mai 12 &#8211; zhong wan (mo>\u017co\u0142\u0105dek, ba hui xue, jelito cienkie, san chiao, \u017co\u0142\u0105dek) &#8211; xie fa<br \/>\n\u017bo\u0142\u0105dek\/stomach-25 \u5929\u6a1e ti\u0101n sh\u016b.uspokajaj\u0105cy &#8211; xie fa<br \/>\n\u015aledziona\/spleen-15 \u5927\u6a2ad\u00e0 h\u00e9ng. uspokajaj\u0105cy &#8211; xie fa <\/p>\n<p><strong>Dalekie punkty twarzy<\/strong><br \/>\njelito grube 4 &#8211; he gu (yuan) &#8211; xie fa<br \/>\njelito grube 11 &#8211; qu chi &#8211; gui tui (he &#8211; gui) &#8211; xie fa<br \/>\nsan chiao 5 &#8211; wai guan (yang wei mai, luo) &#8211; xie fa<br \/>\nsan chiao 3 &#8211; zhong zhu (shu) &#8211; xie fa<br \/>\n\u017bo\u0142\u0105dek\/Magen-34\u6881\u4e18 li\u00e1ng q\u012bu &#8211; uspokajaj\u0105cy &#8211; xie fa<br \/>\n\u017bo\u0142\u0105dek\/Magen-43\u9677\u8c37xi\u00e0n g\u01d4. uspokajaj\u0105cy &#8211; xie fa <\/p>\n<p><strong>Shen uspokaja<\/strong><br \/>\nserce 7 &#8211; shen men (shu, yuan) &#8211; xie fa<br \/>\nkr\u0105\u017cenie 5 &#8211; jian shi &#8211; gui lu (jing, gui) &#8211; xie fa<br \/>\nyin tang &#8211; M-HN-3 &#8211; xie fa<br \/>\n\u017co\u0142\u0105dek 6 &#8211; jia che &#8211; gui chuan (gui) &#8211; xie fa<br \/>\nDu Mai -20 \u767e\u6703 b\u01cei hu\u00ec.sedate &#8211; xie fa<\/p>\n<p>W\u0105troba <strong>Wy\u0142adowanie Wilgotne Ciep\u0142o<\/strong><br \/>\nw\u0105troba 3 &#8211; tai chong (shu, yuan) &#8211; xie fa<br \/>\nw\u0105troba 2 &#8211; xing jian (ying) &#8211; xie fa<br \/>\n\u015bledziona 6 &#8211; san yin jiao (le,ni,mb) &#8211; xie fa<br \/>\n\u015bledziona 9 &#8211; yin ling quan (he) &#8211; xie fa<br \/>\n\u015bledziona-10 \u8840\u6d77 xu\u00e8 h\u01cei. uspokojenie &#8211; xie fa <\/p>\n","yn_product_verabreichungsart":"Pelety 140szt.","yn_product_dosierung":"<p>Przyjmowa\u0107 3 x 6 do 10 tabletek dziennie, zawsze przed posi\u0142kami i stosowa\u0107 ma\u015b\u0107 na opryszczk\u0119 wargow\u0105 (Cooling Lips Balm).<\/p>\n","yn_product_combinations":"<p>COOLING LIPS BALM (ma\u015b\u0107 na opryszczk\u0119 wargow\u0105), HAPPY DAYS (depresja), OPEN SPACE (zapalenie \u017co\u0142\u0105dka), CLEANSING DAYS TABLETS and TEA (12-dniowy program detoksykacji), QUICK BELLY MOVEMENT (zast\u00f3j pokarmu), PEACEFUL MOMENTS (wrzodziej\u0105ce zapalenie jelita grubego), TAMING THE BULL (p\u00f3\u0142pasiec, w kt\u00f3rym dominuje ciep\u0142o), TAMING THE SNAKE (p\u00f3\u0142pasiec, w kt\u00f3rym dominuje wilgo\u0107)<\/p>\n","yn_product_avoidable":"<p>Stres, alkohol, ostre przyprawy, czekolada, cukier, pieprz, czosnek, por, cebula, ryby, owoce morza, mi\u0119so, szynka, kie\u0142basa, wieprzowina, jagni\u0119cina, przyprawy indyjskie i tajskie.<\/p>\n","yn_product_tcm_mindmapping":"<p>Wirus > Toksyny Mokrego Ciep\u0142a z Xue Fen > Toksyny Mokrego Ciep\u0142a Yang Ming > atakuj\u0105 usta lub zast\u00f3j Qi sprzyja manifestacji Toksyny Mokrego Ciep\u0142a w Yang Ming.<\/p>\n","yn_product_tongue_body":"<p>Szeroki, gruby, spuchni\u0119ty i czerwony<\/p>\n","yn_product_tongue_coating":"<p>\u017b\u00f3\u0142tawy, t\u0142usty, lepki<\/p>\n","yn_product_pulse_diagnostics":"<p>Pozycja brzucha: xian mai &#8211; napi\u0119ty, hua mai &#8211; szybuj\u0105cy, shi mai &#8211; pe\u0142ny, shuo mai &#8211; szybki, se mai &#8211; szorstki<\/p>\n","yn_product_indications":"<p>Stres, opryszczka wargowa, p\u0119cherze gor\u0105czkowe wok\u00f3\u0142 ust<\/p>\n","yn_product_contra_indications":"<p>Niedob\u00f3r Qi i Yang nerek i \u015bledziony z wilgoci\u0105 i zimnem flegmy<\/p>\n","yn_product_pregnancy":"<p>Dozwolone<\/p>\n","yn_product_herbs":"<p>cimicifuga rhizoma &#8211; sheng ma, caulis bambusae in taeniam &#8211; zhu ru, scutellariae baicalensis radix &#8211; huang qin, lonicerae japonicae flos &#8211; jin yin hua, menthae haplocalycis herba &#8211; bo he, paeoniae rubrae radix &#8211; chi shao yao, glycyrrhizae uralensis radix &#8211; gan cao<\/p>\n","yn_product_magisterrecipes":"<p>Huang Lian Wen Dan Tang, Wu Wei Xiao Du Yin, Er Miao San, Wu Wei Xiao Du Yin, Huang Lian Jie Du Dan, Qing Dai San<\/p>\n"},"yoast_head":"<!-- This site is optimized with the Yoast SEO plugin v24.9 - https:\/\/yoast.com\/wordpress\/plugins\/seo\/ -->\n<title>Tabletki ch\u0142odz\u0105ce do ust - Claude Diolosa<\/title>\n<meta name=\"robots\" content=\"index, follow, max-snippet:-1, max-image-preview:large, max-video-preview:-1\" \/>\n<link rel=\"canonical\" href=\"https:\/\/shop.diolosa.com\/pl\/product\/tabletki-chlodzace-do-ust\/\" \/>\n<meta property=\"og:locale\" content=\"pl_PL\" \/>\n<meta property=\"og:type\" content=\"article\" \/>\n<meta property=\"og:title\" content=\"Tabletki ch\u0142odz\u0105ce do ust - Claude Diolosa\" \/>\n<meta property=\"og:description\" content=\"Tabletki COOLING LIPS TABLETS s\u0105 stosowane w leczeniu opryszczki wargowej. [...]\" \/>\n<meta property=\"og:url\" content=\"https:\/\/shop.diolosa.com\/pl\/product\/tabletki-chlodzace-do-ust\/\" \/>\n<meta property=\"og:site_name\" content=\"Claude Diolosa\" \/>\n<meta property=\"article:publisher\" content=\"https:\/\/facebook.com\/claudediolosa\" \/>\n<meta property=\"article:modified_time\" content=\"2025-05-06T13:52:52+00:00\" \/>\n<meta property=\"og:image\" content=\"https:\/\/shop.diolosa.com\/wp-content\/uploads\/2019\/09\/Presslinge-140.jpg\" \/>\n\t<meta property=\"og:image:width\" content=\"800\" \/>\n\t<meta property=\"og:image:height\" content=\"533\" \/>\n\t<meta property=\"og:image:type\" content=\"image\/jpeg\" \/>\n<meta name=\"twitter:card\" content=\"summary_large_image\" \/>\n<script type=\"application\/ld+json\" class=\"yoast-schema-graph\">{\"@context\":\"https:\/\/schema.org\",\"@graph\":[{\"@type\":\"WebPage\",\"@id\":\"https:\/\/shop.diolosa.com\/pl\/product\/tabletki-chlodzace-do-ust\/\",\"url\":\"https:\/\/shop.diolosa.com\/pl\/product\/tabletki-chlodzace-do-ust\/\",\"name\":\"Tabletki ch\u0142odz\u0105ce do ust - Claude Diolosa\",\"isPartOf\":{\"@id\":\"https:\/\/shop.diolosa.com\/pl\/#website\"},\"primaryImageOfPage\":{\"@id\":\"https:\/\/shop.diolosa.com\/pl\/product\/tabletki-chlodzace-do-ust\/#primaryimage\"},\"image\":{\"@id\":\"https:\/\/shop.diolosa.com\/pl\/product\/tabletki-chlodzace-do-ust\/#primaryimage\"},\"thumbnailUrl\":\"https:\/\/shop.diolosa.com\/wp-content\/uploads\/2019\/09\/Presslinge-140.jpg\",\"datePublished\":\"2025-03-10T05:57:56+00:00\",\"dateModified\":\"2025-05-06T13:52:52+00:00\",\"breadcrumb\":{\"@id\":\"https:\/\/shop.diolosa.com\/pl\/product\/tabletki-chlodzace-do-ust\/#breadcrumb\"},\"inLanguage\":\"pl-PL\",\"potentialAction\":[{\"@type\":\"ReadAction\",\"target\":[\"https:\/\/shop.diolosa.com\/pl\/product\/tabletki-chlodzace-do-ust\/\"]}]},{\"@type\":\"ImageObject\",\"inLanguage\":\"pl-PL\",\"@id\":\"https:\/\/shop.diolosa.com\/pl\/product\/tabletki-chlodzace-do-ust\/#primaryimage\",\"url\":\"https:\/\/shop.diolosa.com\/wp-content\/uploads\/2019\/09\/Presslinge-140.jpg\",\"contentUrl\":\"https:\/\/shop.diolosa.com\/wp-content\/uploads\/2019\/09\/Presslinge-140.jpg\",\"width\":800,\"height\":533},{\"@type\":\"BreadcrumbList\",\"@id\":\"https:\/\/shop.diolosa.com\/pl\/product\/tabletki-chlodzace-do-ust\/#breadcrumb\",\"itemListElement\":[{\"@type\":\"ListItem\",\"position\":1,\"name\":\"Startseite\",\"item\":\"https:\/\/shop.diolosa.com\/pl\/?page_id=3835710\"},{\"@type\":\"ListItem\",\"position\":2,\"name\":\"Sklep\",\"item\":\"https:\/\/shop.diolosa.com\/pl\/?page_id=3835710\"},{\"@type\":\"ListItem\",\"position\":3,\"name\":\"Tabletki ch\u0142odz\u0105ce do ust\"}]},{\"@type\":\"WebSite\",\"@id\":\"https:\/\/shop.diolosa.com\/pl\/#website\",\"url\":\"https:\/\/shop.diolosa.com\/pl\/\",\"name\":\"Claude Diolosa\",\"description\":\"\",\"publisher\":{\"@id\":\"https:\/\/shop.diolosa.com\/pl\/#organization\"},\"potentialAction\":[{\"@type\":\"SearchAction\",\"target\":{\"@type\":\"EntryPoint\",\"urlTemplate\":\"https:\/\/shop.diolosa.com\/pl\/?s={search_term_string}\"},\"query-input\":{\"@type\":\"PropertyValueSpecification\",\"valueRequired\":true,\"valueName\":\"search_term_string\"}}],\"inLanguage\":\"pl-PL\"},{\"@type\":\"Organization\",\"@id\":\"https:\/\/shop.diolosa.com\/pl\/#organization\",\"name\":\"Claude Diolosa\",\"url\":\"https:\/\/shop.diolosa.com\/pl\/\",\"logo\":{\"@type\":\"ImageObject\",\"inLanguage\":\"pl-PL\",\"@id\":\"https:\/\/shop.diolosa.com\/pl\/#\/schema\/logo\/image\/\",\"url\":\"https:\/\/shop.diolosa.com\/wp-content\/uploads\/2019\/08\/diolosa-drop-logo-new.png\",\"contentUrl\":\"https:\/\/shop.diolosa.com\/wp-content\/uploads\/2019\/08\/diolosa-drop-logo-new.png\",\"width\":134,\"height\":176,\"caption\":\"Claude Diolosa\"},\"image\":{\"@id\":\"https:\/\/shop.diolosa.com\/pl\/#\/schema\/logo\/image\/\"},\"sameAs\":[\"https:\/\/facebook.com\/claudediolosa\",\"https:\/\/www.instagram.com\/diolosaclaude108\/\"]}]}<\/script>\n<!-- \/ Yoast SEO plugin. -->","yoast_head_json":{"title":"Tabletki ch\u0142odz\u0105ce do ust - Claude Diolosa","robots":{"index":"index","follow":"follow","max-snippet":"max-snippet:-1","max-image-preview":"max-image-preview:large","max-video-preview":"max-video-preview:-1"},"canonical":"https:\/\/shop.diolosa.com\/pl\/product\/tabletki-chlodzace-do-ust\/","og_locale":"pl_PL","og_type":"article","og_title":"Tabletki ch\u0142odz\u0105ce do ust - Claude Diolosa","og_description":"Tabletki COOLING LIPS TABLETS s\u0105 stosowane w leczeniu opryszczki wargowej. [...]","og_url":"https:\/\/shop.diolosa.com\/pl\/product\/tabletki-chlodzace-do-ust\/","og_site_name":"Claude Diolosa","article_publisher":"https:\/\/facebook.com\/claudediolosa","article_modified_time":"2025-05-06T13:52:52+00:00","og_image":[{"width":800,"height":533,"url":"https:\/\/shop.diolosa.com\/wp-content\/uploads\/2019\/09\/Presslinge-140.jpg","type":"image\/jpeg"}],"twitter_card":"summary_large_image","schema":{"@context":"https:\/\/schema.org","@graph":[{"@type":"WebPage","@id":"https:\/\/shop.diolosa.com\/pl\/product\/tabletki-chlodzace-do-ust\/","url":"https:\/\/shop.diolosa.com\/pl\/product\/tabletki-chlodzace-do-ust\/","name":"Tabletki ch\u0142odz\u0105ce do ust - Claude Diolosa","isPartOf":{"@id":"https:\/\/shop.diolosa.com\/pl\/#website"},"primaryImageOfPage":{"@id":"https:\/\/shop.diolosa.com\/pl\/product\/tabletki-chlodzace-do-ust\/#primaryimage"},"image":{"@id":"https:\/\/shop.diolosa.com\/pl\/product\/tabletki-chlodzace-do-ust\/#primaryimage"},"thumbnailUrl":"https:\/\/shop.diolosa.com\/wp-content\/uploads\/2019\/09\/Presslinge-140.jpg","datePublished":"2025-03-10T05:57:56+00:00","dateModified":"2025-05-06T13:52:52+00:00","breadcrumb":{"@id":"https:\/\/shop.diolosa.com\/pl\/product\/tabletki-chlodzace-do-ust\/#breadcrumb"},"inLanguage":"pl-PL","potentialAction":[{"@type":"ReadAction","target":["https:\/\/shop.diolosa.com\/pl\/product\/tabletki-chlodzace-do-ust\/"]}]},{"@type":"ImageObject","inLanguage":"pl-PL","@id":"https:\/\/shop.diolosa.com\/pl\/product\/tabletki-chlodzace-do-ust\/#primaryimage","url":"https:\/\/shop.diolosa.com\/wp-content\/uploads\/2019\/09\/Presslinge-140.jpg","contentUrl":"https:\/\/shop.diolosa.com\/wp-content\/uploads\/2019\/09\/Presslinge-140.jpg","width":800,"height":533},{"@type":"BreadcrumbList","@id":"https:\/\/shop.diolosa.com\/pl\/product\/tabletki-chlodzace-do-ust\/#breadcrumb","itemListElement":[{"@type":"ListItem","position":1,"name":"Startseite","item":"https:\/\/shop.diolosa.com\/pl\/?page_id=3835710"},{"@type":"ListItem","position":2,"name":"Sklep","item":"https:\/\/shop.diolosa.com\/pl\/?page_id=3835710"},{"@type":"ListItem","position":3,"name":"Tabletki ch\u0142odz\u0105ce do ust"}]},{"@type":"WebSite","@id":"https:\/\/shop.diolosa.com\/pl\/#website","url":"https:\/\/shop.diolosa.com\/pl\/","name":"Claude Diolosa","description":"","publisher":{"@id":"https:\/\/shop.diolosa.com\/pl\/#organization"},"potentialAction":[{"@type":"SearchAction","target":{"@type":"EntryPoint","urlTemplate":"https:\/\/shop.diolosa.com\/pl\/?s={search_term_string}"},"query-input":{"@type":"PropertyValueSpecification","valueRequired":true,"valueName":"search_term_string"}}],"inLanguage":"pl-PL"},{"@type":"Organization","@id":"https:\/\/shop.diolosa.com\/pl\/#organization","name":"Claude Diolosa","url":"https:\/\/shop.diolosa.com\/pl\/","logo":{"@type":"ImageObject","inLanguage":"pl-PL","@id":"https:\/\/shop.diolosa.com\/pl\/#\/schema\/logo\/image\/","url":"https:\/\/shop.diolosa.com\/wp-content\/uploads\/2019\/08\/diolosa-drop-logo-new.png","contentUrl":"https:\/\/shop.diolosa.com\/wp-content\/uploads\/2019\/08\/diolosa-drop-logo-new.png","width":134,"height":176,"caption":"Claude Diolosa"},"image":{"@id":"https:\/\/shop.diolosa.com\/pl\/#\/schema\/logo\/image\/"},"sameAs":["https:\/\/facebook.com\/claudediolosa","https:\/\/www.instagram.com\/diolosaclaude108\/"]}]}},"_links":{"self":[{"href":"https:\/\/shop.diolosa.com\/pl\/wp-json\/wp\/v2\/product\/3841251","targetHints":{"allow":["GET"]}}],"collection":[{"href":"https:\/\/shop.diolosa.com\/pl\/wp-json\/wp\/v2\/product"}],"about":[{"href":"https:\/\/shop.diolosa.com\/pl\/wp-json\/wp\/v2\/types\/product"}],"wp:featuredmedia":[{"embeddable":true,"href":"https:\/\/shop.diolosa.com\/pl\/wp-json\/wp\/v2\/media\/3835943"}],"wp:attachment":[{"href":"https:\/\/shop.diolosa.com\/pl\/wp-json\/wp\/v2\/media?parent=3841251"}],"wp:term":[{"taxonomy":"product_brand","embeddable":true,"href":"https:\/\/shop.diolosa.com\/pl\/wp-json\/wp\/v2\/product_brand?post=3841251"},{"taxonomy":"product_cat","embeddable":true,"href":"https:\/\/shop.diolosa.com\/pl\/wp-json\/wp\/v2\/product_cat?post=3841251"},{"taxonomy":"product_tag","embeddable":true,"href":"https:\/\/shop.diolosa.com\/pl\/wp-json\/wp\/v2\/product_tag?post=3841251"}],"curies":[{"name":"wp","href":"https:\/\/api.w.org\/{rel}","templated":true}]}}