{"id":3841252,"date":"2019-09-04T12:11:44","date_gmt":"2025-03-10T05:57:56","guid":{"rendered":"https:\/\/shop.diolosa.com\/product\/oswajanie-weza\/"},"modified":"2025-05-06T15:19:25","modified_gmt":"2025-05-06T14:19:25","slug":"oswajanie-weza","status":"publish","type":"product","link":"https:\/\/shop.diolosa.com\/pl\/product\/oswajanie-weza\/","title":{"rendered":"Oswajanie w\u0119\u017ca"},"content":{"rendered":"<p>TAMING THE SNAKE jest zalecany do leczenia p\u00f3\u0142pa\u015bca, gdy dominuje wilgo\u0107 (p\u0119cherze) i dla typ\u00f3w konstytucji ziemskiej z pierwotnym os\u0142abieniem \u015bledziony. Preparat ten tonizuje \u015bledzion\u0119, przekszta\u0142ca wilgo\u0107, porusza Qi \u015brodkowego ogrzewacza, eliminuje toksyny ognia i \u0142agodzi b\u00f3l. G\u0142\u00f3wnym celem tego preparatu jest wilgo\u0107 i towarzysz\u0105ce jej zaburzenia wch\u0142aniania. Je\u015bli Wilgo\u0107 dominuje w konstytucji z niedoborem Qi \u015aledziony, toksyny Wilgoci i Ciep\u0142a s\u0105 nadal zamkni\u0119te w XUE FEN. S\u0142abo\u015b\u0107 obronnej Qi i szok emocjonalny sprzyjaj\u0105 tej wt\u00f3rnej formie.<\/p>\n","protected":false},"excerpt":{"rendered":"<p>TAMING THE SNAKE jest zalecany do leczenia p\u00f3\u0142pa\u015bca, gdy dominuje  [&#8230;]<\/p>\n","protected":false},"featured_media":3835943,"template":"","meta":{"_acf_changed":false},"product_brand":[],"product_cat":[11813,11771],"product_tag":[12353],"class_list":{"0":"post-3841252","1":"product","2":"type-product","3":"status-publish","4":"has-post-thumbnail","6":"product_cat-dermatologia","7":"product_cat-wen-bing-lun-pl","8":"product_tag-herpes-zoster-sledziona","10":"first","11":"instock","12":"taxable","13":"shipping-taxable","14":"purchasable","15":"product-type-simple"},"acf":{"yn_product_audio":"https:\/\/shop.diolosa.com\/wp-content\/uploads\/2018\/12\/DL_0782.mp3","yn_product_video":"https:\/\/shop.diolosa.com\/wp-content\/uploads\/2024\/11\/Taming-the-Snake-1.mp4","yn_product_akupunktur":"<p><strong>Tonizuje qi \u015bledziony i odprowadza wilgo\u0107<br \/>\n<\/strong><br \/>\n p\u0119cherz 20 &#8211; pi shu &#8211; bu fa<br \/>\n\u015bledziona 3 &#8211; tai bai (shu, yuan) &#8211; bu fa<br \/>\n\u017co\u0142\u0105dek\/\u017co\u0142\u0105dek-40 \u8c50\u9686 f\u0113ng l\u00f3ng sedate &#8211; xie fa<br \/>\n\u015bledziona 9 &#8211; yin ling quan (he) &#8211; xie fa<br \/>\n\u015bledziona 6 &#8211; san yin jiao (le,ni,mb) &#8211; xie fa<br \/>\nren mai 9 &#8211; shui fen &#8211; xie fa<br \/>\n\u017co\u0142\u0105dek 28 &#8211; shui dao &#8211; xie fa<br \/>\np\u0119cherz 39 &#8211; wei yang (xia he xue &#8211; san chiao) &#8211; xie fa<br \/>\np\u0119cherz 40 &#8211; wei zhong (he, xia he xue &#8211; p\u0119cherz, xi krwi, jing bie ni\/bl) &#8211; pozw\u00f3l krwawi\u0107<\/p>\n<p><strong>W\u0105troba wt\u00f3rna Wilgo\u0107 Wydzielanie ciep\u0142a<br \/>\n<\/strong><br \/>\n w\u0105troba 3 &#8211; tai chong (shu, yuan) &#8211; xie fa<br \/>\nw\u0105troba 2 &#8211; xing jian (ying) &#8211; xie fa<\/p>\n<p><strong>P\u0119cherzyk \u017c\u00f3\u0142ciowy wt\u00f3rny Wilgo\u0107 Wy\u0142adowanie ciep\u0142a<br \/>\n<\/strong><br \/>\n p\u0119cherzyk \u017c\u00f3\u0142ciowy 34 &#8211; yang ling quan (he, xia he xue, gui) &#8211; xie fa<br \/>\np\u0119cherzyk \u017c\u00f3\u0142ciowy 41 &#8211; zu lin qi (dai mai, shu) &#8211; xie fa<\/p>\n<p><strong>Ciep\u0142o krwi i oczyszczanie z toksyn &#8211; ba\u0144ki &#8211; puszczanie krwi<br \/>\n<\/strong><br \/>\n kr\u0105\u017cenie 5 &#8211; jian shi (jing) &#8211; xie fa<br \/>\nkr\u0105\u017cenie 8 &#8211; lao gong &#8211; gui cu (ying. gui, gui) &#8211; xie fa<br \/>\nkr\u0105\u017cenie 3 &#8211; qu ze (he) &#8211; krwawe ba\u0144ki<br \/>\nokr\u0119\u017cnica 11 &#8211; qu chi (he &#8211; gui) &#8211; xie fa<br \/>\np\u0119cherz 17 &#8211; ge shu (krew) &#8211; krwawe ba\u0144ki<br \/>\np\u0119cherz 18 &#8211; gan shu &#8211; krwawe ba\u0144ki<\/p>\n<p><strong>B\u00f3l neurologiczny<br \/>\n<\/strong><br \/>\n san chiao 5 &#8211; wai guan (yang wei mai, luo) &#8211; xie fa<br \/>\np\u0119cherz 62 &#8211; shen mai &#8211; gui lu (yang qiao mai) &#8211; xie fa<br \/>\nsan chiao 3 &#8211; zhong zhu (shu) &#8211; xie fa<br \/>\nworeczek \u017c\u00f3\u0142ciowy 41 &#8211; zu lin qi (dai mai, shu) &#8211; xie fa<br \/>\np\u0119cherz moczowy 18 &#8211; gan shu &#8211; ba\u0144ki<br \/>\np\u0119cherz moczowy 17 &#8211; ge shu (krew) &#8211; ba\u0144ki<\/p>\n","yn_product_verabreichungsart":"Pelety 140szt.","yn_product_dosierung":"<p>3 x 6 do 10 tabletek dziennie, zawsze przed posi\u0142kami<\/p>\n","yn_product_combinations":"<p>Tabletki i herbata CLEANSING DAYS (kuracja odtruwaj\u0105ca), \u017b\u00d3\u0141TY SMOK (zapalenie w\u0105troby typu B), GOR\u0104CA STRZA\u0141A (ostre zapalenie p\u0119cherza moczowego), GOR\u0104CE STRZA\u0141Y (toksyny mokrego ciep\u0142a w Jue Yin), PI\u0118\u0106 ZI\u00d3\u0141 (toksyny mokrego ciep\u0142a), PI\u0118\u0106 SMOK\u00d3W (Luo Mai i b\u00f3l).<\/p>\n","yn_product_avoidable":"<p>Cukier, produkty mleczne, zw\u0142aszcza sery, sma\u017cone potrawy, ocet, ostre przyprawy, czosnek, por, cebula, przetwory pszenne, makarony, pizza, pasty, chili, papryka.<\/p>\n","yn_product_tcm_mindmapping":"<p>Niedob\u00f3r Qi \u015bledziony > Wilgo\u0107 > Zast\u00f3j Qi i krwi > Wilgo\u0107 > Toksyny cieplne w Xue Fen > Wilgo\u0107 sk\u00f3ry > Toksyny cieplne<\/p>\n","yn_product_tongue_body":"<p>Okr\u0105g\u0142e, szerokie \u015blady z\u0119b\u00f3w, wilgotne i czerwone<\/p>\n","yn_product_tongue_coating":"<p>\u017b\u00f3\u0142tawy i wilgotny<\/p>\n","yn_product_pulse_diagnostics":"<p>Pozycja w\u0105troby: da mai &#8211; szeroka, hua mai &#8211; szybuj\u0105ca, shi mai &#8211; pe\u0142na, shuo mai &#8211; szybka<br \/>\nPozycja \u015bledziony: chen mai &#8211; g\u0142\u0119boka, duan mai &#8211; kr\u00f3tka, da mai &#8211; szeroka, xu mai &#8211; pusta<\/p>\n","yn_product_indications":"<p>Przewlek\u0142a posta\u0107 p\u00f3\u0142pa\u015bca z pierwotnym zespo\u0142em z\u0142ego wch\u0142aniania, papkowatymi stolcami, cuchn\u0105cymi wydzielinami, m\u0119tnym moczem.<\/p>\n","yn_product_contra_indications":"<p>Pierwotne toksyny ognia i wilgotnego ciep\u0142a w postaci opryszczki zoster, niedoboru Yin i pustego ciep\u0142a<\/p>\n","yn_product_pregnancy":"<p>Dozwolone<\/p>\n","yn_product_herbs":"<p>atractylodes lanceatae rhizoma &#8211; cang zhu, magnoliae officinalis cortex &#8211; hou po, citri reticulatae pericarpium &#8211; chen pi, glycyrrhizae uralensis radix &#8211; gan cao, sclerotium poriae cocos rubrae &#8211; chi fu ling<\/p>\n","yn_product_magisterrecipes":"<p>Si Miao San, Chu Shi Wei Ling Tang<\/p>\n"},"yoast_head":"<!-- This site is optimized with the Yoast SEO plugin v24.9 - https:\/\/yoast.com\/wordpress\/plugins\/seo\/ -->\n<title>Oswajanie w\u0119\u017ca - Claude Diolosa<\/title>\n<meta name=\"robots\" content=\"index, follow, max-snippet:-1, max-image-preview:large, max-video-preview:-1\" \/>\n<link rel=\"canonical\" href=\"https:\/\/shop.diolosa.com\/pl\/product\/oswajanie-weza\/\" \/>\n<meta property=\"og:locale\" content=\"pl_PL\" \/>\n<meta property=\"og:type\" content=\"article\" \/>\n<meta property=\"og:title\" content=\"Oswajanie w\u0119\u017ca - Claude Diolosa\" \/>\n<meta property=\"og:description\" content=\"TAMING THE SNAKE jest zalecany do leczenia p\u00f3\u0142pa\u015bca, gdy dominuje [...]\" \/>\n<meta property=\"og:url\" content=\"https:\/\/shop.diolosa.com\/pl\/product\/oswajanie-weza\/\" \/>\n<meta property=\"og:site_name\" content=\"Claude Diolosa\" \/>\n<meta property=\"article:publisher\" content=\"https:\/\/facebook.com\/claudediolosa\" \/>\n<meta property=\"article:modified_time\" content=\"2025-05-06T14:19:25+00:00\" \/>\n<meta property=\"og:image\" content=\"https:\/\/shop.diolosa.com\/wp-content\/uploads\/2019\/09\/Presslinge-140.jpg\" \/>\n\t<meta property=\"og:image:width\" content=\"800\" \/>\n\t<meta property=\"og:image:height\" content=\"533\" \/>\n\t<meta property=\"og:image:type\" content=\"image\/jpeg\" \/>\n<meta name=\"twitter:card\" content=\"summary_large_image\" \/>\n<script type=\"application\/ld+json\" class=\"yoast-schema-graph\">{\"@context\":\"https:\/\/schema.org\",\"@graph\":[{\"@type\":\"WebPage\",\"@id\":\"https:\/\/shop.diolosa.com\/pl\/product\/oswajanie-weza\/\",\"url\":\"https:\/\/shop.diolosa.com\/pl\/product\/oswajanie-weza\/\",\"name\":\"Oswajanie w\u0119\u017ca - Claude Diolosa\",\"isPartOf\":{\"@id\":\"https:\/\/shop.diolosa.com\/pl\/#website\"},\"primaryImageOfPage\":{\"@id\":\"https:\/\/shop.diolosa.com\/pl\/product\/oswajanie-weza\/#primaryimage\"},\"image\":{\"@id\":\"https:\/\/shop.diolosa.com\/pl\/product\/oswajanie-weza\/#primaryimage\"},\"thumbnailUrl\":\"https:\/\/shop.diolosa.com\/wp-content\/uploads\/2019\/09\/Presslinge-140.jpg\",\"datePublished\":\"2025-03-10T05:57:56+00:00\",\"dateModified\":\"2025-05-06T14:19:25+00:00\",\"breadcrumb\":{\"@id\":\"https:\/\/shop.diolosa.com\/pl\/product\/oswajanie-weza\/#breadcrumb\"},\"inLanguage\":\"pl-PL\",\"potentialAction\":[{\"@type\":\"ReadAction\",\"target\":[\"https:\/\/shop.diolosa.com\/pl\/product\/oswajanie-weza\/\"]}]},{\"@type\":\"ImageObject\",\"inLanguage\":\"pl-PL\",\"@id\":\"https:\/\/shop.diolosa.com\/pl\/product\/oswajanie-weza\/#primaryimage\",\"url\":\"https:\/\/shop.diolosa.com\/wp-content\/uploads\/2019\/09\/Presslinge-140.jpg\",\"contentUrl\":\"https:\/\/shop.diolosa.com\/wp-content\/uploads\/2019\/09\/Presslinge-140.jpg\",\"width\":800,\"height\":533},{\"@type\":\"BreadcrumbList\",\"@id\":\"https:\/\/shop.diolosa.com\/pl\/product\/oswajanie-weza\/#breadcrumb\",\"itemListElement\":[{\"@type\":\"ListItem\",\"position\":1,\"name\":\"Startseite\",\"item\":\"https:\/\/shop.diolosa.com\/pl\/?page_id=3835710\"},{\"@type\":\"ListItem\",\"position\":2,\"name\":\"Sklep\",\"item\":\"https:\/\/shop.diolosa.com\/pl\/?page_id=3835710\"},{\"@type\":\"ListItem\",\"position\":3,\"name\":\"Oswajanie w\u0119\u017ca\"}]},{\"@type\":\"WebSite\",\"@id\":\"https:\/\/shop.diolosa.com\/pl\/#website\",\"url\":\"https:\/\/shop.diolosa.com\/pl\/\",\"name\":\"Claude Diolosa\",\"description\":\"\",\"publisher\":{\"@id\":\"https:\/\/shop.diolosa.com\/pl\/#organization\"},\"potentialAction\":[{\"@type\":\"SearchAction\",\"target\":{\"@type\":\"EntryPoint\",\"urlTemplate\":\"https:\/\/shop.diolosa.com\/pl\/?s={search_term_string}\"},\"query-input\":{\"@type\":\"PropertyValueSpecification\",\"valueRequired\":true,\"valueName\":\"search_term_string\"}}],\"inLanguage\":\"pl-PL\"},{\"@type\":\"Organization\",\"@id\":\"https:\/\/shop.diolosa.com\/pl\/#organization\",\"name\":\"Claude Diolosa\",\"url\":\"https:\/\/shop.diolosa.com\/pl\/\",\"logo\":{\"@type\":\"ImageObject\",\"inLanguage\":\"pl-PL\",\"@id\":\"https:\/\/shop.diolosa.com\/pl\/#\/schema\/logo\/image\/\",\"url\":\"https:\/\/shop.diolosa.com\/wp-content\/uploads\/2019\/08\/diolosa-drop-logo-new.png\",\"contentUrl\":\"https:\/\/shop.diolosa.com\/wp-content\/uploads\/2019\/08\/diolosa-drop-logo-new.png\",\"width\":134,\"height\":176,\"caption\":\"Claude Diolosa\"},\"image\":{\"@id\":\"https:\/\/shop.diolosa.com\/pl\/#\/schema\/logo\/image\/\"},\"sameAs\":[\"https:\/\/facebook.com\/claudediolosa\",\"https:\/\/www.instagram.com\/diolosaclaude108\/\"]}]}<\/script>\n<!-- \/ Yoast SEO plugin. -->","yoast_head_json":{"title":"Oswajanie w\u0119\u017ca - Claude Diolosa","robots":{"index":"index","follow":"follow","max-snippet":"max-snippet:-1","max-image-preview":"max-image-preview:large","max-video-preview":"max-video-preview:-1"},"canonical":"https:\/\/shop.diolosa.com\/pl\/product\/oswajanie-weza\/","og_locale":"pl_PL","og_type":"article","og_title":"Oswajanie w\u0119\u017ca - Claude Diolosa","og_description":"TAMING THE SNAKE jest zalecany do leczenia p\u00f3\u0142pa\u015bca, gdy dominuje [...]","og_url":"https:\/\/shop.diolosa.com\/pl\/product\/oswajanie-weza\/","og_site_name":"Claude Diolosa","article_publisher":"https:\/\/facebook.com\/claudediolosa","article_modified_time":"2025-05-06T14:19:25+00:00","og_image":[{"width":800,"height":533,"url":"https:\/\/shop.diolosa.com\/wp-content\/uploads\/2019\/09\/Presslinge-140.jpg","type":"image\/jpeg"}],"twitter_card":"summary_large_image","schema":{"@context":"https:\/\/schema.org","@graph":[{"@type":"WebPage","@id":"https:\/\/shop.diolosa.com\/pl\/product\/oswajanie-weza\/","url":"https:\/\/shop.diolosa.com\/pl\/product\/oswajanie-weza\/","name":"Oswajanie w\u0119\u017ca - Claude Diolosa","isPartOf":{"@id":"https:\/\/shop.diolosa.com\/pl\/#website"},"primaryImageOfPage":{"@id":"https:\/\/shop.diolosa.com\/pl\/product\/oswajanie-weza\/#primaryimage"},"image":{"@id":"https:\/\/shop.diolosa.com\/pl\/product\/oswajanie-weza\/#primaryimage"},"thumbnailUrl":"https:\/\/shop.diolosa.com\/wp-content\/uploads\/2019\/09\/Presslinge-140.jpg","datePublished":"2025-03-10T05:57:56+00:00","dateModified":"2025-05-06T14:19:25+00:00","breadcrumb":{"@id":"https:\/\/shop.diolosa.com\/pl\/product\/oswajanie-weza\/#breadcrumb"},"inLanguage":"pl-PL","potentialAction":[{"@type":"ReadAction","target":["https:\/\/shop.diolosa.com\/pl\/product\/oswajanie-weza\/"]}]},{"@type":"ImageObject","inLanguage":"pl-PL","@id":"https:\/\/shop.diolosa.com\/pl\/product\/oswajanie-weza\/#primaryimage","url":"https:\/\/shop.diolosa.com\/wp-content\/uploads\/2019\/09\/Presslinge-140.jpg","contentUrl":"https:\/\/shop.diolosa.com\/wp-content\/uploads\/2019\/09\/Presslinge-140.jpg","width":800,"height":533},{"@type":"BreadcrumbList","@id":"https:\/\/shop.diolosa.com\/pl\/product\/oswajanie-weza\/#breadcrumb","itemListElement":[{"@type":"ListItem","position":1,"name":"Startseite","item":"https:\/\/shop.diolosa.com\/pl\/?page_id=3835710"},{"@type":"ListItem","position":2,"name":"Sklep","item":"https:\/\/shop.diolosa.com\/pl\/?page_id=3835710"},{"@type":"ListItem","position":3,"name":"Oswajanie w\u0119\u017ca"}]},{"@type":"WebSite","@id":"https:\/\/shop.diolosa.com\/pl\/#website","url":"https:\/\/shop.diolosa.com\/pl\/","name":"Claude Diolosa","description":"","publisher":{"@id":"https:\/\/shop.diolosa.com\/pl\/#organization"},"potentialAction":[{"@type":"SearchAction","target":{"@type":"EntryPoint","urlTemplate":"https:\/\/shop.diolosa.com\/pl\/?s={search_term_string}"},"query-input":{"@type":"PropertyValueSpecification","valueRequired":true,"valueName":"search_term_string"}}],"inLanguage":"pl-PL"},{"@type":"Organization","@id":"https:\/\/shop.diolosa.com\/pl\/#organization","name":"Claude Diolosa","url":"https:\/\/shop.diolosa.com\/pl\/","logo":{"@type":"ImageObject","inLanguage":"pl-PL","@id":"https:\/\/shop.diolosa.com\/pl\/#\/schema\/logo\/image\/","url":"https:\/\/shop.diolosa.com\/wp-content\/uploads\/2019\/08\/diolosa-drop-logo-new.png","contentUrl":"https:\/\/shop.diolosa.com\/wp-content\/uploads\/2019\/08\/diolosa-drop-logo-new.png","width":134,"height":176,"caption":"Claude Diolosa"},"image":{"@id":"https:\/\/shop.diolosa.com\/pl\/#\/schema\/logo\/image\/"},"sameAs":["https:\/\/facebook.com\/claudediolosa","https:\/\/www.instagram.com\/diolosaclaude108\/"]}]}},"_links":{"self":[{"href":"https:\/\/shop.diolosa.com\/pl\/wp-json\/wp\/v2\/product\/3841252","targetHints":{"allow":["GET"]}}],"collection":[{"href":"https:\/\/shop.diolosa.com\/pl\/wp-json\/wp\/v2\/product"}],"about":[{"href":"https:\/\/shop.diolosa.com\/pl\/wp-json\/wp\/v2\/types\/product"}],"wp:featuredmedia":[{"embeddable":true,"href":"https:\/\/shop.diolosa.com\/pl\/wp-json\/wp\/v2\/media\/3835943"}],"wp:attachment":[{"href":"https:\/\/shop.diolosa.com\/pl\/wp-json\/wp\/v2\/media?parent=3841252"}],"wp:term":[{"taxonomy":"product_brand","embeddable":true,"href":"https:\/\/shop.diolosa.com\/pl\/wp-json\/wp\/v2\/product_brand?post=3841252"},{"taxonomy":"product_cat","embeddable":true,"href":"https:\/\/shop.diolosa.com\/pl\/wp-json\/wp\/v2\/product_cat?post=3841252"},{"taxonomy":"product_tag","embeddable":true,"href":"https:\/\/shop.diolosa.com\/pl\/wp-json\/wp\/v2\/product_tag?post=3841252"}],"curies":[{"name":"wp","href":"https:\/\/api.w.org\/{rel}","templated":true}]}}