{"id":3841255,"date":"2019-09-04T12:11:28","date_gmt":"2025-03-10T05:57:57","guid":{"rendered":"https:\/\/shop.diolosa.com\/product\/odswiezanie-tabletek-valley\/"},"modified":"2025-05-06T15:18:29","modified_gmt":"2025-05-06T14:18:29","slug":"odswiezanie-tabletek-valley","status":"publish","type":"product","link":"https:\/\/shop.diolosa.com\/pl\/product\/odswiezanie-tabletek-valley\/","title":{"rendered":"Od\u015bwie\u017canie tabletek Valley"},"content":{"rendered":"<p>REFRESHING THE VALLEY TABLETS jest stosowany w leczeniu opryszczki narz\u0105d\u00f3w p\u0142ciowych (wirus = wilgotne toksyny cieplne). Preparat ten penetruje XUE FEN, usuwa toksyny wilgoci i ciep\u0142a z w\u0105troby i krwi oraz stymuluje diurez\u0119.<\/p>\n","protected":false},"excerpt":{"rendered":"<p>REFRESHING THE VALLEY TABLETS jest stosowany w leczeniu opryszczki narz\u0105d\u00f3w  [&#8230;]<\/p>\n","protected":false},"featured_media":3835943,"template":"","meta":{"_acf_changed":false},"product_brand":[],"product_cat":[11813,11771],"product_tag":[12356],"class_list":{"0":"post-3841255","1":"product","2":"type-product","3":"status-publish","4":"has-post-thumbnail","6":"product_cat-dermatologia","7":"product_cat-wen-bing-lun-pl","8":"product_tag-opryszczka-narzadow-plciowych-granulki","10":"first","11":"instock","12":"taxable","13":"shipping-taxable","14":"purchasable","15":"product-type-simple"},"acf":{"yn_product_audio":"","yn_product_video":"https:\/\/shop.diolosa.com\/wp-content\/uploads\/2024\/11\/Refreshing-the-Valley-Tablets.mp4","yn_product_akupunktur":"<p>W\u0105troba Wy\u0142adowanie wilgotnego ciep\u0142a<br \/>\nw\u0105troba 2 &#8211; xing jian (ying) &#8211; xie fa<br \/>\nw\u0105troba 3 &#8211; tai chong (shu, yuan) &#8211; xie fa<br \/>\nw\u0105troba 8 &#8211; qu quan (he) &#8211; xie fa<br \/>\n\u015bledziona 6 &#8211; san yin jiao (le,ni,mb) &#8211; xie fa<br \/>\n\u015bledziona 9 &#8211; yin ling quan (he) &#8211; xie fa<br \/>\nren mai 3 &#8211; zhong ji (mo>p\u0119cherz, w\u0105troba, nerki, \u015bledziona) &#8211; xie fa<br \/>\nbubble 39 &#8211; wei yang (xia he xue &#8211; san chiao) &#8211; xie fa<br \/>\nbubble 40 &#8211; wei zhong (he, xia he xue &#8211; ba\u0144ka, xi krwi, jing bie ni\/bl) &#8211; xie fa<br \/>\nba\u0144ka 31 do 34 &#8211; ba liao &#8211; xie fa<br \/>\nbubble 22 &#8211; san jiao shu &#8211; xie fa  <\/p>\n<p>Rozpu\u015bci\u0107 zatory krwi<br \/>\n\u015bledziona 10 &#8211; xue hai (jezioro krwi) &#8211; xie fa<br \/>\np\u0119cherz 40 &#8211; wei zhong (he, xia he xue &#8211; p\u0119cherz, xi krwi, jing bie ni\/bl) &#8211; xie fa<br \/>\nw\u0105troba 6 &#8211; zhong du (xi) &#8211; xie fa  <\/p>\n<p>Stymulacja diurezy<br \/>\np\u0119cherz 39 &#8211; wei yang (xia he xue &#8211; san chiao) &#8211; xie fa<br \/>\nren mai 3 &#8211; zhong ji (mo> p\u0119cherz, w\u0105troba, nerki, \u015bledziona) &#8211; xie fa<br \/>\n\u015bledziona 6 &#8211; san yin jiao (le, ni, mb) &#8211; xie fa<br \/>\nren mai 9 &#8211; shui fen (jelito cienkie) &#8211; xie fa  <\/p>\n<p>Shen uspokaja<br \/>\nyin tang &#8211; M-HN-3 &#8211; xie fa<br \/>\ndu mai 20 &#8211; bai hui &#8211; bai lao (jezioro szpiku kostnego, p\u0119cherz) &#8211; xie fa<br \/>\ndu mai 24 &#8211; shen ting (p\u0119cherz, \u017co\u0142\u0105dek, gui) &#8211; xie fa<br \/>\ncirculation 5 &#8211; jian shi &#8211; gui lu (jing, gui) &#8211; xie fa<\/p>\n","yn_product_verabreichungsart":"Pelety 140szt.","yn_product_dosierung":"<p>3 x 6 do 10 tabletek dziennie, zawsze przed posi\u0142kami. Stosowa\u0107 ma\u015b\u0107 na opryszczk\u0119 narz\u0105d\u00f3w p\u0142ciowych (Od\u015bwie\u017caj\u0105cy balsam dolinowy) kilka razy dziennie. <\/p>\n","yn_product_combinations":"<p>REFRESHING THE VALLEY BALM (ma\u015b\u0107 na opryszczk\u0119 narz\u0105d\u00f3w p\u0142ciowych), CLEANSING DAYS TABLETS and TEA (detoks 12 dni), HOT DAMP BELT (\u017c\u00f3\u0142te up\u0142awy), YELLOW DRAGON (wirusowe zapalenie w\u0105troby typu B), EASY FLOW HEAT (gor\u0105czka bolesnego miesi\u0105czkowania), PHOENIX MOUTH (zesp\u00f3\u0142 PAP).<\/p>\n","yn_product_avoidable":"<p>Alkohol, ostre przyprawy, czekolada, cukier, pieprz, czosnek, por, cebula, ryby, owoce morza, mi\u0119so, szynka, kie\u0142basa, wieprzowina, jagni\u0119cina, przyprawy indyjskie i tajskie.<\/p>\n","yn_product_tcm_mindmapping":"<p>Wirus = toksyny ciep\u0142a wilgoci w Xue Fen > toksyny ciep\u0142a wilgoci Jue Yin<\/p>\n","yn_product_tongue_body":"<p>Szeroki, opuchni\u0119ty, wilgotny i czerwony<\/p>\n","yn_product_tongue_coating":"<p>\u017b\u00f3\u0142tawy, t\u0142usty, lepki w dolnej cieplejszej cz\u0119\u015bci.<\/p>\n","yn_product_pulse_diagnostics":"<p>Pozycja w\u0105troby i dolnego ogrzewacza: xian mai &#8211; napi\u0119ta, hua mai &#8211; szybuj\u0105ca, shi mai &#8211; pe\u0142na, shuo mai &#8211; szybka.<\/p>\n","yn_product_indications":"<p>Opryszczka narz\u0105d\u00f3w p\u0142ciowych, p\u0142acz\u0105cy i sw\u0119dz\u0105cy wyprysk sk\u00f3ry<\/p>\n","yn_product_contra_indications":"<p>Niedob\u00f3r Yang z wewn\u0119trznym zimnem, wilgoci\u0105 i zimnem flegmy<\/p>\n","yn_product_pregnancy":"<p>Dozwolone<\/p>\n","yn_product_herbs":"<p>coicis semen &#8211; yi yi ren, sclerotium poriae cocos &#8211; fu ling, caulis bambusae in taeniam &#8211; zhu ru, pinelliae ternatae rhizoma &#8211; ban xia, scutellariae baicalensis radix &#8211; huang qin, alismati rhizoma &#8211; ze xie, plantaginis asiaticae semen &#8211; che qian zi<\/p>\n","yn_product_magisterrecipes":"<p>Long Dan Xie Gan Tang, Ba Zheng San, Er Miao San, Wu Wei Xiao Du Yin, Huang Lian Jie Du Dan, Qing Dai San<\/p>\n"},"yoast_head":"<!-- This site is optimized with the Yoast SEO plugin v24.9 - https:\/\/yoast.com\/wordpress\/plugins\/seo\/ -->\n<title>Od\u015bwie\u017canie tabletek Valley - Claude Diolosa<\/title>\n<meta name=\"robots\" content=\"index, follow, max-snippet:-1, max-image-preview:large, max-video-preview:-1\" \/>\n<link rel=\"canonical\" href=\"https:\/\/shop.diolosa.com\/pl\/product\/odswiezanie-tabletek-valley\/\" \/>\n<meta property=\"og:locale\" content=\"pl_PL\" \/>\n<meta property=\"og:type\" content=\"article\" \/>\n<meta property=\"og:title\" content=\"Od\u015bwie\u017canie tabletek Valley - Claude Diolosa\" \/>\n<meta property=\"og:description\" content=\"REFRESHING THE VALLEY TABLETS jest stosowany w leczeniu opryszczki narz\u0105d\u00f3w [...]\" \/>\n<meta property=\"og:url\" content=\"https:\/\/shop.diolosa.com\/pl\/product\/odswiezanie-tabletek-valley\/\" \/>\n<meta property=\"og:site_name\" content=\"Claude Diolosa\" \/>\n<meta property=\"article:publisher\" content=\"https:\/\/facebook.com\/claudediolosa\" \/>\n<meta property=\"article:modified_time\" content=\"2025-05-06T14:18:29+00:00\" \/>\n<meta property=\"og:image\" content=\"https:\/\/shop.diolosa.com\/wp-content\/uploads\/2019\/09\/Presslinge-140.jpg\" \/>\n\t<meta property=\"og:image:width\" content=\"800\" \/>\n\t<meta property=\"og:image:height\" content=\"533\" \/>\n\t<meta property=\"og:image:type\" content=\"image\/jpeg\" \/>\n<meta name=\"twitter:card\" content=\"summary_large_image\" \/>\n<script type=\"application\/ld+json\" class=\"yoast-schema-graph\">{\"@context\":\"https:\/\/schema.org\",\"@graph\":[{\"@type\":\"WebPage\",\"@id\":\"https:\/\/shop.diolosa.com\/pl\/product\/odswiezanie-tabletek-valley\/\",\"url\":\"https:\/\/shop.diolosa.com\/pl\/product\/odswiezanie-tabletek-valley\/\",\"name\":\"Od\u015bwie\u017canie tabletek Valley - Claude Diolosa\",\"isPartOf\":{\"@id\":\"https:\/\/shop.diolosa.com\/pl\/#website\"},\"primaryImageOfPage\":{\"@id\":\"https:\/\/shop.diolosa.com\/pl\/product\/odswiezanie-tabletek-valley\/#primaryimage\"},\"image\":{\"@id\":\"https:\/\/shop.diolosa.com\/pl\/product\/odswiezanie-tabletek-valley\/#primaryimage\"},\"thumbnailUrl\":\"https:\/\/shop.diolosa.com\/wp-content\/uploads\/2019\/09\/Presslinge-140.jpg\",\"datePublished\":\"2025-03-10T05:57:57+00:00\",\"dateModified\":\"2025-05-06T14:18:29+00:00\",\"breadcrumb\":{\"@id\":\"https:\/\/shop.diolosa.com\/pl\/product\/odswiezanie-tabletek-valley\/#breadcrumb\"},\"inLanguage\":\"pl-PL\",\"potentialAction\":[{\"@type\":\"ReadAction\",\"target\":[\"https:\/\/shop.diolosa.com\/pl\/product\/odswiezanie-tabletek-valley\/\"]}]},{\"@type\":\"ImageObject\",\"inLanguage\":\"pl-PL\",\"@id\":\"https:\/\/shop.diolosa.com\/pl\/product\/odswiezanie-tabletek-valley\/#primaryimage\",\"url\":\"https:\/\/shop.diolosa.com\/wp-content\/uploads\/2019\/09\/Presslinge-140.jpg\",\"contentUrl\":\"https:\/\/shop.diolosa.com\/wp-content\/uploads\/2019\/09\/Presslinge-140.jpg\",\"width\":800,\"height\":533},{\"@type\":\"BreadcrumbList\",\"@id\":\"https:\/\/shop.diolosa.com\/pl\/product\/odswiezanie-tabletek-valley\/#breadcrumb\",\"itemListElement\":[{\"@type\":\"ListItem\",\"position\":1,\"name\":\"Startseite\",\"item\":\"https:\/\/shop.diolosa.com\/pl\/?page_id=3835710\"},{\"@type\":\"ListItem\",\"position\":2,\"name\":\"Sklep\",\"item\":\"https:\/\/shop.diolosa.com\/pl\/?page_id=3835710\"},{\"@type\":\"ListItem\",\"position\":3,\"name\":\"Od\u015bwie\u017canie tabletek Valley\"}]},{\"@type\":\"WebSite\",\"@id\":\"https:\/\/shop.diolosa.com\/pl\/#website\",\"url\":\"https:\/\/shop.diolosa.com\/pl\/\",\"name\":\"Claude Diolosa\",\"description\":\"\",\"publisher\":{\"@id\":\"https:\/\/shop.diolosa.com\/pl\/#organization\"},\"potentialAction\":[{\"@type\":\"SearchAction\",\"target\":{\"@type\":\"EntryPoint\",\"urlTemplate\":\"https:\/\/shop.diolosa.com\/pl\/?s={search_term_string}\"},\"query-input\":{\"@type\":\"PropertyValueSpecification\",\"valueRequired\":true,\"valueName\":\"search_term_string\"}}],\"inLanguage\":\"pl-PL\"},{\"@type\":\"Organization\",\"@id\":\"https:\/\/shop.diolosa.com\/pl\/#organization\",\"name\":\"Claude Diolosa\",\"url\":\"https:\/\/shop.diolosa.com\/pl\/\",\"logo\":{\"@type\":\"ImageObject\",\"inLanguage\":\"pl-PL\",\"@id\":\"https:\/\/shop.diolosa.com\/pl\/#\/schema\/logo\/image\/\",\"url\":\"https:\/\/shop.diolosa.com\/wp-content\/uploads\/2019\/08\/diolosa-drop-logo-new.png\",\"contentUrl\":\"https:\/\/shop.diolosa.com\/wp-content\/uploads\/2019\/08\/diolosa-drop-logo-new.png\",\"width\":134,\"height\":176,\"caption\":\"Claude Diolosa\"},\"image\":{\"@id\":\"https:\/\/shop.diolosa.com\/pl\/#\/schema\/logo\/image\/\"},\"sameAs\":[\"https:\/\/facebook.com\/claudediolosa\",\"https:\/\/www.instagram.com\/diolosaclaude108\/\"]}]}<\/script>\n<!-- \/ Yoast SEO plugin. -->","yoast_head_json":{"title":"Od\u015bwie\u017canie tabletek Valley - Claude Diolosa","robots":{"index":"index","follow":"follow","max-snippet":"max-snippet:-1","max-image-preview":"max-image-preview:large","max-video-preview":"max-video-preview:-1"},"canonical":"https:\/\/shop.diolosa.com\/pl\/product\/odswiezanie-tabletek-valley\/","og_locale":"pl_PL","og_type":"article","og_title":"Od\u015bwie\u017canie tabletek Valley - Claude Diolosa","og_description":"REFRESHING THE VALLEY TABLETS jest stosowany w leczeniu opryszczki narz\u0105d\u00f3w [...]","og_url":"https:\/\/shop.diolosa.com\/pl\/product\/odswiezanie-tabletek-valley\/","og_site_name":"Claude Diolosa","article_publisher":"https:\/\/facebook.com\/claudediolosa","article_modified_time":"2025-05-06T14:18:29+00:00","og_image":[{"width":800,"height":533,"url":"https:\/\/shop.diolosa.com\/wp-content\/uploads\/2019\/09\/Presslinge-140.jpg","type":"image\/jpeg"}],"twitter_card":"summary_large_image","schema":{"@context":"https:\/\/schema.org","@graph":[{"@type":"WebPage","@id":"https:\/\/shop.diolosa.com\/pl\/product\/odswiezanie-tabletek-valley\/","url":"https:\/\/shop.diolosa.com\/pl\/product\/odswiezanie-tabletek-valley\/","name":"Od\u015bwie\u017canie tabletek Valley - Claude Diolosa","isPartOf":{"@id":"https:\/\/shop.diolosa.com\/pl\/#website"},"primaryImageOfPage":{"@id":"https:\/\/shop.diolosa.com\/pl\/product\/odswiezanie-tabletek-valley\/#primaryimage"},"image":{"@id":"https:\/\/shop.diolosa.com\/pl\/product\/odswiezanie-tabletek-valley\/#primaryimage"},"thumbnailUrl":"https:\/\/shop.diolosa.com\/wp-content\/uploads\/2019\/09\/Presslinge-140.jpg","datePublished":"2025-03-10T05:57:57+00:00","dateModified":"2025-05-06T14:18:29+00:00","breadcrumb":{"@id":"https:\/\/shop.diolosa.com\/pl\/product\/odswiezanie-tabletek-valley\/#breadcrumb"},"inLanguage":"pl-PL","potentialAction":[{"@type":"ReadAction","target":["https:\/\/shop.diolosa.com\/pl\/product\/odswiezanie-tabletek-valley\/"]}]},{"@type":"ImageObject","inLanguage":"pl-PL","@id":"https:\/\/shop.diolosa.com\/pl\/product\/odswiezanie-tabletek-valley\/#primaryimage","url":"https:\/\/shop.diolosa.com\/wp-content\/uploads\/2019\/09\/Presslinge-140.jpg","contentUrl":"https:\/\/shop.diolosa.com\/wp-content\/uploads\/2019\/09\/Presslinge-140.jpg","width":800,"height":533},{"@type":"BreadcrumbList","@id":"https:\/\/shop.diolosa.com\/pl\/product\/odswiezanie-tabletek-valley\/#breadcrumb","itemListElement":[{"@type":"ListItem","position":1,"name":"Startseite","item":"https:\/\/shop.diolosa.com\/pl\/?page_id=3835710"},{"@type":"ListItem","position":2,"name":"Sklep","item":"https:\/\/shop.diolosa.com\/pl\/?page_id=3835710"},{"@type":"ListItem","position":3,"name":"Od\u015bwie\u017canie tabletek Valley"}]},{"@type":"WebSite","@id":"https:\/\/shop.diolosa.com\/pl\/#website","url":"https:\/\/shop.diolosa.com\/pl\/","name":"Claude Diolosa","description":"","publisher":{"@id":"https:\/\/shop.diolosa.com\/pl\/#organization"},"potentialAction":[{"@type":"SearchAction","target":{"@type":"EntryPoint","urlTemplate":"https:\/\/shop.diolosa.com\/pl\/?s={search_term_string}"},"query-input":{"@type":"PropertyValueSpecification","valueRequired":true,"valueName":"search_term_string"}}],"inLanguage":"pl-PL"},{"@type":"Organization","@id":"https:\/\/shop.diolosa.com\/pl\/#organization","name":"Claude Diolosa","url":"https:\/\/shop.diolosa.com\/pl\/","logo":{"@type":"ImageObject","inLanguage":"pl-PL","@id":"https:\/\/shop.diolosa.com\/pl\/#\/schema\/logo\/image\/","url":"https:\/\/shop.diolosa.com\/wp-content\/uploads\/2019\/08\/diolosa-drop-logo-new.png","contentUrl":"https:\/\/shop.diolosa.com\/wp-content\/uploads\/2019\/08\/diolosa-drop-logo-new.png","width":134,"height":176,"caption":"Claude Diolosa"},"image":{"@id":"https:\/\/shop.diolosa.com\/pl\/#\/schema\/logo\/image\/"},"sameAs":["https:\/\/facebook.com\/claudediolosa","https:\/\/www.instagram.com\/diolosaclaude108\/"]}]}},"_links":{"self":[{"href":"https:\/\/shop.diolosa.com\/pl\/wp-json\/wp\/v2\/product\/3841255","targetHints":{"allow":["GET"]}}],"collection":[{"href":"https:\/\/shop.diolosa.com\/pl\/wp-json\/wp\/v2\/product"}],"about":[{"href":"https:\/\/shop.diolosa.com\/pl\/wp-json\/wp\/v2\/types\/product"}],"wp:featuredmedia":[{"embeddable":true,"href":"https:\/\/shop.diolosa.com\/pl\/wp-json\/wp\/v2\/media\/3835943"}],"wp:attachment":[{"href":"https:\/\/shop.diolosa.com\/pl\/wp-json\/wp\/v2\/media?parent=3841255"}],"wp:term":[{"taxonomy":"product_brand","embeddable":true,"href":"https:\/\/shop.diolosa.com\/pl\/wp-json\/wp\/v2\/product_brand?post=3841255"},{"taxonomy":"product_cat","embeddable":true,"href":"https:\/\/shop.diolosa.com\/pl\/wp-json\/wp\/v2\/product_cat?post=3841255"},{"taxonomy":"product_tag","embeddable":true,"href":"https:\/\/shop.diolosa.com\/pl\/wp-json\/wp\/v2\/product_tag?post=3841255"}],"curies":[{"name":"wp","href":"https:\/\/api.w.org\/{rel}","templated":true}]}}