{"id":3841256,"date":"2019-09-04T12:11:28","date_gmt":"2025-03-10T05:57:57","guid":{"rendered":"https:\/\/shop.diolosa.com\/product\/oswajanie-byka\/"},"modified":"2025-05-06T14:54:30","modified_gmt":"2025-05-06T13:54:30","slug":"oswajanie-byka","status":"publish","type":"product","link":"https:\/\/shop.diolosa.com\/pl\/product\/oswajanie-byka\/","title":{"rendered":"Oswajanie byka"},"content":{"rendered":"<p>TAMING THE BULL jest stosowany w leczeniu p\u00f3\u0142pa\u015bca, zw\u0142aszcza gdy dominuj\u0105 toksyny Ognia. Preparat ten jest termicznie zimny, przenika do XUE FEN (JUE YIN) i eliminuje zamkni\u0119te w kapsu\u0142kach Wilgotne Ciep\u0142o i Toksyny Ognia, usuwa Gor\u0105co Krwi, rozwi\u0105zuje Zast\u00f3j Krwi i \u0142agodzi b\u00f3l. Aby unikn\u0105\u0107 b\u00f3lu neurologicznego i rozprzestrzeniania si\u0119 choroby, TAMING THE BULL nale\u017cy przyjmowa\u0107 w du\u017cych dawkach w ostrej fazie.<\/p>\n","protected":false},"excerpt":{"rendered":"<p>TAMING THE BULL jest stosowany w leczeniu p\u00f3\u0142pa\u015bca, zw\u0142aszcza gdy  [&#8230;]<\/p>\n","protected":false},"featured_media":3835943,"template":"","meta":{"_acf_changed":false},"product_brand":[],"product_cat":[11813,11771],"product_tag":[12357],"class_list":{"0":"post-3841256","1":"product","2":"type-product","3":"status-publish","4":"has-post-thumbnail","6":"product_cat-dermatologia","7":"product_cat-wen-bing-lun-pl","8":"product_tag-herpes-zoster-watroba","10":"first","11":"instock","12":"taxable","13":"shipping-taxable","14":"purchasable","15":"product-type-simple"},"acf":{"yn_product_audio":"https:\/\/shop.diolosa.com\/wp-content\/uploads\/2018\/12\/DL_0783.mp3","yn_product_video":"https:\/\/shop.diolosa.com\/wp-content\/uploads\/2024\/11\/Taming-the-Bull-1-1.mp4","yn_product_akupunktur":"<p><strong>Wy\u0142adowanie wilgotnego ciep\u0142a z w\u0105troby<\/strong><br \/>\ndu mai 10 &#8211; ling tai &#8211; xie fa<br \/>\ndu mai 9 &#8211; zhi yang &#8211; xie fa<br \/>\nw\u0105troba 3 &#8211; tai chong (shu, yuan) &#8211; xie fa<br \/>\nw\u0105troba 2 &#8211; xing jian (ying) &#8211; xie fa<br \/>\n\u015bledziona 6 \u4e09\u9670\u4ea4 s\u0101n y\u012bn ji\u0101o. uspokojenie &#8211; xie fa<br \/>\np\u0119cherz 17 &#8211; ge shu (krew) &#8211; krwawe ba\u0144ki<br \/>\np\u0119cherz 18 &#8211; gan shu &#8211; krwawe ba\u0144ki <\/p>\n<p><strong>P\u0119cherzyk \u017c\u00f3\u0142ciowy Wy\u0142adowanie wilgotnego ciep\u0142a<\/strong><br \/>\np\u0119cherzyk \u017c\u00f3\u0142ciowy 34 &#8211; yang ling quan (he, xia he xue, gui) &#8211; xie fa<br \/>\np\u0119cherzyk \u017c\u00f3\u0142ciowy 41 &#8211; to lin qi (dai mai, shu) &#8211; xie fa<br \/>\np\u0119cherzyk \u017c\u00f3\u0142ciowy-43 \u4fe0\u8c3f xi\u00e1 x\u012b uspokojenie &#8211; xie fa<\/p>\n<p><strong>Stymuluje diurez\u0119<\/strong><br \/>\n\u015bledziona 9 &#8211; yin ling quan (he) &#8211; xie fa<br \/>\n\u015bledziona 6 &#8211; san yin jiao (le,ni,mb) &#8211; xie fa<br \/>\np\u0119cherz 39 &#8211; wei yang (xia he xue &#8211; san chiao) &#8211; xie fa<br \/>\np\u0119cherz\/p\u0119cherz-40\u59d4\u4e2d w\u011bi zh\u014dng.sedate &#8211; xie fa<\/p>\n<p><strong>Oczyszcza krew z ciep\u0142a i toksyn<\/strong><br \/>\nkr\u0105\u017cenie 5 &#8211; jian shi (jing) &#8211; xie fa<br \/>\nkr\u0105\u017cenie 8 &#8211; lao gong &#8211; gui cu (ying, gui) &#8211; xie fa<br \/>\nkr\u0105\u017cenie 3 &#8211; qu ze (he) &#8211; krwawe ba\u0144ki<br \/>\njelito grube 11 &#8211; qu chi (he &#8211; gui) &#8211; xie fa<br \/>\njelito grube\/\/colon-4 \u5408\u8c37 h\u00e9 g\u01d4. uspokajaj\u0105cy &#8211; xie fa<br \/>\np\u0119cherz 17 &#8211; ge shu (krew) &#8211; krwawe ba\u0144ki<br \/>\np\u0119cherz 18 &#8211; gan shu &#8211; krwawe ba\u0144ki<br \/>\nW\u0105troba\/W\u0105troba-2 \u884c\u9593 x\u00edng ji\u0101n. uspokajaj\u0105cy &#8211; xie fa<br \/>\n\u015bledziona\/spleen-10 \u8840\u6d77 xu\u00e8 h\u01cei. uspokajaj\u0105cy &#8211; xie fa<br \/>\np\u0119cherz\/bladder-40\u59d4\u4e2d w\u011bi zh\u014dng. uspokajaj\u0105cy &#8211; xie fa    <\/p>\n<p><strong>B\u00f3l neurologiczny<\/strong><br \/>\nsan chiao 5 &#8211; wai guan (yang wei mai, luo) &#8211; xie fa<br \/>\nsan chiao 3 &#8211; zhong zhu (shu) &#8211; xie fa<br \/>\nworeczek \u017c\u00f3\u0142ciowy 41 &#8211; zu lin qi (dai mai, shu) &#8211; xie fa<br \/>\nworeczek \u017c\u00f3\u0142ciowy\/\/gallbladder-24 \u65e5\u6708 r\u00ec yu\u00e8 sedate &#8211; xie fa<br \/>\nLiver-14 \u671f\u9580 q\u00ed m\u00e9n. uspokojenie &#8211; xie fa<br \/>\np\u0119cherz 18 &#8211; gan shu &#8211; ba\u0144ki<br \/>\np\u0119cherz 17 &#8211; ge shu (krew) &#8211; ba\u0144ki<br \/>\np\u0119cherz 62 &#8211; shen mai &#8211; gui lu (yang qiao mai) &#8211; xie fa <\/p>\n","yn_product_verabreichungsart":"Pelety 140szt.","yn_product_dosierung":"<p>3 x 6 do 10 tabletek dziennie, zawsze przed posi\u0142kami<\/p>\n","yn_product_combinations":"<p>Tabletki i herbata CLEANSING DAYS (kuracja odtruwaj\u0105ca), \u017b\u00d3\u0141TY SMOK (zapalenie w\u0105troby typu B), GOR\u0104CA STRZA\u0141A (ostre zapalenie p\u0119cherza moczowego), GOR\u0104CE STRZA\u0141Y (toksyny mokrego ciep\u0142a w Jue Yin), PI\u0118\u0106 ZI\u00d3\u0141 (toksyny mokrego ciep\u0142a), PI\u0118\u0106 SMOK\u00d3W (Luo Mai i b\u00f3l).<\/p>\n","yn_product_avoidable":"<p>Alkohol, t\u0142uste potrawy, ostre i pikantne przyprawy, pieprz, czosnek, por, cebula, chili, ocet, jagni\u0119cina, owoce morza, wieprzowina, kie\u0142basa, szynka, boczek, margaryna.<\/p>\n","yn_product_tcm_mindmapping":"<p>Herpes Zoster > Wirus = Wilgotne Toksyny Cieplne > Wilgotne Toksyny Cieplne W\u0105troby > Wilgotne Toksyny Cieplne Krwi > Wilgotne Toksyny Cieplne Sk\u00f3ry<\/p>\n","yn_product_tongue_body":"<p>Opuchni\u0119te, szerokie i czerwone<\/p>\n","yn_product_tongue_coating":"<p>\u017b\u00f3\u0142tawy i t\u0142usty<\/p>\n","yn_product_pulse_diagnostics":"<p>Pozycja w\u0105troby: chen mai &#8211; g\u0142\u0119boka, hua mai &#8211; szybuj\u0105ca, shuo mai &#8211; szybka, shi mai &#8211; pe\u0142na<\/p>\n","yn_product_indications":"<p>P\u00f3\u0142pasiec, p\u0142acz\u0105ca i bolesna wysypka sk\u00f3rna, b\u00f3l neurologiczny<\/p>\n","yn_product_contra_indications":"<p>Niedob\u00f3r Yang i wilgo\u0107\/zimno \u015bluzu<\/p>\n","yn_product_pregnancy":"<p>Dozwolone<\/p>\n","yn_product_herbs":"<p>gentianae scabrae radix &#8211; long dan cao, bupleurum radix &#8211; chai hu, clematidis armandi caulis &#8211; chuan mu tong, scutellariae baicalensis radix &#8211; huang qin, gardeniae jasminoidis fructus &#8211; zhi zi, glycyrrhizae uralensis radix &#8211; gan cao, kochiae fructus &#8211; di fu zi, paeoniae rubrae radix &#8211; chi shao yao, rhemanniae radix &#8211; sheng di huang<\/p>\n","yn_product_magisterrecipes":"<p>Long Dan Xie Gan Tang, Shuang Hua Tu Li Yin, Wu Wei Xiao Du Yin, Er Miao San<\/p>\n"},"yoast_head":"<!-- This site is optimized with the Yoast SEO plugin v24.9 - https:\/\/yoast.com\/wordpress\/plugins\/seo\/ -->\n<title>Oswajanie byka - Claude Diolosa<\/title>\n<meta name=\"robots\" content=\"index, follow, max-snippet:-1, max-image-preview:large, max-video-preview:-1\" \/>\n<link rel=\"canonical\" href=\"https:\/\/shop.diolosa.com\/pl\/product\/oswajanie-byka\/\" \/>\n<meta property=\"og:locale\" content=\"pl_PL\" \/>\n<meta property=\"og:type\" content=\"article\" \/>\n<meta property=\"og:title\" content=\"Oswajanie byka - Claude Diolosa\" \/>\n<meta property=\"og:description\" content=\"TAMING THE BULL jest stosowany w leczeniu p\u00f3\u0142pa\u015bca, zw\u0142aszcza gdy [...]\" \/>\n<meta property=\"og:url\" content=\"https:\/\/shop.diolosa.com\/pl\/product\/oswajanie-byka\/\" \/>\n<meta property=\"og:site_name\" content=\"Claude Diolosa\" \/>\n<meta property=\"article:publisher\" content=\"https:\/\/facebook.com\/claudediolosa\" \/>\n<meta property=\"article:modified_time\" content=\"2025-05-06T13:54:30+00:00\" \/>\n<meta property=\"og:image\" content=\"https:\/\/shop.diolosa.com\/wp-content\/uploads\/2019\/09\/Presslinge-140.jpg\" \/>\n\t<meta property=\"og:image:width\" content=\"800\" \/>\n\t<meta property=\"og:image:height\" content=\"533\" \/>\n\t<meta property=\"og:image:type\" content=\"image\/jpeg\" \/>\n<meta name=\"twitter:card\" content=\"summary_large_image\" \/>\n<script type=\"application\/ld+json\" class=\"yoast-schema-graph\">{\"@context\":\"https:\/\/schema.org\",\"@graph\":[{\"@type\":\"WebPage\",\"@id\":\"https:\/\/shop.diolosa.com\/pl\/product\/oswajanie-byka\/\",\"url\":\"https:\/\/shop.diolosa.com\/pl\/product\/oswajanie-byka\/\",\"name\":\"Oswajanie byka - Claude Diolosa\",\"isPartOf\":{\"@id\":\"https:\/\/shop.diolosa.com\/pl\/#website\"},\"primaryImageOfPage\":{\"@id\":\"https:\/\/shop.diolosa.com\/pl\/product\/oswajanie-byka\/#primaryimage\"},\"image\":{\"@id\":\"https:\/\/shop.diolosa.com\/pl\/product\/oswajanie-byka\/#primaryimage\"},\"thumbnailUrl\":\"https:\/\/shop.diolosa.com\/wp-content\/uploads\/2019\/09\/Presslinge-140.jpg\",\"datePublished\":\"2025-03-10T05:57:57+00:00\",\"dateModified\":\"2025-05-06T13:54:30+00:00\",\"breadcrumb\":{\"@id\":\"https:\/\/shop.diolosa.com\/pl\/product\/oswajanie-byka\/#breadcrumb\"},\"inLanguage\":\"pl-PL\",\"potentialAction\":[{\"@type\":\"ReadAction\",\"target\":[\"https:\/\/shop.diolosa.com\/pl\/product\/oswajanie-byka\/\"]}]},{\"@type\":\"ImageObject\",\"inLanguage\":\"pl-PL\",\"@id\":\"https:\/\/shop.diolosa.com\/pl\/product\/oswajanie-byka\/#primaryimage\",\"url\":\"https:\/\/shop.diolosa.com\/wp-content\/uploads\/2019\/09\/Presslinge-140.jpg\",\"contentUrl\":\"https:\/\/shop.diolosa.com\/wp-content\/uploads\/2019\/09\/Presslinge-140.jpg\",\"width\":800,\"height\":533},{\"@type\":\"BreadcrumbList\",\"@id\":\"https:\/\/shop.diolosa.com\/pl\/product\/oswajanie-byka\/#breadcrumb\",\"itemListElement\":[{\"@type\":\"ListItem\",\"position\":1,\"name\":\"Startseite\",\"item\":\"https:\/\/shop.diolosa.com\/pl\/?page_id=3835710\"},{\"@type\":\"ListItem\",\"position\":2,\"name\":\"Sklep\",\"item\":\"https:\/\/shop.diolosa.com\/pl\/?page_id=3835710\"},{\"@type\":\"ListItem\",\"position\":3,\"name\":\"Oswajanie byka\"}]},{\"@type\":\"WebSite\",\"@id\":\"https:\/\/shop.diolosa.com\/pl\/#website\",\"url\":\"https:\/\/shop.diolosa.com\/pl\/\",\"name\":\"Claude Diolosa\",\"description\":\"\",\"publisher\":{\"@id\":\"https:\/\/shop.diolosa.com\/pl\/#organization\"},\"potentialAction\":[{\"@type\":\"SearchAction\",\"target\":{\"@type\":\"EntryPoint\",\"urlTemplate\":\"https:\/\/shop.diolosa.com\/pl\/?s={search_term_string}\"},\"query-input\":{\"@type\":\"PropertyValueSpecification\",\"valueRequired\":true,\"valueName\":\"search_term_string\"}}],\"inLanguage\":\"pl-PL\"},{\"@type\":\"Organization\",\"@id\":\"https:\/\/shop.diolosa.com\/pl\/#organization\",\"name\":\"Claude Diolosa\",\"url\":\"https:\/\/shop.diolosa.com\/pl\/\",\"logo\":{\"@type\":\"ImageObject\",\"inLanguage\":\"pl-PL\",\"@id\":\"https:\/\/shop.diolosa.com\/pl\/#\/schema\/logo\/image\/\",\"url\":\"https:\/\/shop.diolosa.com\/wp-content\/uploads\/2019\/08\/diolosa-drop-logo-new.png\",\"contentUrl\":\"https:\/\/shop.diolosa.com\/wp-content\/uploads\/2019\/08\/diolosa-drop-logo-new.png\",\"width\":134,\"height\":176,\"caption\":\"Claude Diolosa\"},\"image\":{\"@id\":\"https:\/\/shop.diolosa.com\/pl\/#\/schema\/logo\/image\/\"},\"sameAs\":[\"https:\/\/facebook.com\/claudediolosa\",\"https:\/\/www.instagram.com\/diolosaclaude108\/\"]}]}<\/script>\n<!-- \/ Yoast SEO plugin. -->","yoast_head_json":{"title":"Oswajanie byka - Claude Diolosa","robots":{"index":"index","follow":"follow","max-snippet":"max-snippet:-1","max-image-preview":"max-image-preview:large","max-video-preview":"max-video-preview:-1"},"canonical":"https:\/\/shop.diolosa.com\/pl\/product\/oswajanie-byka\/","og_locale":"pl_PL","og_type":"article","og_title":"Oswajanie byka - Claude Diolosa","og_description":"TAMING THE BULL jest stosowany w leczeniu p\u00f3\u0142pa\u015bca, zw\u0142aszcza gdy [...]","og_url":"https:\/\/shop.diolosa.com\/pl\/product\/oswajanie-byka\/","og_site_name":"Claude Diolosa","article_publisher":"https:\/\/facebook.com\/claudediolosa","article_modified_time":"2025-05-06T13:54:30+00:00","og_image":[{"width":800,"height":533,"url":"https:\/\/shop.diolosa.com\/wp-content\/uploads\/2019\/09\/Presslinge-140.jpg","type":"image\/jpeg"}],"twitter_card":"summary_large_image","schema":{"@context":"https:\/\/schema.org","@graph":[{"@type":"WebPage","@id":"https:\/\/shop.diolosa.com\/pl\/product\/oswajanie-byka\/","url":"https:\/\/shop.diolosa.com\/pl\/product\/oswajanie-byka\/","name":"Oswajanie byka - Claude Diolosa","isPartOf":{"@id":"https:\/\/shop.diolosa.com\/pl\/#website"},"primaryImageOfPage":{"@id":"https:\/\/shop.diolosa.com\/pl\/product\/oswajanie-byka\/#primaryimage"},"image":{"@id":"https:\/\/shop.diolosa.com\/pl\/product\/oswajanie-byka\/#primaryimage"},"thumbnailUrl":"https:\/\/shop.diolosa.com\/wp-content\/uploads\/2019\/09\/Presslinge-140.jpg","datePublished":"2025-03-10T05:57:57+00:00","dateModified":"2025-05-06T13:54:30+00:00","breadcrumb":{"@id":"https:\/\/shop.diolosa.com\/pl\/product\/oswajanie-byka\/#breadcrumb"},"inLanguage":"pl-PL","potentialAction":[{"@type":"ReadAction","target":["https:\/\/shop.diolosa.com\/pl\/product\/oswajanie-byka\/"]}]},{"@type":"ImageObject","inLanguage":"pl-PL","@id":"https:\/\/shop.diolosa.com\/pl\/product\/oswajanie-byka\/#primaryimage","url":"https:\/\/shop.diolosa.com\/wp-content\/uploads\/2019\/09\/Presslinge-140.jpg","contentUrl":"https:\/\/shop.diolosa.com\/wp-content\/uploads\/2019\/09\/Presslinge-140.jpg","width":800,"height":533},{"@type":"BreadcrumbList","@id":"https:\/\/shop.diolosa.com\/pl\/product\/oswajanie-byka\/#breadcrumb","itemListElement":[{"@type":"ListItem","position":1,"name":"Startseite","item":"https:\/\/shop.diolosa.com\/pl\/?page_id=3835710"},{"@type":"ListItem","position":2,"name":"Sklep","item":"https:\/\/shop.diolosa.com\/pl\/?page_id=3835710"},{"@type":"ListItem","position":3,"name":"Oswajanie byka"}]},{"@type":"WebSite","@id":"https:\/\/shop.diolosa.com\/pl\/#website","url":"https:\/\/shop.diolosa.com\/pl\/","name":"Claude Diolosa","description":"","publisher":{"@id":"https:\/\/shop.diolosa.com\/pl\/#organization"},"potentialAction":[{"@type":"SearchAction","target":{"@type":"EntryPoint","urlTemplate":"https:\/\/shop.diolosa.com\/pl\/?s={search_term_string}"},"query-input":{"@type":"PropertyValueSpecification","valueRequired":true,"valueName":"search_term_string"}}],"inLanguage":"pl-PL"},{"@type":"Organization","@id":"https:\/\/shop.diolosa.com\/pl\/#organization","name":"Claude Diolosa","url":"https:\/\/shop.diolosa.com\/pl\/","logo":{"@type":"ImageObject","inLanguage":"pl-PL","@id":"https:\/\/shop.diolosa.com\/pl\/#\/schema\/logo\/image\/","url":"https:\/\/shop.diolosa.com\/wp-content\/uploads\/2019\/08\/diolosa-drop-logo-new.png","contentUrl":"https:\/\/shop.diolosa.com\/wp-content\/uploads\/2019\/08\/diolosa-drop-logo-new.png","width":134,"height":176,"caption":"Claude Diolosa"},"image":{"@id":"https:\/\/shop.diolosa.com\/pl\/#\/schema\/logo\/image\/"},"sameAs":["https:\/\/facebook.com\/claudediolosa","https:\/\/www.instagram.com\/diolosaclaude108\/"]}]}},"_links":{"self":[{"href":"https:\/\/shop.diolosa.com\/pl\/wp-json\/wp\/v2\/product\/3841256","targetHints":{"allow":["GET"]}}],"collection":[{"href":"https:\/\/shop.diolosa.com\/pl\/wp-json\/wp\/v2\/product"}],"about":[{"href":"https:\/\/shop.diolosa.com\/pl\/wp-json\/wp\/v2\/types\/product"}],"wp:featuredmedia":[{"embeddable":true,"href":"https:\/\/shop.diolosa.com\/pl\/wp-json\/wp\/v2\/media\/3835943"}],"wp:attachment":[{"href":"https:\/\/shop.diolosa.com\/pl\/wp-json\/wp\/v2\/media?parent=3841256"}],"wp:term":[{"taxonomy":"product_brand","embeddable":true,"href":"https:\/\/shop.diolosa.com\/pl\/wp-json\/wp\/v2\/product_brand?post=3841256"},{"taxonomy":"product_cat","embeddable":true,"href":"https:\/\/shop.diolosa.com\/pl\/wp-json\/wp\/v2\/product_cat?post=3841256"},{"taxonomy":"product_tag","embeddable":true,"href":"https:\/\/shop.diolosa.com\/pl\/wp-json\/wp\/v2\/product_tag?post=3841256"}],"curies":[{"name":"wp","href":"https:\/\/api.w.org\/{rel}","templated":true}]}}