{"id":3841260,"date":"2019-09-04T12:11:28","date_gmt":"2025-03-10T05:58:00","guid":{"rendered":"https:\/\/shop.diolosa.com\/product\/czerwony-smok\/"},"modified":"2025-05-06T15:18:30","modified_gmt":"2025-05-06T14:18:30","slug":"czerwony-smok","status":"publish","type":"product","link":"https:\/\/shop.diolosa.com\/pl\/product\/czerwony-smok\/","title":{"rendered":"Czerwony Smok"},"content":{"rendered":"<p>RED DRAGON jest stosowany w przewlek\u0142ym przebiegu zapalenia w\u0105troby, a zw\u0142aszcza zapalenia w\u0105troby typu C. Preparat ten okaza\u0142 si\u0119 bardzo skuteczny i powinien by\u0107 przyjmowany w spos\u00f3b ci\u0105g\u0142y pod nadzorem terapeuty TCM. RED DRAGON od\u017cywia Yin bez tworzenia zastoj\u00f3w, usuwa Puste Ciep\u0142o i Ciep\u0142o Krwi, rozpuszcza zastoje Krwi i Qi, usuwa g\u0142\u0119boko wnikni\u0119te toksyny, zmi\u0119kcza stwardnienia i stymuluje wch\u0142anianie pokarmu.<\/p>\n","protected":false},"excerpt":{"rendered":"<p>RED DRAGON jest stosowany w przewlek\u0142ym przebiegu zapalenia w\u0105troby, a  [&#8230;]<\/p>\n","protected":false},"featured_media":3835943,"template":"","meta":{"_acf_changed":false},"product_brand":[],"product_cat":[11867,11771],"product_tag":[12359],"class_list":{"0":"post-3841260","1":"product","2":"type-product","3":"status-publish","4":"has-post-thumbnail","6":"product_cat-gastroenterologia","7":"product_cat-wen-bing-lun-pl","8":"product_tag-wirusowe-zapalenie-watroby-typu-c","10":"first","11":"instock","12":"taxable","13":"shipping-taxable","14":"purchasable","15":"product-type-simple"},"acf":{"yn_product_audio":"https:\/\/shop.diolosa.com\/wp-content\/uploads\/2018\/12\/DL_0773.mp3","yn_product_video":"https:\/\/shop.diolosa.com\/wp-content\/uploads\/2024\/10\/Red-Dragon.mp4","yn_product_akupunktur":"<p>Pusta w\u0105troba > Stwardnienie<br \/>\nw\u0105troba 3 &#8211; tai chong (shu, yuan) &#8211; xie fa<br \/>\nw\u0105troba 2 &#8211; xing jian (ying) &#8211; xie fa  <\/p>\n<p>P\u0119cherzyk \u017c\u00f3\u0142ciowy Wydzielina Ciep\u0142o<br \/>\np\u0119cherzyk \u017c\u00f3\u0142ciowy 34 &#8211; yang ling quan (he, xia he xue, gui) &#8211; xie fa<br \/>\np\u0119cherzyk \u017c\u00f3\u0142ciowy 40 &#8211; qiu xu (yuan) &#8211; xie fa<br \/>\np\u0119cherzyk \u017c\u00f3\u0142ciowy 43 &#8211; xia xi (ying) &#8211; xie fa<br \/>\np\u0119cherzyk \u017c\u00f3\u0142ciowy 42 &#8211; di wu hui &#8211; xie fa<br \/>\np\u0119cherzyk \u017c\u00f3\u0142ciowy 41 &#8211; zu lin qi (dai mai, shu) &#8211; xie fa  <\/p>\n<p>B\u00f3l miejscowy<br \/>\nw\u0105troba 14 &#8211; qi men (mo, yin wei mai) &#8211; xie fa<br \/>\np\u0119cherzyk \u017c\u00f3\u0142ciowy 24 &#8211; ri yue (mo) &#8211; xie fa<br \/>\nren mai 12 &#8211; zhong wan (mo>\u017co\u0142\u0105dek, ba hui xue, jelito cienkie, san chiao, \u017co\u0142\u0105dek) &#8211; xie fa<br \/>\n\u017co\u0142\u0105dek 25 &#8211; tian shu (mo &#8211; jelito grube) &#8211; xie fa  <\/p>\n<p>W\u0105troba Rozpu\u015bci\u0107 zatory krwi i qi<br \/>\n\u015bledziona 10 &#8211; xue hai (jezioro krwi) &#8211; xie fa<br \/>\nw\u0105troba 6 &#8211; zhong du (xi) &#8211; xie fa<br \/>\nw\u0105troba 14 &#8211; qi men (mo, yin wei mai) &#8211; xie fa  <\/p>\n<p>Harmonizacja w\u0105troby i \u015bledziony<br \/>\nliver 13 &#8211; zhang men (mo spleen, ba hui xue, liver and gall bladder) &#8211; xie fa<\/p>\n<p>Md\u0142o\u015bci<br \/>\n\u017co\u0142\u0105dek 36 &#8211; to san li (shu, xia he xue &#8211; \u017co\u0142\u0105dek, si hai xue, si zhong xue) &#8211; xie fa<br \/>\nkr\u0105\u017cenie 6 &#8211; nei guan (luo, yin wei mai) &#8211; xie fa<br \/>\nren mai 12 &#8211; zhong wan (mo>\u017co\u0142\u0105dek, ba hui xue, jelito cienkie, san chiao, \u017co\u0142\u0105dek) &#8211; xie fa  <\/p>\n<p>Uzupe\u0142nienie yin w\u0105troby i nerek<br \/>\nw\u0105troba 8 &#8211; qu quan (he) &#8211; bu fa<br \/>\nnerki 3 &#8211; tai xi (shu, yuan) &#8211; bu fa<br \/>\np\u0119cherz 17 &#8211; ge shu (krew) &#8211; bu fa<br \/>\np\u0119cherz 43 &#8211; gao huang shu (qi, xue, jinye, yin, yang) &#8211; bu fa<\/p>\n","yn_product_verabreichungsart":"Pelety 140szt.","yn_product_dosierung":"<p>3 x 6 do 10 tabletek dziennie, zawsze przed posi\u0142kami<\/p>\n","yn_product_combinations":"<p>BIA\u0141Y SMOK (wirusowe zapalenie w\u0105troby typu A), \u017b\u00d3\u0141TY SMOK (wirusowe zapalenie w\u0105troby typu B), TABLETKI I HERBATA CLEANSING DAYS (12-dniowy program detoksykacji na wiosn\u0119), SZYBKIE I POWOLNE RUCHY BRZUCHA (zast\u00f3j pokarmu).  <\/p>\n","yn_product_avoidable":"<p>czosnek, cebula, owoce morza, ostrygi, ma\u0142\u017ce, jagni\u0119cina, kurczak, pieprz, chili, tabasco, przyprawy indyjskie, ostre i pikantne przyprawy, alkohol, t\u0142uste i sma\u017cone potrawy, bekon, kie\u0142basa, szynka<\/p>\n","yn_product_tcm_mindmapping":"<p>WBL > choroba zaka\u017ana > niedob\u00f3r Yin w\u0105troby > puste ciep\u0142o w\u0105troby > ciep\u0142o krwi > przekrwienie > stwardnienie > marsko\u015b\u0107 w\u0105troby > rak w\u0105trobowokom\u00f3rkowy<\/p>\n","yn_product_tongue_body":"<p>Przewlek\u0142e: W\u0105skie, grube, pop\u0119kane, ciemnoczerwone, bardzo plamiste.<\/p>\n","yn_product_tongue_coating":"<p>Cienki, \u017c\u00f3\u0142tawy, suchy<\/p>\n","yn_product_pulse_diagnostics":"<p>Faza ostra: xian mai &#8211; napi\u0119ty, hua mai &#8211; szybuj\u0105cy, shi mai &#8211; pe\u0142ny, shuo mai &#8211; szybki, se mai &#8211; szorstki<br \/>\nFaza przewlek\u0142a: xian mai &#8211; napi\u0119ty, xi mai &#8211; cienki, xu mai &#8211; pusty, se mai &#8211; szorstki<\/p>\n","yn_product_indications":"<p>Wirusowe zapalenie w\u0105troby typu C, mo\u017cliwe objawy po okresie inkubacji trwaj\u0105cym od 20 do 60 dni to zm\u0119czenie, znu\u017cenie, utrata apetytu, b\u00f3le staw\u00f3w, uczucie ucisku lub napi\u0119cia w prawej g\u00f3rnej cz\u0119\u015bci brzucha, ewentualnie tak\u017ce utrata masy cia\u0142a. U niekt\u00f3rych pacjent\u00f3w rozwija si\u0119 \u017c\u00f3\u0142taczka; mocz mo\u017ce by\u0107 bardzo ciemny, a stolce koloru gliny. <\/p>\n","yn_product_contra_indications":"<p>Niedob\u00f3r Yang nerek > Przezi\u0119bienie w\u0105troby > Zast\u00f3j Qi i krwi<\/p>\n","yn_product_pregnancy":"<p>Dozwolone<\/p>\n","yn_product_herbs":"<p>loranthi ramulus &#8211; sang ji sheng, polygoni multiflori radix &#8211; he shou wu, plantaginis asiaticae semen &#8211; che qian zi, lycii fructus &#8211; gou qi zi, dioscorea rhizoma &#8211; shan yao, moutan cortex &#8211; mu dan pi, curcuma longa &#8211; yu jin, taraxacum herba &#8211; pu gong yin, violae herba &#8211; zi hua di ding<\/p>\n","yn_product_magisterrecipes":"<p>Liu Wei Di Huang Wan, Zhi Bai Di Huang Tang, Ge Xia Zhu Yu Tang, Shen Mai Di Huang Wan<\/p>\n"},"yoast_head":"<!-- This site is optimized with the Yoast SEO plugin v24.9 - https:\/\/yoast.com\/wordpress\/plugins\/seo\/ -->\n<title>Czerwony Smok - Claude Diolosa<\/title>\n<meta name=\"robots\" content=\"index, follow, max-snippet:-1, max-image-preview:large, max-video-preview:-1\" \/>\n<link rel=\"canonical\" href=\"https:\/\/shop.diolosa.com\/pl\/product\/czerwony-smok\/\" \/>\n<meta property=\"og:locale\" content=\"pl_PL\" \/>\n<meta property=\"og:type\" content=\"article\" \/>\n<meta property=\"og:title\" content=\"Czerwony Smok - Claude Diolosa\" \/>\n<meta property=\"og:description\" content=\"RED DRAGON jest stosowany w przewlek\u0142ym przebiegu zapalenia w\u0105troby, a [...]\" \/>\n<meta property=\"og:url\" content=\"https:\/\/shop.diolosa.com\/pl\/product\/czerwony-smok\/\" \/>\n<meta property=\"og:site_name\" content=\"Claude Diolosa\" \/>\n<meta property=\"article:publisher\" content=\"https:\/\/facebook.com\/claudediolosa\" \/>\n<meta property=\"article:modified_time\" content=\"2025-05-06T14:18:30+00:00\" \/>\n<meta property=\"og:image\" content=\"https:\/\/shop.diolosa.com\/wp-content\/uploads\/2019\/09\/Presslinge-140.jpg\" \/>\n\t<meta property=\"og:image:width\" content=\"800\" \/>\n\t<meta property=\"og:image:height\" content=\"533\" \/>\n\t<meta property=\"og:image:type\" content=\"image\/jpeg\" \/>\n<meta name=\"twitter:card\" content=\"summary_large_image\" \/>\n<script type=\"application\/ld+json\" class=\"yoast-schema-graph\">{\"@context\":\"https:\/\/schema.org\",\"@graph\":[{\"@type\":\"WebPage\",\"@id\":\"https:\/\/shop.diolosa.com\/pl\/product\/czerwony-smok\/\",\"url\":\"https:\/\/shop.diolosa.com\/pl\/product\/czerwony-smok\/\",\"name\":\"Czerwony Smok - Claude Diolosa\",\"isPartOf\":{\"@id\":\"https:\/\/shop.diolosa.com\/pl\/#website\"},\"primaryImageOfPage\":{\"@id\":\"https:\/\/shop.diolosa.com\/pl\/product\/czerwony-smok\/#primaryimage\"},\"image\":{\"@id\":\"https:\/\/shop.diolosa.com\/pl\/product\/czerwony-smok\/#primaryimage\"},\"thumbnailUrl\":\"https:\/\/shop.diolosa.com\/wp-content\/uploads\/2019\/09\/Presslinge-140.jpg\",\"datePublished\":\"2025-03-10T05:58:00+00:00\",\"dateModified\":\"2025-05-06T14:18:30+00:00\",\"breadcrumb\":{\"@id\":\"https:\/\/shop.diolosa.com\/pl\/product\/czerwony-smok\/#breadcrumb\"},\"inLanguage\":\"pl-PL\",\"potentialAction\":[{\"@type\":\"ReadAction\",\"target\":[\"https:\/\/shop.diolosa.com\/pl\/product\/czerwony-smok\/\"]}]},{\"@type\":\"ImageObject\",\"inLanguage\":\"pl-PL\",\"@id\":\"https:\/\/shop.diolosa.com\/pl\/product\/czerwony-smok\/#primaryimage\",\"url\":\"https:\/\/shop.diolosa.com\/wp-content\/uploads\/2019\/09\/Presslinge-140.jpg\",\"contentUrl\":\"https:\/\/shop.diolosa.com\/wp-content\/uploads\/2019\/09\/Presslinge-140.jpg\",\"width\":800,\"height\":533},{\"@type\":\"BreadcrumbList\",\"@id\":\"https:\/\/shop.diolosa.com\/pl\/product\/czerwony-smok\/#breadcrumb\",\"itemListElement\":[{\"@type\":\"ListItem\",\"position\":1,\"name\":\"Startseite\",\"item\":\"https:\/\/shop.diolosa.com\/pl\/?page_id=3835710\"},{\"@type\":\"ListItem\",\"position\":2,\"name\":\"Sklep\",\"item\":\"https:\/\/shop.diolosa.com\/pl\/?page_id=3835710\"},{\"@type\":\"ListItem\",\"position\":3,\"name\":\"Czerwony Smok\"}]},{\"@type\":\"WebSite\",\"@id\":\"https:\/\/shop.diolosa.com\/pl\/#website\",\"url\":\"https:\/\/shop.diolosa.com\/pl\/\",\"name\":\"Claude Diolosa\",\"description\":\"\",\"publisher\":{\"@id\":\"https:\/\/shop.diolosa.com\/pl\/#organization\"},\"potentialAction\":[{\"@type\":\"SearchAction\",\"target\":{\"@type\":\"EntryPoint\",\"urlTemplate\":\"https:\/\/shop.diolosa.com\/pl\/?s={search_term_string}\"},\"query-input\":{\"@type\":\"PropertyValueSpecification\",\"valueRequired\":true,\"valueName\":\"search_term_string\"}}],\"inLanguage\":\"pl-PL\"},{\"@type\":\"Organization\",\"@id\":\"https:\/\/shop.diolosa.com\/pl\/#organization\",\"name\":\"Claude Diolosa\",\"url\":\"https:\/\/shop.diolosa.com\/pl\/\",\"logo\":{\"@type\":\"ImageObject\",\"inLanguage\":\"pl-PL\",\"@id\":\"https:\/\/shop.diolosa.com\/pl\/#\/schema\/logo\/image\/\",\"url\":\"https:\/\/shop.diolosa.com\/wp-content\/uploads\/2019\/08\/diolosa-drop-logo-new.png\",\"contentUrl\":\"https:\/\/shop.diolosa.com\/wp-content\/uploads\/2019\/08\/diolosa-drop-logo-new.png\",\"width\":134,\"height\":176,\"caption\":\"Claude Diolosa\"},\"image\":{\"@id\":\"https:\/\/shop.diolosa.com\/pl\/#\/schema\/logo\/image\/\"},\"sameAs\":[\"https:\/\/facebook.com\/claudediolosa\",\"https:\/\/www.instagram.com\/diolosaclaude108\/\"]}]}<\/script>\n<!-- \/ Yoast SEO plugin. -->","yoast_head_json":{"title":"Czerwony Smok - Claude Diolosa","robots":{"index":"index","follow":"follow","max-snippet":"max-snippet:-1","max-image-preview":"max-image-preview:large","max-video-preview":"max-video-preview:-1"},"canonical":"https:\/\/shop.diolosa.com\/pl\/product\/czerwony-smok\/","og_locale":"pl_PL","og_type":"article","og_title":"Czerwony Smok - Claude Diolosa","og_description":"RED DRAGON jest stosowany w przewlek\u0142ym przebiegu zapalenia w\u0105troby, a [...]","og_url":"https:\/\/shop.diolosa.com\/pl\/product\/czerwony-smok\/","og_site_name":"Claude Diolosa","article_publisher":"https:\/\/facebook.com\/claudediolosa","article_modified_time":"2025-05-06T14:18:30+00:00","og_image":[{"width":800,"height":533,"url":"https:\/\/shop.diolosa.com\/wp-content\/uploads\/2019\/09\/Presslinge-140.jpg","type":"image\/jpeg"}],"twitter_card":"summary_large_image","schema":{"@context":"https:\/\/schema.org","@graph":[{"@type":"WebPage","@id":"https:\/\/shop.diolosa.com\/pl\/product\/czerwony-smok\/","url":"https:\/\/shop.diolosa.com\/pl\/product\/czerwony-smok\/","name":"Czerwony Smok - Claude Diolosa","isPartOf":{"@id":"https:\/\/shop.diolosa.com\/pl\/#website"},"primaryImageOfPage":{"@id":"https:\/\/shop.diolosa.com\/pl\/product\/czerwony-smok\/#primaryimage"},"image":{"@id":"https:\/\/shop.diolosa.com\/pl\/product\/czerwony-smok\/#primaryimage"},"thumbnailUrl":"https:\/\/shop.diolosa.com\/wp-content\/uploads\/2019\/09\/Presslinge-140.jpg","datePublished":"2025-03-10T05:58:00+00:00","dateModified":"2025-05-06T14:18:30+00:00","breadcrumb":{"@id":"https:\/\/shop.diolosa.com\/pl\/product\/czerwony-smok\/#breadcrumb"},"inLanguage":"pl-PL","potentialAction":[{"@type":"ReadAction","target":["https:\/\/shop.diolosa.com\/pl\/product\/czerwony-smok\/"]}]},{"@type":"ImageObject","inLanguage":"pl-PL","@id":"https:\/\/shop.diolosa.com\/pl\/product\/czerwony-smok\/#primaryimage","url":"https:\/\/shop.diolosa.com\/wp-content\/uploads\/2019\/09\/Presslinge-140.jpg","contentUrl":"https:\/\/shop.diolosa.com\/wp-content\/uploads\/2019\/09\/Presslinge-140.jpg","width":800,"height":533},{"@type":"BreadcrumbList","@id":"https:\/\/shop.diolosa.com\/pl\/product\/czerwony-smok\/#breadcrumb","itemListElement":[{"@type":"ListItem","position":1,"name":"Startseite","item":"https:\/\/shop.diolosa.com\/pl\/?page_id=3835710"},{"@type":"ListItem","position":2,"name":"Sklep","item":"https:\/\/shop.diolosa.com\/pl\/?page_id=3835710"},{"@type":"ListItem","position":3,"name":"Czerwony Smok"}]},{"@type":"WebSite","@id":"https:\/\/shop.diolosa.com\/pl\/#website","url":"https:\/\/shop.diolosa.com\/pl\/","name":"Claude Diolosa","description":"","publisher":{"@id":"https:\/\/shop.diolosa.com\/pl\/#organization"},"potentialAction":[{"@type":"SearchAction","target":{"@type":"EntryPoint","urlTemplate":"https:\/\/shop.diolosa.com\/pl\/?s={search_term_string}"},"query-input":{"@type":"PropertyValueSpecification","valueRequired":true,"valueName":"search_term_string"}}],"inLanguage":"pl-PL"},{"@type":"Organization","@id":"https:\/\/shop.diolosa.com\/pl\/#organization","name":"Claude Diolosa","url":"https:\/\/shop.diolosa.com\/pl\/","logo":{"@type":"ImageObject","inLanguage":"pl-PL","@id":"https:\/\/shop.diolosa.com\/pl\/#\/schema\/logo\/image\/","url":"https:\/\/shop.diolosa.com\/wp-content\/uploads\/2019\/08\/diolosa-drop-logo-new.png","contentUrl":"https:\/\/shop.diolosa.com\/wp-content\/uploads\/2019\/08\/diolosa-drop-logo-new.png","width":134,"height":176,"caption":"Claude Diolosa"},"image":{"@id":"https:\/\/shop.diolosa.com\/pl\/#\/schema\/logo\/image\/"},"sameAs":["https:\/\/facebook.com\/claudediolosa","https:\/\/www.instagram.com\/diolosaclaude108\/"]}]}},"_links":{"self":[{"href":"https:\/\/shop.diolosa.com\/pl\/wp-json\/wp\/v2\/product\/3841260","targetHints":{"allow":["GET"]}}],"collection":[{"href":"https:\/\/shop.diolosa.com\/pl\/wp-json\/wp\/v2\/product"}],"about":[{"href":"https:\/\/shop.diolosa.com\/pl\/wp-json\/wp\/v2\/types\/product"}],"wp:featuredmedia":[{"embeddable":true,"href":"https:\/\/shop.diolosa.com\/pl\/wp-json\/wp\/v2\/media\/3835943"}],"wp:attachment":[{"href":"https:\/\/shop.diolosa.com\/pl\/wp-json\/wp\/v2\/media?parent=3841260"}],"wp:term":[{"taxonomy":"product_brand","embeddable":true,"href":"https:\/\/shop.diolosa.com\/pl\/wp-json\/wp\/v2\/product_brand?post=3841260"},{"taxonomy":"product_cat","embeddable":true,"href":"https:\/\/shop.diolosa.com\/pl\/wp-json\/wp\/v2\/product_cat?post=3841260"},{"taxonomy":"product_tag","embeddable":true,"href":"https:\/\/shop.diolosa.com\/pl\/wp-json\/wp\/v2\/product_tag?post=3841260"}],"curies":[{"name":"wp","href":"https:\/\/api.w.org\/{rel}","templated":true}]}}