{"id":3841263,"date":"2019-09-04T12:11:28","date_gmt":"2025-03-10T05:58:01","guid":{"rendered":"https:\/\/shop.diolosa.com\/product\/melodia-radosci\/"},"modified":"2025-05-06T14:54:39","modified_gmt":"2025-05-06T13:54:39","slug":"melodia-radosci","status":"publish","type":"product","link":"https:\/\/shop.diolosa.com\/pl\/product\/melodia-radosci\/","title":{"rendered":"Melodia rado\u015bci"},"content":{"rendered":"<p>MELODY OF JOY zosta\u0142 opracowany do leczenia ostrego zapalenia tarczycy Hashimoto. Ta zio\u0142owa formu\u0142a oczyszcza zast\u00f3j Qi w w\u0105trobie i p\u0119cherzyku \u017c\u00f3\u0142ciowym, wspomaga przepuszczalno\u015b\u0107 Yang Ming, \u0142agodzi nagromadzenie Tan, oczyszcza zast\u00f3j krwi i uspokaja Shen oraz wewn\u0119trzny wiatr (Nei Feng).<\/p>\n","protected":false},"excerpt":{"rendered":"<p>MELODY OF JOY zosta\u0142 opracowany do leczenia ostrego zapalenia tarczycy  [&#8230;]<\/p>\n","protected":false},"featured_media":3835943,"template":"","meta":{"_acf_changed":false},"product_brand":[],"product_cat":[12282],"product_tag":[12362],"class_list":{"0":"post-3841263","1":"product","2":"type-product","3":"status-publish","4":"has-post-thumbnail","6":"product_cat-endokrynologia","7":"product_tag-ostre-zapalenie-tarczycy-hashimoto","9":"first","10":"instock","11":"taxable","12":"shipping-taxable","13":"purchasable","14":"product-type-simple"},"acf":{"yn_product_audio":"https:\/\/shop.diolosa.com\/wp-content\/uploads\/2018\/12\/DL_0990.mp3","yn_product_video":"https:\/\/shop.diolosa.com\/wp-content\/uploads\/2024\/12\/Melodie-of-Joy.mp4","yn_product_akupunktur":"<p>W\u0105troba i woreczek \u017c\u00f3\u0142ciowy Stagnacja Qi rozpu\u015bci\u0107<br \/>\nw\u0105troba 3 &#8211; tai chong (shu, yuan) &#8211; xie fa<br \/>\nworeczek \u017c\u00f3\u0142ciowy 34 &#8211; yang ling quan (he, xia he xue, gui) &#8211; xie fa  <\/p>\n<p>Otwarcie kana\u0142\u00f3w serca i oczyszczenie Shen<br \/>\nsi shen cong &#8211; M-HN-1 (m\u00f3zg, cns) &#8211; xie fa<br \/>\ndu mai 20 &#8211; bai hui &#8211; bai lao (jezioro szpiku kostnego, p\u0119cherz moczowy) &#8211; xie fa<br \/>\nyin tang &#8211; M-HN-3 &#8211; xie fa<br \/>\ndu mai 24 &#8211; shen ting (p\u0119cherz moczowy,\u017co\u0142\u0105dek, gui) &#8211; xie fa<br \/>\nkr\u0105\u017cenie 5 &#8211; jian shi &#8211; gui lu (jing, gui) &#8211; xie fa<br \/>\nkr\u0105\u017cenie 6 &#8211; nei guan (luo, yin wei mai) &#8211; xie fa<br \/>\n\u017co\u0142\u0105dek 40 &#8211; feng long (luo) &#8211; xie fa<br \/>\n\u017co\u0142\u0105dek 44 &#8211; nei ting (ying) &#8211; xie fa<\/p>\n<p>Rozpuszczanie opalenizny i zastoj\u00f3w krwi<br \/>\n\u017co\u0142\u0105dek 40 &#8211; feng long (luo) &#8211; xie fa<br \/>\nw\u0105troba 3 &#8211; tai chong (shu, yuan) &#8211; xie fa<br \/>\n\u017co\u0142\u0105dek 12 &#8211; que pen &#8211; xie fa<br \/>\nsan chiao 13 &#8211; nao hui &#8211; xie fa<br \/>\njelito cienkie 16 &#8211; tian chuang &#8211; xie fa<br \/>\njelito cienkie 17 &#8211; tian rong &#8211; xie fa<br \/>\njelito grube 17 &#8211; tian ding &#8211; xie fa<br \/>\nren mai 22 &#8211; tian tu (yin wei mai) &#8211; xie fa  <\/p>\n<p>Dalekie punkty dla pustego ciep\u0142a<br \/>\nnerka 6 &#8211; zhao hai (yin qiao mai) &#8211; bu fa<br \/>\np\u0142uco 7 &#8211; lie que (luo, ren mai, gao wu, ma da yang) &#8211; bu fa<\/p>\n","yn_product_verabreichungsart":"Pelety 140szt.","yn_product_dosierung":"<p>Pacjent powinien przyjmowa\u0107 3 x 6 do 10 tabletek dziennie przez okres co najmniej 30 do 120 dni. Sama farmakologia cz\u0119sto nie wystarcza. Psychoterapia jest pomocna jako uzupe\u0142nienie, poniewa\u017c nie ma dolegliwo\u015bci tarczycy bez problem\u00f3w w zwi\u0105zku lub problem\u00f3w seksualnych w tle.  <\/p>\n","yn_product_combinations":"<p>SIX FLOWERS (przekrwienie Qi w\u0105troby i krwi), RELAXING DAYS TEA (przekrwienie Qi), HAPPY DAYS (przygn\u0119bienie, \u0142agodna forma depresji), FINDING BALANCE (stan maniakalny), BRIGHT FUTURE (depresja), INTELLIGENT LODGE (stan Yi Plus &#8211; rozmy\u015blanie), PEACUFUL NIGHTS (bezsenno\u015b\u0107).<\/p>\n","yn_product_avoidable":"<p>S\u0142odycze, ostre przyprawy, alkohol, chili, szczypiorek, dymka, por, czosnek, cebula, szalotka, go\u017adziki, ga\u0142ka muszkato\u0142owa, imbir<\/p>\n","yn_product_tcm_mindmapping":"<p>przekrwienie Qi w\u0105troby i p\u0119cherzyka \u017c\u00f3\u0142ciowego > przekrwienie Qi \u017co\u0142\u0105dka > wilgo\u0107 > flegma > opalenizna > przekrwienie krwi > ciep\u0142o i toksyny > niedob\u00f3r Qi \u015bledziony, a tak\u017ce PO minus<\/p>\n","yn_product_tongue_body":"<p>Kraw\u0119dzie j\u0119zyka s\u0105 przekrwione (w\u0105troba) i zaczerwienione lub po\u0142owa j\u0119zyka jest przekrwiona, zaczerwieniona i lekko skrzywiona (p\u0119cherzyk \u017c\u00f3\u0142ciowy), j\u0119zyk mo\u017ce by\u0107 r\u00f3wnie\u017c poplamiony.<\/p>\n","yn_product_tongue_coating":"<p>\u017b\u00f3\u0142tawy, cienki<\/p>\n","yn_product_pulse_diagnostics":"<p>xian mai &#8211; napi\u0119ty, se mai &#8211; szorstki, shuo mai &#8211; szybki<\/p>\n","yn_product_indications":"<p>Zapalenie tarczycy Hashimoto, przewlek\u0142e zapalenie tarczycy, nerwowo\u015b\u0107, dra\u017cliwo\u015b\u0107, niepok\u00f3j, dr\u017cenie r\u0105k, zaburzenia snu, pocenie si\u0119, ko\u0142atanie serca i ko\u0142atanie serca, arytmia serca, lepka sk\u00f3ra, nadmierny apetyt i pragnienie, utrata masy cia\u0142a pomimo dobrego apetytu, a u kobiet dodatkowo zaburzenia cyklu miesi\u0105czkowego (nieregularne lub zwi\u0119kszone krwawienie, brak miesi\u0105czki).<\/p>\n","yn_product_contra_indications":"<p>Krwawienie<\/p>\n","yn_product_pregnancy":"<p>Przeciwwskazane<\/p>\n","yn_product_herbs":"<p>bupleurum radix &#8211; chai hu, curcuma longa &#8211; yu jin, citrus aurantii &#8211; zhi ke, fritillariae thunbergyii bulbus &#8211; zhe bei mu, polygoni multiflori caulis &#8211; ye jiao teng, arctii lappae fructus &#8211; niu bang zi, salviae radix &#8211; dan shen, paeoniae rubrae radix &#8211; chi shao yao, glycyrrhizae uralensis radix &#8211; gan cao<\/p>\n","yn_product_magisterrecipes":"<p>Si Hai Shu Yu Wan, Hai Zao Yu Hu Tang, Xiao Yao San,<\/p>\n"},"yoast_head":"<!-- This site is optimized with the Yoast SEO plugin v24.9 - https:\/\/yoast.com\/wordpress\/plugins\/seo\/ -->\n<title>Melodia rado\u015bci - Claude Diolosa<\/title>\n<meta name=\"robots\" content=\"index, follow, max-snippet:-1, max-image-preview:large, max-video-preview:-1\" \/>\n<link rel=\"canonical\" href=\"https:\/\/shop.diolosa.com\/pl\/product\/melodia-radosci\/\" \/>\n<meta property=\"og:locale\" content=\"pl_PL\" \/>\n<meta property=\"og:type\" content=\"article\" \/>\n<meta property=\"og:title\" content=\"Melodia rado\u015bci - Claude Diolosa\" \/>\n<meta property=\"og:description\" content=\"MELODY OF JOY zosta\u0142 opracowany do leczenia ostrego zapalenia tarczycy [...]\" \/>\n<meta property=\"og:url\" content=\"https:\/\/shop.diolosa.com\/pl\/product\/melodia-radosci\/\" \/>\n<meta property=\"og:site_name\" content=\"Claude Diolosa\" \/>\n<meta property=\"article:publisher\" content=\"https:\/\/facebook.com\/claudediolosa\" \/>\n<meta property=\"article:modified_time\" content=\"2025-05-06T13:54:39+00:00\" \/>\n<meta property=\"og:image\" content=\"https:\/\/shop.diolosa.com\/wp-content\/uploads\/2019\/09\/Presslinge-140.jpg\" \/>\n\t<meta property=\"og:image:width\" content=\"800\" \/>\n\t<meta property=\"og:image:height\" content=\"533\" \/>\n\t<meta property=\"og:image:type\" content=\"image\/jpeg\" \/>\n<meta name=\"twitter:card\" content=\"summary_large_image\" \/>\n<script type=\"application\/ld+json\" class=\"yoast-schema-graph\">{\"@context\":\"https:\/\/schema.org\",\"@graph\":[{\"@type\":\"WebPage\",\"@id\":\"https:\/\/shop.diolosa.com\/pl\/product\/melodia-radosci\/\",\"url\":\"https:\/\/shop.diolosa.com\/pl\/product\/melodia-radosci\/\",\"name\":\"Melodia rado\u015bci - Claude Diolosa\",\"isPartOf\":{\"@id\":\"https:\/\/shop.diolosa.com\/pl\/#website\"},\"primaryImageOfPage\":{\"@id\":\"https:\/\/shop.diolosa.com\/pl\/product\/melodia-radosci\/#primaryimage\"},\"image\":{\"@id\":\"https:\/\/shop.diolosa.com\/pl\/product\/melodia-radosci\/#primaryimage\"},\"thumbnailUrl\":\"https:\/\/shop.diolosa.com\/wp-content\/uploads\/2019\/09\/Presslinge-140.jpg\",\"datePublished\":\"2025-03-10T05:58:01+00:00\",\"dateModified\":\"2025-05-06T13:54:39+00:00\",\"breadcrumb\":{\"@id\":\"https:\/\/shop.diolosa.com\/pl\/product\/melodia-radosci\/#breadcrumb\"},\"inLanguage\":\"pl-PL\",\"potentialAction\":[{\"@type\":\"ReadAction\",\"target\":[\"https:\/\/shop.diolosa.com\/pl\/product\/melodia-radosci\/\"]}]},{\"@type\":\"ImageObject\",\"inLanguage\":\"pl-PL\",\"@id\":\"https:\/\/shop.diolosa.com\/pl\/product\/melodia-radosci\/#primaryimage\",\"url\":\"https:\/\/shop.diolosa.com\/wp-content\/uploads\/2019\/09\/Presslinge-140.jpg\",\"contentUrl\":\"https:\/\/shop.diolosa.com\/wp-content\/uploads\/2019\/09\/Presslinge-140.jpg\",\"width\":800,\"height\":533},{\"@type\":\"BreadcrumbList\",\"@id\":\"https:\/\/shop.diolosa.com\/pl\/product\/melodia-radosci\/#breadcrumb\",\"itemListElement\":[{\"@type\":\"ListItem\",\"position\":1,\"name\":\"Startseite\",\"item\":\"https:\/\/shop.diolosa.com\/pl\/?page_id=3835710\"},{\"@type\":\"ListItem\",\"position\":2,\"name\":\"Sklep\",\"item\":\"https:\/\/shop.diolosa.com\/pl\/?page_id=3835710\"},{\"@type\":\"ListItem\",\"position\":3,\"name\":\"Melodia rado\u015bci\"}]},{\"@type\":\"WebSite\",\"@id\":\"https:\/\/shop.diolosa.com\/pl\/#website\",\"url\":\"https:\/\/shop.diolosa.com\/pl\/\",\"name\":\"Claude Diolosa\",\"description\":\"\",\"publisher\":{\"@id\":\"https:\/\/shop.diolosa.com\/pl\/#organization\"},\"potentialAction\":[{\"@type\":\"SearchAction\",\"target\":{\"@type\":\"EntryPoint\",\"urlTemplate\":\"https:\/\/shop.diolosa.com\/pl\/?s={search_term_string}\"},\"query-input\":{\"@type\":\"PropertyValueSpecification\",\"valueRequired\":true,\"valueName\":\"search_term_string\"}}],\"inLanguage\":\"pl-PL\"},{\"@type\":\"Organization\",\"@id\":\"https:\/\/shop.diolosa.com\/pl\/#organization\",\"name\":\"Claude Diolosa\",\"url\":\"https:\/\/shop.diolosa.com\/pl\/\",\"logo\":{\"@type\":\"ImageObject\",\"inLanguage\":\"pl-PL\",\"@id\":\"https:\/\/shop.diolosa.com\/pl\/#\/schema\/logo\/image\/\",\"url\":\"https:\/\/shop.diolosa.com\/wp-content\/uploads\/2019\/08\/diolosa-drop-logo-new.png\",\"contentUrl\":\"https:\/\/shop.diolosa.com\/wp-content\/uploads\/2019\/08\/diolosa-drop-logo-new.png\",\"width\":134,\"height\":176,\"caption\":\"Claude Diolosa\"},\"image\":{\"@id\":\"https:\/\/shop.diolosa.com\/pl\/#\/schema\/logo\/image\/\"},\"sameAs\":[\"https:\/\/facebook.com\/claudediolosa\",\"https:\/\/www.instagram.com\/diolosaclaude108\/\"]}]}<\/script>\n<!-- \/ Yoast SEO plugin. -->","yoast_head_json":{"title":"Melodia rado\u015bci - Claude Diolosa","robots":{"index":"index","follow":"follow","max-snippet":"max-snippet:-1","max-image-preview":"max-image-preview:large","max-video-preview":"max-video-preview:-1"},"canonical":"https:\/\/shop.diolosa.com\/pl\/product\/melodia-radosci\/","og_locale":"pl_PL","og_type":"article","og_title":"Melodia rado\u015bci - Claude Diolosa","og_description":"MELODY OF JOY zosta\u0142 opracowany do leczenia ostrego zapalenia tarczycy [...]","og_url":"https:\/\/shop.diolosa.com\/pl\/product\/melodia-radosci\/","og_site_name":"Claude Diolosa","article_publisher":"https:\/\/facebook.com\/claudediolosa","article_modified_time":"2025-05-06T13:54:39+00:00","og_image":[{"width":800,"height":533,"url":"https:\/\/shop.diolosa.com\/wp-content\/uploads\/2019\/09\/Presslinge-140.jpg","type":"image\/jpeg"}],"twitter_card":"summary_large_image","schema":{"@context":"https:\/\/schema.org","@graph":[{"@type":"WebPage","@id":"https:\/\/shop.diolosa.com\/pl\/product\/melodia-radosci\/","url":"https:\/\/shop.diolosa.com\/pl\/product\/melodia-radosci\/","name":"Melodia rado\u015bci - Claude Diolosa","isPartOf":{"@id":"https:\/\/shop.diolosa.com\/pl\/#website"},"primaryImageOfPage":{"@id":"https:\/\/shop.diolosa.com\/pl\/product\/melodia-radosci\/#primaryimage"},"image":{"@id":"https:\/\/shop.diolosa.com\/pl\/product\/melodia-radosci\/#primaryimage"},"thumbnailUrl":"https:\/\/shop.diolosa.com\/wp-content\/uploads\/2019\/09\/Presslinge-140.jpg","datePublished":"2025-03-10T05:58:01+00:00","dateModified":"2025-05-06T13:54:39+00:00","breadcrumb":{"@id":"https:\/\/shop.diolosa.com\/pl\/product\/melodia-radosci\/#breadcrumb"},"inLanguage":"pl-PL","potentialAction":[{"@type":"ReadAction","target":["https:\/\/shop.diolosa.com\/pl\/product\/melodia-radosci\/"]}]},{"@type":"ImageObject","inLanguage":"pl-PL","@id":"https:\/\/shop.diolosa.com\/pl\/product\/melodia-radosci\/#primaryimage","url":"https:\/\/shop.diolosa.com\/wp-content\/uploads\/2019\/09\/Presslinge-140.jpg","contentUrl":"https:\/\/shop.diolosa.com\/wp-content\/uploads\/2019\/09\/Presslinge-140.jpg","width":800,"height":533},{"@type":"BreadcrumbList","@id":"https:\/\/shop.diolosa.com\/pl\/product\/melodia-radosci\/#breadcrumb","itemListElement":[{"@type":"ListItem","position":1,"name":"Startseite","item":"https:\/\/shop.diolosa.com\/pl\/?page_id=3835710"},{"@type":"ListItem","position":2,"name":"Sklep","item":"https:\/\/shop.diolosa.com\/pl\/?page_id=3835710"},{"@type":"ListItem","position":3,"name":"Melodia rado\u015bci"}]},{"@type":"WebSite","@id":"https:\/\/shop.diolosa.com\/pl\/#website","url":"https:\/\/shop.diolosa.com\/pl\/","name":"Claude Diolosa","description":"","publisher":{"@id":"https:\/\/shop.diolosa.com\/pl\/#organization"},"potentialAction":[{"@type":"SearchAction","target":{"@type":"EntryPoint","urlTemplate":"https:\/\/shop.diolosa.com\/pl\/?s={search_term_string}"},"query-input":{"@type":"PropertyValueSpecification","valueRequired":true,"valueName":"search_term_string"}}],"inLanguage":"pl-PL"},{"@type":"Organization","@id":"https:\/\/shop.diolosa.com\/pl\/#organization","name":"Claude Diolosa","url":"https:\/\/shop.diolosa.com\/pl\/","logo":{"@type":"ImageObject","inLanguage":"pl-PL","@id":"https:\/\/shop.diolosa.com\/pl\/#\/schema\/logo\/image\/","url":"https:\/\/shop.diolosa.com\/wp-content\/uploads\/2019\/08\/diolosa-drop-logo-new.png","contentUrl":"https:\/\/shop.diolosa.com\/wp-content\/uploads\/2019\/08\/diolosa-drop-logo-new.png","width":134,"height":176,"caption":"Claude Diolosa"},"image":{"@id":"https:\/\/shop.diolosa.com\/pl\/#\/schema\/logo\/image\/"},"sameAs":["https:\/\/facebook.com\/claudediolosa","https:\/\/www.instagram.com\/diolosaclaude108\/"]}]}},"_links":{"self":[{"href":"https:\/\/shop.diolosa.com\/pl\/wp-json\/wp\/v2\/product\/3841263","targetHints":{"allow":["GET"]}}],"collection":[{"href":"https:\/\/shop.diolosa.com\/pl\/wp-json\/wp\/v2\/product"}],"about":[{"href":"https:\/\/shop.diolosa.com\/pl\/wp-json\/wp\/v2\/types\/product"}],"wp:featuredmedia":[{"embeddable":true,"href":"https:\/\/shop.diolosa.com\/pl\/wp-json\/wp\/v2\/media\/3835943"}],"wp:attachment":[{"href":"https:\/\/shop.diolosa.com\/pl\/wp-json\/wp\/v2\/media?parent=3841263"}],"wp:term":[{"taxonomy":"product_brand","embeddable":true,"href":"https:\/\/shop.diolosa.com\/pl\/wp-json\/wp\/v2\/product_brand?post=3841263"},{"taxonomy":"product_cat","embeddable":true,"href":"https:\/\/shop.diolosa.com\/pl\/wp-json\/wp\/v2\/product_cat?post=3841263"},{"taxonomy":"product_tag","embeddable":true,"href":"https:\/\/shop.diolosa.com\/pl\/wp-json\/wp\/v2\/product_tag?post=3841263"}],"curies":[{"name":"wp","href":"https:\/\/api.w.org\/{rel}","templated":true}]}}