{"id":3841267,"date":"2019-09-04T12:11:28","date_gmt":"2025-03-10T05:58:02","guid":{"rendered":"https:\/\/shop.diolosa.com\/product\/bilans-wodny\/"},"modified":"2025-05-06T15:18:30","modified_gmt":"2025-05-06T14:18:30","slug":"bilans-wodny","status":"publish","type":"product","link":"https:\/\/shop.diolosa.com\/pl\/product\/bilans-wodny\/","title":{"rendered":"Bilans wodny"},"content":{"rendered":"<p>WATER BALANCE jest stosowany w leczeniu nietrzymania moczu. Preparat ten tonizuje poporodowe \u017ar\u00f3d\u0142o Jing, rozgrzewa Yang, wzmacnia nerki i Dai Mai Qi (naczynie pasowe), przekszta\u0142ca wilgo\u0107, harmonizuje po\u0142\u0105czenie mi\u0119dzy sercem i nerkami oraz wzmacnia ZHI (si\u0142\u0119 woli). Nale\u017cy pami\u0119ta\u0107, \u017ce nietrzymanie moczu lub moczenie nocne u dzieci mo\u017ce wynika\u0107 z przyczyn psychosomatycznych.<\/p>\n","protected":false},"excerpt":{"rendered":"<p>WATER BALANCE jest stosowany w leczeniu nietrzymania moczu. Preparat ten  [&#8230;]<\/p>\n","protected":false},"featured_media":3835943,"template":"","meta":{"_acf_changed":false},"product_brand":[],"product_cat":[11773],"product_tag":[12366],"class_list":{"0":"post-3841267","1":"product","2":"type-product","3":"status-publish","4":"has-post-thumbnail","6":"product_cat-urologia","7":"product_tag-nietrzymanie-moczu","9":"first","10":"instock","11":"taxable","12":"shipping-taxable","13":"purchasable","14":"product-type-simple"},"acf":{"yn_product_audio":"","yn_product_video":"https:\/\/shop.diolosa.com\/wp-content\/uploads\/2024\/05\/Water-Balance.mp4","yn_product_akupunktur":"<p>Wzmocnienie qi nerek i rozgrzanie yang<br \/>\np\u0119cherz 23 &#8211; shen shu &#8211; bu fa &#8211; moxa<br \/>\nnerki 3 &#8211; tai xi (shu, yuan) &#8211; bu fa<br \/>\nren mai 3 &#8211; zhong ji (mo> p\u0119cherz, w\u0105troba, nerki, \u015bledziona) &#8211; bu fa &#8211; moxa<br \/>\np\u0119cherz 31 do 34 &#8211; ba liao &#8211; &#8211; bu fa &#8211; moxa<br \/>\np\u0119cherz 28 &#8211; pang guang shu &#8211; bu fa &#8211; moxa<\/p>\n<p>Podnoszenie Qi<br \/>\nren mai 4 &#8211; guan yuan (mo>jelito cienkie, w\u0105troba, nerki, \u015bledziona) &#8211; moksa<br \/>\nren mai 6 &#8211; qi hai (yuan qi) &#8211; moksa<\/p>\n<p>Naprawianie qi ba\u0144ki odleg\u0142ymi punktami<br \/>\nba\u0144ka 57 &#8211; cheng shan (ma da yang) &#8211; bu fa<br \/>\nba\u0144ka 40 &#8211; wei zhong (he, xia he xue &#8211; ba\u0144ka, xi krwi, jing bie ni\/bl) &#8211; bu fa  <\/p>\n<p>Tonizuje \u015bledzion\u0119 Qi<br \/>\n\u015bledziona 3 &#8211; tai bai (yuan) &#8211; bu fa<br \/>\n\u015bledziona 2 &#8211; da du (ying) &#8211; bu fa<br \/>\np\u0119cherz 20 &#8211; pi shu &#8211; bu fa  <\/p>\n<p>Harmonizuje serce i nerki<br \/>\np\u0119cherz 52 &#8211; zhi shi &#8211; bu fa<br \/>\np\u0119cherz 44 &#8211; shen tang (shen) &#8211; bu fa  <\/p>\n<p>Oczy\u015b\u0107 kana\u0142y serca<br \/>\n\u017co\u0142\u0105dek 40 &#8211; feng long (luo) &#8211; xie fa<br \/>\nkr\u0105\u017cenie 6 &#8211; nei guan (luo, yin wei mai) &#8211; xie fa<br \/>\nsi shen cong &#8211; M-HN-1 (m\u00f3zg, cns) &#8211; xie fa<br \/>\n\u017co\u0142\u0105dek 6 &#8211; jia che &#8211; gui chuan (gui) &#8211; xie fa<\/p>\n","yn_product_verabreichungsart":"Pelety 140szt.","yn_product_dosierung":"<p>Przyjmowa\u0107 3 x 6 do 10 tabletek dziennie, zawsze przed posi\u0142kami. <\/p>\n","yn_product_combinations":"<p>YANG ROOT, RINCHEN TEE, WARMING THE ROOT (niedob\u00f3r yang nerek), SECRET POWER (impotencja), BIG PEARL (przerost prostaty), BRIGHT FUTURE (depresja) i wszystkie preparaty WU SHEN z tej linii.<\/p>\n","yn_product_avoidable":"<p>Kawa, czarna i zielona herbata, jogurt, sa\u0142ata, pomidor, og\u00f3rek, bak\u0142a\u017can, owoce tropikalne, owoce cytrusowe, soki owocowe.<\/p>\n","yn_product_tcm_mindmapping":"<p>Niedob\u00f3r Qi\/Yang nerek > Wilgotno\u015b\u0107 p\u0119cherza moczowego i San Jiao > Zimno > Obni\u017cenie Qi > Rozlu\u017anienie Dai Mai Qi<\/p>\n","yn_product_tongue_body":"<p>Kr\u00f3tki, s\u0142aby, szeroki, wilgotny, blady<\/p>\n","yn_product_tongue_coating":"<p>Bia\u0142a i wilgotna, szczeg\u00f3lnie w cieplejszych partiach cia\u0142a<\/p>\n","yn_product_pulse_diagnostics":"<p>Pozycja Yang i Qi nerek: chen mai &#8211; g\u0142\u0119boka, duan mai &#8211; kr\u00f3tka, xi mai &#8211; cienka, xu mai &#8211; pusta, chi mai &#8211; powolna lub ruo mai &#8211; s\u0142aba.<\/p>\n","yn_product_indications":"<p>Moczenie nocne, nietrzymanie moczu, przewlek\u0142y b\u00f3l plec\u00f3w, hipotermia, zimne ko\u0144czyny, apatia, apatia, impotencja<\/p>\n","yn_product_contra_indications":"<p>Stagnacja Qi i mokre ciep\u0142o w dolnym podgrzewaczu<\/p>\n","yn_product_pregnancy":"<p>Dozwolone<\/p>\n","yn_product_herbs":"<p>astragali semen &#8211; sha yuan zi, euryalae semen praep &#8211; chao huang qian shi, psoralae fructus &#8211; bu gu zi, dioscorea rhizoma praep &#8211; chao huang shan yao, foeniculum vulgare praep &#8211; yan zhi xiao hui xiang<\/p>\n","yn_product_magisterrecipes":"<p>Jin Suo Gu Jing Wan, You Gui Wan<\/p>\n"},"yoast_head":"<!-- This site is optimized with the Yoast SEO plugin v24.9 - https:\/\/yoast.com\/wordpress\/plugins\/seo\/ -->\n<title>Bilans wodny - Claude Diolosa<\/title>\n<meta name=\"robots\" content=\"index, follow, max-snippet:-1, max-image-preview:large, max-video-preview:-1\" \/>\n<link rel=\"canonical\" href=\"https:\/\/shop.diolosa.com\/pl\/product\/bilans-wodny\/\" \/>\n<meta property=\"og:locale\" content=\"pl_PL\" \/>\n<meta property=\"og:type\" content=\"article\" \/>\n<meta property=\"og:title\" content=\"Bilans wodny - Claude Diolosa\" \/>\n<meta property=\"og:description\" content=\"WATER BALANCE jest stosowany w leczeniu nietrzymania moczu. Preparat ten [...]\" \/>\n<meta property=\"og:url\" content=\"https:\/\/shop.diolosa.com\/pl\/product\/bilans-wodny\/\" \/>\n<meta property=\"og:site_name\" content=\"Claude Diolosa\" \/>\n<meta property=\"article:publisher\" content=\"https:\/\/facebook.com\/claudediolosa\" \/>\n<meta property=\"article:modified_time\" content=\"2025-05-06T14:18:30+00:00\" \/>\n<meta property=\"og:image\" content=\"https:\/\/shop.diolosa.com\/wp-content\/uploads\/2019\/09\/Presslinge-140.jpg\" \/>\n\t<meta property=\"og:image:width\" content=\"800\" \/>\n\t<meta property=\"og:image:height\" content=\"533\" \/>\n\t<meta property=\"og:image:type\" content=\"image\/jpeg\" \/>\n<meta name=\"twitter:card\" content=\"summary_large_image\" \/>\n<script type=\"application\/ld+json\" class=\"yoast-schema-graph\">{\"@context\":\"https:\/\/schema.org\",\"@graph\":[{\"@type\":\"WebPage\",\"@id\":\"https:\/\/shop.diolosa.com\/pl\/product\/bilans-wodny\/\",\"url\":\"https:\/\/shop.diolosa.com\/pl\/product\/bilans-wodny\/\",\"name\":\"Bilans wodny - Claude Diolosa\",\"isPartOf\":{\"@id\":\"https:\/\/shop.diolosa.com\/pl\/#website\"},\"primaryImageOfPage\":{\"@id\":\"https:\/\/shop.diolosa.com\/pl\/product\/bilans-wodny\/#primaryimage\"},\"image\":{\"@id\":\"https:\/\/shop.diolosa.com\/pl\/product\/bilans-wodny\/#primaryimage\"},\"thumbnailUrl\":\"https:\/\/shop.diolosa.com\/wp-content\/uploads\/2019\/09\/Presslinge-140.jpg\",\"datePublished\":\"2025-03-10T05:58:02+00:00\",\"dateModified\":\"2025-05-06T14:18:30+00:00\",\"breadcrumb\":{\"@id\":\"https:\/\/shop.diolosa.com\/pl\/product\/bilans-wodny\/#breadcrumb\"},\"inLanguage\":\"pl-PL\",\"potentialAction\":[{\"@type\":\"ReadAction\",\"target\":[\"https:\/\/shop.diolosa.com\/pl\/product\/bilans-wodny\/\"]}]},{\"@type\":\"ImageObject\",\"inLanguage\":\"pl-PL\",\"@id\":\"https:\/\/shop.diolosa.com\/pl\/product\/bilans-wodny\/#primaryimage\",\"url\":\"https:\/\/shop.diolosa.com\/wp-content\/uploads\/2019\/09\/Presslinge-140.jpg\",\"contentUrl\":\"https:\/\/shop.diolosa.com\/wp-content\/uploads\/2019\/09\/Presslinge-140.jpg\",\"width\":800,\"height\":533},{\"@type\":\"BreadcrumbList\",\"@id\":\"https:\/\/shop.diolosa.com\/pl\/product\/bilans-wodny\/#breadcrumb\",\"itemListElement\":[{\"@type\":\"ListItem\",\"position\":1,\"name\":\"Startseite\",\"item\":\"https:\/\/shop.diolosa.com\/pl\/?page_id=3835710\"},{\"@type\":\"ListItem\",\"position\":2,\"name\":\"Sklep\",\"item\":\"https:\/\/shop.diolosa.com\/pl\/?page_id=3835710\"},{\"@type\":\"ListItem\",\"position\":3,\"name\":\"Bilans wodny\"}]},{\"@type\":\"WebSite\",\"@id\":\"https:\/\/shop.diolosa.com\/pl\/#website\",\"url\":\"https:\/\/shop.diolosa.com\/pl\/\",\"name\":\"Claude Diolosa\",\"description\":\"\",\"publisher\":{\"@id\":\"https:\/\/shop.diolosa.com\/pl\/#organization\"},\"potentialAction\":[{\"@type\":\"SearchAction\",\"target\":{\"@type\":\"EntryPoint\",\"urlTemplate\":\"https:\/\/shop.diolosa.com\/pl\/?s={search_term_string}\"},\"query-input\":{\"@type\":\"PropertyValueSpecification\",\"valueRequired\":true,\"valueName\":\"search_term_string\"}}],\"inLanguage\":\"pl-PL\"},{\"@type\":\"Organization\",\"@id\":\"https:\/\/shop.diolosa.com\/pl\/#organization\",\"name\":\"Claude Diolosa\",\"url\":\"https:\/\/shop.diolosa.com\/pl\/\",\"logo\":{\"@type\":\"ImageObject\",\"inLanguage\":\"pl-PL\",\"@id\":\"https:\/\/shop.diolosa.com\/pl\/#\/schema\/logo\/image\/\",\"url\":\"https:\/\/shop.diolosa.com\/wp-content\/uploads\/2019\/08\/diolosa-drop-logo-new.png\",\"contentUrl\":\"https:\/\/shop.diolosa.com\/wp-content\/uploads\/2019\/08\/diolosa-drop-logo-new.png\",\"width\":134,\"height\":176,\"caption\":\"Claude Diolosa\"},\"image\":{\"@id\":\"https:\/\/shop.diolosa.com\/pl\/#\/schema\/logo\/image\/\"},\"sameAs\":[\"https:\/\/facebook.com\/claudediolosa\",\"https:\/\/www.instagram.com\/diolosaclaude108\/\"]}]}<\/script>\n<!-- \/ Yoast SEO plugin. -->","yoast_head_json":{"title":"Bilans wodny - Claude Diolosa","robots":{"index":"index","follow":"follow","max-snippet":"max-snippet:-1","max-image-preview":"max-image-preview:large","max-video-preview":"max-video-preview:-1"},"canonical":"https:\/\/shop.diolosa.com\/pl\/product\/bilans-wodny\/","og_locale":"pl_PL","og_type":"article","og_title":"Bilans wodny - Claude Diolosa","og_description":"WATER BALANCE jest stosowany w leczeniu nietrzymania moczu. Preparat ten [...]","og_url":"https:\/\/shop.diolosa.com\/pl\/product\/bilans-wodny\/","og_site_name":"Claude Diolosa","article_publisher":"https:\/\/facebook.com\/claudediolosa","article_modified_time":"2025-05-06T14:18:30+00:00","og_image":[{"width":800,"height":533,"url":"https:\/\/shop.diolosa.com\/wp-content\/uploads\/2019\/09\/Presslinge-140.jpg","type":"image\/jpeg"}],"twitter_card":"summary_large_image","schema":{"@context":"https:\/\/schema.org","@graph":[{"@type":"WebPage","@id":"https:\/\/shop.diolosa.com\/pl\/product\/bilans-wodny\/","url":"https:\/\/shop.diolosa.com\/pl\/product\/bilans-wodny\/","name":"Bilans wodny - Claude Diolosa","isPartOf":{"@id":"https:\/\/shop.diolosa.com\/pl\/#website"},"primaryImageOfPage":{"@id":"https:\/\/shop.diolosa.com\/pl\/product\/bilans-wodny\/#primaryimage"},"image":{"@id":"https:\/\/shop.diolosa.com\/pl\/product\/bilans-wodny\/#primaryimage"},"thumbnailUrl":"https:\/\/shop.diolosa.com\/wp-content\/uploads\/2019\/09\/Presslinge-140.jpg","datePublished":"2025-03-10T05:58:02+00:00","dateModified":"2025-05-06T14:18:30+00:00","breadcrumb":{"@id":"https:\/\/shop.diolosa.com\/pl\/product\/bilans-wodny\/#breadcrumb"},"inLanguage":"pl-PL","potentialAction":[{"@type":"ReadAction","target":["https:\/\/shop.diolosa.com\/pl\/product\/bilans-wodny\/"]}]},{"@type":"ImageObject","inLanguage":"pl-PL","@id":"https:\/\/shop.diolosa.com\/pl\/product\/bilans-wodny\/#primaryimage","url":"https:\/\/shop.diolosa.com\/wp-content\/uploads\/2019\/09\/Presslinge-140.jpg","contentUrl":"https:\/\/shop.diolosa.com\/wp-content\/uploads\/2019\/09\/Presslinge-140.jpg","width":800,"height":533},{"@type":"BreadcrumbList","@id":"https:\/\/shop.diolosa.com\/pl\/product\/bilans-wodny\/#breadcrumb","itemListElement":[{"@type":"ListItem","position":1,"name":"Startseite","item":"https:\/\/shop.diolosa.com\/pl\/?page_id=3835710"},{"@type":"ListItem","position":2,"name":"Sklep","item":"https:\/\/shop.diolosa.com\/pl\/?page_id=3835710"},{"@type":"ListItem","position":3,"name":"Bilans wodny"}]},{"@type":"WebSite","@id":"https:\/\/shop.diolosa.com\/pl\/#website","url":"https:\/\/shop.diolosa.com\/pl\/","name":"Claude Diolosa","description":"","publisher":{"@id":"https:\/\/shop.diolosa.com\/pl\/#organization"},"potentialAction":[{"@type":"SearchAction","target":{"@type":"EntryPoint","urlTemplate":"https:\/\/shop.diolosa.com\/pl\/?s={search_term_string}"},"query-input":{"@type":"PropertyValueSpecification","valueRequired":true,"valueName":"search_term_string"}}],"inLanguage":"pl-PL"},{"@type":"Organization","@id":"https:\/\/shop.diolosa.com\/pl\/#organization","name":"Claude Diolosa","url":"https:\/\/shop.diolosa.com\/pl\/","logo":{"@type":"ImageObject","inLanguage":"pl-PL","@id":"https:\/\/shop.diolosa.com\/pl\/#\/schema\/logo\/image\/","url":"https:\/\/shop.diolosa.com\/wp-content\/uploads\/2019\/08\/diolosa-drop-logo-new.png","contentUrl":"https:\/\/shop.diolosa.com\/wp-content\/uploads\/2019\/08\/diolosa-drop-logo-new.png","width":134,"height":176,"caption":"Claude Diolosa"},"image":{"@id":"https:\/\/shop.diolosa.com\/pl\/#\/schema\/logo\/image\/"},"sameAs":["https:\/\/facebook.com\/claudediolosa","https:\/\/www.instagram.com\/diolosaclaude108\/"]}]}},"_links":{"self":[{"href":"https:\/\/shop.diolosa.com\/pl\/wp-json\/wp\/v2\/product\/3841267","targetHints":{"allow":["GET"]}}],"collection":[{"href":"https:\/\/shop.diolosa.com\/pl\/wp-json\/wp\/v2\/product"}],"about":[{"href":"https:\/\/shop.diolosa.com\/pl\/wp-json\/wp\/v2\/types\/product"}],"wp:featuredmedia":[{"embeddable":true,"href":"https:\/\/shop.diolosa.com\/pl\/wp-json\/wp\/v2\/media\/3835943"}],"wp:attachment":[{"href":"https:\/\/shop.diolosa.com\/pl\/wp-json\/wp\/v2\/media?parent=3841267"}],"wp:term":[{"taxonomy":"product_brand","embeddable":true,"href":"https:\/\/shop.diolosa.com\/pl\/wp-json\/wp\/v2\/product_brand?post=3841267"},{"taxonomy":"product_cat","embeddable":true,"href":"https:\/\/shop.diolosa.com\/pl\/wp-json\/wp\/v2\/product_cat?post=3841267"},{"taxonomy":"product_tag","embeddable":true,"href":"https:\/\/shop.diolosa.com\/pl\/wp-json\/wp\/v2\/product_tag?post=3841267"}],"curies":[{"name":"wp","href":"https:\/\/api.w.org\/{rel}","templated":true}]}}