{"id":3841275,"date":"2019-09-04T12:11:28","date_gmt":"2025-03-10T05:58:11","guid":{"rendered":"https:\/\/shop.diolosa.com\/product\/fioletowy-ekran-ochronny-wbl\/"},"modified":"2025-05-06T15:18:39","modified_gmt":"2025-05-06T14:18:39","slug":"fioletowy-ekran-ochronny-wbl","status":"publish","type":"product","link":"https:\/\/shop.diolosa.com\/pl\/product\/fioletowy-ekran-ochronny-wbl\/","title":{"rendered":"Fioletowy ekran ochronny WBL"},"content":{"rendered":"<p>WBL PURPLE PROTECTION SCREEN jest stosowany w przypadku p\u00f3\u017anych skutk\u00f3w chor\u00f3b zaka\u017anych lub wp\u0142yw\u00f3w patogennych, kt\u00f3re przenikn\u0119\u0142y do XUE FEN. Preparat ten chroni Yin, usuwa Puste Ciep\u0142o Nerek, usuwa Ciep\u0142o Krwi, eliminuje Toksyny Ognia, zapobiega krwawieniu i Wiatrowi (Nei Feng).<\/p>\n","protected":false},"excerpt":{"rendered":"<p>WBL PURPLE PROTECTION SCREEN jest stosowany w przypadku p\u00f3\u017anych skutk\u00f3w  [&#8230;]<\/p>\n","protected":false},"featured_media":3835943,"template":"","meta":{"_acf_changed":false},"product_brand":[],"product_cat":[11771],"product_tag":[12371],"class_list":{"0":"post-3841275","1":"product","2":"type-product","3":"status-publish","4":"has-post-thumbnail","6":"product_cat-wen-bing-lun-pl","7":"product_tag-grypa-xue-fen","9":"first","10":"instock","11":"taxable","12":"shipping-taxable","13":"purchasable","14":"product-type-simple"},"acf":{"yn_product_audio":"https:\/\/shop.diolosa.com\/wp-content\/uploads\/2018\/12\/DL_0777.mp3","yn_product_video":"https:\/\/shop.diolosa.com\/wp-content\/uploads\/2019\/09\/WBL-Purple-Protection-Screen.mp4","yn_product_akupunktur":"<p>Odprowadzanie patogennych wp\u0142yw\u00f3w z XUE FEN<br \/>\nkr\u0105\u017cenie 8 &#8211; lao gong (ying) &#8211; xie fa<br \/>\nnerka 1 &#8211; yong quan (jing) &#8211; xie fa<br \/>\nshi xuan &#8211; M-UE-1 &#8211; krwawienie<br \/>\np\u0119cherz 40 &#8211; wei zhong (he, xia he xue &#8211; p\u0119cherz, xi krwi, jing bie ni\/bl) &#8211; krwawienie<br \/>\nkr\u0105\u017cenie 3 &#8211; qu ze (he) &#8211; krwawienie<br \/>\n\u015bledziona 10 &#8211; xue hai (jezioro krwi) &#8211; xie fa<br \/>\nw\u0105troba 2 &#8211; xing jian (ying) &#8211; krwawienie  <\/p>\n<p>Shen uspok\u00f3j si\u0119<br \/>\nsi shen cong &#8211; M-HN-1 (m\u00f3zg, cns) &#8211; xie fa<br \/>\ndu mai 20 &#8211; bai hui &#8211; bai lao (jezioro szpiku kostnego, p\u0119cherz) &#8211; xie fa<br \/>\ndu mai 14 &#8211; da zhui (jezioro qi) &#8211; xie fa<br \/>\ndu mai 13 &#8211; tao dao (p\u0119cherz) &#8211; xie fa<br \/>\njelito cienkie 3 &#8211; hou xi (shu,du mai) &#8211; xie fa<br \/>\ndu mai 26 &#8211; ren zhong (\u017co\u0142\u0105dek, jelito grube) &#8211; xie fa<br \/>\nyin tang &#8211; M-HN-3 &#8211; xie fa<br \/>\n\u017co\u0142\u0105dek 44 &#8211; nei ting (ying) &#8211; xie fa  <\/p>\n<p>Uzupe\u0142nienie yin<br \/>\nnerka 6 &#8211; zhao hai (yin qiao mai) &#8211; bu fa<br \/>\np\u0119cherz 62 &#8211; shen mai &#8211; gui lu (yang qiao mai) &#8211; xie fa  <\/p>\n<p>PO zapi\u0105\u0107<br \/>\np\u0142uco 5 &#8211; chi ze (he) &#8211; bu fa<br \/>\nba\u0144ka 43 &#8211; gao huang shu (qi, xue, jinye, yin, yang) &#8211; bu fa<\/p>\n","yn_product_verabreichungsart":"Pelety 140szt.","yn_product_dosierung":"<p>Je\u015bli stan jest niebezpieczny, nale\u017cy natychmiast przyj\u0105\u0107 od 6 do 10 tabletek i kontynuowa\u0107 przyjmowanie od 6 do 10 tabletek co godzin\u0119.<br \/>\nDla dzieci w wieku od 1 do 3 lat = od 1 do 3 granulek, od 3 do 6 lat = od 3 do 6 granulek, od 6 do 12 lat = od 6 do 9 granulek.<\/p>\n","yn_product_combinations":"<p>WBL ZIELONY EKRAN OCHRONNY (Wei Fen), WBL CZERWONY EKRAN OCHRONNY (zesp\u00f3\u0142 Qi \/Ying Fen)<\/p>\n","yn_product_avoidable":"<p>Ostre i gor\u0105ce przyprawy, herbata imbirowa, alkohol, ga\u0142ka muszkato\u0142owa, go\u017adziki, koper w\u0142oski, any\u017c, any\u017c gwiazdkowy, owoce morza, jagni\u0119cina, mi\u0119so drobiowe<\/p>\n","yn_product_tcm_mindmapping":"<p>Wen Bing Lun > przenikn\u0105\u0142 do Xue Fen > krwotoki, wysypki sk\u00f3rne (Wei Fen) i skurcze > Nei Feng<\/p>\n","yn_product_tongue_body":"<p>Ciemnoczerwony<\/p>\n","yn_product_tongue_coating":"<p>Cienki i \u017c\u00f3\u0142ty<\/p>\n","yn_product_pulse_diagnostics":"<p>fu mai &#8211; powierzchowny, xi mai &#8211; cienki, xian mai &#8211; napi\u0119ty, xu mai &#8211; pusty, shuo mai &#8211; szybki<\/p>\n","yn_product_indications":"<p>Niepok\u00f3j, wysypki sk\u00f3rne, wylewy podsk\u00f3rne, plamica, krwawienia, zawroty g\u0142owy, b\u00f3le g\u0142owy, skurcze, ko\u0142atanie serca, gor\u0105czka w nocy, drgawki.<\/p>\n","yn_product_contra_indications":"<p>Niedob\u00f3r Yang, ch\u0142\u00f3d wewn\u0119trzny, wilgo\u0107 i flegma<\/p>\n","yn_product_pregnancy":"<p>Dozwolone<\/p>\n","yn_product_herbs":"<p>rhemanniae radix &#8211; sheng di huang, moutan cortex &#8211; mu dan pi, paeoniae rubrae radix &#8211; chi shao yao, anemarrhenae rhizoma &#8211; zhi mu, scrophulariae ningpoensis radix &#8211; xuan shen, forsythiae suspensae fructus &#8211; lian qiao<\/p>\n","yn_product_magisterrecipes":"<p>Xi Jiao Di Huang Tang<\/p>\n"},"yoast_head":"<!-- This site is optimized with the Yoast SEO plugin v24.9 - https:\/\/yoast.com\/wordpress\/plugins\/seo\/ -->\n<title>Fioletowy ekran ochronny WBL - Claude Diolosa<\/title>\n<meta name=\"robots\" content=\"index, follow, max-snippet:-1, max-image-preview:large, max-video-preview:-1\" \/>\n<link rel=\"canonical\" href=\"https:\/\/shop.diolosa.com\/pl\/product\/fioletowy-ekran-ochronny-wbl\/\" \/>\n<meta property=\"og:locale\" content=\"pl_PL\" \/>\n<meta property=\"og:type\" content=\"article\" \/>\n<meta property=\"og:title\" content=\"Fioletowy ekran ochronny WBL - Claude Diolosa\" \/>\n<meta property=\"og:description\" content=\"WBL PURPLE PROTECTION SCREEN jest stosowany w przypadku p\u00f3\u017anych skutk\u00f3w [...]\" \/>\n<meta property=\"og:url\" content=\"https:\/\/shop.diolosa.com\/pl\/product\/fioletowy-ekran-ochronny-wbl\/\" \/>\n<meta property=\"og:site_name\" content=\"Claude Diolosa\" \/>\n<meta property=\"article:publisher\" content=\"https:\/\/facebook.com\/claudediolosa\" \/>\n<meta property=\"article:modified_time\" content=\"2025-05-06T14:18:39+00:00\" \/>\n<meta property=\"og:image\" content=\"https:\/\/shop.diolosa.com\/wp-content\/uploads\/2019\/09\/Presslinge-140.jpg\" \/>\n\t<meta property=\"og:image:width\" content=\"800\" \/>\n\t<meta property=\"og:image:height\" content=\"533\" \/>\n\t<meta property=\"og:image:type\" content=\"image\/jpeg\" \/>\n<meta name=\"twitter:card\" content=\"summary_large_image\" \/>\n<script type=\"application\/ld+json\" class=\"yoast-schema-graph\">{\"@context\":\"https:\/\/schema.org\",\"@graph\":[{\"@type\":\"WebPage\",\"@id\":\"https:\/\/shop.diolosa.com\/pl\/product\/fioletowy-ekran-ochronny-wbl\/\",\"url\":\"https:\/\/shop.diolosa.com\/pl\/product\/fioletowy-ekran-ochronny-wbl\/\",\"name\":\"Fioletowy ekran ochronny WBL - Claude Diolosa\",\"isPartOf\":{\"@id\":\"https:\/\/shop.diolosa.com\/pl\/#website\"},\"primaryImageOfPage\":{\"@id\":\"https:\/\/shop.diolosa.com\/pl\/product\/fioletowy-ekran-ochronny-wbl\/#primaryimage\"},\"image\":{\"@id\":\"https:\/\/shop.diolosa.com\/pl\/product\/fioletowy-ekran-ochronny-wbl\/#primaryimage\"},\"thumbnailUrl\":\"https:\/\/shop.diolosa.com\/wp-content\/uploads\/2019\/09\/Presslinge-140.jpg\",\"datePublished\":\"2025-03-10T05:58:11+00:00\",\"dateModified\":\"2025-05-06T14:18:39+00:00\",\"breadcrumb\":{\"@id\":\"https:\/\/shop.diolosa.com\/pl\/product\/fioletowy-ekran-ochronny-wbl\/#breadcrumb\"},\"inLanguage\":\"pl-PL\",\"potentialAction\":[{\"@type\":\"ReadAction\",\"target\":[\"https:\/\/shop.diolosa.com\/pl\/product\/fioletowy-ekran-ochronny-wbl\/\"]}]},{\"@type\":\"ImageObject\",\"inLanguage\":\"pl-PL\",\"@id\":\"https:\/\/shop.diolosa.com\/pl\/product\/fioletowy-ekran-ochronny-wbl\/#primaryimage\",\"url\":\"https:\/\/shop.diolosa.com\/wp-content\/uploads\/2019\/09\/Presslinge-140.jpg\",\"contentUrl\":\"https:\/\/shop.diolosa.com\/wp-content\/uploads\/2019\/09\/Presslinge-140.jpg\",\"width\":800,\"height\":533},{\"@type\":\"BreadcrumbList\",\"@id\":\"https:\/\/shop.diolosa.com\/pl\/product\/fioletowy-ekran-ochronny-wbl\/#breadcrumb\",\"itemListElement\":[{\"@type\":\"ListItem\",\"position\":1,\"name\":\"Startseite\",\"item\":\"https:\/\/shop.diolosa.com\/pl\/?page_id=3835710\"},{\"@type\":\"ListItem\",\"position\":2,\"name\":\"Sklep\",\"item\":\"https:\/\/shop.diolosa.com\/pl\/?page_id=3835710\"},{\"@type\":\"ListItem\",\"position\":3,\"name\":\"Fioletowy ekran ochronny WBL\"}]},{\"@type\":\"WebSite\",\"@id\":\"https:\/\/shop.diolosa.com\/pl\/#website\",\"url\":\"https:\/\/shop.diolosa.com\/pl\/\",\"name\":\"Claude Diolosa\",\"description\":\"\",\"publisher\":{\"@id\":\"https:\/\/shop.diolosa.com\/pl\/#organization\"},\"potentialAction\":[{\"@type\":\"SearchAction\",\"target\":{\"@type\":\"EntryPoint\",\"urlTemplate\":\"https:\/\/shop.diolosa.com\/pl\/?s={search_term_string}\"},\"query-input\":{\"@type\":\"PropertyValueSpecification\",\"valueRequired\":true,\"valueName\":\"search_term_string\"}}],\"inLanguage\":\"pl-PL\"},{\"@type\":\"Organization\",\"@id\":\"https:\/\/shop.diolosa.com\/pl\/#organization\",\"name\":\"Claude Diolosa\",\"url\":\"https:\/\/shop.diolosa.com\/pl\/\",\"logo\":{\"@type\":\"ImageObject\",\"inLanguage\":\"pl-PL\",\"@id\":\"https:\/\/shop.diolosa.com\/pl\/#\/schema\/logo\/image\/\",\"url\":\"https:\/\/shop.diolosa.com\/wp-content\/uploads\/2019\/08\/diolosa-drop-logo-new.png\",\"contentUrl\":\"https:\/\/shop.diolosa.com\/wp-content\/uploads\/2019\/08\/diolosa-drop-logo-new.png\",\"width\":134,\"height\":176,\"caption\":\"Claude Diolosa\"},\"image\":{\"@id\":\"https:\/\/shop.diolosa.com\/pl\/#\/schema\/logo\/image\/\"},\"sameAs\":[\"https:\/\/facebook.com\/claudediolosa\",\"https:\/\/www.instagram.com\/diolosaclaude108\/\"]}]}<\/script>\n<!-- \/ Yoast SEO plugin. -->","yoast_head_json":{"title":"Fioletowy ekran ochronny WBL - Claude Diolosa","robots":{"index":"index","follow":"follow","max-snippet":"max-snippet:-1","max-image-preview":"max-image-preview:large","max-video-preview":"max-video-preview:-1"},"canonical":"https:\/\/shop.diolosa.com\/pl\/product\/fioletowy-ekran-ochronny-wbl\/","og_locale":"pl_PL","og_type":"article","og_title":"Fioletowy ekran ochronny WBL - Claude Diolosa","og_description":"WBL PURPLE PROTECTION SCREEN jest stosowany w przypadku p\u00f3\u017anych skutk\u00f3w [...]","og_url":"https:\/\/shop.diolosa.com\/pl\/product\/fioletowy-ekran-ochronny-wbl\/","og_site_name":"Claude Diolosa","article_publisher":"https:\/\/facebook.com\/claudediolosa","article_modified_time":"2025-05-06T14:18:39+00:00","og_image":[{"width":800,"height":533,"url":"https:\/\/shop.diolosa.com\/wp-content\/uploads\/2019\/09\/Presslinge-140.jpg","type":"image\/jpeg"}],"twitter_card":"summary_large_image","schema":{"@context":"https:\/\/schema.org","@graph":[{"@type":"WebPage","@id":"https:\/\/shop.diolosa.com\/pl\/product\/fioletowy-ekran-ochronny-wbl\/","url":"https:\/\/shop.diolosa.com\/pl\/product\/fioletowy-ekran-ochronny-wbl\/","name":"Fioletowy ekran ochronny WBL - Claude Diolosa","isPartOf":{"@id":"https:\/\/shop.diolosa.com\/pl\/#website"},"primaryImageOfPage":{"@id":"https:\/\/shop.diolosa.com\/pl\/product\/fioletowy-ekran-ochronny-wbl\/#primaryimage"},"image":{"@id":"https:\/\/shop.diolosa.com\/pl\/product\/fioletowy-ekran-ochronny-wbl\/#primaryimage"},"thumbnailUrl":"https:\/\/shop.diolosa.com\/wp-content\/uploads\/2019\/09\/Presslinge-140.jpg","datePublished":"2025-03-10T05:58:11+00:00","dateModified":"2025-05-06T14:18:39+00:00","breadcrumb":{"@id":"https:\/\/shop.diolosa.com\/pl\/product\/fioletowy-ekran-ochronny-wbl\/#breadcrumb"},"inLanguage":"pl-PL","potentialAction":[{"@type":"ReadAction","target":["https:\/\/shop.diolosa.com\/pl\/product\/fioletowy-ekran-ochronny-wbl\/"]}]},{"@type":"ImageObject","inLanguage":"pl-PL","@id":"https:\/\/shop.diolosa.com\/pl\/product\/fioletowy-ekran-ochronny-wbl\/#primaryimage","url":"https:\/\/shop.diolosa.com\/wp-content\/uploads\/2019\/09\/Presslinge-140.jpg","contentUrl":"https:\/\/shop.diolosa.com\/wp-content\/uploads\/2019\/09\/Presslinge-140.jpg","width":800,"height":533},{"@type":"BreadcrumbList","@id":"https:\/\/shop.diolosa.com\/pl\/product\/fioletowy-ekran-ochronny-wbl\/#breadcrumb","itemListElement":[{"@type":"ListItem","position":1,"name":"Startseite","item":"https:\/\/shop.diolosa.com\/pl\/?page_id=3835710"},{"@type":"ListItem","position":2,"name":"Sklep","item":"https:\/\/shop.diolosa.com\/pl\/?page_id=3835710"},{"@type":"ListItem","position":3,"name":"Fioletowy ekran ochronny WBL"}]},{"@type":"WebSite","@id":"https:\/\/shop.diolosa.com\/pl\/#website","url":"https:\/\/shop.diolosa.com\/pl\/","name":"Claude Diolosa","description":"","publisher":{"@id":"https:\/\/shop.diolosa.com\/pl\/#organization"},"potentialAction":[{"@type":"SearchAction","target":{"@type":"EntryPoint","urlTemplate":"https:\/\/shop.diolosa.com\/pl\/?s={search_term_string}"},"query-input":{"@type":"PropertyValueSpecification","valueRequired":true,"valueName":"search_term_string"}}],"inLanguage":"pl-PL"},{"@type":"Organization","@id":"https:\/\/shop.diolosa.com\/pl\/#organization","name":"Claude Diolosa","url":"https:\/\/shop.diolosa.com\/pl\/","logo":{"@type":"ImageObject","inLanguage":"pl-PL","@id":"https:\/\/shop.diolosa.com\/pl\/#\/schema\/logo\/image\/","url":"https:\/\/shop.diolosa.com\/wp-content\/uploads\/2019\/08\/diolosa-drop-logo-new.png","contentUrl":"https:\/\/shop.diolosa.com\/wp-content\/uploads\/2019\/08\/diolosa-drop-logo-new.png","width":134,"height":176,"caption":"Claude Diolosa"},"image":{"@id":"https:\/\/shop.diolosa.com\/pl\/#\/schema\/logo\/image\/"},"sameAs":["https:\/\/facebook.com\/claudediolosa","https:\/\/www.instagram.com\/diolosaclaude108\/"]}]}},"_links":{"self":[{"href":"https:\/\/shop.diolosa.com\/pl\/wp-json\/wp\/v2\/product\/3841275","targetHints":{"allow":["GET"]}}],"collection":[{"href":"https:\/\/shop.diolosa.com\/pl\/wp-json\/wp\/v2\/product"}],"about":[{"href":"https:\/\/shop.diolosa.com\/pl\/wp-json\/wp\/v2\/types\/product"}],"wp:featuredmedia":[{"embeddable":true,"href":"https:\/\/shop.diolosa.com\/pl\/wp-json\/wp\/v2\/media\/3835943"}],"wp:attachment":[{"href":"https:\/\/shop.diolosa.com\/pl\/wp-json\/wp\/v2\/media?parent=3841275"}],"wp:term":[{"taxonomy":"product_brand","embeddable":true,"href":"https:\/\/shop.diolosa.com\/pl\/wp-json\/wp\/v2\/product_brand?post=3841275"},{"taxonomy":"product_cat","embeddable":true,"href":"https:\/\/shop.diolosa.com\/pl\/wp-json\/wp\/v2\/product_cat?post=3841275"},{"taxonomy":"product_tag","embeddable":true,"href":"https:\/\/shop.diolosa.com\/pl\/wp-json\/wp\/v2\/product_tag?post=3841275"}],"curies":[{"name":"wp","href":"https:\/\/api.w.org\/{rel}","templated":true}]}}